{"id":25883,"date":"2022-04-12T11:04:28","date_gmt":"2022-04-12T11:04:28","guid":{"rendered":"http:\/\/alfadescompte.com\/?page_id=25883"},"modified":"2022-06-24T15:05:12","modified_gmt":"2022-06-24T15:05:12","slug":"mentions-legales","status":"publish","type":"page","link":"https:\/\/alfadescompte.ad\/en\/mentions-legales\/","title":{"rendered":"Legal information"},"content":{"rendered":"<p><\/p>\n\n\n\n<p style=\"text-align : justify\">ALFA DESCOMPTE offers a wide range of&nbsp;<strong>more than 25,000 products in stock from leading brands. <\/strong>carefully selected from the world of home equipment. Its very diversified and constantly enriched offer includes models and accessories from the major brands of TV, Hifi, Photo, Multimedia, Computers, etc., from the latest innovation to the must-have model... And this,&nbsp;<strong>at the best price!<\/strong><\/p>\n\n\n\n<h5 class=\"wp-block-heading\"><strong>1 - Company information :<\/strong><\/h5>\n\n\n\n<p style=\"text-align : justify\"><strong>This website is the property of ALFA DESCOMPTE, SL with a capital of 3,000 \u20ac, whose registered office is at Av: Av. Dr. Mitjavila, 18 AD500 Andorra la vella, registered in the Trade and Companies Register of Andorra.<\/strong><\/p>\n\n\n\n<h5 class=\"wp-block-heading\"><strong>2 - Site edited by :<\/strong><\/h5>\n\n\n\n<p><strong>ALFA DESCOMPTE, SL<\/strong><br><\/p>\n\n\n\n<p><strong>Av. Dr. Mitjavila, 18<\/strong><br><strong>AD500 Andorra la vella<\/strong><\/p>\n\n\n\n<p><strong>Telephone number: +376 759 436<\/strong><br><strong>Monday - Friday: 9am to 2pm and 4pm to 7pm<\/strong><\/p>\n\n\n\n<p><strong>E-mail: alfadescompte1@orange.fr<\/strong><\/p>\n\n\n\n<p><strong>Director of publication: Fabrice de la BARRIERE, Managing Director ALFA DESCOMPTE<\/strong><\/p>\n\n\n\n<h5 class=\"wp-block-heading\"><strong>3 - Site hosted by :<\/strong><\/h5>\n\n\n\n<p><strong>Host: IONOS SARL<\/strong><\/p>\n\n\n\n<p><strong>1&amp;1 IONOS LTD.<\/strong><br>SARL with a capital of EUR 100,000<br>RCS Sarreguemines B 431 303 775<br>SIRET 431 303 775 000 16<br>APE Code: 6201Z<br>Intra-community identification FR 13 431303775&nbsp;<\/p>\n\n\n\n<h5 class=\"wp-block-heading\"><strong>4 - Other :<\/strong><\/h5>\n\n\n\n<p style=\"text-align : justify\">The contents of the catalogue in <a href=\"https:\/\/alfadescompte.ad\/en\/\">www.alfadescompte.ad<\/a> has been carefully developed according to the documentation available during its drafting.<br>Subject to typographical errors, errors in specifications and technical changes without notice.<br>However, we accept no responsibility for any errors.<br>Prices are quoted in euros including IGI.<br>In the event of the display of an erroneous or obviously derisory price (low price), for whatever reason (computer bug, manual error, technical error, fraudulent use of the voucher system), the Customer's order, even if it has already been validated by ALFA DESCOMPTE, will be cancelled, of which ALFA DESCOMPTE will inform the Customer as soon as possible. The Customer, if he so wishes, will then have the possibility of placing his order again at the corrected and exact price.<br>We accept no responsibility for the content of external links.<br>Only their respective operators are responsible for the content of the linked pages.<\/p>\n\n\n\n<p>Copyright ALFA DESCOMPTE<\/p>\n\n\n\n<p>The contents of www.alfadescompte.ad are protected by copyright law.<\/p>\n\n\n\n<p>Any other publication must be authorised in writing by ALFA DESCOMPTE.<\/p>","protected":false},"excerpt":{"rendered":"<p>ALFA DESCOMPTE propose un vaste choix de&nbsp;plus de 25 000 produits en stock des plus grandes marques. soigneusement s\u00e9lectionn\u00e9es dans l&rsquo;univers de l&rsquo;\u00e9quipement de la maison. Son offre tr\u00e8s diversifi\u00e9e, et sans cesse enrichie, propose les mod\u00e8les et accessoires des grandes marques de Tv, Hifi, Photo, Multim\u00e9dia, informatique, etc, de la derni\u00e8re innovation au mod\u00e8le [&hellip;]<\/p>\n","protected":false},"author":1,"featured_media":0,"parent":0,"menu_order":0,"comment_status":"closed","ping_status":"closed","template":"","meta":{"footnotes":""},"class_list":["post-25883","page","type-page","status-publish","czr-hentry"],"yoast_head":"<!-- This site is optimized with the Yoast SEO plugin v27.3 - https:\/\/yoast.com\/product\/yoast-seo-wordpress\/ -->\n<title>Mentions l\u00e9gales - Alfa Descompte<\/title>\n<meta name=\"robots\" content=\"index, follow, max-snippet:-1, max-image-preview:large, max-video-preview:-1\" \/>\n<link rel=\"canonical\" href=\"https:\/\/alfadescompte.ad\/en\/mentions-legales\/\" \/>\n<meta property=\"og:locale\" content=\"en_GB\" \/>\n<meta property=\"og:type\" content=\"article\" \/>\n<meta property=\"og:title\" content=\"Mentions l\u00e9gales - Alfa Descompte\" \/>\n<meta property=\"og:description\" content=\"ALFA DESCOMPTE propose un vaste choix de&nbsp;plus de 25 000 produits en stock des plus grandes marques. soigneusement s\u00e9lectionn\u00e9es dans l&rsquo;univers de l&rsquo;\u00e9quipement de la maison. Son offre tr\u00e8s diversifi\u00e9e, et sans cesse enrichie, propose les mod\u00e8les et accessoires des grandes marques de Tv, Hifi, Photo, Multim\u00e9dia, informatique, etc, de la derni\u00e8re innovation au mod\u00e8le [&hellip;]\" \/>\n<meta property=\"og:url\" content=\"https:\/\/alfadescompte.ad\/en\/mentions-legales\/\" \/>\n<meta property=\"og:site_name\" content=\"Alfa Descompte\" \/>\n<meta property=\"article:modified_time\" content=\"2022-06-24T15:05:12+00:00\" \/>\n<meta name=\"twitter:card\" content=\"summary_large_image\" \/>\n<meta name=\"twitter:label1\" content=\"Estimated reading time\" \/>\n\t<meta name=\"twitter:data1\" content=\"2 minutes\" \/>\n<script type=\"application\/ld+json\" class=\"yoast-schema-graph\">{\"@context\":\"https:\\\/\\\/schema.org\",\"@graph\":[{\"@type\":\"WebPage\",\"@id\":\"https:\\\/\\\/alfadescompte.ad\\\/fr\\\/mentions-legales\\\/\",\"url\":\"https:\\\/\\\/alfadescompte.ad\\\/fr\\\/mentions-legales\\\/\",\"name\":\"Mentions l\u00e9gales - Alfa Descompte\",\"isPartOf\":{\"@id\":\"https:\\\/\\\/alfadescompte.ad\\\/#website\"},\"datePublished\":\"2022-04-12T11:04:28+00:00\",\"dateModified\":\"2022-06-24T15:05:12+00:00\",\"breadcrumb\":{\"@id\":\"https:\\\/\\\/alfadescompte.ad\\\/fr\\\/mentions-legales\\\/#breadcrumb\"},\"inLanguage\":\"en-GB\",\"potentialAction\":[{\"@type\":\"ReadAction\",\"target\":[\"https:\\\/\\\/alfadescompte.ad\\\/fr\\\/mentions-legales\\\/\"]}]},{\"@type\":\"BreadcrumbList\",\"@id\":\"https:\\\/\\\/alfadescompte.ad\\\/fr\\\/mentions-legales\\\/#breadcrumb\",\"itemListElement\":[{\"@type\":\"ListItem\",\"position\":1,\"name\":\"Accueil\",\"item\":\"https:\\\/\\\/alfadescompte.ad\\\/fr\\\/\"},{\"@type\":\"ListItem\",\"position\":2,\"name\":\"Mentions l\u00e9gales\"}]},{\"@type\":\"WebSite\",\"@id\":\"https:\\\/\\\/alfadescompte.ad\\\/#website\",\"url\":\"https:\\\/\\\/alfadescompte.ad\\\/\",\"name\":\"Alfa Descompte\",\"description\":\"\",\"publisher\":{\"@id\":\"https:\\\/\\\/alfadescompte.ad\\\/#organization\"},\"potentialAction\":[{\"@type\":\"SearchAction\",\"target\":{\"@type\":\"EntryPoint\",\"urlTemplate\":\"https:\\\/\\\/alfadescompte.ad\\\/?s={search_term_string}\"},\"query-input\":{\"@type\":\"PropertyValueSpecification\",\"valueRequired\":true,\"valueName\":\"search_term_string\"}}],\"inLanguage\":\"en-GB\"},{\"@type\":\"Organization\",\"@id\":\"https:\\\/\\\/alfadescompte.ad\\\/#organization\",\"name\":\"Alfa Descompte\",\"url\":\"https:\\\/\\\/alfadescompte.ad\\\/\",\"logo\":{\"@type\":\"ImageObject\",\"inLanguage\":\"en-GB\",\"@id\":\"https:\\\/\\\/alfadescompte.ad\\\/#\\\/schema\\\/logo\\\/image\\\/\",\"url\":\"https:\\\/\\\/alfadescompte.ad\\\/wp-content\\\/uploads\\\/2022\\\/04\\\/cropped-logo-alfa-1-1.png\",\"contentUrl\":\"https:\\\/\\\/alfadescompte.ad\\\/wp-content\\\/uploads\\\/2022\\\/04\\\/cropped-logo-alfa-1-1.png\",\"width\":424,\"height\":128,\"caption\":\"Alfa Descompte\"},\"image\":{\"@id\":\"https:\\\/\\\/alfadescompte.ad\\\/#\\\/schema\\\/logo\\\/image\\\/\"}}]}<\/script>\n<!-- \/ Yoast SEO plugin. -->","yoast_head_json":{"title":"Legal information - Alfa Descompte","robots":{"index":"index","follow":"follow","max-snippet":"max-snippet:-1","max-image-preview":"max-image-preview:large","max-video-preview":"max-video-preview:-1"},"canonical":"https:\/\/alfadescompte.ad\/en\/mentions-legales\/","og_locale":"en_GB","og_type":"article","og_title":"Mentions l\u00e9gales - Alfa Descompte","og_description":"ALFA DESCOMPTE propose un vaste choix de&nbsp;plus de 25 000 produits en stock des plus grandes marques. soigneusement s\u00e9lectionn\u00e9es dans l&rsquo;univers de l&rsquo;\u00e9quipement de la maison. Son offre tr\u00e8s diversifi\u00e9e, et sans cesse enrichie, propose les mod\u00e8les et accessoires des grandes marques de Tv, Hifi, Photo, Multim\u00e9dia, informatique, etc, de la derni\u00e8re innovation au mod\u00e8le [&hellip;]","og_url":"https:\/\/alfadescompte.ad\/en\/mentions-legales\/","og_site_name":"Alfa Descompte","article_modified_time":"2022-06-24T15:05:12+00:00","twitter_card":"summary_large_image","twitter_misc":{"Estimated reading time":"2 minutes"},"schema":{"@context":"https:\/\/schema.org","@graph":[{"@type":"WebPage","@id":"https:\/\/alfadescompte.ad\/fr\/mentions-legales\/","url":"https:\/\/alfadescompte.ad\/fr\/mentions-legales\/","name":"Legal information - Alfa Descompte","isPartOf":{"@id":"https:\/\/alfadescompte.ad\/#website"},"datePublished":"2022-04-12T11:04:28+00:00","dateModified":"2022-06-24T15:05:12+00:00","breadcrumb":{"@id":"https:\/\/alfadescompte.ad\/fr\/mentions-legales\/#breadcrumb"},"inLanguage":"en-GB","potentialAction":[{"@type":"ReadAction","target":["https:\/\/alfadescompte.ad\/fr\/mentions-legales\/"]}]},{"@type":"BreadcrumbList","@id":"https:\/\/alfadescompte.ad\/fr\/mentions-legales\/#breadcrumb","itemListElement":[{"@type":"ListItem","position":1,"name":"Accueil","item":"https:\/\/alfadescompte.ad\/fr\/"},{"@type":"ListItem","position":2,"name":"Mentions l\u00e9gales"}]},{"@type":"WebSite","@id":"https:\/\/alfadescompte.ad\/#website","url":"https:\/\/alfadescompte.ad\/","name":"Alfa Descompte","description":"","publisher":{"@id":"https:\/\/alfadescompte.ad\/#organization"},"potentialAction":[{"@type":"SearchAction","target":{"@type":"EntryPoint","urlTemplate":"https:\/\/alfadescompte.ad\/?s={search_term_string}"},"query-input":{"@type":"PropertyValueSpecification","valueRequired":true,"valueName":"search_term_string"}}],"inLanguage":"en-GB"},{"@type":"Organization","@id":"https:\/\/alfadescompte.ad\/#organization","name":"Alfa Descompte","url":"https:\/\/alfadescompte.ad\/","logo":{"@type":"ImageObject","inLanguage":"en-GB","@id":"https:\/\/alfadescompte.ad\/#\/schema\/logo\/image\/","url":"https:\/\/alfadescompte.ad\/wp-content\/uploads\/2022\/04\/cropped-logo-alfa-1-1.png","contentUrl":"https:\/\/alfadescompte.ad\/wp-content\/uploads\/2022\/04\/cropped-logo-alfa-1-1.png","width":424,"height":128,"caption":"Alfa Descompte"},"image":{"@id":"https:\/\/alfadescompte.ad\/#\/schema\/logo\/image\/"}}]}},"_links":{"self":[{"href":"https:\/\/alfadescompte.ad\/en\/wp-json\/wp\/v2\/pages\/25883","targetHints":{"allow":["GET"]}}],"collection":[{"href":"https:\/\/alfadescompte.ad\/en\/wp-json\/wp\/v2\/pages"}],"about":[{"href":"https:\/\/alfadescompte.ad\/en\/wp-json\/wp\/v2\/types\/page"}],"author":[{"embeddable":true,"href":"https:\/\/alfadescompte.ad\/en\/wp-json\/wp\/v2\/users\/1"}],"replies":[{"embeddable":true,"href":"https:\/\/alfadescompte.ad\/en\/wp-json\/wp\/v2\/comments?post=25883"}],"version-history":[{"count":9,"href":"https:\/\/alfadescompte.ad\/en\/wp-json\/wp\/v2\/pages\/25883\/revisions"}],"predecessor-version":[{"id":37708,"href":"https:\/\/alfadescompte.ad\/en\/wp-json\/wp\/v2\/pages\/25883\/revisions\/37708"}],"wp:attachment":[{"href":"https:\/\/alfadescompte.ad\/en\/wp-json\/wp\/v2\/media?parent=25883"}],"curies":[{"name":"wp","href":"https:\/\/api.w.org\/{rel}","templated":true}]}}