{"id":25889,"date":"2022-04-12T11:05:22","date_gmt":"2022-04-12T11:05:22","guid":{"rendered":"http:\/\/alfadescompte.com\/?page_id=25889"},"modified":"2022-06-24T15:51:02","modified_gmt":"2022-06-24T15:51:02","slug":"retour","status":"publish","type":"page","link":"https:\/\/alfadescompte.ad\/en\/retour\/","title":{"rendered":"Back"},"content":{"rendered":"<p><strong>Did you receive the wrong product?<\/strong><br>Our apologies. Please let us know so that we can rectify this immediately.<br><\/p>\n\n\n\n<p style=\"text-align : justify\"><strong>Do you want to return your order?<\/strong><br>We are sorry to hear that you are not satisfied with your order. You have 14 days to return your product. The total amount of your order will then be refunded to you by the method of payment used at the time of the order. The item must be returned in its original condition.<br>For better handling, please indicate the word \"C\" in the box.\u00a0<strong>return to sender<\/strong>\u00a0\"on the envelope and don't forget to add your&nbsp;<strong>order number<\/strong>. You can send the declaration to the address below:<\/p>\n\n\n\n<h5 class=\"wp-block-heading\"><strong>ALFA DESCOMPTE<br><\/strong>Dr. Mitjavila Avenue<br>AD500 Andorra La Vella<\/h5>\n\n\n\n<p style=\"text-align : justify\"><strong>What happens once you have submitted your declaration?<\/strong><br>Once we have received the product and processed your return, we will refund the amount due within five working days of receipt.<\/p>\n\n\n\n<p style=\"text-align : justify\"><strong>Exceptions<\/strong><br>The right of withdrawal shall not apply to contracts referring to :<br>- The supply of digital content which is not provided on a tangible medium where performance has begun with the prior express agreement of the consumer and the user in the knowledge that they consequently lose their right of withdrawal. <br>- The supply of sealed goods that cannot be returned for health or hygiene reasons and have been unsealed after delivery (such as hair removal products, hair straighteners, hair clippers, barbering products, dental care products, massagers, food processors, headsets or VR glasses).<br>- The supply of sealed sound or video recordings or sealed computer programs which have been unsealed by the consumer and the user after delivery.<br>- The supply of digital content which is not provided on a tangible medium where performance has begun with the prior express agreement of the consumer and the user in the knowledge that they consequently lose their right of withdrawal.<br><\/p>","protected":false},"excerpt":{"rendered":"<p>Vous avez re\u00e7u le mauvais produit ?Toutes nos excuses. Vous pouvez nous le signaler afin que nous puissions imm\u00e9diatement y rem\u00e9dier. Vous voulez retourner votre commande ?Nous sommes d\u00e9sol\u00e9s d&rsquo;apprendre que vous n&rsquo;\u00eates pas satisfait de votre commande. Vous disposez de 14 jours pour retourner votre produit. Le montant total de votre commande vous sera [&hellip;]<\/p>\n","protected":false},"author":1,"featured_media":0,"parent":0,"menu_order":0,"comment_status":"closed","ping_status":"closed","template":"","meta":{"footnotes":""},"class_list":["post-25889","page","type-page","status-publish","czr-hentry"],"yoast_head":"<!-- This site is optimized with the Yoast SEO plugin v27.3 - https:\/\/yoast.com\/product\/yoast-seo-wordpress\/ -->\n<title>Retour - Alfa Descompte<\/title>\n<meta name=\"robots\" content=\"index, follow, max-snippet:-1, max-image-preview:large, max-video-preview:-1\" \/>\n<link rel=\"canonical\" href=\"https:\/\/alfadescompte.ad\/en\/retour\/\" \/>\n<meta property=\"og:locale\" content=\"en_GB\" \/>\n<meta property=\"og:type\" content=\"article\" \/>\n<meta property=\"og:title\" content=\"Retour - Alfa Descompte\" \/>\n<meta property=\"og:description\" content=\"Vous avez re\u00e7u le mauvais produit ?Toutes nos excuses. Vous pouvez nous le signaler afin que nous puissions imm\u00e9diatement y rem\u00e9dier. Vous voulez retourner votre commande ?Nous sommes d\u00e9sol\u00e9s d&rsquo;apprendre que vous n&rsquo;\u00eates pas satisfait de votre commande. Vous disposez de 14 jours pour retourner votre produit. Le montant total de votre commande vous sera [&hellip;]\" \/>\n<meta property=\"og:url\" content=\"https:\/\/alfadescompte.ad\/en\/retour\/\" \/>\n<meta property=\"og:site_name\" content=\"Alfa Descompte\" \/>\n<meta property=\"article:modified_time\" content=\"2022-06-24T15:51:02+00:00\" \/>\n<meta name=\"twitter:card\" content=\"summary_large_image\" \/>\n<meta name=\"twitter:label1\" content=\"Estimated reading time\" \/>\n\t<meta name=\"twitter:data1\" content=\"2 minutes\" \/>\n<script type=\"application\/ld+json\" class=\"yoast-schema-graph\">{\"@context\":\"https:\\\/\\\/schema.org\",\"@graph\":[{\"@type\":\"WebPage\",\"@id\":\"https:\\\/\\\/alfadescompte.ad\\\/retour\\\/\",\"url\":\"https:\\\/\\\/alfadescompte.ad\\\/retour\\\/\",\"name\":\"Retour - Alfa Descompte\",\"isPartOf\":{\"@id\":\"https:\\\/\\\/alfadescompte.ad\\\/#website\"},\"datePublished\":\"2022-04-12T11:05:22+00:00\",\"dateModified\":\"2022-06-24T15:51:02+00:00\",\"breadcrumb\":{\"@id\":\"https:\\\/\\\/alfadescompte.ad\\\/retour\\\/#breadcrumb\"},\"inLanguage\":\"en-GB\",\"potentialAction\":[{\"@type\":\"ReadAction\",\"target\":[\"https:\\\/\\\/alfadescompte.ad\\\/retour\\\/\"]}]},{\"@type\":\"BreadcrumbList\",\"@id\":\"https:\\\/\\\/alfadescompte.ad\\\/retour\\\/#breadcrumb\",\"itemListElement\":[{\"@type\":\"ListItem\",\"position\":1,\"name\":\"Accueil\",\"item\":\"https:\\\/\\\/alfadescompte.ad\\\/fr\\\/\"},{\"@type\":\"ListItem\",\"position\":2,\"name\":\"Retour\"}]},{\"@type\":\"WebSite\",\"@id\":\"https:\\\/\\\/alfadescompte.ad\\\/#website\",\"url\":\"https:\\\/\\\/alfadescompte.ad\\\/\",\"name\":\"Alfa Descompte\",\"description\":\"\",\"publisher\":{\"@id\":\"https:\\\/\\\/alfadescompte.ad\\\/#organization\"},\"potentialAction\":[{\"@type\":\"SearchAction\",\"target\":{\"@type\":\"EntryPoint\",\"urlTemplate\":\"https:\\\/\\\/alfadescompte.ad\\\/?s={search_term_string}\"},\"query-input\":{\"@type\":\"PropertyValueSpecification\",\"valueRequired\":true,\"valueName\":\"search_term_string\"}}],\"inLanguage\":\"en-GB\"},{\"@type\":\"Organization\",\"@id\":\"https:\\\/\\\/alfadescompte.ad\\\/#organization\",\"name\":\"Alfa Descompte\",\"url\":\"https:\\\/\\\/alfadescompte.ad\\\/\",\"logo\":{\"@type\":\"ImageObject\",\"inLanguage\":\"en-GB\",\"@id\":\"https:\\\/\\\/alfadescompte.ad\\\/#\\\/schema\\\/logo\\\/image\\\/\",\"url\":\"https:\\\/\\\/alfadescompte.ad\\\/wp-content\\\/uploads\\\/2022\\\/04\\\/cropped-logo-alfa-1-1.png\",\"contentUrl\":\"https:\\\/\\\/alfadescompte.ad\\\/wp-content\\\/uploads\\\/2022\\\/04\\\/cropped-logo-alfa-1-1.png\",\"width\":424,\"height\":128,\"caption\":\"Alfa Descompte\"},\"image\":{\"@id\":\"https:\\\/\\\/alfadescompte.ad\\\/#\\\/schema\\\/logo\\\/image\\\/\"}}]}<\/script>\n<!-- \/ Yoast SEO plugin. -->","yoast_head_json":{"title":"Back - Alfa Descompte","robots":{"index":"index","follow":"follow","max-snippet":"max-snippet:-1","max-image-preview":"max-image-preview:large","max-video-preview":"max-video-preview:-1"},"canonical":"https:\/\/alfadescompte.ad\/en\/retour\/","og_locale":"en_GB","og_type":"article","og_title":"Retour - Alfa Descompte","og_description":"Vous avez re\u00e7u le mauvais produit ?Toutes nos excuses. Vous pouvez nous le signaler afin que nous puissions imm\u00e9diatement y rem\u00e9dier. Vous voulez retourner votre commande ?Nous sommes d\u00e9sol\u00e9s d&rsquo;apprendre que vous n&rsquo;\u00eates pas satisfait de votre commande. Vous disposez de 14 jours pour retourner votre produit. Le montant total de votre commande vous sera [&hellip;]","og_url":"https:\/\/alfadescompte.ad\/en\/retour\/","og_site_name":"Alfa Descompte","article_modified_time":"2022-06-24T15:51:02+00:00","twitter_card":"summary_large_image","twitter_misc":{"Estimated reading time":"2 minutes"},"schema":{"@context":"https:\/\/schema.org","@graph":[{"@type":"WebPage","@id":"https:\/\/alfadescompte.ad\/retour\/","url":"https:\/\/alfadescompte.ad\/retour\/","name":"Back - Alfa Descompte","isPartOf":{"@id":"https:\/\/alfadescompte.ad\/#website"},"datePublished":"2022-04-12T11:05:22+00:00","dateModified":"2022-06-24T15:51:02+00:00","breadcrumb":{"@id":"https:\/\/alfadescompte.ad\/retour\/#breadcrumb"},"inLanguage":"en-GB","potentialAction":[{"@type":"ReadAction","target":["https:\/\/alfadescompte.ad\/retour\/"]}]},{"@type":"BreadcrumbList","@id":"https:\/\/alfadescompte.ad\/retour\/#breadcrumb","itemListElement":[{"@type":"ListItem","position":1,"name":"Accueil","item":"https:\/\/alfadescompte.ad\/fr\/"},{"@type":"ListItem","position":2,"name":"Retour"}]},{"@type":"WebSite","@id":"https:\/\/alfadescompte.ad\/#website","url":"https:\/\/alfadescompte.ad\/","name":"Alfa Descompte","description":"","publisher":{"@id":"https:\/\/alfadescompte.ad\/#organization"},"potentialAction":[{"@type":"SearchAction","target":{"@type":"EntryPoint","urlTemplate":"https:\/\/alfadescompte.ad\/?s={search_term_string}"},"query-input":{"@type":"PropertyValueSpecification","valueRequired":true,"valueName":"search_term_string"}}],"inLanguage":"en-GB"},{"@type":"Organization","@id":"https:\/\/alfadescompte.ad\/#organization","name":"Alfa Descompte","url":"https:\/\/alfadescompte.ad\/","logo":{"@type":"ImageObject","inLanguage":"en-GB","@id":"https:\/\/alfadescompte.ad\/#\/schema\/logo\/image\/","url":"https:\/\/alfadescompte.ad\/wp-content\/uploads\/2022\/04\/cropped-logo-alfa-1-1.png","contentUrl":"https:\/\/alfadescompte.ad\/wp-content\/uploads\/2022\/04\/cropped-logo-alfa-1-1.png","width":424,"height":128,"caption":"Alfa Descompte"},"image":{"@id":"https:\/\/alfadescompte.ad\/#\/schema\/logo\/image\/"}}]}},"_links":{"self":[{"href":"https:\/\/alfadescompte.ad\/en\/wp-json\/wp\/v2\/pages\/25889","targetHints":{"allow":["GET"]}}],"collection":[{"href":"https:\/\/alfadescompte.ad\/en\/wp-json\/wp\/v2\/pages"}],"about":[{"href":"https:\/\/alfadescompte.ad\/en\/wp-json\/wp\/v2\/types\/page"}],"author":[{"embeddable":true,"href":"https:\/\/alfadescompte.ad\/en\/wp-json\/wp\/v2\/users\/1"}],"replies":[{"embeddable":true,"href":"https:\/\/alfadescompte.ad\/en\/wp-json\/wp\/v2\/comments?post=25889"}],"version-history":[{"count":15,"href":"https:\/\/alfadescompte.ad\/en\/wp-json\/wp\/v2\/pages\/25889\/revisions"}],"predecessor-version":[{"id":37736,"href":"https:\/\/alfadescompte.ad\/en\/wp-json\/wp\/v2\/pages\/25889\/revisions\/37736"}],"wp:attachment":[{"href":"https:\/\/alfadescompte.ad\/en\/wp-json\/wp\/v2\/media?parent=25889"}],"curies":[{"name":"wp","href":"https:\/\/api.w.org\/{rel}","templated":true}]}}