{"id":37605,"date":"2022-06-24T08:00:07","date_gmt":"2022-06-24T08:00:07","guid":{"rendered":"http:\/\/alfadescompte.com\/?page_id=37605"},"modified":"2022-06-24T13:46:48","modified_gmt":"2022-06-24T13:46:48","slug":"paiement-securise","status":"publish","type":"page","link":"https:\/\/alfadescompte.ad\/en\/paiement-securise\/","title":{"rendered":"Secure payment"},"content":{"rendered":"<p style=\"text-align : justify\">At alfadescompte.ad you can pay for your order online immediately. It is important that you can pay easily and securely.<\/p>\n\n\n\n<h5 class=\"wp-block-heading\"><strong>Credit card (Mastercard, VISA, American Express, V PAY, Maestro)<\/strong><\/h5>\n\n\n\n<p style=\"text-align : justify\">You can pay with MasterCard, VISA, American Express, V PAY or Maestro. The information is entered via a secure connection so that you do not run any risks. A credit card payment is processed almost immediately so that we can process and dispatch your order immediately! Credit card and bank card payments are processed by our partner MoraBanc. Enter your card number and other information on the MoraBanc website and the payment will be processed immediately. After successful completion of the order, you will return to our website. We never know the card information of our customers. This information is entered securely, used for payment, and is not stored. We do not charge extra for credit card payments.<\/p>","protected":false},"excerpt":{"rendered":"<p>Chez alfadescompte.ad, vous pouvez payer imm\u00e9diatement votre commande en ligne. Il est important que vous puissiez payer facilement et en toute s\u00e9curit\u00e9. Carte de cr\u00e9dit (Mastercard, VISA, American Express, V PAY, Maestro) Vous pouvez payer avec une carte de cr\u00e9dit ou carte bancaire MasterCard, VISA, American Express, V PAY ou Maestro. Les informations sont saisies [&hellip;]<\/p>\n","protected":false},"author":2,"featured_media":0,"parent":0,"menu_order":0,"comment_status":"closed","ping_status":"closed","template":"","meta":{"footnotes":""},"class_list":["post-37605","page","type-page","status-publish","czr-hentry"],"yoast_head":"<!-- This site is optimized with the Yoast SEO plugin v27.3 - https:\/\/yoast.com\/product\/yoast-seo-wordpress\/ -->\n<title>Paiement s\u00e9curis\u00e9 - Alfa Descompte<\/title>\n<meta name=\"robots\" content=\"index, follow, max-snippet:-1, max-image-preview:large, max-video-preview:-1\" \/>\n<link rel=\"canonical\" href=\"https:\/\/alfadescompte.ad\/en\/paiement-securise\/\" \/>\n<meta property=\"og:locale\" content=\"en_GB\" \/>\n<meta property=\"og:type\" content=\"article\" \/>\n<meta property=\"og:title\" content=\"Paiement s\u00e9curis\u00e9 - Alfa Descompte\" \/>\n<meta property=\"og:description\" content=\"Chez alfadescompte.ad, vous pouvez payer imm\u00e9diatement votre commande en ligne. Il est important que vous puissiez payer facilement et en toute s\u00e9curit\u00e9. Carte de cr\u00e9dit (Mastercard, VISA, American Express, V PAY, Maestro) Vous pouvez payer avec une carte de cr\u00e9dit ou carte bancaire MasterCard, VISA, American Express, V PAY ou Maestro. Les informations sont saisies [&hellip;]\" \/>\n<meta property=\"og:url\" content=\"https:\/\/alfadescompte.ad\/en\/paiement-securise\/\" \/>\n<meta property=\"og:site_name\" content=\"Alfa Descompte\" \/>\n<meta property=\"article:modified_time\" content=\"2022-06-24T13:46:48+00:00\" \/>\n<meta name=\"twitter:card\" content=\"summary_large_image\" \/>\n<meta name=\"twitter:label1\" content=\"Estimated reading time\" \/>\n\t<meta name=\"twitter:data1\" content=\"1 minute\" \/>\n<script type=\"application\/ld+json\" class=\"yoast-schema-graph\">{\"@context\":\"https:\\\/\\\/schema.org\",\"@graph\":[{\"@type\":\"WebPage\",\"@id\":\"https:\\\/\\\/alfadescompte.ad\\\/paiement-securise\\\/\",\"url\":\"https:\\\/\\\/alfadescompte.ad\\\/paiement-securise\\\/\",\"name\":\"Paiement s\u00e9curis\u00e9 - Alfa Descompte\",\"isPartOf\":{\"@id\":\"https:\\\/\\\/alfadescompte.ad\\\/#website\"},\"datePublished\":\"2022-06-24T08:00:07+00:00\",\"dateModified\":\"2022-06-24T13:46:48+00:00\",\"breadcrumb\":{\"@id\":\"https:\\\/\\\/alfadescompte.ad\\\/paiement-securise\\\/#breadcrumb\"},\"inLanguage\":\"en-GB\",\"potentialAction\":[{\"@type\":\"ReadAction\",\"target\":[\"https:\\\/\\\/alfadescompte.ad\\\/paiement-securise\\\/\"]}]},{\"@type\":\"BreadcrumbList\",\"@id\":\"https:\\\/\\\/alfadescompte.ad\\\/paiement-securise\\\/#breadcrumb\",\"itemListElement\":[{\"@type\":\"ListItem\",\"position\":1,\"name\":\"Accueil\",\"item\":\"https:\\\/\\\/alfadescompte.ad\\\/fr\\\/\"},{\"@type\":\"ListItem\",\"position\":2,\"name\":\"Paiement s\u00e9curis\u00e9\"}]},{\"@type\":\"WebSite\",\"@id\":\"https:\\\/\\\/alfadescompte.ad\\\/#website\",\"url\":\"https:\\\/\\\/alfadescompte.ad\\\/\",\"name\":\"Alfa Descompte\",\"description\":\"\",\"publisher\":{\"@id\":\"https:\\\/\\\/alfadescompte.ad\\\/#organization\"},\"potentialAction\":[{\"@type\":\"SearchAction\",\"target\":{\"@type\":\"EntryPoint\",\"urlTemplate\":\"https:\\\/\\\/alfadescompte.ad\\\/?s={search_term_string}\"},\"query-input\":{\"@type\":\"PropertyValueSpecification\",\"valueRequired\":true,\"valueName\":\"search_term_string\"}}],\"inLanguage\":\"en-GB\"},{\"@type\":\"Organization\",\"@id\":\"https:\\\/\\\/alfadescompte.ad\\\/#organization\",\"name\":\"Alfa Descompte\",\"url\":\"https:\\\/\\\/alfadescompte.ad\\\/\",\"logo\":{\"@type\":\"ImageObject\",\"inLanguage\":\"en-GB\",\"@id\":\"https:\\\/\\\/alfadescompte.ad\\\/#\\\/schema\\\/logo\\\/image\\\/\",\"url\":\"https:\\\/\\\/alfadescompte.ad\\\/wp-content\\\/uploads\\\/2022\\\/04\\\/cropped-logo-alfa-1-1.png\",\"contentUrl\":\"https:\\\/\\\/alfadescompte.ad\\\/wp-content\\\/uploads\\\/2022\\\/04\\\/cropped-logo-alfa-1-1.png\",\"width\":424,\"height\":128,\"caption\":\"Alfa Descompte\"},\"image\":{\"@id\":\"https:\\\/\\\/alfadescompte.ad\\\/#\\\/schema\\\/logo\\\/image\\\/\"}}]}<\/script>\n<!-- \/ Yoast SEO plugin. -->","yoast_head_json":{"title":"Secure payment - Alfa Descompte","robots":{"index":"index","follow":"follow","max-snippet":"max-snippet:-1","max-image-preview":"max-image-preview:large","max-video-preview":"max-video-preview:-1"},"canonical":"https:\/\/alfadescompte.ad\/en\/paiement-securise\/","og_locale":"en_GB","og_type":"article","og_title":"Paiement s\u00e9curis\u00e9 - Alfa Descompte","og_description":"Chez alfadescompte.ad, vous pouvez payer imm\u00e9diatement votre commande en ligne. Il est important que vous puissiez payer facilement et en toute s\u00e9curit\u00e9. Carte de cr\u00e9dit (Mastercard, VISA, American Express, V PAY, Maestro) Vous pouvez payer avec une carte de cr\u00e9dit ou carte bancaire MasterCard, VISA, American Express, V PAY ou Maestro. Les informations sont saisies [&hellip;]","og_url":"https:\/\/alfadescompte.ad\/en\/paiement-securise\/","og_site_name":"Alfa Descompte","article_modified_time":"2022-06-24T13:46:48+00:00","twitter_card":"summary_large_image","twitter_misc":{"Estimated reading time":"1 minute"},"schema":{"@context":"https:\/\/schema.org","@graph":[{"@type":"WebPage","@id":"https:\/\/alfadescompte.ad\/paiement-securise\/","url":"https:\/\/alfadescompte.ad\/paiement-securise\/","name":"Secure payment - Alfa Descompte","isPartOf":{"@id":"https:\/\/alfadescompte.ad\/#website"},"datePublished":"2022-06-24T08:00:07+00:00","dateModified":"2022-06-24T13:46:48+00:00","breadcrumb":{"@id":"https:\/\/alfadescompte.ad\/paiement-securise\/#breadcrumb"},"inLanguage":"en-GB","potentialAction":[{"@type":"ReadAction","target":["https:\/\/alfadescompte.ad\/paiement-securise\/"]}]},{"@type":"BreadcrumbList","@id":"https:\/\/alfadescompte.ad\/paiement-securise\/#breadcrumb","itemListElement":[{"@type":"ListItem","position":1,"name":"Accueil","item":"https:\/\/alfadescompte.ad\/fr\/"},{"@type":"ListItem","position":2,"name":"Paiement s\u00e9curis\u00e9"}]},{"@type":"WebSite","@id":"https:\/\/alfadescompte.ad\/#website","url":"https:\/\/alfadescompte.ad\/","name":"Alfa Descompte","description":"","publisher":{"@id":"https:\/\/alfadescompte.ad\/#organization"},"potentialAction":[{"@type":"SearchAction","target":{"@type":"EntryPoint","urlTemplate":"https:\/\/alfadescompte.ad\/?s={search_term_string}"},"query-input":{"@type":"PropertyValueSpecification","valueRequired":true,"valueName":"search_term_string"}}],"inLanguage":"en-GB"},{"@type":"Organization","@id":"https:\/\/alfadescompte.ad\/#organization","name":"Alfa Descompte","url":"https:\/\/alfadescompte.ad\/","logo":{"@type":"ImageObject","inLanguage":"en-GB","@id":"https:\/\/alfadescompte.ad\/#\/schema\/logo\/image\/","url":"https:\/\/alfadescompte.ad\/wp-content\/uploads\/2022\/04\/cropped-logo-alfa-1-1.png","contentUrl":"https:\/\/alfadescompte.ad\/wp-content\/uploads\/2022\/04\/cropped-logo-alfa-1-1.png","width":424,"height":128,"caption":"Alfa Descompte"},"image":{"@id":"https:\/\/alfadescompte.ad\/#\/schema\/logo\/image\/"}}]}},"_links":{"self":[{"href":"https:\/\/alfadescompte.ad\/en\/wp-json\/wp\/v2\/pages\/37605","targetHints":{"allow":["GET"]}}],"collection":[{"href":"https:\/\/alfadescompte.ad\/en\/wp-json\/wp\/v2\/pages"}],"about":[{"href":"https:\/\/alfadescompte.ad\/en\/wp-json\/wp\/v2\/types\/page"}],"author":[{"embeddable":true,"href":"https:\/\/alfadescompte.ad\/en\/wp-json\/wp\/v2\/users\/2"}],"replies":[{"embeddable":true,"href":"https:\/\/alfadescompte.ad\/en\/wp-json\/wp\/v2\/comments?post=37605"}],"version-history":[{"count":4,"href":"https:\/\/alfadescompte.ad\/en\/wp-json\/wp\/v2\/pages\/37605\/revisions"}],"predecessor-version":[{"id":37666,"href":"https:\/\/alfadescompte.ad\/en\/wp-json\/wp\/v2\/pages\/37605\/revisions\/37666"}],"wp:attachment":[{"href":"https:\/\/alfadescompte.ad\/en\/wp-json\/wp\/v2\/media?parent=37605"}],"curies":[{"name":"wp","href":"https:\/\/api.w.org\/{rel}","templated":true}]}}