{"id":322,"date":"2022-04-06T07:48:20","date_gmt":"2022-04-06T05:48:20","guid":{"rendered":"http:\/\/alfadescompte.com\/?post_type=product&#038;p=322"},"modified":"2026-03-02T18:43:05","modified_gmt":"2026-03-02T17:43:05","slug":"bitdefender-2021-internet-security","status":"publish","type":"product","link":"https:\/\/alfadescompte.ad\/en\/product-2\/bitdefender-2021-internet-security\/","title":{"rendered":"Bitdefender Internet Security 2026 - 1 PC - 1 year subscription"},"content":{"rendered":"<h3>Internet security for Windows!<\/h3>\n<p><strong>Bitdefender Internet Security\u00a0<\/strong>is specially designed to protect your Windows PC against Internet threats.<\/p>\n<p>Recognised as the\u00a0<strong>best solution on the market<\/strong>antivirus and anti-spam protection.\u00a0<strong>detection of internet threats\u00a0<\/strong>with an intelligent firewall, protection for your webcam or microphone and a VPN included (200MB\/day\/device) for an even more secure\u00a0<strong>total confidentiality<\/strong>.<\/p>\n<p>Extremely\u00a0<strong>easy to install and use<\/strong>,\u00a0<strong>Bitdefender Internet Security<\/strong>\u00a0enables you to benefit from innovative technologies capable of preventing, detecting and blocking even the most recent cyber threats, anywhere in the world.<\/p>\n<p>SYSTEM REQUIREMENTS<\/p>\n<ul class=\"minuteprodpfort\">\n<li>Operating system<br \/>\nMicrosoft Windows 7(SP1), Microsoft Windows 8, Microsoft Windows 10, Microsoft Windows 11<\/li>\n<li>Minimum system requirements<br \/>\nProcessor: Dual Core 1.6 GHz, Memory (RAM): 1 GB, Available hard disk space: 1.5 GB free space<\/li>\n<li>Recommended system configuration<br \/>\nProcessor: Intel CORE 2 Duo (2 GHz) or equivalent processor, Memory (RAM): 2 GB, Available hard disk space: 2 GB free space<\/li>\n<li>Software requirements<br \/>\nMicrosoft Edge<\/li>\n<li>Integrates with<br \/>\nGoogle Chrome version 56 or higher<br \/>\nMozilla Firefox version 52 or higher<\/li>\n<\/ul>","protected":false},"excerpt":{"rendered":"<ul>\n<li class=\"point-fort\">No. 1 in independent comparative tests<\/li>\n<li class=\"point-fort\">Leader and forerunner in proactive technologies<\/li>\n<li class=\"point-fort\">Autopilot mode for absolute transparency<\/li>\n<li class=\"point-fort\">Very low resource consumption<\/li>\n<li class=\"point-fort\">Highly intuitive interface<\/li>\n<li class=\"point-fort\">A comprehensive security suite for the whole family<\/li>\n<li class=\"point-fort\">European publisher<\/li>\n<li class=\"point-fort\">+500 million users worldwide<\/li>\n<\/ul>\n<p>Buy and Download <strong>Bitdefender Internet Security<\/strong><\/p>\n<p>After placing your order, you will receive :<\/p>\n<ul>\n<li>The activation key code for <strong>Bitdefender Internet Security<\/strong><strong>\u00a02022-2023<\/strong><\/li>\n<li>The download link for <strong>Bitdefender Internet Security<\/strong><strong>\u00a02022-2023<\/strong><\/li>\n<li>Installation and activation guides<\/li>\n<\/ul>\n<p>Our customer service is available 7 days a week<\/p>","protected":false},"featured_media":51922,"comment_status":"open","ping_status":"closed","template":"","meta":[],"product_brand":[],"product_cat":[1412,189,20],"product_tag":[],"class_list":{"0":"post-322","1":"product","2":"type-product","3":"status-publish","4":"has-post-thumbnail","6":"product_cat-internet-security","7":"product_cat-bitdefender-products","8":"product_cat-securite","10":"first","11":"instock","12":"sale","13":"downloadable","14":"virtual","15":"purchasable","16":"product-type-simple","17":"czr-hentry"},"yoast_head":"<!-- This site is optimized with the Yoast SEO plugin v27.3 - https:\/\/yoast.com\/product\/yoast-seo-wordpress\/ -->\n<title>Bitdefender Internet Security 2026 - 1 PC - Abonnement 1 an - Alfa Descompte<\/title>\n<meta name=\"robots\" content=\"index, follow, max-snippet:-1, max-image-preview:large, max-video-preview:-1\" \/>\n<link rel=\"canonical\" href=\"https:\/\/alfadescompte.ad\/en\/product-2\/bitdefender-2021-internet-security\/\" \/>\n<meta property=\"og:locale\" content=\"en_GB\" \/>\n<meta property=\"og:type\" content=\"article\" \/>\n<meta property=\"og:title\" content=\"Bitdefender Internet Security 2026 - 1 PC - Abonnement 1 an - Alfa Descompte\" \/>\n<meta property=\"og:description\" content=\"N\u00b01 des tests comparatifs ind\u00e9pendants  Leader et pr\u00e9curseur des technologies proactives  Mode Autopilot pour une transparence absolue  Tr\u00e8s faible prise de ressources  Interface tr\u00e8s intuitive  Suite s\u00e9curit\u00e9 tr\u00e8s compl\u00e8te pour toute la famille  \u00c9diteur europ\u00e9en  +500 millions d&#039;utilisateurs dans le monde  Acheter et T\u00e9l\u00e9charger Bitdefender Internet Security  Apr\u00e8s avoir pass\u00e9 votre commande, vous recevrez :   Le code de la cl\u00e9 d&#039;activation de Bitdefender Internet Security\u00a02022-2023  Le lien de t\u00e9l\u00e9chargement pour Bitdefender Internet Security\u00a02022-2023  Les guides d\u2019installation et d\u2019activation  Notre service client\u00e8le est disponible 7\/7 jours\" \/>\n<meta property=\"og:url\" content=\"https:\/\/alfadescompte.ad\/en\/product-2\/bitdefender-2021-internet-security\/\" \/>\n<meta property=\"og:site_name\" content=\"Alfa Descompte\" \/>\n<meta property=\"article:modified_time\" content=\"2026-03-02T17:43:05+00:00\" \/>\n<meta property=\"og:image\" content=\"https:\/\/alfadescompte.ad\/wp-content\/uploads\/2022\/09\/Erika-31.png\" \/>\n\t<meta property=\"og:image:width\" content=\"800\" \/>\n\t<meta property=\"og:image:height\" content=\"800\" \/>\n\t<meta property=\"og:image:type\" content=\"image\/png\" \/>\n<meta name=\"twitter:card\" content=\"summary_large_image\" \/>\n<meta name=\"twitter:label1\" content=\"Estimated reading time\" \/>\n\t<meta name=\"twitter:data1\" content=\"2 minutes\" \/>\n<script type=\"application\/ld+json\" class=\"yoast-schema-graph\">{\"@context\":\"https:\\\/\\\/schema.org\",\"@graph\":[{\"@type\":\"WebPage\",\"@id\":\"https:\\\/\\\/alfadescompte.ad\\\/produit\\\/bitdefender-2021-internet-security\\\/\",\"url\":\"https:\\\/\\\/alfadescompte.ad\\\/produit\\\/bitdefender-2021-internet-security\\\/\",\"name\":\"Bitdefender Internet Security 2026 - 1 PC - Abonnement 1 an - Alfa Descompte\",\"isPartOf\":{\"@id\":\"https:\\\/\\\/alfadescompte.ad\\\/#website\"},\"primaryImageOfPage\":{\"@id\":\"https:\\\/\\\/alfadescompte.ad\\\/produit\\\/bitdefender-2021-internet-security\\\/#primaryimage\"},\"image\":{\"@id\":\"https:\\\/\\\/alfadescompte.ad\\\/produit\\\/bitdefender-2021-internet-security\\\/#primaryimage\"},\"thumbnailUrl\":\"https:\\\/\\\/alfadescompte.ad\\\/wp-content\\\/uploads\\\/2022\\\/09\\\/Erika-31.png\",\"datePublished\":\"2022-04-06T05:48:20+00:00\",\"dateModified\":\"2026-03-02T17:43:05+00:00\",\"breadcrumb\":{\"@id\":\"https:\\\/\\\/alfadescompte.ad\\\/produit\\\/bitdefender-2021-internet-security\\\/#breadcrumb\"},\"inLanguage\":\"en-GB\",\"potentialAction\":[{\"@type\":\"ReadAction\",\"target\":[\"https:\\\/\\\/alfadescompte.ad\\\/produit\\\/bitdefender-2021-internet-security\\\/\"]}]},{\"@type\":\"ImageObject\",\"inLanguage\":\"en-GB\",\"@id\":\"https:\\\/\\\/alfadescompte.ad\\\/produit\\\/bitdefender-2021-internet-security\\\/#primaryimage\",\"url\":\"https:\\\/\\\/alfadescompte.ad\\\/wp-content\\\/uploads\\\/2022\\\/09\\\/Erika-31.png\",\"contentUrl\":\"https:\\\/\\\/alfadescompte.ad\\\/wp-content\\\/uploads\\\/2022\\\/09\\\/Erika-31.png\",\"width\":800,\"height\":800},{\"@type\":\"BreadcrumbList\",\"@id\":\"https:\\\/\\\/alfadescompte.ad\\\/produit\\\/bitdefender-2021-internet-security\\\/#breadcrumb\",\"itemListElement\":[{\"@type\":\"ListItem\",\"position\":1,\"name\":\"Accueil\",\"item\":\"https:\\\/\\\/alfadescompte.ad\\\/fr\\\/\"},{\"@type\":\"ListItem\",\"position\":2,\"name\":\"Boutique\",\"item\":\"https:\\\/\\\/alfadescompte.ad\\\/en\\\/boutique\\\/\"},{\"@type\":\"ListItem\",\"position\":3,\"name\":\"Bitdefender Internet Security 2026 &#8211; 1 PC &#8211; Abonnement 1 an\"}]},{\"@type\":\"WebSite\",\"@id\":\"https:\\\/\\\/alfadescompte.ad\\\/#website\",\"url\":\"https:\\\/\\\/alfadescompte.ad\\\/\",\"name\":\"Alfa Descompte\",\"description\":\"\",\"publisher\":{\"@id\":\"https:\\\/\\\/alfadescompte.ad\\\/#organization\"},\"potentialAction\":[{\"@type\":\"SearchAction\",\"target\":{\"@type\":\"EntryPoint\",\"urlTemplate\":\"https:\\\/\\\/alfadescompte.ad\\\/?s={search_term_string}\"},\"query-input\":{\"@type\":\"PropertyValueSpecification\",\"valueRequired\":true,\"valueName\":\"search_term_string\"}}],\"inLanguage\":\"en-GB\"},{\"@type\":\"Organization\",\"@id\":\"https:\\\/\\\/alfadescompte.ad\\\/#organization\",\"name\":\"Alfa Descompte\",\"url\":\"https:\\\/\\\/alfadescompte.ad\\\/\",\"logo\":{\"@type\":\"ImageObject\",\"inLanguage\":\"en-GB\",\"@id\":\"https:\\\/\\\/alfadescompte.ad\\\/#\\\/schema\\\/logo\\\/image\\\/\",\"url\":\"https:\\\/\\\/alfadescompte.ad\\\/wp-content\\\/uploads\\\/2022\\\/04\\\/cropped-logo-alfa-1-1.png\",\"contentUrl\":\"https:\\\/\\\/alfadescompte.ad\\\/wp-content\\\/uploads\\\/2022\\\/04\\\/cropped-logo-alfa-1-1.png\",\"width\":424,\"height\":128,\"caption\":\"Alfa Descompte\"},\"image\":{\"@id\":\"https:\\\/\\\/alfadescompte.ad\\\/#\\\/schema\\\/logo\\\/image\\\/\"}}]}<\/script>\n<!-- \/ Yoast SEO plugin. -->","yoast_head_json":{"title":"Bitdefender Internet Security 2026 - 1 PC - 1 year subscription - Alfa Descompte","robots":{"index":"index","follow":"follow","max-snippet":"max-snippet:-1","max-image-preview":"max-image-preview:large","max-video-preview":"max-video-preview:-1"},"canonical":"https:\/\/alfadescompte.ad\/en\/product-2\/bitdefender-2021-internet-security\/","og_locale":"en_GB","og_type":"article","og_title":"Bitdefender Internet Security 2026 - 1 PC - Abonnement 1 an - Alfa Descompte","og_description":"N\u00b01 des tests comparatifs ind\u00e9pendants  Leader et pr\u00e9curseur des technologies proactives  Mode Autopilot pour une transparence absolue  Tr\u00e8s faible prise de ressources  Interface tr\u00e8s intuitive  Suite s\u00e9curit\u00e9 tr\u00e8s compl\u00e8te pour toute la famille  \u00c9diteur europ\u00e9en  +500 millions d'utilisateurs dans le monde  Acheter et T\u00e9l\u00e9charger Bitdefender Internet Security  Apr\u00e8s avoir pass\u00e9 votre commande, vous recevrez :   Le code de la cl\u00e9 d'activation de Bitdefender Internet Security\u00a02022-2023  Le lien de t\u00e9l\u00e9chargement pour Bitdefender Internet Security\u00a02022-2023  Les guides d\u2019installation et d\u2019activation  Notre service client\u00e8le est disponible 7\/7 jours","og_url":"https:\/\/alfadescompte.ad\/en\/product-2\/bitdefender-2021-internet-security\/","og_site_name":"Alfa Descompte","article_modified_time":"2026-03-02T17:43:05+00:00","og_image":[{"width":800,"height":800,"url":"https:\/\/alfadescompte.ad\/wp-content\/uploads\/2022\/09\/Erika-31.png","type":"image\/png"}],"twitter_card":"summary_large_image","twitter_misc":{"Estimated reading time":"2 minutes"},"schema":{"@context":"https:\/\/schema.org","@graph":[{"@type":"WebPage","@id":"https:\/\/alfadescompte.ad\/produit\/bitdefender-2021-internet-security\/","url":"https:\/\/alfadescompte.ad\/produit\/bitdefender-2021-internet-security\/","name":"Bitdefender Internet Security 2026 - 1 PC - 1 year subscription - Alfa Descompte","isPartOf":{"@id":"https:\/\/alfadescompte.ad\/#website"},"primaryImageOfPage":{"@id":"https:\/\/alfadescompte.ad\/produit\/bitdefender-2021-internet-security\/#primaryimage"},"image":{"@id":"https:\/\/alfadescompte.ad\/produit\/bitdefender-2021-internet-security\/#primaryimage"},"thumbnailUrl":"https:\/\/alfadescompte.ad\/wp-content\/uploads\/2022\/09\/Erika-31.png","datePublished":"2022-04-06T05:48:20+00:00","dateModified":"2026-03-02T17:43:05+00:00","breadcrumb":{"@id":"https:\/\/alfadescompte.ad\/produit\/bitdefender-2021-internet-security\/#breadcrumb"},"inLanguage":"en-GB","potentialAction":[{"@type":"ReadAction","target":["https:\/\/alfadescompte.ad\/produit\/bitdefender-2021-internet-security\/"]}]},{"@type":"ImageObject","inLanguage":"en-GB","@id":"https:\/\/alfadescompte.ad\/produit\/bitdefender-2021-internet-security\/#primaryimage","url":"https:\/\/alfadescompte.ad\/wp-content\/uploads\/2022\/09\/Erika-31.png","contentUrl":"https:\/\/alfadescompte.ad\/wp-content\/uploads\/2022\/09\/Erika-31.png","width":800,"height":800},{"@type":"BreadcrumbList","@id":"https:\/\/alfadescompte.ad\/produit\/bitdefender-2021-internet-security\/#breadcrumb","itemListElement":[{"@type":"ListItem","position":1,"name":"Accueil","item":"https:\/\/alfadescompte.ad\/fr\/"},{"@type":"ListItem","position":2,"name":"Boutique","item":"https:\/\/alfadescompte.ad\/en\/boutique\/"},{"@type":"ListItem","position":3,"name":"Bitdefender Internet Security 2026 &#8211; 1 PC &#8211; Abonnement 1 an"}]},{"@type":"WebSite","@id":"https:\/\/alfadescompte.ad\/#website","url":"https:\/\/alfadescompte.ad\/","name":"Alfa Descompte","description":"","publisher":{"@id":"https:\/\/alfadescompte.ad\/#organization"},"potentialAction":[{"@type":"SearchAction","target":{"@type":"EntryPoint","urlTemplate":"https:\/\/alfadescompte.ad\/?s={search_term_string}"},"query-input":{"@type":"PropertyValueSpecification","valueRequired":true,"valueName":"search_term_string"}}],"inLanguage":"en-GB"},{"@type":"Organization","@id":"https:\/\/alfadescompte.ad\/#organization","name":"Alfa Descompte","url":"https:\/\/alfadescompte.ad\/","logo":{"@type":"ImageObject","inLanguage":"en-GB","@id":"https:\/\/alfadescompte.ad\/#\/schema\/logo\/image\/","url":"https:\/\/alfadescompte.ad\/wp-content\/uploads\/2022\/04\/cropped-logo-alfa-1-1.png","contentUrl":"https:\/\/alfadescompte.ad\/wp-content\/uploads\/2022\/04\/cropped-logo-alfa-1-1.png","width":424,"height":128,"caption":"Alfa Descompte"},"image":{"@id":"https:\/\/alfadescompte.ad\/#\/schema\/logo\/image\/"}}]}},"_links":{"self":[{"href":"https:\/\/alfadescompte.ad\/en\/wp-json\/wp\/v2\/product\/322","targetHints":{"allow":["GET"]}}],"collection":[{"href":"https:\/\/alfadescompte.ad\/en\/wp-json\/wp\/v2\/product"}],"about":[{"href":"https:\/\/alfadescompte.ad\/en\/wp-json\/wp\/v2\/types\/product"}],"replies":[{"embeddable":true,"href":"https:\/\/alfadescompte.ad\/en\/wp-json\/wp\/v2\/comments?post=322"}],"wp:featuredmedia":[{"embeddable":true,"href":"https:\/\/alfadescompte.ad\/en\/wp-json\/wp\/v2\/media\/51922"}],"wp:attachment":[{"href":"https:\/\/alfadescompte.ad\/en\/wp-json\/wp\/v2\/media?parent=322"}],"wp:term":[{"taxonomy":"product_brand","embeddable":true,"href":"https:\/\/alfadescompte.ad\/en\/wp-json\/wp\/v2\/product_brand?post=322"},{"taxonomy":"product_cat","embeddable":true,"href":"https:\/\/alfadescompte.ad\/en\/wp-json\/wp\/v2\/product_cat?post=322"},{"taxonomy":"product_tag","embeddable":true,"href":"https:\/\/alfadescompte.ad\/en\/wp-json\/wp\/v2\/product_tag?post=322"}],"curies":[{"name":"wp","href":"https:\/\/api.w.org\/{rel}","templated":true}]}}