{"id":354,"date":"2022-04-06T09:31:28","date_gmt":"2022-04-06T07:31:28","guid":{"rendered":"http:\/\/alfadescompte.com\/?post_type=product&#038;p=354"},"modified":"2026-02-28T07:44:48","modified_gmt":"2026-02-28T06:44:48","slug":"mcafee-total-protection","status":"publish","type":"product","link":"https:\/\/alfadescompte.ad\/en\/product-2\/mcafee-total-protection\/","title":{"rendered":"McAfee Total Protection 2026 - 1 device - 1 year subscription"},"content":{"rendered":"<div class=\"fancybox-wrap fancybox-desktop fancybox-type-ajax fancybox-opened\">\n<div class=\"fancybox-skin\">\n<div class=\"fancybox-outer\">\n<div class=\"fancybox-inner\">\n<div id=\"popup-fiche\">\n<div class=\"wrapper-fiche\">\n<div class=\"content-fiche\">\n<div class=\"description\">\n<h3><strong>McAfee Total Protection 2026<\/strong><\/h3>\n<p>All-in-one protection so you can enjoy your online life with peace of mind<\/p>\n<p>McAfee\u00ae Total Protection protects your privacy and identity, anywhere, anytime, with a single, simple solution.<\/p>\n<ul>\n<li>Get an award-winning antivirus: McAfee protects you against the latest threats.<\/li>\n<li>Surf discreetly and securely: escape prying eyes with secure VPN.<\/li>\n<li>Check your level of online security: determine your personalised protection score, identify vulnerabilities and receive advice on how to correct them.<\/li>\n<li>Bank, shop and surf with complete peace of mind: warnings alert you to dangerous sites before you access them.<\/li>\n<li>Protect your identity: guided identity protection includes Dark Web monitoring for a total of 10 e-mail addresses.<\/li>\n<\/ul>\n<p><strong>Award-winning antivirus<\/strong><\/p>\n<p>With over 1.3 billion pieces of malicious code referenced and several million new ones every month (source AV-test.org), it is essential to have optimum protection capable of dealing with the changing nature and complexity of threats. McAfee Total Protection uses different strategies such as behavioural detection and machine learning to detect, isolate and eliminate all known malware (viruses, trojans, spyware, ransomware, etc.) and even zero-day digital threats (previously unknown threats) to ensure your online security.<\/p>\n<p><strong>Anti-intrusion firewall<\/strong><\/p>\n<p>McAfee Total Protection includes an advanced firewall to secure your home networks, including wireless networks (Wifi). It filters and examines the information you receive via your Internet connection. This first line of defence prevents malware or attackers from accessing your network and information before they can cause any potential damage.<\/p>\n<p><strong>Web protection \/ anti-phishing<\/strong><\/p>\n<p>You've probably already received an SMS congratulating you on a competition you never entered, or an e-mail from your bank, Internet service provider or energy supplier about a supposedly unpaid bill. These types of messages are examples of phishing, a scam tactic used by cybercriminals to trick you into carrying out a transaction that looks legitimate but actually allows them to retrieve your identification or credit card details via a fake site. The built-in protection in McAfee Total Protection will help you avoid malicious websites with clear warnings that identify risky websites, links and file downloads.<\/p>\n<p><strong>VPN Unlimited<\/strong><\/p>\n<p>The Safe Connect module integrated into McAfee Total Protection is an unlimited VPN that activates automatically on unsecured networks (Wifi in a public place, for example). In particular, it offers encryption equal to that of the banking system in order to protect your data using the same technology as that used by banks. It gives you anonymous browsing so you can use the Internet with complete confidence and be protected from advertisers and prying eyes. Your online activities remain totally private.<\/p>\n<p><strong>Surveillance against identity theft<\/strong><\/p>\n<p>The most common form of identity theft is financial identity theft, which refers to any type of theft in which someone uses another person's information for financial purposes (fraud to create a new account, account takeover, identity theft for commercial purposes, etc). McAfee Total Protection provides 24\/7 monitoring of your email addresses, bank accounts and more than 60 types of personal information.<\/p>\n<p><strong>File shredder<\/strong><\/p>\n<p>The file shredder integrated into McAfee Total Protection completes the protection of your identity and the confidentiality of your data by permanently deleting important files from your computer: an ideal solution, for example, for your tax documents, financial information and other sensitive personal files. As a result, your files can no longer be recovered by specialist software, unlike conventional deletion or even disk formatting.<\/p>\n<p><strong>Password manager<\/strong><\/p>\n<p>An increasing number of websites and online services require login details and passwords, often leading to the use of passwords that are far too simple to remember, and worse still, to the use of the same password everywhere, making it much easier for hackers to gain access to all your information in just a few minutes. McAfee Total Protection's integrated password manager lets you securely store and manage all your online passwords in a single location. This means you can have complex, unique passwords for each site and online service, while only having to remember one: the password manager, which automatically fills in the requested login details.<\/p>\n<p><strong>Performance optimisation<\/strong><\/p>\n<p>The days when antivirus software slowed down computers are thankfully over. McAfee Total Protection now includes automated tools to help your computer run faster and more efficiently, so you can concentrate on what really matters. These include optimising your PC's performance, deleting cookies and temporary files and even pausing unwanted auto-play videos so you can enjoy a smoother experience on your PC, save bandwidth and improve battery life.<\/p>\n<p><strong>Parental Control (10-device version only)<\/strong><\/p>\n<p>Whether at home, at school or out and about, children are exposed to a lot of things and risks on the Internet. So it's important to use parental control software to help keep them safe, even when you can't be with them. Safe Family Parental Controls integrated into McAfee Total Protection is a tool that allows you to manage your children's Internet use by including features such as website and content filtering, screen time management, application blocking, geolocation and much more.<\/p>\n<p><strong>Personalised advice<\/strong><\/p>\n<p>Knowing your level of security is an essential first step towards a safer online life.<\/p>\n<p>The built-in protection score in McAfee Total Protection checks how secure you are online and provides simple instructions for quickly configuring your protection to close the gaps in your online security across all your devices.<\/p>\n<p><strong>Ease of use<\/strong><\/p>\n<p>You don't need to be an IT expert, let alone a cyber security expert. McAfee Total Protection lets you connect all your computers and smartphones and manage them easily from a single dashboard. Our personalised advice will also help you configure the solution to suit your needs and usage.<\/p>\n<p><strong>Technical assistance<\/strong><\/p>\n<p>When you buy McAfee Total Protection, you get a dedicated security team to help you when you need it. McAfee's security experts are at your side 24\/7 to ensure your peace of mind in any situation you may face.<\/p>\n<p>*The Safe Connect unlimited VPN and identity monitoring features are conditional on the activation of automatic renewal when you create your account on the McAfee website. If you do not wish to activate automatic renewal, VPN bandwidth will be limited to 500 MB\/month and identity monitoring to 1 email address.<\/p>\n<\/div>\n<\/div>\n<\/div>\n<\/div>\n<\/div>\n<\/div>\n<div class=\"fancybox-item fancybox-close\" title=\"Close\"><\/div>\n<\/div>\n<\/div>","protected":false},"excerpt":{"rendered":"<p>Buy your original activation key today and receive your ultra-fast download link and unique activation key by e-mail.<\/p>\n<p>- Get your activation code.<br \/>\n- Genuine 100% key<br \/>\n- Authorised for sale in Europe<br \/>\n- Languages: Multi-language<\/p>","protected":false},"featured_media":55747,"comment_status":"open","ping_status":"closed","template":"","meta":[],"product_brand":[],"product_cat":[192,1433,20],"product_tag":[],"class_list":{"0":"post-354","1":"product","2":"type-product","3":"status-publish","4":"has-post-thumbnail","6":"product_cat-mcafee","7":"product_cat-mcafee-total-protection","8":"product_cat-securite","10":"first","11":"instock","12":"sale","13":"downloadable","14":"virtual","15":"purchasable","16":"product-type-simple","17":"czr-hentry"},"yoast_head":"<!-- This site is optimized with the Yoast SEO plugin v27.3 - https:\/\/yoast.com\/product\/yoast-seo-wordpress\/ -->\n<title>McAfee Total Protection 2026 - 1 appareil - Abonnement 1 an - Alfa Descompte<\/title>\n<meta name=\"robots\" content=\"index, follow, max-snippet:-1, max-image-preview:large, max-video-preview:-1\" \/>\n<link rel=\"canonical\" href=\"https:\/\/alfadescompte.ad\/en\/product-2\/mcafee-total-protection\/\" \/>\n<meta property=\"og:locale\" content=\"en_GB\" \/>\n<meta property=\"og:type\" content=\"article\" \/>\n<meta property=\"og:title\" content=\"McAfee Total Protection 2026 - 1 appareil - Abonnement 1 an - Alfa Descompte\" \/>\n<meta property=\"og:description\" content=\"Achetez aujourd\u2019hui votre cl\u00e9 d&#039;activation originale et recevez par mail votre lien de t\u00e9l\u00e9chargement ultra rapide ainsi que sa cl\u00e9 unique d\u2019activation..  - Obtenir votre code d&#039;activation. - Cl\u00e9 100% authentique - Vente autoris\u00e9e en Europe - Langues: Multi-langue\" \/>\n<meta property=\"og:url\" content=\"https:\/\/alfadescompte.ad\/en\/product-2\/mcafee-total-protection\/\" \/>\n<meta property=\"og:site_name\" content=\"Alfa Descompte\" \/>\n<meta property=\"article:modified_time\" content=\"2026-02-28T06:44:48+00:00\" \/>\n<meta property=\"og:image\" content=\"https:\/\/alfadescompte.ad\/wp-content\/uploads\/2022\/10\/ChatGPT-Image-28-fevr.-2026-07_41_53.png\" \/>\n\t<meta property=\"og:image:width\" content=\"1024\" \/>\n\t<meta property=\"og:image:height\" content=\"1024\" \/>\n\t<meta property=\"og:image:type\" content=\"image\/png\" \/>\n<meta name=\"twitter:card\" content=\"summary_large_image\" \/>\n<meta name=\"twitter:label1\" content=\"Estimated reading time\" \/>\n\t<meta name=\"twitter:data1\" content=\"7 minutes\" \/>\n<script type=\"application\/ld+json\" class=\"yoast-schema-graph\">{\"@context\":\"https:\\\/\\\/schema.org\",\"@graph\":[{\"@type\":\"WebPage\",\"@id\":\"https:\\\/\\\/alfadescompte.ad\\\/produit\\\/mcafee-total-protection\\\/\",\"url\":\"https:\\\/\\\/alfadescompte.ad\\\/produit\\\/mcafee-total-protection\\\/\",\"name\":\"McAfee Total Protection 2026 - 1 appareil - Abonnement 1 an - Alfa Descompte\",\"isPartOf\":{\"@id\":\"https:\\\/\\\/alfadescompte.ad\\\/#website\"},\"primaryImageOfPage\":{\"@id\":\"https:\\\/\\\/alfadescompte.ad\\\/produit\\\/mcafee-total-protection\\\/#primaryimage\"},\"image\":{\"@id\":\"https:\\\/\\\/alfadescompte.ad\\\/produit\\\/mcafee-total-protection\\\/#primaryimage\"},\"thumbnailUrl\":\"https:\\\/\\\/alfadescompte.ad\\\/wp-content\\\/uploads\\\/2022\\\/10\\\/ChatGPT-Image-28-fevr.-2026-07_41_53.png\",\"datePublished\":\"2022-04-06T07:31:28+00:00\",\"dateModified\":\"2026-02-28T06:44:48+00:00\",\"breadcrumb\":{\"@id\":\"https:\\\/\\\/alfadescompte.ad\\\/produit\\\/mcafee-total-protection\\\/#breadcrumb\"},\"inLanguage\":\"en-GB\",\"potentialAction\":[{\"@type\":\"ReadAction\",\"target\":[\"https:\\\/\\\/alfadescompte.ad\\\/produit\\\/mcafee-total-protection\\\/\"]}]},{\"@type\":\"ImageObject\",\"inLanguage\":\"en-GB\",\"@id\":\"https:\\\/\\\/alfadescompte.ad\\\/produit\\\/mcafee-total-protection\\\/#primaryimage\",\"url\":\"https:\\\/\\\/alfadescompte.ad\\\/wp-content\\\/uploads\\\/2022\\\/10\\\/ChatGPT-Image-28-fevr.-2026-07_41_53.png\",\"contentUrl\":\"https:\\\/\\\/alfadescompte.ad\\\/wp-content\\\/uploads\\\/2022\\\/10\\\/ChatGPT-Image-28-fevr.-2026-07_41_53.png\",\"width\":1024,\"height\":1024},{\"@type\":\"BreadcrumbList\",\"@id\":\"https:\\\/\\\/alfadescompte.ad\\\/produit\\\/mcafee-total-protection\\\/#breadcrumb\",\"itemListElement\":[{\"@type\":\"ListItem\",\"position\":1,\"name\":\"Accueil\",\"item\":\"https:\\\/\\\/alfadescompte.ad\\\/fr\\\/\"},{\"@type\":\"ListItem\",\"position\":2,\"name\":\"Boutique\",\"item\":\"https:\\\/\\\/alfadescompte.ad\\\/en\\\/boutique\\\/\"},{\"@type\":\"ListItem\",\"position\":3,\"name\":\"McAfee Total Protection 2026 &#8211; 1 appareil &#8211; Abonnement 1 an\"}]},{\"@type\":\"WebSite\",\"@id\":\"https:\\\/\\\/alfadescompte.ad\\\/#website\",\"url\":\"https:\\\/\\\/alfadescompte.ad\\\/\",\"name\":\"Alfa Descompte\",\"description\":\"\",\"publisher\":{\"@id\":\"https:\\\/\\\/alfadescompte.ad\\\/#organization\"},\"potentialAction\":[{\"@type\":\"SearchAction\",\"target\":{\"@type\":\"EntryPoint\",\"urlTemplate\":\"https:\\\/\\\/alfadescompte.ad\\\/?s={search_term_string}\"},\"query-input\":{\"@type\":\"PropertyValueSpecification\",\"valueRequired\":true,\"valueName\":\"search_term_string\"}}],\"inLanguage\":\"en-GB\"},{\"@type\":\"Organization\",\"@id\":\"https:\\\/\\\/alfadescompte.ad\\\/#organization\",\"name\":\"Alfa Descompte\",\"url\":\"https:\\\/\\\/alfadescompte.ad\\\/\",\"logo\":{\"@type\":\"ImageObject\",\"inLanguage\":\"en-GB\",\"@id\":\"https:\\\/\\\/alfadescompte.ad\\\/#\\\/schema\\\/logo\\\/image\\\/\",\"url\":\"https:\\\/\\\/alfadescompte.ad\\\/wp-content\\\/uploads\\\/2022\\\/04\\\/cropped-logo-alfa-1-1.png\",\"contentUrl\":\"https:\\\/\\\/alfadescompte.ad\\\/wp-content\\\/uploads\\\/2022\\\/04\\\/cropped-logo-alfa-1-1.png\",\"width\":424,\"height\":128,\"caption\":\"Alfa Descompte\"},\"image\":{\"@id\":\"https:\\\/\\\/alfadescompte.ad\\\/#\\\/schema\\\/logo\\\/image\\\/\"}}]}<\/script>\n<!-- \/ Yoast SEO plugin. -->","yoast_head_json":{"title":"McAfee Total Protection 2026 - 1 device - 1 year subscription - Alfa Descompte","robots":{"index":"index","follow":"follow","max-snippet":"max-snippet:-1","max-image-preview":"max-image-preview:large","max-video-preview":"max-video-preview:-1"},"canonical":"https:\/\/alfadescompte.ad\/en\/product-2\/mcafee-total-protection\/","og_locale":"en_GB","og_type":"article","og_title":"McAfee Total Protection 2026 - 1 appareil - Abonnement 1 an - Alfa Descompte","og_description":"Achetez aujourd\u2019hui votre cl\u00e9 d'activation originale et recevez par mail votre lien de t\u00e9l\u00e9chargement ultra rapide ainsi que sa cl\u00e9 unique d\u2019activation..  - Obtenir votre code d'activation. - Cl\u00e9 100% authentique - Vente autoris\u00e9e en Europe - Langues: Multi-langue","og_url":"https:\/\/alfadescompte.ad\/en\/product-2\/mcafee-total-protection\/","og_site_name":"Alfa Descompte","article_modified_time":"2026-02-28T06:44:48+00:00","og_image":[{"width":1024,"height":1024,"url":"https:\/\/alfadescompte.ad\/wp-content\/uploads\/2022\/10\/ChatGPT-Image-28-fevr.-2026-07_41_53.png","type":"image\/png"}],"twitter_card":"summary_large_image","twitter_misc":{"Estimated reading time":"7 minutes"},"schema":{"@context":"https:\/\/schema.org","@graph":[{"@type":"WebPage","@id":"https:\/\/alfadescompte.ad\/produit\/mcafee-total-protection\/","url":"https:\/\/alfadescompte.ad\/produit\/mcafee-total-protection\/","name":"McAfee Total Protection 2026 - 1 device - 1 year subscription - Alfa Descompte","isPartOf":{"@id":"https:\/\/alfadescompte.ad\/#website"},"primaryImageOfPage":{"@id":"https:\/\/alfadescompte.ad\/produit\/mcafee-total-protection\/#primaryimage"},"image":{"@id":"https:\/\/alfadescompte.ad\/produit\/mcafee-total-protection\/#primaryimage"},"thumbnailUrl":"https:\/\/alfadescompte.ad\/wp-content\/uploads\/2022\/10\/ChatGPT-Image-28-fevr.-2026-07_41_53.png","datePublished":"2022-04-06T07:31:28+00:00","dateModified":"2026-02-28T06:44:48+00:00","breadcrumb":{"@id":"https:\/\/alfadescompte.ad\/produit\/mcafee-total-protection\/#breadcrumb"},"inLanguage":"en-GB","potentialAction":[{"@type":"ReadAction","target":["https:\/\/alfadescompte.ad\/produit\/mcafee-total-protection\/"]}]},{"@type":"ImageObject","inLanguage":"en-GB","@id":"https:\/\/alfadescompte.ad\/produit\/mcafee-total-protection\/#primaryimage","url":"https:\/\/alfadescompte.ad\/wp-content\/uploads\/2022\/10\/ChatGPT-Image-28-fevr.-2026-07_41_53.png","contentUrl":"https:\/\/alfadescompte.ad\/wp-content\/uploads\/2022\/10\/ChatGPT-Image-28-fevr.-2026-07_41_53.png","width":1024,"height":1024},{"@type":"BreadcrumbList","@id":"https:\/\/alfadescompte.ad\/produit\/mcafee-total-protection\/#breadcrumb","itemListElement":[{"@type":"ListItem","position":1,"name":"Accueil","item":"https:\/\/alfadescompte.ad\/fr\/"},{"@type":"ListItem","position":2,"name":"Boutique","item":"https:\/\/alfadescompte.ad\/en\/boutique\/"},{"@type":"ListItem","position":3,"name":"McAfee Total Protection 2026 &#8211; 1 appareil &#8211; Abonnement 1 an"}]},{"@type":"WebSite","@id":"https:\/\/alfadescompte.ad\/#website","url":"https:\/\/alfadescompte.ad\/","name":"Alfa Descompte","description":"","publisher":{"@id":"https:\/\/alfadescompte.ad\/#organization"},"potentialAction":[{"@type":"SearchAction","target":{"@type":"EntryPoint","urlTemplate":"https:\/\/alfadescompte.ad\/?s={search_term_string}"},"query-input":{"@type":"PropertyValueSpecification","valueRequired":true,"valueName":"search_term_string"}}],"inLanguage":"en-GB"},{"@type":"Organization","@id":"https:\/\/alfadescompte.ad\/#organization","name":"Alfa Descompte","url":"https:\/\/alfadescompte.ad\/","logo":{"@type":"ImageObject","inLanguage":"en-GB","@id":"https:\/\/alfadescompte.ad\/#\/schema\/logo\/image\/","url":"https:\/\/alfadescompte.ad\/wp-content\/uploads\/2022\/04\/cropped-logo-alfa-1-1.png","contentUrl":"https:\/\/alfadescompte.ad\/wp-content\/uploads\/2022\/04\/cropped-logo-alfa-1-1.png","width":424,"height":128,"caption":"Alfa Descompte"},"image":{"@id":"https:\/\/alfadescompte.ad\/#\/schema\/logo\/image\/"}}]}},"_links":{"self":[{"href":"https:\/\/alfadescompte.ad\/en\/wp-json\/wp\/v2\/product\/354","targetHints":{"allow":["GET"]}}],"collection":[{"href":"https:\/\/alfadescompte.ad\/en\/wp-json\/wp\/v2\/product"}],"about":[{"href":"https:\/\/alfadescompte.ad\/en\/wp-json\/wp\/v2\/types\/product"}],"replies":[{"embeddable":true,"href":"https:\/\/alfadescompte.ad\/en\/wp-json\/wp\/v2\/comments?post=354"}],"wp:featuredmedia":[{"embeddable":true,"href":"https:\/\/alfadescompte.ad\/en\/wp-json\/wp\/v2\/media\/55747"}],"wp:attachment":[{"href":"https:\/\/alfadescompte.ad\/en\/wp-json\/wp\/v2\/media?parent=354"}],"wp:term":[{"taxonomy":"product_brand","embeddable":true,"href":"https:\/\/alfadescompte.ad\/en\/wp-json\/wp\/v2\/product_brand?post=354"},{"taxonomy":"product_cat","embeddable":true,"href":"https:\/\/alfadescompte.ad\/en\/wp-json\/wp\/v2\/product_cat?post=354"},{"taxonomy":"product_tag","embeddable":true,"href":"https:\/\/alfadescompte.ad\/en\/wp-json\/wp\/v2\/product_tag?post=354"}],"curies":[{"name":"wp","href":"https:\/\/api.w.org\/{rel}","templated":true}]}}