{"id":399,"date":"2022-04-06T12:44:13","date_gmt":"2022-04-06T10:44:13","guid":{"rendered":"http:\/\/alfadescompte.com\/?post_type=product&#038;p=399"},"modified":"2026-03-02T18:42:33","modified_gmt":"2026-03-02T17:42:33","slug":"avg-internet-security-pc-10-postes-2-ans","status":"publish","type":"product","link":"https:\/\/alfadescompte.ad\/en\/product-2\/avg-internet-security-pc-10-postes-2-ans\/","title":{"rendered":"AVG Internet Security 2026 - 10 devices - 2 year subscription"},"content":{"rendered":"<p>Malware is no longer content with infecting your PC, it is now attacking your data personally. With ransomware and webcam hacking, hackers can gain access to your most personal photos and files, and even your home. AVG Internet Security now has features like webcam protection and ransomware protection to protect your personal files and privacy.<\/p>\n<h2>COMPUTER PROTECTION<\/h2>\n<p>Our advanced antivirus scans, removes and neutralises viruses, ransomware, spyware, rootkits, Trojans and other malware. And because it works in real time, we can neutralise these threats before they even reach you. We can also quickly protect your USB and DVD drives.<\/p>\n<h2>WEB AND E-MAIL PROTECTION<\/h2>\n<p>Your e-mails have never been so well protected. Agent email technology targets email attachments to stop threats, whatever their origin (from malicious senders or from friends who unknowingly send malware).<\/p>\n<p>Your online security is guaranteed with real-time analysis of links and downloads, and protection against dangerous Wi-Fi hotspots. A simple click and the software launches a scan. With The Best Internet Security Software, you'll always feel safe.<\/p>\n<h2>PROTECTION AGAINST PIRATE ATTACKS<\/h2>\n<p>The improved firewall gives you detailed control over what enters and leaves your PC. And ransomware protection adds an extra layer of security against the increasingly frequent attacks by ransomware. This means that no one can access your private data, files, photos and passwords. Hackers and ransomware stay at the door.<\/p>\n<h2>PROTECTION OF PRIVACY<\/h2>\n<p>Prevent prying eyes and suspicious applications from accessing your webcam, encrypt and hide your most personal photos and files, or permanently destroy documents you no longer use.<\/p>\n<p>Payment protection<\/p>\n<p>Whether you're surfing, banking or shopping online, this feature is the Internet protection you need. We block spam and scams, and help is available to help you avoid fraudulent websites and prevent you from mistakenly giving your passwords and credit card numbers to the wrong people.<\/p>\n<h2>COMPREHENSIVE FAMILY PROTECTION<\/h2>\n<p>One subscription covers all the PCs in your family, so you can install AVG Internet Security on all the computers in your household.<\/p>\n<h2>YOUR MOBILE SECURITY INCLUDED<\/h2>\n<p>AVG Internet Security also works on Android devices (smartphone and tablet), iPhone and iPad. Protect yourself on the Internet, lock your applications and photos, locate your phone in the event of loss or theft and don't let anyone steal your data.<\/p>","protected":false},"excerpt":{"rendered":"<ul>\n<li class=\"point-fort\">Protecting your computer<\/li>\n<li class=\"point-fort\">Web and email protection<\/li>\n<li class=\"point-fort\">Protection against hacker attacks<\/li>\n<li class=\"point-fort\">Protection of confidentiality<\/li>\n<li class=\"point-fort\">Payment protection<\/li>\n<li class=\"point-fort\">Comprehensive family protection<\/li>\n<\/ul>\n<p>Buy and Download\u00a0<strong>AVG Internet Security 2022-2023<\/strong><\/p>\n<p>After placing your order, you will receive :<\/p>\n<ul>\n<li>An email containing the license activation key<strong> AVG Internet Security 2022-2023<\/strong><\/li>\n<li>The download link for\u00a0<strong>AVG Internet Security 2022-2023<\/strong><\/li>\n<li>Installation and activation guides<\/li>\n<\/ul>\n<p>Our customer service is available 7 days a week<\/p>","protected":false},"featured_media":51913,"comment_status":"open","ping_status":"closed","template":"","meta":[],"product_brand":[],"product_cat":[188,1507,20],"product_tag":[],"class_list":{"0":"post-399","1":"product","2":"type-product","3":"status-publish","4":"has-post-thumbnail","6":"product_cat-avg","7":"product_cat-internet-security-avg","8":"product_cat-securite","10":"first","11":"instock","12":"sale","13":"downloadable","14":"virtual","15":"purchasable","16":"product-type-simple","17":"czr-hentry"},"yoast_head":"<!-- This site is optimized with the Yoast SEO plugin v27.4 - https:\/\/yoast.com\/product\/yoast-seo-wordpress\/ -->\n<title>AVG Internet Security 2026 - 10 appareils - Abonnement 2 ans - Alfa Descompte<\/title>\n<meta name=\"robots\" content=\"index, follow, max-snippet:-1, max-image-preview:large, max-video-preview:-1\" \/>\n<link rel=\"canonical\" href=\"https:\/\/alfadescompte.ad\/en\/product-2\/avg-internet-security-pc-10-postes-2-ans\/\" \/>\n<meta property=\"og:locale\" content=\"en_GB\" \/>\n<meta property=\"og:type\" content=\"article\" \/>\n<meta property=\"og:title\" content=\"AVG Internet Security 2026 - 10 appareils - Abonnement 2 ans - Alfa Descompte\" \/>\n<meta property=\"og:description\" content=\"Protection de l&#039;ordinateur  Protection web et des emails  Protection contre les attaques de pirates  Protection de la confidentialit\u00e9  Protection des paiements  Protection familiale int\u00e9grale  Acheter et T\u00e9l\u00e9charger\u00a0AVG Internet Security 2022-2023  Apr\u00e8s avoir pass\u00e9 votre commande, vous recevrez :   Un email contenant la cl\u00e9 d&#039;activation de licence AVG Internet Security 2022-2023  Le lien de t\u00e9l\u00e9chargement pour\u00a0AVG Internet Security 2022-2023  Les guides d\u2019installation et d\u2019activation  Notre service client\u00e8le est disponible 7\/7 jours\" \/>\n<meta property=\"og:url\" content=\"https:\/\/alfadescompte.ad\/en\/product-2\/avg-internet-security-pc-10-postes-2-ans\/\" \/>\n<meta property=\"og:site_name\" content=\"Alfa Descompte\" \/>\n<meta property=\"article:modified_time\" content=\"2026-03-02T17:42:33+00:00\" \/>\n<meta property=\"og:image\" content=\"https:\/\/alfadescompte.ad\/wp-content\/uploads\/2022\/04\/Erika-26.png\" \/>\n\t<meta property=\"og:image:width\" content=\"800\" \/>\n\t<meta property=\"og:image:height\" content=\"800\" \/>\n\t<meta property=\"og:image:type\" content=\"image\/png\" \/>\n<meta name=\"twitter:card\" content=\"summary_large_image\" \/>\n<meta name=\"twitter:label1\" content=\"Estimated reading time\" \/>\n\t<meta name=\"twitter:data1\" content=\"3 minutes\" \/>\n<script type=\"application\/ld+json\" class=\"yoast-schema-graph\">{\"@context\":\"https:\\\/\\\/schema.org\",\"@graph\":[{\"@type\":\"WebPage\",\"@id\":\"https:\\\/\\\/alfadescompte.ad\\\/produit\\\/avg-internet-security-pc-10-postes-2-ans\\\/\",\"url\":\"https:\\\/\\\/alfadescompte.ad\\\/produit\\\/avg-internet-security-pc-10-postes-2-ans\\\/\",\"name\":\"AVG Internet Security 2026 - 10 appareils - Abonnement 2 ans - Alfa Descompte\",\"isPartOf\":{\"@id\":\"https:\\\/\\\/alfadescompte.ad\\\/#website\"},\"primaryImageOfPage\":{\"@id\":\"https:\\\/\\\/alfadescompte.ad\\\/produit\\\/avg-internet-security-pc-10-postes-2-ans\\\/#primaryimage\"},\"image\":{\"@id\":\"https:\\\/\\\/alfadescompte.ad\\\/produit\\\/avg-internet-security-pc-10-postes-2-ans\\\/#primaryimage\"},\"thumbnailUrl\":\"https:\\\/\\\/alfadescompte.ad\\\/wp-content\\\/uploads\\\/2022\\\/04\\\/Erika-26.png\",\"datePublished\":\"2022-04-06T10:44:13+00:00\",\"dateModified\":\"2026-03-02T17:42:33+00:00\",\"breadcrumb\":{\"@id\":\"https:\\\/\\\/alfadescompte.ad\\\/produit\\\/avg-internet-security-pc-10-postes-2-ans\\\/#breadcrumb\"},\"inLanguage\":\"en-GB\",\"potentialAction\":[{\"@type\":\"ReadAction\",\"target\":[\"https:\\\/\\\/alfadescompte.ad\\\/produit\\\/avg-internet-security-pc-10-postes-2-ans\\\/\"]}]},{\"@type\":\"ImageObject\",\"inLanguage\":\"en-GB\",\"@id\":\"https:\\\/\\\/alfadescompte.ad\\\/produit\\\/avg-internet-security-pc-10-postes-2-ans\\\/#primaryimage\",\"url\":\"https:\\\/\\\/alfadescompte.ad\\\/wp-content\\\/uploads\\\/2022\\\/04\\\/Erika-26.png\",\"contentUrl\":\"https:\\\/\\\/alfadescompte.ad\\\/wp-content\\\/uploads\\\/2022\\\/04\\\/Erika-26.png\",\"width\":800,\"height\":800},{\"@type\":\"BreadcrumbList\",\"@id\":\"https:\\\/\\\/alfadescompte.ad\\\/produit\\\/avg-internet-security-pc-10-postes-2-ans\\\/#breadcrumb\",\"itemListElement\":[{\"@type\":\"ListItem\",\"position\":1,\"name\":\"Accueil\",\"item\":\"https:\\\/\\\/alfadescompte.ad\\\/fr\\\/\"},{\"@type\":\"ListItem\",\"position\":2,\"name\":\"Boutique\",\"item\":\"https:\\\/\\\/alfadescompte.ad\\\/en\\\/boutique\\\/\"},{\"@type\":\"ListItem\",\"position\":3,\"name\":\"AVG Internet Security 2026 &#8211; 10 appareils &#8211; Abonnement 2 ans\"}]},{\"@type\":\"WebSite\",\"@id\":\"https:\\\/\\\/alfadescompte.ad\\\/#website\",\"url\":\"https:\\\/\\\/alfadescompte.ad\\\/\",\"name\":\"Alfa Descompte\",\"description\":\"\",\"publisher\":{\"@id\":\"https:\\\/\\\/alfadescompte.ad\\\/#organization\"},\"potentialAction\":[{\"@type\":\"SearchAction\",\"target\":{\"@type\":\"EntryPoint\",\"urlTemplate\":\"https:\\\/\\\/alfadescompte.ad\\\/?s={search_term_string}\"},\"query-input\":{\"@type\":\"PropertyValueSpecification\",\"valueRequired\":true,\"valueName\":\"search_term_string\"}}],\"inLanguage\":\"en-GB\"},{\"@type\":\"Organization\",\"@id\":\"https:\\\/\\\/alfadescompte.ad\\\/#organization\",\"name\":\"Alfa Descompte\",\"url\":\"https:\\\/\\\/alfadescompte.ad\\\/\",\"logo\":{\"@type\":\"ImageObject\",\"inLanguage\":\"en-GB\",\"@id\":\"https:\\\/\\\/alfadescompte.ad\\\/#\\\/schema\\\/logo\\\/image\\\/\",\"url\":\"https:\\\/\\\/alfadescompte.ad\\\/wp-content\\\/uploads\\\/2022\\\/04\\\/cropped-logo-alfa-1-1.png\",\"contentUrl\":\"https:\\\/\\\/alfadescompte.ad\\\/wp-content\\\/uploads\\\/2022\\\/04\\\/cropped-logo-alfa-1-1.png\",\"width\":424,\"height\":128,\"caption\":\"Alfa Descompte\"},\"image\":{\"@id\":\"https:\\\/\\\/alfadescompte.ad\\\/#\\\/schema\\\/logo\\\/image\\\/\"}}]}<\/script>\n<!-- \/ Yoast SEO plugin. -->","yoast_head_json":{"title":"AVG Internet Security 2026 - 10 devices - 2 year subscription - Alfa Descompte","robots":{"index":"index","follow":"follow","max-snippet":"max-snippet:-1","max-image-preview":"max-image-preview:large","max-video-preview":"max-video-preview:-1"},"canonical":"https:\/\/alfadescompte.ad\/en\/product-2\/avg-internet-security-pc-10-postes-2-ans\/","og_locale":"en_GB","og_type":"article","og_title":"AVG Internet Security 2026 - 10 appareils - Abonnement 2 ans - Alfa Descompte","og_description":"Protection de l'ordinateur  Protection web et des emails  Protection contre les attaques de pirates  Protection de la confidentialit\u00e9  Protection des paiements  Protection familiale int\u00e9grale  Acheter et T\u00e9l\u00e9charger\u00a0AVG Internet Security 2022-2023  Apr\u00e8s avoir pass\u00e9 votre commande, vous recevrez :   Un email contenant la cl\u00e9 d'activation de licence AVG Internet Security 2022-2023  Le lien de t\u00e9l\u00e9chargement pour\u00a0AVG Internet Security 2022-2023  Les guides d\u2019installation et d\u2019activation  Notre service client\u00e8le est disponible 7\/7 jours","og_url":"https:\/\/alfadescompte.ad\/en\/product-2\/avg-internet-security-pc-10-postes-2-ans\/","og_site_name":"Alfa Descompte","article_modified_time":"2026-03-02T17:42:33+00:00","og_image":[{"width":800,"height":800,"url":"https:\/\/alfadescompte.ad\/wp-content\/uploads\/2022\/04\/Erika-26.png","type":"image\/png"}],"twitter_card":"summary_large_image","twitter_misc":{"Estimated reading time":"3 minutes"},"schema":{"@context":"https:\/\/schema.org","@graph":[{"@type":"WebPage","@id":"https:\/\/alfadescompte.ad\/produit\/avg-internet-security-pc-10-postes-2-ans\/","url":"https:\/\/alfadescompte.ad\/produit\/avg-internet-security-pc-10-postes-2-ans\/","name":"AVG Internet Security 2026 - 10 devices - 2 year subscription - Alfa Descompte","isPartOf":{"@id":"https:\/\/alfadescompte.ad\/#website"},"primaryImageOfPage":{"@id":"https:\/\/alfadescompte.ad\/produit\/avg-internet-security-pc-10-postes-2-ans\/#primaryimage"},"image":{"@id":"https:\/\/alfadescompte.ad\/produit\/avg-internet-security-pc-10-postes-2-ans\/#primaryimage"},"thumbnailUrl":"https:\/\/alfadescompte.ad\/wp-content\/uploads\/2022\/04\/Erika-26.png","datePublished":"2022-04-06T10:44:13+00:00","dateModified":"2026-03-02T17:42:33+00:00","breadcrumb":{"@id":"https:\/\/alfadescompte.ad\/produit\/avg-internet-security-pc-10-postes-2-ans\/#breadcrumb"},"inLanguage":"en-GB","potentialAction":[{"@type":"ReadAction","target":["https:\/\/alfadescompte.ad\/produit\/avg-internet-security-pc-10-postes-2-ans\/"]}]},{"@type":"ImageObject","inLanguage":"en-GB","@id":"https:\/\/alfadescompte.ad\/produit\/avg-internet-security-pc-10-postes-2-ans\/#primaryimage","url":"https:\/\/alfadescompte.ad\/wp-content\/uploads\/2022\/04\/Erika-26.png","contentUrl":"https:\/\/alfadescompte.ad\/wp-content\/uploads\/2022\/04\/Erika-26.png","width":800,"height":800},{"@type":"BreadcrumbList","@id":"https:\/\/alfadescompte.ad\/produit\/avg-internet-security-pc-10-postes-2-ans\/#breadcrumb","itemListElement":[{"@type":"ListItem","position":1,"name":"Accueil","item":"https:\/\/alfadescompte.ad\/fr\/"},{"@type":"ListItem","position":2,"name":"Boutique","item":"https:\/\/alfadescompte.ad\/en\/boutique\/"},{"@type":"ListItem","position":3,"name":"AVG Internet Security 2026 &#8211; 10 appareils &#8211; Abonnement 2 ans"}]},{"@type":"WebSite","@id":"https:\/\/alfadescompte.ad\/#website","url":"https:\/\/alfadescompte.ad\/","name":"Alfa Descompte","description":"","publisher":{"@id":"https:\/\/alfadescompte.ad\/#organization"},"potentialAction":[{"@type":"SearchAction","target":{"@type":"EntryPoint","urlTemplate":"https:\/\/alfadescompte.ad\/?s={search_term_string}"},"query-input":{"@type":"PropertyValueSpecification","valueRequired":true,"valueName":"search_term_string"}}],"inLanguage":"en-GB"},{"@type":"Organization","@id":"https:\/\/alfadescompte.ad\/#organization","name":"Alfa Descompte","url":"https:\/\/alfadescompte.ad\/","logo":{"@type":"ImageObject","inLanguage":"en-GB","@id":"https:\/\/alfadescompte.ad\/#\/schema\/logo\/image\/","url":"https:\/\/alfadescompte.ad\/wp-content\/uploads\/2022\/04\/cropped-logo-alfa-1-1.png","contentUrl":"https:\/\/alfadescompte.ad\/wp-content\/uploads\/2022\/04\/cropped-logo-alfa-1-1.png","width":424,"height":128,"caption":"Alfa Descompte"},"image":{"@id":"https:\/\/alfadescompte.ad\/#\/schema\/logo\/image\/"}}]}},"_links":{"self":[{"href":"https:\/\/alfadescompte.ad\/en\/wp-json\/wp\/v2\/product\/399","targetHints":{"allow":["GET"]}}],"collection":[{"href":"https:\/\/alfadescompte.ad\/en\/wp-json\/wp\/v2\/product"}],"about":[{"href":"https:\/\/alfadescompte.ad\/en\/wp-json\/wp\/v2\/types\/product"}],"replies":[{"embeddable":true,"href":"https:\/\/alfadescompte.ad\/en\/wp-json\/wp\/v2\/comments?post=399"}],"wp:featuredmedia":[{"embeddable":true,"href":"https:\/\/alfadescompte.ad\/en\/wp-json\/wp\/v2\/media\/51913"}],"wp:attachment":[{"href":"https:\/\/alfadescompte.ad\/en\/wp-json\/wp\/v2\/media?parent=399"}],"wp:term":[{"taxonomy":"product_brand","embeddable":true,"href":"https:\/\/alfadescompte.ad\/en\/wp-json\/wp\/v2\/product_brand?post=399"},{"taxonomy":"product_cat","embeddable":true,"href":"https:\/\/alfadescompte.ad\/en\/wp-json\/wp\/v2\/product_cat?post=399"},{"taxonomy":"product_tag","embeddable":true,"href":"https:\/\/alfadescompte.ad\/en\/wp-json\/wp\/v2\/product_tag?post=399"}],"curies":[{"name":"wp","href":"https:\/\/api.w.org\/{rel}","templated":true}]}}