{"id":403,"date":"2022-04-06T12:52:33","date_gmt":"2022-04-06T10:52:33","guid":{"rendered":"http:\/\/alfadescompte.com\/?post_type=product&#038;p=403"},"modified":"2026-03-02T18:42:28","modified_gmt":"2026-03-02T17:42:28","slug":"avg-tuneup-pc-10-postes-1-an","status":"publish","type":"product","link":"https:\/\/alfadescompte.ad\/en\/product-2\/avg-tuneup-pc-10-postes-1-an\/","title":{"rendered":"AVG TuneUp 2026 - 10 devices - 1 year subscription"},"content":{"rendered":"<div class=\"fancybox-wrap fancybox-desktop fancybox-type-ajax fancybox-opened\">\n<div class=\"fancybox-skin\">\n<div class=\"fancybox-outer\">\n<div class=\"fancybox-inner\">\n<div id=\"popup-fiche\">\n<div class=\"wrapper-fiche\">\n<div class=\"content-fiche\">\n<div class=\"description\">\n<p>Extend the life of your PC or optimise the performance of your new PC with AVG TuneUp. It comes with a newly redesigned Sleep Mode to optimise your PC's performance, as well as disk cleaning and browser programs to free up storage space.<\/p>\n<h2>NEW FEATURES AND IMPROVEMENTS<\/h2>\n<h3>AUTOMATICALLY CORRECTS AND MAINTAINS YOUR PC<\/h3>\n<p>AVG's enhanced automatic maintenance takes care of your PC every week for you, so you can enjoy better performance with ease, 24\/7.<\/p>\n<ul>\n<li>Automatically cleans your registry: if you want your Windows operating system to work as it should and avoid incidents and crashes, let AVG TuneUp identify problems and fix them automatically.<\/li>\n<li>Takes care of your PC with automatic maintenance: automatic maintenance deletes browser traces, tracking cookies, cached files and residual program files to free up more disk space.<\/li>\n<\/ul>\n<h3>SPEED UP AND OPTIMISE YOUR PC<\/h3>\n<p>If your PC takes too long to start up, if your programs run slowly, if your games are jerky and your web browsing is slower than ever, AVG TuneUp is the solution for you. Here's how it works:<\/p>\n<ul>\n<li>Optimise your PC with Sleep Mode: installed programmes slow you down by taking up too much memory on your PC and processor. The completely redesigned Sleep Mode technology puts these programs to sleep and activates them when you need them, not before.<\/li>\n<\/ul>\n<h3>REMOVE BLOATWARE AND UNWANTED PROGRAMMES<\/h3>\n<p>Whether it's old, unused programs, toolbars or trial versions, or software that's pre-installed on your PC, it all takes up space and can cause problems for your PC.<\/p>\n<ul>\n<li>Search for and remove unwanted software with the software uninstaller: the software uninstaller detects bloatware and helps you remove it, as well as programs you no longer use or have even forgotten about.<\/li>\n<\/ul>\n<h3>FREE UP YOUR STORAGE SPACE AND CLEAN UP OVER 200 APPLICATIONS<\/h3>\n<p>Your PC starts to accumulate unwanted files and programmes from the very first day you use it: superfluous Windows files, unwanted files from the Web and residual files from your programmes. All this takes up space and can cause problems over time. There are two possible solutions:<\/p>\n<ul>\n<li>Deep clean your hard drive with Disk Cleanup: from installation files to cache, from old backups to temporary system files. They used to be useful but now they just slow down your PC, so AVG TuneUp cleans them up and frees up space for what's really important.<\/li>\n<li>Surf lighter and faster with Browser Cleaner: temporary data and online browsing residue? Gone. AVG TuneUp removes files that Internet Explorer, Chrome, Firefox, etc. can't get rid of on their own. The result? A lighter, faster browser that's less prone to bugs.<\/li>\n<\/ul>\n<h3>UPDATE ALL YOUR PROGRAMMES WITH A SINGLE CLICK<\/h3>\n<p>Prevent security issues, bugs and annoying installers: AVG TuneUp software update checks your installed software such as Java, VLC and Skype and easily updates them to the latest versions.<\/p>\n<ul>\n<li>Hassle-free software updates: software updates work automatically and support updates for over 50 popular applications (and the list is growing).<\/li>\n<\/ul>\n<\/div>\n<\/div>\n<\/div>\n<\/div>\n<\/div>\n<\/div>\n<div class=\"fancybox-item fancybox-close\" title=\"Close\"><\/div>\n<\/div>\n<\/div>","protected":false},"excerpt":{"rendered":"<ul>\n<li class=\"point-fort\">Benefit from full automatic maintenance<\/li>\n<li class=\"point-fort\">Optimise your Windows PC<\/li>\n<li class=\"point-fort\">Uninstall software you don't need<\/li>\n<li class=\"point-fort\">Delete unwanted files to free up space<\/li>\n<li class=\"point-fort\">Update your programmes automatically<\/li>\n<\/ul>\n<p>Buy and Download <strong>AVG TuneUp 2022-2023<\/strong><\/p>\n<p>After placing your order, you will receive :<\/p>\n<ul>\n<li>An email containing the license activation key<strong> AVG TuneUp 2022-2023<\/strong><\/li>\n<li>The download link for <strong>AVG TuneUp 2022-2023<\/strong><\/li>\n<li>Installation and activation guides<\/li>\n<\/ul>\n<p>Our customer service is available 7 days a week<\/p>","protected":false},"featured_media":51905,"comment_status":"open","ping_status":"closed","template":"","meta":[],"product_brand":[],"product_cat":[188,1508,20],"product_tag":[],"class_list":{"0":"post-403","1":"product","2":"type-product","3":"status-publish","4":"has-post-thumbnail","6":"product_cat-avg","7":"product_cat-avg-tuneup","8":"product_cat-securite","10":"first","11":"instock","12":"sale","13":"downloadable","14":"virtual","15":"purchasable","16":"product-type-simple","17":"czr-hentry"},"yoast_head":"<!-- This site is optimized with the Yoast SEO plugin v27.4 - https:\/\/yoast.com\/product\/yoast-seo-wordpress\/ -->\n<title>AVG TuneUp 2026 - 10 appareils - Abonnement 1 an - Alfa Descompte<\/title>\n<meta name=\"robots\" content=\"index, follow, max-snippet:-1, max-image-preview:large, max-video-preview:-1\" \/>\n<link rel=\"canonical\" href=\"https:\/\/alfadescompte.ad\/en\/product-2\/avg-tuneup-pc-10-postes-1-an\/\" \/>\n<meta property=\"og:locale\" content=\"en_GB\" \/>\n<meta property=\"og:type\" content=\"article\" \/>\n<meta property=\"og:title\" content=\"AVG TuneUp 2026 - 10 appareils - Abonnement 1 an - Alfa Descompte\" \/>\n<meta property=\"og:description\" content=\"B\u00e9n\u00e9ficiez de la maintenance automatique compl\u00e8te  Optimisez votre PC sous Windows  D\u00e9sinstallez les logiciels dont vous n&#039;avez pas besoin  Supprimez les fichiers ind\u00e9sirables pour lib\u00e9rer de l&#039;espace  Mettez vos programmes \u00e0 jour automatiquement  Acheter et T\u00e9l\u00e9charger AVG TuneUp 2022-2023  Apr\u00e8s avoir pass\u00e9 votre commande, vous recevrez :   Un email contenant la cl\u00e9 d&#039;activation de licence AVG TuneUp 2022-2023  Le lien de t\u00e9l\u00e9chargement pour AVG TuneUp 2022-2023  Les guides d\u2019installation et d\u2019activation  Notre service client\u00e8le est disponible 7\/7 jours\" \/>\n<meta property=\"og:url\" content=\"https:\/\/alfadescompte.ad\/en\/product-2\/avg-tuneup-pc-10-postes-1-an\/\" \/>\n<meta property=\"og:site_name\" content=\"Alfa Descompte\" \/>\n<meta property=\"article:modified_time\" content=\"2026-03-02T17:42:28+00:00\" \/>\n<meta property=\"og:image\" content=\"https:\/\/alfadescompte.ad\/wp-content\/uploads\/2022\/04\/Erika-25.png\" \/>\n\t<meta property=\"og:image:width\" content=\"800\" \/>\n\t<meta property=\"og:image:height\" content=\"800\" \/>\n\t<meta property=\"og:image:type\" content=\"image\/png\" \/>\n<meta name=\"twitter:card\" content=\"summary_large_image\" \/>\n<meta name=\"twitter:label1\" content=\"Estimated reading time\" \/>\n\t<meta name=\"twitter:data1\" content=\"4 minutes\" \/>\n<script type=\"application\/ld+json\" class=\"yoast-schema-graph\">{\"@context\":\"https:\\\/\\\/schema.org\",\"@graph\":[{\"@type\":\"WebPage\",\"@id\":\"https:\\\/\\\/alfadescompte.ad\\\/produit\\\/avg-tuneup-pc-10-postes-1-an\\\/\",\"url\":\"https:\\\/\\\/alfadescompte.ad\\\/produit\\\/avg-tuneup-pc-10-postes-1-an\\\/\",\"name\":\"AVG TuneUp 2026 - 10 appareils - Abonnement 1 an - Alfa Descompte\",\"isPartOf\":{\"@id\":\"https:\\\/\\\/alfadescompte.ad\\\/#website\"},\"primaryImageOfPage\":{\"@id\":\"https:\\\/\\\/alfadescompte.ad\\\/produit\\\/avg-tuneup-pc-10-postes-1-an\\\/#primaryimage\"},\"image\":{\"@id\":\"https:\\\/\\\/alfadescompte.ad\\\/produit\\\/avg-tuneup-pc-10-postes-1-an\\\/#primaryimage\"},\"thumbnailUrl\":\"https:\\\/\\\/alfadescompte.ad\\\/wp-content\\\/uploads\\\/2022\\\/04\\\/Erika-25.png\",\"datePublished\":\"2022-04-06T10:52:33+00:00\",\"dateModified\":\"2026-03-02T17:42:28+00:00\",\"breadcrumb\":{\"@id\":\"https:\\\/\\\/alfadescompte.ad\\\/produit\\\/avg-tuneup-pc-10-postes-1-an\\\/#breadcrumb\"},\"inLanguage\":\"en-GB\",\"potentialAction\":[{\"@type\":\"ReadAction\",\"target\":[\"https:\\\/\\\/alfadescompte.ad\\\/produit\\\/avg-tuneup-pc-10-postes-1-an\\\/\"]}]},{\"@type\":\"ImageObject\",\"inLanguage\":\"en-GB\",\"@id\":\"https:\\\/\\\/alfadescompte.ad\\\/produit\\\/avg-tuneup-pc-10-postes-1-an\\\/#primaryimage\",\"url\":\"https:\\\/\\\/alfadescompte.ad\\\/wp-content\\\/uploads\\\/2022\\\/04\\\/Erika-25.png\",\"contentUrl\":\"https:\\\/\\\/alfadescompte.ad\\\/wp-content\\\/uploads\\\/2022\\\/04\\\/Erika-25.png\",\"width\":800,\"height\":800},{\"@type\":\"BreadcrumbList\",\"@id\":\"https:\\\/\\\/alfadescompte.ad\\\/produit\\\/avg-tuneup-pc-10-postes-1-an\\\/#breadcrumb\",\"itemListElement\":[{\"@type\":\"ListItem\",\"position\":1,\"name\":\"Accueil\",\"item\":\"https:\\\/\\\/alfadescompte.ad\\\/fr\\\/\"},{\"@type\":\"ListItem\",\"position\":2,\"name\":\"Boutique\",\"item\":\"https:\\\/\\\/alfadescompte.ad\\\/en\\\/boutique\\\/\"},{\"@type\":\"ListItem\",\"position\":3,\"name\":\"AVG TuneUp 2026 &#8211; 10 appareils &#8211; Abonnement 1 an\"}]},{\"@type\":\"WebSite\",\"@id\":\"https:\\\/\\\/alfadescompte.ad\\\/#website\",\"url\":\"https:\\\/\\\/alfadescompte.ad\\\/\",\"name\":\"Alfa Descompte\",\"description\":\"\",\"publisher\":{\"@id\":\"https:\\\/\\\/alfadescompte.ad\\\/#organization\"},\"potentialAction\":[{\"@type\":\"SearchAction\",\"target\":{\"@type\":\"EntryPoint\",\"urlTemplate\":\"https:\\\/\\\/alfadescompte.ad\\\/?s={search_term_string}\"},\"query-input\":{\"@type\":\"PropertyValueSpecification\",\"valueRequired\":true,\"valueName\":\"search_term_string\"}}],\"inLanguage\":\"en-GB\"},{\"@type\":\"Organization\",\"@id\":\"https:\\\/\\\/alfadescompte.ad\\\/#organization\",\"name\":\"Alfa Descompte\",\"url\":\"https:\\\/\\\/alfadescompte.ad\\\/\",\"logo\":{\"@type\":\"ImageObject\",\"inLanguage\":\"en-GB\",\"@id\":\"https:\\\/\\\/alfadescompte.ad\\\/#\\\/schema\\\/logo\\\/image\\\/\",\"url\":\"https:\\\/\\\/alfadescompte.ad\\\/wp-content\\\/uploads\\\/2022\\\/04\\\/cropped-logo-alfa-1-1.png\",\"contentUrl\":\"https:\\\/\\\/alfadescompte.ad\\\/wp-content\\\/uploads\\\/2022\\\/04\\\/cropped-logo-alfa-1-1.png\",\"width\":424,\"height\":128,\"caption\":\"Alfa Descompte\"},\"image\":{\"@id\":\"https:\\\/\\\/alfadescompte.ad\\\/#\\\/schema\\\/logo\\\/image\\\/\"}}]}<\/script>\n<!-- \/ Yoast SEO plugin. -->","yoast_head_json":{"title":"AVG TuneUp 2026 - 10 devices - 1 year subscription - Alfa Descompte","robots":{"index":"index","follow":"follow","max-snippet":"max-snippet:-1","max-image-preview":"max-image-preview:large","max-video-preview":"max-video-preview:-1"},"canonical":"https:\/\/alfadescompte.ad\/en\/product-2\/avg-tuneup-pc-10-postes-1-an\/","og_locale":"en_GB","og_type":"article","og_title":"AVG TuneUp 2026 - 10 appareils - Abonnement 1 an - Alfa Descompte","og_description":"B\u00e9n\u00e9ficiez de la maintenance automatique compl\u00e8te  Optimisez votre PC sous Windows  D\u00e9sinstallez les logiciels dont vous n'avez pas besoin  Supprimez les fichiers ind\u00e9sirables pour lib\u00e9rer de l'espace  Mettez vos programmes \u00e0 jour automatiquement  Acheter et T\u00e9l\u00e9charger AVG TuneUp 2022-2023  Apr\u00e8s avoir pass\u00e9 votre commande, vous recevrez :   Un email contenant la cl\u00e9 d'activation de licence AVG TuneUp 2022-2023  Le lien de t\u00e9l\u00e9chargement pour AVG TuneUp 2022-2023  Les guides d\u2019installation et d\u2019activation  Notre service client\u00e8le est disponible 7\/7 jours","og_url":"https:\/\/alfadescompte.ad\/en\/product-2\/avg-tuneup-pc-10-postes-1-an\/","og_site_name":"Alfa Descompte","article_modified_time":"2026-03-02T17:42:28+00:00","og_image":[{"width":800,"height":800,"url":"https:\/\/alfadescompte.ad\/wp-content\/uploads\/2022\/04\/Erika-25.png","type":"image\/png"}],"twitter_card":"summary_large_image","twitter_misc":{"Estimated reading time":"4 minutes"},"schema":{"@context":"https:\/\/schema.org","@graph":[{"@type":"WebPage","@id":"https:\/\/alfadescompte.ad\/produit\/avg-tuneup-pc-10-postes-1-an\/","url":"https:\/\/alfadescompte.ad\/produit\/avg-tuneup-pc-10-postes-1-an\/","name":"AVG TuneUp 2026 - 10 devices - 1 year subscription - Alfa Descompte","isPartOf":{"@id":"https:\/\/alfadescompte.ad\/#website"},"primaryImageOfPage":{"@id":"https:\/\/alfadescompte.ad\/produit\/avg-tuneup-pc-10-postes-1-an\/#primaryimage"},"image":{"@id":"https:\/\/alfadescompte.ad\/produit\/avg-tuneup-pc-10-postes-1-an\/#primaryimage"},"thumbnailUrl":"https:\/\/alfadescompte.ad\/wp-content\/uploads\/2022\/04\/Erika-25.png","datePublished":"2022-04-06T10:52:33+00:00","dateModified":"2026-03-02T17:42:28+00:00","breadcrumb":{"@id":"https:\/\/alfadescompte.ad\/produit\/avg-tuneup-pc-10-postes-1-an\/#breadcrumb"},"inLanguage":"en-GB","potentialAction":[{"@type":"ReadAction","target":["https:\/\/alfadescompte.ad\/produit\/avg-tuneup-pc-10-postes-1-an\/"]}]},{"@type":"ImageObject","inLanguage":"en-GB","@id":"https:\/\/alfadescompte.ad\/produit\/avg-tuneup-pc-10-postes-1-an\/#primaryimage","url":"https:\/\/alfadescompte.ad\/wp-content\/uploads\/2022\/04\/Erika-25.png","contentUrl":"https:\/\/alfadescompte.ad\/wp-content\/uploads\/2022\/04\/Erika-25.png","width":800,"height":800},{"@type":"BreadcrumbList","@id":"https:\/\/alfadescompte.ad\/produit\/avg-tuneup-pc-10-postes-1-an\/#breadcrumb","itemListElement":[{"@type":"ListItem","position":1,"name":"Accueil","item":"https:\/\/alfadescompte.ad\/fr\/"},{"@type":"ListItem","position":2,"name":"Boutique","item":"https:\/\/alfadescompte.ad\/en\/boutique\/"},{"@type":"ListItem","position":3,"name":"AVG TuneUp 2026 &#8211; 10 appareils &#8211; Abonnement 1 an"}]},{"@type":"WebSite","@id":"https:\/\/alfadescompte.ad\/#website","url":"https:\/\/alfadescompte.ad\/","name":"Alfa Descompte","description":"","publisher":{"@id":"https:\/\/alfadescompte.ad\/#organization"},"potentialAction":[{"@type":"SearchAction","target":{"@type":"EntryPoint","urlTemplate":"https:\/\/alfadescompte.ad\/?s={search_term_string}"},"query-input":{"@type":"PropertyValueSpecification","valueRequired":true,"valueName":"search_term_string"}}],"inLanguage":"en-GB"},{"@type":"Organization","@id":"https:\/\/alfadescompte.ad\/#organization","name":"Alfa Descompte","url":"https:\/\/alfadescompte.ad\/","logo":{"@type":"ImageObject","inLanguage":"en-GB","@id":"https:\/\/alfadescompte.ad\/#\/schema\/logo\/image\/","url":"https:\/\/alfadescompte.ad\/wp-content\/uploads\/2022\/04\/cropped-logo-alfa-1-1.png","contentUrl":"https:\/\/alfadescompte.ad\/wp-content\/uploads\/2022\/04\/cropped-logo-alfa-1-1.png","width":424,"height":128,"caption":"Alfa Descompte"},"image":{"@id":"https:\/\/alfadescompte.ad\/#\/schema\/logo\/image\/"}}]}},"_links":{"self":[{"href":"https:\/\/alfadescompte.ad\/en\/wp-json\/wp\/v2\/product\/403","targetHints":{"allow":["GET"]}}],"collection":[{"href":"https:\/\/alfadescompte.ad\/en\/wp-json\/wp\/v2\/product"}],"about":[{"href":"https:\/\/alfadescompte.ad\/en\/wp-json\/wp\/v2\/types\/product"}],"replies":[{"embeddable":true,"href":"https:\/\/alfadescompte.ad\/en\/wp-json\/wp\/v2\/comments?post=403"}],"wp:featuredmedia":[{"embeddable":true,"href":"https:\/\/alfadescompte.ad\/en\/wp-json\/wp\/v2\/media\/51905"}],"wp:attachment":[{"href":"https:\/\/alfadescompte.ad\/en\/wp-json\/wp\/v2\/media?parent=403"}],"wp:term":[{"taxonomy":"product_brand","embeddable":true,"href":"https:\/\/alfadescompte.ad\/en\/wp-json\/wp\/v2\/product_brand?post=403"},{"taxonomy":"product_cat","embeddable":true,"href":"https:\/\/alfadescompte.ad\/en\/wp-json\/wp\/v2\/product_cat?post=403"},{"taxonomy":"product_tag","embeddable":true,"href":"https:\/\/alfadescompte.ad\/en\/wp-json\/wp\/v2\/product_tag?post=403"}],"curies":[{"name":"wp","href":"https:\/\/api.w.org\/{rel}","templated":true}]}}