{"id":429,"date":"2022-04-06T13:50:28","date_gmt":"2022-04-06T11:50:28","guid":{"rendered":"http:\/\/alfadescompte.com\/?post_type=product&#038;p=429"},"modified":"2026-03-03T08:38:44","modified_gmt":"2026-03-03T07:38:44","slug":"norton-360-premium-75-gb-cloud-storage","status":"publish","type":"product","link":"https:\/\/alfadescompte.ad\/en\/product-2\/norton-360-premium-75-gb-cloud-storage\/","title":{"rendered":"Norton 360 Premium 2026 -10 devices - 1 year subscription"},"content":{"rendered":"<div class=\"fancybox-wrap fancybox-desktop fancybox-type-ajax fancybox-opened\">\n<div class=\"fancybox-skin\">\n<div class=\"fancybox-outer\">\n<div class=\"fancybox-inner\">\n<div id=\"popup-fiche\">\n<div class=\"wrapper-fiche\">\n<div class=\"content-fiche\">\n<div class=\"description\">\n<h3><strong>Norton 360 Premium 2026 -10 devices - 1 year subscription<\/strong><\/h3>\n<p>Norton's innovative security technologies are powered by artificial intelligence and machine learning, and the world's largest cyber threat intelligence network. These technologies also include multiple layers of defenses to protect your devices from viruses, malware, spyware and ransomware.<\/p>\n<p>Today's threats are complex, with Norton's advanced security technologies and response teams monitoring 24 hours a day around the world to thwart cybercriminals and stop the latest attacks before they reach your device and to protect your personal and financial information when you go online.<\/p>\n<p>The Norton Smart Firewall feature monitors network traffic sent and received on your computer when you are connected to the Internet and blocks suspicious traffic. This helps protect your personal files and data on your device from malicious attacks and prying eyes.<\/p>\n<h3>WHAT'S NEW IN NORTON 360<\/h3>\n<ul>\n<li><strong>Multi-device protection :<\/strong>\u00a0Norton 360 provides real-time protection for your PC, Mac, smartphone or tablet against ransomware, viruses, spyware, malware and other online threats.<\/li>\n<li><strong>Real-time threat protection :<\/strong>\u00a0Advanced, multi-layered security helps protect against existing and emerging threats to your devices and safeguard your private and financial information when you go online.<\/li>\n<li><strong>Intelligent firewall :<\/strong>\u00a0Monitors communications between your computer and other computers and blocks unauthorised traffic, helping to protect your personal files and financial information.<\/li>\n<li><strong>Secure VPN :<\/strong>\u00a0Surf anonymously and securely with Norton 360 VPN. With a single click, Secure VPN gives you the ability to secure your connection every time you go online, even with public Wi-Fi. Your personal information is encrypted, preventing cybercriminals from intercepting your connection and gaining access to your valuable personal information.<\/li>\n<li><strong>Password manager :<\/strong>\u00a0Easily create, store, and manage complex passwords, credit card information, and other credentials securely online.<\/li>\n<li><strong>Online backup :<\/strong>\u00a0Automatic and secure cloud backup for PCs - to store and protect important files and documents against hard drive failure, stolen devices and even ransomware.<\/li>\n<li><strong>Parental control :<\/strong>\u00a0Manage your children's online activities. Help them explore, learn and enjoy their connected world safely.<\/li>\n<li><strong>SafeCam :<\/strong>\u00a0Be alerted if cybercriminals try to use your webcam and can specifically block unauthorised access to your webcam.<\/li>\n<\/ul>\n<h3>NEW: DARK WEB MONITORING INCLUDED!<\/h3>\n<p>Cybercriminals can meet anonymously on Dark Web sites to illegally purchase personal data. The Dark Web Monitoring module in Norton 360 continuously examines Dark Web sites and private forums to check for your personal data and warn you if it is detected.<\/p>\n<p>What is the Dark Web? An \"underground\" part of the web that is not searchable via the usual search engines. The Dark Web is where cybercriminals sell information, including personal data such as email addresses.<\/p>\n<p>SUBSCRIPTION WITH AUTOMATIC RENEWAL :<\/p>\n<p>There is no interruption of protection, as this subscription is automatically renewed every year. If you don't want to be renewed, you can cancel the automatic renewal on your Norton account AT ANY TIME.<\/p>\n<p>A payment method (credit card or PayPal) must be registered on your Norton account to activate and use the protection. You will not be charged until the initial prepaid subscription is complete.<\/p>\n<p>The fee is subject to change, but Norton will always send you an email notification prior to any collection.<\/p>\n<p>System requirements<\/p>\n<ul>\n<li>Processor: 1 Gigaherts (GHz) or faster.<\/li>\n<li>RAM memory: 1 Gigabyte (GB) (32-bit) or 2 GB (64-bit)<\/li>\n<li>Available disk space: 16 GB<\/li>\n<li>Graphics card: Microsoft DirectX 9 graphics device with WDDM driver.<\/li>\n<\/ul>\n<\/div>\n<\/div>\n<\/div>\n<\/div>\n<\/div>\n<\/div>\n<div class=\"fancybox-item fancybox-close\" title=\"Close\"><\/div>\n<\/div>\n<\/div>","protected":false},"excerpt":{"rendered":"<p>Buy your original activation key today and receive your ultra-fast download link and unique activation key by e-mail.<\/p>\n<p>- Get your activation code in 15 minutes.<br \/>\n- Genuine 100% key<br \/>\n- Authorised for sale in Europe<br \/>\n- Languages: Multi-language<\/p>","protected":false},"featured_media":55768,"comment_status":"open","ping_status":"closed","template":"","meta":[],"product_brand":[],"product_cat":[193,1552,20],"product_tag":[],"class_list":{"0":"post-429","1":"product","2":"type-product","3":"status-publish","4":"has-post-thumbnail","6":"product_cat-norton","7":"product_cat-norton-360-premium","8":"product_cat-securite","10":"first","11":"instock","12":"sale","13":"downloadable","14":"virtual","15":"purchasable","16":"product-type-simple","17":"czr-hentry"},"yoast_head":"<!-- This site is optimized with the Yoast SEO plugin v27.3 - https:\/\/yoast.com\/product\/yoast-seo-wordpress\/ -->\n<title>Norton 360 Premium 2026 -10 appareils - Abonnement 1 an - Alfa Descompte<\/title>\n<meta name=\"robots\" content=\"index, follow, max-snippet:-1, max-image-preview:large, max-video-preview:-1\" \/>\n<link rel=\"canonical\" href=\"https:\/\/alfadescompte.ad\/en\/product-2\/norton-360-premium-75-gb-cloud-storage\/\" \/>\n<meta property=\"og:locale\" content=\"en_GB\" \/>\n<meta property=\"og:type\" content=\"article\" \/>\n<meta property=\"og:title\" content=\"Norton 360 Premium 2026 -10 appareils - Abonnement 1 an - Alfa Descompte\" \/>\n<meta property=\"og:description\" content=\"Achetez aujourd\u2019hui votre cl\u00e9 d&#039;activation originale et recevez par mail votre lien de t\u00e9l\u00e9chargement ultra rapide ainsi que sa cl\u00e9 unique d\u2019activation..  - Obtenir votre code d&#039;activation en 15 minutes. - Cl\u00e9 100% authentique - Vente autoris\u00e9e en Europe - Langues: Multi-langue\" \/>\n<meta property=\"og:url\" content=\"https:\/\/alfadescompte.ad\/en\/product-2\/norton-360-premium-75-gb-cloud-storage\/\" \/>\n<meta property=\"og:site_name\" content=\"Alfa Descompte\" \/>\n<meta property=\"article:modified_time\" content=\"2026-03-03T07:38:44+00:00\" \/>\n<meta property=\"og:image\" content=\"https:\/\/alfadescompte.ad\/wp-content\/uploads\/2022\/04\/ChatGPT-Image-3-mars-2026-08_35_58.png\" \/>\n\t<meta property=\"og:image:width\" content=\"1024\" \/>\n\t<meta property=\"og:image:height\" content=\"1024\" \/>\n\t<meta property=\"og:image:type\" content=\"image\/png\" \/>\n<meta name=\"twitter:card\" content=\"summary_large_image\" \/>\n<meta name=\"twitter:label1\" content=\"Estimated reading time\" \/>\n\t<meta name=\"twitter:data1\" content=\"4 minutes\" \/>\n<script type=\"application\/ld+json\" class=\"yoast-schema-graph\">{\"@context\":\"https:\\\/\\\/schema.org\",\"@graph\":[{\"@type\":\"WebPage\",\"@id\":\"https:\\\/\\\/alfadescompte.ad\\\/produit\\\/norton-360-premium-75-gb-cloud-storage\\\/\",\"url\":\"https:\\\/\\\/alfadescompte.ad\\\/produit\\\/norton-360-premium-75-gb-cloud-storage\\\/\",\"name\":\"Norton 360 Premium 2026 -10 appareils - Abonnement 1 an - Alfa Descompte\",\"isPartOf\":{\"@id\":\"https:\\\/\\\/alfadescompte.ad\\\/#website\"},\"primaryImageOfPage\":{\"@id\":\"https:\\\/\\\/alfadescompte.ad\\\/produit\\\/norton-360-premium-75-gb-cloud-storage\\\/#primaryimage\"},\"image\":{\"@id\":\"https:\\\/\\\/alfadescompte.ad\\\/produit\\\/norton-360-premium-75-gb-cloud-storage\\\/#primaryimage\"},\"thumbnailUrl\":\"https:\\\/\\\/alfadescompte.ad\\\/wp-content\\\/uploads\\\/2022\\\/04\\\/ChatGPT-Image-3-mars-2026-08_35_58.png\",\"datePublished\":\"2022-04-06T11:50:28+00:00\",\"dateModified\":\"2026-03-03T07:38:44+00:00\",\"breadcrumb\":{\"@id\":\"https:\\\/\\\/alfadescompte.ad\\\/produit\\\/norton-360-premium-75-gb-cloud-storage\\\/#breadcrumb\"},\"inLanguage\":\"en-GB\",\"potentialAction\":[{\"@type\":\"ReadAction\",\"target\":[\"https:\\\/\\\/alfadescompte.ad\\\/produit\\\/norton-360-premium-75-gb-cloud-storage\\\/\"]}]},{\"@type\":\"ImageObject\",\"inLanguage\":\"en-GB\",\"@id\":\"https:\\\/\\\/alfadescompte.ad\\\/produit\\\/norton-360-premium-75-gb-cloud-storage\\\/#primaryimage\",\"url\":\"https:\\\/\\\/alfadescompte.ad\\\/wp-content\\\/uploads\\\/2022\\\/04\\\/ChatGPT-Image-3-mars-2026-08_35_58.png\",\"contentUrl\":\"https:\\\/\\\/alfadescompte.ad\\\/wp-content\\\/uploads\\\/2022\\\/04\\\/ChatGPT-Image-3-mars-2026-08_35_58.png\",\"width\":1024,\"height\":1024},{\"@type\":\"BreadcrumbList\",\"@id\":\"https:\\\/\\\/alfadescompte.ad\\\/produit\\\/norton-360-premium-75-gb-cloud-storage\\\/#breadcrumb\",\"itemListElement\":[{\"@type\":\"ListItem\",\"position\":1,\"name\":\"Accueil\",\"item\":\"https:\\\/\\\/alfadescompte.ad\\\/fr\\\/\"},{\"@type\":\"ListItem\",\"position\":2,\"name\":\"Boutique\",\"item\":\"https:\\\/\\\/alfadescompte.ad\\\/en\\\/boutique\\\/\"},{\"@type\":\"ListItem\",\"position\":3,\"name\":\"Norton 360 Premium 2026 -10 appareils &#8211; Abonnement 1 an\"}]},{\"@type\":\"WebSite\",\"@id\":\"https:\\\/\\\/alfadescompte.ad\\\/#website\",\"url\":\"https:\\\/\\\/alfadescompte.ad\\\/\",\"name\":\"Alfa Descompte\",\"description\":\"\",\"publisher\":{\"@id\":\"https:\\\/\\\/alfadescompte.ad\\\/#organization\"},\"potentialAction\":[{\"@type\":\"SearchAction\",\"target\":{\"@type\":\"EntryPoint\",\"urlTemplate\":\"https:\\\/\\\/alfadescompte.ad\\\/?s={search_term_string}\"},\"query-input\":{\"@type\":\"PropertyValueSpecification\",\"valueRequired\":true,\"valueName\":\"search_term_string\"}}],\"inLanguage\":\"en-GB\"},{\"@type\":\"Organization\",\"@id\":\"https:\\\/\\\/alfadescompte.ad\\\/#organization\",\"name\":\"Alfa Descompte\",\"url\":\"https:\\\/\\\/alfadescompte.ad\\\/\",\"logo\":{\"@type\":\"ImageObject\",\"inLanguage\":\"en-GB\",\"@id\":\"https:\\\/\\\/alfadescompte.ad\\\/#\\\/schema\\\/logo\\\/image\\\/\",\"url\":\"https:\\\/\\\/alfadescompte.ad\\\/wp-content\\\/uploads\\\/2022\\\/04\\\/cropped-logo-alfa-1-1.png\",\"contentUrl\":\"https:\\\/\\\/alfadescompte.ad\\\/wp-content\\\/uploads\\\/2022\\\/04\\\/cropped-logo-alfa-1-1.png\",\"width\":424,\"height\":128,\"caption\":\"Alfa Descompte\"},\"image\":{\"@id\":\"https:\\\/\\\/alfadescompte.ad\\\/#\\\/schema\\\/logo\\\/image\\\/\"}}]}<\/script>\n<!-- \/ Yoast SEO plugin. -->","yoast_head_json":{"title":"Norton 360 Premium 2026 -10 devices - 1 year subscription - Alfa Descompte","robots":{"index":"index","follow":"follow","max-snippet":"max-snippet:-1","max-image-preview":"max-image-preview:large","max-video-preview":"max-video-preview:-1"},"canonical":"https:\/\/alfadescompte.ad\/en\/product-2\/norton-360-premium-75-gb-cloud-storage\/","og_locale":"en_GB","og_type":"article","og_title":"Norton 360 Premium 2026 -10 appareils - Abonnement 1 an - Alfa Descompte","og_description":"Achetez aujourd\u2019hui votre cl\u00e9 d'activation originale et recevez par mail votre lien de t\u00e9l\u00e9chargement ultra rapide ainsi que sa cl\u00e9 unique d\u2019activation..  - Obtenir votre code d'activation en 15 minutes. - Cl\u00e9 100% authentique - Vente autoris\u00e9e en Europe - Langues: Multi-langue","og_url":"https:\/\/alfadescompte.ad\/en\/product-2\/norton-360-premium-75-gb-cloud-storage\/","og_site_name":"Alfa Descompte","article_modified_time":"2026-03-03T07:38:44+00:00","og_image":[{"width":1024,"height":1024,"url":"https:\/\/alfadescompte.ad\/wp-content\/uploads\/2022\/04\/ChatGPT-Image-3-mars-2026-08_35_58.png","type":"image\/png"}],"twitter_card":"summary_large_image","twitter_misc":{"Estimated reading time":"4 minutes"},"schema":{"@context":"https:\/\/schema.org","@graph":[{"@type":"WebPage","@id":"https:\/\/alfadescompte.ad\/produit\/norton-360-premium-75-gb-cloud-storage\/","url":"https:\/\/alfadescompte.ad\/produit\/norton-360-premium-75-gb-cloud-storage\/","name":"Norton 360 Premium 2026 -10 devices - 1 year subscription - Alfa Descompte","isPartOf":{"@id":"https:\/\/alfadescompte.ad\/#website"},"primaryImageOfPage":{"@id":"https:\/\/alfadescompte.ad\/produit\/norton-360-premium-75-gb-cloud-storage\/#primaryimage"},"image":{"@id":"https:\/\/alfadescompte.ad\/produit\/norton-360-premium-75-gb-cloud-storage\/#primaryimage"},"thumbnailUrl":"https:\/\/alfadescompte.ad\/wp-content\/uploads\/2022\/04\/ChatGPT-Image-3-mars-2026-08_35_58.png","datePublished":"2022-04-06T11:50:28+00:00","dateModified":"2026-03-03T07:38:44+00:00","breadcrumb":{"@id":"https:\/\/alfadescompte.ad\/produit\/norton-360-premium-75-gb-cloud-storage\/#breadcrumb"},"inLanguage":"en-GB","potentialAction":[{"@type":"ReadAction","target":["https:\/\/alfadescompte.ad\/produit\/norton-360-premium-75-gb-cloud-storage\/"]}]},{"@type":"ImageObject","inLanguage":"en-GB","@id":"https:\/\/alfadescompte.ad\/produit\/norton-360-premium-75-gb-cloud-storage\/#primaryimage","url":"https:\/\/alfadescompte.ad\/wp-content\/uploads\/2022\/04\/ChatGPT-Image-3-mars-2026-08_35_58.png","contentUrl":"https:\/\/alfadescompte.ad\/wp-content\/uploads\/2022\/04\/ChatGPT-Image-3-mars-2026-08_35_58.png","width":1024,"height":1024},{"@type":"BreadcrumbList","@id":"https:\/\/alfadescompte.ad\/produit\/norton-360-premium-75-gb-cloud-storage\/#breadcrumb","itemListElement":[{"@type":"ListItem","position":1,"name":"Accueil","item":"https:\/\/alfadescompte.ad\/fr\/"},{"@type":"ListItem","position":2,"name":"Boutique","item":"https:\/\/alfadescompte.ad\/en\/boutique\/"},{"@type":"ListItem","position":3,"name":"Norton 360 Premium 2026 -10 appareils &#8211; Abonnement 1 an"}]},{"@type":"WebSite","@id":"https:\/\/alfadescompte.ad\/#website","url":"https:\/\/alfadescompte.ad\/","name":"Alfa Descompte","description":"","publisher":{"@id":"https:\/\/alfadescompte.ad\/#organization"},"potentialAction":[{"@type":"SearchAction","target":{"@type":"EntryPoint","urlTemplate":"https:\/\/alfadescompte.ad\/?s={search_term_string}"},"query-input":{"@type":"PropertyValueSpecification","valueRequired":true,"valueName":"search_term_string"}}],"inLanguage":"en-GB"},{"@type":"Organization","@id":"https:\/\/alfadescompte.ad\/#organization","name":"Alfa Descompte","url":"https:\/\/alfadescompte.ad\/","logo":{"@type":"ImageObject","inLanguage":"en-GB","@id":"https:\/\/alfadescompte.ad\/#\/schema\/logo\/image\/","url":"https:\/\/alfadescompte.ad\/wp-content\/uploads\/2022\/04\/cropped-logo-alfa-1-1.png","contentUrl":"https:\/\/alfadescompte.ad\/wp-content\/uploads\/2022\/04\/cropped-logo-alfa-1-1.png","width":424,"height":128,"caption":"Alfa Descompte"},"image":{"@id":"https:\/\/alfadescompte.ad\/#\/schema\/logo\/image\/"}}]}},"_links":{"self":[{"href":"https:\/\/alfadescompte.ad\/en\/wp-json\/wp\/v2\/product\/429","targetHints":{"allow":["GET"]}}],"collection":[{"href":"https:\/\/alfadescompte.ad\/en\/wp-json\/wp\/v2\/product"}],"about":[{"href":"https:\/\/alfadescompte.ad\/en\/wp-json\/wp\/v2\/types\/product"}],"replies":[{"embeddable":true,"href":"https:\/\/alfadescompte.ad\/en\/wp-json\/wp\/v2\/comments?post=429"}],"wp:featuredmedia":[{"embeddable":true,"href":"https:\/\/alfadescompte.ad\/en\/wp-json\/wp\/v2\/media\/55768"}],"wp:attachment":[{"href":"https:\/\/alfadescompte.ad\/en\/wp-json\/wp\/v2\/media?parent=429"}],"wp:term":[{"taxonomy":"product_brand","embeddable":true,"href":"https:\/\/alfadescompte.ad\/en\/wp-json\/wp\/v2\/product_brand?post=429"},{"taxonomy":"product_cat","embeddable":true,"href":"https:\/\/alfadescompte.ad\/en\/wp-json\/wp\/v2\/product_cat?post=429"},{"taxonomy":"product_tag","embeddable":true,"href":"https:\/\/alfadescompte.ad\/en\/wp-json\/wp\/v2\/product_tag?post=429"}],"curies":[{"name":"wp","href":"https:\/\/api.w.org\/{rel}","templated":true}]}}