{"id":4548,"date":"2022-04-08T14:20:41","date_gmt":"2022-04-08T14:20:41","guid":{"rendered":"http:\/\/alfadescompte.com\/?post_type=product&#038;p=4548"},"modified":"2026-04-01T19:10:32","modified_gmt":"2026-04-01T17:10:32","slug":"office-famille-et-petite-entreprise-2021-mac-1-poste-2","status":"publish","type":"product","link":"https:\/\/alfadescompte.ad\/en\/product-2\/office-famille-et-petite-entreprise-2021-mac-1-poste-2\/","title":{"rendered":"Office Home and Small Office 2021 (Mac)"},"content":{"rendered":"<h3>Microsoft Office 2021 Home and Small Office<\/h3>\n<p>Office 2021 is the new edition of Microsoft's legendary office software suite for PCs. Available from 5 October 2021, this latest version of Ms-office offers a range of features on both PC and Windows platforms. It gives Office users access to the latest versions of Word, Exceller, PowerPoint and other applications for a single, attractive price.<br \/>\nOpt for the Family and Small Business Office Pack for optimum use. You'll be able to enjoy all the office applications with your family and friends. What's more, Microsoft gives you access to the OneDrive server for unlimited data storage.<\/p>\n<h3>New features in 2021 Family and Small Business<\/h3>\n<p>With Microsoft Office 2021 Home and Small Office, you benefit from the best performance of Word, Excel and PowerPoint applications that are completely free to access. With the 1, Microsoft Office 2021 licence, you can install all the latest versions of Word, Excel, PowerPoint and OneNote on your PC\/Windows.<\/p>\n<p>It also offers a number of new features, the most important of which is the new intelligent search field. It is designed to bring up all your documents and specific portions of text more easily, especially in the Word tool.<\/p>\n<p>PowerPoint, too, has undergone some extraordinary changes. This version gives you tools for creating original, breathtaking slideshows. What's more, you can save all your productions in video format with impeccable graphics quality.<\/p>\n<h3>Benefits of Microsoft Office 2021 family and small business<\/h3>\n<p>Microsoft's innovations to the Office suite are simply fabulous. As well as allowing you to purchase several additional software packages, this version gives you the option of using them on 5 different devices for the same activation key. This makes it the ideal tool for small businesses.<\/p>\n<h3>Applications available on Office 2021 Family and Small Office<\/h3>\n<p>Basically, all offices have three classic programs: Word, Excel and PowerPoint. Unlike older versions, Microsoft Office 2021 Family and Small Business also includes :<br \/>\n- Onedrive for online data storage, with 1 TB on offer ;<br \/>\n- Onenote for note-taking;<br \/>\n- Skype for phone calls and instant messaging ;<br \/>\n- Access for database management ;<br \/>\n- Publisher for producing communication documents...<br \/>\nMicrosoft Office 2021 Family and Small Business also includes Microsoft Outlook in its software package. This is a highly beneficial tool for companies, as it allows tasks to be scheduled and shared with other users.<\/p>\n<p>System requirements<\/p>\n<ul class=\"minuteprodpfort\">\n<li>MAC :<br \/>\nOffice for Mac is supported on the three most recent versions of macOS. As new major versions of macOS are made generally available, Microsoft will drop support for the oldest version, ensuring support for the latest and two previous versions of macOS. The functionality and availability of product features may vary on older systems. For the best experience, use the latest version of any of the operating systems specified above.<\/li>\n<li>Compatible models:<br \/>\nMacBook 12-inch, MacBook Air with 13-inch Retina display, MacBook Air 13-inch, MacBook Air 11-inch, MacBook Pro 13-inch - Thunderbolt 3 (USB-C), MacBook Pro 13-inch, MacBook Pro 15-inch - Thunderbolt 3 (USB-C), MacBook Pro 15-inch, 21.5-inch iMac - Thunderbolt 3 (USB-C), 21.5-inch iMac - Thunderbolt 2, 27-inch iMac - Thunderbolt 3 (USB-C), 27-inch iMac - Thunderbolt 2 iMac Pro, Mac Pro, Mac mini - Thunderbolt 3 (USB-C), Mac mini<\/li>\n<li>Free disk space :<br \/>\n3GB<\/li>\n<li>Additional system requirements<br \/>\nRequires an Internet connection.<\/li>\n<\/ul>\n<p>&nbsp;<\/p>\n<p>&nbsp;<\/p>","protected":false},"excerpt":{"rendered":"<p>Buy your original activation key today and receive your ultra-fast download link from Microsoft and its unique activation key by e-mail.<\/p>\n<p>- Get your activation code.<br \/>\n- Genuine 100% key<br \/>\n- Authorised for sale in Europe<br \/>\n- Languages: Multi-language<\/p>","protected":false},"featured_media":55711,"comment_status":"open","ping_status":"closed","template":"","meta":[],"product_brand":[],"product_cat":[1260,177,178,180,16],"product_tag":[],"class_list":{"0":"post-4548","1":"product","2":"type-product","3":"status-publish","4":"has-post-thumbnail","6":"product_cat-logiciels-offres-speciales","7":"product_cat-microsoft-office","8":"product_cat-office-2021","9":"product_cat-office-mac","10":"product_cat-offres-speciales","12":"first","13":"instock","14":"sale","15":"downloadable","16":"virtual","17":"purchasable","18":"product-type-simple","19":"czr-hentry"},"yoast_head":"<!-- This site is optimized with the Yoast SEO plugin v27.4 - https:\/\/yoast.com\/product\/yoast-seo-wordpress\/ -->\n<title>Office Famille et Petite Entreprise 2021 (Mac) - Alfa Descompte<\/title>\n<meta name=\"robots\" content=\"index, follow, max-snippet:-1, max-image-preview:large, max-video-preview:-1\" \/>\n<link rel=\"canonical\" href=\"https:\/\/alfadescompte.ad\/en\/product-2\/office-famille-et-petite-entreprise-2021-mac-1-poste-2\/\" \/>\n<meta property=\"og:locale\" content=\"en_GB\" \/>\n<meta property=\"og:type\" content=\"article\" \/>\n<meta property=\"og:title\" content=\"Office Famille et Petite Entreprise 2021 (Mac) - Alfa Descompte\" \/>\n<meta property=\"og:description\" content=\"Achetez aujourd\u2019hui votre cl\u00e9 d&#039;activation originale et recevez par mail votre lien de t\u00e9l\u00e9chargement ultra rapide de Microsoft ainsi que sa cl\u00e9 unique d\u2019activation..  - Obtenir votre code d&#039;activation. - Cl\u00e9 100% authentique - Vente autoris\u00e9e en Europe - Langues: Multi-langue\" \/>\n<meta property=\"og:url\" content=\"https:\/\/alfadescompte.ad\/en\/product-2\/office-famille-et-petite-entreprise-2021-mac-1-poste-2\/\" \/>\n<meta property=\"og:site_name\" content=\"Alfa Descompte\" \/>\n<meta property=\"article:modified_time\" content=\"2026-04-01T17:10:32+00:00\" \/>\n<meta property=\"og:image\" content=\"https:\/\/alfadescompte.ad\/wp-content\/uploads\/2022\/04\/ChatGPT-Image-27-fevr.-2026-07_54_03.png\" \/>\n\t<meta property=\"og:image:width\" content=\"1024\" \/>\n\t<meta property=\"og:image:height\" content=\"1024\" \/>\n\t<meta property=\"og:image:type\" content=\"image\/png\" \/>\n<meta name=\"twitter:card\" content=\"summary_large_image\" \/>\n<meta name=\"twitter:label1\" content=\"Estimated reading time\" \/>\n\t<meta name=\"twitter:data1\" content=\"4 minutes\" \/>\n<script type=\"application\/ld+json\" class=\"yoast-schema-graph\">{\"@context\":\"https:\\\/\\\/schema.org\",\"@graph\":[{\"@type\":\"WebPage\",\"@id\":\"https:\\\/\\\/alfadescompte.ad\\\/produit\\\/office-famille-et-petite-entreprise-2021-mac-1-poste-2\\\/\",\"url\":\"https:\\\/\\\/alfadescompte.ad\\\/produit\\\/office-famille-et-petite-entreprise-2021-mac-1-poste-2\\\/\",\"name\":\"Office Famille et Petite Entreprise 2021 (Mac) - Alfa Descompte\",\"isPartOf\":{\"@id\":\"https:\\\/\\\/alfadescompte.ad\\\/#website\"},\"primaryImageOfPage\":{\"@id\":\"https:\\\/\\\/alfadescompte.ad\\\/produit\\\/office-famille-et-petite-entreprise-2021-mac-1-poste-2\\\/#primaryimage\"},\"image\":{\"@id\":\"https:\\\/\\\/alfadescompte.ad\\\/produit\\\/office-famille-et-petite-entreprise-2021-mac-1-poste-2\\\/#primaryimage\"},\"thumbnailUrl\":\"https:\\\/\\\/alfadescompte.ad\\\/wp-content\\\/uploads\\\/2022\\\/04\\\/ChatGPT-Image-27-fevr.-2026-07_54_03.png\",\"datePublished\":\"2022-04-08T14:20:41+00:00\",\"dateModified\":\"2026-04-01T17:10:32+00:00\",\"breadcrumb\":{\"@id\":\"https:\\\/\\\/alfadescompte.ad\\\/produit\\\/office-famille-et-petite-entreprise-2021-mac-1-poste-2\\\/#breadcrumb\"},\"inLanguage\":\"en-GB\",\"potentialAction\":[{\"@type\":\"ReadAction\",\"target\":[\"https:\\\/\\\/alfadescompte.ad\\\/produit\\\/office-famille-et-petite-entreprise-2021-mac-1-poste-2\\\/\"]}]},{\"@type\":\"ImageObject\",\"inLanguage\":\"en-GB\",\"@id\":\"https:\\\/\\\/alfadescompte.ad\\\/produit\\\/office-famille-et-petite-entreprise-2021-mac-1-poste-2\\\/#primaryimage\",\"url\":\"https:\\\/\\\/alfadescompte.ad\\\/wp-content\\\/uploads\\\/2022\\\/04\\\/ChatGPT-Image-27-fevr.-2026-07_54_03.png\",\"contentUrl\":\"https:\\\/\\\/alfadescompte.ad\\\/wp-content\\\/uploads\\\/2022\\\/04\\\/ChatGPT-Image-27-fevr.-2026-07_54_03.png\",\"width\":1024,\"height\":1024},{\"@type\":\"BreadcrumbList\",\"@id\":\"https:\\\/\\\/alfadescompte.ad\\\/produit\\\/office-famille-et-petite-entreprise-2021-mac-1-poste-2\\\/#breadcrumb\",\"itemListElement\":[{\"@type\":\"ListItem\",\"position\":1,\"name\":\"Accueil\",\"item\":\"https:\\\/\\\/alfadescompte.ad\\\/fr\\\/\"},{\"@type\":\"ListItem\",\"position\":2,\"name\":\"Boutique\",\"item\":\"https:\\\/\\\/alfadescompte.ad\\\/en\\\/boutique\\\/\"},{\"@type\":\"ListItem\",\"position\":3,\"name\":\"Office Famille et Petite Entreprise 2021 (Mac)\"}]},{\"@type\":\"WebSite\",\"@id\":\"https:\\\/\\\/alfadescompte.ad\\\/#website\",\"url\":\"https:\\\/\\\/alfadescompte.ad\\\/\",\"name\":\"Alfa Descompte\",\"description\":\"\",\"publisher\":{\"@id\":\"https:\\\/\\\/alfadescompte.ad\\\/#organization\"},\"potentialAction\":[{\"@type\":\"SearchAction\",\"target\":{\"@type\":\"EntryPoint\",\"urlTemplate\":\"https:\\\/\\\/alfadescompte.ad\\\/?s={search_term_string}\"},\"query-input\":{\"@type\":\"PropertyValueSpecification\",\"valueRequired\":true,\"valueName\":\"search_term_string\"}}],\"inLanguage\":\"en-GB\"},{\"@type\":\"Organization\",\"@id\":\"https:\\\/\\\/alfadescompte.ad\\\/#organization\",\"name\":\"Alfa Descompte\",\"url\":\"https:\\\/\\\/alfadescompte.ad\\\/\",\"logo\":{\"@type\":\"ImageObject\",\"inLanguage\":\"en-GB\",\"@id\":\"https:\\\/\\\/alfadescompte.ad\\\/#\\\/schema\\\/logo\\\/image\\\/\",\"url\":\"https:\\\/\\\/alfadescompte.ad\\\/wp-content\\\/uploads\\\/2022\\\/04\\\/cropped-logo-alfa-1-1.png\",\"contentUrl\":\"https:\\\/\\\/alfadescompte.ad\\\/wp-content\\\/uploads\\\/2022\\\/04\\\/cropped-logo-alfa-1-1.png\",\"width\":424,\"height\":128,\"caption\":\"Alfa Descompte\"},\"image\":{\"@id\":\"https:\\\/\\\/alfadescompte.ad\\\/#\\\/schema\\\/logo\\\/image\\\/\"}}]}<\/script>\n<!-- \/ Yoast SEO plugin. -->","yoast_head_json":{"title":"Office Home and Small Office 2021 (Mac) - Alfa Descompte","robots":{"index":"index","follow":"follow","max-snippet":"max-snippet:-1","max-image-preview":"max-image-preview:large","max-video-preview":"max-video-preview:-1"},"canonical":"https:\/\/alfadescompte.ad\/en\/product-2\/office-famille-et-petite-entreprise-2021-mac-1-poste-2\/","og_locale":"en_GB","og_type":"article","og_title":"Office Famille et Petite Entreprise 2021 (Mac) - Alfa Descompte","og_description":"Achetez aujourd\u2019hui votre cl\u00e9 d'activation originale et recevez par mail votre lien de t\u00e9l\u00e9chargement ultra rapide de Microsoft ainsi que sa cl\u00e9 unique d\u2019activation..  - Obtenir votre code d'activation. - Cl\u00e9 100% authentique - Vente autoris\u00e9e en Europe - Langues: Multi-langue","og_url":"https:\/\/alfadescompte.ad\/en\/product-2\/office-famille-et-petite-entreprise-2021-mac-1-poste-2\/","og_site_name":"Alfa Descompte","article_modified_time":"2026-04-01T17:10:32+00:00","og_image":[{"width":1024,"height":1024,"url":"https:\/\/alfadescompte.ad\/wp-content\/uploads\/2022\/04\/ChatGPT-Image-27-fevr.-2026-07_54_03.png","type":"image\/png"}],"twitter_card":"summary_large_image","twitter_misc":{"Estimated reading time":"4 minutes"},"schema":{"@context":"https:\/\/schema.org","@graph":[{"@type":"WebPage","@id":"https:\/\/alfadescompte.ad\/produit\/office-famille-et-petite-entreprise-2021-mac-1-poste-2\/","url":"https:\/\/alfadescompte.ad\/produit\/office-famille-et-petite-entreprise-2021-mac-1-poste-2\/","name":"Office Home and Small Office 2021 (Mac) - Alfa Descompte","isPartOf":{"@id":"https:\/\/alfadescompte.ad\/#website"},"primaryImageOfPage":{"@id":"https:\/\/alfadescompte.ad\/produit\/office-famille-et-petite-entreprise-2021-mac-1-poste-2\/#primaryimage"},"image":{"@id":"https:\/\/alfadescompte.ad\/produit\/office-famille-et-petite-entreprise-2021-mac-1-poste-2\/#primaryimage"},"thumbnailUrl":"https:\/\/alfadescompte.ad\/wp-content\/uploads\/2022\/04\/ChatGPT-Image-27-fevr.-2026-07_54_03.png","datePublished":"2022-04-08T14:20:41+00:00","dateModified":"2026-04-01T17:10:32+00:00","breadcrumb":{"@id":"https:\/\/alfadescompte.ad\/produit\/office-famille-et-petite-entreprise-2021-mac-1-poste-2\/#breadcrumb"},"inLanguage":"en-GB","potentialAction":[{"@type":"ReadAction","target":["https:\/\/alfadescompte.ad\/produit\/office-famille-et-petite-entreprise-2021-mac-1-poste-2\/"]}]},{"@type":"ImageObject","inLanguage":"en-GB","@id":"https:\/\/alfadescompte.ad\/produit\/office-famille-et-petite-entreprise-2021-mac-1-poste-2\/#primaryimage","url":"https:\/\/alfadescompte.ad\/wp-content\/uploads\/2022\/04\/ChatGPT-Image-27-fevr.-2026-07_54_03.png","contentUrl":"https:\/\/alfadescompte.ad\/wp-content\/uploads\/2022\/04\/ChatGPT-Image-27-fevr.-2026-07_54_03.png","width":1024,"height":1024},{"@type":"BreadcrumbList","@id":"https:\/\/alfadescompte.ad\/produit\/office-famille-et-petite-entreprise-2021-mac-1-poste-2\/#breadcrumb","itemListElement":[{"@type":"ListItem","position":1,"name":"Accueil","item":"https:\/\/alfadescompte.ad\/fr\/"},{"@type":"ListItem","position":2,"name":"Boutique","item":"https:\/\/alfadescompte.ad\/en\/boutique\/"},{"@type":"ListItem","position":3,"name":"Office Famille et Petite Entreprise 2021 (Mac)"}]},{"@type":"WebSite","@id":"https:\/\/alfadescompte.ad\/#website","url":"https:\/\/alfadescompte.ad\/","name":"Alfa Descompte","description":"","publisher":{"@id":"https:\/\/alfadescompte.ad\/#organization"},"potentialAction":[{"@type":"SearchAction","target":{"@type":"EntryPoint","urlTemplate":"https:\/\/alfadescompte.ad\/?s={search_term_string}"},"query-input":{"@type":"PropertyValueSpecification","valueRequired":true,"valueName":"search_term_string"}}],"inLanguage":"en-GB"},{"@type":"Organization","@id":"https:\/\/alfadescompte.ad\/#organization","name":"Alfa Descompte","url":"https:\/\/alfadescompte.ad\/","logo":{"@type":"ImageObject","inLanguage":"en-GB","@id":"https:\/\/alfadescompte.ad\/#\/schema\/logo\/image\/","url":"https:\/\/alfadescompte.ad\/wp-content\/uploads\/2022\/04\/cropped-logo-alfa-1-1.png","contentUrl":"https:\/\/alfadescompte.ad\/wp-content\/uploads\/2022\/04\/cropped-logo-alfa-1-1.png","width":424,"height":128,"caption":"Alfa Descompte"},"image":{"@id":"https:\/\/alfadescompte.ad\/#\/schema\/logo\/image\/"}}]}},"_links":{"self":[{"href":"https:\/\/alfadescompte.ad\/en\/wp-json\/wp\/v2\/product\/4548","targetHints":{"allow":["GET"]}}],"collection":[{"href":"https:\/\/alfadescompte.ad\/en\/wp-json\/wp\/v2\/product"}],"about":[{"href":"https:\/\/alfadescompte.ad\/en\/wp-json\/wp\/v2\/types\/product"}],"replies":[{"embeddable":true,"href":"https:\/\/alfadescompte.ad\/en\/wp-json\/wp\/v2\/comments?post=4548"}],"wp:featuredmedia":[{"embeddable":true,"href":"https:\/\/alfadescompte.ad\/en\/wp-json\/wp\/v2\/media\/55711"}],"wp:attachment":[{"href":"https:\/\/alfadescompte.ad\/en\/wp-json\/wp\/v2\/media?parent=4548"}],"wp:term":[{"taxonomy":"product_brand","embeddable":true,"href":"https:\/\/alfadescompte.ad\/en\/wp-json\/wp\/v2\/product_brand?post=4548"},{"taxonomy":"product_cat","embeddable":true,"href":"https:\/\/alfadescompte.ad\/en\/wp-json\/wp\/v2\/product_cat?post=4548"},{"taxonomy":"product_tag","embeddable":true,"href":"https:\/\/alfadescompte.ad\/en\/wp-json\/wp\/v2\/product_tag?post=4548"}],"curies":[{"name":"wp","href":"https:\/\/api.w.org\/{rel}","templated":true}]}}