{"id":48094,"date":"2022-08-20T10:46:36","date_gmt":"2022-08-20T10:46:36","guid":{"rendered":"https:\/\/alfadescompte.ad\/?post_type=product&#038;p=48094"},"modified":"2026-02-27T07:51:31","modified_gmt":"2026-02-27T06:51:31","slug":"office-famille-et-petite-entreprise-2021-pc-mac-1-poste-2","status":"publish","type":"product","link":"https:\/\/alfadescompte.ad\/en\/product-2\/office-famille-et-petite-entreprise-2021-pc-mac-1-poste-2\/","title":{"rendered":"Office Home and Small Office 2021 (PC\/Mac)"},"content":{"rendered":"<h3>Microsoft Office 2021 Home and Small Office<\/h3>\n<p>Office 2021 is the new edition of Microsoft's legendary office software suite for PCs. Available from 5 October 2021, this latest version of Ms-office offers a range of features on both PC and Windows platforms. It gives Office users access to the latest versions of Word, Exceller, PowerPoint and other applications for a single, attractive price.<br \/>\nOpt for the Family and Small Business Office Pack for optimum use. You'll be able to enjoy all the office applications with your family and friends. What's more, Microsoft gives you access to the OneDrive server for unlimited data storage.<\/p>\n<h3>New features in 2021 Family and Small Business<\/h3>\n<p>With Microsoft Office 2021 Home and Small Office, you benefit from the best performance of Word, Excel and PowerPoint applications that are completely free to access. With the 1, Microsoft Office 2021 licence, you can install all the latest versions of Word, Excel, PowerPoint and OneNote on your PC\/Windows.<\/p>\n<p>It also offers a number of new features, the most important of which is the new intelligent search field. It is designed to bring up all your documents and specific portions of text more easily, especially in the Word tool.<\/p>\n<p>PowerPoint, too, has undergone some extraordinary changes. This version gives you tools for creating original, breathtaking slideshows. What's more, you can save all your productions in video format with impeccable graphics quality.<\/p>\n<h3>Benefits of Microsoft Office 2021 family and small business<\/h3>\n<p>Microsoft's innovations to the Office suite are simply fabulous. As well as allowing you to purchase several additional software packages, this version gives you the option of using them on 5 different devices for the same activation key. This makes it the ideal tool for small businesses.<\/p>\n<h3>Applications available on Office 2021 Family and Small Office<\/h3>\n<p>Basically, all offices have three classic programs: Word, Excel and PowerPoint. Unlike older versions, Microsoft Office 2021 Family and Small Business also includes :<br \/>\n- Onedrive for online data storage, with 1 TB on offer ;<br \/>\n- Onenote for note-taking;<br \/>\n- Skype for phone calls and instant messaging ;<br \/>\n- Access for database management ;<br \/>\n- Publisher for producing communication documents...<br \/>\nMicrosoft Office 2021 Family and Small Business also includes Microsoft Outlook in its software package. This is a highly beneficial tool for companies, as it allows tasks to be scheduled and shared with other users.<\/p>\n<p>System requirements<\/p>\n<ul class=\"plateforme\">\n<li>Platform: Windows 11, 10 - macOS 10.15 and later<\/li>\n<\/ul>\n<p>Windows configuration<\/p>\n<ul>\n<li>Processor: 1.6 GHz, 2-core processor<\/li>\n<li>RAM memory: 4 GB<\/li>\n<li>Disk space: 4 GB<\/li>\n<li>Resolution of 1280 x 768 or higher<\/li>\n<\/ul>\n<p>Mac configuration<\/p>\n<ul>\n<li>Processor: Intel<\/li>\n<li>RAM memory: 4 GB<\/li>\n<li>Disk space: 10 GB<\/li>\n<\/ul>\n<p>Office Home and Small Business is subject to geographical eligibility zones, including Western and Central Europe only (including the European Union). Reunion Island, French Polynesia, New Caledonia and Mayotte will not be able to activate Office purchased from Europe.<\/p>","protected":false},"excerpt":{"rendered":"<p>Buy your original activation key today and receive your ultra-fast download link from Microsoft and its unique activation key by e-mail.<\/p>\n<p>- Get your activation code.<br \/>\n- Genuine 100% key<br \/>\n- Authorised for sale in Europe<br \/>\n- Languages: Multi-language<\/p>","protected":false},"featured_media":55709,"comment_status":"open","ping_status":"closed","template":"","meta":[],"product_brand":[],"product_cat":[1260,177,1442,178,180,16],"product_tag":[],"class_list":{"0":"post-48094","1":"product","2":"type-product","3":"status-publish","4":"has-post-thumbnail","6":"product_cat-logiciels-offres-speciales","7":"product_cat-microsoft-office","8":"product_cat-microsoft","9":"product_cat-office-2021","10":"product_cat-office-mac","11":"product_cat-offres-speciales","13":"first","14":"instock","15":"sale","16":"downloadable","17":"virtual","18":"purchasable","19":"product-type-simple","20":"czr-hentry"},"yoast_head":"<!-- This site is optimized with the Yoast SEO plugin v27.4 - https:\/\/yoast.com\/product\/yoast-seo-wordpress\/ -->\n<title>Office Famille et Petite Entreprise 2021 (PC\/Mac) - Alfa Descompte<\/title>\n<meta name=\"description\" content=\"Office Famille et Petite Entreprise 2021 est la suite id\u00e9ale pour les familles et les TPE qui souhaitent utiliser Outlook et qui n&#039;ont qu&#039;un seul PC \u00e0 \u00e9quiper.\" \/>\n<meta name=\"robots\" content=\"index, follow, max-snippet:-1, max-image-preview:large, max-video-preview:-1\" \/>\n<link rel=\"canonical\" href=\"https:\/\/alfadescompte.ad\/en\/product-2\/office-famille-et-petite-entreprise-2021-pc-mac-1-poste-2\/\" \/>\n<meta property=\"og:locale\" content=\"en_GB\" \/>\n<meta property=\"og:type\" content=\"article\" \/>\n<meta property=\"og:title\" content=\"Office Famille et Petite Entreprise 2021 (PC\/Mac) - Alfa Descompte\" \/>\n<meta property=\"og:description\" content=\"Office Famille et Petite Entreprise 2021 est la suite id\u00e9ale pour les familles et les TPE qui souhaitent utiliser Outlook et qui n&#039;ont qu&#039;un seul PC \u00e0 \u00e9quiper.\" \/>\n<meta property=\"og:url\" content=\"https:\/\/alfadescompte.ad\/en\/product-2\/office-famille-et-petite-entreprise-2021-pc-mac-1-poste-2\/\" \/>\n<meta property=\"og:site_name\" content=\"Alfa Descompte\" \/>\n<meta property=\"article:modified_time\" content=\"2026-02-27T06:51:31+00:00\" \/>\n<meta property=\"og:image\" content=\"https:\/\/alfadescompte.ad\/wp-content\/uploads\/2022\/08\/ChatGPT-Image-27-fevr.-2026-07_51_18.png\" \/>\n\t<meta property=\"og:image:width\" content=\"1024\" \/>\n\t<meta property=\"og:image:height\" content=\"1024\" \/>\n\t<meta property=\"og:image:type\" content=\"image\/png\" \/>\n<meta name=\"twitter:card\" content=\"summary_large_image\" \/>\n<meta name=\"twitter:label1\" content=\"Estimated reading time\" \/>\n\t<meta name=\"twitter:data1\" content=\"3 minutes\" \/>\n<script type=\"application\/ld+json\" class=\"yoast-schema-graph\">{\"@context\":\"https:\\\/\\\/schema.org\",\"@graph\":[{\"@type\":\"WebPage\",\"@id\":\"https:\\\/\\\/alfadescompte.ad\\\/produit\\\/office-famille-et-petite-entreprise-2021-pc-mac-1-poste-2\\\/\",\"url\":\"https:\\\/\\\/alfadescompte.ad\\\/produit\\\/office-famille-et-petite-entreprise-2021-pc-mac-1-poste-2\\\/\",\"name\":\"Office Famille et Petite Entreprise 2021 (PC\\\/Mac) - Alfa Descompte\",\"isPartOf\":{\"@id\":\"https:\\\/\\\/alfadescompte.ad\\\/#website\"},\"primaryImageOfPage\":{\"@id\":\"https:\\\/\\\/alfadescompte.ad\\\/produit\\\/office-famille-et-petite-entreprise-2021-pc-mac-1-poste-2\\\/#primaryimage\"},\"image\":{\"@id\":\"https:\\\/\\\/alfadescompte.ad\\\/produit\\\/office-famille-et-petite-entreprise-2021-pc-mac-1-poste-2\\\/#primaryimage\"},\"thumbnailUrl\":\"https:\\\/\\\/alfadescompte.ad\\\/wp-content\\\/uploads\\\/2022\\\/08\\\/ChatGPT-Image-27-fevr.-2026-07_51_18.png\",\"datePublished\":\"2022-08-20T10:46:36+00:00\",\"dateModified\":\"2026-02-27T06:51:31+00:00\",\"description\":\"Office Famille et Petite Entreprise 2021 est la suite id\u00e9ale pour les familles et les TPE qui souhaitent utiliser Outlook et qui n'ont qu'un seul PC \u00e0 \u00e9quiper.\",\"breadcrumb\":{\"@id\":\"https:\\\/\\\/alfadescompte.ad\\\/produit\\\/office-famille-et-petite-entreprise-2021-pc-mac-1-poste-2\\\/#breadcrumb\"},\"inLanguage\":\"en-GB\",\"potentialAction\":[{\"@type\":\"ReadAction\",\"target\":[\"https:\\\/\\\/alfadescompte.ad\\\/produit\\\/office-famille-et-petite-entreprise-2021-pc-mac-1-poste-2\\\/\"]}]},{\"@type\":\"ImageObject\",\"inLanguage\":\"en-GB\",\"@id\":\"https:\\\/\\\/alfadescompte.ad\\\/produit\\\/office-famille-et-petite-entreprise-2021-pc-mac-1-poste-2\\\/#primaryimage\",\"url\":\"https:\\\/\\\/alfadescompte.ad\\\/wp-content\\\/uploads\\\/2022\\\/08\\\/ChatGPT-Image-27-fevr.-2026-07_51_18.png\",\"contentUrl\":\"https:\\\/\\\/alfadescompte.ad\\\/wp-content\\\/uploads\\\/2022\\\/08\\\/ChatGPT-Image-27-fevr.-2026-07_51_18.png\",\"width\":1024,\"height\":1024},{\"@type\":\"BreadcrumbList\",\"@id\":\"https:\\\/\\\/alfadescompte.ad\\\/produit\\\/office-famille-et-petite-entreprise-2021-pc-mac-1-poste-2\\\/#breadcrumb\",\"itemListElement\":[{\"@type\":\"ListItem\",\"position\":1,\"name\":\"Accueil\",\"item\":\"https:\\\/\\\/alfadescompte.ad\\\/fr\\\/\"},{\"@type\":\"ListItem\",\"position\":2,\"name\":\"Boutique\",\"item\":\"https:\\\/\\\/alfadescompte.ad\\\/en\\\/boutique\\\/\"},{\"@type\":\"ListItem\",\"position\":3,\"name\":\"Office Famille et Petite Entreprise 2021 (PC\\\/Mac)\"}]},{\"@type\":\"WebSite\",\"@id\":\"https:\\\/\\\/alfadescompte.ad\\\/#website\",\"url\":\"https:\\\/\\\/alfadescompte.ad\\\/\",\"name\":\"Alfa Descompte\",\"description\":\"\",\"publisher\":{\"@id\":\"https:\\\/\\\/alfadescompte.ad\\\/#organization\"},\"potentialAction\":[{\"@type\":\"SearchAction\",\"target\":{\"@type\":\"EntryPoint\",\"urlTemplate\":\"https:\\\/\\\/alfadescompte.ad\\\/?s={search_term_string}\"},\"query-input\":{\"@type\":\"PropertyValueSpecification\",\"valueRequired\":true,\"valueName\":\"search_term_string\"}}],\"inLanguage\":\"en-GB\"},{\"@type\":\"Organization\",\"@id\":\"https:\\\/\\\/alfadescompte.ad\\\/#organization\",\"name\":\"Alfa Descompte\",\"url\":\"https:\\\/\\\/alfadescompte.ad\\\/\",\"logo\":{\"@type\":\"ImageObject\",\"inLanguage\":\"en-GB\",\"@id\":\"https:\\\/\\\/alfadescompte.ad\\\/#\\\/schema\\\/logo\\\/image\\\/\",\"url\":\"https:\\\/\\\/alfadescompte.ad\\\/wp-content\\\/uploads\\\/2022\\\/04\\\/cropped-logo-alfa-1-1.png\",\"contentUrl\":\"https:\\\/\\\/alfadescompte.ad\\\/wp-content\\\/uploads\\\/2022\\\/04\\\/cropped-logo-alfa-1-1.png\",\"width\":424,\"height\":128,\"caption\":\"Alfa Descompte\"},\"image\":{\"@id\":\"https:\\\/\\\/alfadescompte.ad\\\/#\\\/schema\\\/logo\\\/image\\\/\"}}]}<\/script>\n<!-- \/ Yoast SEO plugin. -->","yoast_head_json":{"title":"Office Home and Small Office 2021 (PC\/Mac) - Alfa Descompte","description":"Office Home and Small Office 2021 is the ideal suite for families and small businesses who want to use Outlook and have just one PC to equip.","robots":{"index":"index","follow":"follow","max-snippet":"max-snippet:-1","max-image-preview":"max-image-preview:large","max-video-preview":"max-video-preview:-1"},"canonical":"https:\/\/alfadescompte.ad\/en\/product-2\/office-famille-et-petite-entreprise-2021-pc-mac-1-poste-2\/","og_locale":"en_GB","og_type":"article","og_title":"Office Famille et Petite Entreprise 2021 (PC\/Mac) - Alfa Descompte","og_description":"Office Famille et Petite Entreprise 2021 est la suite id\u00e9ale pour les familles et les TPE qui souhaitent utiliser Outlook et qui n'ont qu'un seul PC \u00e0 \u00e9quiper.","og_url":"https:\/\/alfadescompte.ad\/en\/product-2\/office-famille-et-petite-entreprise-2021-pc-mac-1-poste-2\/","og_site_name":"Alfa Descompte","article_modified_time":"2026-02-27T06:51:31+00:00","og_image":[{"width":1024,"height":1024,"url":"https:\/\/alfadescompte.ad\/wp-content\/uploads\/2022\/08\/ChatGPT-Image-27-fevr.-2026-07_51_18.png","type":"image\/png"}],"twitter_card":"summary_large_image","twitter_misc":{"Estimated reading time":"3 minutes"},"schema":{"@context":"https:\/\/schema.org","@graph":[{"@type":"WebPage","@id":"https:\/\/alfadescompte.ad\/produit\/office-famille-et-petite-entreprise-2021-pc-mac-1-poste-2\/","url":"https:\/\/alfadescompte.ad\/produit\/office-famille-et-petite-entreprise-2021-pc-mac-1-poste-2\/","name":"Office Home and Small Office 2021 (PC\/Mac) - Alfa Descompte","isPartOf":{"@id":"https:\/\/alfadescompte.ad\/#website"},"primaryImageOfPage":{"@id":"https:\/\/alfadescompte.ad\/produit\/office-famille-et-petite-entreprise-2021-pc-mac-1-poste-2\/#primaryimage"},"image":{"@id":"https:\/\/alfadescompte.ad\/produit\/office-famille-et-petite-entreprise-2021-pc-mac-1-poste-2\/#primaryimage"},"thumbnailUrl":"https:\/\/alfadescompte.ad\/wp-content\/uploads\/2022\/08\/ChatGPT-Image-27-fevr.-2026-07_51_18.png","datePublished":"2022-08-20T10:46:36+00:00","dateModified":"2026-02-27T06:51:31+00:00","description":"Office Home and Small Office 2021 is the ideal suite for families and small businesses who want to use Outlook and have just one PC to equip.","breadcrumb":{"@id":"https:\/\/alfadescompte.ad\/produit\/office-famille-et-petite-entreprise-2021-pc-mac-1-poste-2\/#breadcrumb"},"inLanguage":"en-GB","potentialAction":[{"@type":"ReadAction","target":["https:\/\/alfadescompte.ad\/produit\/office-famille-et-petite-entreprise-2021-pc-mac-1-poste-2\/"]}]},{"@type":"ImageObject","inLanguage":"en-GB","@id":"https:\/\/alfadescompte.ad\/produit\/office-famille-et-petite-entreprise-2021-pc-mac-1-poste-2\/#primaryimage","url":"https:\/\/alfadescompte.ad\/wp-content\/uploads\/2022\/08\/ChatGPT-Image-27-fevr.-2026-07_51_18.png","contentUrl":"https:\/\/alfadescompte.ad\/wp-content\/uploads\/2022\/08\/ChatGPT-Image-27-fevr.-2026-07_51_18.png","width":1024,"height":1024},{"@type":"BreadcrumbList","@id":"https:\/\/alfadescompte.ad\/produit\/office-famille-et-petite-entreprise-2021-pc-mac-1-poste-2\/#breadcrumb","itemListElement":[{"@type":"ListItem","position":1,"name":"Accueil","item":"https:\/\/alfadescompte.ad\/fr\/"},{"@type":"ListItem","position":2,"name":"Boutique","item":"https:\/\/alfadescompte.ad\/en\/boutique\/"},{"@type":"ListItem","position":3,"name":"Office Famille et Petite Entreprise 2021 (PC\/Mac)"}]},{"@type":"WebSite","@id":"https:\/\/alfadescompte.ad\/#website","url":"https:\/\/alfadescompte.ad\/","name":"Alfa Descompte","description":"","publisher":{"@id":"https:\/\/alfadescompte.ad\/#organization"},"potentialAction":[{"@type":"SearchAction","target":{"@type":"EntryPoint","urlTemplate":"https:\/\/alfadescompte.ad\/?s={search_term_string}"},"query-input":{"@type":"PropertyValueSpecification","valueRequired":true,"valueName":"search_term_string"}}],"inLanguage":"en-GB"},{"@type":"Organization","@id":"https:\/\/alfadescompte.ad\/#organization","name":"Alfa Descompte","url":"https:\/\/alfadescompte.ad\/","logo":{"@type":"ImageObject","inLanguage":"en-GB","@id":"https:\/\/alfadescompte.ad\/#\/schema\/logo\/image\/","url":"https:\/\/alfadescompte.ad\/wp-content\/uploads\/2022\/04\/cropped-logo-alfa-1-1.png","contentUrl":"https:\/\/alfadescompte.ad\/wp-content\/uploads\/2022\/04\/cropped-logo-alfa-1-1.png","width":424,"height":128,"caption":"Alfa Descompte"},"image":{"@id":"https:\/\/alfadescompte.ad\/#\/schema\/logo\/image\/"}}]}},"_links":{"self":[{"href":"https:\/\/alfadescompte.ad\/en\/wp-json\/wp\/v2\/product\/48094","targetHints":{"allow":["GET"]}}],"collection":[{"href":"https:\/\/alfadescompte.ad\/en\/wp-json\/wp\/v2\/product"}],"about":[{"href":"https:\/\/alfadescompte.ad\/en\/wp-json\/wp\/v2\/types\/product"}],"replies":[{"embeddable":true,"href":"https:\/\/alfadescompte.ad\/en\/wp-json\/wp\/v2\/comments?post=48094"}],"wp:featuredmedia":[{"embeddable":true,"href":"https:\/\/alfadescompte.ad\/en\/wp-json\/wp\/v2\/media\/55709"}],"wp:attachment":[{"href":"https:\/\/alfadescompte.ad\/en\/wp-json\/wp\/v2\/media?parent=48094"}],"wp:term":[{"taxonomy":"product_brand","embeddable":true,"href":"https:\/\/alfadescompte.ad\/en\/wp-json\/wp\/v2\/product_brand?post=48094"},{"taxonomy":"product_cat","embeddable":true,"href":"https:\/\/alfadescompte.ad\/en\/wp-json\/wp\/v2\/product_cat?post=48094"},{"taxonomy":"product_tag","embeddable":true,"href":"https:\/\/alfadescompte.ad\/en\/wp-json\/wp\/v2\/product_tag?post=48094"}],"curies":[{"name":"wp","href":"https:\/\/api.w.org\/{rel}","templated":true}]}}