{"id":48104,"date":"2022-08-20T11:27:28","date_gmt":"2022-08-20T09:27:28","guid":{"rendered":"https:\/\/alfadescompte.ad\/?post_type=product&#038;p=48104"},"modified":"2026-03-04T09:03:19","modified_gmt":"2026-03-04T08:03:19","slug":"kaspersky-internet-security-pc-mac-android-ios-4-postes-2-ans","status":"publish","type":"product","link":"https:\/\/alfadescompte.ad\/en\/product-2\/kaspersky-internet-security-pc-mac-android-ios-4-postes-2-ans\/","title":{"rendered":"Kaspersky Internet Security 2026 - 4 devices - 2-year subscription"},"content":{"rendered":"<h3><strong>Kaspersky Internet Security 2026<\/strong><\/h3>\n<h3>The most proven internet security<\/h3>\n<p><strong>Kaspersky Internet Security<\/strong>\u00a0is the perfect balance between essential protection against viruses, ransomware, digital dangers and the security of your data.\u00a0<strong>protecting your privacy<\/strong>\u00a0on the internet.<\/p>\n<p>Secure your online payments,\u00a0<strong>protect your identity<\/strong>\u00a0on social networks, against advertising agencies, prevent attacks when you surf the web, block infected files when you download or watch streaming videos, and block unauthorised access to your webcam or microphone by hackers.<\/p>\n<p>Protect your privacy on networks with the\u00a0<strong>VPN included<\/strong>\u00a0while preserving your system thanks to perfect performance optimisation.<\/p>\n<p>With\u00a0<strong>Kaspersky Internet Security<\/strong>\u00a0you benefit from the best compromise in Kaspersky suites at a low price.<\/p>\n<p>MINIMUM SYSTEM REQUIREMENTS<\/p>\n<p><strong>General<\/strong><\/p>\n<ul>\n<li>Internet connection required for activation and updates for all devices<\/li>\n<li>Webcam Protection only works on computers (PC and Mac)<\/li>\n<\/ul>\n<p><strong>Windows<\/strong><\/p>\n<ul>\n<li>Processor: 1 GHz or higher<\/li>\n<li>Memory (RAM): 1 GB (32-bit) or 2 GB (64-bit)<\/li>\n<li>1500 MB of available hard disk space<\/li>\n<li>Microsoft\u00ae Internet Explorer\u00ae 10 or higher<\/li>\n<li>Microsoft .NET Framework 4 or higher<\/li>\n<li>Microsoft Windows 11, 10, 8 and 8.1, 7<\/li>\n<\/ul>\n<p><strong>Mac<\/strong><\/p>\n<ul>\n<li>1620 MB available hard disk space<\/li>\n<li>Memory (RAM): 2 GB<\/li>\n<li>OS X 10.12 or higher<\/li>\n<\/ul>\n<p><strong>Android<\/strong><\/p>\n<ul>\n<li>Android\u2122 4.4 or higher<\/li>\n<\/ul>\n<p><strong>iPhone and iPad<\/strong><\/p>\n<ul>\n<li>iOS\u00ae 11.0 or higher<\/li>\n<\/ul>","protected":false},"excerpt":{"rendered":"<p>Buy your original activation key today and receive your ultra-fast download link and unique activation key by e-mail.<\/p>\n<p>- Get your activation code.<br \/>\n- Genuine 100% key<br \/>\n- Authorised for sale in Europe<br \/>\n- Languages: Multi-language<\/p>","protected":false},"featured_media":55811,"comment_status":"open","ping_status":"closed","template":"","meta":[],"product_brand":[],"product_cat":[191,1490,20],"product_tag":[],"class_list":{"0":"post-48104","1":"product","2":"type-product","3":"status-publish","4":"has-post-thumbnail","6":"product_cat-kaspersky","7":"product_cat-internet-security-kaspersky","8":"product_cat-securite","10":"first","11":"instock","12":"sale","13":"downloadable","14":"virtual","15":"purchasable","16":"product-type-simple","17":"czr-hentry"},"yoast_head":"<!-- This site is optimized with the Yoast SEO plugin v27.3 - https:\/\/yoast.com\/product\/yoast-seo-wordpress\/ -->\n<title>Kaspersky Internet Security 2026 - 4 appareils - Abonnement 2 ans - Alfa Descompte<\/title>\n<meta name=\"robots\" content=\"index, follow, max-snippet:-1, max-image-preview:large, max-video-preview:-1\" \/>\n<link rel=\"canonical\" href=\"https:\/\/alfadescompte.ad\/en\/product-2\/kaspersky-internet-security-pc-mac-android-ios-4-postes-2-ans\/\" \/>\n<meta property=\"og:locale\" content=\"en_GB\" \/>\n<meta property=\"og:type\" content=\"article\" \/>\n<meta property=\"og:title\" content=\"Kaspersky Internet Security 2026 - 4 appareils - Abonnement 2 ans - Alfa Descompte\" \/>\n<meta property=\"og:description\" content=\"Achetez aujourd\u2019hui votre cl\u00e9 d&#039;activation originale et recevez par mail votre lien de t\u00e9l\u00e9chargement ultra rapide ainsi que sa cl\u00e9 unique d\u2019activation..  - Obtenir votre code d&#039;activation. - Cl\u00e9 100% authentique - Vente autoris\u00e9e en Europe - Langues: Multi-langue\" \/>\n<meta property=\"og:url\" content=\"https:\/\/alfadescompte.ad\/en\/product-2\/kaspersky-internet-security-pc-mac-android-ios-4-postes-2-ans\/\" \/>\n<meta property=\"og:site_name\" content=\"Alfa Descompte\" \/>\n<meta property=\"article:modified_time\" content=\"2026-03-04T08:03:19+00:00\" \/>\n<meta property=\"og:image\" content=\"https:\/\/alfadescompte.ad\/wp-content\/uploads\/2022\/04\/ChatGPT-Image-4-mars-2026-08_59_23.png\" \/>\n\t<meta property=\"og:image:width\" content=\"1024\" \/>\n\t<meta property=\"og:image:height\" content=\"1024\" \/>\n\t<meta property=\"og:image:type\" content=\"image\/png\" \/>\n<meta name=\"twitter:card\" content=\"summary_large_image\" \/>\n<meta name=\"twitter:label1\" content=\"Estimated reading time\" \/>\n\t<meta name=\"twitter:data1\" content=\"2 minutes\" \/>\n<script type=\"application\/ld+json\" class=\"yoast-schema-graph\">{\"@context\":\"https:\\\/\\\/schema.org\",\"@graph\":[{\"@type\":\"WebPage\",\"@id\":\"https:\\\/\\\/alfadescompte.ad\\\/produit\\\/kaspersky-internet-security-pc-mac-android-ios-4-postes-2-ans\\\/\",\"url\":\"https:\\\/\\\/alfadescompte.ad\\\/produit\\\/kaspersky-internet-security-pc-mac-android-ios-4-postes-2-ans\\\/\",\"name\":\"Kaspersky Internet Security 2026 - 4 appareils - Abonnement 2 ans - Alfa Descompte\",\"isPartOf\":{\"@id\":\"https:\\\/\\\/alfadescompte.ad\\\/#website\"},\"primaryImageOfPage\":{\"@id\":\"https:\\\/\\\/alfadescompte.ad\\\/produit\\\/kaspersky-internet-security-pc-mac-android-ios-4-postes-2-ans\\\/#primaryimage\"},\"image\":{\"@id\":\"https:\\\/\\\/alfadescompte.ad\\\/produit\\\/kaspersky-internet-security-pc-mac-android-ios-4-postes-2-ans\\\/#primaryimage\"},\"thumbnailUrl\":\"https:\\\/\\\/alfadescompte.ad\\\/wp-content\\\/uploads\\\/2022\\\/04\\\/ChatGPT-Image-4-mars-2026-08_59_23.png\",\"datePublished\":\"2022-08-20T09:27:28+00:00\",\"dateModified\":\"2026-03-04T08:03:19+00:00\",\"breadcrumb\":{\"@id\":\"https:\\\/\\\/alfadescompte.ad\\\/produit\\\/kaspersky-internet-security-pc-mac-android-ios-4-postes-2-ans\\\/#breadcrumb\"},\"inLanguage\":\"en-GB\",\"potentialAction\":[{\"@type\":\"ReadAction\",\"target\":[\"https:\\\/\\\/alfadescompte.ad\\\/produit\\\/kaspersky-internet-security-pc-mac-android-ios-4-postes-2-ans\\\/\"]}]},{\"@type\":\"ImageObject\",\"inLanguage\":\"en-GB\",\"@id\":\"https:\\\/\\\/alfadescompte.ad\\\/produit\\\/kaspersky-internet-security-pc-mac-android-ios-4-postes-2-ans\\\/#primaryimage\",\"url\":\"https:\\\/\\\/alfadescompte.ad\\\/wp-content\\\/uploads\\\/2022\\\/04\\\/ChatGPT-Image-4-mars-2026-08_59_23.png\",\"contentUrl\":\"https:\\\/\\\/alfadescompte.ad\\\/wp-content\\\/uploads\\\/2022\\\/04\\\/ChatGPT-Image-4-mars-2026-08_59_23.png\",\"width\":1024,\"height\":1024},{\"@type\":\"BreadcrumbList\",\"@id\":\"https:\\\/\\\/alfadescompte.ad\\\/produit\\\/kaspersky-internet-security-pc-mac-android-ios-4-postes-2-ans\\\/#breadcrumb\",\"itemListElement\":[{\"@type\":\"ListItem\",\"position\":1,\"name\":\"Accueil\",\"item\":\"https:\\\/\\\/alfadescompte.ad\\\/fr\\\/\"},{\"@type\":\"ListItem\",\"position\":2,\"name\":\"Boutique\",\"item\":\"https:\\\/\\\/alfadescompte.ad\\\/en\\\/boutique\\\/\"},{\"@type\":\"ListItem\",\"position\":3,\"name\":\"Kaspersky Internet Security 2026 &#8211; 4 appareils &#8211; Abonnement 2 ans\"}]},{\"@type\":\"WebSite\",\"@id\":\"https:\\\/\\\/alfadescompte.ad\\\/#website\",\"url\":\"https:\\\/\\\/alfadescompte.ad\\\/\",\"name\":\"Alfa Descompte\",\"description\":\"\",\"publisher\":{\"@id\":\"https:\\\/\\\/alfadescompte.ad\\\/#organization\"},\"potentialAction\":[{\"@type\":\"SearchAction\",\"target\":{\"@type\":\"EntryPoint\",\"urlTemplate\":\"https:\\\/\\\/alfadescompte.ad\\\/?s={search_term_string}\"},\"query-input\":{\"@type\":\"PropertyValueSpecification\",\"valueRequired\":true,\"valueName\":\"search_term_string\"}}],\"inLanguage\":\"en-GB\"},{\"@type\":\"Organization\",\"@id\":\"https:\\\/\\\/alfadescompte.ad\\\/#organization\",\"name\":\"Alfa Descompte\",\"url\":\"https:\\\/\\\/alfadescompte.ad\\\/\",\"logo\":{\"@type\":\"ImageObject\",\"inLanguage\":\"en-GB\",\"@id\":\"https:\\\/\\\/alfadescompte.ad\\\/#\\\/schema\\\/logo\\\/image\\\/\",\"url\":\"https:\\\/\\\/alfadescompte.ad\\\/wp-content\\\/uploads\\\/2022\\\/04\\\/cropped-logo-alfa-1-1.png\",\"contentUrl\":\"https:\\\/\\\/alfadescompte.ad\\\/wp-content\\\/uploads\\\/2022\\\/04\\\/cropped-logo-alfa-1-1.png\",\"width\":424,\"height\":128,\"caption\":\"Alfa Descompte\"},\"image\":{\"@id\":\"https:\\\/\\\/alfadescompte.ad\\\/#\\\/schema\\\/logo\\\/image\\\/\"}}]}<\/script>\n<!-- \/ Yoast SEO plugin. -->","yoast_head_json":{"title":"Kaspersky Internet Security 2026 - 4 devices - 2 year subscription - Alfa Descompte","robots":{"index":"index","follow":"follow","max-snippet":"max-snippet:-1","max-image-preview":"max-image-preview:large","max-video-preview":"max-video-preview:-1"},"canonical":"https:\/\/alfadescompte.ad\/en\/product-2\/kaspersky-internet-security-pc-mac-android-ios-4-postes-2-ans\/","og_locale":"en_GB","og_type":"article","og_title":"Kaspersky Internet Security 2026 - 4 appareils - Abonnement 2 ans - Alfa Descompte","og_description":"Achetez aujourd\u2019hui votre cl\u00e9 d'activation originale et recevez par mail votre lien de t\u00e9l\u00e9chargement ultra rapide ainsi que sa cl\u00e9 unique d\u2019activation..  - Obtenir votre code d'activation. - Cl\u00e9 100% authentique - Vente autoris\u00e9e en Europe - Langues: Multi-langue","og_url":"https:\/\/alfadescompte.ad\/en\/product-2\/kaspersky-internet-security-pc-mac-android-ios-4-postes-2-ans\/","og_site_name":"Alfa Descompte","article_modified_time":"2026-03-04T08:03:19+00:00","og_image":[{"width":1024,"height":1024,"url":"https:\/\/alfadescompte.ad\/wp-content\/uploads\/2022\/04\/ChatGPT-Image-4-mars-2026-08_59_23.png","type":"image\/png"}],"twitter_card":"summary_large_image","twitter_misc":{"Estimated reading time":"2 minutes"},"schema":{"@context":"https:\/\/schema.org","@graph":[{"@type":"WebPage","@id":"https:\/\/alfadescompte.ad\/produit\/kaspersky-internet-security-pc-mac-android-ios-4-postes-2-ans\/","url":"https:\/\/alfadescompte.ad\/produit\/kaspersky-internet-security-pc-mac-android-ios-4-postes-2-ans\/","name":"Kaspersky Internet Security 2026 - 4 devices - 2 year subscription - Alfa Descompte","isPartOf":{"@id":"https:\/\/alfadescompte.ad\/#website"},"primaryImageOfPage":{"@id":"https:\/\/alfadescompte.ad\/produit\/kaspersky-internet-security-pc-mac-android-ios-4-postes-2-ans\/#primaryimage"},"image":{"@id":"https:\/\/alfadescompte.ad\/produit\/kaspersky-internet-security-pc-mac-android-ios-4-postes-2-ans\/#primaryimage"},"thumbnailUrl":"https:\/\/alfadescompte.ad\/wp-content\/uploads\/2022\/04\/ChatGPT-Image-4-mars-2026-08_59_23.png","datePublished":"2022-08-20T09:27:28+00:00","dateModified":"2026-03-04T08:03:19+00:00","breadcrumb":{"@id":"https:\/\/alfadescompte.ad\/produit\/kaspersky-internet-security-pc-mac-android-ios-4-postes-2-ans\/#breadcrumb"},"inLanguage":"en-GB","potentialAction":[{"@type":"ReadAction","target":["https:\/\/alfadescompte.ad\/produit\/kaspersky-internet-security-pc-mac-android-ios-4-postes-2-ans\/"]}]},{"@type":"ImageObject","inLanguage":"en-GB","@id":"https:\/\/alfadescompte.ad\/produit\/kaspersky-internet-security-pc-mac-android-ios-4-postes-2-ans\/#primaryimage","url":"https:\/\/alfadescompte.ad\/wp-content\/uploads\/2022\/04\/ChatGPT-Image-4-mars-2026-08_59_23.png","contentUrl":"https:\/\/alfadescompte.ad\/wp-content\/uploads\/2022\/04\/ChatGPT-Image-4-mars-2026-08_59_23.png","width":1024,"height":1024},{"@type":"BreadcrumbList","@id":"https:\/\/alfadescompte.ad\/produit\/kaspersky-internet-security-pc-mac-android-ios-4-postes-2-ans\/#breadcrumb","itemListElement":[{"@type":"ListItem","position":1,"name":"Accueil","item":"https:\/\/alfadescompte.ad\/fr\/"},{"@type":"ListItem","position":2,"name":"Boutique","item":"https:\/\/alfadescompte.ad\/en\/boutique\/"},{"@type":"ListItem","position":3,"name":"Kaspersky Internet Security 2026 &#8211; 4 appareils &#8211; Abonnement 2 ans"}]},{"@type":"WebSite","@id":"https:\/\/alfadescompte.ad\/#website","url":"https:\/\/alfadescompte.ad\/","name":"Alfa Descompte","description":"","publisher":{"@id":"https:\/\/alfadescompte.ad\/#organization"},"potentialAction":[{"@type":"SearchAction","target":{"@type":"EntryPoint","urlTemplate":"https:\/\/alfadescompte.ad\/?s={search_term_string}"},"query-input":{"@type":"PropertyValueSpecification","valueRequired":true,"valueName":"search_term_string"}}],"inLanguage":"en-GB"},{"@type":"Organization","@id":"https:\/\/alfadescompte.ad\/#organization","name":"Alfa Descompte","url":"https:\/\/alfadescompte.ad\/","logo":{"@type":"ImageObject","inLanguage":"en-GB","@id":"https:\/\/alfadescompte.ad\/#\/schema\/logo\/image\/","url":"https:\/\/alfadescompte.ad\/wp-content\/uploads\/2022\/04\/cropped-logo-alfa-1-1.png","contentUrl":"https:\/\/alfadescompte.ad\/wp-content\/uploads\/2022\/04\/cropped-logo-alfa-1-1.png","width":424,"height":128,"caption":"Alfa Descompte"},"image":{"@id":"https:\/\/alfadescompte.ad\/#\/schema\/logo\/image\/"}}]}},"_links":{"self":[{"href":"https:\/\/alfadescompte.ad\/en\/wp-json\/wp\/v2\/product\/48104","targetHints":{"allow":["GET"]}}],"collection":[{"href":"https:\/\/alfadescompte.ad\/en\/wp-json\/wp\/v2\/product"}],"about":[{"href":"https:\/\/alfadescompte.ad\/en\/wp-json\/wp\/v2\/types\/product"}],"replies":[{"embeddable":true,"href":"https:\/\/alfadescompte.ad\/en\/wp-json\/wp\/v2\/comments?post=48104"}],"wp:featuredmedia":[{"embeddable":true,"href":"https:\/\/alfadescompte.ad\/en\/wp-json\/wp\/v2\/media\/55811"}],"wp:attachment":[{"href":"https:\/\/alfadescompte.ad\/en\/wp-json\/wp\/v2\/media?parent=48104"}],"wp:term":[{"taxonomy":"product_brand","embeddable":true,"href":"https:\/\/alfadescompte.ad\/en\/wp-json\/wp\/v2\/product_brand?post=48104"},{"taxonomy":"product_cat","embeddable":true,"href":"https:\/\/alfadescompte.ad\/en\/wp-json\/wp\/v2\/product_cat?post=48104"},{"taxonomy":"product_tag","embeddable":true,"href":"https:\/\/alfadescompte.ad\/en\/wp-json\/wp\/v2\/product_tag?post=48104"}],"curies":[{"name":"wp","href":"https:\/\/api.w.org\/{rel}","templated":true}]}}