{"id":48107,"date":"2022-08-20T11:36:31","date_gmt":"2022-08-20T09:36:31","guid":{"rendered":"https:\/\/alfadescompte.ad\/?post_type=product&#038;p=48107"},"modified":"2026-03-04T09:09:38","modified_gmt":"2026-03-04T08:09:38","slug":"kaspersky-total-security-pc-mac-android-ios-4-postes-1-an","status":"publish","type":"product","link":"https:\/\/alfadescompte.ad\/en\/product-2\/kaspersky-total-security-pc-mac-android-ios-4-postes-1-an\/","title":{"rendered":"Kaspersky Total Security 2026 - 4 devices - 1 year subscription"},"content":{"rendered":"<h3><strong>Kaspersky Total Security 2026<\/strong><\/h3>\n<h3>Total security for your devices!<\/h3>\n<p>With\u00a0<strong>Kaspersky Total Security<\/strong>\u00a0you benefit from enhanced protection of all your devices thanks to the\u00a0<strong>premium features<\/strong>\u00a0included.<\/p>\n<p>No compromise against viruses spyware malware rasomwares, protection and storage of your data with the\u00a0<strong>virtual safe<\/strong>\u00a0included. Benefit from a\u00a0<strong>full protection<\/strong>\u00a0against digital dangers! Keep your family members and their devices safe when they surf the web and social networks, prevent attacks when they download or stream videos and protect them when they shop online.<\/p>\n<p>Equipped with a\u00a0<strong>Fast VPN<\/strong>\u00a0and an encrypted password manager and a password manager for your\u00a0<strong>advanced parental control<\/strong>With the help of our new website, you have the perfect solution to help your children discover the world of digital technology.<\/p>\n<p><strong>Kaspersky Total Security<\/strong>\u00a0is the\u00a0<strong>security suite<\/strong>\u00a0for those who do not compromise on safety.<\/p>\n<p>MINIMUM SYSTEM REQUIREMENTS<\/p>\n<p><strong>General<\/strong><\/p>\n<ul>\n<li>Internet connection required for activation and updates for all devices<\/li>\n<li>Webcam Protection only works on computers (PC and Mac)<\/li>\n<\/ul>\n<p><strong>Windows<\/strong><\/p>\n<ul>\n<li>Processor: 1 GHz or higher<\/li>\n<li>Memory (RAM): 1 GB (32-bit) or 2 GB (64-bit)<\/li>\n<li>1500 MB of available hard disk space<\/li>\n<li>Microsoft\u00ae Internet Explorer\u00ae 10 or higher<\/li>\n<li>Microsoft .NET Framework 4 or higher<\/li>\n<li>Microsoft Windows 10 all versions, 8 and 8.1, 7<\/li>\n<\/ul>\n<p><strong>Mac<\/strong><\/p>\n<ul>\n<li>1220 MB of available hard drive space<\/li>\n<li>Memory (RAM): 2 GB<\/li>\n<li>OS X 10.12 \/ macOS 10.13<\/li>\n<\/ul>\n<p><strong>Android<\/strong><\/p>\n<ul>\n<li>Android\u2122 4.2 8.1<\/li>\n<\/ul>\n<p><strong>iPhone and iPad<\/strong><\/p>\n<ul>\n<li>iOS\u00ae 9.0 or higher<\/li>\n<\/ul>\n<p>&nbsp;<\/p>","protected":false},"excerpt":{"rendered":"<p>Buy your original activation key today and receive your ultra-fast download link and unique activation key by e-mail.<\/p>\n<p>- Get your activation code.<br \/>\n- Genuine 100% key<br \/>\n- Authorised for sale in Europe<br \/>\n- Languages: Multi-language<\/p>","protected":false},"featured_media":55812,"comment_status":"open","ping_status":"closed","template":"","meta":[],"product_brand":[],"product_cat":[191,1500,20],"product_tag":[],"class_list":{"0":"post-48107","1":"product","2":"type-product","3":"status-publish","4":"has-post-thumbnail","6":"product_cat-kaspersky","7":"product_cat-total-security-kaspersky","8":"product_cat-securite","10":"first","11":"instock","12":"sale","13":"downloadable","14":"virtual","15":"purchasable","16":"product-type-simple","17":"czr-hentry"},"yoast_head":"<!-- This site is optimized with the Yoast SEO plugin v27.3 - https:\/\/yoast.com\/product\/yoast-seo-wordpress\/ -->\n<title>Kaspersky Total Security 2026 - 4 appareils - Abonnement 1 an - Alfa Descompte<\/title>\n<meta name=\"robots\" content=\"index, follow, max-snippet:-1, max-image-preview:large, max-video-preview:-1\" \/>\n<link rel=\"canonical\" href=\"https:\/\/alfadescompte.ad\/en\/product-2\/kaspersky-total-security-pc-mac-android-ios-4-postes-1-an\/\" \/>\n<meta property=\"og:locale\" content=\"en_GB\" \/>\n<meta property=\"og:type\" content=\"article\" \/>\n<meta property=\"og:title\" content=\"Kaspersky Total Security 2026 - 4 appareils - Abonnement 1 an - Alfa Descompte\" \/>\n<meta property=\"og:description\" content=\"Achetez aujourd\u2019hui votre cl\u00e9 d&#039;activation originale et recevez par mail votre lien de t\u00e9l\u00e9chargement ultra rapide ainsi que sa cl\u00e9 unique d\u2019activation..  - Obtenir votre code d&#039;activation. - Cl\u00e9 100% authentique - Vente autoris\u00e9e en Europe - Langues: Multi-langue\" \/>\n<meta property=\"og:url\" content=\"https:\/\/alfadescompte.ad\/en\/product-2\/kaspersky-total-security-pc-mac-android-ios-4-postes-1-an\/\" \/>\n<meta property=\"og:site_name\" content=\"Alfa Descompte\" \/>\n<meta property=\"article:modified_time\" content=\"2026-03-04T08:09:38+00:00\" \/>\n<meta property=\"og:image\" content=\"https:\/\/alfadescompte.ad\/wp-content\/uploads\/2022\/08\/ChatGPT-Image-4-mars-2026-09_09_08.png\" \/>\n\t<meta property=\"og:image:width\" content=\"1024\" \/>\n\t<meta property=\"og:image:height\" content=\"1024\" \/>\n\t<meta property=\"og:image:type\" content=\"image\/png\" \/>\n<meta name=\"twitter:card\" content=\"summary_large_image\" \/>\n<meta name=\"twitter:label1\" content=\"Estimated reading time\" \/>\n\t<meta name=\"twitter:data1\" content=\"2 minutes\" \/>\n<script type=\"application\/ld+json\" class=\"yoast-schema-graph\">{\"@context\":\"https:\\\/\\\/schema.org\",\"@graph\":[{\"@type\":\"WebPage\",\"@id\":\"https:\\\/\\\/alfadescompte.ad\\\/produit\\\/kaspersky-total-security-pc-mac-android-ios-4-postes-1-an\\\/\",\"url\":\"https:\\\/\\\/alfadescompte.ad\\\/produit\\\/kaspersky-total-security-pc-mac-android-ios-4-postes-1-an\\\/\",\"name\":\"Kaspersky Total Security 2026 - 4 appareils - Abonnement 1 an - Alfa Descompte\",\"isPartOf\":{\"@id\":\"https:\\\/\\\/alfadescompte.ad\\\/#website\"},\"primaryImageOfPage\":{\"@id\":\"https:\\\/\\\/alfadescompte.ad\\\/produit\\\/kaspersky-total-security-pc-mac-android-ios-4-postes-1-an\\\/#primaryimage\"},\"image\":{\"@id\":\"https:\\\/\\\/alfadescompte.ad\\\/produit\\\/kaspersky-total-security-pc-mac-android-ios-4-postes-1-an\\\/#primaryimage\"},\"thumbnailUrl\":\"https:\\\/\\\/alfadescompte.ad\\\/wp-content\\\/uploads\\\/2022\\\/08\\\/ChatGPT-Image-4-mars-2026-09_09_08.png\",\"datePublished\":\"2022-08-20T09:36:31+00:00\",\"dateModified\":\"2026-03-04T08:09:38+00:00\",\"breadcrumb\":{\"@id\":\"https:\\\/\\\/alfadescompte.ad\\\/produit\\\/kaspersky-total-security-pc-mac-android-ios-4-postes-1-an\\\/#breadcrumb\"},\"inLanguage\":\"en-GB\",\"potentialAction\":[{\"@type\":\"ReadAction\",\"target\":[\"https:\\\/\\\/alfadescompte.ad\\\/produit\\\/kaspersky-total-security-pc-mac-android-ios-4-postes-1-an\\\/\"]}]},{\"@type\":\"ImageObject\",\"inLanguage\":\"en-GB\",\"@id\":\"https:\\\/\\\/alfadescompte.ad\\\/produit\\\/kaspersky-total-security-pc-mac-android-ios-4-postes-1-an\\\/#primaryimage\",\"url\":\"https:\\\/\\\/alfadescompte.ad\\\/wp-content\\\/uploads\\\/2022\\\/08\\\/ChatGPT-Image-4-mars-2026-09_09_08.png\",\"contentUrl\":\"https:\\\/\\\/alfadescompte.ad\\\/wp-content\\\/uploads\\\/2022\\\/08\\\/ChatGPT-Image-4-mars-2026-09_09_08.png\",\"width\":1024,\"height\":1024},{\"@type\":\"BreadcrumbList\",\"@id\":\"https:\\\/\\\/alfadescompte.ad\\\/produit\\\/kaspersky-total-security-pc-mac-android-ios-4-postes-1-an\\\/#breadcrumb\",\"itemListElement\":[{\"@type\":\"ListItem\",\"position\":1,\"name\":\"Accueil\",\"item\":\"https:\\\/\\\/alfadescompte.ad\\\/fr\\\/\"},{\"@type\":\"ListItem\",\"position\":2,\"name\":\"Boutique\",\"item\":\"https:\\\/\\\/alfadescompte.ad\\\/en\\\/boutique\\\/\"},{\"@type\":\"ListItem\",\"position\":3,\"name\":\"Kaspersky Total Security 2026 &#8211; 4 appareils &#8211; Abonnement 1 an\"}]},{\"@type\":\"WebSite\",\"@id\":\"https:\\\/\\\/alfadescompte.ad\\\/#website\",\"url\":\"https:\\\/\\\/alfadescompte.ad\\\/\",\"name\":\"Alfa Descompte\",\"description\":\"\",\"publisher\":{\"@id\":\"https:\\\/\\\/alfadescompte.ad\\\/#organization\"},\"potentialAction\":[{\"@type\":\"SearchAction\",\"target\":{\"@type\":\"EntryPoint\",\"urlTemplate\":\"https:\\\/\\\/alfadescompte.ad\\\/?s={search_term_string}\"},\"query-input\":{\"@type\":\"PropertyValueSpecification\",\"valueRequired\":true,\"valueName\":\"search_term_string\"}}],\"inLanguage\":\"en-GB\"},{\"@type\":\"Organization\",\"@id\":\"https:\\\/\\\/alfadescompte.ad\\\/#organization\",\"name\":\"Alfa Descompte\",\"url\":\"https:\\\/\\\/alfadescompte.ad\\\/\",\"logo\":{\"@type\":\"ImageObject\",\"inLanguage\":\"en-GB\",\"@id\":\"https:\\\/\\\/alfadescompte.ad\\\/#\\\/schema\\\/logo\\\/image\\\/\",\"url\":\"https:\\\/\\\/alfadescompte.ad\\\/wp-content\\\/uploads\\\/2022\\\/04\\\/cropped-logo-alfa-1-1.png\",\"contentUrl\":\"https:\\\/\\\/alfadescompte.ad\\\/wp-content\\\/uploads\\\/2022\\\/04\\\/cropped-logo-alfa-1-1.png\",\"width\":424,\"height\":128,\"caption\":\"Alfa Descompte\"},\"image\":{\"@id\":\"https:\\\/\\\/alfadescompte.ad\\\/#\\\/schema\\\/logo\\\/image\\\/\"}}]}<\/script>\n<!-- \/ Yoast SEO plugin. -->","yoast_head_json":{"title":"Kaspersky Total Security 2026 - 4 devices - 1 year subscription - Alfa Descompte","robots":{"index":"index","follow":"follow","max-snippet":"max-snippet:-1","max-image-preview":"max-image-preview:large","max-video-preview":"max-video-preview:-1"},"canonical":"https:\/\/alfadescompte.ad\/en\/product-2\/kaspersky-total-security-pc-mac-android-ios-4-postes-1-an\/","og_locale":"en_GB","og_type":"article","og_title":"Kaspersky Total Security 2026 - 4 appareils - Abonnement 1 an - Alfa Descompte","og_description":"Achetez aujourd\u2019hui votre cl\u00e9 d'activation originale et recevez par mail votre lien de t\u00e9l\u00e9chargement ultra rapide ainsi que sa cl\u00e9 unique d\u2019activation..  - Obtenir votre code d'activation. - Cl\u00e9 100% authentique - Vente autoris\u00e9e en Europe - Langues: Multi-langue","og_url":"https:\/\/alfadescompte.ad\/en\/product-2\/kaspersky-total-security-pc-mac-android-ios-4-postes-1-an\/","og_site_name":"Alfa Descompte","article_modified_time":"2026-03-04T08:09:38+00:00","og_image":[{"width":1024,"height":1024,"url":"https:\/\/alfadescompte.ad\/wp-content\/uploads\/2022\/08\/ChatGPT-Image-4-mars-2026-09_09_08.png","type":"image\/png"}],"twitter_card":"summary_large_image","twitter_misc":{"Estimated reading time":"2 minutes"},"schema":{"@context":"https:\/\/schema.org","@graph":[{"@type":"WebPage","@id":"https:\/\/alfadescompte.ad\/produit\/kaspersky-total-security-pc-mac-android-ios-4-postes-1-an\/","url":"https:\/\/alfadescompte.ad\/produit\/kaspersky-total-security-pc-mac-android-ios-4-postes-1-an\/","name":"Kaspersky Total Security 2026 - 4 devices - 1 year subscription - Alfa Descompte","isPartOf":{"@id":"https:\/\/alfadescompte.ad\/#website"},"primaryImageOfPage":{"@id":"https:\/\/alfadescompte.ad\/produit\/kaspersky-total-security-pc-mac-android-ios-4-postes-1-an\/#primaryimage"},"image":{"@id":"https:\/\/alfadescompte.ad\/produit\/kaspersky-total-security-pc-mac-android-ios-4-postes-1-an\/#primaryimage"},"thumbnailUrl":"https:\/\/alfadescompte.ad\/wp-content\/uploads\/2022\/08\/ChatGPT-Image-4-mars-2026-09_09_08.png","datePublished":"2022-08-20T09:36:31+00:00","dateModified":"2026-03-04T08:09:38+00:00","breadcrumb":{"@id":"https:\/\/alfadescompte.ad\/produit\/kaspersky-total-security-pc-mac-android-ios-4-postes-1-an\/#breadcrumb"},"inLanguage":"en-GB","potentialAction":[{"@type":"ReadAction","target":["https:\/\/alfadescompte.ad\/produit\/kaspersky-total-security-pc-mac-android-ios-4-postes-1-an\/"]}]},{"@type":"ImageObject","inLanguage":"en-GB","@id":"https:\/\/alfadescompte.ad\/produit\/kaspersky-total-security-pc-mac-android-ios-4-postes-1-an\/#primaryimage","url":"https:\/\/alfadescompte.ad\/wp-content\/uploads\/2022\/08\/ChatGPT-Image-4-mars-2026-09_09_08.png","contentUrl":"https:\/\/alfadescompte.ad\/wp-content\/uploads\/2022\/08\/ChatGPT-Image-4-mars-2026-09_09_08.png","width":1024,"height":1024},{"@type":"BreadcrumbList","@id":"https:\/\/alfadescompte.ad\/produit\/kaspersky-total-security-pc-mac-android-ios-4-postes-1-an\/#breadcrumb","itemListElement":[{"@type":"ListItem","position":1,"name":"Accueil","item":"https:\/\/alfadescompte.ad\/fr\/"},{"@type":"ListItem","position":2,"name":"Boutique","item":"https:\/\/alfadescompte.ad\/en\/boutique\/"},{"@type":"ListItem","position":3,"name":"Kaspersky Total Security 2026 &#8211; 4 appareils &#8211; Abonnement 1 an"}]},{"@type":"WebSite","@id":"https:\/\/alfadescompte.ad\/#website","url":"https:\/\/alfadescompte.ad\/","name":"Alfa Descompte","description":"","publisher":{"@id":"https:\/\/alfadescompte.ad\/#organization"},"potentialAction":[{"@type":"SearchAction","target":{"@type":"EntryPoint","urlTemplate":"https:\/\/alfadescompte.ad\/?s={search_term_string}"},"query-input":{"@type":"PropertyValueSpecification","valueRequired":true,"valueName":"search_term_string"}}],"inLanguage":"en-GB"},{"@type":"Organization","@id":"https:\/\/alfadescompte.ad\/#organization","name":"Alfa Descompte","url":"https:\/\/alfadescompte.ad\/","logo":{"@type":"ImageObject","inLanguage":"en-GB","@id":"https:\/\/alfadescompte.ad\/#\/schema\/logo\/image\/","url":"https:\/\/alfadescompte.ad\/wp-content\/uploads\/2022\/04\/cropped-logo-alfa-1-1.png","contentUrl":"https:\/\/alfadescompte.ad\/wp-content\/uploads\/2022\/04\/cropped-logo-alfa-1-1.png","width":424,"height":128,"caption":"Alfa Descompte"},"image":{"@id":"https:\/\/alfadescompte.ad\/#\/schema\/logo\/image\/"}}]}},"_links":{"self":[{"href":"https:\/\/alfadescompte.ad\/en\/wp-json\/wp\/v2\/product\/48107","targetHints":{"allow":["GET"]}}],"collection":[{"href":"https:\/\/alfadescompte.ad\/en\/wp-json\/wp\/v2\/product"}],"about":[{"href":"https:\/\/alfadescompte.ad\/en\/wp-json\/wp\/v2\/types\/product"}],"replies":[{"embeddable":true,"href":"https:\/\/alfadescompte.ad\/en\/wp-json\/wp\/v2\/comments?post=48107"}],"wp:featuredmedia":[{"embeddable":true,"href":"https:\/\/alfadescompte.ad\/en\/wp-json\/wp\/v2\/media\/55812"}],"wp:attachment":[{"href":"https:\/\/alfadescompte.ad\/en\/wp-json\/wp\/v2\/media?parent=48107"}],"wp:term":[{"taxonomy":"product_brand","embeddable":true,"href":"https:\/\/alfadescompte.ad\/en\/wp-json\/wp\/v2\/product_brand?post=48107"},{"taxonomy":"product_cat","embeddable":true,"href":"https:\/\/alfadescompte.ad\/en\/wp-json\/wp\/v2\/product_cat?post=48107"},{"taxonomy":"product_tag","embeddable":true,"href":"https:\/\/alfadescompte.ad\/en\/wp-json\/wp\/v2\/product_tag?post=48107"}],"curies":[{"name":"wp","href":"https:\/\/api.w.org\/{rel}","templated":true}]}}