{"id":50372,"date":"2022-09-28T14:50:56","date_gmt":"2022-09-28T12:50:56","guid":{"rendered":"https:\/\/alfadescompte.ad\/?post_type=product&#038;p=50372"},"modified":"2026-03-02T18:00:33","modified_gmt":"2026-03-02T17:00:33","slug":"bitdefender-antivirus-plus-mac-3-postes-2-ans","status":"publish","type":"product","link":"https:\/\/alfadescompte.ad\/en\/product-2\/bitdefender-antivirus-plus-mac-3-postes-2-ans\/","title":{"rendered":"Bitdefender Antivirus for Mac 2026 - 3 workstations - 2 year subscription"},"content":{"rendered":"<h3>Absolute protection designed for Mac<\/h3>\n<p><strong>Bitdefender Antivirus For Mac\u00a0<\/strong>offers you the highest level of protection, without slowing down your Mac. Fast and discreet, it proactively detects all threats. All your personal files are safe with multi-level anti-ransomware protection.<\/p>\n<p>Bitdefender also secures your Internet browsing and removes adware and other unwanted software from your Mac.<\/p>\n<p>Bitdefender Antivirus for Mac 2020 is also extremely easy to use.\u00a0<strong>easy to install and use with no settings required<\/strong>\u00a0from you!<\/p>\n<p>SYSTEM REQUIREMENTS<\/p>\n<ul class=\"minuteprodpfort\">\n<li>Operating system<br \/>\nOS X Yosemite (10.10 or later), OS X El Capitan (10.11), macOS Sierra(10.12), macOS 10.13 High Sierra<\/li>\n<li>Minimum system requirements<br \/>\nMemory (RAM): 1GB, Available hard disk space: 400MB of free space, An Internet connection is required to register and update Bitdefender Antivirus for Mac.<\/li>\n<li><strong>Integrates with<br \/>\nTrafficLight is available for Safari, Firefox and Google Chrome<\/strong><\/li>\n<\/ul>","protected":false},"excerpt":{"rendered":"<p>&nbsp;<\/p>\n<ul>\n<li class=\"point-fort\">Protect your data<\/li>\n<li class=\"point-fort\">Protect your identity<\/li>\n<li class=\"point-fort\">Blocks scams<\/li>\n<li class=\"point-fort\">Prevents access to your data<\/li>\n<li class=\"point-fort\">Ultra-fast analysis<\/li>\n<\/ul>\n<p>Buy and Download\u00a0<strong>Bitdefender Antivirus Plus 2022-2023<\/strong><\/p>\n<p>After placing your order and within <strong>24 hours<\/strong>You will receive :<\/p>\n<ul>\n<li>An email containing the license activation key<strong> Bitdefender Antivirus Plus 2022-2023<\/strong><\/li>\n<li>The download link for\u00a0<strong>Bitdefender Antivirus Plus 2022-2023<\/strong><\/li>\n<li>Installation and activation guides<\/li>\n<li>technical support available 7 days a week<\/li>\n<\/ul>","protected":false},"featured_media":51919,"comment_status":"open","ping_status":"closed","template":"","meta":[],"product_brand":[],"product_cat":[1415,189,20],"product_tag":[],"class_list":{"0":"post-50372","1":"product","2":"type-product","3":"status-publish","4":"has-post-thumbnail","6":"product_cat-bitdefender-antivirus-pour-mac","7":"product_cat-bitdefender-products","8":"product_cat-securite","10":"first","11":"instock","12":"sale","13":"downloadable","14":"virtual","15":"purchasable","16":"product-type-simple","17":"czr-hentry"},"yoast_head":"<!-- This site is optimized with the Yoast SEO plugin v27.4 - https:\/\/yoast.com\/product\/yoast-seo-wordpress\/ -->\n<title>Bitdefender Antivirus pour Mac 2026 - 3 postes - Abonnement 2 ans - Alfa Descompte<\/title>\n<meta name=\"robots\" content=\"index, follow, max-snippet:-1, max-image-preview:large, max-video-preview:-1\" \/>\n<link rel=\"canonical\" href=\"https:\/\/alfadescompte.ad\/en\/product-2\/bitdefender-antivirus-plus-mac-3-postes-2-ans\/\" \/>\n<meta property=\"og:locale\" content=\"en_GB\" \/>\n<meta property=\"og:type\" content=\"article\" \/>\n<meta property=\"og:title\" content=\"Bitdefender Antivirus pour Mac 2026 - 3 postes - Abonnement 2 ans - Alfa Descompte\" \/>\n<meta property=\"og:description\" content=\"&nbsp;   Prot\u00e8ge vos donn\u00e9es  Prot\u00e8ge votre identit\u00e9  Bloque les escroqueries  Emp\u00eache l&#039;acc\u00e8s \u00e0 vos donn\u00e9es  Analyse ultra-rapidement  Acheter et T\u00e9l\u00e9charger\u00a0Bitdefender Antivirus Plus 2022-2023  Apr\u00e8s avoir pass\u00e9 votre commande et dans les 24 heures, vous recevrez :   Un email contenant la cl\u00e9 d&#039;activation de licence Bitdefender Antivirus Plus 2022-2023  Le lien de t\u00e9l\u00e9chargement pour\u00a0Bitdefender Antivirus Plus 2022-2023  Les guides d\u2019installation et d\u2019activation  assistance technique disponibles 7j\/7\" \/>\n<meta property=\"og:url\" content=\"https:\/\/alfadescompte.ad\/en\/product-2\/bitdefender-antivirus-plus-mac-3-postes-2-ans\/\" \/>\n<meta property=\"og:site_name\" content=\"Alfa Descompte\" \/>\n<meta property=\"article:modified_time\" content=\"2026-03-02T17:00:33+00:00\" \/>\n<meta property=\"og:image\" content=\"https:\/\/alfadescompte.ad\/wp-content\/uploads\/2022\/09\/Erika-29.png\" \/>\n\t<meta property=\"og:image:width\" content=\"800\" \/>\n\t<meta property=\"og:image:height\" content=\"800\" \/>\n\t<meta property=\"og:image:type\" content=\"image\/png\" \/>\n<meta name=\"twitter:card\" content=\"summary_large_image\" \/>\n<meta name=\"twitter:label1\" content=\"Estimated reading time\" \/>\n\t<meta name=\"twitter:data1\" content=\"1 minute\" \/>\n<script type=\"application\/ld+json\" class=\"yoast-schema-graph\">{\"@context\":\"https:\\\/\\\/schema.org\",\"@graph\":[{\"@type\":\"WebPage\",\"@id\":\"https:\\\/\\\/alfadescompte.ad\\\/produit\\\/bitdefender-antivirus-plus-mac-3-postes-2-ans\\\/\",\"url\":\"https:\\\/\\\/alfadescompte.ad\\\/produit\\\/bitdefender-antivirus-plus-mac-3-postes-2-ans\\\/\",\"name\":\"Bitdefender Antivirus pour Mac 2026 - 3 postes - Abonnement 2 ans - Alfa Descompte\",\"isPartOf\":{\"@id\":\"https:\\\/\\\/alfadescompte.ad\\\/#website\"},\"primaryImageOfPage\":{\"@id\":\"https:\\\/\\\/alfadescompte.ad\\\/produit\\\/bitdefender-antivirus-plus-mac-3-postes-2-ans\\\/#primaryimage\"},\"image\":{\"@id\":\"https:\\\/\\\/alfadescompte.ad\\\/produit\\\/bitdefender-antivirus-plus-mac-3-postes-2-ans\\\/#primaryimage\"},\"thumbnailUrl\":\"https:\\\/\\\/alfadescompte.ad\\\/wp-content\\\/uploads\\\/2022\\\/09\\\/Erika-29.png\",\"datePublished\":\"2022-09-28T12:50:56+00:00\",\"dateModified\":\"2026-03-02T17:00:33+00:00\",\"breadcrumb\":{\"@id\":\"https:\\\/\\\/alfadescompte.ad\\\/produit\\\/bitdefender-antivirus-plus-mac-3-postes-2-ans\\\/#breadcrumb\"},\"inLanguage\":\"en-GB\",\"potentialAction\":[{\"@type\":\"ReadAction\",\"target\":[\"https:\\\/\\\/alfadescompte.ad\\\/produit\\\/bitdefender-antivirus-plus-mac-3-postes-2-ans\\\/\"]}]},{\"@type\":\"ImageObject\",\"inLanguage\":\"en-GB\",\"@id\":\"https:\\\/\\\/alfadescompte.ad\\\/produit\\\/bitdefender-antivirus-plus-mac-3-postes-2-ans\\\/#primaryimage\",\"url\":\"https:\\\/\\\/alfadescompte.ad\\\/wp-content\\\/uploads\\\/2022\\\/09\\\/Erika-29.png\",\"contentUrl\":\"https:\\\/\\\/alfadescompte.ad\\\/wp-content\\\/uploads\\\/2022\\\/09\\\/Erika-29.png\",\"width\":800,\"height\":800},{\"@type\":\"BreadcrumbList\",\"@id\":\"https:\\\/\\\/alfadescompte.ad\\\/produit\\\/bitdefender-antivirus-plus-mac-3-postes-2-ans\\\/#breadcrumb\",\"itemListElement\":[{\"@type\":\"ListItem\",\"position\":1,\"name\":\"Accueil\",\"item\":\"https:\\\/\\\/alfadescompte.ad\\\/fr\\\/\"},{\"@type\":\"ListItem\",\"position\":2,\"name\":\"Boutique\",\"item\":\"https:\\\/\\\/alfadescompte.ad\\\/en\\\/boutique\\\/\"},{\"@type\":\"ListItem\",\"position\":3,\"name\":\"Bitdefender Antivirus pour Mac 2026 &#8211; 3 postes &#8211; Abonnement 2 ans\"}]},{\"@type\":\"WebSite\",\"@id\":\"https:\\\/\\\/alfadescompte.ad\\\/#website\",\"url\":\"https:\\\/\\\/alfadescompte.ad\\\/\",\"name\":\"Alfa Descompte\",\"description\":\"\",\"publisher\":{\"@id\":\"https:\\\/\\\/alfadescompte.ad\\\/#organization\"},\"potentialAction\":[{\"@type\":\"SearchAction\",\"target\":{\"@type\":\"EntryPoint\",\"urlTemplate\":\"https:\\\/\\\/alfadescompte.ad\\\/?s={search_term_string}\"},\"query-input\":{\"@type\":\"PropertyValueSpecification\",\"valueRequired\":true,\"valueName\":\"search_term_string\"}}],\"inLanguage\":\"en-GB\"},{\"@type\":\"Organization\",\"@id\":\"https:\\\/\\\/alfadescompte.ad\\\/#organization\",\"name\":\"Alfa Descompte\",\"url\":\"https:\\\/\\\/alfadescompte.ad\\\/\",\"logo\":{\"@type\":\"ImageObject\",\"inLanguage\":\"en-GB\",\"@id\":\"https:\\\/\\\/alfadescompte.ad\\\/#\\\/schema\\\/logo\\\/image\\\/\",\"url\":\"https:\\\/\\\/alfadescompte.ad\\\/wp-content\\\/uploads\\\/2022\\\/04\\\/cropped-logo-alfa-1-1.png\",\"contentUrl\":\"https:\\\/\\\/alfadescompte.ad\\\/wp-content\\\/uploads\\\/2022\\\/04\\\/cropped-logo-alfa-1-1.png\",\"width\":424,\"height\":128,\"caption\":\"Alfa Descompte\"},\"image\":{\"@id\":\"https:\\\/\\\/alfadescompte.ad\\\/#\\\/schema\\\/logo\\\/image\\\/\"}}]}<\/script>\n<!-- \/ Yoast SEO plugin. -->","yoast_head_json":{"title":"Bitdefender Antivirus for Mac 2026 - 3 workstations - 2 year subscription - Alfa Descompte","robots":{"index":"index","follow":"follow","max-snippet":"max-snippet:-1","max-image-preview":"max-image-preview:large","max-video-preview":"max-video-preview:-1"},"canonical":"https:\/\/alfadescompte.ad\/en\/product-2\/bitdefender-antivirus-plus-mac-3-postes-2-ans\/","og_locale":"en_GB","og_type":"article","og_title":"Bitdefender Antivirus pour Mac 2026 - 3 postes - Abonnement 2 ans - Alfa Descompte","og_description":"&nbsp;   Prot\u00e8ge vos donn\u00e9es  Prot\u00e8ge votre identit\u00e9  Bloque les escroqueries  Emp\u00eache l'acc\u00e8s \u00e0 vos donn\u00e9es  Analyse ultra-rapidement  Acheter et T\u00e9l\u00e9charger\u00a0Bitdefender Antivirus Plus 2022-2023  Apr\u00e8s avoir pass\u00e9 votre commande et dans les 24 heures, vous recevrez :   Un email contenant la cl\u00e9 d'activation de licence Bitdefender Antivirus Plus 2022-2023  Le lien de t\u00e9l\u00e9chargement pour\u00a0Bitdefender Antivirus Plus 2022-2023  Les guides d\u2019installation et d\u2019activation  assistance technique disponibles 7j\/7","og_url":"https:\/\/alfadescompte.ad\/en\/product-2\/bitdefender-antivirus-plus-mac-3-postes-2-ans\/","og_site_name":"Alfa Descompte","article_modified_time":"2026-03-02T17:00:33+00:00","og_image":[{"width":800,"height":800,"url":"https:\/\/alfadescompte.ad\/wp-content\/uploads\/2022\/09\/Erika-29.png","type":"image\/png"}],"twitter_card":"summary_large_image","twitter_misc":{"Estimated reading time":"1 minute"},"schema":{"@context":"https:\/\/schema.org","@graph":[{"@type":"WebPage","@id":"https:\/\/alfadescompte.ad\/produit\/bitdefender-antivirus-plus-mac-3-postes-2-ans\/","url":"https:\/\/alfadescompte.ad\/produit\/bitdefender-antivirus-plus-mac-3-postes-2-ans\/","name":"Bitdefender Antivirus for Mac 2026 - 3 workstations - 2 year subscription - Alfa Descompte","isPartOf":{"@id":"https:\/\/alfadescompte.ad\/#website"},"primaryImageOfPage":{"@id":"https:\/\/alfadescompte.ad\/produit\/bitdefender-antivirus-plus-mac-3-postes-2-ans\/#primaryimage"},"image":{"@id":"https:\/\/alfadescompte.ad\/produit\/bitdefender-antivirus-plus-mac-3-postes-2-ans\/#primaryimage"},"thumbnailUrl":"https:\/\/alfadescompte.ad\/wp-content\/uploads\/2022\/09\/Erika-29.png","datePublished":"2022-09-28T12:50:56+00:00","dateModified":"2026-03-02T17:00:33+00:00","breadcrumb":{"@id":"https:\/\/alfadescompte.ad\/produit\/bitdefender-antivirus-plus-mac-3-postes-2-ans\/#breadcrumb"},"inLanguage":"en-GB","potentialAction":[{"@type":"ReadAction","target":["https:\/\/alfadescompte.ad\/produit\/bitdefender-antivirus-plus-mac-3-postes-2-ans\/"]}]},{"@type":"ImageObject","inLanguage":"en-GB","@id":"https:\/\/alfadescompte.ad\/produit\/bitdefender-antivirus-plus-mac-3-postes-2-ans\/#primaryimage","url":"https:\/\/alfadescompte.ad\/wp-content\/uploads\/2022\/09\/Erika-29.png","contentUrl":"https:\/\/alfadescompte.ad\/wp-content\/uploads\/2022\/09\/Erika-29.png","width":800,"height":800},{"@type":"BreadcrumbList","@id":"https:\/\/alfadescompte.ad\/produit\/bitdefender-antivirus-plus-mac-3-postes-2-ans\/#breadcrumb","itemListElement":[{"@type":"ListItem","position":1,"name":"Accueil","item":"https:\/\/alfadescompte.ad\/fr\/"},{"@type":"ListItem","position":2,"name":"Boutique","item":"https:\/\/alfadescompte.ad\/en\/boutique\/"},{"@type":"ListItem","position":3,"name":"Bitdefender Antivirus pour Mac 2026 &#8211; 3 postes &#8211; Abonnement 2 ans"}]},{"@type":"WebSite","@id":"https:\/\/alfadescompte.ad\/#website","url":"https:\/\/alfadescompte.ad\/","name":"Alfa Descompte","description":"","publisher":{"@id":"https:\/\/alfadescompte.ad\/#organization"},"potentialAction":[{"@type":"SearchAction","target":{"@type":"EntryPoint","urlTemplate":"https:\/\/alfadescompte.ad\/?s={search_term_string}"},"query-input":{"@type":"PropertyValueSpecification","valueRequired":true,"valueName":"search_term_string"}}],"inLanguage":"en-GB"},{"@type":"Organization","@id":"https:\/\/alfadescompte.ad\/#organization","name":"Alfa Descompte","url":"https:\/\/alfadescompte.ad\/","logo":{"@type":"ImageObject","inLanguage":"en-GB","@id":"https:\/\/alfadescompte.ad\/#\/schema\/logo\/image\/","url":"https:\/\/alfadescompte.ad\/wp-content\/uploads\/2022\/04\/cropped-logo-alfa-1-1.png","contentUrl":"https:\/\/alfadescompte.ad\/wp-content\/uploads\/2022\/04\/cropped-logo-alfa-1-1.png","width":424,"height":128,"caption":"Alfa Descompte"},"image":{"@id":"https:\/\/alfadescompte.ad\/#\/schema\/logo\/image\/"}}]}},"_links":{"self":[{"href":"https:\/\/alfadescompte.ad\/en\/wp-json\/wp\/v2\/product\/50372","targetHints":{"allow":["GET"]}}],"collection":[{"href":"https:\/\/alfadescompte.ad\/en\/wp-json\/wp\/v2\/product"}],"about":[{"href":"https:\/\/alfadescompte.ad\/en\/wp-json\/wp\/v2\/types\/product"}],"replies":[{"embeddable":true,"href":"https:\/\/alfadescompte.ad\/en\/wp-json\/wp\/v2\/comments?post=50372"}],"wp:featuredmedia":[{"embeddable":true,"href":"https:\/\/alfadescompte.ad\/en\/wp-json\/wp\/v2\/media\/51919"}],"wp:attachment":[{"href":"https:\/\/alfadescompte.ad\/en\/wp-json\/wp\/v2\/media?parent=50372"}],"wp:term":[{"taxonomy":"product_brand","embeddable":true,"href":"https:\/\/alfadescompte.ad\/en\/wp-json\/wp\/v2\/product_brand?post=50372"},{"taxonomy":"product_cat","embeddable":true,"href":"https:\/\/alfadescompte.ad\/en\/wp-json\/wp\/v2\/product_cat?post=50372"},{"taxonomy":"product_tag","embeddable":true,"href":"https:\/\/alfadescompte.ad\/en\/wp-json\/wp\/v2\/product_tag?post=50372"}],"curies":[{"name":"wp","href":"https:\/\/api.w.org\/{rel}","templated":true}]}}