{"id":50382,"date":"2022-09-28T16:01:52","date_gmt":"2022-09-28T14:01:52","guid":{"rendered":"https:\/\/alfadescompte.ad\/?post_type=product&#038;p=50382"},"modified":"2026-03-03T10:57:22","modified_gmt":"2026-03-03T09:57:22","slug":"bitdefender-mobile-security-pour-android-1-poste-1-an","status":"publish","type":"product","link":"https:\/\/alfadescompte.ad\/en\/product-2\/bitdefender-mobile-security-pour-android-1-poste-1-an\/","title":{"rendered":"Bitdefender Mobile Security for Android 2026 - 1 device - 1 year subscription"},"content":{"rendered":"<div id=\"product-item-desc-full\">\n<div class=\"tabsContent\">\n<div id=\"page_0\" class=\"page\">\n<p>Bitdefender Mobile Security for Android provides intelligent antivirus and web security technologies for Android smartphones and tablets. Using in-the-cloud scanning technologies, Bitdefender detects the latest threats, putting almost no strain on the battery of your Android smartphone or tablet. Bitdefender Mobile Security for Android also provides information on the permissions requested by applications (Internet access, service billing, access to personal data) and helps you make the right security decisions for your smartphone or tablet.<\/p>\n<h2>Installation analysis<\/h2>\n<p>Bitdefender Mobile Security ensures that your smartphone or tablet is protected against malicious applications by automatically scanning them after installation. This keeps you informed and protected when you use a new application.<\/p>\n<h2>On-demand analysis<\/h2>\n<p>An on-demand analysis can be launched at any time to make sure that the applications already installed on the device are healthy and legitimate.<\/p>\n<h2>Application audit<\/h2>\n<p>Permissions are often a source of confusion. Some companies access your personal data when they don't need to, or connect to the Internet when they shouldn't. Others may even charge you for certain services. Others may even charge you for certain services. Application auditing helps you to check that your applications are not behaving inappropriately.<\/p>\n<h2>Journal<\/h2>\n<p>The log allows you to keep an eye on the actions taken by Bitdefender Mobile Security.<\/p>\n<h2>Anti-theft device<\/h2>\n<p>You can use the location function to find your phone. The Premium version offers you extended functionality.<\/p>\n<h2>Advanced anti-theft<\/h2>\n<p>Has your phone been lost or stolen? Go to your MyBitdefender account from any device. Lock your phone remotely. Make it emit a sound. Send it a message. Or wipe its data so your sensitive information doesn't end up in the wrong hands.<\/p>\n<h2>Web security<\/h2>\n<p>Bitdefender Mobile Security protects you from malicious sites and those that try to steal personal information, by blocking malicious sites before you access them.<\/p>\n<\/div>\n<\/div>\n<\/div>\n<h2 class=\"item-title\">CONFIGURATION<\/h2>\n<div class=\"content\">\n<div id=\"product-item-configuration\">\n<ul class=\"plateforme\">\n<li>Platform: Android 5.0 and higher<\/li>\n<\/ul>\n<p>Configuration and information :<\/p>\n<ul>\n<li>Compatible with Android 4.0.3 and higher<\/li>\n<li>You need a valid Google Play account<\/li>\n<li>Some functions require an Internet connection<\/li>\n<li>Additional data transfer charges may apply depending on your package or operator.<\/li>\n<\/ul>\n<\/div>\n<\/div>","protected":false},"excerpt":{"rendered":"<ul>\n<li class=\"point-fort\">Antimalware<\/li>\n<li class=\"point-fort\">Security audit<\/li>\n<li class=\"point-fort\">Anti-theft device<\/li>\n<\/ul>\n<p>Buy and Download <strong>Bitdefender Mobile Security<\/strong><\/p>\n<p>After placing your order and within<strong>\u00a024 hours<\/strong>You will receive :<\/p>\n<ul>\n<li>The activation key code for <strong>Bitdefender Mobile Security<\/strong><strong>\u00a02022-2023<\/strong><\/li>\n<li>The download link for <strong>Bitdefender Mobile Security<\/strong><strong>\u00a02022-2023<\/strong><\/li>\n<li>Installation and activation guides<\/li>\n<\/ul>\n<p>Our customer service is available 7 days a week<\/p>","protected":false},"featured_media":55806,"comment_status":"open","ping_status":"closed","template":"","meta":[],"product_brand":[],"product_cat":[1414,189,20],"product_tag":[],"class_list":{"0":"post-50382","1":"product","2":"type-product","3":"status-publish","4":"has-post-thumbnail","6":"product_cat-bitdefender-mobile-security","7":"product_cat-bitdefender-products","8":"product_cat-securite","10":"first","11":"instock","12":"downloadable","13":"virtual","14":"purchasable","15":"product-type-simple","16":"czr-hentry"},"yoast_head":"<!-- This site is optimized with the Yoast SEO plugin v27.3 - https:\/\/yoast.com\/product\/yoast-seo-wordpress\/ -->\n<title>Bitdefender Mobile Security pour Android 2026 - 1 appareil - Abonnement 1 an - Alfa Descompte<\/title>\n<meta name=\"robots\" content=\"index, follow, max-snippet:-1, max-image-preview:large, max-video-preview:-1\" \/>\n<link rel=\"canonical\" href=\"https:\/\/alfadescompte.ad\/en\/product-2\/bitdefender-mobile-security-pour-android-1-poste-1-an\/\" \/>\n<meta property=\"og:locale\" content=\"en_GB\" \/>\n<meta property=\"og:type\" content=\"article\" \/>\n<meta property=\"og:title\" content=\"Bitdefender Mobile Security pour Android 2026 - 1 appareil - Abonnement 1 an - Alfa Descompte\" \/>\n<meta property=\"og:description\" content=\"Antimalware  Audit de s\u00e9curit\u00e9  Antivol  Acheter et T\u00e9l\u00e9charger Bitdefender Mobile Security  Apr\u00e8s avoir pass\u00e9 votre commande et dans les\u00a024 heures, vous recevrez :   Le code de la cl\u00e9 d&#039;activation de Bitdefender Mobile Security\u00a02022-2023  Le lien de t\u00e9l\u00e9chargement pour Bitdefender Mobile Security\u00a02022-2023  Les guides d\u2019installation et d\u2019activation  Notre service client\u00e8le est disponible 7\/7 jours\" \/>\n<meta property=\"og:url\" content=\"https:\/\/alfadescompte.ad\/en\/product-2\/bitdefender-mobile-security-pour-android-1-poste-1-an\/\" \/>\n<meta property=\"og:site_name\" content=\"Alfa Descompte\" \/>\n<meta property=\"article:modified_time\" content=\"2026-03-03T09:57:22+00:00\" \/>\n<meta property=\"og:image\" content=\"https:\/\/alfadescompte.ad\/wp-content\/uploads\/2022\/09\/ChatGPT-Image-3-mars-2026-10_56_59.png\" \/>\n\t<meta property=\"og:image:width\" content=\"1024\" \/>\n\t<meta property=\"og:image:height\" content=\"1024\" \/>\n\t<meta property=\"og:image:type\" content=\"image\/png\" \/>\n<meta name=\"twitter:card\" content=\"summary_large_image\" \/>\n<meta name=\"twitter:label1\" content=\"Estimated reading time\" \/>\n\t<meta name=\"twitter:data1\" content=\"2 minutes\" \/>\n<script type=\"application\/ld+json\" class=\"yoast-schema-graph\">{\"@context\":\"https:\\\/\\\/schema.org\",\"@graph\":[{\"@type\":\"WebPage\",\"@id\":\"https:\\\/\\\/alfadescompte.ad\\\/produit\\\/bitdefender-mobile-security-pour-android-1-poste-1-an\\\/\",\"url\":\"https:\\\/\\\/alfadescompte.ad\\\/produit\\\/bitdefender-mobile-security-pour-android-1-poste-1-an\\\/\",\"name\":\"Bitdefender Mobile Security pour Android 2026 - 1 appareil - Abonnement 1 an - Alfa Descompte\",\"isPartOf\":{\"@id\":\"https:\\\/\\\/alfadescompte.ad\\\/#website\"},\"primaryImageOfPage\":{\"@id\":\"https:\\\/\\\/alfadescompte.ad\\\/produit\\\/bitdefender-mobile-security-pour-android-1-poste-1-an\\\/#primaryimage\"},\"image\":{\"@id\":\"https:\\\/\\\/alfadescompte.ad\\\/produit\\\/bitdefender-mobile-security-pour-android-1-poste-1-an\\\/#primaryimage\"},\"thumbnailUrl\":\"https:\\\/\\\/alfadescompte.ad\\\/wp-content\\\/uploads\\\/2022\\\/09\\\/ChatGPT-Image-3-mars-2026-10_56_59.png\",\"datePublished\":\"2022-09-28T14:01:52+00:00\",\"dateModified\":\"2026-03-03T09:57:22+00:00\",\"breadcrumb\":{\"@id\":\"https:\\\/\\\/alfadescompte.ad\\\/produit\\\/bitdefender-mobile-security-pour-android-1-poste-1-an\\\/#breadcrumb\"},\"inLanguage\":\"en-GB\",\"potentialAction\":[{\"@type\":\"ReadAction\",\"target\":[\"https:\\\/\\\/alfadescompte.ad\\\/produit\\\/bitdefender-mobile-security-pour-android-1-poste-1-an\\\/\"]}]},{\"@type\":\"ImageObject\",\"inLanguage\":\"en-GB\",\"@id\":\"https:\\\/\\\/alfadescompte.ad\\\/produit\\\/bitdefender-mobile-security-pour-android-1-poste-1-an\\\/#primaryimage\",\"url\":\"https:\\\/\\\/alfadescompte.ad\\\/wp-content\\\/uploads\\\/2022\\\/09\\\/ChatGPT-Image-3-mars-2026-10_56_59.png\",\"contentUrl\":\"https:\\\/\\\/alfadescompte.ad\\\/wp-content\\\/uploads\\\/2022\\\/09\\\/ChatGPT-Image-3-mars-2026-10_56_59.png\",\"width\":1024,\"height\":1024},{\"@type\":\"BreadcrumbList\",\"@id\":\"https:\\\/\\\/alfadescompte.ad\\\/produit\\\/bitdefender-mobile-security-pour-android-1-poste-1-an\\\/#breadcrumb\",\"itemListElement\":[{\"@type\":\"ListItem\",\"position\":1,\"name\":\"Accueil\",\"item\":\"https:\\\/\\\/alfadescompte.ad\\\/fr\\\/\"},{\"@type\":\"ListItem\",\"position\":2,\"name\":\"Boutique\",\"item\":\"https:\\\/\\\/alfadescompte.ad\\\/en\\\/boutique\\\/\"},{\"@type\":\"ListItem\",\"position\":3,\"name\":\"Bitdefender Mobile Security pour Android 2026 &#8211; 1 appareil &#8211; Abonnement 1 an\"}]},{\"@type\":\"WebSite\",\"@id\":\"https:\\\/\\\/alfadescompte.ad\\\/#website\",\"url\":\"https:\\\/\\\/alfadescompte.ad\\\/\",\"name\":\"Alfa Descompte\",\"description\":\"\",\"publisher\":{\"@id\":\"https:\\\/\\\/alfadescompte.ad\\\/#organization\"},\"potentialAction\":[{\"@type\":\"SearchAction\",\"target\":{\"@type\":\"EntryPoint\",\"urlTemplate\":\"https:\\\/\\\/alfadescompte.ad\\\/?s={search_term_string}\"},\"query-input\":{\"@type\":\"PropertyValueSpecification\",\"valueRequired\":true,\"valueName\":\"search_term_string\"}}],\"inLanguage\":\"en-GB\"},{\"@type\":\"Organization\",\"@id\":\"https:\\\/\\\/alfadescompte.ad\\\/#organization\",\"name\":\"Alfa Descompte\",\"url\":\"https:\\\/\\\/alfadescompte.ad\\\/\",\"logo\":{\"@type\":\"ImageObject\",\"inLanguage\":\"en-GB\",\"@id\":\"https:\\\/\\\/alfadescompte.ad\\\/#\\\/schema\\\/logo\\\/image\\\/\",\"url\":\"https:\\\/\\\/alfadescompte.ad\\\/wp-content\\\/uploads\\\/2022\\\/04\\\/cropped-logo-alfa-1-1.png\",\"contentUrl\":\"https:\\\/\\\/alfadescompte.ad\\\/wp-content\\\/uploads\\\/2022\\\/04\\\/cropped-logo-alfa-1-1.png\",\"width\":424,\"height\":128,\"caption\":\"Alfa Descompte\"},\"image\":{\"@id\":\"https:\\\/\\\/alfadescompte.ad\\\/#\\\/schema\\\/logo\\\/image\\\/\"}}]}<\/script>\n<!-- \/ Yoast SEO plugin. -->","yoast_head_json":{"title":"Bitdefender Mobile Security for Android 2026 - 1 device - 1 year subscription - Alfa Descompte","robots":{"index":"index","follow":"follow","max-snippet":"max-snippet:-1","max-image-preview":"max-image-preview:large","max-video-preview":"max-video-preview:-1"},"canonical":"https:\/\/alfadescompte.ad\/en\/product-2\/bitdefender-mobile-security-pour-android-1-poste-1-an\/","og_locale":"en_GB","og_type":"article","og_title":"Bitdefender Mobile Security pour Android 2026 - 1 appareil - Abonnement 1 an - Alfa Descompte","og_description":"Antimalware  Audit de s\u00e9curit\u00e9  Antivol  Acheter et T\u00e9l\u00e9charger Bitdefender Mobile Security  Apr\u00e8s avoir pass\u00e9 votre commande et dans les\u00a024 heures, vous recevrez :   Le code de la cl\u00e9 d'activation de Bitdefender Mobile Security\u00a02022-2023  Le lien de t\u00e9l\u00e9chargement pour Bitdefender Mobile Security\u00a02022-2023  Les guides d\u2019installation et d\u2019activation  Notre service client\u00e8le est disponible 7\/7 jours","og_url":"https:\/\/alfadescompte.ad\/en\/product-2\/bitdefender-mobile-security-pour-android-1-poste-1-an\/","og_site_name":"Alfa Descompte","article_modified_time":"2026-03-03T09:57:22+00:00","og_image":[{"width":1024,"height":1024,"url":"https:\/\/alfadescompte.ad\/wp-content\/uploads\/2022\/09\/ChatGPT-Image-3-mars-2026-10_56_59.png","type":"image\/png"}],"twitter_card":"summary_large_image","twitter_misc":{"Estimated reading time":"2 minutes"},"schema":{"@context":"https:\/\/schema.org","@graph":[{"@type":"WebPage","@id":"https:\/\/alfadescompte.ad\/produit\/bitdefender-mobile-security-pour-android-1-poste-1-an\/","url":"https:\/\/alfadescompte.ad\/produit\/bitdefender-mobile-security-pour-android-1-poste-1-an\/","name":"Bitdefender Mobile Security for Android 2026 - 1 device - 1 year subscription - Alfa Descompte","isPartOf":{"@id":"https:\/\/alfadescompte.ad\/#website"},"primaryImageOfPage":{"@id":"https:\/\/alfadescompte.ad\/produit\/bitdefender-mobile-security-pour-android-1-poste-1-an\/#primaryimage"},"image":{"@id":"https:\/\/alfadescompte.ad\/produit\/bitdefender-mobile-security-pour-android-1-poste-1-an\/#primaryimage"},"thumbnailUrl":"https:\/\/alfadescompte.ad\/wp-content\/uploads\/2022\/09\/ChatGPT-Image-3-mars-2026-10_56_59.png","datePublished":"2022-09-28T14:01:52+00:00","dateModified":"2026-03-03T09:57:22+00:00","breadcrumb":{"@id":"https:\/\/alfadescompte.ad\/produit\/bitdefender-mobile-security-pour-android-1-poste-1-an\/#breadcrumb"},"inLanguage":"en-GB","potentialAction":[{"@type":"ReadAction","target":["https:\/\/alfadescompte.ad\/produit\/bitdefender-mobile-security-pour-android-1-poste-1-an\/"]}]},{"@type":"ImageObject","inLanguage":"en-GB","@id":"https:\/\/alfadescompte.ad\/produit\/bitdefender-mobile-security-pour-android-1-poste-1-an\/#primaryimage","url":"https:\/\/alfadescompte.ad\/wp-content\/uploads\/2022\/09\/ChatGPT-Image-3-mars-2026-10_56_59.png","contentUrl":"https:\/\/alfadescompte.ad\/wp-content\/uploads\/2022\/09\/ChatGPT-Image-3-mars-2026-10_56_59.png","width":1024,"height":1024},{"@type":"BreadcrumbList","@id":"https:\/\/alfadescompte.ad\/produit\/bitdefender-mobile-security-pour-android-1-poste-1-an\/#breadcrumb","itemListElement":[{"@type":"ListItem","position":1,"name":"Accueil","item":"https:\/\/alfadescompte.ad\/fr\/"},{"@type":"ListItem","position":2,"name":"Boutique","item":"https:\/\/alfadescompte.ad\/en\/boutique\/"},{"@type":"ListItem","position":3,"name":"Bitdefender Mobile Security pour Android 2026 &#8211; 1 appareil &#8211; Abonnement 1 an"}]},{"@type":"WebSite","@id":"https:\/\/alfadescompte.ad\/#website","url":"https:\/\/alfadescompte.ad\/","name":"Alfa Descompte","description":"","publisher":{"@id":"https:\/\/alfadescompte.ad\/#organization"},"potentialAction":[{"@type":"SearchAction","target":{"@type":"EntryPoint","urlTemplate":"https:\/\/alfadescompte.ad\/?s={search_term_string}"},"query-input":{"@type":"PropertyValueSpecification","valueRequired":true,"valueName":"search_term_string"}}],"inLanguage":"en-GB"},{"@type":"Organization","@id":"https:\/\/alfadescompte.ad\/#organization","name":"Alfa Descompte","url":"https:\/\/alfadescompte.ad\/","logo":{"@type":"ImageObject","inLanguage":"en-GB","@id":"https:\/\/alfadescompte.ad\/#\/schema\/logo\/image\/","url":"https:\/\/alfadescompte.ad\/wp-content\/uploads\/2022\/04\/cropped-logo-alfa-1-1.png","contentUrl":"https:\/\/alfadescompte.ad\/wp-content\/uploads\/2022\/04\/cropped-logo-alfa-1-1.png","width":424,"height":128,"caption":"Alfa Descompte"},"image":{"@id":"https:\/\/alfadescompte.ad\/#\/schema\/logo\/image\/"}}]}},"_links":{"self":[{"href":"https:\/\/alfadescompte.ad\/en\/wp-json\/wp\/v2\/product\/50382","targetHints":{"allow":["GET"]}}],"collection":[{"href":"https:\/\/alfadescompte.ad\/en\/wp-json\/wp\/v2\/product"}],"about":[{"href":"https:\/\/alfadescompte.ad\/en\/wp-json\/wp\/v2\/types\/product"}],"replies":[{"embeddable":true,"href":"https:\/\/alfadescompte.ad\/en\/wp-json\/wp\/v2\/comments?post=50382"}],"wp:featuredmedia":[{"embeddable":true,"href":"https:\/\/alfadescompte.ad\/en\/wp-json\/wp\/v2\/media\/55806"}],"wp:attachment":[{"href":"https:\/\/alfadescompte.ad\/en\/wp-json\/wp\/v2\/media?parent=50382"}],"wp:term":[{"taxonomy":"product_brand","embeddable":true,"href":"https:\/\/alfadescompte.ad\/en\/wp-json\/wp\/v2\/product_brand?post=50382"},{"taxonomy":"product_cat","embeddable":true,"href":"https:\/\/alfadescompte.ad\/en\/wp-json\/wp\/v2\/product_cat?post=50382"},{"taxonomy":"product_tag","embeddable":true,"href":"https:\/\/alfadescompte.ad\/en\/wp-json\/wp\/v2\/product_tag?post=50382"}],"curies":[{"name":"wp","href":"https:\/\/api.w.org\/{rel}","templated":true}]}}