{"id":50399,"date":"2022-09-29T08:23:34","date_gmt":"2022-09-29T06:23:34","guid":{"rendered":"https:\/\/alfadescompte.ad\/?post_type=product&#038;p=50399"},"modified":"2026-03-02T17:58:55","modified_gmt":"2026-03-02T16:58:55","slug":"bitdefender-vpn-premium-10-postes-1-an","status":"publish","type":"product","link":"https:\/\/alfadescompte.ad\/en\/product-2\/bitdefender-vpn-premium-10-postes-1-an\/","title":{"rendered":"Bitdefender VPN Premium 2026 - 10 workstations - 1 year"},"content":{"rendered":"<div id=\"product-item-desc-full\">\n<div class=\"tabsContent\">\n<div id=\"page_0\" class=\"page\">\n<div id=\"product-item-desc-full\">\n<div class=\"tabsContent\">\n<div id=\"page_0\" class=\"page\">\n<p>Bitdefender Premium VPN is a service that gives you complete anonymity online by encrypting all traffic entering and leaving your PC, Mac or mobile devices.<\/p>\n<h3>Maintain your anonymity on the Internet<\/h3>\n<p>Private browsing is not enough to remain anonymous. With Bitdefender Premium VPN, your real IP disappears completely, making it impossible to trace your online activities back to you. We are proud to protect your right to privacy and do not keep any log files on your browsing.<\/p>\n<h3>Access content from all over the world<\/h3>\n<p>Governments, universities and even some ISPs practice online censorship by blocking access to certain sites or applications. You can free yourself from these regional restrictions and explore the Internet in its entirety with Bitdefender Premium VPN.<\/p>\n<h3>Buy online at the best price<\/h3>\n<p>Many travel portals and airlines use dynamic pricing to adjust their offers, which can be at your expense. Using Bitdefender Premium VPN also allows you to connect via different countries to find the best deal.<\/p>\n<h3>Secure your connection on public networks<\/h3>\n<p>Public Wi-Fi, such as at airports, bars, restaurants and shopping centres, is a prime target for cybercriminals. Activate your VPN with a single click to secure your traffic with military-grade encryption, making unwanted access impossible.<\/p>\n<h3>Unblock streaming services<\/h3>\n<p>With Bitdefender Premium VPN, get the best experience by bypassing bandwidth limitations or restrictions to enjoy your favourite videos or films in complete peace of mind, without having to answer to anyone.<\/p>\n<h3>Protect yourself against attacks and hackers<\/h3>\n<p>Bitdefender Premium VPN protects you from hackers and can be particularly useful when you're playing online and your opponent is trying to gain an advantage over you using unorthodox methods, such as DDoS attacks to slow you down.<\/p>\n<\/div>\n<\/div>\n<\/div>\n<h2 class=\"item-title\">CONFIGURATION<\/h2>\n<div class=\"content\">\n<div id=\"product-item-configuration\">\n<ul class=\"plateforme\">\n<li>Platform: Windows 11, 10, 8 \/ macOS 10.12 or higher \/ iOS 12 or higher \/ Android 4.1 or higher<\/li>\n<\/ul>\n<p>System requirements for Windows<\/p>\n<ul>\n<li>Processor: 800 MHz<\/li>\n<li>RAM memory: 1 GB<\/li>\n<li>Available disk space: 500 MB<\/li>\n<\/ul>\n<\/div>\n<\/div>\n<\/div>\n<\/div>\n<\/div>","protected":false},"excerpt":{"rendered":"<p><img decoding=\"async\" src=\"https:\/\/www.minutesoft.com\/img\/cms\/reassurance\/logo-partner-bitdefender.png\" \/><\/p>\n<p>Buy and Download VPN Premium<\/p>\n<p>After placing your order and within<strong>\u00a024 hours<\/strong>You will receive :<\/p>\n<ul>\n<li>VPN Premium activation key code<strong>\u00a02022-2023<\/strong><\/li>\n<li>Download link for Total VPN Premium<strong>\u00a02022-2023<\/strong><\/li>\n<li>Installation and activation guides<\/li>\n<\/ul>\n<p>Our customer service is available 7 days a week<\/p>","protected":false},"featured_media":51928,"comment_status":"open","ping_status":"closed","template":"","meta":[],"product_brand":[],"product_cat":[189,1411,1417,20],"product_tag":[],"class_list":{"0":"post-50399","1":"product","2":"type-product","3":"status-publish","4":"has-post-thumbnail","6":"product_cat-bitdefender-products","7":"product_cat-total-security-vpn-premium","8":"product_cat-bitdefender-vpn-premium","9":"product_cat-securite","11":"first","12":"instock","13":"sale","14":"downloadable","15":"virtual","16":"purchasable","17":"product-type-simple","18":"czr-hentry"},"yoast_head":"<!-- This site is optimized with the Yoast SEO plugin v27.4 - https:\/\/yoast.com\/product\/yoast-seo-wordpress\/ -->\n<title>Bitdefender VPN Premium 2026 - 10 postes - 1 an - Alfa Descompte<\/title>\n<meta name=\"robots\" content=\"index, follow, max-snippet:-1, max-image-preview:large, max-video-preview:-1\" \/>\n<link rel=\"canonical\" href=\"https:\/\/alfadescompte.ad\/en\/product-2\/bitdefender-vpn-premium-10-postes-1-an\/\" \/>\n<meta property=\"og:locale\" content=\"en_GB\" \/>\n<meta property=\"og:type\" content=\"article\" \/>\n<meta property=\"og:title\" content=\"Bitdefender VPN Premium 2026 - 10 postes - 1 an - Alfa Descompte\" \/>\n<meta property=\"og:description\" content=\"Acheter et T\u00e9l\u00e9charger VPN Premium  Apr\u00e8s avoir pass\u00e9 votre commande et dans les\u00a024 heures, vous recevrez :   Le code de la cl\u00e9 d&#039;activation de VPN Premium\u00a02022-2023  Le lien de t\u00e9l\u00e9chargement pour Total VPN Premium\u00a02022-2023  Les guides d\u2019installation et d\u2019activation  Notre service client\u00e8le est disponible 7\/7 jours\" \/>\n<meta property=\"og:url\" content=\"https:\/\/alfadescompte.ad\/en\/product-2\/bitdefender-vpn-premium-10-postes-1-an\/\" \/>\n<meta property=\"og:site_name\" content=\"Alfa Descompte\" \/>\n<meta property=\"article:modified_time\" content=\"2026-03-02T16:58:55+00:00\" \/>\n<meta property=\"og:image\" content=\"https:\/\/alfadescompte.ad\/wp-content\/uploads\/2022\/09\/Erika-34.png\" \/>\n\t<meta property=\"og:image:width\" content=\"800\" \/>\n\t<meta property=\"og:image:height\" content=\"800\" \/>\n\t<meta property=\"og:image:type\" content=\"image\/png\" \/>\n<meta name=\"twitter:card\" content=\"summary_large_image\" \/>\n<meta name=\"twitter:label1\" content=\"Estimated reading time\" \/>\n\t<meta name=\"twitter:data1\" content=\"3 minutes\" \/>\n<script type=\"application\/ld+json\" class=\"yoast-schema-graph\">{\"@context\":\"https:\\\/\\\/schema.org\",\"@graph\":[{\"@type\":\"WebPage\",\"@id\":\"https:\\\/\\\/alfadescompte.ad\\\/produit\\\/bitdefender-vpn-premium-10-postes-1-an\\\/\",\"url\":\"https:\\\/\\\/alfadescompte.ad\\\/produit\\\/bitdefender-vpn-premium-10-postes-1-an\\\/\",\"name\":\"Bitdefender VPN Premium 2026 - 10 postes - 1 an - Alfa Descompte\",\"isPartOf\":{\"@id\":\"https:\\\/\\\/alfadescompte.ad\\\/#website\"},\"primaryImageOfPage\":{\"@id\":\"https:\\\/\\\/alfadescompte.ad\\\/produit\\\/bitdefender-vpn-premium-10-postes-1-an\\\/#primaryimage\"},\"image\":{\"@id\":\"https:\\\/\\\/alfadescompte.ad\\\/produit\\\/bitdefender-vpn-premium-10-postes-1-an\\\/#primaryimage\"},\"thumbnailUrl\":\"https:\\\/\\\/alfadescompte.ad\\\/wp-content\\\/uploads\\\/2022\\\/09\\\/Erika-34.png\",\"datePublished\":\"2022-09-29T06:23:34+00:00\",\"dateModified\":\"2026-03-02T16:58:55+00:00\",\"breadcrumb\":{\"@id\":\"https:\\\/\\\/alfadescompte.ad\\\/produit\\\/bitdefender-vpn-premium-10-postes-1-an\\\/#breadcrumb\"},\"inLanguage\":\"en-GB\",\"potentialAction\":[{\"@type\":\"ReadAction\",\"target\":[\"https:\\\/\\\/alfadescompte.ad\\\/produit\\\/bitdefender-vpn-premium-10-postes-1-an\\\/\"]}]},{\"@type\":\"ImageObject\",\"inLanguage\":\"en-GB\",\"@id\":\"https:\\\/\\\/alfadescompte.ad\\\/produit\\\/bitdefender-vpn-premium-10-postes-1-an\\\/#primaryimage\",\"url\":\"https:\\\/\\\/alfadescompte.ad\\\/wp-content\\\/uploads\\\/2022\\\/09\\\/Erika-34.png\",\"contentUrl\":\"https:\\\/\\\/alfadescompte.ad\\\/wp-content\\\/uploads\\\/2022\\\/09\\\/Erika-34.png\",\"width\":800,\"height\":800},{\"@type\":\"BreadcrumbList\",\"@id\":\"https:\\\/\\\/alfadescompte.ad\\\/produit\\\/bitdefender-vpn-premium-10-postes-1-an\\\/#breadcrumb\",\"itemListElement\":[{\"@type\":\"ListItem\",\"position\":1,\"name\":\"Accueil\",\"item\":\"https:\\\/\\\/alfadescompte.ad\\\/fr\\\/\"},{\"@type\":\"ListItem\",\"position\":2,\"name\":\"Boutique\",\"item\":\"https:\\\/\\\/alfadescompte.ad\\\/en\\\/boutique\\\/\"},{\"@type\":\"ListItem\",\"position\":3,\"name\":\"Bitdefender VPN Premium 2026 &#8211; 10 postes &#8211; 1 an\"}]},{\"@type\":\"WebSite\",\"@id\":\"https:\\\/\\\/alfadescompte.ad\\\/#website\",\"url\":\"https:\\\/\\\/alfadescompte.ad\\\/\",\"name\":\"Alfa Descompte\",\"description\":\"\",\"publisher\":{\"@id\":\"https:\\\/\\\/alfadescompte.ad\\\/#organization\"},\"potentialAction\":[{\"@type\":\"SearchAction\",\"target\":{\"@type\":\"EntryPoint\",\"urlTemplate\":\"https:\\\/\\\/alfadescompte.ad\\\/?s={search_term_string}\"},\"query-input\":{\"@type\":\"PropertyValueSpecification\",\"valueRequired\":true,\"valueName\":\"search_term_string\"}}],\"inLanguage\":\"en-GB\"},{\"@type\":\"Organization\",\"@id\":\"https:\\\/\\\/alfadescompte.ad\\\/#organization\",\"name\":\"Alfa Descompte\",\"url\":\"https:\\\/\\\/alfadescompte.ad\\\/\",\"logo\":{\"@type\":\"ImageObject\",\"inLanguage\":\"en-GB\",\"@id\":\"https:\\\/\\\/alfadescompte.ad\\\/#\\\/schema\\\/logo\\\/image\\\/\",\"url\":\"https:\\\/\\\/alfadescompte.ad\\\/wp-content\\\/uploads\\\/2022\\\/04\\\/cropped-logo-alfa-1-1.png\",\"contentUrl\":\"https:\\\/\\\/alfadescompte.ad\\\/wp-content\\\/uploads\\\/2022\\\/04\\\/cropped-logo-alfa-1-1.png\",\"width\":424,\"height\":128,\"caption\":\"Alfa Descompte\"},\"image\":{\"@id\":\"https:\\\/\\\/alfadescompte.ad\\\/#\\\/schema\\\/logo\\\/image\\\/\"}}]}<\/script>\n<!-- \/ Yoast SEO plugin. -->","yoast_head_json":{"title":"Bitdefender VPN Premium 2026 - 10 workstations - 1 year - Alfa Descompte","robots":{"index":"index","follow":"follow","max-snippet":"max-snippet:-1","max-image-preview":"max-image-preview:large","max-video-preview":"max-video-preview:-1"},"canonical":"https:\/\/alfadescompte.ad\/en\/product-2\/bitdefender-vpn-premium-10-postes-1-an\/","og_locale":"en_GB","og_type":"article","og_title":"Bitdefender VPN Premium 2026 - 10 postes - 1 an - Alfa Descompte","og_description":"Acheter et T\u00e9l\u00e9charger VPN Premium  Apr\u00e8s avoir pass\u00e9 votre commande et dans les\u00a024 heures, vous recevrez :   Le code de la cl\u00e9 d'activation de VPN Premium\u00a02022-2023  Le lien de t\u00e9l\u00e9chargement pour Total VPN Premium\u00a02022-2023  Les guides d\u2019installation et d\u2019activation  Notre service client\u00e8le est disponible 7\/7 jours","og_url":"https:\/\/alfadescompte.ad\/en\/product-2\/bitdefender-vpn-premium-10-postes-1-an\/","og_site_name":"Alfa Descompte","article_modified_time":"2026-03-02T16:58:55+00:00","og_image":[{"width":800,"height":800,"url":"https:\/\/alfadescompte.ad\/wp-content\/uploads\/2022\/09\/Erika-34.png","type":"image\/png"}],"twitter_card":"summary_large_image","twitter_misc":{"Estimated reading time":"3 minutes"},"schema":{"@context":"https:\/\/schema.org","@graph":[{"@type":"WebPage","@id":"https:\/\/alfadescompte.ad\/produit\/bitdefender-vpn-premium-10-postes-1-an\/","url":"https:\/\/alfadescompte.ad\/produit\/bitdefender-vpn-premium-10-postes-1-an\/","name":"Bitdefender VPN Premium 2026 - 10 workstations - 1 year - Alfa Descompte","isPartOf":{"@id":"https:\/\/alfadescompte.ad\/#website"},"primaryImageOfPage":{"@id":"https:\/\/alfadescompte.ad\/produit\/bitdefender-vpn-premium-10-postes-1-an\/#primaryimage"},"image":{"@id":"https:\/\/alfadescompte.ad\/produit\/bitdefender-vpn-premium-10-postes-1-an\/#primaryimage"},"thumbnailUrl":"https:\/\/alfadescompte.ad\/wp-content\/uploads\/2022\/09\/Erika-34.png","datePublished":"2022-09-29T06:23:34+00:00","dateModified":"2026-03-02T16:58:55+00:00","breadcrumb":{"@id":"https:\/\/alfadescompte.ad\/produit\/bitdefender-vpn-premium-10-postes-1-an\/#breadcrumb"},"inLanguage":"en-GB","potentialAction":[{"@type":"ReadAction","target":["https:\/\/alfadescompte.ad\/produit\/bitdefender-vpn-premium-10-postes-1-an\/"]}]},{"@type":"ImageObject","inLanguage":"en-GB","@id":"https:\/\/alfadescompte.ad\/produit\/bitdefender-vpn-premium-10-postes-1-an\/#primaryimage","url":"https:\/\/alfadescompte.ad\/wp-content\/uploads\/2022\/09\/Erika-34.png","contentUrl":"https:\/\/alfadescompte.ad\/wp-content\/uploads\/2022\/09\/Erika-34.png","width":800,"height":800},{"@type":"BreadcrumbList","@id":"https:\/\/alfadescompte.ad\/produit\/bitdefender-vpn-premium-10-postes-1-an\/#breadcrumb","itemListElement":[{"@type":"ListItem","position":1,"name":"Accueil","item":"https:\/\/alfadescompte.ad\/fr\/"},{"@type":"ListItem","position":2,"name":"Boutique","item":"https:\/\/alfadescompte.ad\/en\/boutique\/"},{"@type":"ListItem","position":3,"name":"Bitdefender VPN Premium 2026 &#8211; 10 postes &#8211; 1 an"}]},{"@type":"WebSite","@id":"https:\/\/alfadescompte.ad\/#website","url":"https:\/\/alfadescompte.ad\/","name":"Alfa Descompte","description":"","publisher":{"@id":"https:\/\/alfadescompte.ad\/#organization"},"potentialAction":[{"@type":"SearchAction","target":{"@type":"EntryPoint","urlTemplate":"https:\/\/alfadescompte.ad\/?s={search_term_string}"},"query-input":{"@type":"PropertyValueSpecification","valueRequired":true,"valueName":"search_term_string"}}],"inLanguage":"en-GB"},{"@type":"Organization","@id":"https:\/\/alfadescompte.ad\/#organization","name":"Alfa Descompte","url":"https:\/\/alfadescompte.ad\/","logo":{"@type":"ImageObject","inLanguage":"en-GB","@id":"https:\/\/alfadescompte.ad\/#\/schema\/logo\/image\/","url":"https:\/\/alfadescompte.ad\/wp-content\/uploads\/2022\/04\/cropped-logo-alfa-1-1.png","contentUrl":"https:\/\/alfadescompte.ad\/wp-content\/uploads\/2022\/04\/cropped-logo-alfa-1-1.png","width":424,"height":128,"caption":"Alfa Descompte"},"image":{"@id":"https:\/\/alfadescompte.ad\/#\/schema\/logo\/image\/"}}]}},"_links":{"self":[{"href":"https:\/\/alfadescompte.ad\/en\/wp-json\/wp\/v2\/product\/50399","targetHints":{"allow":["GET"]}}],"collection":[{"href":"https:\/\/alfadescompte.ad\/en\/wp-json\/wp\/v2\/product"}],"about":[{"href":"https:\/\/alfadescompte.ad\/en\/wp-json\/wp\/v2\/types\/product"}],"replies":[{"embeddable":true,"href":"https:\/\/alfadescompte.ad\/en\/wp-json\/wp\/v2\/comments?post=50399"}],"wp:featuredmedia":[{"embeddable":true,"href":"https:\/\/alfadescompte.ad\/en\/wp-json\/wp\/v2\/media\/51928"}],"wp:attachment":[{"href":"https:\/\/alfadescompte.ad\/en\/wp-json\/wp\/v2\/media?parent=50399"}],"wp:term":[{"taxonomy":"product_brand","embeddable":true,"href":"https:\/\/alfadescompte.ad\/en\/wp-json\/wp\/v2\/product_brand?post=50399"},{"taxonomy":"product_cat","embeddable":true,"href":"https:\/\/alfadescompte.ad\/en\/wp-json\/wp\/v2\/product_cat?post=50399"},{"taxonomy":"product_tag","embeddable":true,"href":"https:\/\/alfadescompte.ad\/en\/wp-json\/wp\/v2\/product_tag?post=50399"}],"curies":[{"name":"wp","href":"https:\/\/api.w.org\/{rel}","templated":true}]}}