{"id":50468,"date":"2022-10-17T15:17:56","date_gmt":"2022-10-17T13:17:56","guid":{"rendered":"https:\/\/alfadescompte.ad\/?product=avast-security-pro-for-mac-1-poste-1-an"},"modified":"2024-08-24T11:21:04","modified_gmt":"2024-08-24T09:21:04","slug":"avast-security-pro-for-mac-1-poste-1-an","status":"publish","type":"product","link":"https:\/\/alfadescompte.ad\/en\/product-2\/avast-security-pro-for-mac-1-poste-1-an\/","title":{"rendered":"Avast Security Pro for Mac - 1 seat - 1 year"},"content":{"rendered":"<div class=\"fancybox-wrap fancybox-desktop fancybox-type-ajax fancybox-opened\">\n<div class=\"fancybox-skin\">\n<div class=\"fancybox-outer\">\n<div class=\"fancybox-inner\">\n<div id=\"popup-fiche\">\n<div class=\"wrapper-fiche\">\n<div class=\"content-fiche\">\n<div class=\"description\">\n<h3><strong>Avast Security Pro for Mac<\/strong><\/h3>\n<p>Your Mac is not fully protected against threats, which is why Avast Security Pro protects you against 3 types of threat, exposes intruders on your Wi-Fi network and blocks ransomware.<\/p>\n<h3>TOTALLY PROTECT YOUR MAC<\/h3>\n<p>Be it viruses, spyware, keyloggers or even Trojans. Avast Security Pro blocks attacks on your Mac in real time before they even begin. What's more, it also scans your Mac for hidden threats that are already present and eradicates them, providing state-of-the-art security.<\/p>\n<h3>SURF THE INTERNET WITH PEACE OF MIND<\/h3>\n<p>When you go online, even trusted sites can be hacked and even take control of your family's email or your bank. So when you enter an unsecured website, you're alerted, and risky downloads and dangerous attachments are blocked to prevent any intrusion from the web.<\/p>\n<h3>CONSTANTLY MONITOR YOUR WI-FI NETWORK<\/h3>\n<p>An unsecured Wi-Fi network is an open door to threats. That's why your network and all the devices connected to it are analysed to identify and eradicate all untrusted devices and cybercriminals and prevent the theft of personal data.<\/p>\n<h3>PROTECT YOURSELF FROM RANSOMWARE<\/h3>\n<p>Your important documents, photos, files, etc. are protected from the threat of ransomware, guaranteeing the security of your most sensitive memories. Instant alerts are sent to you if your router or network is vulnerable to intrusion by outsiders, hackers, unsecured sites or even web trackers.<\/p>\n<\/div>\n<\/div>\n<\/div>\n<\/div>\n<\/div>\n<\/div>\n<div class=\"fancybox-item fancybox-close\" title=\"Close\"><\/div>\n<\/div>\n<\/div>","protected":false},"excerpt":{"rendered":"<p>Buy your original activation key today and receive your ultra-fast download link and unique activation key by e-mail.<\/p>\n<p>- Get your activation code in 15 minutes.<br \/>\n- Genuine 100% key<br \/>\n- Authorised for sale in Europe<br \/>\n- Languages: Multi-language<\/p>","protected":false},"featured_media":52151,"comment_status":"open","ping_status":"closed","template":"","meta":[],"product_brand":[],"product_cat":[187,1504],"product_tag":[],"class_list":{"0":"post-50468","1":"product","2":"type-product","3":"status-publish","4":"has-post-thumbnail","6":"product_cat-avast","7":"product_cat-security-pro-for-mac","9":"first","10":"outofstock","11":"sale","12":"downloadable","13":"virtual","14":"purchasable","15":"product-type-simple","16":"czr-hentry"},"yoast_head":"<!-- This site is optimized with the Yoast SEO plugin v27.4 - https:\/\/yoast.com\/product\/yoast-seo-wordpress\/ -->\n<title>Avast Security Pro for Mac - 1 poste - 1 an - Alfa Descompte<\/title>\n<meta name=\"robots\" content=\"index, follow, max-snippet:-1, max-image-preview:large, max-video-preview:-1\" \/>\n<link rel=\"canonical\" href=\"https:\/\/alfadescompte.ad\/en\/?product=avast-security-pro-for-mac-1-poste-1-an\" \/>\n<meta property=\"og:locale\" content=\"en_GB\" \/>\n<meta property=\"og:type\" content=\"article\" \/>\n<meta property=\"og:title\" content=\"Avast Security Pro for Mac - 1 poste - 1 an - Alfa Descompte\" \/>\n<meta property=\"og:description\" content=\"Achetez aujourd\u2019hui votre cl\u00e9 d&#039;activation originale et recevez par mail votre lien de t\u00e9l\u00e9chargement ultra rapide ainsi que sa cl\u00e9 unique d\u2019activation..  - Obtenir votre code d&#039;activation en 15 minutes. - Cl\u00e9 100% authentique - Vente autoris\u00e9e en Europe - Langues: Multi-langue\" \/>\n<meta property=\"og:url\" content=\"https:\/\/alfadescompte.ad\/en\/?product=avast-security-pro-for-mac-1-poste-1-an\" \/>\n<meta property=\"og:site_name\" content=\"Alfa Descompte\" \/>\n<meta property=\"article:modified_time\" content=\"2024-08-24T09:21:04+00:00\" \/>\n<meta property=\"og:image\" content=\"https:\/\/alfadescompte.ad\/wp-content\/uploads\/2022\/11\/Romaisa-57.png\" \/>\n\t<meta property=\"og:image:width\" content=\"800\" \/>\n\t<meta property=\"og:image:height\" content=\"800\" \/>\n\t<meta property=\"og:image:type\" content=\"image\/png\" \/>\n<meta name=\"twitter:card\" content=\"summary_large_image\" \/>\n<meta name=\"twitter:label1\" content=\"Estimated reading time\" \/>\n\t<meta name=\"twitter:data1\" content=\"2 minutes\" \/>\n<script type=\"application\/ld+json\" class=\"yoast-schema-graph\">{\"@context\":\"https:\\\/\\\/schema.org\",\"@graph\":[{\"@type\":\"WebPage\",\"@id\":\"https:\\\/\\\/alfadescompte.ad\\\/?product=avast-security-pro-for-mac-1-poste-1-an\",\"url\":\"https:\\\/\\\/alfadescompte.ad\\\/?product=avast-security-pro-for-mac-1-poste-1-an\",\"name\":\"Avast Security Pro for Mac - 1 poste - 1 an - Alfa Descompte\",\"isPartOf\":{\"@id\":\"https:\\\/\\\/alfadescompte.ad\\\/#website\"},\"primaryImageOfPage\":{\"@id\":\"https:\\\/\\\/alfadescompte.ad\\\/?product=avast-security-pro-for-mac-1-poste-1-an#primaryimage\"},\"image\":{\"@id\":\"https:\\\/\\\/alfadescompte.ad\\\/?product=avast-security-pro-for-mac-1-poste-1-an#primaryimage\"},\"thumbnailUrl\":\"https:\\\/\\\/alfadescompte.ad\\\/wp-content\\\/uploads\\\/2022\\\/11\\\/Romaisa-57.png\",\"datePublished\":\"2022-10-17T13:17:56+00:00\",\"dateModified\":\"2024-08-24T09:21:04+00:00\",\"breadcrumb\":{\"@id\":\"https:\\\/\\\/alfadescompte.ad\\\/?product=avast-security-pro-for-mac-1-poste-1-an#breadcrumb\"},\"inLanguage\":\"en-GB\",\"potentialAction\":[{\"@type\":\"ReadAction\",\"target\":[\"https:\\\/\\\/alfadescompte.ad\\\/?product=avast-security-pro-for-mac-1-poste-1-an\"]}]},{\"@type\":\"ImageObject\",\"inLanguage\":\"en-GB\",\"@id\":\"https:\\\/\\\/alfadescompte.ad\\\/?product=avast-security-pro-for-mac-1-poste-1-an#primaryimage\",\"url\":\"https:\\\/\\\/alfadescompte.ad\\\/wp-content\\\/uploads\\\/2022\\\/11\\\/Romaisa-57.png\",\"contentUrl\":\"https:\\\/\\\/alfadescompte.ad\\\/wp-content\\\/uploads\\\/2022\\\/11\\\/Romaisa-57.png\",\"width\":800,\"height\":800},{\"@type\":\"BreadcrumbList\",\"@id\":\"https:\\\/\\\/alfadescompte.ad\\\/?product=avast-security-pro-for-mac-1-poste-1-an#breadcrumb\",\"itemListElement\":[{\"@type\":\"ListItem\",\"position\":1,\"name\":\"Accueil\",\"item\":\"https:\\\/\\\/alfadescompte.ad\\\/fr\\\/\"},{\"@type\":\"ListItem\",\"position\":2,\"name\":\"Boutique\",\"item\":\"https:\\\/\\\/alfadescompte.ad\\\/en\\\/boutique\\\/\"},{\"@type\":\"ListItem\",\"position\":3,\"name\":\"Avast Security Pro for Mac &#8211; 1 poste &#8211; 1 an\"}]},{\"@type\":\"WebSite\",\"@id\":\"https:\\\/\\\/alfadescompte.ad\\\/#website\",\"url\":\"https:\\\/\\\/alfadescompte.ad\\\/\",\"name\":\"Alfa Descompte\",\"description\":\"\",\"publisher\":{\"@id\":\"https:\\\/\\\/alfadescompte.ad\\\/#organization\"},\"potentialAction\":[{\"@type\":\"SearchAction\",\"target\":{\"@type\":\"EntryPoint\",\"urlTemplate\":\"https:\\\/\\\/alfadescompte.ad\\\/?s={search_term_string}\"},\"query-input\":{\"@type\":\"PropertyValueSpecification\",\"valueRequired\":true,\"valueName\":\"search_term_string\"}}],\"inLanguage\":\"en-GB\"},{\"@type\":\"Organization\",\"@id\":\"https:\\\/\\\/alfadescompte.ad\\\/#organization\",\"name\":\"Alfa Descompte\",\"url\":\"https:\\\/\\\/alfadescompte.ad\\\/\",\"logo\":{\"@type\":\"ImageObject\",\"inLanguage\":\"en-GB\",\"@id\":\"https:\\\/\\\/alfadescompte.ad\\\/#\\\/schema\\\/logo\\\/image\\\/\",\"url\":\"https:\\\/\\\/alfadescompte.ad\\\/wp-content\\\/uploads\\\/2022\\\/04\\\/cropped-logo-alfa-1-1.png\",\"contentUrl\":\"https:\\\/\\\/alfadescompte.ad\\\/wp-content\\\/uploads\\\/2022\\\/04\\\/cropped-logo-alfa-1-1.png\",\"width\":424,\"height\":128,\"caption\":\"Alfa Descompte\"},\"image\":{\"@id\":\"https:\\\/\\\/alfadescompte.ad\\\/#\\\/schema\\\/logo\\\/image\\\/\"}}]}<\/script>\n<!-- \/ Yoast SEO plugin. -->","yoast_head_json":{"title":"Avast Security Pro for Mac - 1 workstation - 1 year - Alfa Descompte","robots":{"index":"index","follow":"follow","max-snippet":"max-snippet:-1","max-image-preview":"max-image-preview:large","max-video-preview":"max-video-preview:-1"},"canonical":"https:\/\/alfadescompte.ad\/en\/?product=avast-security-pro-for-mac-1-poste-1-an","og_locale":"en_GB","og_type":"article","og_title":"Avast Security Pro for Mac - 1 poste - 1 an - Alfa Descompte","og_description":"Achetez aujourd\u2019hui votre cl\u00e9 d'activation originale et recevez par mail votre lien de t\u00e9l\u00e9chargement ultra rapide ainsi que sa cl\u00e9 unique d\u2019activation..  - Obtenir votre code d'activation en 15 minutes. - Cl\u00e9 100% authentique - Vente autoris\u00e9e en Europe - Langues: Multi-langue","og_url":"https:\/\/alfadescompte.ad\/en\/?product=avast-security-pro-for-mac-1-poste-1-an","og_site_name":"Alfa Descompte","article_modified_time":"2024-08-24T09:21:04+00:00","og_image":[{"width":800,"height":800,"url":"https:\/\/alfadescompte.ad\/wp-content\/uploads\/2022\/11\/Romaisa-57.png","type":"image\/png"}],"twitter_card":"summary_large_image","twitter_misc":{"Estimated reading time":"2 minutes"},"schema":{"@context":"https:\/\/schema.org","@graph":[{"@type":"WebPage","@id":"https:\/\/alfadescompte.ad\/?product=avast-security-pro-for-mac-1-poste-1-an","url":"https:\/\/alfadescompte.ad\/?product=avast-security-pro-for-mac-1-poste-1-an","name":"Avast Security Pro for Mac - 1 workstation - 1 year - Alfa Descompte","isPartOf":{"@id":"https:\/\/alfadescompte.ad\/#website"},"primaryImageOfPage":{"@id":"https:\/\/alfadescompte.ad\/?product=avast-security-pro-for-mac-1-poste-1-an#primaryimage"},"image":{"@id":"https:\/\/alfadescompte.ad\/?product=avast-security-pro-for-mac-1-poste-1-an#primaryimage"},"thumbnailUrl":"https:\/\/alfadescompte.ad\/wp-content\/uploads\/2022\/11\/Romaisa-57.png","datePublished":"2022-10-17T13:17:56+00:00","dateModified":"2024-08-24T09:21:04+00:00","breadcrumb":{"@id":"https:\/\/alfadescompte.ad\/?product=avast-security-pro-for-mac-1-poste-1-an#breadcrumb"},"inLanguage":"en-GB","potentialAction":[{"@type":"ReadAction","target":["https:\/\/alfadescompte.ad\/?product=avast-security-pro-for-mac-1-poste-1-an"]}]},{"@type":"ImageObject","inLanguage":"en-GB","@id":"https:\/\/alfadescompte.ad\/?product=avast-security-pro-for-mac-1-poste-1-an#primaryimage","url":"https:\/\/alfadescompte.ad\/wp-content\/uploads\/2022\/11\/Romaisa-57.png","contentUrl":"https:\/\/alfadescompte.ad\/wp-content\/uploads\/2022\/11\/Romaisa-57.png","width":800,"height":800},{"@type":"BreadcrumbList","@id":"https:\/\/alfadescompte.ad\/?product=avast-security-pro-for-mac-1-poste-1-an#breadcrumb","itemListElement":[{"@type":"ListItem","position":1,"name":"Accueil","item":"https:\/\/alfadescompte.ad\/fr\/"},{"@type":"ListItem","position":2,"name":"Boutique","item":"https:\/\/alfadescompte.ad\/en\/boutique\/"},{"@type":"ListItem","position":3,"name":"Avast Security Pro for Mac &#8211; 1 poste &#8211; 1 an"}]},{"@type":"WebSite","@id":"https:\/\/alfadescompte.ad\/#website","url":"https:\/\/alfadescompte.ad\/","name":"Alfa Descompte","description":"","publisher":{"@id":"https:\/\/alfadescompte.ad\/#organization"},"potentialAction":[{"@type":"SearchAction","target":{"@type":"EntryPoint","urlTemplate":"https:\/\/alfadescompte.ad\/?s={search_term_string}"},"query-input":{"@type":"PropertyValueSpecification","valueRequired":true,"valueName":"search_term_string"}}],"inLanguage":"en-GB"},{"@type":"Organization","@id":"https:\/\/alfadescompte.ad\/#organization","name":"Alfa Descompte","url":"https:\/\/alfadescompte.ad\/","logo":{"@type":"ImageObject","inLanguage":"en-GB","@id":"https:\/\/alfadescompte.ad\/#\/schema\/logo\/image\/","url":"https:\/\/alfadescompte.ad\/wp-content\/uploads\/2022\/04\/cropped-logo-alfa-1-1.png","contentUrl":"https:\/\/alfadescompte.ad\/wp-content\/uploads\/2022\/04\/cropped-logo-alfa-1-1.png","width":424,"height":128,"caption":"Alfa Descompte"},"image":{"@id":"https:\/\/alfadescompte.ad\/#\/schema\/logo\/image\/"}}]}},"_links":{"self":[{"href":"https:\/\/alfadescompte.ad\/en\/wp-json\/wp\/v2\/product\/50468","targetHints":{"allow":["GET"]}}],"collection":[{"href":"https:\/\/alfadescompte.ad\/en\/wp-json\/wp\/v2\/product"}],"about":[{"href":"https:\/\/alfadescompte.ad\/en\/wp-json\/wp\/v2\/types\/product"}],"replies":[{"embeddable":true,"href":"https:\/\/alfadescompte.ad\/en\/wp-json\/wp\/v2\/comments?post=50468"}],"wp:featuredmedia":[{"embeddable":true,"href":"https:\/\/alfadescompte.ad\/en\/wp-json\/wp\/v2\/media\/52151"}],"wp:attachment":[{"href":"https:\/\/alfadescompte.ad\/en\/wp-json\/wp\/v2\/media?parent=50468"}],"wp:term":[{"taxonomy":"product_brand","embeddable":true,"href":"https:\/\/alfadescompte.ad\/en\/wp-json\/wp\/v2\/product_brand?post=50468"},{"taxonomy":"product_cat","embeddable":true,"href":"https:\/\/alfadescompte.ad\/en\/wp-json\/wp\/v2\/product_cat?post=50468"},{"taxonomy":"product_tag","embeddable":true,"href":"https:\/\/alfadescompte.ad\/en\/wp-json\/wp\/v2\/product_tag?post=50468"}],"curies":[{"name":"wp","href":"https:\/\/api.w.org\/{rel}","templated":true}]}}