{"id":50630,"date":"2022-10-17T15:19:30","date_gmt":"2022-10-17T13:19:30","guid":{"rendered":"https:\/\/alfadescompte.ad\/?product=eset-nod32-antivirus-3-postes-abonnement-1-an"},"modified":"2026-03-05T14:41:21","modified_gmt":"2026-03-05T13:41:21","slug":"eset-nod32-antivirus-3-postes-abonnement-1-an","status":"publish","type":"product","link":"https:\/\/alfadescompte.ad\/en\/product-2\/eset-nod32-antivirus-3-postes-abonnement-1-an\/","title":{"rendered":"ESET NOD32 Antivirus 2026 - 3 workstations - 1 year subscription"},"content":{"rendered":"<h2>ESET NOD32 ANTIVIRUS FEATURES<\/h2>\n<h3>ANTIVIRUS\/ANTISPYWARE: PROTECT YOURSELF PROACTIVELY<\/h3>\n<p>Your computer is protected against all types of online and\/or offline threats, as well as against the spread of malicious software to other user accounts.<\/p>\n<h3>CLOUD SCANNER: BENEFIT FROM RAPID ANALYSIS IN THE CLOUD<\/h3>\n<p>You're not slowed down in your tasks: scans are accelerated thanks to a whitelist system of safe files connected to ESET LiveGrid\u00ae (a file reputation database). ESET technology proactively tries to block unknown malware by focusing on the origin of its behaviour and comparing it with our reputation system.<\/p>\n<h3>PROTECTION AGAINST SCRIPT-BASED ATTACKS: AVOID SCRIPT-BASED ATTACKS<\/h3>\n<p>Your computer is protected from malicious attacks by scripts accessible via the Mozilla Firefox, Google Chrome, Microsoft Internet Explorer and Microsoft Bord browsers.<\/p>\n<p>You are also protected against those that try to use Windows PowerShell.<\/p>\n<h3>ANTI-PHISHING: SECURE YOUR PERSONAL DATA<\/h3>\n<p>Your confidential information is protected from theft by fake websites posing as trustworthy.<\/p>\n<h3>ADVANCED MEMORY ANALYSIS: STAY PROTECTED, EVEN AGAINST THE MOST PERSISTENT MALWARE<\/h3>\n<p>Your machine is protected against malicious software that uses several layers of encryption to hide its activities.<\/p>\n<h3>CONTROL OF REMOVABLE DEVICES: PROTECT YOUR DATA<\/h3>\n<p>If you have not authorised your data to be copied, it cannot be transferred to removable devices.<\/p>\n<p>You can block storage media, CDs, DVDs, USB sticks and external drives, as well as Bluetooth, FireWire and serial or parallel port connections.<\/p>\n<h3>PLAYER MODE: CONTINUE TO USE YOUR APPLICATIONS UNDISTURBED<\/h3>\n<p>Are you using a programme in full-screen mode? No problem, the antivirus automatically switches to silent mode. Are you playing games, watching videos or making a presentation? Updates and notifications are deferred.<\/p>","protected":false},"excerpt":{"rendered":"<ul>\n<li class=\"point-fort\">Antivirus, antispyware, antiransomware<\/li>\n<li class=\"point-fort\">Record number of Virus Bulletin awards<\/li>\n<li class=\"point-fort\">The lightest solution on the market<\/li>\n<li class=\"point-fort\">Ideal for players<\/li>\n<li class=\"point-fort\">European publisher<\/li>\n<\/ul>\n<p>Buy and Download <strong>ESET NOD32 Antivirus<\/strong><\/p>\n<p>After placing your order and within<strong>\u00a024 hours<\/strong>You will receive :<\/p>\n<ul>\n<li>The activation key code for <strong>ESET NOD32 Antivirus<\/strong><\/li>\n<li>The download link for <strong>ESET NOD32 Antivirus<\/strong><\/li>\n<li>Installation and activation guides<\/li>\n<\/ul>\n<p>Our customer service is available 7 days a week<\/p>","protected":false},"featured_media":55831,"comment_status":"open","ping_status":"closed","template":"","meta":[],"product_brand":[],"product_cat":[190,1540,20],"product_tag":[],"class_list":{"0":"post-50630","1":"product","2":"type-product","3":"status-publish","4":"has-post-thumbnail","6":"product_cat-eset","7":"product_cat-eset-nod32-antivirus","8":"product_cat-securite","10":"first","11":"instock","12":"downloadable","13":"virtual","14":"purchasable","15":"product-type-simple","16":"czr-hentry"},"yoast_head":"<!-- This site is optimized with the Yoast SEO plugin v27.4 - https:\/\/yoast.com\/product\/yoast-seo-wordpress\/ -->\n<title>ESET NOD32 Antivirus 2026 - 3 postes - Abonnement 1 an - Alfa Descompte<\/title>\n<meta name=\"robots\" content=\"index, follow, max-snippet:-1, max-image-preview:large, max-video-preview:-1\" \/>\n<link rel=\"canonical\" href=\"https:\/\/alfadescompte.ad\/en\/product-2\/eset-nod32-antivirus-3-postes-abonnement-1-an\/\" \/>\n<meta property=\"og:locale\" content=\"en_GB\" \/>\n<meta property=\"og:type\" content=\"article\" \/>\n<meta property=\"og:title\" content=\"ESET NOD32 Antivirus 2026 - 3 postes - Abonnement 1 an - Alfa Descompte\" \/>\n<meta property=\"og:description\" content=\"Antivirus, antispyware, antiransomware  Record de r\u00e9compenses Virus Bulletin  Solution la plus l\u00e9g\u00e8re du march\u00e9  Id\u00e9al pour les joueurs  \u00c9diteur europ\u00e9en  Acheter et T\u00e9l\u00e9charger ESET NOD32 Antivirus  Apr\u00e8s avoir pass\u00e9 votre commande et dans les\u00a024 heures, vous recevrez :   Le code de la cl\u00e9 d\u2019activation de ESET NOD32 Antivirus  Le lien de t\u00e9l\u00e9chargement pour ESET NOD32 Antivirus  Les guides d\u2019installation et d\u2019activation  Notre service client\u00e8le est disponible 7\/7 jours\" \/>\n<meta property=\"og:url\" content=\"https:\/\/alfadescompte.ad\/en\/product-2\/eset-nod32-antivirus-3-postes-abonnement-1-an\/\" \/>\n<meta property=\"og:site_name\" content=\"Alfa Descompte\" \/>\n<meta property=\"article:modified_time\" content=\"2026-03-05T13:41:21+00:00\" \/>\n<meta property=\"og:image\" content=\"https:\/\/alfadescompte.ad\/wp-content\/uploads\/2022\/10\/ChatGPT-Image-5-mars-2026-14_39_27.png\" \/>\n\t<meta property=\"og:image:width\" content=\"1024\" \/>\n\t<meta property=\"og:image:height\" content=\"1024\" \/>\n\t<meta property=\"og:image:type\" content=\"image\/png\" \/>\n<meta name=\"twitter:card\" content=\"summary_large_image\" \/>\n<meta name=\"twitter:label1\" content=\"Estimated reading time\" \/>\n\t<meta name=\"twitter:data1\" content=\"2 minutes\" \/>\n<script type=\"application\/ld+json\" class=\"yoast-schema-graph\">{\"@context\":\"https:\\\/\\\/schema.org\",\"@graph\":[{\"@type\":\"WebPage\",\"@id\":\"https:\\\/\\\/alfadescompte.ad\\\/produit\\\/eset-nod32-antivirus-3-postes-abonnement-1-an\\\/\",\"url\":\"https:\\\/\\\/alfadescompte.ad\\\/produit\\\/eset-nod32-antivirus-3-postes-abonnement-1-an\\\/\",\"name\":\"ESET NOD32 Antivirus 2026 - 3 postes - Abonnement 1 an - Alfa Descompte\",\"isPartOf\":{\"@id\":\"https:\\\/\\\/alfadescompte.ad\\\/#website\"},\"primaryImageOfPage\":{\"@id\":\"https:\\\/\\\/alfadescompte.ad\\\/produit\\\/eset-nod32-antivirus-3-postes-abonnement-1-an\\\/#primaryimage\"},\"image\":{\"@id\":\"https:\\\/\\\/alfadescompte.ad\\\/produit\\\/eset-nod32-antivirus-3-postes-abonnement-1-an\\\/#primaryimage\"},\"thumbnailUrl\":\"https:\\\/\\\/alfadescompte.ad\\\/wp-content\\\/uploads\\\/2022\\\/10\\\/ChatGPT-Image-5-mars-2026-14_39_27.png\",\"datePublished\":\"2022-10-17T13:19:30+00:00\",\"dateModified\":\"2026-03-05T13:41:21+00:00\",\"breadcrumb\":{\"@id\":\"https:\\\/\\\/alfadescompte.ad\\\/produit\\\/eset-nod32-antivirus-3-postes-abonnement-1-an\\\/#breadcrumb\"},\"inLanguage\":\"en-GB\",\"potentialAction\":[{\"@type\":\"ReadAction\",\"target\":[\"https:\\\/\\\/alfadescompte.ad\\\/produit\\\/eset-nod32-antivirus-3-postes-abonnement-1-an\\\/\"]}]},{\"@type\":\"ImageObject\",\"inLanguage\":\"en-GB\",\"@id\":\"https:\\\/\\\/alfadescompte.ad\\\/produit\\\/eset-nod32-antivirus-3-postes-abonnement-1-an\\\/#primaryimage\",\"url\":\"https:\\\/\\\/alfadescompte.ad\\\/wp-content\\\/uploads\\\/2022\\\/10\\\/ChatGPT-Image-5-mars-2026-14_39_27.png\",\"contentUrl\":\"https:\\\/\\\/alfadescompte.ad\\\/wp-content\\\/uploads\\\/2022\\\/10\\\/ChatGPT-Image-5-mars-2026-14_39_27.png\",\"width\":1024,\"height\":1024},{\"@type\":\"BreadcrumbList\",\"@id\":\"https:\\\/\\\/alfadescompte.ad\\\/produit\\\/eset-nod32-antivirus-3-postes-abonnement-1-an\\\/#breadcrumb\",\"itemListElement\":[{\"@type\":\"ListItem\",\"position\":1,\"name\":\"Accueil\",\"item\":\"https:\\\/\\\/alfadescompte.ad\\\/fr\\\/\"},{\"@type\":\"ListItem\",\"position\":2,\"name\":\"Boutique\",\"item\":\"https:\\\/\\\/alfadescompte.ad\\\/en\\\/boutique\\\/\"},{\"@type\":\"ListItem\",\"position\":3,\"name\":\"ESET NOD32 Antivirus 2026 &#8211; 3 postes &#8211; Abonnement 1 an\"}]},{\"@type\":\"WebSite\",\"@id\":\"https:\\\/\\\/alfadescompte.ad\\\/#website\",\"url\":\"https:\\\/\\\/alfadescompte.ad\\\/\",\"name\":\"Alfa Descompte\",\"description\":\"\",\"publisher\":{\"@id\":\"https:\\\/\\\/alfadescompte.ad\\\/#organization\"},\"potentialAction\":[{\"@type\":\"SearchAction\",\"target\":{\"@type\":\"EntryPoint\",\"urlTemplate\":\"https:\\\/\\\/alfadescompte.ad\\\/?s={search_term_string}\"},\"query-input\":{\"@type\":\"PropertyValueSpecification\",\"valueRequired\":true,\"valueName\":\"search_term_string\"}}],\"inLanguage\":\"en-GB\"},{\"@type\":\"Organization\",\"@id\":\"https:\\\/\\\/alfadescompte.ad\\\/#organization\",\"name\":\"Alfa Descompte\",\"url\":\"https:\\\/\\\/alfadescompte.ad\\\/\",\"logo\":{\"@type\":\"ImageObject\",\"inLanguage\":\"en-GB\",\"@id\":\"https:\\\/\\\/alfadescompte.ad\\\/#\\\/schema\\\/logo\\\/image\\\/\",\"url\":\"https:\\\/\\\/alfadescompte.ad\\\/wp-content\\\/uploads\\\/2022\\\/04\\\/cropped-logo-alfa-1-1.png\",\"contentUrl\":\"https:\\\/\\\/alfadescompte.ad\\\/wp-content\\\/uploads\\\/2022\\\/04\\\/cropped-logo-alfa-1-1.png\",\"width\":424,\"height\":128,\"caption\":\"Alfa Descompte\"},\"image\":{\"@id\":\"https:\\\/\\\/alfadescompte.ad\\\/#\\\/schema\\\/logo\\\/image\\\/\"}}]}<\/script>\n<!-- \/ Yoast SEO plugin. -->","yoast_head_json":{"title":"ESET NOD32 Antivirus 2026 - 3 workstations - 1 year subscription - Alfa Descompte","robots":{"index":"index","follow":"follow","max-snippet":"max-snippet:-1","max-image-preview":"max-image-preview:large","max-video-preview":"max-video-preview:-1"},"canonical":"https:\/\/alfadescompte.ad\/en\/product-2\/eset-nod32-antivirus-3-postes-abonnement-1-an\/","og_locale":"en_GB","og_type":"article","og_title":"ESET NOD32 Antivirus 2026 - 3 postes - Abonnement 1 an - Alfa Descompte","og_description":"Antivirus, antispyware, antiransomware  Record de r\u00e9compenses Virus Bulletin  Solution la plus l\u00e9g\u00e8re du march\u00e9  Id\u00e9al pour les joueurs  \u00c9diteur europ\u00e9en  Acheter et T\u00e9l\u00e9charger ESET NOD32 Antivirus  Apr\u00e8s avoir pass\u00e9 votre commande et dans les\u00a024 heures, vous recevrez :   Le code de la cl\u00e9 d\u2019activation de ESET NOD32 Antivirus  Le lien de t\u00e9l\u00e9chargement pour ESET NOD32 Antivirus  Les guides d\u2019installation et d\u2019activation  Notre service client\u00e8le est disponible 7\/7 jours","og_url":"https:\/\/alfadescompte.ad\/en\/product-2\/eset-nod32-antivirus-3-postes-abonnement-1-an\/","og_site_name":"Alfa Descompte","article_modified_time":"2026-03-05T13:41:21+00:00","og_image":[{"width":1024,"height":1024,"url":"https:\/\/alfadescompte.ad\/wp-content\/uploads\/2022\/10\/ChatGPT-Image-5-mars-2026-14_39_27.png","type":"image\/png"}],"twitter_card":"summary_large_image","twitter_misc":{"Estimated reading time":"2 minutes"},"schema":{"@context":"https:\/\/schema.org","@graph":[{"@type":"WebPage","@id":"https:\/\/alfadescompte.ad\/produit\/eset-nod32-antivirus-3-postes-abonnement-1-an\/","url":"https:\/\/alfadescompte.ad\/produit\/eset-nod32-antivirus-3-postes-abonnement-1-an\/","name":"ESET NOD32 Antivirus 2026 - 3 workstations - 1 year subscription - Alfa Descompte","isPartOf":{"@id":"https:\/\/alfadescompte.ad\/#website"},"primaryImageOfPage":{"@id":"https:\/\/alfadescompte.ad\/produit\/eset-nod32-antivirus-3-postes-abonnement-1-an\/#primaryimage"},"image":{"@id":"https:\/\/alfadescompte.ad\/produit\/eset-nod32-antivirus-3-postes-abonnement-1-an\/#primaryimage"},"thumbnailUrl":"https:\/\/alfadescompte.ad\/wp-content\/uploads\/2022\/10\/ChatGPT-Image-5-mars-2026-14_39_27.png","datePublished":"2022-10-17T13:19:30+00:00","dateModified":"2026-03-05T13:41:21+00:00","breadcrumb":{"@id":"https:\/\/alfadescompte.ad\/produit\/eset-nod32-antivirus-3-postes-abonnement-1-an\/#breadcrumb"},"inLanguage":"en-GB","potentialAction":[{"@type":"ReadAction","target":["https:\/\/alfadescompte.ad\/produit\/eset-nod32-antivirus-3-postes-abonnement-1-an\/"]}]},{"@type":"ImageObject","inLanguage":"en-GB","@id":"https:\/\/alfadescompte.ad\/produit\/eset-nod32-antivirus-3-postes-abonnement-1-an\/#primaryimage","url":"https:\/\/alfadescompte.ad\/wp-content\/uploads\/2022\/10\/ChatGPT-Image-5-mars-2026-14_39_27.png","contentUrl":"https:\/\/alfadescompte.ad\/wp-content\/uploads\/2022\/10\/ChatGPT-Image-5-mars-2026-14_39_27.png","width":1024,"height":1024},{"@type":"BreadcrumbList","@id":"https:\/\/alfadescompte.ad\/produit\/eset-nod32-antivirus-3-postes-abonnement-1-an\/#breadcrumb","itemListElement":[{"@type":"ListItem","position":1,"name":"Accueil","item":"https:\/\/alfadescompte.ad\/fr\/"},{"@type":"ListItem","position":2,"name":"Boutique","item":"https:\/\/alfadescompte.ad\/en\/boutique\/"},{"@type":"ListItem","position":3,"name":"ESET NOD32 Antivirus 2026 &#8211; 3 postes &#8211; Abonnement 1 an"}]},{"@type":"WebSite","@id":"https:\/\/alfadescompte.ad\/#website","url":"https:\/\/alfadescompte.ad\/","name":"Alfa Descompte","description":"","publisher":{"@id":"https:\/\/alfadescompte.ad\/#organization"},"potentialAction":[{"@type":"SearchAction","target":{"@type":"EntryPoint","urlTemplate":"https:\/\/alfadescompte.ad\/?s={search_term_string}"},"query-input":{"@type":"PropertyValueSpecification","valueRequired":true,"valueName":"search_term_string"}}],"inLanguage":"en-GB"},{"@type":"Organization","@id":"https:\/\/alfadescompte.ad\/#organization","name":"Alfa Descompte","url":"https:\/\/alfadescompte.ad\/","logo":{"@type":"ImageObject","inLanguage":"en-GB","@id":"https:\/\/alfadescompte.ad\/#\/schema\/logo\/image\/","url":"https:\/\/alfadescompte.ad\/wp-content\/uploads\/2022\/04\/cropped-logo-alfa-1-1.png","contentUrl":"https:\/\/alfadescompte.ad\/wp-content\/uploads\/2022\/04\/cropped-logo-alfa-1-1.png","width":424,"height":128,"caption":"Alfa Descompte"},"image":{"@id":"https:\/\/alfadescompte.ad\/#\/schema\/logo\/image\/"}}]}},"_links":{"self":[{"href":"https:\/\/alfadescompte.ad\/en\/wp-json\/wp\/v2\/product\/50630","targetHints":{"allow":["GET"]}}],"collection":[{"href":"https:\/\/alfadescompte.ad\/en\/wp-json\/wp\/v2\/product"}],"about":[{"href":"https:\/\/alfadescompte.ad\/en\/wp-json\/wp\/v2\/types\/product"}],"replies":[{"embeddable":true,"href":"https:\/\/alfadescompte.ad\/en\/wp-json\/wp\/v2\/comments?post=50630"}],"wp:featuredmedia":[{"embeddable":true,"href":"https:\/\/alfadescompte.ad\/en\/wp-json\/wp\/v2\/media\/55831"}],"wp:attachment":[{"href":"https:\/\/alfadescompte.ad\/en\/wp-json\/wp\/v2\/media?parent=50630"}],"wp:term":[{"taxonomy":"product_brand","embeddable":true,"href":"https:\/\/alfadescompte.ad\/en\/wp-json\/wp\/v2\/product_brand?post=50630"},{"taxonomy":"product_cat","embeddable":true,"href":"https:\/\/alfadescompte.ad\/en\/wp-json\/wp\/v2\/product_cat?post=50630"},{"taxonomy":"product_tag","embeddable":true,"href":"https:\/\/alfadescompte.ad\/en\/wp-json\/wp\/v2\/product_tag?post=50630"}],"curies":[{"name":"wp","href":"https:\/\/api.w.org\/{rel}","templated":true}]}}