{"id":50923,"date":"2022-10-17T15:22:37","date_gmt":"2022-10-17T13:22:37","guid":{"rendered":"https:\/\/alfadescompte.ad\/?product=g-data-antivirus-mac-1-poste-abonnement-1-an"},"modified":"2026-03-04T13:18:31","modified_gmt":"2026-03-04T12:18:31","slug":"g-data-antivirus-mac-1-poste-abonnement-1-an","status":"publish","type":"product","link":"https:\/\/alfadescompte.ad\/en\/product-2\/g-data-antivirus-mac-1-poste-abonnement-1-an\/","title":{"rendered":"G DATA Antivirus Mac 2026 - 1 workstation - 1 year subscription"},"content":{"rendered":"<div class=\"fancybox-wrap fancybox-desktop fancybox-type-ajax fancybox-opened\">\n<div class=\"fancybox-skin\">\n<div class=\"fancybox-outer\">\n<div class=\"fancybox-inner\">\n<div id=\"popup-fiche\">\n<div class=\"wrapper-fiche\">\n<div class=\"content-fiche\">\n<div class=\"description\">\n<h2>G DATA ANTIVIRUS, TOTAL SECURITY FOR YOUR MAC\u00ae.<\/h2>\n<h3>PROTECTING YOUR NETWORK :<\/h3>\n<p>The software is not only effective against the dangers that threaten your Mac, but will also intervene against what could represent a risk for Windows PCs present on your network.<\/p>\n<h3>PROTECTING YOUR BANK DETAILS :<\/h3>\n<p>All your data, bank details, payment card information, will be protected thanks to the anti-phishing protection offered by G DATA Antivirus.<\/p>\n<h3>REGULARLY UPDATED :<\/h3>\n<p>G DATA provides frequent updates to help you deal with new threats.<\/p>\n<h3>ANALYSIS PROGRAMMING :<\/h3>\n<p>Configure your Antivirus scans, which will run without you even using your Mac.<\/p>\n<\/div>\n<\/div>\n<\/div>\n<\/div>\n<\/div>\n<\/div>\n<div class=\"fancybox-item fancybox-close\" title=\"Close\"><\/div>\n<\/div>\n<\/div>","protected":false},"excerpt":{"rendered":"<ul>\n<li class=\"point-fort\">European publisher, data stored in Europe<\/li>\n<li class=\"point-fort\">Product certified by AV-Test.org<\/li>\n<li class=\"point-fort\">Secure browsing and online shopping<\/li>\n<li class=\"point-fort\">Protection against phishing<\/li>\n<li class=\"point-fort\">No slowing down of your Mac<\/li>\n<li class=\"point-fort\">Free telephone assistance in French<\/li>\n<\/ul>\n<p>Buy and Download <strong>G DATA Antivirus MAC<\/strong><\/p>\n<p>After placing your order and within<strong>\u00a024 hours<\/strong>You will receive :<\/p>\n<ul>\n<li>The activation key code for <strong>G DATA Antivirus MAC<\/strong><\/li>\n<li>The download link for <strong>G DATA Antivirus MAC<\/strong><\/li>\n<li>Installation and activation guides<\/li>\n<\/ul>\n<p>Our customer service is available 7 days a week<\/p>","protected":false},"featured_media":55818,"comment_status":"open","ping_status":"closed","template":"","meta":[],"product_brand":[],"product_cat":[1437,1545,20],"product_tag":[],"class_list":{"0":"post-50923","1":"product","2":"type-product","3":"status-publish","4":"has-post-thumbnail","6":"product_cat-g-data","7":"product_cat-g-data-antivirus-pour-mac","8":"product_cat-securite","10":"first","11":"instock","12":"sale","13":"downloadable","14":"virtual","15":"purchasable","16":"product-type-simple","17":"czr-hentry"},"yoast_head":"<!-- This site is optimized with the Yoast SEO plugin v27.4 - https:\/\/yoast.com\/product\/yoast-seo-wordpress\/ -->\n<title>G DATA Antivirus Mac 2026 - 1 poste - Abonnement 1 an - Alfa Descompte<\/title>\n<meta name=\"robots\" content=\"index, follow, max-snippet:-1, max-image-preview:large, max-video-preview:-1\" \/>\n<link rel=\"canonical\" href=\"https:\/\/alfadescompte.ad\/en\/product-2\/g-data-antivirus-mac-1-poste-abonnement-1-an\/\" \/>\n<meta property=\"og:locale\" content=\"en_GB\" \/>\n<meta property=\"og:type\" content=\"article\" \/>\n<meta property=\"og:title\" content=\"G DATA Antivirus Mac 2026 - 1 poste - Abonnement 1 an - Alfa Descompte\" \/>\n<meta property=\"og:description\" content=\"Editeur europ\u00e9en, donn\u00e9es stock\u00e9es en Europe  Produit certifi\u00e9 par AV-Test.org  Navigation s\u00e9curis\u00e9 et achats en ligne prot\u00e9g\u00e9s  Protection contre le phishing  Pas de ralentissement de votre Mac  Assistance t\u00e9l\u00e9phonique gratuite en fran\u00e7ais  Acheter et T\u00e9l\u00e9charger G DATA Antivirus MAC  Apr\u00e8s avoir pass\u00e9 votre commande et dans les\u00a024 heures, vous recevrez :   Le code de la cl\u00e9 d\u2019activation de G DATA Antivirus MAC  Le lien de t\u00e9l\u00e9chargement pour G DATA Antivirus MAC  Les guides d\u2019installation et d\u2019activation  Notre service client\u00e8le est disponible 7\/7 jours\" \/>\n<meta property=\"og:url\" content=\"https:\/\/alfadescompte.ad\/en\/product-2\/g-data-antivirus-mac-1-poste-abonnement-1-an\/\" \/>\n<meta property=\"og:site_name\" content=\"Alfa Descompte\" \/>\n<meta property=\"article:modified_time\" content=\"2026-03-04T12:18:31+00:00\" \/>\n<meta property=\"og:image\" content=\"https:\/\/alfadescompte.ad\/wp-content\/uploads\/2022\/10\/ChatGPT-Image-4-mars-2026-13_18_11.png\" \/>\n\t<meta property=\"og:image:width\" content=\"1024\" \/>\n\t<meta property=\"og:image:height\" content=\"1024\" \/>\n\t<meta property=\"og:image:type\" content=\"image\/png\" \/>\n<meta name=\"twitter:card\" content=\"summary_large_image\" \/>\n<meta name=\"twitter:label1\" content=\"Estimated reading time\" \/>\n\t<meta name=\"twitter:data1\" content=\"1 minute\" \/>\n<script type=\"application\/ld+json\" class=\"yoast-schema-graph\">{\"@context\":\"https:\\\/\\\/schema.org\",\"@graph\":[{\"@type\":\"WebPage\",\"@id\":\"https:\\\/\\\/alfadescompte.ad\\\/produit\\\/g-data-antivirus-mac-1-poste-abonnement-1-an\\\/\",\"url\":\"https:\\\/\\\/alfadescompte.ad\\\/produit\\\/g-data-antivirus-mac-1-poste-abonnement-1-an\\\/\",\"name\":\"G DATA Antivirus Mac 2026 - 1 poste - Abonnement 1 an - Alfa Descompte\",\"isPartOf\":{\"@id\":\"https:\\\/\\\/alfadescompte.ad\\\/#website\"},\"primaryImageOfPage\":{\"@id\":\"https:\\\/\\\/alfadescompte.ad\\\/produit\\\/g-data-antivirus-mac-1-poste-abonnement-1-an\\\/#primaryimage\"},\"image\":{\"@id\":\"https:\\\/\\\/alfadescompte.ad\\\/produit\\\/g-data-antivirus-mac-1-poste-abonnement-1-an\\\/#primaryimage\"},\"thumbnailUrl\":\"https:\\\/\\\/alfadescompte.ad\\\/wp-content\\\/uploads\\\/2022\\\/10\\\/ChatGPT-Image-4-mars-2026-13_18_11.png\",\"datePublished\":\"2022-10-17T13:22:37+00:00\",\"dateModified\":\"2026-03-04T12:18:31+00:00\",\"breadcrumb\":{\"@id\":\"https:\\\/\\\/alfadescompte.ad\\\/produit\\\/g-data-antivirus-mac-1-poste-abonnement-1-an\\\/#breadcrumb\"},\"inLanguage\":\"en-GB\",\"potentialAction\":[{\"@type\":\"ReadAction\",\"target\":[\"https:\\\/\\\/alfadescompte.ad\\\/produit\\\/g-data-antivirus-mac-1-poste-abonnement-1-an\\\/\"]}]},{\"@type\":\"ImageObject\",\"inLanguage\":\"en-GB\",\"@id\":\"https:\\\/\\\/alfadescompte.ad\\\/produit\\\/g-data-antivirus-mac-1-poste-abonnement-1-an\\\/#primaryimage\",\"url\":\"https:\\\/\\\/alfadescompte.ad\\\/wp-content\\\/uploads\\\/2022\\\/10\\\/ChatGPT-Image-4-mars-2026-13_18_11.png\",\"contentUrl\":\"https:\\\/\\\/alfadescompte.ad\\\/wp-content\\\/uploads\\\/2022\\\/10\\\/ChatGPT-Image-4-mars-2026-13_18_11.png\",\"width\":1024,\"height\":1024},{\"@type\":\"BreadcrumbList\",\"@id\":\"https:\\\/\\\/alfadescompte.ad\\\/produit\\\/g-data-antivirus-mac-1-poste-abonnement-1-an\\\/#breadcrumb\",\"itemListElement\":[{\"@type\":\"ListItem\",\"position\":1,\"name\":\"Accueil\",\"item\":\"https:\\\/\\\/alfadescompte.ad\\\/fr\\\/\"},{\"@type\":\"ListItem\",\"position\":2,\"name\":\"Boutique\",\"item\":\"https:\\\/\\\/alfadescompte.ad\\\/en\\\/boutique\\\/\"},{\"@type\":\"ListItem\",\"position\":3,\"name\":\"G DATA Antivirus Mac 2026 &#8211; 1 poste &#8211; Abonnement 1 an\"}]},{\"@type\":\"WebSite\",\"@id\":\"https:\\\/\\\/alfadescompte.ad\\\/#website\",\"url\":\"https:\\\/\\\/alfadescompte.ad\\\/\",\"name\":\"Alfa Descompte\",\"description\":\"\",\"publisher\":{\"@id\":\"https:\\\/\\\/alfadescompte.ad\\\/#organization\"},\"potentialAction\":[{\"@type\":\"SearchAction\",\"target\":{\"@type\":\"EntryPoint\",\"urlTemplate\":\"https:\\\/\\\/alfadescompte.ad\\\/?s={search_term_string}\"},\"query-input\":{\"@type\":\"PropertyValueSpecification\",\"valueRequired\":true,\"valueName\":\"search_term_string\"}}],\"inLanguage\":\"en-GB\"},{\"@type\":\"Organization\",\"@id\":\"https:\\\/\\\/alfadescompte.ad\\\/#organization\",\"name\":\"Alfa Descompte\",\"url\":\"https:\\\/\\\/alfadescompte.ad\\\/\",\"logo\":{\"@type\":\"ImageObject\",\"inLanguage\":\"en-GB\",\"@id\":\"https:\\\/\\\/alfadescompte.ad\\\/#\\\/schema\\\/logo\\\/image\\\/\",\"url\":\"https:\\\/\\\/alfadescompte.ad\\\/wp-content\\\/uploads\\\/2022\\\/04\\\/cropped-logo-alfa-1-1.png\",\"contentUrl\":\"https:\\\/\\\/alfadescompte.ad\\\/wp-content\\\/uploads\\\/2022\\\/04\\\/cropped-logo-alfa-1-1.png\",\"width\":424,\"height\":128,\"caption\":\"Alfa Descompte\"},\"image\":{\"@id\":\"https:\\\/\\\/alfadescompte.ad\\\/#\\\/schema\\\/logo\\\/image\\\/\"}}]}<\/script>\n<!-- \/ Yoast SEO plugin. -->","yoast_head_json":{"title":"G DATA Antivirus Mac 2026 - 1 workstation - 1 year subscription - Alfa Descompte","robots":{"index":"index","follow":"follow","max-snippet":"max-snippet:-1","max-image-preview":"max-image-preview:large","max-video-preview":"max-video-preview:-1"},"canonical":"https:\/\/alfadescompte.ad\/en\/product-2\/g-data-antivirus-mac-1-poste-abonnement-1-an\/","og_locale":"en_GB","og_type":"article","og_title":"G DATA Antivirus Mac 2026 - 1 poste - Abonnement 1 an - Alfa Descompte","og_description":"Editeur europ\u00e9en, donn\u00e9es stock\u00e9es en Europe  Produit certifi\u00e9 par AV-Test.org  Navigation s\u00e9curis\u00e9 et achats en ligne prot\u00e9g\u00e9s  Protection contre le phishing  Pas de ralentissement de votre Mac  Assistance t\u00e9l\u00e9phonique gratuite en fran\u00e7ais  Acheter et T\u00e9l\u00e9charger G DATA Antivirus MAC  Apr\u00e8s avoir pass\u00e9 votre commande et dans les\u00a024 heures, vous recevrez :   Le code de la cl\u00e9 d\u2019activation de G DATA Antivirus MAC  Le lien de t\u00e9l\u00e9chargement pour G DATA Antivirus MAC  Les guides d\u2019installation et d\u2019activation  Notre service client\u00e8le est disponible 7\/7 jours","og_url":"https:\/\/alfadescompte.ad\/en\/product-2\/g-data-antivirus-mac-1-poste-abonnement-1-an\/","og_site_name":"Alfa Descompte","article_modified_time":"2026-03-04T12:18:31+00:00","og_image":[{"width":1024,"height":1024,"url":"https:\/\/alfadescompte.ad\/wp-content\/uploads\/2022\/10\/ChatGPT-Image-4-mars-2026-13_18_11.png","type":"image\/png"}],"twitter_card":"summary_large_image","twitter_misc":{"Estimated reading time":"1 minute"},"schema":{"@context":"https:\/\/schema.org","@graph":[{"@type":"WebPage","@id":"https:\/\/alfadescompte.ad\/produit\/g-data-antivirus-mac-1-poste-abonnement-1-an\/","url":"https:\/\/alfadescompte.ad\/produit\/g-data-antivirus-mac-1-poste-abonnement-1-an\/","name":"G DATA Antivirus Mac 2026 - 1 workstation - 1 year subscription - Alfa Descompte","isPartOf":{"@id":"https:\/\/alfadescompte.ad\/#website"},"primaryImageOfPage":{"@id":"https:\/\/alfadescompte.ad\/produit\/g-data-antivirus-mac-1-poste-abonnement-1-an\/#primaryimage"},"image":{"@id":"https:\/\/alfadescompte.ad\/produit\/g-data-antivirus-mac-1-poste-abonnement-1-an\/#primaryimage"},"thumbnailUrl":"https:\/\/alfadescompte.ad\/wp-content\/uploads\/2022\/10\/ChatGPT-Image-4-mars-2026-13_18_11.png","datePublished":"2022-10-17T13:22:37+00:00","dateModified":"2026-03-04T12:18:31+00:00","breadcrumb":{"@id":"https:\/\/alfadescompte.ad\/produit\/g-data-antivirus-mac-1-poste-abonnement-1-an\/#breadcrumb"},"inLanguage":"en-GB","potentialAction":[{"@type":"ReadAction","target":["https:\/\/alfadescompte.ad\/produit\/g-data-antivirus-mac-1-poste-abonnement-1-an\/"]}]},{"@type":"ImageObject","inLanguage":"en-GB","@id":"https:\/\/alfadescompte.ad\/produit\/g-data-antivirus-mac-1-poste-abonnement-1-an\/#primaryimage","url":"https:\/\/alfadescompte.ad\/wp-content\/uploads\/2022\/10\/ChatGPT-Image-4-mars-2026-13_18_11.png","contentUrl":"https:\/\/alfadescompte.ad\/wp-content\/uploads\/2022\/10\/ChatGPT-Image-4-mars-2026-13_18_11.png","width":1024,"height":1024},{"@type":"BreadcrumbList","@id":"https:\/\/alfadescompte.ad\/produit\/g-data-antivirus-mac-1-poste-abonnement-1-an\/#breadcrumb","itemListElement":[{"@type":"ListItem","position":1,"name":"Accueil","item":"https:\/\/alfadescompte.ad\/fr\/"},{"@type":"ListItem","position":2,"name":"Boutique","item":"https:\/\/alfadescompte.ad\/en\/boutique\/"},{"@type":"ListItem","position":3,"name":"G DATA Antivirus Mac 2026 &#8211; 1 poste &#8211; Abonnement 1 an"}]},{"@type":"WebSite","@id":"https:\/\/alfadescompte.ad\/#website","url":"https:\/\/alfadescompte.ad\/","name":"Alfa Descompte","description":"","publisher":{"@id":"https:\/\/alfadescompte.ad\/#organization"},"potentialAction":[{"@type":"SearchAction","target":{"@type":"EntryPoint","urlTemplate":"https:\/\/alfadescompte.ad\/?s={search_term_string}"},"query-input":{"@type":"PropertyValueSpecification","valueRequired":true,"valueName":"search_term_string"}}],"inLanguage":"en-GB"},{"@type":"Organization","@id":"https:\/\/alfadescompte.ad\/#organization","name":"Alfa Descompte","url":"https:\/\/alfadescompte.ad\/","logo":{"@type":"ImageObject","inLanguage":"en-GB","@id":"https:\/\/alfadescompte.ad\/#\/schema\/logo\/image\/","url":"https:\/\/alfadescompte.ad\/wp-content\/uploads\/2022\/04\/cropped-logo-alfa-1-1.png","contentUrl":"https:\/\/alfadescompte.ad\/wp-content\/uploads\/2022\/04\/cropped-logo-alfa-1-1.png","width":424,"height":128,"caption":"Alfa Descompte"},"image":{"@id":"https:\/\/alfadescompte.ad\/#\/schema\/logo\/image\/"}}]}},"_links":{"self":[{"href":"https:\/\/alfadescompte.ad\/en\/wp-json\/wp\/v2\/product\/50923","targetHints":{"allow":["GET"]}}],"collection":[{"href":"https:\/\/alfadescompte.ad\/en\/wp-json\/wp\/v2\/product"}],"about":[{"href":"https:\/\/alfadescompte.ad\/en\/wp-json\/wp\/v2\/types\/product"}],"replies":[{"embeddable":true,"href":"https:\/\/alfadescompte.ad\/en\/wp-json\/wp\/v2\/comments?post=50923"}],"wp:featuredmedia":[{"embeddable":true,"href":"https:\/\/alfadescompte.ad\/en\/wp-json\/wp\/v2\/media\/55818"}],"wp:attachment":[{"href":"https:\/\/alfadescompte.ad\/en\/wp-json\/wp\/v2\/media?parent=50923"}],"wp:term":[{"taxonomy":"product_brand","embeddable":true,"href":"https:\/\/alfadescompte.ad\/en\/wp-json\/wp\/v2\/product_brand?post=50923"},{"taxonomy":"product_cat","embeddable":true,"href":"https:\/\/alfadescompte.ad\/en\/wp-json\/wp\/v2\/product_cat?post=50923"},{"taxonomy":"product_tag","embeddable":true,"href":"https:\/\/alfadescompte.ad\/en\/wp-json\/wp\/v2\/product_tag?post=50923"}],"curies":[{"name":"wp","href":"https:\/\/api.w.org\/{rel}","templated":true}]}}