{"id":50967,"date":"2022-10-17T15:23:07","date_gmt":"2022-10-17T13:23:07","guid":{"rendered":"https:\/\/alfadescompte.ad\/?product=g-data-total-security-2-postes-abonnement-1-an"},"modified":"2026-03-04T13:59:56","modified_gmt":"2026-03-04T12:59:56","slug":"g-data-total-security-2-postes-abonnement-1-an","status":"publish","type":"product","link":"https:\/\/alfadescompte.ad\/en\/product-2\/g-data-total-security-2-postes-abonnement-1-an\/","title":{"rendered":"G DATA Total Security 2026 - 2 workstations - 1 year subscription"},"content":{"rendered":"<div class=\"fancybox-outer\">\n<div class=\"fancybox-inner\">\n<div id=\"popup-fiche\">\n<div class=\"wrapper-fiche\">\n<div class=\"content-fiche\">\n<div class=\"description\">\n<p>G DATA Total Security will provide effective protection against viruses, Trojans, hacker attacks and other threats. It also allows you to control access to your data. Find a very effective anti-exploit protection against the exploitation of security holes by malware.<\/p>\n<h2>TOTAL SAFETY FOR YOUR MACHINE<\/h2>\n<p>G DATA Total Security offers a wide range of features for comprehensive protection against all threats.<\/p>\n<h3>EFFECTIVE PROTECTION AGAINST VARIOUS VIRUSES<\/h3>\n<p>The various associated technologies used by G DATA Total Security offer one of the best detection rates against viruses (old and new).<\/p>\n<h3>PROTECTION AGAINST UNKNOWN DANGERS<\/h3>\n<p>G DATA Total Security performs a behavioural check of files. Proactive recognition, combined with cloud-based analysis, will keep the software up-to-date and effective in the face of new threats.<\/p>\n<h3>PROTECTION OF YOUR MAILBOXES<\/h3>\n<p>As soon as your messages are received, the contents will be automatically scanned for threatening files.<\/p>\n<h3>BLAST PROTECTION<\/h3>\n<p>Anti-exploit protection ensures that installed programs (browser plug-ins, word processors) are protected against vulnerabilities. The programs are thus secured, which prevents the exploitation of possible vulnerabilities.<\/p>\n<h3>SECURE ONLINE BANKING AND SHOPPING<\/h3>\n<p>The patented BankGuard technology will secure your data and protect you from keyloggers.<\/p>\n<h3>A POWERFUL FIREWALL AGAINST HACKER ATTACKS<\/h3>\n<p>The G DATA Total Security firewall will monitor all connections (inbound or outbound), to prevent hacker and network attacks.<\/p>\n<h3>SPAM PROTECTION<\/h3>\n<p>Spam protection will automatically detect and block spam and phishing.<\/p>\n<h3>PROTECT YOUR CHILDREN<\/h3>\n<p>Parental controls will allow you to monitor your children's surfing, to protect them from inappropriate content. As well as preventing access to dangerous sites, you can also determine how long they surf the Internet or use the computer.<\/p>\n<h3>SECURE SYSTEM BACKUPS<\/h3>\n<p>The software will allow you to make secure backups of your system, which can be stored in various cloud services (Dropbox and Google Drive). These backups will be automated.<\/p>\n<h3>CONTROL ACCESS TO DIFFERENT MEDIA AND DEVICES<\/h3>\n<p>G DATA Total Security will allow you to control and limit access to your various media and peripherals, whatever they may be (memory cards, USB keys, etc.).<\/p>\n<h3>PROTECT YOUR CONFIDENTIAL DATA<\/h3>\n<p>The use of the encrypted safe will prevent access to your confidential data (files, information) if you have not authorised it.<\/p>\n<h3>PASSWORT MANAGER<\/h3>\n<p>This function remembers the passwords you use in online shops, forums, e-mail, etc. You can easily integrate our password manager into your browser. Passwords and contact details are then automatically filled in whenever you wish.<\/p>\n<p>BackupProtect your data automatically, on your PC or in the cloud. With password-protected backups, your data is always safe. Use Google Drive or Dropbox to keep your data safe.<\/p>\n<\/div>\n<\/div>\n<\/div>\n<\/div>\n<\/div>\n<\/div>\n<div class=\"fancybox-item fancybox-close\" title=\"Close\"><\/div>","protected":false},"excerpt":{"rendered":"<ul>\n<li class=\"point-fort\">European publisher, data stored in Europe<\/li>\n<li class=\"point-fort\">Product certified by AV-Test.org<\/li>\n<li class=\"point-fort\">All-in-one security suite<\/li>\n<li class=\"point-fort\">Also includes parental control<\/li>\n<li class=\"point-fort\">Backup and password manager<\/li>\n<li class=\"point-fort\">AI technology against new threats<\/li>\n<li class=\"point-fort\">Covers your PC, Mac, tablet and smartphone<\/li>\n<li class=\"point-fort\">Free telephone assistance in French<\/li>\n<\/ul>\n<p>Buy and Download <strong>G DATA Total Security<\/strong><\/p>\n<p>After placing your order, you will receive :<\/p>\n<ul>\n<li>The activation key code for <strong>G DATA Total Security<\/strong><\/li>\n<li>The download link for <strong>G DATA Total Security<\/strong><\/li>\n<li>Installation and activation guides<\/li>\n<\/ul>\n<p>Our customer service is available 7 days a week<\/p>","protected":false},"featured_media":55822,"comment_status":"open","ping_status":"closed","template":"","meta":[],"product_brand":[],"product_cat":[1437,1501,20],"product_tag":[],"class_list":{"0":"post-50967","1":"product","2":"type-product","3":"status-publish","4":"has-post-thumbnail","6":"product_cat-g-data","7":"product_cat-total-security-g-data","8":"product_cat-securite","10":"first","11":"instock","12":"sale","13":"downloadable","14":"virtual","15":"purchasable","16":"product-type-simple","17":"czr-hentry"},"yoast_head":"<!-- This site is optimized with the Yoast SEO plugin v27.4 - https:\/\/yoast.com\/product\/yoast-seo-wordpress\/ -->\n<title>G DATA Total Security 2026 - 2 postes - Abonnement 1 an - Alfa Descompte<\/title>\n<meta name=\"robots\" content=\"index, follow, max-snippet:-1, max-image-preview:large, max-video-preview:-1\" \/>\n<link rel=\"canonical\" href=\"https:\/\/alfadescompte.ad\/en\/product-2\/g-data-total-security-2-postes-abonnement-1-an\/\" \/>\n<meta property=\"og:locale\" content=\"en_GB\" \/>\n<meta property=\"og:type\" content=\"article\" \/>\n<meta property=\"og:title\" content=\"G DATA Total Security 2026 - 2 postes - Abonnement 1 an - Alfa Descompte\" \/>\n<meta property=\"og:description\" content=\"Editeur europ\u00e9en, donn\u00e9es stock\u00e9es en Europe  Produit certifi\u00e9 par AV-Test.org  Suite de s\u00e9curit\u00e9 tout-en-un  Int\u00e8gre aussi le contr\u00f4le parental  Sauvegarde et gestionnaire de mots de passe  Technologie IA contre les nouvelles menaces  Couvre vos PC, Mac, tablettes et smartphone  Assistance t\u00e9l\u00e9phonique gratuite en fran\u00e7ais  Acheter et T\u00e9l\u00e9charger G DATA Total Security  Apr\u00e8s avoir pass\u00e9 votre commande, vous recevrez :   Le code de la cl\u00e9 d\u2019activation de G DATA Total Security  Le lien de t\u00e9l\u00e9chargement pour G DATA Total Security  Les guides d\u2019installation et d\u2019activation  Notre service client\u00e8le est disponible 7\/7 jours\" \/>\n<meta property=\"og:url\" content=\"https:\/\/alfadescompte.ad\/en\/product-2\/g-data-total-security-2-postes-abonnement-1-an\/\" \/>\n<meta property=\"og:site_name\" content=\"Alfa Descompte\" \/>\n<meta property=\"article:modified_time\" content=\"2026-03-04T12:59:56+00:00\" \/>\n<meta property=\"og:image\" content=\"https:\/\/alfadescompte.ad\/wp-content\/uploads\/2022\/10\/ChatGPT-Image-4-mars-2026-13_58_40.png\" \/>\n\t<meta property=\"og:image:width\" content=\"1024\" \/>\n\t<meta property=\"og:image:height\" content=\"1024\" \/>\n\t<meta property=\"og:image:type\" content=\"image\/png\" \/>\n<meta name=\"twitter:card\" content=\"summary_large_image\" \/>\n<meta name=\"twitter:label1\" content=\"Estimated reading time\" \/>\n\t<meta name=\"twitter:data1\" content=\"3 minutes\" \/>\n<script type=\"application\/ld+json\" class=\"yoast-schema-graph\">{\"@context\":\"https:\\\/\\\/schema.org\",\"@graph\":[{\"@type\":\"WebPage\",\"@id\":\"https:\\\/\\\/alfadescompte.ad\\\/produit\\\/g-data-total-security-2-postes-abonnement-1-an\\\/\",\"url\":\"https:\\\/\\\/alfadescompte.ad\\\/produit\\\/g-data-total-security-2-postes-abonnement-1-an\\\/\",\"name\":\"G DATA Total Security 2026 - 2 postes - Abonnement 1 an - Alfa Descompte\",\"isPartOf\":{\"@id\":\"https:\\\/\\\/alfadescompte.ad\\\/#website\"},\"primaryImageOfPage\":{\"@id\":\"https:\\\/\\\/alfadescompte.ad\\\/produit\\\/g-data-total-security-2-postes-abonnement-1-an\\\/#primaryimage\"},\"image\":{\"@id\":\"https:\\\/\\\/alfadescompte.ad\\\/produit\\\/g-data-total-security-2-postes-abonnement-1-an\\\/#primaryimage\"},\"thumbnailUrl\":\"https:\\\/\\\/alfadescompte.ad\\\/wp-content\\\/uploads\\\/2022\\\/10\\\/ChatGPT-Image-4-mars-2026-13_58_40.png\",\"datePublished\":\"2022-10-17T13:23:07+00:00\",\"dateModified\":\"2026-03-04T12:59:56+00:00\",\"breadcrumb\":{\"@id\":\"https:\\\/\\\/alfadescompte.ad\\\/produit\\\/g-data-total-security-2-postes-abonnement-1-an\\\/#breadcrumb\"},\"inLanguage\":\"en-GB\",\"potentialAction\":[{\"@type\":\"ReadAction\",\"target\":[\"https:\\\/\\\/alfadescompte.ad\\\/produit\\\/g-data-total-security-2-postes-abonnement-1-an\\\/\"]}]},{\"@type\":\"ImageObject\",\"inLanguage\":\"en-GB\",\"@id\":\"https:\\\/\\\/alfadescompte.ad\\\/produit\\\/g-data-total-security-2-postes-abonnement-1-an\\\/#primaryimage\",\"url\":\"https:\\\/\\\/alfadescompte.ad\\\/wp-content\\\/uploads\\\/2022\\\/10\\\/ChatGPT-Image-4-mars-2026-13_58_40.png\",\"contentUrl\":\"https:\\\/\\\/alfadescompte.ad\\\/wp-content\\\/uploads\\\/2022\\\/10\\\/ChatGPT-Image-4-mars-2026-13_58_40.png\",\"width\":1024,\"height\":1024},{\"@type\":\"BreadcrumbList\",\"@id\":\"https:\\\/\\\/alfadescompte.ad\\\/produit\\\/g-data-total-security-2-postes-abonnement-1-an\\\/#breadcrumb\",\"itemListElement\":[{\"@type\":\"ListItem\",\"position\":1,\"name\":\"Accueil\",\"item\":\"https:\\\/\\\/alfadescompte.ad\\\/fr\\\/\"},{\"@type\":\"ListItem\",\"position\":2,\"name\":\"Boutique\",\"item\":\"https:\\\/\\\/alfadescompte.ad\\\/en\\\/boutique\\\/\"},{\"@type\":\"ListItem\",\"position\":3,\"name\":\"G DATA Total Security 2026 &#8211; 2 postes &#8211; Abonnement 1 an\"}]},{\"@type\":\"WebSite\",\"@id\":\"https:\\\/\\\/alfadescompte.ad\\\/#website\",\"url\":\"https:\\\/\\\/alfadescompte.ad\\\/\",\"name\":\"Alfa Descompte\",\"description\":\"\",\"publisher\":{\"@id\":\"https:\\\/\\\/alfadescompte.ad\\\/#organization\"},\"potentialAction\":[{\"@type\":\"SearchAction\",\"target\":{\"@type\":\"EntryPoint\",\"urlTemplate\":\"https:\\\/\\\/alfadescompte.ad\\\/?s={search_term_string}\"},\"query-input\":{\"@type\":\"PropertyValueSpecification\",\"valueRequired\":true,\"valueName\":\"search_term_string\"}}],\"inLanguage\":\"en-GB\"},{\"@type\":\"Organization\",\"@id\":\"https:\\\/\\\/alfadescompte.ad\\\/#organization\",\"name\":\"Alfa Descompte\",\"url\":\"https:\\\/\\\/alfadescompte.ad\\\/\",\"logo\":{\"@type\":\"ImageObject\",\"inLanguage\":\"en-GB\",\"@id\":\"https:\\\/\\\/alfadescompte.ad\\\/#\\\/schema\\\/logo\\\/image\\\/\",\"url\":\"https:\\\/\\\/alfadescompte.ad\\\/wp-content\\\/uploads\\\/2022\\\/04\\\/cropped-logo-alfa-1-1.png\",\"contentUrl\":\"https:\\\/\\\/alfadescompte.ad\\\/wp-content\\\/uploads\\\/2022\\\/04\\\/cropped-logo-alfa-1-1.png\",\"width\":424,\"height\":128,\"caption\":\"Alfa Descompte\"},\"image\":{\"@id\":\"https:\\\/\\\/alfadescompte.ad\\\/#\\\/schema\\\/logo\\\/image\\\/\"}}]}<\/script>\n<!-- \/ Yoast SEO plugin. -->","yoast_head_json":{"title":"G DATA Total Security 2026 - 2 workstations - 1 year subscription - Alfa Descompte","robots":{"index":"index","follow":"follow","max-snippet":"max-snippet:-1","max-image-preview":"max-image-preview:large","max-video-preview":"max-video-preview:-1"},"canonical":"https:\/\/alfadescompte.ad\/en\/product-2\/g-data-total-security-2-postes-abonnement-1-an\/","og_locale":"en_GB","og_type":"article","og_title":"G DATA Total Security 2026 - 2 postes - Abonnement 1 an - Alfa Descompte","og_description":"Editeur europ\u00e9en, donn\u00e9es stock\u00e9es en Europe  Produit certifi\u00e9 par AV-Test.org  Suite de s\u00e9curit\u00e9 tout-en-un  Int\u00e8gre aussi le contr\u00f4le parental  Sauvegarde et gestionnaire de mots de passe  Technologie IA contre les nouvelles menaces  Couvre vos PC, Mac, tablettes et smartphone  Assistance t\u00e9l\u00e9phonique gratuite en fran\u00e7ais  Acheter et T\u00e9l\u00e9charger G DATA Total Security  Apr\u00e8s avoir pass\u00e9 votre commande, vous recevrez :   Le code de la cl\u00e9 d\u2019activation de G DATA Total Security  Le lien de t\u00e9l\u00e9chargement pour G DATA Total Security  Les guides d\u2019installation et d\u2019activation  Notre service client\u00e8le est disponible 7\/7 jours","og_url":"https:\/\/alfadescompte.ad\/en\/product-2\/g-data-total-security-2-postes-abonnement-1-an\/","og_site_name":"Alfa Descompte","article_modified_time":"2026-03-04T12:59:56+00:00","og_image":[{"width":1024,"height":1024,"url":"https:\/\/alfadescompte.ad\/wp-content\/uploads\/2022\/10\/ChatGPT-Image-4-mars-2026-13_58_40.png","type":"image\/png"}],"twitter_card":"summary_large_image","twitter_misc":{"Estimated reading time":"3 minutes"},"schema":{"@context":"https:\/\/schema.org","@graph":[{"@type":"WebPage","@id":"https:\/\/alfadescompte.ad\/produit\/g-data-total-security-2-postes-abonnement-1-an\/","url":"https:\/\/alfadescompte.ad\/produit\/g-data-total-security-2-postes-abonnement-1-an\/","name":"G DATA Total Security 2026 - 2 workstations - 1 year subscription - Alfa Descompte","isPartOf":{"@id":"https:\/\/alfadescompte.ad\/#website"},"primaryImageOfPage":{"@id":"https:\/\/alfadescompte.ad\/produit\/g-data-total-security-2-postes-abonnement-1-an\/#primaryimage"},"image":{"@id":"https:\/\/alfadescompte.ad\/produit\/g-data-total-security-2-postes-abonnement-1-an\/#primaryimage"},"thumbnailUrl":"https:\/\/alfadescompte.ad\/wp-content\/uploads\/2022\/10\/ChatGPT-Image-4-mars-2026-13_58_40.png","datePublished":"2022-10-17T13:23:07+00:00","dateModified":"2026-03-04T12:59:56+00:00","breadcrumb":{"@id":"https:\/\/alfadescompte.ad\/produit\/g-data-total-security-2-postes-abonnement-1-an\/#breadcrumb"},"inLanguage":"en-GB","potentialAction":[{"@type":"ReadAction","target":["https:\/\/alfadescompte.ad\/produit\/g-data-total-security-2-postes-abonnement-1-an\/"]}]},{"@type":"ImageObject","inLanguage":"en-GB","@id":"https:\/\/alfadescompte.ad\/produit\/g-data-total-security-2-postes-abonnement-1-an\/#primaryimage","url":"https:\/\/alfadescompte.ad\/wp-content\/uploads\/2022\/10\/ChatGPT-Image-4-mars-2026-13_58_40.png","contentUrl":"https:\/\/alfadescompte.ad\/wp-content\/uploads\/2022\/10\/ChatGPT-Image-4-mars-2026-13_58_40.png","width":1024,"height":1024},{"@type":"BreadcrumbList","@id":"https:\/\/alfadescompte.ad\/produit\/g-data-total-security-2-postes-abonnement-1-an\/#breadcrumb","itemListElement":[{"@type":"ListItem","position":1,"name":"Accueil","item":"https:\/\/alfadescompte.ad\/fr\/"},{"@type":"ListItem","position":2,"name":"Boutique","item":"https:\/\/alfadescompte.ad\/en\/boutique\/"},{"@type":"ListItem","position":3,"name":"G DATA Total Security 2026 &#8211; 2 postes &#8211; Abonnement 1 an"}]},{"@type":"WebSite","@id":"https:\/\/alfadescompte.ad\/#website","url":"https:\/\/alfadescompte.ad\/","name":"Alfa Descompte","description":"","publisher":{"@id":"https:\/\/alfadescompte.ad\/#organization"},"potentialAction":[{"@type":"SearchAction","target":{"@type":"EntryPoint","urlTemplate":"https:\/\/alfadescompte.ad\/?s={search_term_string}"},"query-input":{"@type":"PropertyValueSpecification","valueRequired":true,"valueName":"search_term_string"}}],"inLanguage":"en-GB"},{"@type":"Organization","@id":"https:\/\/alfadescompte.ad\/#organization","name":"Alfa Descompte","url":"https:\/\/alfadescompte.ad\/","logo":{"@type":"ImageObject","inLanguage":"en-GB","@id":"https:\/\/alfadescompte.ad\/#\/schema\/logo\/image\/","url":"https:\/\/alfadescompte.ad\/wp-content\/uploads\/2022\/04\/cropped-logo-alfa-1-1.png","contentUrl":"https:\/\/alfadescompte.ad\/wp-content\/uploads\/2022\/04\/cropped-logo-alfa-1-1.png","width":424,"height":128,"caption":"Alfa Descompte"},"image":{"@id":"https:\/\/alfadescompte.ad\/#\/schema\/logo\/image\/"}}]}},"_links":{"self":[{"href":"https:\/\/alfadescompte.ad\/en\/wp-json\/wp\/v2\/product\/50967","targetHints":{"allow":["GET"]}}],"collection":[{"href":"https:\/\/alfadescompte.ad\/en\/wp-json\/wp\/v2\/product"}],"about":[{"href":"https:\/\/alfadescompte.ad\/en\/wp-json\/wp\/v2\/types\/product"}],"replies":[{"embeddable":true,"href":"https:\/\/alfadescompte.ad\/en\/wp-json\/wp\/v2\/comments?post=50967"}],"wp:featuredmedia":[{"embeddable":true,"href":"https:\/\/alfadescompte.ad\/en\/wp-json\/wp\/v2\/media\/55822"}],"wp:attachment":[{"href":"https:\/\/alfadescompte.ad\/en\/wp-json\/wp\/v2\/media?parent=50967"}],"wp:term":[{"taxonomy":"product_brand","embeddable":true,"href":"https:\/\/alfadescompte.ad\/en\/wp-json\/wp\/v2\/product_brand?post=50967"},{"taxonomy":"product_cat","embeddable":true,"href":"https:\/\/alfadescompte.ad\/en\/wp-json\/wp\/v2\/product_cat?post=50967"},{"taxonomy":"product_tag","embeddable":true,"href":"https:\/\/alfadescompte.ad\/en\/wp-json\/wp\/v2\/product_tag?post=50967"}],"curies":[{"name":"wp","href":"https:\/\/api.w.org\/{rel}","templated":true}]}}