{"id":50983,"date":"2022-10-17T15:23:17","date_gmt":"2022-10-17T13:23:17","guid":{"rendered":"https:\/\/alfadescompte.ad\/?product=g-data-mobile-security-android-3-appareils-abonnement-1-an"},"modified":"2026-03-04T15:35:38","modified_gmt":"2026-03-04T14:35:38","slug":"g-data-mobile-security-android-3-appareils-abonnement-1-an","status":"publish","type":"product","link":"https:\/\/alfadescompte.ad\/en\/product-2\/g-data-mobile-security-android-3-appareils-abonnement-1-an\/","title":{"rendered":"G Data Mobile Security Android 2026 - 3 devices - 1 year subscription"},"content":{"rendered":"<h2>PROTECT YOUR ANDROID SMARTPHONES AND TABLETS EFFECTIVELY<\/h2>\n<p>All the features you need to protect your Android smartphone or tablet.<\/p>\n<h3>PROTECTION AGAINST INTERNET THREATS<\/h3>\n<p>G DATA Mobile Internet Security protects you from all the dangers of the Internet.<\/p>\n<p>The software will protect you from phishing and dangerous sites. The software will carry out a cloud-based analysis to ensure that it remains effective in the face of new threats.<\/p>\n<h3>PROTECTING YOUR DEVICE AGAINST DANGEROUS APPLICATIONS<\/h3>\n<p>The software will check applications for spyware.<\/p>\n<h3>EFFECTIVE ANTI-VIRUS PROTECTION<\/h3>\n<p>The new Cloud technology used means that analysis resources are used very sparingly, with very few updates required.<\/p>\n<h3>SMS AND CALL FILTERING<\/h3>\n<p>The software lets you create a blacklist, to which you can add undesirable senders, and filter advertising calls or SMS messages. Preselections allow you to block entire series of numbers (0800 numbers, for example).<\/p>\n<h3>ANTI-THEFT DEVICE FOR YOUR DEVICE<\/h3>\n<p>As well as locating a stolen device, you can block it and delete its contents remotely.<\/p>\n<h3>SIM BLOCK<\/h3>\n<p>The software enables you to prevent your device being used with a foreign SIM card.<\/p>\n<p>If you change your SIM card, you'll be informed directly by SMS.<\/p>\n<h3>USING PASSWORDS FOR YOUR APPLICATIONS<\/h3>\n<p>By password-protecting certain applications, you can prevent them from being launched, thereby avoiding the costs associated with any paid content.<\/p>\n<h3>PROTECTING YOUR CONTACT LIST<\/h3>\n<p>The software allows you to secure the information linked to your contacts.<\/p>\n<p>All your contact data (messages, call lists) will be stored in a password-protected area. You will then be the only person with access to this information.<\/p>\n<h3>A MORE INTUITIVE INTERFACE<\/h3>\n<p>The new, more intuitive user interface will give you quicker access to the functions you need.<\/p>","protected":false},"excerpt":{"rendered":"<ul>\n<li class=\"point-fort\">New Cloud technology<\/li>\n<li class=\"point-fort\">Anti-virus protection<\/li>\n<li class=\"point-fort\">Internet protection<\/li>\n<li class=\"point-fort\">Call and SMS filtering<\/li>\n<li class=\"point-fort\">Anti-theft protection<\/li>\n<li class=\"point-fort\">Foreign SIM block<\/li>\n<li class=\"point-fort\">Application protection<\/li>\n<li class=\"point-fort\">Contact protection<\/li>\n<li class=\"point-fort\">Control of authorisations allocated to applications<\/li>\n<\/ul>\n<p>Buy and Download <strong>G DATA Mobile Security Android<\/strong><\/p>\n<p>After placing your order and within<strong>\u00a024 hours<\/strong>You will receive :<\/p>\n<ul>\n<li>The activation key code for <strong>G DATA Mobile Security Android<\/strong><\/li>\n<li>The download link for <strong>G DATA Mobile Security Android<\/strong><\/li>\n<li>Installation and activation guides<\/li>\n<\/ul>\n<p>Our customer service is available 7 days a week<\/p>","protected":false},"featured_media":55824,"comment_status":"open","ping_status":"closed","template":"","meta":[],"product_brand":[],"product_cat":[1437,1549,20],"product_tag":[],"class_list":{"0":"post-50983","1":"product","2":"type-product","3":"status-publish","4":"has-post-thumbnail","6":"product_cat-g-data","7":"product_cat-g-data-mobile-security-android","8":"product_cat-securite","10":"first","11":"instock","12":"sale","13":"downloadable","14":"virtual","15":"purchasable","16":"product-type-simple","17":"czr-hentry"},"yoast_head":"<!-- This site is optimized with the Yoast SEO plugin v27.4 - https:\/\/yoast.com\/product\/yoast-seo-wordpress\/ -->\n<title>G Data Mobile Security Android 2026 - 3 appareils - Abonnement 1 an - Alfa Descompte<\/title>\n<meta name=\"robots\" content=\"index, follow, max-snippet:-1, max-image-preview:large, max-video-preview:-1\" \/>\n<link rel=\"canonical\" href=\"https:\/\/alfadescompte.ad\/en\/product-2\/g-data-mobile-security-android-3-appareils-abonnement-1-an\/\" \/>\n<meta property=\"og:locale\" content=\"en_GB\" \/>\n<meta property=\"og:type\" content=\"article\" \/>\n<meta property=\"og:title\" content=\"G Data Mobile Security Android 2026 - 3 appareils - Abonnement 1 an - Alfa Descompte\" \/>\n<meta property=\"og:description\" content=\"Nouvelle technologie Cloud  Protection antivirus  Protection Internet  Filtre d&#039;appels et SMS  Protection antivol  Blocage SIM \u00e9trang\u00e8re  Protection des applications  Protection des contacts  Contr\u00f4le des autorisations allou\u00e9es aux applications  Acheter et T\u00e9l\u00e9charger G DATA Mobile Security Android  Apr\u00e8s avoir pass\u00e9 votre commande et dans les\u00a024 heures, vous recevrez :   Le code de la cl\u00e9 d\u2019activation de G DATA Mobile Security Android  Le lien de t\u00e9l\u00e9chargement pour G DATA Mobile Security Android  Les guides d\u2019installation et d\u2019activation  Notre service client\u00e8le est disponible 7\/7 jours\" \/>\n<meta property=\"og:url\" content=\"https:\/\/alfadescompte.ad\/en\/product-2\/g-data-mobile-security-android-3-appareils-abonnement-1-an\/\" \/>\n<meta property=\"og:site_name\" content=\"Alfa Descompte\" \/>\n<meta property=\"article:modified_time\" content=\"2026-03-04T14:35:38+00:00\" \/>\n<meta property=\"og:image\" content=\"https:\/\/alfadescompte.ad\/wp-content\/uploads\/2022\/10\/ChatGPT-Image-4-mars-2026-15_35_24.png\" \/>\n\t<meta property=\"og:image:width\" content=\"1024\" \/>\n\t<meta property=\"og:image:height\" content=\"1024\" \/>\n\t<meta property=\"og:image:type\" content=\"image\/png\" \/>\n<meta name=\"twitter:card\" content=\"summary_large_image\" \/>\n<meta name=\"twitter:label1\" content=\"Estimated reading time\" \/>\n\t<meta name=\"twitter:data1\" content=\"2 minutes\" \/>\n<script type=\"application\/ld+json\" class=\"yoast-schema-graph\">{\"@context\":\"https:\\\/\\\/schema.org\",\"@graph\":[{\"@type\":\"WebPage\",\"@id\":\"https:\\\/\\\/alfadescompte.ad\\\/produit\\\/g-data-mobile-security-android-3-appareils-abonnement-1-an\\\/\",\"url\":\"https:\\\/\\\/alfadescompte.ad\\\/produit\\\/g-data-mobile-security-android-3-appareils-abonnement-1-an\\\/\",\"name\":\"G Data Mobile Security Android 2026 - 3 appareils - Abonnement 1 an - Alfa Descompte\",\"isPartOf\":{\"@id\":\"https:\\\/\\\/alfadescompte.ad\\\/#website\"},\"primaryImageOfPage\":{\"@id\":\"https:\\\/\\\/alfadescompte.ad\\\/produit\\\/g-data-mobile-security-android-3-appareils-abonnement-1-an\\\/#primaryimage\"},\"image\":{\"@id\":\"https:\\\/\\\/alfadescompte.ad\\\/produit\\\/g-data-mobile-security-android-3-appareils-abonnement-1-an\\\/#primaryimage\"},\"thumbnailUrl\":\"https:\\\/\\\/alfadescompte.ad\\\/wp-content\\\/uploads\\\/2022\\\/10\\\/ChatGPT-Image-4-mars-2026-15_35_24.png\",\"datePublished\":\"2022-10-17T13:23:17+00:00\",\"dateModified\":\"2026-03-04T14:35:38+00:00\",\"breadcrumb\":{\"@id\":\"https:\\\/\\\/alfadescompte.ad\\\/produit\\\/g-data-mobile-security-android-3-appareils-abonnement-1-an\\\/#breadcrumb\"},\"inLanguage\":\"en-GB\",\"potentialAction\":[{\"@type\":\"ReadAction\",\"target\":[\"https:\\\/\\\/alfadescompte.ad\\\/produit\\\/g-data-mobile-security-android-3-appareils-abonnement-1-an\\\/\"]}]},{\"@type\":\"ImageObject\",\"inLanguage\":\"en-GB\",\"@id\":\"https:\\\/\\\/alfadescompte.ad\\\/produit\\\/g-data-mobile-security-android-3-appareils-abonnement-1-an\\\/#primaryimage\",\"url\":\"https:\\\/\\\/alfadescompte.ad\\\/wp-content\\\/uploads\\\/2022\\\/10\\\/ChatGPT-Image-4-mars-2026-15_35_24.png\",\"contentUrl\":\"https:\\\/\\\/alfadescompte.ad\\\/wp-content\\\/uploads\\\/2022\\\/10\\\/ChatGPT-Image-4-mars-2026-15_35_24.png\",\"width\":1024,\"height\":1024},{\"@type\":\"BreadcrumbList\",\"@id\":\"https:\\\/\\\/alfadescompte.ad\\\/produit\\\/g-data-mobile-security-android-3-appareils-abonnement-1-an\\\/#breadcrumb\",\"itemListElement\":[{\"@type\":\"ListItem\",\"position\":1,\"name\":\"Accueil\",\"item\":\"https:\\\/\\\/alfadescompte.ad\\\/fr\\\/\"},{\"@type\":\"ListItem\",\"position\":2,\"name\":\"Boutique\",\"item\":\"https:\\\/\\\/alfadescompte.ad\\\/en\\\/boutique\\\/\"},{\"@type\":\"ListItem\",\"position\":3,\"name\":\"G Data Mobile Security Android 2026 &#8211; 3 appareils &#8211; Abonnement 1 an\"}]},{\"@type\":\"WebSite\",\"@id\":\"https:\\\/\\\/alfadescompte.ad\\\/#website\",\"url\":\"https:\\\/\\\/alfadescompte.ad\\\/\",\"name\":\"Alfa Descompte\",\"description\":\"\",\"publisher\":{\"@id\":\"https:\\\/\\\/alfadescompte.ad\\\/#organization\"},\"potentialAction\":[{\"@type\":\"SearchAction\",\"target\":{\"@type\":\"EntryPoint\",\"urlTemplate\":\"https:\\\/\\\/alfadescompte.ad\\\/?s={search_term_string}\"},\"query-input\":{\"@type\":\"PropertyValueSpecification\",\"valueRequired\":true,\"valueName\":\"search_term_string\"}}],\"inLanguage\":\"en-GB\"},{\"@type\":\"Organization\",\"@id\":\"https:\\\/\\\/alfadescompte.ad\\\/#organization\",\"name\":\"Alfa Descompte\",\"url\":\"https:\\\/\\\/alfadescompte.ad\\\/\",\"logo\":{\"@type\":\"ImageObject\",\"inLanguage\":\"en-GB\",\"@id\":\"https:\\\/\\\/alfadescompte.ad\\\/#\\\/schema\\\/logo\\\/image\\\/\",\"url\":\"https:\\\/\\\/alfadescompte.ad\\\/wp-content\\\/uploads\\\/2022\\\/04\\\/cropped-logo-alfa-1-1.png\",\"contentUrl\":\"https:\\\/\\\/alfadescompte.ad\\\/wp-content\\\/uploads\\\/2022\\\/04\\\/cropped-logo-alfa-1-1.png\",\"width\":424,\"height\":128,\"caption\":\"Alfa Descompte\"},\"image\":{\"@id\":\"https:\\\/\\\/alfadescompte.ad\\\/#\\\/schema\\\/logo\\\/image\\\/\"}}]}<\/script>\n<!-- \/ Yoast SEO plugin. -->","yoast_head_json":{"title":"G Data Mobile Security Android 2026 - 3 devices - 1 year subscription - Alfa Descompte","robots":{"index":"index","follow":"follow","max-snippet":"max-snippet:-1","max-image-preview":"max-image-preview:large","max-video-preview":"max-video-preview:-1"},"canonical":"https:\/\/alfadescompte.ad\/en\/product-2\/g-data-mobile-security-android-3-appareils-abonnement-1-an\/","og_locale":"en_GB","og_type":"article","og_title":"G Data Mobile Security Android 2026 - 3 appareils - Abonnement 1 an - Alfa Descompte","og_description":"Nouvelle technologie Cloud  Protection antivirus  Protection Internet  Filtre d'appels et SMS  Protection antivol  Blocage SIM \u00e9trang\u00e8re  Protection des applications  Protection des contacts  Contr\u00f4le des autorisations allou\u00e9es aux applications  Acheter et T\u00e9l\u00e9charger G DATA Mobile Security Android  Apr\u00e8s avoir pass\u00e9 votre commande et dans les\u00a024 heures, vous recevrez :   Le code de la cl\u00e9 d\u2019activation de G DATA Mobile Security Android  Le lien de t\u00e9l\u00e9chargement pour G DATA Mobile Security Android  Les guides d\u2019installation et d\u2019activation  Notre service client\u00e8le est disponible 7\/7 jours","og_url":"https:\/\/alfadescompte.ad\/en\/product-2\/g-data-mobile-security-android-3-appareils-abonnement-1-an\/","og_site_name":"Alfa Descompte","article_modified_time":"2026-03-04T14:35:38+00:00","og_image":[{"width":1024,"height":1024,"url":"https:\/\/alfadescompte.ad\/wp-content\/uploads\/2022\/10\/ChatGPT-Image-4-mars-2026-15_35_24.png","type":"image\/png"}],"twitter_card":"summary_large_image","twitter_misc":{"Estimated reading time":"2 minutes"},"schema":{"@context":"https:\/\/schema.org","@graph":[{"@type":"WebPage","@id":"https:\/\/alfadescompte.ad\/produit\/g-data-mobile-security-android-3-appareils-abonnement-1-an\/","url":"https:\/\/alfadescompte.ad\/produit\/g-data-mobile-security-android-3-appareils-abonnement-1-an\/","name":"G Data Mobile Security Android 2026 - 3 devices - 1 year subscription - Alfa Descompte","isPartOf":{"@id":"https:\/\/alfadescompte.ad\/#website"},"primaryImageOfPage":{"@id":"https:\/\/alfadescompte.ad\/produit\/g-data-mobile-security-android-3-appareils-abonnement-1-an\/#primaryimage"},"image":{"@id":"https:\/\/alfadescompte.ad\/produit\/g-data-mobile-security-android-3-appareils-abonnement-1-an\/#primaryimage"},"thumbnailUrl":"https:\/\/alfadescompte.ad\/wp-content\/uploads\/2022\/10\/ChatGPT-Image-4-mars-2026-15_35_24.png","datePublished":"2022-10-17T13:23:17+00:00","dateModified":"2026-03-04T14:35:38+00:00","breadcrumb":{"@id":"https:\/\/alfadescompte.ad\/produit\/g-data-mobile-security-android-3-appareils-abonnement-1-an\/#breadcrumb"},"inLanguage":"en-GB","potentialAction":[{"@type":"ReadAction","target":["https:\/\/alfadescompte.ad\/produit\/g-data-mobile-security-android-3-appareils-abonnement-1-an\/"]}]},{"@type":"ImageObject","inLanguage":"en-GB","@id":"https:\/\/alfadescompte.ad\/produit\/g-data-mobile-security-android-3-appareils-abonnement-1-an\/#primaryimage","url":"https:\/\/alfadescompte.ad\/wp-content\/uploads\/2022\/10\/ChatGPT-Image-4-mars-2026-15_35_24.png","contentUrl":"https:\/\/alfadescompte.ad\/wp-content\/uploads\/2022\/10\/ChatGPT-Image-4-mars-2026-15_35_24.png","width":1024,"height":1024},{"@type":"BreadcrumbList","@id":"https:\/\/alfadescompte.ad\/produit\/g-data-mobile-security-android-3-appareils-abonnement-1-an\/#breadcrumb","itemListElement":[{"@type":"ListItem","position":1,"name":"Accueil","item":"https:\/\/alfadescompte.ad\/fr\/"},{"@type":"ListItem","position":2,"name":"Boutique","item":"https:\/\/alfadescompte.ad\/en\/boutique\/"},{"@type":"ListItem","position":3,"name":"G Data Mobile Security Android 2026 &#8211; 3 appareils &#8211; Abonnement 1 an"}]},{"@type":"WebSite","@id":"https:\/\/alfadescompte.ad\/#website","url":"https:\/\/alfadescompte.ad\/","name":"Alfa Descompte","description":"","publisher":{"@id":"https:\/\/alfadescompte.ad\/#organization"},"potentialAction":[{"@type":"SearchAction","target":{"@type":"EntryPoint","urlTemplate":"https:\/\/alfadescompte.ad\/?s={search_term_string}"},"query-input":{"@type":"PropertyValueSpecification","valueRequired":true,"valueName":"search_term_string"}}],"inLanguage":"en-GB"},{"@type":"Organization","@id":"https:\/\/alfadescompte.ad\/#organization","name":"Alfa Descompte","url":"https:\/\/alfadescompte.ad\/","logo":{"@type":"ImageObject","inLanguage":"en-GB","@id":"https:\/\/alfadescompte.ad\/#\/schema\/logo\/image\/","url":"https:\/\/alfadescompte.ad\/wp-content\/uploads\/2022\/04\/cropped-logo-alfa-1-1.png","contentUrl":"https:\/\/alfadescompte.ad\/wp-content\/uploads\/2022\/04\/cropped-logo-alfa-1-1.png","width":424,"height":128,"caption":"Alfa Descompte"},"image":{"@id":"https:\/\/alfadescompte.ad\/#\/schema\/logo\/image\/"}}]}},"_links":{"self":[{"href":"https:\/\/alfadescompte.ad\/en\/wp-json\/wp\/v2\/product\/50983","targetHints":{"allow":["GET"]}}],"collection":[{"href":"https:\/\/alfadescompte.ad\/en\/wp-json\/wp\/v2\/product"}],"about":[{"href":"https:\/\/alfadescompte.ad\/en\/wp-json\/wp\/v2\/types\/product"}],"replies":[{"embeddable":true,"href":"https:\/\/alfadescompte.ad\/en\/wp-json\/wp\/v2\/comments?post=50983"}],"wp:featuredmedia":[{"embeddable":true,"href":"https:\/\/alfadescompte.ad\/en\/wp-json\/wp\/v2\/media\/55824"}],"wp:attachment":[{"href":"https:\/\/alfadescompte.ad\/en\/wp-json\/wp\/v2\/media?parent=50983"}],"wp:term":[{"taxonomy":"product_brand","embeddable":true,"href":"https:\/\/alfadescompte.ad\/en\/wp-json\/wp\/v2\/product_brand?post=50983"},{"taxonomy":"product_cat","embeddable":true,"href":"https:\/\/alfadescompte.ad\/en\/wp-json\/wp\/v2\/product_cat?post=50983"},{"taxonomy":"product_tag","embeddable":true,"href":"https:\/\/alfadescompte.ad\/en\/wp-json\/wp\/v2\/product_tag?post=50983"}],"curies":[{"name":"wp","href":"https:\/\/api.w.org\/{rel}","templated":true}]}}