{"id":51136,"date":"2022-10-25T14:30:18","date_gmt":"2022-10-25T12:30:18","guid":{"rendered":"https:\/\/alfadescompte.ad\/?post_type=product&#038;p=51136"},"modified":"2026-02-27T15:52:54","modified_gmt":"2026-02-27T14:52:54","slug":"panda-dome-essential-10-postes-abonnement-2-ans","status":"publish","type":"product","link":"https:\/\/alfadescompte.ad\/en\/product-2\/panda-dome-essential-10-postes-abonnement-2-ans\/","title":{"rendered":"Panda Dome Essential 2026 - 10 stations - 2-year subscription"},"content":{"rendered":"<h3><strong>Panda Dome Essential 2026 - 10 stations - 2-year subscription<\/strong><\/h3>\n<p>Panda Dome Essential is the antivirus that's right for you, so you can enjoy complete peace of mind. Protect yourself against ransomware and all types of virus. Your online purchases and Wi-Fi are sure to be secure, and you have full data protection and password management. Optimise the location of your devices and control them remotely.<\/p>\n<h3>PROTECT YOUR FAMILY<\/h3>\n<p>Your children are under control thanks to parental controls, and you know what they're doing and where they are in real time. Panda Dome Essential's priority is to protect your privacy:<\/p>\n<ul>\n<li>Block access to inappropriate content<\/li>\n<li>Set access codes for certain applications<\/li>\n<li>Protect your Wi-Fi from hackers and keep your files, photos and data safe<\/li>\n<li>Create a blacklist of unwanted telephone numbers<\/li>\n<\/ul>\n<h3>YOUR APPLIANCES ARE SAFE<\/h3>\n<p>This new-generation antivirus keeps an unlimited number of devices safe: computers, smartphones, tablets, etc. :<\/p>\n<ul>\n<li>Scan your external or USB devices and protect them from all types of threats<\/li>\n<li>Locate your peripherals in real time<\/li>\n<li>Improve performance and extend the life of your device's battery<\/li>\n<li>Lock them and delete their contents remotely whenever you like<\/li>\n<\/ul>\n<h3>YOUR PRIVACY BELONGS TO YOU<\/h3>\n<p>Your photos, memories, passwords and confidential data are safe from hackers, ransomware and other potential viruses:<\/p>\n<ul>\n<li>Next-generation real-time antivirus protection<\/li>\n<li>Wipe your device data remotely in the event of loss or theft<\/li>\n<li>Surf anonymously from a virtual location with a VPN<\/li>\n<\/ul>\n<p>&nbsp;<\/p>","protected":false},"excerpt":{"rendered":"<ul>\n<li class=\"point-fort\">Antivirus protection with Firewall<\/li>\n<li class=\"point-fort\">Antivirus protection on Mac and Android<\/li>\n<li class=\"point-fort\">Free VPN<\/li>\n<li class=\"point-fort\">Protected WiFi network<\/li>\n<li class=\"point-fort\">Scans your external and USB devices<\/li>\n<li class=\"point-fort\">100% detection rate<\/li>\n<\/ul>\n<p>Buy and Download <strong>Panda Dome Essential<\/strong><\/p>\n<p>After placing your order, you will receive :<\/p>\n<ul>\n<li>The activation key code for <strong>Panda Dome Essential<\/strong><strong>\u00a02022-2023<\/strong><\/li>\n<li>The download link for <strong>Panda Dome Essential<\/strong><strong>\u00a02022-2023<\/strong><\/li>\n<li>Installation and activation guides<\/li>\n<\/ul>\n<p>Our customer service is available 7 days a week<\/p>","protected":false},"featured_media":55739,"comment_status":"open","ping_status":"closed","template":"","meta":[],"product_brand":[],"product_cat":[194,1559,20],"product_tag":[],"class_list":{"0":"post-51136","1":"product","2":"type-product","3":"status-publish","4":"has-post-thumbnail","6":"product_cat-panda","7":"product_cat-panda-dome-essential","8":"product_cat-securite","10":"first","11":"instock","12":"sale","13":"downloadable","14":"virtual","15":"purchasable","16":"product-type-simple","17":"czr-hentry"},"yoast_head":"<!-- This site is optimized with the Yoast SEO plugin v27.4 - https:\/\/yoast.com\/product\/yoast-seo-wordpress\/ -->\n<title>Panda Dome Essential 2026 - 10 postes - Abonnement 2 ans - Alfa Descompte<\/title>\n<meta name=\"robots\" content=\"index, follow, max-snippet:-1, max-image-preview:large, max-video-preview:-1\" \/>\n<link rel=\"canonical\" href=\"https:\/\/alfadescompte.ad\/en\/product-2\/panda-dome-essential-10-postes-abonnement-2-ans\/\" \/>\n<meta property=\"og:locale\" content=\"en_GB\" \/>\n<meta property=\"og:type\" content=\"article\" \/>\n<meta property=\"og:title\" content=\"Panda Dome Essential 2026 - 10 postes - Abonnement 2 ans - Alfa Descompte\" \/>\n<meta property=\"og:description\" content=\"Protection Antivirus avec Firewall  Protection antivirus sur Mac et Android  VPN Gratuit  R\u00e9seau Wifi prot\u00e9g\u00e9  Scanne vos appareils externes et USB  100% de taux de d\u00e9tection  Acheter et T\u00e9l\u00e9charger Panda Dome Essential  Apr\u00e8s avoir pass\u00e9 votre commande, vous recevrez :   Le code de la cl\u00e9 d&#039;activation de Panda Dome Essential\u00a02022-2023  Le lien de t\u00e9l\u00e9chargement pour Panda Dome Essential\u00a02022-2023  Les guides d\u2019installation et d\u2019activation  Notre service client\u00e8le est disponible 7\/7 jours\" \/>\n<meta property=\"og:url\" content=\"https:\/\/alfadescompte.ad\/en\/product-2\/panda-dome-essential-10-postes-abonnement-2-ans\/\" \/>\n<meta property=\"og:site_name\" content=\"Alfa Descompte\" \/>\n<meta property=\"article:modified_time\" content=\"2026-02-27T14:52:54+00:00\" \/>\n<meta property=\"og:image\" content=\"https:\/\/alfadescompte.ad\/wp-content\/uploads\/2022\/10\/ChatGPT-Image-27-fevr.-2026-15_46_26.png\" \/>\n\t<meta property=\"og:image:width\" content=\"1024\" \/>\n\t<meta property=\"og:image:height\" content=\"1024\" \/>\n\t<meta property=\"og:image:type\" content=\"image\/png\" \/>\n<meta name=\"twitter:card\" content=\"summary_large_image\" \/>\n<meta name=\"twitter:label1\" content=\"Estimated reading time\" \/>\n\t<meta name=\"twitter:data1\" content=\"2 minutes\" \/>\n<script type=\"application\/ld+json\" class=\"yoast-schema-graph\">{\"@context\":\"https:\\\/\\\/schema.org\",\"@graph\":[{\"@type\":\"WebPage\",\"@id\":\"https:\\\/\\\/alfadescompte.ad\\\/produit\\\/panda-dome-essential-10-postes-abonnement-2-ans\\\/\",\"url\":\"https:\\\/\\\/alfadescompte.ad\\\/produit\\\/panda-dome-essential-10-postes-abonnement-2-ans\\\/\",\"name\":\"Panda Dome Essential 2026 - 10 postes - Abonnement 2 ans - Alfa Descompte\",\"isPartOf\":{\"@id\":\"https:\\\/\\\/alfadescompte.ad\\\/#website\"},\"primaryImageOfPage\":{\"@id\":\"https:\\\/\\\/alfadescompte.ad\\\/produit\\\/panda-dome-essential-10-postes-abonnement-2-ans\\\/#primaryimage\"},\"image\":{\"@id\":\"https:\\\/\\\/alfadescompte.ad\\\/produit\\\/panda-dome-essential-10-postes-abonnement-2-ans\\\/#primaryimage\"},\"thumbnailUrl\":\"https:\\\/\\\/alfadescompte.ad\\\/wp-content\\\/uploads\\\/2022\\\/10\\\/ChatGPT-Image-27-fevr.-2026-15_46_26.png\",\"datePublished\":\"2022-10-25T12:30:18+00:00\",\"dateModified\":\"2026-02-27T14:52:54+00:00\",\"breadcrumb\":{\"@id\":\"https:\\\/\\\/alfadescompte.ad\\\/produit\\\/panda-dome-essential-10-postes-abonnement-2-ans\\\/#breadcrumb\"},\"inLanguage\":\"en-GB\",\"potentialAction\":[{\"@type\":\"ReadAction\",\"target\":[\"https:\\\/\\\/alfadescompte.ad\\\/produit\\\/panda-dome-essential-10-postes-abonnement-2-ans\\\/\"]}]},{\"@type\":\"ImageObject\",\"inLanguage\":\"en-GB\",\"@id\":\"https:\\\/\\\/alfadescompte.ad\\\/produit\\\/panda-dome-essential-10-postes-abonnement-2-ans\\\/#primaryimage\",\"url\":\"https:\\\/\\\/alfadescompte.ad\\\/wp-content\\\/uploads\\\/2022\\\/10\\\/ChatGPT-Image-27-fevr.-2026-15_46_26.png\",\"contentUrl\":\"https:\\\/\\\/alfadescompte.ad\\\/wp-content\\\/uploads\\\/2022\\\/10\\\/ChatGPT-Image-27-fevr.-2026-15_46_26.png\",\"width\":1024,\"height\":1024},{\"@type\":\"BreadcrumbList\",\"@id\":\"https:\\\/\\\/alfadescompte.ad\\\/produit\\\/panda-dome-essential-10-postes-abonnement-2-ans\\\/#breadcrumb\",\"itemListElement\":[{\"@type\":\"ListItem\",\"position\":1,\"name\":\"Accueil\",\"item\":\"https:\\\/\\\/alfadescompte.ad\\\/fr\\\/\"},{\"@type\":\"ListItem\",\"position\":2,\"name\":\"Boutique\",\"item\":\"https:\\\/\\\/alfadescompte.ad\\\/en\\\/boutique\\\/\"},{\"@type\":\"ListItem\",\"position\":3,\"name\":\"Panda Dome Essential 2026 &#8211; 10 postes &#8211; Abonnement 2 ans\"}]},{\"@type\":\"WebSite\",\"@id\":\"https:\\\/\\\/alfadescompte.ad\\\/#website\",\"url\":\"https:\\\/\\\/alfadescompte.ad\\\/\",\"name\":\"Alfa Descompte\",\"description\":\"\",\"publisher\":{\"@id\":\"https:\\\/\\\/alfadescompte.ad\\\/#organization\"},\"potentialAction\":[{\"@type\":\"SearchAction\",\"target\":{\"@type\":\"EntryPoint\",\"urlTemplate\":\"https:\\\/\\\/alfadescompte.ad\\\/?s={search_term_string}\"},\"query-input\":{\"@type\":\"PropertyValueSpecification\",\"valueRequired\":true,\"valueName\":\"search_term_string\"}}],\"inLanguage\":\"en-GB\"},{\"@type\":\"Organization\",\"@id\":\"https:\\\/\\\/alfadescompte.ad\\\/#organization\",\"name\":\"Alfa Descompte\",\"url\":\"https:\\\/\\\/alfadescompte.ad\\\/\",\"logo\":{\"@type\":\"ImageObject\",\"inLanguage\":\"en-GB\",\"@id\":\"https:\\\/\\\/alfadescompte.ad\\\/#\\\/schema\\\/logo\\\/image\\\/\",\"url\":\"https:\\\/\\\/alfadescompte.ad\\\/wp-content\\\/uploads\\\/2022\\\/04\\\/cropped-logo-alfa-1-1.png\",\"contentUrl\":\"https:\\\/\\\/alfadescompte.ad\\\/wp-content\\\/uploads\\\/2022\\\/04\\\/cropped-logo-alfa-1-1.png\",\"width\":424,\"height\":128,\"caption\":\"Alfa Descompte\"},\"image\":{\"@id\":\"https:\\\/\\\/alfadescompte.ad\\\/#\\\/schema\\\/logo\\\/image\\\/\"}}]}<\/script>\n<!-- \/ Yoast SEO plugin. -->","yoast_head_json":{"title":"Panda Dome Essential 2026 - 10 stations - 2 year subscription - Alfa Descompte","robots":{"index":"index","follow":"follow","max-snippet":"max-snippet:-1","max-image-preview":"max-image-preview:large","max-video-preview":"max-video-preview:-1"},"canonical":"https:\/\/alfadescompte.ad\/en\/product-2\/panda-dome-essential-10-postes-abonnement-2-ans\/","og_locale":"en_GB","og_type":"article","og_title":"Panda Dome Essential 2026 - 10 postes - Abonnement 2 ans - Alfa Descompte","og_description":"Protection Antivirus avec Firewall  Protection antivirus sur Mac et Android  VPN Gratuit  R\u00e9seau Wifi prot\u00e9g\u00e9  Scanne vos appareils externes et USB  100% de taux de d\u00e9tection  Acheter et T\u00e9l\u00e9charger Panda Dome Essential  Apr\u00e8s avoir pass\u00e9 votre commande, vous recevrez :   Le code de la cl\u00e9 d'activation de Panda Dome Essential\u00a02022-2023  Le lien de t\u00e9l\u00e9chargement pour Panda Dome Essential\u00a02022-2023  Les guides d\u2019installation et d\u2019activation  Notre service client\u00e8le est disponible 7\/7 jours","og_url":"https:\/\/alfadescompte.ad\/en\/product-2\/panda-dome-essential-10-postes-abonnement-2-ans\/","og_site_name":"Alfa Descompte","article_modified_time":"2026-02-27T14:52:54+00:00","og_image":[{"width":1024,"height":1024,"url":"https:\/\/alfadescompte.ad\/wp-content\/uploads\/2022\/10\/ChatGPT-Image-27-fevr.-2026-15_46_26.png","type":"image\/png"}],"twitter_card":"summary_large_image","twitter_misc":{"Estimated reading time":"2 minutes"},"schema":{"@context":"https:\/\/schema.org","@graph":[{"@type":"WebPage","@id":"https:\/\/alfadescompte.ad\/produit\/panda-dome-essential-10-postes-abonnement-2-ans\/","url":"https:\/\/alfadescompte.ad\/produit\/panda-dome-essential-10-postes-abonnement-2-ans\/","name":"Panda Dome Essential 2026 - 10 stations - 2 year subscription - Alfa Descompte","isPartOf":{"@id":"https:\/\/alfadescompte.ad\/#website"},"primaryImageOfPage":{"@id":"https:\/\/alfadescompte.ad\/produit\/panda-dome-essential-10-postes-abonnement-2-ans\/#primaryimage"},"image":{"@id":"https:\/\/alfadescompte.ad\/produit\/panda-dome-essential-10-postes-abonnement-2-ans\/#primaryimage"},"thumbnailUrl":"https:\/\/alfadescompte.ad\/wp-content\/uploads\/2022\/10\/ChatGPT-Image-27-fevr.-2026-15_46_26.png","datePublished":"2022-10-25T12:30:18+00:00","dateModified":"2026-02-27T14:52:54+00:00","breadcrumb":{"@id":"https:\/\/alfadescompte.ad\/produit\/panda-dome-essential-10-postes-abonnement-2-ans\/#breadcrumb"},"inLanguage":"en-GB","potentialAction":[{"@type":"ReadAction","target":["https:\/\/alfadescompte.ad\/produit\/panda-dome-essential-10-postes-abonnement-2-ans\/"]}]},{"@type":"ImageObject","inLanguage":"en-GB","@id":"https:\/\/alfadescompte.ad\/produit\/panda-dome-essential-10-postes-abonnement-2-ans\/#primaryimage","url":"https:\/\/alfadescompte.ad\/wp-content\/uploads\/2022\/10\/ChatGPT-Image-27-fevr.-2026-15_46_26.png","contentUrl":"https:\/\/alfadescompte.ad\/wp-content\/uploads\/2022\/10\/ChatGPT-Image-27-fevr.-2026-15_46_26.png","width":1024,"height":1024},{"@type":"BreadcrumbList","@id":"https:\/\/alfadescompte.ad\/produit\/panda-dome-essential-10-postes-abonnement-2-ans\/#breadcrumb","itemListElement":[{"@type":"ListItem","position":1,"name":"Accueil","item":"https:\/\/alfadescompte.ad\/fr\/"},{"@type":"ListItem","position":2,"name":"Boutique","item":"https:\/\/alfadescompte.ad\/en\/boutique\/"},{"@type":"ListItem","position":3,"name":"Panda Dome Essential 2026 &#8211; 10 postes &#8211; Abonnement 2 ans"}]},{"@type":"WebSite","@id":"https:\/\/alfadescompte.ad\/#website","url":"https:\/\/alfadescompte.ad\/","name":"Alfa Descompte","description":"","publisher":{"@id":"https:\/\/alfadescompte.ad\/#organization"},"potentialAction":[{"@type":"SearchAction","target":{"@type":"EntryPoint","urlTemplate":"https:\/\/alfadescompte.ad\/?s={search_term_string}"},"query-input":{"@type":"PropertyValueSpecification","valueRequired":true,"valueName":"search_term_string"}}],"inLanguage":"en-GB"},{"@type":"Organization","@id":"https:\/\/alfadescompte.ad\/#organization","name":"Alfa Descompte","url":"https:\/\/alfadescompte.ad\/","logo":{"@type":"ImageObject","inLanguage":"en-GB","@id":"https:\/\/alfadescompte.ad\/#\/schema\/logo\/image\/","url":"https:\/\/alfadescompte.ad\/wp-content\/uploads\/2022\/04\/cropped-logo-alfa-1-1.png","contentUrl":"https:\/\/alfadescompte.ad\/wp-content\/uploads\/2022\/04\/cropped-logo-alfa-1-1.png","width":424,"height":128,"caption":"Alfa Descompte"},"image":{"@id":"https:\/\/alfadescompte.ad\/#\/schema\/logo\/image\/"}}]}},"_links":{"self":[{"href":"https:\/\/alfadescompte.ad\/en\/wp-json\/wp\/v2\/product\/51136","targetHints":{"allow":["GET"]}}],"collection":[{"href":"https:\/\/alfadescompte.ad\/en\/wp-json\/wp\/v2\/product"}],"about":[{"href":"https:\/\/alfadescompte.ad\/en\/wp-json\/wp\/v2\/types\/product"}],"replies":[{"embeddable":true,"href":"https:\/\/alfadescompte.ad\/en\/wp-json\/wp\/v2\/comments?post=51136"}],"wp:featuredmedia":[{"embeddable":true,"href":"https:\/\/alfadescompte.ad\/en\/wp-json\/wp\/v2\/media\/55739"}],"wp:attachment":[{"href":"https:\/\/alfadescompte.ad\/en\/wp-json\/wp\/v2\/media?parent=51136"}],"wp:term":[{"taxonomy":"product_brand","embeddable":true,"href":"https:\/\/alfadescompte.ad\/en\/wp-json\/wp\/v2\/product_brand?post=51136"},{"taxonomy":"product_cat","embeddable":true,"href":"https:\/\/alfadescompte.ad\/en\/wp-json\/wp\/v2\/product_cat?post=51136"},{"taxonomy":"product_tag","embeddable":true,"href":"https:\/\/alfadescompte.ad\/en\/wp-json\/wp\/v2\/product_tag?post=51136"}],"curies":[{"name":"wp","href":"https:\/\/api.w.org\/{rel}","templated":true}]}}