{"id":51869,"date":"2022-10-29T15:11:10","date_gmt":"2022-10-29T13:11:10","guid":{"rendered":"https:\/\/alfadescompte.ad\/?post_type=product&#038;p=51869"},"modified":"2026-03-02T13:46:00","modified_gmt":"2026-03-02T12:46:00","slug":"avast-ultimate-1-poste-abonnement-2-ans","status":"publish","type":"product","link":"https:\/\/alfadescompte.ad\/en\/product-2\/avast-ultimate-1-poste-abonnement-2-ans\/","title":{"rendered":"Avast Ultimate 2026 - 1 workstation - 2 year subscription"},"content":{"rendered":"<div class=\"fancybox-wrap fancybox-desktop fancybox-type-ajax fancybox-opened\">\n<div class=\"fancybox-skin\">\n<div class=\"fancybox-outer\">\n<div class=\"fancybox-inner\">\n<div id=\"popup-fiche\">\n<div class=\"wrapper-fiche\">\n<div class=\"content-fiche\">\n<div class=\"description\">\n<h3><strong>Avast Ultimate 2026<\/strong><\/h3>\n<p>Avast Ultimate is the ultimate protection suite, bringing together all the main Avast tools.<\/p>\n<ul>\n<li><strong>Avast Premium Security<\/strong>\u00a0Much more than an anti-virus, it protects your browsing, shopping and banking.<\/li>\n<li><strong>Avast Cleanup Premium<\/strong>\u00a0To get rid of unwanted files and speed up your PC's performance.<\/li>\n<li><strong>Avast VPN SecureLine unlimited<\/strong>\u00a0For real confidentiality, even on unsecured public Wi-Fi networks<\/li>\n<li><strong>Avast Passwords Premium<\/strong>\u00a0Manage all your accounts with a single secure password, synchronised with all your devices.<\/li>\n<li><strong>Avast AntiTrack<\/strong>\u00a0To prevent prying eyes from following you, this module hides your digital identity.<\/li>\n<\/ul>\n<p>The 1 workstation version only covers the protection of a Windows device<\/p>\n<p>Version 10 devices can protect devices running Windows, macOS, iOS and Android.<\/p>\n<p>Attempts to hack into your computer, home network and passwords are commonplace, which is why Avast Premium provides total protection for your system. From ransomware neutralisation to its intelligent cloud-based system for fighting zero-second threats. This anti-virus updates your applications automatically and can destroy your data permanently on demand, giving you a level of protection never seen before.<\/p>\n<h3>INCOMPARABLE TO OTHER ANTI-VIRUSES<\/h3>\n<p>Also protecting your webcam, this software blocks the webcam and only activates it with your consent, to prevent prying eyes. What's more, you can deactivate the webcam yourself indefinitely if you need to, and get out of sight. Thanks to the Firewall and Anti-spam functions, you can concentrate on important emails and prevent hackers from reaching your PC with Avast's permanent monitoring and control of data entering your computer.<\/p>\n<h3>LEAVE NO TRACE OF YOUR DATA<\/h3>\n<p>Are you planning to sell or lend your computer, but have no way of restoring your previously deleted data and files? With the File Shredder feature, you can rest assured that your personal photos, bank statements and other documents will be permanently destroyed.<\/p>\n<h3>BENEFIT FROM FAULTLESS SOFTWARE<\/h3>\n<p>Take advantage of Wi-Fi Inspector and Real Site to automatically detect weak points in your home Wi-Fi network and devices browsing your network. Protect yourself from hackers who try to take control of your DNS settings, redirect you to malicious sites and so on. Then take advantage of CyberCapture, which automatically lists and analyses suspicious files in the cloud. This protects all Avast users in the event of a threat.<\/p>\n<p>Victims of ransomware are often the target of data thieves who demand ransoms in exchange for their data. However, Avast prevents your documents from being encrypted or taken hostage, guaranteeing extra security. What's more, Avast can automatically update your software to keep it up to date with the latest security patches.<\/p>\n<\/div>\n<\/div>\n<\/div>\n<\/div>\n<\/div>\n<\/div>\n<div class=\"fancybox-item fancybox-close\" title=\"Close\"><\/div>\n<\/div>\n<\/div>","protected":false},"excerpt":{"rendered":"<p>Buy your original activation key today and receive your ultra-fast download link and unique activation key by e-mail.<\/p>\n<p>- Get your activation code in 15 minutes.<br \/>\n- Genuine 100% key<br \/>\n- Authorised for sale in Europe<br \/>\n- Languages: Multi-language<\/p>","protected":false},"featured_media":51899,"comment_status":"open","ping_status":"closed","template":"","meta":[],"product_brand":[],"product_cat":[187,20,1502],"product_tag":[],"class_list":{"0":"post-51869","1":"product","2":"type-product","3":"status-publish","4":"has-post-thumbnail","6":"product_cat-avast","7":"product_cat-securite","8":"product_cat-ultimate","10":"first","11":"instock","12":"sale","13":"downloadable","14":"virtual","15":"purchasable","16":"product-type-simple","17":"czr-hentry"},"yoast_head":"<!-- This site is optimized with the Yoast SEO plugin v27.3 - https:\/\/yoast.com\/product\/yoast-seo-wordpress\/ -->\n<title>Avast Ultimate 2026 - 1 poste - Abonnement 2 ans - Alfa Descompte<\/title>\n<meta name=\"robots\" content=\"index, follow, max-snippet:-1, max-image-preview:large, max-video-preview:-1\" \/>\n<link rel=\"canonical\" href=\"https:\/\/alfadescompte.ad\/en\/product-2\/avast-ultimate-1-poste-abonnement-2-ans\/\" \/>\n<meta property=\"og:locale\" content=\"en_GB\" \/>\n<meta property=\"og:type\" content=\"article\" \/>\n<meta property=\"og:title\" content=\"Avast Ultimate 2026 - 1 poste - Abonnement 2 ans - Alfa Descompte\" \/>\n<meta property=\"og:description\" content=\"Achetez aujourd\u2019hui votre cl\u00e9 d&#039;activation originale et recevez par mail votre lien de t\u00e9l\u00e9chargement ultra rapide ainsi que sa cl\u00e9 unique d\u2019activation..  - Obtenir votre code d&#039;activation en 15 minutes. - Cl\u00e9 100% authentique - Vente autoris\u00e9e en Europe - Langues: Multi-langue\" \/>\n<meta property=\"og:url\" content=\"https:\/\/alfadescompte.ad\/en\/product-2\/avast-ultimate-1-poste-abonnement-2-ans\/\" \/>\n<meta property=\"og:site_name\" content=\"Alfa Descompte\" \/>\n<meta property=\"article:modified_time\" content=\"2026-03-02T12:46:00+00:00\" \/>\n<meta property=\"og:image\" content=\"https:\/\/alfadescompte.ad\/wp-content\/uploads\/2022\/10\/Erika-24.png\" \/>\n\t<meta property=\"og:image:width\" content=\"800\" \/>\n\t<meta property=\"og:image:height\" content=\"800\" \/>\n\t<meta property=\"og:image:type\" content=\"image\/png\" \/>\n<meta name=\"twitter:card\" content=\"summary_large_image\" \/>\n<meta name=\"twitter:label1\" content=\"Estimated reading time\" \/>\n\t<meta name=\"twitter:data1\" content=\"3 minutes\" \/>\n<script type=\"application\/ld+json\" class=\"yoast-schema-graph\">{\"@context\":\"https:\\\/\\\/schema.org\",\"@graph\":[{\"@type\":\"WebPage\",\"@id\":\"https:\\\/\\\/alfadescompte.ad\\\/produit\\\/avast-ultimate-1-poste-abonnement-2-ans\\\/\",\"url\":\"https:\\\/\\\/alfadescompte.ad\\\/produit\\\/avast-ultimate-1-poste-abonnement-2-ans\\\/\",\"name\":\"Avast Ultimate 2026 - 1 poste - Abonnement 2 ans - Alfa Descompte\",\"isPartOf\":{\"@id\":\"https:\\\/\\\/alfadescompte.ad\\\/#website\"},\"primaryImageOfPage\":{\"@id\":\"https:\\\/\\\/alfadescompte.ad\\\/produit\\\/avast-ultimate-1-poste-abonnement-2-ans\\\/#primaryimage\"},\"image\":{\"@id\":\"https:\\\/\\\/alfadescompte.ad\\\/produit\\\/avast-ultimate-1-poste-abonnement-2-ans\\\/#primaryimage\"},\"thumbnailUrl\":\"https:\\\/\\\/alfadescompte.ad\\\/wp-content\\\/uploads\\\/2022\\\/10\\\/Erika-24.png\",\"datePublished\":\"2022-10-29T13:11:10+00:00\",\"dateModified\":\"2026-03-02T12:46:00+00:00\",\"breadcrumb\":{\"@id\":\"https:\\\/\\\/alfadescompte.ad\\\/produit\\\/avast-ultimate-1-poste-abonnement-2-ans\\\/#breadcrumb\"},\"inLanguage\":\"en-GB\",\"potentialAction\":[{\"@type\":\"ReadAction\",\"target\":[\"https:\\\/\\\/alfadescompte.ad\\\/produit\\\/avast-ultimate-1-poste-abonnement-2-ans\\\/\"]}]},{\"@type\":\"ImageObject\",\"inLanguage\":\"en-GB\",\"@id\":\"https:\\\/\\\/alfadescompte.ad\\\/produit\\\/avast-ultimate-1-poste-abonnement-2-ans\\\/#primaryimage\",\"url\":\"https:\\\/\\\/alfadescompte.ad\\\/wp-content\\\/uploads\\\/2022\\\/10\\\/Erika-24.png\",\"contentUrl\":\"https:\\\/\\\/alfadescompte.ad\\\/wp-content\\\/uploads\\\/2022\\\/10\\\/Erika-24.png\",\"width\":800,\"height\":800},{\"@type\":\"BreadcrumbList\",\"@id\":\"https:\\\/\\\/alfadescompte.ad\\\/produit\\\/avast-ultimate-1-poste-abonnement-2-ans\\\/#breadcrumb\",\"itemListElement\":[{\"@type\":\"ListItem\",\"position\":1,\"name\":\"Accueil\",\"item\":\"https:\\\/\\\/alfadescompte.ad\\\/fr\\\/\"},{\"@type\":\"ListItem\",\"position\":2,\"name\":\"Boutique\",\"item\":\"https:\\\/\\\/alfadescompte.ad\\\/en\\\/boutique\\\/\"},{\"@type\":\"ListItem\",\"position\":3,\"name\":\"Avast Ultimate 2026 &#8211; 1 poste &#8211; Abonnement 2 ans\"}]},{\"@type\":\"WebSite\",\"@id\":\"https:\\\/\\\/alfadescompte.ad\\\/#website\",\"url\":\"https:\\\/\\\/alfadescompte.ad\\\/\",\"name\":\"Alfa Descompte\",\"description\":\"\",\"publisher\":{\"@id\":\"https:\\\/\\\/alfadescompte.ad\\\/#organization\"},\"potentialAction\":[{\"@type\":\"SearchAction\",\"target\":{\"@type\":\"EntryPoint\",\"urlTemplate\":\"https:\\\/\\\/alfadescompte.ad\\\/?s={search_term_string}\"},\"query-input\":{\"@type\":\"PropertyValueSpecification\",\"valueRequired\":true,\"valueName\":\"search_term_string\"}}],\"inLanguage\":\"en-GB\"},{\"@type\":\"Organization\",\"@id\":\"https:\\\/\\\/alfadescompte.ad\\\/#organization\",\"name\":\"Alfa Descompte\",\"url\":\"https:\\\/\\\/alfadescompte.ad\\\/\",\"logo\":{\"@type\":\"ImageObject\",\"inLanguage\":\"en-GB\",\"@id\":\"https:\\\/\\\/alfadescompte.ad\\\/#\\\/schema\\\/logo\\\/image\\\/\",\"url\":\"https:\\\/\\\/alfadescompte.ad\\\/wp-content\\\/uploads\\\/2022\\\/04\\\/cropped-logo-alfa-1-1.png\",\"contentUrl\":\"https:\\\/\\\/alfadescompte.ad\\\/wp-content\\\/uploads\\\/2022\\\/04\\\/cropped-logo-alfa-1-1.png\",\"width\":424,\"height\":128,\"caption\":\"Alfa Descompte\"},\"image\":{\"@id\":\"https:\\\/\\\/alfadescompte.ad\\\/#\\\/schema\\\/logo\\\/image\\\/\"}}]}<\/script>\n<!-- \/ Yoast SEO plugin. -->","yoast_head_json":{"title":"Avast Ultimate 2026 - 1 workstation - 2 year subscription - Alfa Descompte","robots":{"index":"index","follow":"follow","max-snippet":"max-snippet:-1","max-image-preview":"max-image-preview:large","max-video-preview":"max-video-preview:-1"},"canonical":"https:\/\/alfadescompte.ad\/en\/product-2\/avast-ultimate-1-poste-abonnement-2-ans\/","og_locale":"en_GB","og_type":"article","og_title":"Avast Ultimate 2026 - 1 poste - Abonnement 2 ans - Alfa Descompte","og_description":"Achetez aujourd\u2019hui votre cl\u00e9 d'activation originale et recevez par mail votre lien de t\u00e9l\u00e9chargement ultra rapide ainsi que sa cl\u00e9 unique d\u2019activation..  - Obtenir votre code d'activation en 15 minutes. - Cl\u00e9 100% authentique - Vente autoris\u00e9e en Europe - Langues: Multi-langue","og_url":"https:\/\/alfadescompte.ad\/en\/product-2\/avast-ultimate-1-poste-abonnement-2-ans\/","og_site_name":"Alfa Descompte","article_modified_time":"2026-03-02T12:46:00+00:00","og_image":[{"width":800,"height":800,"url":"https:\/\/alfadescompte.ad\/wp-content\/uploads\/2022\/10\/Erika-24.png","type":"image\/png"}],"twitter_card":"summary_large_image","twitter_misc":{"Estimated reading time":"3 minutes"},"schema":{"@context":"https:\/\/schema.org","@graph":[{"@type":"WebPage","@id":"https:\/\/alfadescompte.ad\/produit\/avast-ultimate-1-poste-abonnement-2-ans\/","url":"https:\/\/alfadescompte.ad\/produit\/avast-ultimate-1-poste-abonnement-2-ans\/","name":"Avast Ultimate 2026 - 1 workstation - 2 year subscription - Alfa Descompte","isPartOf":{"@id":"https:\/\/alfadescompte.ad\/#website"},"primaryImageOfPage":{"@id":"https:\/\/alfadescompte.ad\/produit\/avast-ultimate-1-poste-abonnement-2-ans\/#primaryimage"},"image":{"@id":"https:\/\/alfadescompte.ad\/produit\/avast-ultimate-1-poste-abonnement-2-ans\/#primaryimage"},"thumbnailUrl":"https:\/\/alfadescompte.ad\/wp-content\/uploads\/2022\/10\/Erika-24.png","datePublished":"2022-10-29T13:11:10+00:00","dateModified":"2026-03-02T12:46:00+00:00","breadcrumb":{"@id":"https:\/\/alfadescompte.ad\/produit\/avast-ultimate-1-poste-abonnement-2-ans\/#breadcrumb"},"inLanguage":"en-GB","potentialAction":[{"@type":"ReadAction","target":["https:\/\/alfadescompte.ad\/produit\/avast-ultimate-1-poste-abonnement-2-ans\/"]}]},{"@type":"ImageObject","inLanguage":"en-GB","@id":"https:\/\/alfadescompte.ad\/produit\/avast-ultimate-1-poste-abonnement-2-ans\/#primaryimage","url":"https:\/\/alfadescompte.ad\/wp-content\/uploads\/2022\/10\/Erika-24.png","contentUrl":"https:\/\/alfadescompte.ad\/wp-content\/uploads\/2022\/10\/Erika-24.png","width":800,"height":800},{"@type":"BreadcrumbList","@id":"https:\/\/alfadescompte.ad\/produit\/avast-ultimate-1-poste-abonnement-2-ans\/#breadcrumb","itemListElement":[{"@type":"ListItem","position":1,"name":"Accueil","item":"https:\/\/alfadescompte.ad\/fr\/"},{"@type":"ListItem","position":2,"name":"Boutique","item":"https:\/\/alfadescompte.ad\/en\/boutique\/"},{"@type":"ListItem","position":3,"name":"Avast Ultimate 2026 &#8211; 1 poste &#8211; Abonnement 2 ans"}]},{"@type":"WebSite","@id":"https:\/\/alfadescompte.ad\/#website","url":"https:\/\/alfadescompte.ad\/","name":"Alfa Descompte","description":"","publisher":{"@id":"https:\/\/alfadescompte.ad\/#organization"},"potentialAction":[{"@type":"SearchAction","target":{"@type":"EntryPoint","urlTemplate":"https:\/\/alfadescompte.ad\/?s={search_term_string}"},"query-input":{"@type":"PropertyValueSpecification","valueRequired":true,"valueName":"search_term_string"}}],"inLanguage":"en-GB"},{"@type":"Organization","@id":"https:\/\/alfadescompte.ad\/#organization","name":"Alfa Descompte","url":"https:\/\/alfadescompte.ad\/","logo":{"@type":"ImageObject","inLanguage":"en-GB","@id":"https:\/\/alfadescompte.ad\/#\/schema\/logo\/image\/","url":"https:\/\/alfadescompte.ad\/wp-content\/uploads\/2022\/04\/cropped-logo-alfa-1-1.png","contentUrl":"https:\/\/alfadescompte.ad\/wp-content\/uploads\/2022\/04\/cropped-logo-alfa-1-1.png","width":424,"height":128,"caption":"Alfa Descompte"},"image":{"@id":"https:\/\/alfadescompte.ad\/#\/schema\/logo\/image\/"}}]}},"_links":{"self":[{"href":"https:\/\/alfadescompte.ad\/en\/wp-json\/wp\/v2\/product\/51869","targetHints":{"allow":["GET"]}}],"collection":[{"href":"https:\/\/alfadescompte.ad\/en\/wp-json\/wp\/v2\/product"}],"about":[{"href":"https:\/\/alfadescompte.ad\/en\/wp-json\/wp\/v2\/types\/product"}],"replies":[{"embeddable":true,"href":"https:\/\/alfadescompte.ad\/en\/wp-json\/wp\/v2\/comments?post=51869"}],"wp:featuredmedia":[{"embeddable":true,"href":"https:\/\/alfadescompte.ad\/en\/wp-json\/wp\/v2\/media\/51899"}],"wp:attachment":[{"href":"https:\/\/alfadescompte.ad\/en\/wp-json\/wp\/v2\/media?parent=51869"}],"wp:term":[{"taxonomy":"product_brand","embeddable":true,"href":"https:\/\/alfadescompte.ad\/en\/wp-json\/wp\/v2\/product_brand?post=51869"},{"taxonomy":"product_cat","embeddable":true,"href":"https:\/\/alfadescompte.ad\/en\/wp-json\/wp\/v2\/product_cat?post=51869"},{"taxonomy":"product_tag","embeddable":true,"href":"https:\/\/alfadescompte.ad\/en\/wp-json\/wp\/v2\/product_tag?post=51869"}],"curies":[{"name":"wp","href":"https:\/\/api.w.org\/{rel}","templated":true}]}}