{"id":51873,"date":"2022-10-29T15:24:39","date_gmt":"2022-10-29T13:24:39","guid":{"rendered":"https:\/\/alfadescompte.ad\/?post_type=product&#038;p=51873"},"modified":"2026-03-02T13:45:42","modified_gmt":"2026-03-02T12:45:42","slug":"avast-premium-security-5-postes-abonnement-1-an","status":"publish","type":"product","link":"https:\/\/alfadescompte.ad\/en\/product-2\/avast-premium-security-5-postes-abonnement-1-an\/","title":{"rendered":"Avast Premium Security 2026 - 5 workstations - 1 year subscription"},"content":{"rendered":"<h3>Avast Antivirus 2026 Premium<\/h3>\n<p>The most advanced antivirus Avast offers all the security and performance features.<\/p>\n<h3>Firewall<\/h3>\n<p>This essential security feature monitors and controls traffic in and out of your computer, keeping hackers on the other side of the wall.<\/p>\n<h3>Anti-Spam<\/h3>\n<p>Avoid spam and other suspicious content so that you can concentrate on real e-mails.<\/p>\n<h3>Real Site<\/h3>\n<p>Avoid hackers who change your DNS (Domain Name System) settings, direct you to misleading websites and try to steal your bank details.<\/p>\n<h3>Wi-Fi inspector<\/h3>\n<p>Automatically detects problems in your private Wi-Fi network and unwanted guests who may be accessing it.<\/p>\n<h3>Intelligent antivirus protection<\/h3>\n<p>Detect and block viruses, malware, spyware, ransomware and phishing. We stop threats before they cause you damage using intelligent scanning.<\/p>\n<h3>CyberCapture<\/h3>\n<p>If it's a threat, automatically send suspicious files for analysis in the cloud and distribute an antidote to all Avast users.<\/p>\n<h3>Behavioural protection<\/h3>\n<p>Detects and blocks suspicious behaviour patterns and provides immediate protection against unknown threats and ransomware.<\/p>\n<h3>Intelligent analysis<\/h3>\n<p>Find loopholes that malware can exploit. This includes suspicious add-ons and outdated software, as well as insecure settings and passwords.<\/p>\n<h3>NEW protection against ransomware<\/h3>\n<p>Don't let ransomware and other malicious applications modify, delete or encrypt your personal photos and files.<\/p>\n<h3>Automatic software updates<\/h3>\n<p>Obsolete programmes can gradually weaken your wall of protection. To reduce your vulnerability to attack, automate your software updates.<\/p>\n<h3>Sandbox<\/h3>\n<p>To avoid any damage, test suspicious files in a secure environment before running them on your computer.<\/p>\n<h3>PRIVACY<\/h3>\n<p>Use a secure password to protect all your accounts. We'll take care of the rest, so you can log in quickly and securely.<\/p>\n<h3>NEW webcam protection<\/h3>\n<p>Stop webcam spying altogether. Applications now need your permission to activate the webcam, so you always know who's watching you.<\/p>\n<p>System requirements<\/p>\n<ul>\n<li>Processor: 1 Gigaherts (GHz) or faster.<\/li>\n<li>RAM memory: 1 Gigabyte (GB) (32-bit) or 2 GB (64-bit)<\/li>\n<li>Graphics card: Microsoft DirectX 9 graphics device with WDDM driver.<\/li>\n<\/ul>\n<p>&nbsp;<\/p>","protected":false},"excerpt":{"rendered":"<p>Buy your original activation key today and receive your ultra-fast download link and unique activation key by e-mail.<\/p>\n<p>- Get your activation code in 15 minutes.<br \/>\n- Genuine 100% key<br \/>\n- Authorised for sale in Europe<br \/>\n- Languages: Multi-language<\/p>","protected":false},"featured_media":51895,"comment_status":"open","ping_status":"closed","template":"","meta":[],"product_brand":[],"product_cat":[187,1424,20],"product_tag":[],"class_list":{"0":"post-51873","1":"product","2":"type-product","3":"status-publish","4":"has-post-thumbnail","6":"product_cat-avast","7":"product_cat-premium-security","8":"product_cat-securite","10":"first","11":"instock","12":"sale","13":"downloadable","14":"virtual","15":"purchasable","16":"product-type-simple","17":"czr-hentry"},"yoast_head":"<!-- This site is optimized with the Yoast SEO plugin v27.3 - https:\/\/yoast.com\/product\/yoast-seo-wordpress\/ -->\n<title>Avast Premium Security 2026 - 5 postes - Abonnement 1 an - Alfa Descompte<\/title>\n<meta name=\"robots\" content=\"index, follow, max-snippet:-1, max-image-preview:large, max-video-preview:-1\" \/>\n<link rel=\"canonical\" href=\"https:\/\/alfadescompte.ad\/en\/product-2\/avast-premium-security-5-postes-abonnement-1-an\/\" \/>\n<meta property=\"og:locale\" content=\"en_GB\" \/>\n<meta property=\"og:type\" content=\"article\" \/>\n<meta property=\"og:title\" content=\"Avast Premium Security 2026 - 5 postes - Abonnement 1 an - Alfa Descompte\" \/>\n<meta property=\"og:description\" content=\"Achetez aujourd\u2019hui votre cl\u00e9 d&#039;activation originale et recevez par mail votre lien de t\u00e9l\u00e9chargement ultra rapide ainsi que sa cl\u00e9 unique d\u2019activation..  - Obtenir votre code d&#039;activation en 15 minutes. - Cl\u00e9 100% authentique - Vente autoris\u00e9e en Europe - Langues: Multi-langue\" \/>\n<meta property=\"og:url\" content=\"https:\/\/alfadescompte.ad\/en\/product-2\/avast-premium-security-5-postes-abonnement-1-an\/\" \/>\n<meta property=\"og:site_name\" content=\"Alfa Descompte\" \/>\n<meta property=\"article:modified_time\" content=\"2026-03-02T12:45:42+00:00\" \/>\n<meta property=\"og:image\" content=\"https:\/\/alfadescompte.ad\/wp-content\/uploads\/2022\/04\/Erika-23.png\" \/>\n\t<meta property=\"og:image:width\" content=\"800\" \/>\n\t<meta property=\"og:image:height\" content=\"800\" \/>\n\t<meta property=\"og:image:type\" content=\"image\/png\" \/>\n<meta name=\"twitter:card\" content=\"summary_large_image\" \/>\n<meta name=\"twitter:label1\" content=\"Estimated reading time\" \/>\n\t<meta name=\"twitter:data1\" content=\"3 minutes\" \/>\n<script type=\"application\/ld+json\" class=\"yoast-schema-graph\">{\"@context\":\"https:\\\/\\\/schema.org\",\"@graph\":[{\"@type\":\"WebPage\",\"@id\":\"https:\\\/\\\/alfadescompte.ad\\\/produit\\\/avast-premium-security-5-postes-abonnement-1-an\\\/\",\"url\":\"https:\\\/\\\/alfadescompte.ad\\\/produit\\\/avast-premium-security-5-postes-abonnement-1-an\\\/\",\"name\":\"Avast Premium Security 2026 - 5 postes - Abonnement 1 an - Alfa Descompte\",\"isPartOf\":{\"@id\":\"https:\\\/\\\/alfadescompte.ad\\\/#website\"},\"primaryImageOfPage\":{\"@id\":\"https:\\\/\\\/alfadescompte.ad\\\/produit\\\/avast-premium-security-5-postes-abonnement-1-an\\\/#primaryimage\"},\"image\":{\"@id\":\"https:\\\/\\\/alfadescompte.ad\\\/produit\\\/avast-premium-security-5-postes-abonnement-1-an\\\/#primaryimage\"},\"thumbnailUrl\":\"https:\\\/\\\/alfadescompte.ad\\\/wp-content\\\/uploads\\\/2022\\\/04\\\/Erika-23.png\",\"datePublished\":\"2022-10-29T13:24:39+00:00\",\"dateModified\":\"2026-03-02T12:45:42+00:00\",\"breadcrumb\":{\"@id\":\"https:\\\/\\\/alfadescompte.ad\\\/produit\\\/avast-premium-security-5-postes-abonnement-1-an\\\/#breadcrumb\"},\"inLanguage\":\"en-GB\",\"potentialAction\":[{\"@type\":\"ReadAction\",\"target\":[\"https:\\\/\\\/alfadescompte.ad\\\/produit\\\/avast-premium-security-5-postes-abonnement-1-an\\\/\"]}]},{\"@type\":\"ImageObject\",\"inLanguage\":\"en-GB\",\"@id\":\"https:\\\/\\\/alfadescompte.ad\\\/produit\\\/avast-premium-security-5-postes-abonnement-1-an\\\/#primaryimage\",\"url\":\"https:\\\/\\\/alfadescompte.ad\\\/wp-content\\\/uploads\\\/2022\\\/04\\\/Erika-23.png\",\"contentUrl\":\"https:\\\/\\\/alfadescompte.ad\\\/wp-content\\\/uploads\\\/2022\\\/04\\\/Erika-23.png\",\"width\":800,\"height\":800},{\"@type\":\"BreadcrumbList\",\"@id\":\"https:\\\/\\\/alfadescompte.ad\\\/produit\\\/avast-premium-security-5-postes-abonnement-1-an\\\/#breadcrumb\",\"itemListElement\":[{\"@type\":\"ListItem\",\"position\":1,\"name\":\"Accueil\",\"item\":\"https:\\\/\\\/alfadescompte.ad\\\/fr\\\/\"},{\"@type\":\"ListItem\",\"position\":2,\"name\":\"Boutique\",\"item\":\"https:\\\/\\\/alfadescompte.ad\\\/en\\\/boutique\\\/\"},{\"@type\":\"ListItem\",\"position\":3,\"name\":\"Avast Premium Security 2026 &#8211; 5 postes &#8211; Abonnement 1 an\"}]},{\"@type\":\"WebSite\",\"@id\":\"https:\\\/\\\/alfadescompte.ad\\\/#website\",\"url\":\"https:\\\/\\\/alfadescompte.ad\\\/\",\"name\":\"Alfa Descompte\",\"description\":\"\",\"publisher\":{\"@id\":\"https:\\\/\\\/alfadescompte.ad\\\/#organization\"},\"potentialAction\":[{\"@type\":\"SearchAction\",\"target\":{\"@type\":\"EntryPoint\",\"urlTemplate\":\"https:\\\/\\\/alfadescompte.ad\\\/?s={search_term_string}\"},\"query-input\":{\"@type\":\"PropertyValueSpecification\",\"valueRequired\":true,\"valueName\":\"search_term_string\"}}],\"inLanguage\":\"en-GB\"},{\"@type\":\"Organization\",\"@id\":\"https:\\\/\\\/alfadescompte.ad\\\/#organization\",\"name\":\"Alfa Descompte\",\"url\":\"https:\\\/\\\/alfadescompte.ad\\\/\",\"logo\":{\"@type\":\"ImageObject\",\"inLanguage\":\"en-GB\",\"@id\":\"https:\\\/\\\/alfadescompte.ad\\\/#\\\/schema\\\/logo\\\/image\\\/\",\"url\":\"https:\\\/\\\/alfadescompte.ad\\\/wp-content\\\/uploads\\\/2022\\\/04\\\/cropped-logo-alfa-1-1.png\",\"contentUrl\":\"https:\\\/\\\/alfadescompte.ad\\\/wp-content\\\/uploads\\\/2022\\\/04\\\/cropped-logo-alfa-1-1.png\",\"width\":424,\"height\":128,\"caption\":\"Alfa Descompte\"},\"image\":{\"@id\":\"https:\\\/\\\/alfadescompte.ad\\\/#\\\/schema\\\/logo\\\/image\\\/\"}}]}<\/script>\n<!-- \/ Yoast SEO plugin. -->","yoast_head_json":{"title":"Avast Premium Security 2026 - 5 workstations - 1 year subscription - Alfa Descompte","robots":{"index":"index","follow":"follow","max-snippet":"max-snippet:-1","max-image-preview":"max-image-preview:large","max-video-preview":"max-video-preview:-1"},"canonical":"https:\/\/alfadescompte.ad\/en\/product-2\/avast-premium-security-5-postes-abonnement-1-an\/","og_locale":"en_GB","og_type":"article","og_title":"Avast Premium Security 2026 - 5 postes - Abonnement 1 an - Alfa Descompte","og_description":"Achetez aujourd\u2019hui votre cl\u00e9 d'activation originale et recevez par mail votre lien de t\u00e9l\u00e9chargement ultra rapide ainsi que sa cl\u00e9 unique d\u2019activation..  - Obtenir votre code d'activation en 15 minutes. - Cl\u00e9 100% authentique - Vente autoris\u00e9e en Europe - Langues: Multi-langue","og_url":"https:\/\/alfadescompte.ad\/en\/product-2\/avast-premium-security-5-postes-abonnement-1-an\/","og_site_name":"Alfa Descompte","article_modified_time":"2026-03-02T12:45:42+00:00","og_image":[{"width":800,"height":800,"url":"https:\/\/alfadescompte.ad\/wp-content\/uploads\/2022\/04\/Erika-23.png","type":"image\/png"}],"twitter_card":"summary_large_image","twitter_misc":{"Estimated reading time":"3 minutes"},"schema":{"@context":"https:\/\/schema.org","@graph":[{"@type":"WebPage","@id":"https:\/\/alfadescompte.ad\/produit\/avast-premium-security-5-postes-abonnement-1-an\/","url":"https:\/\/alfadescompte.ad\/produit\/avast-premium-security-5-postes-abonnement-1-an\/","name":"Avast Premium Security 2026 - 5 workstations - 1 year subscription - Alfa Descompte","isPartOf":{"@id":"https:\/\/alfadescompte.ad\/#website"},"primaryImageOfPage":{"@id":"https:\/\/alfadescompte.ad\/produit\/avast-premium-security-5-postes-abonnement-1-an\/#primaryimage"},"image":{"@id":"https:\/\/alfadescompte.ad\/produit\/avast-premium-security-5-postes-abonnement-1-an\/#primaryimage"},"thumbnailUrl":"https:\/\/alfadescompte.ad\/wp-content\/uploads\/2022\/04\/Erika-23.png","datePublished":"2022-10-29T13:24:39+00:00","dateModified":"2026-03-02T12:45:42+00:00","breadcrumb":{"@id":"https:\/\/alfadescompte.ad\/produit\/avast-premium-security-5-postes-abonnement-1-an\/#breadcrumb"},"inLanguage":"en-GB","potentialAction":[{"@type":"ReadAction","target":["https:\/\/alfadescompte.ad\/produit\/avast-premium-security-5-postes-abonnement-1-an\/"]}]},{"@type":"ImageObject","inLanguage":"en-GB","@id":"https:\/\/alfadescompte.ad\/produit\/avast-premium-security-5-postes-abonnement-1-an\/#primaryimage","url":"https:\/\/alfadescompte.ad\/wp-content\/uploads\/2022\/04\/Erika-23.png","contentUrl":"https:\/\/alfadescompte.ad\/wp-content\/uploads\/2022\/04\/Erika-23.png","width":800,"height":800},{"@type":"BreadcrumbList","@id":"https:\/\/alfadescompte.ad\/produit\/avast-premium-security-5-postes-abonnement-1-an\/#breadcrumb","itemListElement":[{"@type":"ListItem","position":1,"name":"Accueil","item":"https:\/\/alfadescompte.ad\/fr\/"},{"@type":"ListItem","position":2,"name":"Boutique","item":"https:\/\/alfadescompte.ad\/en\/boutique\/"},{"@type":"ListItem","position":3,"name":"Avast Premium Security 2026 &#8211; 5 postes &#8211; Abonnement 1 an"}]},{"@type":"WebSite","@id":"https:\/\/alfadescompte.ad\/#website","url":"https:\/\/alfadescompte.ad\/","name":"Alfa Descompte","description":"","publisher":{"@id":"https:\/\/alfadescompte.ad\/#organization"},"potentialAction":[{"@type":"SearchAction","target":{"@type":"EntryPoint","urlTemplate":"https:\/\/alfadescompte.ad\/?s={search_term_string}"},"query-input":{"@type":"PropertyValueSpecification","valueRequired":true,"valueName":"search_term_string"}}],"inLanguage":"en-GB"},{"@type":"Organization","@id":"https:\/\/alfadescompte.ad\/#organization","name":"Alfa Descompte","url":"https:\/\/alfadescompte.ad\/","logo":{"@type":"ImageObject","inLanguage":"en-GB","@id":"https:\/\/alfadescompte.ad\/#\/schema\/logo\/image\/","url":"https:\/\/alfadescompte.ad\/wp-content\/uploads\/2022\/04\/cropped-logo-alfa-1-1.png","contentUrl":"https:\/\/alfadescompte.ad\/wp-content\/uploads\/2022\/04\/cropped-logo-alfa-1-1.png","width":424,"height":128,"caption":"Alfa Descompte"},"image":{"@id":"https:\/\/alfadescompte.ad\/#\/schema\/logo\/image\/"}}]}},"_links":{"self":[{"href":"https:\/\/alfadescompte.ad\/en\/wp-json\/wp\/v2\/product\/51873","targetHints":{"allow":["GET"]}}],"collection":[{"href":"https:\/\/alfadescompte.ad\/en\/wp-json\/wp\/v2\/product"}],"about":[{"href":"https:\/\/alfadescompte.ad\/en\/wp-json\/wp\/v2\/types\/product"}],"replies":[{"embeddable":true,"href":"https:\/\/alfadescompte.ad\/en\/wp-json\/wp\/v2\/comments?post=51873"}],"wp:featuredmedia":[{"embeddable":true,"href":"https:\/\/alfadescompte.ad\/en\/wp-json\/wp\/v2\/media\/51895"}],"wp:attachment":[{"href":"https:\/\/alfadescompte.ad\/en\/wp-json\/wp\/v2\/media?parent=51873"}],"wp:term":[{"taxonomy":"product_brand","embeddable":true,"href":"https:\/\/alfadescompte.ad\/en\/wp-json\/wp\/v2\/product_brand?post=51873"},{"taxonomy":"product_cat","embeddable":true,"href":"https:\/\/alfadescompte.ad\/en\/wp-json\/wp\/v2\/product_cat?post=51873"},{"taxonomy":"product_tag","embeddable":true,"href":"https:\/\/alfadescompte.ad\/en\/wp-json\/wp\/v2\/product_tag?post=51873"}],"curies":[{"name":"wp","href":"https:\/\/api.w.org\/{rel}","templated":true}]}}