{"id":54162,"date":"2024-04-03T10:11:43","date_gmt":"2024-04-03T08:11:43","guid":{"rendered":"https:\/\/alfadescompte.ad\/?post_type=product&#038;p=54162"},"modified":"2026-03-03T17:05:21","modified_gmt":"2026-03-03T16:05:21","slug":"microsoft-office-home-and-business-2016-mac-retail-bind","status":"publish","type":"product","link":"https:\/\/alfadescompte.ad\/en\/product-2\/microsoft-office-home-and-business-2016-mac-retail-bind\/","title":{"rendered":"Microsoft OFFICE 2016 Home and Office (MAC)"},"content":{"rendered":"<h3>Office 2016 Home and Home Office<\/h3>\n<p><b>Microsoft Office 2016<\/b>\u00a0is the latest version of the Microsoft Office suite.\u00a0<b>Office 2016<\/b>\u00a0is always made up of different tools: Word, Excel, PowerPoint, OneNote and Outlook.<\/p>\n<p>Among the new features,\u00a0<b>Microsoft Office 2016<\/b>\u00a0offers you the possibility of accessing and editing all your documents from the Cloud, since the office suite is fully connected to OneDrive, Microsoft's online storage service. Outlook takes full advantage of this, too, as it is now possible to attach files directly from OneDrive and configure access permissions without leaving Outlook.<\/p>\n<p>Collaborative working is not forgotten in\u00a0<b>Microsoft Office 2016<\/b>\u00a0because Word, the word processor, incorporates real-time co-creation and co-editing. When several members of a team are working on the same document in Word 2016 or Office Online, they will be able to see the progress of each other's work, as well as viewing what they are writing in real time.<\/p>\n<p>Suite tools\u00a0<b>Microsoft Office 2016<\/b>\u00a0become intelligent. Applications learn from your work and help you with your tasks. Word, Excel and PowerPoint include Tell Me, an intelligent search engine that can show you what you need to do simply by typing what you want to do. Outlook, meanwhile, has an ally of choice in Clutter, a tool that analyses your emails to classify them and unclutter your inbox by moving the least important messages to a specific folder.<\/p>\n<p>System requirements<\/p>\n<ul>\n<li>Processor: 1 Gigaherts (GHz) or faster.<\/li>\n<li>RAM memory: 1 Gigabyte (GB) (32-bit) or 2 GB (64-bit)<\/li>\n<li>Available disk space: 16 GB<\/li>\n<li>Graphics card: Microsoft DirectX 9 graphics device with WDDM driver.<\/li>\n<\/ul>","protected":false},"excerpt":{"rendered":"<p>Buy your original activation key today and receive your ultra-fast download link from Microsoft and its unique activation key by e-mail.<\/p>\n<p>- Get your activation code in 15 minutes.<br \/>\n- Genuine 100% key<br \/>\n- Authorised for sale in Europe<br \/>\n- Languages: Multi-language<\/p>","protected":false},"featured_media":55706,"comment_status":"closed","ping_status":"closed","template":"","meta":[],"product_brand":[],"product_cat":[1442,177,1932,180],"product_tag":[],"class_list":{"0":"post-54162","1":"product","2":"type-product","3":"status-publish","4":"has-post-thumbnail","6":"product_cat-microsoft","7":"product_cat-microsoft-office","8":"product_cat-office-2016-microsoft","9":"product_cat-office-mac","11":"first","12":"instock","13":"sale","14":"taxable","15":"shipping-taxable","16":"purchasable","17":"product-type-simple","18":"czr-hentry"},"yoast_head":"<!-- This site is optimized with the Yoast SEO plugin v27.4 - https:\/\/yoast.com\/product\/yoast-seo-wordpress\/ -->\n<title>Microsoft OFFICE 2016 Famille et Entreprise (MAC) - Alfa Descompte<\/title>\n<meta name=\"robots\" content=\"index, follow, max-snippet:-1, max-image-preview:large, max-video-preview:-1\" \/>\n<link rel=\"canonical\" href=\"https:\/\/alfadescompte.ad\/en\/product-2\/microsoft-office-home-and-business-2016-mac-retail-bind\/\" \/>\n<meta property=\"og:locale\" content=\"en_GB\" \/>\n<meta property=\"og:type\" content=\"article\" \/>\n<meta property=\"og:title\" content=\"Microsoft OFFICE 2016 Famille et Entreprise (MAC) - Alfa Descompte\" \/>\n<meta property=\"og:description\" content=\"Achetez aujourd\u2019hui votre cl\u00e9 d&#039;activation originale et recevez par mail votre lien de t\u00e9l\u00e9chargement ultra rapide de Microsoft ainsi que sa cl\u00e9 unique d\u2019activation..  - Obtenir votre code d&#039;activation en 15 minutes. - Cl\u00e9 100% authentique - Vente autoris\u00e9e en Europe - Langues: Multi-langue\" \/>\n<meta property=\"og:url\" content=\"https:\/\/alfadescompte.ad\/en\/product-2\/microsoft-office-home-and-business-2016-mac-retail-bind\/\" \/>\n<meta property=\"og:site_name\" content=\"Alfa Descompte\" \/>\n<meta property=\"article:modified_time\" content=\"2026-03-03T16:05:21+00:00\" \/>\n<meta property=\"og:image\" content=\"https:\/\/alfadescompte.ad\/wp-content\/uploads\/2024\/04\/ChatGPT-Image-27-fevr.-2026-07_47_21.png\" \/>\n\t<meta property=\"og:image:width\" content=\"1024\" \/>\n\t<meta property=\"og:image:height\" content=\"1024\" \/>\n\t<meta property=\"og:image:type\" content=\"image\/png\" \/>\n<meta name=\"twitter:card\" content=\"summary_large_image\" \/>\n<meta name=\"twitter:label1\" content=\"Estimated reading time\" \/>\n\t<meta name=\"twitter:data1\" content=\"2 minutes\" \/>\n<script type=\"application\/ld+json\" class=\"yoast-schema-graph\">{\"@context\":\"https:\\\/\\\/schema.org\",\"@graph\":[{\"@type\":\"WebPage\",\"@id\":\"https:\\\/\\\/alfadescompte.ad\\\/produit\\\/microsoft-office-home-and-business-2016-mac-retail-bind\\\/\",\"url\":\"https:\\\/\\\/alfadescompte.ad\\\/produit\\\/microsoft-office-home-and-business-2016-mac-retail-bind\\\/\",\"name\":\"Microsoft OFFICE 2016 Famille et Entreprise (MAC) - Alfa Descompte\",\"isPartOf\":{\"@id\":\"https:\\\/\\\/alfadescompte.ad\\\/#website\"},\"primaryImageOfPage\":{\"@id\":\"https:\\\/\\\/alfadescompte.ad\\\/produit\\\/microsoft-office-home-and-business-2016-mac-retail-bind\\\/#primaryimage\"},\"image\":{\"@id\":\"https:\\\/\\\/alfadescompte.ad\\\/produit\\\/microsoft-office-home-and-business-2016-mac-retail-bind\\\/#primaryimage\"},\"thumbnailUrl\":\"https:\\\/\\\/alfadescompte.ad\\\/wp-content\\\/uploads\\\/2024\\\/04\\\/ChatGPT-Image-27-fevr.-2026-07_47_21.png\",\"datePublished\":\"2024-04-03T08:11:43+00:00\",\"dateModified\":\"2026-03-03T16:05:21+00:00\",\"breadcrumb\":{\"@id\":\"https:\\\/\\\/alfadescompte.ad\\\/produit\\\/microsoft-office-home-and-business-2016-mac-retail-bind\\\/#breadcrumb\"},\"inLanguage\":\"en-GB\",\"potentialAction\":[{\"@type\":\"ReadAction\",\"target\":[\"https:\\\/\\\/alfadescompte.ad\\\/produit\\\/microsoft-office-home-and-business-2016-mac-retail-bind\\\/\"]}]},{\"@type\":\"ImageObject\",\"inLanguage\":\"en-GB\",\"@id\":\"https:\\\/\\\/alfadescompte.ad\\\/produit\\\/microsoft-office-home-and-business-2016-mac-retail-bind\\\/#primaryimage\",\"url\":\"https:\\\/\\\/alfadescompte.ad\\\/wp-content\\\/uploads\\\/2024\\\/04\\\/ChatGPT-Image-27-fevr.-2026-07_47_21.png\",\"contentUrl\":\"https:\\\/\\\/alfadescompte.ad\\\/wp-content\\\/uploads\\\/2024\\\/04\\\/ChatGPT-Image-27-fevr.-2026-07_47_21.png\",\"width\":1024,\"height\":1024},{\"@type\":\"BreadcrumbList\",\"@id\":\"https:\\\/\\\/alfadescompte.ad\\\/produit\\\/microsoft-office-home-and-business-2016-mac-retail-bind\\\/#breadcrumb\",\"itemListElement\":[{\"@type\":\"ListItem\",\"position\":1,\"name\":\"Accueil\",\"item\":\"https:\\\/\\\/alfadescompte.ad\\\/fr\\\/\"},{\"@type\":\"ListItem\",\"position\":2,\"name\":\"Boutique\",\"item\":\"https:\\\/\\\/alfadescompte.ad\\\/en\\\/boutique\\\/\"},{\"@type\":\"ListItem\",\"position\":3,\"name\":\"Microsoft OFFICE 2016 Famille et Entreprise (MAC)\"}]},{\"@type\":\"WebSite\",\"@id\":\"https:\\\/\\\/alfadescompte.ad\\\/#website\",\"url\":\"https:\\\/\\\/alfadescompte.ad\\\/\",\"name\":\"Alfa Descompte\",\"description\":\"\",\"publisher\":{\"@id\":\"https:\\\/\\\/alfadescompte.ad\\\/#organization\"},\"potentialAction\":[{\"@type\":\"SearchAction\",\"target\":{\"@type\":\"EntryPoint\",\"urlTemplate\":\"https:\\\/\\\/alfadescompte.ad\\\/?s={search_term_string}\"},\"query-input\":{\"@type\":\"PropertyValueSpecification\",\"valueRequired\":true,\"valueName\":\"search_term_string\"}}],\"inLanguage\":\"en-GB\"},{\"@type\":\"Organization\",\"@id\":\"https:\\\/\\\/alfadescompte.ad\\\/#organization\",\"name\":\"Alfa Descompte\",\"url\":\"https:\\\/\\\/alfadescompte.ad\\\/\",\"logo\":{\"@type\":\"ImageObject\",\"inLanguage\":\"en-GB\",\"@id\":\"https:\\\/\\\/alfadescompte.ad\\\/#\\\/schema\\\/logo\\\/image\\\/\",\"url\":\"https:\\\/\\\/alfadescompte.ad\\\/wp-content\\\/uploads\\\/2022\\\/04\\\/cropped-logo-alfa-1-1.png\",\"contentUrl\":\"https:\\\/\\\/alfadescompte.ad\\\/wp-content\\\/uploads\\\/2022\\\/04\\\/cropped-logo-alfa-1-1.png\",\"width\":424,\"height\":128,\"caption\":\"Alfa Descompte\"},\"image\":{\"@id\":\"https:\\\/\\\/alfadescompte.ad\\\/#\\\/schema\\\/logo\\\/image\\\/\"}}]}<\/script>\n<!-- \/ Yoast SEO plugin. -->","yoast_head_json":{"title":"Microsoft OFFICE 2016 Home and Office (MAC) - Alfa Descompte","robots":{"index":"index","follow":"follow","max-snippet":"max-snippet:-1","max-image-preview":"max-image-preview:large","max-video-preview":"max-video-preview:-1"},"canonical":"https:\/\/alfadescompte.ad\/en\/product-2\/microsoft-office-home-and-business-2016-mac-retail-bind\/","og_locale":"en_GB","og_type":"article","og_title":"Microsoft OFFICE 2016 Famille et Entreprise (MAC) - Alfa Descompte","og_description":"Achetez aujourd\u2019hui votre cl\u00e9 d'activation originale et recevez par mail votre lien de t\u00e9l\u00e9chargement ultra rapide de Microsoft ainsi que sa cl\u00e9 unique d\u2019activation..  - Obtenir votre code d'activation en 15 minutes. - Cl\u00e9 100% authentique - Vente autoris\u00e9e en Europe - Langues: Multi-langue","og_url":"https:\/\/alfadescompte.ad\/en\/product-2\/microsoft-office-home-and-business-2016-mac-retail-bind\/","og_site_name":"Alfa Descompte","article_modified_time":"2026-03-03T16:05:21+00:00","og_image":[{"width":1024,"height":1024,"url":"https:\/\/alfadescompte.ad\/wp-content\/uploads\/2024\/04\/ChatGPT-Image-27-fevr.-2026-07_47_21.png","type":"image\/png"}],"twitter_card":"summary_large_image","twitter_misc":{"Estimated reading time":"2 minutes"},"schema":{"@context":"https:\/\/schema.org","@graph":[{"@type":"WebPage","@id":"https:\/\/alfadescompte.ad\/produit\/microsoft-office-home-and-business-2016-mac-retail-bind\/","url":"https:\/\/alfadescompte.ad\/produit\/microsoft-office-home-and-business-2016-mac-retail-bind\/","name":"Microsoft OFFICE 2016 Home and Office (MAC) - Alfa Descompte","isPartOf":{"@id":"https:\/\/alfadescompte.ad\/#website"},"primaryImageOfPage":{"@id":"https:\/\/alfadescompte.ad\/produit\/microsoft-office-home-and-business-2016-mac-retail-bind\/#primaryimage"},"image":{"@id":"https:\/\/alfadescompte.ad\/produit\/microsoft-office-home-and-business-2016-mac-retail-bind\/#primaryimage"},"thumbnailUrl":"https:\/\/alfadescompte.ad\/wp-content\/uploads\/2024\/04\/ChatGPT-Image-27-fevr.-2026-07_47_21.png","datePublished":"2024-04-03T08:11:43+00:00","dateModified":"2026-03-03T16:05:21+00:00","breadcrumb":{"@id":"https:\/\/alfadescompte.ad\/produit\/microsoft-office-home-and-business-2016-mac-retail-bind\/#breadcrumb"},"inLanguage":"en-GB","potentialAction":[{"@type":"ReadAction","target":["https:\/\/alfadescompte.ad\/produit\/microsoft-office-home-and-business-2016-mac-retail-bind\/"]}]},{"@type":"ImageObject","inLanguage":"en-GB","@id":"https:\/\/alfadescompte.ad\/produit\/microsoft-office-home-and-business-2016-mac-retail-bind\/#primaryimage","url":"https:\/\/alfadescompte.ad\/wp-content\/uploads\/2024\/04\/ChatGPT-Image-27-fevr.-2026-07_47_21.png","contentUrl":"https:\/\/alfadescompte.ad\/wp-content\/uploads\/2024\/04\/ChatGPT-Image-27-fevr.-2026-07_47_21.png","width":1024,"height":1024},{"@type":"BreadcrumbList","@id":"https:\/\/alfadescompte.ad\/produit\/microsoft-office-home-and-business-2016-mac-retail-bind\/#breadcrumb","itemListElement":[{"@type":"ListItem","position":1,"name":"Accueil","item":"https:\/\/alfadescompte.ad\/fr\/"},{"@type":"ListItem","position":2,"name":"Boutique","item":"https:\/\/alfadescompte.ad\/en\/boutique\/"},{"@type":"ListItem","position":3,"name":"Microsoft OFFICE 2016 Famille et Entreprise (MAC)"}]},{"@type":"WebSite","@id":"https:\/\/alfadescompte.ad\/#website","url":"https:\/\/alfadescompte.ad\/","name":"Alfa Descompte","description":"","publisher":{"@id":"https:\/\/alfadescompte.ad\/#organization"},"potentialAction":[{"@type":"SearchAction","target":{"@type":"EntryPoint","urlTemplate":"https:\/\/alfadescompte.ad\/?s={search_term_string}"},"query-input":{"@type":"PropertyValueSpecification","valueRequired":true,"valueName":"search_term_string"}}],"inLanguage":"en-GB"},{"@type":"Organization","@id":"https:\/\/alfadescompte.ad\/#organization","name":"Alfa Descompte","url":"https:\/\/alfadescompte.ad\/","logo":{"@type":"ImageObject","inLanguage":"en-GB","@id":"https:\/\/alfadescompte.ad\/#\/schema\/logo\/image\/","url":"https:\/\/alfadescompte.ad\/wp-content\/uploads\/2022\/04\/cropped-logo-alfa-1-1.png","contentUrl":"https:\/\/alfadescompte.ad\/wp-content\/uploads\/2022\/04\/cropped-logo-alfa-1-1.png","width":424,"height":128,"caption":"Alfa Descompte"},"image":{"@id":"https:\/\/alfadescompte.ad\/#\/schema\/logo\/image\/"}}]}},"_links":{"self":[{"href":"https:\/\/alfadescompte.ad\/en\/wp-json\/wp\/v2\/product\/54162","targetHints":{"allow":["GET"]}}],"collection":[{"href":"https:\/\/alfadescompte.ad\/en\/wp-json\/wp\/v2\/product"}],"about":[{"href":"https:\/\/alfadescompte.ad\/en\/wp-json\/wp\/v2\/types\/product"}],"replies":[{"embeddable":true,"href":"https:\/\/alfadescompte.ad\/en\/wp-json\/wp\/v2\/comments?post=54162"}],"wp:featuredmedia":[{"embeddable":true,"href":"https:\/\/alfadescompte.ad\/en\/wp-json\/wp\/v2\/media\/55706"}],"wp:attachment":[{"href":"https:\/\/alfadescompte.ad\/en\/wp-json\/wp\/v2\/media?parent=54162"}],"wp:term":[{"taxonomy":"product_brand","embeddable":true,"href":"https:\/\/alfadescompte.ad\/en\/wp-json\/wp\/v2\/product_brand?post=54162"},{"taxonomy":"product_cat","embeddable":true,"href":"https:\/\/alfadescompte.ad\/en\/wp-json\/wp\/v2\/product_cat?post=54162"},{"taxonomy":"product_tag","embeddable":true,"href":"https:\/\/alfadescompte.ad\/en\/wp-json\/wp\/v2\/product_tag?post=54162"}],"curies":[{"name":"wp","href":"https:\/\/api.w.org\/{rel}","templated":true}]}}