{"id":54314,"date":"2024-08-02T16:42:08","date_gmt":"2024-08-02T14:42:08","guid":{"rendered":"https:\/\/alfadescompte.ad\/?post_type=product&#038;p=54314"},"modified":"2026-04-16T19:45:12","modified_gmt":"2026-04-16T17:45:12","slug":"windows-11-pro-32-64-bit-multi-langue","status":"publish","type":"product","link":"https:\/\/alfadescompte.ad\/en\/product-2\/windows-11-pro-32-64-bit-multi-langue\/","title":{"rendered":"Windows 11 Pro 32\/64-bit Multi-language"},"content":{"rendered":"<p>Windows 11 is the most recent version of Microsoft's operating system and includes the latest features and security updates.<\/p>\n<p>The version of Windows 11 Pro designed to meet the needs of users and businesses requiring professional features such as virtualisation, enhanced security, domain connectivity and improved remote desktop.<\/p>\n<p>System requirements<\/p>\n<p>- Processor: 1 GHz or faster.<br \/>\n- RAM memory: 4GB<br \/>\n- Available disk space: 64GB<br \/>\n- Graphics card: Microsoft DirectX 12 graphics device with WDDM driver.<\/p>","protected":false},"excerpt":{"rendered":"<p>Get the best user experience with Windows 11 Pro today by purchasing your licence key today! and receive your super-fast download link and unique activation key by email from Microsoft.<\/p>\n<p>- Instant delivery by e-mail.<br \/>\n- Genuine 100% key<br \/>\n- Authorised for sale in Europe<br \/>\n- Languages: Multi-language<\/p>","protected":false},"featured_media":55717,"comment_status":"closed","ping_status":"closed","template":"","meta":[],"product_brand":[],"product_cat":[1442,1933,16,182],"product_tag":[],"class_list":{"0":"post-54314","1":"product","2":"type-product","3":"status-publish","4":"has-post-thumbnail","6":"product_cat-microsoft","7":"product_cat-microsoft-windows","8":"product_cat-offres-speciales","9":"product_cat-windows-11","11":"first","12":"instock","13":"sale","14":"taxable","15":"shipping-taxable","16":"purchasable","17":"product-type-simple","18":"czr-hentry"},"yoast_head":"<!-- This site is optimized with the Yoast SEO plugin v27.4 - https:\/\/yoast.com\/product\/yoast-seo-wordpress\/ -->\n<title>Windows 11 Pro 32\/64-bit Multi-langue - Alfa Descompte<\/title>\n<meta name=\"robots\" content=\"index, follow, max-snippet:-1, max-image-preview:large, max-video-preview:-1\" \/>\n<link rel=\"canonical\" href=\"https:\/\/alfadescompte.ad\/en\/product-2\/windows-11-pro-32-64-bit-multi-langue\/\" \/>\n<meta property=\"og:locale\" content=\"en_GB\" \/>\n<meta property=\"og:type\" content=\"article\" \/>\n<meta property=\"og:title\" content=\"Windows 11 Pro 32\/64-bit Multi-langue - Alfa Descompte\" \/>\n<meta property=\"og:description\" content=\"Obtenez d\u00e8s maintenant la meilleure exp\u00e9rience utilisateur avec Windows 11 Pro en achetant votre cl\u00e9 de licence d\u00e8s aujourd&#039;hui ! et recevez par mail votre lien de t\u00e9l\u00e9chargement ultra rapide de Microsoft ainsi que sa cl\u00e9 unique d\u2019activation.  - Livraison instantan\u00e9e par e-mail. - Cl\u00e9 100% authentique - Vente autoris\u00e9e en Europe - Langues: Multi-langue\" \/>\n<meta property=\"og:url\" content=\"https:\/\/alfadescompte.ad\/en\/product-2\/windows-11-pro-32-64-bit-multi-langue\/\" \/>\n<meta property=\"og:site_name\" content=\"Alfa Descompte\" \/>\n<meta property=\"article:modified_time\" content=\"2026-04-16T17:45:12+00:00\" \/>\n<meta property=\"og:image\" content=\"https:\/\/alfadescompte.ad\/wp-content\/uploads\/2024\/08\/ChatGPT-Image-27-fevr.-2026-08_18_36.png\" \/>\n\t<meta property=\"og:image:width\" content=\"1024\" \/>\n\t<meta property=\"og:image:height\" content=\"1024\" \/>\n\t<meta property=\"og:image:type\" content=\"image\/png\" \/>\n<meta name=\"twitter:card\" content=\"summary_large_image\" \/>\n<meta name=\"twitter:label1\" content=\"Estimated reading time\" \/>\n\t<meta name=\"twitter:data1\" content=\"1 minute\" \/>\n<script type=\"application\/ld+json\" class=\"yoast-schema-graph\">{\"@context\":\"https:\\\/\\\/schema.org\",\"@graph\":[{\"@type\":\"WebPage\",\"@id\":\"https:\\\/\\\/alfadescompte.ad\\\/produit\\\/windows-11-pro-32-64-bit-multi-langue\\\/\",\"url\":\"https:\\\/\\\/alfadescompte.ad\\\/produit\\\/windows-11-pro-32-64-bit-multi-langue\\\/\",\"name\":\"Windows 11 Pro 32\\\/64-bit Multi-langue - Alfa Descompte\",\"isPartOf\":{\"@id\":\"https:\\\/\\\/alfadescompte.ad\\\/#website\"},\"primaryImageOfPage\":{\"@id\":\"https:\\\/\\\/alfadescompte.ad\\\/produit\\\/windows-11-pro-32-64-bit-multi-langue\\\/#primaryimage\"},\"image\":{\"@id\":\"https:\\\/\\\/alfadescompte.ad\\\/produit\\\/windows-11-pro-32-64-bit-multi-langue\\\/#primaryimage\"},\"thumbnailUrl\":\"https:\\\/\\\/alfadescompte.ad\\\/wp-content\\\/uploads\\\/2024\\\/08\\\/ChatGPT-Image-27-fevr.-2026-08_18_36.png\",\"datePublished\":\"2024-08-02T14:42:08+00:00\",\"dateModified\":\"2026-04-16T17:45:12+00:00\",\"breadcrumb\":{\"@id\":\"https:\\\/\\\/alfadescompte.ad\\\/produit\\\/windows-11-pro-32-64-bit-multi-langue\\\/#breadcrumb\"},\"inLanguage\":\"en-GB\",\"potentialAction\":[{\"@type\":\"ReadAction\",\"target\":[\"https:\\\/\\\/alfadescompte.ad\\\/produit\\\/windows-11-pro-32-64-bit-multi-langue\\\/\"]}]},{\"@type\":\"ImageObject\",\"inLanguage\":\"en-GB\",\"@id\":\"https:\\\/\\\/alfadescompte.ad\\\/produit\\\/windows-11-pro-32-64-bit-multi-langue\\\/#primaryimage\",\"url\":\"https:\\\/\\\/alfadescompte.ad\\\/wp-content\\\/uploads\\\/2024\\\/08\\\/ChatGPT-Image-27-fevr.-2026-08_18_36.png\",\"contentUrl\":\"https:\\\/\\\/alfadescompte.ad\\\/wp-content\\\/uploads\\\/2024\\\/08\\\/ChatGPT-Image-27-fevr.-2026-08_18_36.png\",\"width\":1024,\"height\":1024},{\"@type\":\"BreadcrumbList\",\"@id\":\"https:\\\/\\\/alfadescompte.ad\\\/produit\\\/windows-11-pro-32-64-bit-multi-langue\\\/#breadcrumb\",\"itemListElement\":[{\"@type\":\"ListItem\",\"position\":1,\"name\":\"Accueil\",\"item\":\"https:\\\/\\\/alfadescompte.ad\\\/fr\\\/\"},{\"@type\":\"ListItem\",\"position\":2,\"name\":\"Boutique\",\"item\":\"https:\\\/\\\/alfadescompte.ad\\\/en\\\/boutique\\\/\"},{\"@type\":\"ListItem\",\"position\":3,\"name\":\"Windows 11 Pro 32\\\/64-bit Multi-langue\"}]},{\"@type\":\"WebSite\",\"@id\":\"https:\\\/\\\/alfadescompte.ad\\\/#website\",\"url\":\"https:\\\/\\\/alfadescompte.ad\\\/\",\"name\":\"Alfa Descompte\",\"description\":\"\",\"publisher\":{\"@id\":\"https:\\\/\\\/alfadescompte.ad\\\/#organization\"},\"potentialAction\":[{\"@type\":\"SearchAction\",\"target\":{\"@type\":\"EntryPoint\",\"urlTemplate\":\"https:\\\/\\\/alfadescompte.ad\\\/?s={search_term_string}\"},\"query-input\":{\"@type\":\"PropertyValueSpecification\",\"valueRequired\":true,\"valueName\":\"search_term_string\"}}],\"inLanguage\":\"en-GB\"},{\"@type\":\"Organization\",\"@id\":\"https:\\\/\\\/alfadescompte.ad\\\/#organization\",\"name\":\"Alfa Descompte\",\"url\":\"https:\\\/\\\/alfadescompte.ad\\\/\",\"logo\":{\"@type\":\"ImageObject\",\"inLanguage\":\"en-GB\",\"@id\":\"https:\\\/\\\/alfadescompte.ad\\\/#\\\/schema\\\/logo\\\/image\\\/\",\"url\":\"https:\\\/\\\/alfadescompte.ad\\\/wp-content\\\/uploads\\\/2022\\\/04\\\/cropped-logo-alfa-1-1.png\",\"contentUrl\":\"https:\\\/\\\/alfadescompte.ad\\\/wp-content\\\/uploads\\\/2022\\\/04\\\/cropped-logo-alfa-1-1.png\",\"width\":424,\"height\":128,\"caption\":\"Alfa Descompte\"},\"image\":{\"@id\":\"https:\\\/\\\/alfadescompte.ad\\\/#\\\/schema\\\/logo\\\/image\\\/\"}}]}<\/script>\n<!-- \/ Yoast SEO plugin. -->","yoast_head_json":{"title":"Windows 11 Pro 32\/64-bit Multi-language - Alfa Descompte","robots":{"index":"index","follow":"follow","max-snippet":"max-snippet:-1","max-image-preview":"max-image-preview:large","max-video-preview":"max-video-preview:-1"},"canonical":"https:\/\/alfadescompte.ad\/en\/product-2\/windows-11-pro-32-64-bit-multi-langue\/","og_locale":"en_GB","og_type":"article","og_title":"Windows 11 Pro 32\/64-bit Multi-langue - Alfa Descompte","og_description":"Obtenez d\u00e8s maintenant la meilleure exp\u00e9rience utilisateur avec Windows 11 Pro en achetant votre cl\u00e9 de licence d\u00e8s aujourd'hui ! et recevez par mail votre lien de t\u00e9l\u00e9chargement ultra rapide de Microsoft ainsi que sa cl\u00e9 unique d\u2019activation.  - Livraison instantan\u00e9e par e-mail. - Cl\u00e9 100% authentique - Vente autoris\u00e9e en Europe - Langues: Multi-langue","og_url":"https:\/\/alfadescompte.ad\/en\/product-2\/windows-11-pro-32-64-bit-multi-langue\/","og_site_name":"Alfa Descompte","article_modified_time":"2026-04-16T17:45:12+00:00","og_image":[{"width":1024,"height":1024,"url":"https:\/\/alfadescompte.ad\/wp-content\/uploads\/2024\/08\/ChatGPT-Image-27-fevr.-2026-08_18_36.png","type":"image\/png"}],"twitter_card":"summary_large_image","twitter_misc":{"Estimated reading time":"1 minute"},"schema":{"@context":"https:\/\/schema.org","@graph":[{"@type":"WebPage","@id":"https:\/\/alfadescompte.ad\/produit\/windows-11-pro-32-64-bit-multi-langue\/","url":"https:\/\/alfadescompte.ad\/produit\/windows-11-pro-32-64-bit-multi-langue\/","name":"Windows 11 Pro 32\/64-bit Multi-language - Alfa Descompte","isPartOf":{"@id":"https:\/\/alfadescompte.ad\/#website"},"primaryImageOfPage":{"@id":"https:\/\/alfadescompte.ad\/produit\/windows-11-pro-32-64-bit-multi-langue\/#primaryimage"},"image":{"@id":"https:\/\/alfadescompte.ad\/produit\/windows-11-pro-32-64-bit-multi-langue\/#primaryimage"},"thumbnailUrl":"https:\/\/alfadescompte.ad\/wp-content\/uploads\/2024\/08\/ChatGPT-Image-27-fevr.-2026-08_18_36.png","datePublished":"2024-08-02T14:42:08+00:00","dateModified":"2026-04-16T17:45:12+00:00","breadcrumb":{"@id":"https:\/\/alfadescompte.ad\/produit\/windows-11-pro-32-64-bit-multi-langue\/#breadcrumb"},"inLanguage":"en-GB","potentialAction":[{"@type":"ReadAction","target":["https:\/\/alfadescompte.ad\/produit\/windows-11-pro-32-64-bit-multi-langue\/"]}]},{"@type":"ImageObject","inLanguage":"en-GB","@id":"https:\/\/alfadescompte.ad\/produit\/windows-11-pro-32-64-bit-multi-langue\/#primaryimage","url":"https:\/\/alfadescompte.ad\/wp-content\/uploads\/2024\/08\/ChatGPT-Image-27-fevr.-2026-08_18_36.png","contentUrl":"https:\/\/alfadescompte.ad\/wp-content\/uploads\/2024\/08\/ChatGPT-Image-27-fevr.-2026-08_18_36.png","width":1024,"height":1024},{"@type":"BreadcrumbList","@id":"https:\/\/alfadescompte.ad\/produit\/windows-11-pro-32-64-bit-multi-langue\/#breadcrumb","itemListElement":[{"@type":"ListItem","position":1,"name":"Accueil","item":"https:\/\/alfadescompte.ad\/fr\/"},{"@type":"ListItem","position":2,"name":"Boutique","item":"https:\/\/alfadescompte.ad\/en\/boutique\/"},{"@type":"ListItem","position":3,"name":"Windows 11 Pro 32\/64-bit Multi-langue"}]},{"@type":"WebSite","@id":"https:\/\/alfadescompte.ad\/#website","url":"https:\/\/alfadescompte.ad\/","name":"Alfa Descompte","description":"","publisher":{"@id":"https:\/\/alfadescompte.ad\/#organization"},"potentialAction":[{"@type":"SearchAction","target":{"@type":"EntryPoint","urlTemplate":"https:\/\/alfadescompte.ad\/?s={search_term_string}"},"query-input":{"@type":"PropertyValueSpecification","valueRequired":true,"valueName":"search_term_string"}}],"inLanguage":"en-GB"},{"@type":"Organization","@id":"https:\/\/alfadescompte.ad\/#organization","name":"Alfa Descompte","url":"https:\/\/alfadescompte.ad\/","logo":{"@type":"ImageObject","inLanguage":"en-GB","@id":"https:\/\/alfadescompte.ad\/#\/schema\/logo\/image\/","url":"https:\/\/alfadescompte.ad\/wp-content\/uploads\/2022\/04\/cropped-logo-alfa-1-1.png","contentUrl":"https:\/\/alfadescompte.ad\/wp-content\/uploads\/2022\/04\/cropped-logo-alfa-1-1.png","width":424,"height":128,"caption":"Alfa Descompte"},"image":{"@id":"https:\/\/alfadescompte.ad\/#\/schema\/logo\/image\/"}}]}},"_links":{"self":[{"href":"https:\/\/alfadescompte.ad\/en\/wp-json\/wp\/v2\/product\/54314","targetHints":{"allow":["GET"]}}],"collection":[{"href":"https:\/\/alfadescompte.ad\/en\/wp-json\/wp\/v2\/product"}],"about":[{"href":"https:\/\/alfadescompte.ad\/en\/wp-json\/wp\/v2\/types\/product"}],"replies":[{"embeddable":true,"href":"https:\/\/alfadescompte.ad\/en\/wp-json\/wp\/v2\/comments?post=54314"}],"wp:featuredmedia":[{"embeddable":true,"href":"https:\/\/alfadescompte.ad\/en\/wp-json\/wp\/v2\/media\/55717"}],"wp:attachment":[{"href":"https:\/\/alfadescompte.ad\/en\/wp-json\/wp\/v2\/media?parent=54314"}],"wp:term":[{"taxonomy":"product_brand","embeddable":true,"href":"https:\/\/alfadescompte.ad\/en\/wp-json\/wp\/v2\/product_brand?post=54314"},{"taxonomy":"product_cat","embeddable":true,"href":"https:\/\/alfadescompte.ad\/en\/wp-json\/wp\/v2\/product_cat?post=54314"},{"taxonomy":"product_tag","embeddable":true,"href":"https:\/\/alfadescompte.ad\/en\/wp-json\/wp\/v2\/product_tag?post=54314"}],"curies":[{"name":"wp","href":"https:\/\/api.w.org\/{rel}","templated":true}]}}