{"id":54983,"date":"2024-12-20T09:24:26","date_gmt":"2024-12-20T08:24:26","guid":{"rendered":"https:\/\/alfadescompte.ad\/?post_type=product&#038;p=54983"},"modified":"2026-03-03T17:16:36","modified_gmt":"2026-03-03T16:16:36","slug":"microsoft-excel-2024","status":"publish","type":"product","link":"https:\/\/alfadescompte.ad\/en\/product-2\/microsoft-excel-2024\/","title":{"rendered":"Microsoft Excel 2024 Windows\/Mac"},"content":{"rendered":"<h3>Microsoft Excel 2024 - the efficient spreadsheet<\/h3>\n<p><a title=\"Microsoft Excel\" href=\"https:\/\/softwarekaufen24.de\/microsoft-excel\/\" target=\"_blank\" rel=\"nofollow noopener\">Microsoft Excel<\/a>\u00a0is the world's leading spreadsheet and data management program, offering an impressive range of features for users of all levels. If you purchase Microsoft Excel 2024 via\u00a0<a title=\"softwarekaufen24.de\/\" href=\"https:\/\/softwarekaufen24.de\/\" target=\"_blank\" rel=\"nofollow noopener\">our shop<\/a>\u00a0With Excel, you'll receive the latest generation of spreadsheet software. Excel 2024 enables you to organise, analyse and visualise data effectively to make informed decisions. You can purchase\u00a0<a title=\"Microsoft\/\" href=\"https:\/\/softwarekaufen24.de\/microsoft\/\" target=\"_blank\" rel=\"nofollow noopener\">Microsoft Excel 2024 for Windows as\u00a0<\/a><a title=\"program-microsoft-office\/\" href=\"https:\/\/softwarekaufen24.de\/microsoft-office-programme\/\" target=\"_blank\" rel=\"nofollow noopener\">as a standalone application<\/a>\u00a0on this page. Of course, you can also buy Excel 2024 at a lower price as part of a\u00a0<a title=\"Microsoft Office 2024\" href=\"https:\/\/softwarekaufen24.de\/microsoft-office-2024\/\" target=\"_blank\" rel=\"nofollow noopener\">Office suite 2024<\/a>\u00a0in our shop .<\/p>\n<h3>Excel 2024 innovations at a glance<\/h3>\n<p>Excel 2024 offers optimised workbook performance and stability, resulting in fewer lags and crashes, particularly when several workbooks with their own calculations are open in parallel. With this version, it is now possible to reference charts to dynamic tables, making it easier to display data of different lengths. These charts update automatically each time the table is recalculated, so they are no longer limited to a fixed number of data points. 14 new text and table functions have been integrated, making it much easier to edit spreadsheets. These functions allow you to extract and split text strings and easily combine, shape, resize and select tables. What's more, in Excel\u00a0<a title=\"program-microsoft-office\/ \" href=\"https:\/\/softwarekaufen24.de\/microsoft-office-programme\/\" target=\"_blank\" rel=\"nofollow noopener\">2024,<\/a>\u00a0You can now add images to your workbooks, either by copying and pasting, or by using the IMAGE feature to integrate images directly from the web. Images can be easily moved, resized, sorted and filtered within a spreadsheet.\u00a0<a title=\"Microsoft Excel\" href=\"https:\/\/softwarekaufen24.de\/microsoft-excel\/\" target=\"_blank\" rel=\"nofollow noopener\">Excel without changing their position.<\/a><\/p>\n<h3>For various possible uses: Buy Excel 2024 online<\/h3>\n<p>Whether you want to create simple family budgets, develop complex financial models or carry out in-depth data analysis, Excel 2024 provides you with the right tools. Extensive formulas and functions enable automated calculations and save valuable time. With built-in charting and visualisation tools, you can turn dry numbers into meaningful graphs that reveal trends and patterns at a glance. Thanks to its seamless integration with other\u00a0<a title=\"program-microsoft-office\/ \" href=\"https:\/\/softwarekaufen24.de\/microsoft-office-programme\/\" target=\"_blank\" rel=\"nofollow noopener\">Microsoft Office programmes<\/a>\u00a0and the ability to collaborate in real time via the cloud, Excel 2024 is the ideal tool for teams working together on projects. Discover the almost limitless possible uses of Microsoft Excel 2024 and take your productivity to a new level.<\/p>\n<h3>Why you should buy Excel 2024<\/h3>\n<p>By purchasing Microsoft Excel 2024, you are investing in the latest generation of the world's leading spreadsheet software. Excel 2024 offers advanced features and enhancements that make managing and analysing your data even more efficient. The optimised user interface lets you work intuitively, while advanced data visualisation and modelling tools help you present complex information in an easy-to-understand way. If you buy Excel 2024 at a low price from our shop, you'll be well prepared to tackle a wide range of challenges. Only a few steps are required to purchase an Excel 2024 for Windows product key.<\/p>\n<p>System requirements<\/p>\n<h4>Operating system :\u00a0<strong>Windows 11, Windows 10, Windows 11 LTSC 2024, Windows 10 LTSC 2021, Windows 10 LTSC 2019, Windows Server 2025 or Windows Server 2022.<\/strong><\/h4>\n<p>Processor: 2 GHz or more, 4 cores<\/p>\n<p>RAM: 8 GB for 64-bit<\/p>\n<p>Hard disk space: 10 GB of available memory<\/p>\n<p>Screen resolution: 1920 x 1080 pixels<\/p>\n<p>Internet connection: High-speed broadband connection recommended<\/p>\n<p>Office for Mac is supported on the latest three versions of macOS. As new major versions of macOS become generally available, Microsoft will discontinue support for the oldest version and support both the most recent and previous versions of macOS.<\/p>\n<p>&nbsp;<\/p>","protected":false},"excerpt":{"rendered":"<p>Buy your original activation key today and receive your ultra-fast download link from Microsoft and its unique activation key by e-mail.<\/p>\n<p>- Get your activation code.<br \/>\n- Genuine 100% key<br \/>\n- Authorised for sale in Europe<br \/>\n- Languages: Multi-language<\/p>","protected":false},"featured_media":55726,"comment_status":"closed","ping_status":"closed","template":"","meta":[],"product_brand":[],"product_cat":[1443,1937],"product_tag":[],"class_list":{"0":"post-54983","1":"product","2":"type-product","3":"status-publish","4":"has-post-thumbnail","6":"product_cat-abbyy","7":"product_cat-programmes-office-pour-windows","9":"first","10":"instock","11":"sale","12":"taxable","13":"shipping-taxable","14":"purchasable","15":"product-type-simple","16":"czr-hentry"},"yoast_head":"<!-- This site is optimized with the Yoast SEO plugin v27.3 - https:\/\/yoast.com\/product\/yoast-seo-wordpress\/ -->\n<title>Microsoft Excel 2024 Windows\/Mac - Alfa Descompte<\/title>\n<meta name=\"robots\" content=\"index, follow, max-snippet:-1, max-image-preview:large, max-video-preview:-1\" \/>\n<link rel=\"canonical\" href=\"https:\/\/alfadescompte.ad\/en\/product-2\/microsoft-excel-2024\/\" \/>\n<meta property=\"og:locale\" content=\"en_GB\" \/>\n<meta property=\"og:type\" content=\"article\" \/>\n<meta property=\"og:title\" content=\"Microsoft Excel 2024 Windows\/Mac - Alfa Descompte\" \/>\n<meta property=\"og:description\" content=\"Achetez aujourd\u2019hui votre cl\u00e9 d\u2019activation originale et recevez par mail votre lien de t\u00e9l\u00e9chargement ultra rapide de Microsoft ainsi que sa cl\u00e9 unique d\u2019activation..  \u2013 Obtenir votre code d\u2019activation. \u2013 Cl\u00e9 100% authentique \u2013 Vente autoris\u00e9e en Europe \u2013 Langues: Multi-langue\" \/>\n<meta property=\"og:url\" content=\"https:\/\/alfadescompte.ad\/en\/product-2\/microsoft-excel-2024\/\" \/>\n<meta property=\"og:site_name\" content=\"Alfa Descompte\" \/>\n<meta property=\"article:modified_time\" content=\"2026-03-03T16:16:36+00:00\" \/>\n<meta property=\"og:image\" content=\"https:\/\/alfadescompte.ad\/wp-content\/uploads\/2024\/12\/ChatGPT-Image-27-fevr.-2026-09_16_30.png\" \/>\n\t<meta property=\"og:image:width\" content=\"1024\" \/>\n\t<meta property=\"og:image:height\" content=\"1024\" \/>\n\t<meta property=\"og:image:type\" content=\"image\/png\" \/>\n<meta name=\"twitter:card\" content=\"summary_large_image\" \/>\n<meta name=\"twitter:label1\" content=\"Estimated reading time\" \/>\n\t<meta name=\"twitter:data1\" content=\"4 minutes\" \/>\n<script type=\"application\/ld+json\" class=\"yoast-schema-graph\">{\"@context\":\"https:\\\/\\\/schema.org\",\"@graph\":[{\"@type\":\"WebPage\",\"@id\":\"https:\\\/\\\/alfadescompte.ad\\\/produit\\\/microsoft-excel-2024\\\/\",\"url\":\"https:\\\/\\\/alfadescompte.ad\\\/produit\\\/microsoft-excel-2024\\\/\",\"name\":\"Microsoft Excel 2024 Windows\\\/Mac - Alfa Descompte\",\"isPartOf\":{\"@id\":\"https:\\\/\\\/alfadescompte.ad\\\/#website\"},\"primaryImageOfPage\":{\"@id\":\"https:\\\/\\\/alfadescompte.ad\\\/produit\\\/microsoft-excel-2024\\\/#primaryimage\"},\"image\":{\"@id\":\"https:\\\/\\\/alfadescompte.ad\\\/produit\\\/microsoft-excel-2024\\\/#primaryimage\"},\"thumbnailUrl\":\"https:\\\/\\\/alfadescompte.ad\\\/wp-content\\\/uploads\\\/2024\\\/12\\\/ChatGPT-Image-27-fevr.-2026-09_16_30.png\",\"datePublished\":\"2024-12-20T08:24:26+00:00\",\"dateModified\":\"2026-03-03T16:16:36+00:00\",\"breadcrumb\":{\"@id\":\"https:\\\/\\\/alfadescompte.ad\\\/produit\\\/microsoft-excel-2024\\\/#breadcrumb\"},\"inLanguage\":\"en-GB\",\"potentialAction\":[{\"@type\":\"ReadAction\",\"target\":[\"https:\\\/\\\/alfadescompte.ad\\\/produit\\\/microsoft-excel-2024\\\/\"]}]},{\"@type\":\"ImageObject\",\"inLanguage\":\"en-GB\",\"@id\":\"https:\\\/\\\/alfadescompte.ad\\\/produit\\\/microsoft-excel-2024\\\/#primaryimage\",\"url\":\"https:\\\/\\\/alfadescompte.ad\\\/wp-content\\\/uploads\\\/2024\\\/12\\\/ChatGPT-Image-27-fevr.-2026-09_16_30.png\",\"contentUrl\":\"https:\\\/\\\/alfadescompte.ad\\\/wp-content\\\/uploads\\\/2024\\\/12\\\/ChatGPT-Image-27-fevr.-2026-09_16_30.png\",\"width\":1024,\"height\":1024},{\"@type\":\"BreadcrumbList\",\"@id\":\"https:\\\/\\\/alfadescompte.ad\\\/produit\\\/microsoft-excel-2024\\\/#breadcrumb\",\"itemListElement\":[{\"@type\":\"ListItem\",\"position\":1,\"name\":\"Accueil\",\"item\":\"https:\\\/\\\/alfadescompte.ad\\\/fr\\\/\"},{\"@type\":\"ListItem\",\"position\":2,\"name\":\"Boutique\",\"item\":\"https:\\\/\\\/alfadescompte.ad\\\/en\\\/boutique\\\/\"},{\"@type\":\"ListItem\",\"position\":3,\"name\":\"Microsoft Excel 2024 Windows\\\/Mac\"}]},{\"@type\":\"WebSite\",\"@id\":\"https:\\\/\\\/alfadescompte.ad\\\/#website\",\"url\":\"https:\\\/\\\/alfadescompte.ad\\\/\",\"name\":\"Alfa Descompte\",\"description\":\"\",\"publisher\":{\"@id\":\"https:\\\/\\\/alfadescompte.ad\\\/#organization\"},\"potentialAction\":[{\"@type\":\"SearchAction\",\"target\":{\"@type\":\"EntryPoint\",\"urlTemplate\":\"https:\\\/\\\/alfadescompte.ad\\\/?s={search_term_string}\"},\"query-input\":{\"@type\":\"PropertyValueSpecification\",\"valueRequired\":true,\"valueName\":\"search_term_string\"}}],\"inLanguage\":\"en-GB\"},{\"@type\":\"Organization\",\"@id\":\"https:\\\/\\\/alfadescompte.ad\\\/#organization\",\"name\":\"Alfa Descompte\",\"url\":\"https:\\\/\\\/alfadescompte.ad\\\/\",\"logo\":{\"@type\":\"ImageObject\",\"inLanguage\":\"en-GB\",\"@id\":\"https:\\\/\\\/alfadescompte.ad\\\/#\\\/schema\\\/logo\\\/image\\\/\",\"url\":\"https:\\\/\\\/alfadescompte.ad\\\/wp-content\\\/uploads\\\/2022\\\/04\\\/cropped-logo-alfa-1-1.png\",\"contentUrl\":\"https:\\\/\\\/alfadescompte.ad\\\/wp-content\\\/uploads\\\/2022\\\/04\\\/cropped-logo-alfa-1-1.png\",\"width\":424,\"height\":128,\"caption\":\"Alfa Descompte\"},\"image\":{\"@id\":\"https:\\\/\\\/alfadescompte.ad\\\/#\\\/schema\\\/logo\\\/image\\\/\"}}]}<\/script>\n<!-- \/ Yoast SEO plugin. -->","yoast_head_json":{"title":"Microsoft Excel 2024 Windows\/Mac - Alfa Descompte","robots":{"index":"index","follow":"follow","max-snippet":"max-snippet:-1","max-image-preview":"max-image-preview:large","max-video-preview":"max-video-preview:-1"},"canonical":"https:\/\/alfadescompte.ad\/en\/product-2\/microsoft-excel-2024\/","og_locale":"en_GB","og_type":"article","og_title":"Microsoft Excel 2024 Windows\/Mac - Alfa Descompte","og_description":"Achetez aujourd\u2019hui votre cl\u00e9 d\u2019activation originale et recevez par mail votre lien de t\u00e9l\u00e9chargement ultra rapide de Microsoft ainsi que sa cl\u00e9 unique d\u2019activation..  \u2013 Obtenir votre code d\u2019activation. \u2013 Cl\u00e9 100% authentique \u2013 Vente autoris\u00e9e en Europe \u2013 Langues: Multi-langue","og_url":"https:\/\/alfadescompte.ad\/en\/product-2\/microsoft-excel-2024\/","og_site_name":"Alfa Descompte","article_modified_time":"2026-03-03T16:16:36+00:00","og_image":[{"width":1024,"height":1024,"url":"https:\/\/alfadescompte.ad\/wp-content\/uploads\/2024\/12\/ChatGPT-Image-27-fevr.-2026-09_16_30.png","type":"image\/png"}],"twitter_card":"summary_large_image","twitter_misc":{"Estimated reading time":"4 minutes"},"schema":{"@context":"https:\/\/schema.org","@graph":[{"@type":"WebPage","@id":"https:\/\/alfadescompte.ad\/produit\/microsoft-excel-2024\/","url":"https:\/\/alfadescompte.ad\/produit\/microsoft-excel-2024\/","name":"Microsoft Excel 2024 Windows\/Mac - Alfa Descompte","isPartOf":{"@id":"https:\/\/alfadescompte.ad\/#website"},"primaryImageOfPage":{"@id":"https:\/\/alfadescompte.ad\/produit\/microsoft-excel-2024\/#primaryimage"},"image":{"@id":"https:\/\/alfadescompte.ad\/produit\/microsoft-excel-2024\/#primaryimage"},"thumbnailUrl":"https:\/\/alfadescompte.ad\/wp-content\/uploads\/2024\/12\/ChatGPT-Image-27-fevr.-2026-09_16_30.png","datePublished":"2024-12-20T08:24:26+00:00","dateModified":"2026-03-03T16:16:36+00:00","breadcrumb":{"@id":"https:\/\/alfadescompte.ad\/produit\/microsoft-excel-2024\/#breadcrumb"},"inLanguage":"en-GB","potentialAction":[{"@type":"ReadAction","target":["https:\/\/alfadescompte.ad\/produit\/microsoft-excel-2024\/"]}]},{"@type":"ImageObject","inLanguage":"en-GB","@id":"https:\/\/alfadescompte.ad\/produit\/microsoft-excel-2024\/#primaryimage","url":"https:\/\/alfadescompte.ad\/wp-content\/uploads\/2024\/12\/ChatGPT-Image-27-fevr.-2026-09_16_30.png","contentUrl":"https:\/\/alfadescompte.ad\/wp-content\/uploads\/2024\/12\/ChatGPT-Image-27-fevr.-2026-09_16_30.png","width":1024,"height":1024},{"@type":"BreadcrumbList","@id":"https:\/\/alfadescompte.ad\/produit\/microsoft-excel-2024\/#breadcrumb","itemListElement":[{"@type":"ListItem","position":1,"name":"Accueil","item":"https:\/\/alfadescompte.ad\/fr\/"},{"@type":"ListItem","position":2,"name":"Boutique","item":"https:\/\/alfadescompte.ad\/en\/boutique\/"},{"@type":"ListItem","position":3,"name":"Microsoft Excel 2024 Windows\/Mac"}]},{"@type":"WebSite","@id":"https:\/\/alfadescompte.ad\/#website","url":"https:\/\/alfadescompte.ad\/","name":"Alfa Descompte","description":"","publisher":{"@id":"https:\/\/alfadescompte.ad\/#organization"},"potentialAction":[{"@type":"SearchAction","target":{"@type":"EntryPoint","urlTemplate":"https:\/\/alfadescompte.ad\/?s={search_term_string}"},"query-input":{"@type":"PropertyValueSpecification","valueRequired":true,"valueName":"search_term_string"}}],"inLanguage":"en-GB"},{"@type":"Organization","@id":"https:\/\/alfadescompte.ad\/#organization","name":"Alfa Descompte","url":"https:\/\/alfadescompte.ad\/","logo":{"@type":"ImageObject","inLanguage":"en-GB","@id":"https:\/\/alfadescompte.ad\/#\/schema\/logo\/image\/","url":"https:\/\/alfadescompte.ad\/wp-content\/uploads\/2022\/04\/cropped-logo-alfa-1-1.png","contentUrl":"https:\/\/alfadescompte.ad\/wp-content\/uploads\/2022\/04\/cropped-logo-alfa-1-1.png","width":424,"height":128,"caption":"Alfa Descompte"},"image":{"@id":"https:\/\/alfadescompte.ad\/#\/schema\/logo\/image\/"}}]}},"_links":{"self":[{"href":"https:\/\/alfadescompte.ad\/en\/wp-json\/wp\/v2\/product\/54983","targetHints":{"allow":["GET"]}}],"collection":[{"href":"https:\/\/alfadescompte.ad\/en\/wp-json\/wp\/v2\/product"}],"about":[{"href":"https:\/\/alfadescompte.ad\/en\/wp-json\/wp\/v2\/types\/product"}],"replies":[{"embeddable":true,"href":"https:\/\/alfadescompte.ad\/en\/wp-json\/wp\/v2\/comments?post=54983"}],"wp:featuredmedia":[{"embeddable":true,"href":"https:\/\/alfadescompte.ad\/en\/wp-json\/wp\/v2\/media\/55726"}],"wp:attachment":[{"href":"https:\/\/alfadescompte.ad\/en\/wp-json\/wp\/v2\/media?parent=54983"}],"wp:term":[{"taxonomy":"product_brand","embeddable":true,"href":"https:\/\/alfadescompte.ad\/en\/wp-json\/wp\/v2\/product_brand?post=54983"},{"taxonomy":"product_cat","embeddable":true,"href":"https:\/\/alfadescompte.ad\/en\/wp-json\/wp\/v2\/product_cat?post=54983"},{"taxonomy":"product_tag","embeddable":true,"href":"https:\/\/alfadescompte.ad\/en\/wp-json\/wp\/v2\/product_tag?post=54983"}],"curies":[{"name":"wp","href":"https:\/\/api.w.org\/{rel}","templated":true}]}}