{"id":54991,"date":"2024-12-20T10:33:26","date_gmt":"2024-12-20T09:33:26","guid":{"rendered":"https:\/\/alfadescompte.ad\/?post_type=product&#038;p=54991"},"modified":"2026-03-03T17:16:18","modified_gmt":"2026-03-03T16:16:18","slug":"microsoft-outlook-windows-mac","status":"publish","type":"product","link":"https:\/\/alfadescompte.ad\/en\/product-2\/microsoft-outlook-windows-mac\/","title":{"rendered":"Microsoft Outlook Windows\/Mac"},"content":{"rendered":"<h3>Microsoft Outlook 2024 - the powerful email management software<\/h3>\n<p><a title=\"\/microsoft-outlook\/ \" href=\"https:\/\/softwarekaufen24.de\/microsoft-outlook\/\" target=\"_blank\" rel=\"nofollow noopener\">Outlook<\/a>\u00a0from Microsoft is an efficient e-mail management program that makes it easy to send, receive, forward and archive messages. It also lets you easily create and manage contact details, calendars and tasks. If you purchase Microsoft Outlook 2024, you will receive the latest version of\u00a0<a title=\"packages-microsoft-office\/\" href=\"https:\/\/softwarekaufen24.de\/microsoft-office-pakete\/\" target=\"_blank\" rel=\"nofollow noopener\">Office programme<\/a>\u00a0widely used . A number of innovations and improvements have been made to support the Outlook 2024 product key. This page introduces you to\u00a0<a title=\"Microsoft\/\" href=\"https:\/\/softwarekaufen24.de\/microsoft\/\" target=\"_blank\" rel=\"nofollow noopener\">Microsoft<\/a>\u00a0Outlook 2024 for Windows as an application\u00a0<a title=\"program-microsoft-office\/ \" href=\"https:\/\/softwarekaufen24.de\/microsoft-office-programme\/\" target=\"_blank\" rel=\"nofollow noopener\">autonomous<\/a>\u00a0practical . Of course, you can also buy email management software via\u00a0<a title=\"softwarekaufen24.de\" href=\"https:\/\/softwarekaufen24.de\/\" rel=\"nofollow noopener\">our shop<\/a>\u00a0as part of a suite\u00a0<a title=\"Microsoft Office 2024\" href=\"https:\/\/softwarekaufen24.de\/microsoft-office-2024\/\" target=\"_blank\" rel=\"nofollow noopener\">Office 2024<\/a>\u00a0.<\/p>\n<h3>Outlook 2024 innovations at a glance<\/h3>\n<p>Outlook 2024 has a more modern interface that stands out in particular on\u00a0<a title=\"windows-11\/\" href=\"https:\/\/softwarekaufen24.de\/windows-11\/\" target=\"_blank\" rel=\"nofollow noopener\">Windows 11<\/a>\u00a0and optimises the user experience on\u00a0<a title=\"windows-10\/\" href=\"https:\/\/softwarekaufen24.de\/windows-10\/\" target=\"_blank\" rel=\"nofollow noopener\">Windows 10<\/a>\u00a0. By systematically applying the principles of Fluent Design,\u00a0<a title=\"logicielkaufen24.de\/microsoft\/\" href=\"https:\/\/softwarekaufen24.de\/microsoft\/\" target=\"_blank\" rel=\"nofollow noopener\">Microsoft<\/a>\u00a0has created an intuitive and familiar user interface. New features in Outlook 2024 include improved accessibility tools that make the software more accessible. Microsoft has also integrated new, optimised features that give users greater flexibility when creating and managing meetings. Depending on the length of meetings, breaks between calls can be automatically shortened. The search function in Outlook 2024 has also been improved. Messages, attachments, contacts and calendar entries can now be found more quickly. As you type, the most relevant suggestions appear immediately.<\/p>\n<h3>Buy Outlook 2024 and work more efficiently<\/h3>\n<p>With just a few clicks, you can create new e-mails from other programmes such as\u00a0<a title=\"Microsoft Word\/\" href=\"https:\/\/softwarekaufen24.de\/microsoft-word\/\" target=\"_blank\" rel=\"nofollow noopener\">Word<\/a>\u00a0,\u00a0<a title=\"Microsoft Excel\" href=\"https:\/\/softwarekaufen24.de\/microsoft-excel\" target=\"_blank\" rel=\"nofollow noopener\">Excel<\/a>\u00a0and\u00a0<a title=\"Microsoft Powerpoint\/\" href=\"https:\/\/softwarekaufen24.de\/microsoft-powerpoint\/\" target=\"_blank\" rel=\"nofollow noopener\">PowerPoint<\/a>\u00a0and add attachments, which can then be easily sent using the Outlook 2024 email management program. If you purchase\u00a0<a title=\"Microsoft Outlook\/\" href=\"https:\/\/softwarekaufen24.de\/microsoft-outlook\/\" target=\"_blank\" rel=\"nofollow noopener\">Microsoft Outlook<\/a>\u00a0at low cost via our shop, you benefit from the possibility of using individually definable signatures for your messages. Voting fields also allow you to obtain specific feedback on your emails. Messages can be easily converted to HTML or rich text format, allowing you to then use various formatting options to visually enhance the content. Outlook 2024 also offers extensive calendar features that make it easy to plan and organise meetings. By purchasing the full version of Outlook 2024 from our online shop, you can work efficiently both at home and in the office.<\/p>\n<h3>Why you should buy Outlook 2024<\/h3>\n<p>Microsoft Outlook 2024 offers a variety of benefits that will considerably improve your e-mail management and day-to-day workflows. The modern, intuitive user interface makes it easy to send, receive, forward and archive messages. Thanks to the improved search function, you can now find your e-mails, attachments, contacts and calendar entries even more quickly, as relevant suggestions appear as soon as you type them in. Extended calendar functionality makes it easier to plan and organise meetings, while new features offer greater flexibility. Secure your Outlook 2024 licence today - with exceptional value for money.<\/p>\n<p>Note: If you have already installed an Office package, we ask you to contact us briefly by telephone before purchasing. This way we can check compatibility and ensure a smooth installation.<\/p>\n<p>System requirements<\/p>\n<h4>Operating system: Windows 11, Windows 10, Windows 11 LTSC 2024, Windows 10 LTSC 2021, Windows 10 LTSC 2019, Windows Server 2025 or Windows Server 2022.<\/h4>\n<p>Processor: 2 GHz or more, 4 cores<\/p>\n<p>RAM: 8 GB for 64-bit<\/p>\n<p>Hard disk space: 10 GB of available memory<\/p>\n<p>Screen resolution: 1920 x 1080 pixels<\/p>\n<p>Internet connection: High-speed broadband connection recommended<\/p>\n<p>Office for Mac is supported on the latest three versions of macOS. As new major versions of macOS become generally available, Microsoft will discontinue support for the oldest version and support both the most recent and previous versions of macOS.<\/p>","protected":false},"excerpt":{"rendered":"<p>Buy your original activation key today and receive your ultra-fast download link from Microsoft and its unique activation key by e-mail.<\/p>\n<p>- Get your activation code.<br \/>\n- Genuine 100% key<br \/>\n- Authorised for sale in Europe<br \/>\n- Languages: Multi-language<\/p>","protected":false},"featured_media":55724,"comment_status":"closed","ping_status":"closed","template":"","meta":[],"product_brand":[],"product_cat":[1937],"product_tag":[],"class_list":{"0":"post-54991","1":"product","2":"type-product","3":"status-publish","4":"has-post-thumbnail","6":"product_cat-programmes-office-pour-windows","8":"first","9":"instock","10":"sale","11":"taxable","12":"shipping-taxable","13":"purchasable","14":"product-type-simple","15":"czr-hentry"},"yoast_head":"<!-- This site is optimized with the Yoast SEO plugin v27.4 - https:\/\/yoast.com\/product\/yoast-seo-wordpress\/ -->\n<title>Microsoft Outlook Windows\/Mac - Alfa Descompte<\/title>\n<meta name=\"robots\" content=\"index, follow, max-snippet:-1, max-image-preview:large, max-video-preview:-1\" \/>\n<link rel=\"canonical\" href=\"https:\/\/alfadescompte.ad\/en\/product-2\/microsoft-outlook-windows-mac\/\" \/>\n<meta property=\"og:locale\" content=\"en_GB\" \/>\n<meta property=\"og:type\" content=\"article\" \/>\n<meta property=\"og:title\" content=\"Microsoft Outlook Windows\/Mac - Alfa Descompte\" \/>\n<meta property=\"og:description\" content=\"Achetez aujourd\u2019hui votre cl\u00e9 d\u2019activation originale et recevez par mail votre lien de t\u00e9l\u00e9chargement ultra rapide de Microsoft ainsi que sa cl\u00e9 unique d\u2019activation..  \u2013 Obtenir votre code d\u2019activation. \u2013 Cl\u00e9 100% authentique \u2013 Vente autoris\u00e9e en Europe \u2013 Langues: Multi-langue\" \/>\n<meta property=\"og:url\" content=\"https:\/\/alfadescompte.ad\/en\/product-2\/microsoft-outlook-windows-mac\/\" \/>\n<meta property=\"og:site_name\" content=\"Alfa Descompte\" \/>\n<meta property=\"article:modified_time\" content=\"2026-03-03T16:16:18+00:00\" \/>\n<meta property=\"og:image\" content=\"https:\/\/alfadescompte.ad\/wp-content\/uploads\/2024\/12\/ChatGPT-Image-27-fevr.-2026-09_11_44.png\" \/>\n\t<meta property=\"og:image:width\" content=\"1024\" \/>\n\t<meta property=\"og:image:height\" content=\"1024\" \/>\n\t<meta property=\"og:image:type\" content=\"image\/png\" \/>\n<meta name=\"twitter:card\" content=\"summary_large_image\" \/>\n<meta name=\"twitter:label1\" content=\"Estimated reading time\" \/>\n\t<meta name=\"twitter:data1\" content=\"4 minutes\" \/>\n<script type=\"application\/ld+json\" class=\"yoast-schema-graph\">{\"@context\":\"https:\\\/\\\/schema.org\",\"@graph\":[{\"@type\":\"WebPage\",\"@id\":\"https:\\\/\\\/alfadescompte.ad\\\/produit\\\/microsoft-outlook-windows-mac\\\/\",\"url\":\"https:\\\/\\\/alfadescompte.ad\\\/produit\\\/microsoft-outlook-windows-mac\\\/\",\"name\":\"Microsoft Outlook Windows\\\/Mac - Alfa Descompte\",\"isPartOf\":{\"@id\":\"https:\\\/\\\/alfadescompte.ad\\\/#website\"},\"primaryImageOfPage\":{\"@id\":\"https:\\\/\\\/alfadescompte.ad\\\/produit\\\/microsoft-outlook-windows-mac\\\/#primaryimage\"},\"image\":{\"@id\":\"https:\\\/\\\/alfadescompte.ad\\\/produit\\\/microsoft-outlook-windows-mac\\\/#primaryimage\"},\"thumbnailUrl\":\"https:\\\/\\\/alfadescompte.ad\\\/wp-content\\\/uploads\\\/2024\\\/12\\\/ChatGPT-Image-27-fevr.-2026-09_11_44.png\",\"datePublished\":\"2024-12-20T09:33:26+00:00\",\"dateModified\":\"2026-03-03T16:16:18+00:00\",\"breadcrumb\":{\"@id\":\"https:\\\/\\\/alfadescompte.ad\\\/produit\\\/microsoft-outlook-windows-mac\\\/#breadcrumb\"},\"inLanguage\":\"en-GB\",\"potentialAction\":[{\"@type\":\"ReadAction\",\"target\":[\"https:\\\/\\\/alfadescompte.ad\\\/produit\\\/microsoft-outlook-windows-mac\\\/\"]}]},{\"@type\":\"ImageObject\",\"inLanguage\":\"en-GB\",\"@id\":\"https:\\\/\\\/alfadescompte.ad\\\/produit\\\/microsoft-outlook-windows-mac\\\/#primaryimage\",\"url\":\"https:\\\/\\\/alfadescompte.ad\\\/wp-content\\\/uploads\\\/2024\\\/12\\\/ChatGPT-Image-27-fevr.-2026-09_11_44.png\",\"contentUrl\":\"https:\\\/\\\/alfadescompte.ad\\\/wp-content\\\/uploads\\\/2024\\\/12\\\/ChatGPT-Image-27-fevr.-2026-09_11_44.png\",\"width\":1024,\"height\":1024},{\"@type\":\"BreadcrumbList\",\"@id\":\"https:\\\/\\\/alfadescompte.ad\\\/produit\\\/microsoft-outlook-windows-mac\\\/#breadcrumb\",\"itemListElement\":[{\"@type\":\"ListItem\",\"position\":1,\"name\":\"Accueil\",\"item\":\"https:\\\/\\\/alfadescompte.ad\\\/fr\\\/\"},{\"@type\":\"ListItem\",\"position\":2,\"name\":\"Boutique\",\"item\":\"https:\\\/\\\/alfadescompte.ad\\\/en\\\/boutique\\\/\"},{\"@type\":\"ListItem\",\"position\":3,\"name\":\"Microsoft Outlook Windows\\\/Mac\"}]},{\"@type\":\"WebSite\",\"@id\":\"https:\\\/\\\/alfadescompte.ad\\\/#website\",\"url\":\"https:\\\/\\\/alfadescompte.ad\\\/\",\"name\":\"Alfa Descompte\",\"description\":\"\",\"publisher\":{\"@id\":\"https:\\\/\\\/alfadescompte.ad\\\/#organization\"},\"potentialAction\":[{\"@type\":\"SearchAction\",\"target\":{\"@type\":\"EntryPoint\",\"urlTemplate\":\"https:\\\/\\\/alfadescompte.ad\\\/?s={search_term_string}\"},\"query-input\":{\"@type\":\"PropertyValueSpecification\",\"valueRequired\":true,\"valueName\":\"search_term_string\"}}],\"inLanguage\":\"en-GB\"},{\"@type\":\"Organization\",\"@id\":\"https:\\\/\\\/alfadescompte.ad\\\/#organization\",\"name\":\"Alfa Descompte\",\"url\":\"https:\\\/\\\/alfadescompte.ad\\\/\",\"logo\":{\"@type\":\"ImageObject\",\"inLanguage\":\"en-GB\",\"@id\":\"https:\\\/\\\/alfadescompte.ad\\\/#\\\/schema\\\/logo\\\/image\\\/\",\"url\":\"https:\\\/\\\/alfadescompte.ad\\\/wp-content\\\/uploads\\\/2022\\\/04\\\/cropped-logo-alfa-1-1.png\",\"contentUrl\":\"https:\\\/\\\/alfadescompte.ad\\\/wp-content\\\/uploads\\\/2022\\\/04\\\/cropped-logo-alfa-1-1.png\",\"width\":424,\"height\":128,\"caption\":\"Alfa Descompte\"},\"image\":{\"@id\":\"https:\\\/\\\/alfadescompte.ad\\\/#\\\/schema\\\/logo\\\/image\\\/\"}}]}<\/script>\n<!-- \/ Yoast SEO plugin. -->","yoast_head_json":{"title":"Microsoft Outlook Windows\/Mac - Alfa Descompte","robots":{"index":"index","follow":"follow","max-snippet":"max-snippet:-1","max-image-preview":"max-image-preview:large","max-video-preview":"max-video-preview:-1"},"canonical":"https:\/\/alfadescompte.ad\/en\/product-2\/microsoft-outlook-windows-mac\/","og_locale":"en_GB","og_type":"article","og_title":"Microsoft Outlook Windows\/Mac - Alfa Descompte","og_description":"Achetez aujourd\u2019hui votre cl\u00e9 d\u2019activation originale et recevez par mail votre lien de t\u00e9l\u00e9chargement ultra rapide de Microsoft ainsi que sa cl\u00e9 unique d\u2019activation..  \u2013 Obtenir votre code d\u2019activation. \u2013 Cl\u00e9 100% authentique \u2013 Vente autoris\u00e9e en Europe \u2013 Langues: Multi-langue","og_url":"https:\/\/alfadescompte.ad\/en\/product-2\/microsoft-outlook-windows-mac\/","og_site_name":"Alfa Descompte","article_modified_time":"2026-03-03T16:16:18+00:00","og_image":[{"width":1024,"height":1024,"url":"https:\/\/alfadescompte.ad\/wp-content\/uploads\/2024\/12\/ChatGPT-Image-27-fevr.-2026-09_11_44.png","type":"image\/png"}],"twitter_card":"summary_large_image","twitter_misc":{"Estimated reading time":"4 minutes"},"schema":{"@context":"https:\/\/schema.org","@graph":[{"@type":"WebPage","@id":"https:\/\/alfadescompte.ad\/produit\/microsoft-outlook-windows-mac\/","url":"https:\/\/alfadescompte.ad\/produit\/microsoft-outlook-windows-mac\/","name":"Microsoft Outlook Windows\/Mac - Alfa Descompte","isPartOf":{"@id":"https:\/\/alfadescompte.ad\/#website"},"primaryImageOfPage":{"@id":"https:\/\/alfadescompte.ad\/produit\/microsoft-outlook-windows-mac\/#primaryimage"},"image":{"@id":"https:\/\/alfadescompte.ad\/produit\/microsoft-outlook-windows-mac\/#primaryimage"},"thumbnailUrl":"https:\/\/alfadescompte.ad\/wp-content\/uploads\/2024\/12\/ChatGPT-Image-27-fevr.-2026-09_11_44.png","datePublished":"2024-12-20T09:33:26+00:00","dateModified":"2026-03-03T16:16:18+00:00","breadcrumb":{"@id":"https:\/\/alfadescompte.ad\/produit\/microsoft-outlook-windows-mac\/#breadcrumb"},"inLanguage":"en-GB","potentialAction":[{"@type":"ReadAction","target":["https:\/\/alfadescompte.ad\/produit\/microsoft-outlook-windows-mac\/"]}]},{"@type":"ImageObject","inLanguage":"en-GB","@id":"https:\/\/alfadescompte.ad\/produit\/microsoft-outlook-windows-mac\/#primaryimage","url":"https:\/\/alfadescompte.ad\/wp-content\/uploads\/2024\/12\/ChatGPT-Image-27-fevr.-2026-09_11_44.png","contentUrl":"https:\/\/alfadescompte.ad\/wp-content\/uploads\/2024\/12\/ChatGPT-Image-27-fevr.-2026-09_11_44.png","width":1024,"height":1024},{"@type":"BreadcrumbList","@id":"https:\/\/alfadescompte.ad\/produit\/microsoft-outlook-windows-mac\/#breadcrumb","itemListElement":[{"@type":"ListItem","position":1,"name":"Accueil","item":"https:\/\/alfadescompte.ad\/fr\/"},{"@type":"ListItem","position":2,"name":"Boutique","item":"https:\/\/alfadescompte.ad\/en\/boutique\/"},{"@type":"ListItem","position":3,"name":"Microsoft Outlook Windows\/Mac"}]},{"@type":"WebSite","@id":"https:\/\/alfadescompte.ad\/#website","url":"https:\/\/alfadescompte.ad\/","name":"Alfa Descompte","description":"","publisher":{"@id":"https:\/\/alfadescompte.ad\/#organization"},"potentialAction":[{"@type":"SearchAction","target":{"@type":"EntryPoint","urlTemplate":"https:\/\/alfadescompte.ad\/?s={search_term_string}"},"query-input":{"@type":"PropertyValueSpecification","valueRequired":true,"valueName":"search_term_string"}}],"inLanguage":"en-GB"},{"@type":"Organization","@id":"https:\/\/alfadescompte.ad\/#organization","name":"Alfa Descompte","url":"https:\/\/alfadescompte.ad\/","logo":{"@type":"ImageObject","inLanguage":"en-GB","@id":"https:\/\/alfadescompte.ad\/#\/schema\/logo\/image\/","url":"https:\/\/alfadescompte.ad\/wp-content\/uploads\/2022\/04\/cropped-logo-alfa-1-1.png","contentUrl":"https:\/\/alfadescompte.ad\/wp-content\/uploads\/2022\/04\/cropped-logo-alfa-1-1.png","width":424,"height":128,"caption":"Alfa Descompte"},"image":{"@id":"https:\/\/alfadescompte.ad\/#\/schema\/logo\/image\/"}}]}},"_links":{"self":[{"href":"https:\/\/alfadescompte.ad\/en\/wp-json\/wp\/v2\/product\/54991","targetHints":{"allow":["GET"]}}],"collection":[{"href":"https:\/\/alfadescompte.ad\/en\/wp-json\/wp\/v2\/product"}],"about":[{"href":"https:\/\/alfadescompte.ad\/en\/wp-json\/wp\/v2\/types\/product"}],"replies":[{"embeddable":true,"href":"https:\/\/alfadescompte.ad\/en\/wp-json\/wp\/v2\/comments?post=54991"}],"wp:featuredmedia":[{"embeddable":true,"href":"https:\/\/alfadescompte.ad\/en\/wp-json\/wp\/v2\/media\/55724"}],"wp:attachment":[{"href":"https:\/\/alfadescompte.ad\/en\/wp-json\/wp\/v2\/media?parent=54991"}],"wp:term":[{"taxonomy":"product_brand","embeddable":true,"href":"https:\/\/alfadescompte.ad\/en\/wp-json\/wp\/v2\/product_brand?post=54991"},{"taxonomy":"product_cat","embeddable":true,"href":"https:\/\/alfadescompte.ad\/en\/wp-json\/wp\/v2\/product_cat?post=54991"},{"taxonomy":"product_tag","embeddable":true,"href":"https:\/\/alfadescompte.ad\/en\/wp-json\/wp\/v2\/product_tag?post=54991"}],"curies":[{"name":"wp","href":"https:\/\/api.w.org\/{rel}","templated":true}]}}