{"id":54993,"date":"2024-12-20T10:36:09","date_gmt":"2024-12-20T09:36:09","guid":{"rendered":"https:\/\/alfadescompte.ad\/?post_type=product&#038;p=54993"},"modified":"2026-03-03T17:16:09","modified_gmt":"2026-03-03T16:16:09","slug":"microsoft-powerpoint-2024-windows-mac","status":"publish","type":"product","link":"https:\/\/alfadescompte.ad\/en\/product-2\/microsoft-powerpoint-2024-windows-mac\/","title":{"rendered":"Microsoft PowerPoint 2024 Windows\/Mac"},"content":{"rendered":"<h3>Microsoft PowerPoint 2024 - the proven presentation software<\/h3>\n<p>PowerPoint 2024 for Windows is a feature-rich software solution that makes it easy to create impressive presentations. Companies use the program to clearly display annual reports, targets, annual plans and product features. Thanks to a wide range of templates, new presentations can be created quickly and easily. The layout of presentations can be extensively modified and customised. Although the software is primarily aimed at companies, the self-employed and the self-employed, private users, schoolchildren and students also benefit from the various options offered by\u00a0<a title=\"Microsoft Powerpoint\/\" href=\"https:\/\/softwarekaufen24.de\/microsoft-powerpoint\/\" target=\"_blank\" rel=\"nofollow noopener\">PowerPoint<\/a>\u00a02024. The software's new and tried-and-tested functions ensure that information is communicated clearly. You can buy Microsoft\u00a0<a title=\"Microsoft Powerpoint\/\" href=\"https:\/\/softwarekaufen24.de\/microsoft-powerpoint\/\" target=\"_blank\" rel=\"nofollow noopener\">PowerPoint<\/a>\u00a02024 as\u00a0<a title=\"program-microsoft-office\/ \" href=\"https:\/\/softwarekaufen24.de\/microsoft-office-programme\/\" target=\"_blank\" rel=\"nofollow noopener\">as a standalone application<\/a>\u00a0via this page . Of course, this is a full version. If you need additional Office programs such as\u00a0<a title=\"Microsoft Word 2024\" href=\"https:\/\/softwarekaufen24.de\/microsoft-word-2024\" target=\"_blank\" rel=\"nofollow noopener\">Word 2024<\/a>\u00a0or\u00a0<a title=\"Microsoft Excel 2024\" href=\"https:\/\/softwarekaufen24.de\/microsoft-excel-2024\" target=\"_blank\" rel=\"nofollow noopener\">Excel 2024<\/a>\u00a0You can also buy at low prices\u00a0<a title=\"packages-microsoft-office\/\" href=\"https:\/\/softwarekaufen24.de\/microsoft-office-pakete\/\" target=\"_blank\" rel=\"nofollow noopener\">Office packages<\/a>\u00a0such as\u00a0<a title=\"Microsoft Office 2024 for individuals and businesses\" href=\"https:\/\/softwarekaufen24.de\/microsoft-office-2024-home-and-business\" target=\"_blank\" rel=\"nofollow noopener\">Microsoft Office 2024 Home and Small Office via\u00a0<\/a><a title=\"softwarekaufen24.de\" href=\"https:\/\/softwarekaufen24.de\/\" target=\"_blank\" rel=\"nofollow noopener\">our shop .<\/a><\/p>\n<h3>PowerPoint 2024 innovations at a glance<\/h3>\n<p>In the new version\u00a0<a title=\"Microsoft Powerpoint\/\" href=\"https:\/\/softwarekaufen24.de\/microsoft-powerpoint\/\" target=\"_blank\" rel=\"nofollow noopener\">PowerPoint<\/a>\u00a02024, you can integrate your live camera feed into your presentation slides in real time. You can apply the same set of effects available for images and other objects, including various formats, transitions and styles. Another innovation in PowerPoint 2024 is the ability to add subtitles to videos and audio files in presentations. This additional functionality improves the accessibility of your presentations to a wider audience, including people with hearing impairments or those who don't speak the language used in the video. PowerPoint 2024 also allows you to capture your entire presentation or individual slides, incorporating your voice, handwritten notes and video. The recorded content can then be exported and presented as a video file. What's more, integrating Microsoft Stream videos hosted on SharePoint can further enhance your presentation, making your stories even more in-depth and interactive.<\/p>\n<h3>Why you should buy PowerPoint 2024<\/h3>\n<p>PowerPoint 2024 offers a number of enhancements and new features to make your presentations even more effective and engaging. With advanced design templates and innovative animations, you can present your content creatively and delight your audience. The improved user interface makes it easier to navigate and work more efficiently. Seamless integration with other Microsoft Office 2024 applications such as\u00a0<a title=\"Microsoft Word\/\" href=\"https:\/\/softwarekaufen24.de\/microsoft-word\/\" target=\"_blank\" rel=\"nofollow noopener\">Word<\/a>\u00a0and\u00a0<a title=\"Microsoft Excel\" href=\"https:\/\/softwarekaufen24.de\/microsoft-excel\/\" target=\"_blank\" rel=\"nofollow noopener\">Excel<\/a>\u00a0allows you to effortlessly integrate data and content. Invest in a PowerPoint 2024 licence to benefit from these advantages and take your presentations to a new level.<\/p>\n<h3>Buy PowerPoint 2024 and use the recording studio<\/h3>\n<p>In PowerPoint 2024, you can record your entire presentation or a single slide while capturing speech, hand gestures and your video presence. The finished recording works just like any other presentation and can be played back during a slideshow or exported as a video file. This allows your audience to see your presentation not just as a simple set of slides, but also to discover your passion and personality. The recording feature is an improved version of the previous slideshow recording feature for PowerPoint for Windows. It replaces the old interface and offers extended options for saving your presentations for later playback. The new Record button is now prominently placed in the top bar of the application, right next to the Share and Present buttons in Teams. This makes it easier to start recording directly from the current slide. The Record tab also provides all the options you need to record your slideshow. When you buy PowerPoint 2024, you get extended functionality.<\/p>\n<p>System requirements<\/p>\n<h4>Operating system: Windows 11, Windows 10, Windows 11 LTSC 2024, Windows 10 LTSC 2021, Windows 10 LTSC 2019, Windows Server 2025 or Windows Server 2022.<\/h4>\n<p>Processor: 2 GHz or more, 4 cores<\/p>\n<p>RAM: 8 GB for 64-bit<\/p>\n<p>Hard disk space: 10 GB of available memory<\/p>\n<p>Screen resolution: 1920 x 1080 pixels<\/p>\n<p>Internet connection: High-speed broadband connection recommended<\/p>\n<p>Office for Mac is supported on the latest three versions of macOS. As new major versions of macOS become generally available, Microsoft will discontinue support for the oldest version and support both the most recent and previous versions of macOS.<\/p>","protected":false},"excerpt":{"rendered":"<p>Buy your original activation key today and receive your ultra-fast download link from Microsoft and its unique activation key by e-mail.<\/p>\n<p>- Get your activation code.<br \/>\n- Genuine 100% key<br \/>\n- Authorised for sale in Europe<br \/>\n- Languages: Multi-language<\/p>","protected":false},"featured_media":55723,"comment_status":"closed","ping_status":"closed","template":"","meta":[],"product_brand":[],"product_cat":[1937],"product_tag":[],"class_list":{"0":"post-54993","1":"product","2":"type-product","3":"status-publish","4":"has-post-thumbnail","6":"product_cat-programmes-office-pour-windows","8":"first","9":"instock","10":"sale","11":"taxable","12":"shipping-taxable","13":"purchasable","14":"product-type-simple","15":"czr-hentry"},"yoast_head":"<!-- This site is optimized with the Yoast SEO plugin v27.4 - https:\/\/yoast.com\/product\/yoast-seo-wordpress\/ -->\n<title>Microsoft PowerPoint 2024 Windows\/Mac - Alfa Descompte<\/title>\n<meta name=\"robots\" content=\"index, follow, max-snippet:-1, max-image-preview:large, max-video-preview:-1\" \/>\n<link rel=\"canonical\" href=\"https:\/\/alfadescompte.ad\/en\/product-2\/microsoft-powerpoint-2024-windows-mac\/\" \/>\n<meta property=\"og:locale\" content=\"en_GB\" \/>\n<meta property=\"og:type\" content=\"article\" \/>\n<meta property=\"og:title\" content=\"Microsoft PowerPoint 2024 Windows\/Mac - Alfa Descompte\" \/>\n<meta property=\"og:description\" content=\"Achetez aujourd\u2019hui votre cl\u00e9 d\u2019activation originale et recevez par mail votre lien de t\u00e9l\u00e9chargement ultra rapide de Microsoft ainsi que sa cl\u00e9 unique d\u2019activation..  \u2013 Obtenir votre code d\u2019activation. \u2013 Cl\u00e9 100% authentique \u2013 Vente autoris\u00e9e en Europe \u2013 Langues: Multi-langue\" \/>\n<meta property=\"og:url\" content=\"https:\/\/alfadescompte.ad\/en\/product-2\/microsoft-powerpoint-2024-windows-mac\/\" \/>\n<meta property=\"og:site_name\" content=\"Alfa Descompte\" \/>\n<meta property=\"article:modified_time\" content=\"2026-03-03T16:16:09+00:00\" \/>\n<meta property=\"og:image\" content=\"https:\/\/alfadescompte.ad\/wp-content\/uploads\/2024\/12\/ChatGPT-Image-27-fevr.-2026-08_38_23.png\" \/>\n\t<meta property=\"og:image:width\" content=\"1024\" \/>\n\t<meta property=\"og:image:height\" content=\"1024\" \/>\n\t<meta property=\"og:image:type\" content=\"image\/png\" \/>\n<meta name=\"twitter:card\" content=\"summary_large_image\" \/>\n<meta name=\"twitter:label1\" content=\"Estimated reading time\" \/>\n\t<meta name=\"twitter:data1\" content=\"4 minutes\" \/>\n<script type=\"application\/ld+json\" class=\"yoast-schema-graph\">{\"@context\":\"https:\\\/\\\/schema.org\",\"@graph\":[{\"@type\":\"WebPage\",\"@id\":\"https:\\\/\\\/alfadescompte.ad\\\/produit\\\/microsoft-powerpoint-2024-windows-mac\\\/\",\"url\":\"https:\\\/\\\/alfadescompte.ad\\\/produit\\\/microsoft-powerpoint-2024-windows-mac\\\/\",\"name\":\"Microsoft PowerPoint 2024 Windows\\\/Mac - Alfa Descompte\",\"isPartOf\":{\"@id\":\"https:\\\/\\\/alfadescompte.ad\\\/#website\"},\"primaryImageOfPage\":{\"@id\":\"https:\\\/\\\/alfadescompte.ad\\\/produit\\\/microsoft-powerpoint-2024-windows-mac\\\/#primaryimage\"},\"image\":{\"@id\":\"https:\\\/\\\/alfadescompte.ad\\\/produit\\\/microsoft-powerpoint-2024-windows-mac\\\/#primaryimage\"},\"thumbnailUrl\":\"https:\\\/\\\/alfadescompte.ad\\\/wp-content\\\/uploads\\\/2024\\\/12\\\/ChatGPT-Image-27-fevr.-2026-08_38_23.png\",\"datePublished\":\"2024-12-20T09:36:09+00:00\",\"dateModified\":\"2026-03-03T16:16:09+00:00\",\"breadcrumb\":{\"@id\":\"https:\\\/\\\/alfadescompte.ad\\\/produit\\\/microsoft-powerpoint-2024-windows-mac\\\/#breadcrumb\"},\"inLanguage\":\"en-GB\",\"potentialAction\":[{\"@type\":\"ReadAction\",\"target\":[\"https:\\\/\\\/alfadescompte.ad\\\/produit\\\/microsoft-powerpoint-2024-windows-mac\\\/\"]}]},{\"@type\":\"ImageObject\",\"inLanguage\":\"en-GB\",\"@id\":\"https:\\\/\\\/alfadescompte.ad\\\/produit\\\/microsoft-powerpoint-2024-windows-mac\\\/#primaryimage\",\"url\":\"https:\\\/\\\/alfadescompte.ad\\\/wp-content\\\/uploads\\\/2024\\\/12\\\/ChatGPT-Image-27-fevr.-2026-08_38_23.png\",\"contentUrl\":\"https:\\\/\\\/alfadescompte.ad\\\/wp-content\\\/uploads\\\/2024\\\/12\\\/ChatGPT-Image-27-fevr.-2026-08_38_23.png\",\"width\":1024,\"height\":1024},{\"@type\":\"BreadcrumbList\",\"@id\":\"https:\\\/\\\/alfadescompte.ad\\\/produit\\\/microsoft-powerpoint-2024-windows-mac\\\/#breadcrumb\",\"itemListElement\":[{\"@type\":\"ListItem\",\"position\":1,\"name\":\"Accueil\",\"item\":\"https:\\\/\\\/alfadescompte.ad\\\/fr\\\/\"},{\"@type\":\"ListItem\",\"position\":2,\"name\":\"Boutique\",\"item\":\"https:\\\/\\\/alfadescompte.ad\\\/en\\\/boutique\\\/\"},{\"@type\":\"ListItem\",\"position\":3,\"name\":\"Microsoft PowerPoint 2024 Windows\\\/Mac\"}]},{\"@type\":\"WebSite\",\"@id\":\"https:\\\/\\\/alfadescompte.ad\\\/#website\",\"url\":\"https:\\\/\\\/alfadescompte.ad\\\/\",\"name\":\"Alfa Descompte\",\"description\":\"\",\"publisher\":{\"@id\":\"https:\\\/\\\/alfadescompte.ad\\\/#organization\"},\"potentialAction\":[{\"@type\":\"SearchAction\",\"target\":{\"@type\":\"EntryPoint\",\"urlTemplate\":\"https:\\\/\\\/alfadescompte.ad\\\/?s={search_term_string}\"},\"query-input\":{\"@type\":\"PropertyValueSpecification\",\"valueRequired\":true,\"valueName\":\"search_term_string\"}}],\"inLanguage\":\"en-GB\"},{\"@type\":\"Organization\",\"@id\":\"https:\\\/\\\/alfadescompte.ad\\\/#organization\",\"name\":\"Alfa Descompte\",\"url\":\"https:\\\/\\\/alfadescompte.ad\\\/\",\"logo\":{\"@type\":\"ImageObject\",\"inLanguage\":\"en-GB\",\"@id\":\"https:\\\/\\\/alfadescompte.ad\\\/#\\\/schema\\\/logo\\\/image\\\/\",\"url\":\"https:\\\/\\\/alfadescompte.ad\\\/wp-content\\\/uploads\\\/2022\\\/04\\\/cropped-logo-alfa-1-1.png\",\"contentUrl\":\"https:\\\/\\\/alfadescompte.ad\\\/wp-content\\\/uploads\\\/2022\\\/04\\\/cropped-logo-alfa-1-1.png\",\"width\":424,\"height\":128,\"caption\":\"Alfa Descompte\"},\"image\":{\"@id\":\"https:\\\/\\\/alfadescompte.ad\\\/#\\\/schema\\\/logo\\\/image\\\/\"}}]}<\/script>\n<!-- \/ Yoast SEO plugin. -->","yoast_head_json":{"title":"Microsoft PowerPoint 2024 Windows\/Mac - Alfa Descompte","robots":{"index":"index","follow":"follow","max-snippet":"max-snippet:-1","max-image-preview":"max-image-preview:large","max-video-preview":"max-video-preview:-1"},"canonical":"https:\/\/alfadescompte.ad\/en\/product-2\/microsoft-powerpoint-2024-windows-mac\/","og_locale":"en_GB","og_type":"article","og_title":"Microsoft PowerPoint 2024 Windows\/Mac - Alfa Descompte","og_description":"Achetez aujourd\u2019hui votre cl\u00e9 d\u2019activation originale et recevez par mail votre lien de t\u00e9l\u00e9chargement ultra rapide de Microsoft ainsi que sa cl\u00e9 unique d\u2019activation..  \u2013 Obtenir votre code d\u2019activation. \u2013 Cl\u00e9 100% authentique \u2013 Vente autoris\u00e9e en Europe \u2013 Langues: Multi-langue","og_url":"https:\/\/alfadescompte.ad\/en\/product-2\/microsoft-powerpoint-2024-windows-mac\/","og_site_name":"Alfa Descompte","article_modified_time":"2026-03-03T16:16:09+00:00","og_image":[{"width":1024,"height":1024,"url":"https:\/\/alfadescompte.ad\/wp-content\/uploads\/2024\/12\/ChatGPT-Image-27-fevr.-2026-08_38_23.png","type":"image\/png"}],"twitter_card":"summary_large_image","twitter_misc":{"Estimated reading time":"4 minutes"},"schema":{"@context":"https:\/\/schema.org","@graph":[{"@type":"WebPage","@id":"https:\/\/alfadescompte.ad\/produit\/microsoft-powerpoint-2024-windows-mac\/","url":"https:\/\/alfadescompte.ad\/produit\/microsoft-powerpoint-2024-windows-mac\/","name":"Microsoft PowerPoint 2024 Windows\/Mac - Alfa Descompte","isPartOf":{"@id":"https:\/\/alfadescompte.ad\/#website"},"primaryImageOfPage":{"@id":"https:\/\/alfadescompte.ad\/produit\/microsoft-powerpoint-2024-windows-mac\/#primaryimage"},"image":{"@id":"https:\/\/alfadescompte.ad\/produit\/microsoft-powerpoint-2024-windows-mac\/#primaryimage"},"thumbnailUrl":"https:\/\/alfadescompte.ad\/wp-content\/uploads\/2024\/12\/ChatGPT-Image-27-fevr.-2026-08_38_23.png","datePublished":"2024-12-20T09:36:09+00:00","dateModified":"2026-03-03T16:16:09+00:00","breadcrumb":{"@id":"https:\/\/alfadescompte.ad\/produit\/microsoft-powerpoint-2024-windows-mac\/#breadcrumb"},"inLanguage":"en-GB","potentialAction":[{"@type":"ReadAction","target":["https:\/\/alfadescompte.ad\/produit\/microsoft-powerpoint-2024-windows-mac\/"]}]},{"@type":"ImageObject","inLanguage":"en-GB","@id":"https:\/\/alfadescompte.ad\/produit\/microsoft-powerpoint-2024-windows-mac\/#primaryimage","url":"https:\/\/alfadescompte.ad\/wp-content\/uploads\/2024\/12\/ChatGPT-Image-27-fevr.-2026-08_38_23.png","contentUrl":"https:\/\/alfadescompte.ad\/wp-content\/uploads\/2024\/12\/ChatGPT-Image-27-fevr.-2026-08_38_23.png","width":1024,"height":1024},{"@type":"BreadcrumbList","@id":"https:\/\/alfadescompte.ad\/produit\/microsoft-powerpoint-2024-windows-mac\/#breadcrumb","itemListElement":[{"@type":"ListItem","position":1,"name":"Accueil","item":"https:\/\/alfadescompte.ad\/fr\/"},{"@type":"ListItem","position":2,"name":"Boutique","item":"https:\/\/alfadescompte.ad\/en\/boutique\/"},{"@type":"ListItem","position":3,"name":"Microsoft PowerPoint 2024 Windows\/Mac"}]},{"@type":"WebSite","@id":"https:\/\/alfadescompte.ad\/#website","url":"https:\/\/alfadescompte.ad\/","name":"Alfa Descompte","description":"","publisher":{"@id":"https:\/\/alfadescompte.ad\/#organization"},"potentialAction":[{"@type":"SearchAction","target":{"@type":"EntryPoint","urlTemplate":"https:\/\/alfadescompte.ad\/?s={search_term_string}"},"query-input":{"@type":"PropertyValueSpecification","valueRequired":true,"valueName":"search_term_string"}}],"inLanguage":"en-GB"},{"@type":"Organization","@id":"https:\/\/alfadescompte.ad\/#organization","name":"Alfa Descompte","url":"https:\/\/alfadescompte.ad\/","logo":{"@type":"ImageObject","inLanguage":"en-GB","@id":"https:\/\/alfadescompte.ad\/#\/schema\/logo\/image\/","url":"https:\/\/alfadescompte.ad\/wp-content\/uploads\/2022\/04\/cropped-logo-alfa-1-1.png","contentUrl":"https:\/\/alfadescompte.ad\/wp-content\/uploads\/2022\/04\/cropped-logo-alfa-1-1.png","width":424,"height":128,"caption":"Alfa Descompte"},"image":{"@id":"https:\/\/alfadescompte.ad\/#\/schema\/logo\/image\/"}}]}},"_links":{"self":[{"href":"https:\/\/alfadescompte.ad\/en\/wp-json\/wp\/v2\/product\/54993","targetHints":{"allow":["GET"]}}],"collection":[{"href":"https:\/\/alfadescompte.ad\/en\/wp-json\/wp\/v2\/product"}],"about":[{"href":"https:\/\/alfadescompte.ad\/en\/wp-json\/wp\/v2\/types\/product"}],"replies":[{"embeddable":true,"href":"https:\/\/alfadescompte.ad\/en\/wp-json\/wp\/v2\/comments?post=54993"}],"wp:featuredmedia":[{"embeddable":true,"href":"https:\/\/alfadescompte.ad\/en\/wp-json\/wp\/v2\/media\/55723"}],"wp:attachment":[{"href":"https:\/\/alfadescompte.ad\/en\/wp-json\/wp\/v2\/media?parent=54993"}],"wp:term":[{"taxonomy":"product_brand","embeddable":true,"href":"https:\/\/alfadescompte.ad\/en\/wp-json\/wp\/v2\/product_brand?post=54993"},{"taxonomy":"product_cat","embeddable":true,"href":"https:\/\/alfadescompte.ad\/en\/wp-json\/wp\/v2\/product_cat?post=54993"},{"taxonomy":"product_tag","embeddable":true,"href":"https:\/\/alfadescompte.ad\/en\/wp-json\/wp\/v2\/product_tag?post=54993"}],"curies":[{"name":"wp","href":"https:\/\/api.w.org\/{rel}","templated":true}]}}