{"id":54997,"date":"2024-12-20T10:43:20","date_gmt":"2024-12-20T09:43:20","guid":{"rendered":"https:\/\/alfadescompte.ad\/?post_type=product&#038;p=54997"},"modified":"2026-03-03T17:21:41","modified_gmt":"2026-03-03T16:21:41","slug":"microsoft-visio-2024-pro","status":"publish","type":"product","link":"https:\/\/alfadescompte.ad\/en\/product-2\/microsoft-visio-2024-pro\/","title":{"rendered":"Microsoft Visio 2024 Professional Windows"},"content":{"rendered":"<h3>Microsoft Visio 2024 Professional - the complete visualisation software<\/h3>\n<p><a title=\"Microsoft Visio\/\" href=\"https:\/\/softwarekaufen24.de\/microsoft-visio\/\" target=\"_blank\" rel=\"nofollow noopener\">Microsoft Visio<\/a>\u00a0from Microsoft is a visualisation software package for\u00a0<a title=\"Microsoft\/\" href=\"https:\/\/softwarekaufen24.de\/microsoft\/\" target=\"_blank\" rel=\"nofollow noopener\">Windows<\/a>\u00a0which is part of the extended Microsoft Office family, but is not included in the\u00a0<a title=\"packages-microsoft-office\/\" href=\"https:\/\/softwarekaufen24.de\/microsoft-office-pakete\/\" target=\"_blank\" rel=\"nofollow noopener\">Office packages<\/a>\u00a0. A separate Microsoft Visio licence is therefore required. The latest version,\u00a0<a title=\"Microsoft Visio 2024\" href=\"https:\/\/softwarekaufen24.de\/microsoft-visio-2024\" target=\"_blank\" rel=\"nofollow noopener\">Microsoft Visio 2024<\/a>\u00a0The new version includes a number of improvements. If you choose Microsoft Visio 2024 Professional, you will receive one of the two editions available. It offers all the features of the\u00a0<a title=\"Microsoft Visio 2024 Standard\" href=\"https:\/\/softwarekaufen24.de\/microsoft-visio-2024-standard\" target=\"_blank\" rel=\"nofollow noopener\">standard version<\/a>\u00a0and extend it with additional templates and options. With Microsoft Visio 2024 Professional, you can create a variety of diagrams that present information clearly. Getting started is made easy with numerous templates such as timetables, flowcharts or floor plans, which can be adapted to suit your own ideas. There are also countless stencils, objects and shapes available for individual design. Text elements can also be easily inserted. A particular highlight is the ability to link graphic objects, known as shapes, with data from\u00a0<a title=\"Microsoft Excel 2024\" href=\"https:\/\/softwarekaufen24.de\/microsoft-excel-2024\" target=\"_blank\" rel=\"nofollow noopener\">Excel tables or databases<\/a>\u00a0. When you buy Microsoft Visio 2024 Professional, you're guaranteed impressive visualisations.<\/p>\n<h3>These Microsoft Visio 2024 Professional innovations are waiting for you<\/h3>\n<p>Visio 2024 Professional has been redesigned, with a modern transparency effect visible in the background of the drawing area and menus. This update gives the software a contemporary, more elegant look. The search function has now been moved to the title bar for easier access and a consistent user experience with other applications.\u00a0<a title=\"Microsoft Visio 2024\" href=\"https:\/\/softwarekaufen24.de\/microsoft-visio-2024\" target=\"_blank\" rel=\"nofollow noopener\">Microsoft Visio 2024<\/a>\u00a0Professionnel also offers an extensive selection of shapes, stencils and templates that make diagramming even easier. In the\u00a0<a title=\"Microsoft Visio 2024 Standard\" href=\"https:\/\/softwarekaufen24.de\/microsoft-visio-2024-standard\" rel=\"nofollow noopener\">standard version Visio 2024,<\/a>\u00a0many new infographics such as pictograms and to-do lists, brainstorming notes and symbols have been added. Microsoft Visio 2024 Professional includes all the functions of the standard version and extends the range with more than ten new Azure templates. In addition, advanced network and software components are available in this version, including Kubernetes forms and Yourdon Coad notations.<\/p>\n<h3>Buy Visio 2024 Professional and use it in a variety of ways<\/h3>\n<p>Microsoft Visio 2024 Professional offers a comprehensive range of tools that enable businesses, freelancers and self-employed people to clearly visualise processes and organisational structures. Visio 2024 Professional goes beyond traditional waterfall diagrams and flowcharts, as demonstrated by the variety of templates available. In the IT industry, complex diagrams such as star network diagrams, desktop network diagrams, computer block diagrams and Ethernet LAN diagrams are particularly in demand, all of which can be easily produced using Visio 2024 Professional. If you need a specific template that isn't immediately available, the official Microsoft website offers a host of additional downloadable templates that simplify the diagram creation process. Visio is also useful for personal use, such as creating family trees, planning moves, organising private events or designing home networks that include wired and wireless devices in different rooms.<\/p>\n<h3>For countless application scenarios: Buy Visio 2024 Professional<\/h3>\n<p>Visio 2024 Professional is also appreciated in the property sector for its various advantages. The \"Property Purchase Process\" model provides a clear overview of the various stages involved in buying a property. In addition, the 'Construction Management' model makes it easier to define responsibilities for construction projects, while the 'Floor Plan' model supports the creation of detailed plans for sites and buildings. With these tools, Visio 2024 Professional users can efficiently create professional diagrams and plans that impress in the real estate sector. In the financial sector, Microsoft Visio also offers significant benefits by clarifying complex financial processes. Users can clearly and easily represent financial processes with templates for the credit approval process, the marketing mix or the human resources management system. Visio 2024 Professional also offers a wide range of other templates and functions used to optimally visualise financial data and processes. The programme has proven itself in many other sectors thanks to its ability to present complex tasks clearly.<\/p>\n<p>Note: If you have already installed an Office package, we ask you to contact us briefly by telephone before purchasing. This way we can check compatibility and ensure a smooth installation.<\/p>\n<p>System requirements<\/p>\n<h4>Operating system: Windows 11, Windows 10, Windows 11 LTSC 2024, Windows 10 LTSC 2021, Windows 10 LTSC 2019, Windows Server 2025 or Windows Server 2022.<\/h4>\n<p>Processor: 2 GHz or more, 4 cores<\/p>\n<p>RAM: 8 GB for 64-bit<\/p>\n<p>Hard disk space: 10 GB of available memory<\/p>\n<p>Screen resolution: 1920 x 1080 pixels<\/p>\n<p>Internet connection: High-speed broadband connection recommended<\/p>","protected":false},"excerpt":{"rendered":"<p>Buy your original activation key today and receive your ultra-fast download link from Microsoft and its unique activation key by e-mail.<\/p>\n<p>- Get your activation code.<br \/>\n- Genuine 100% key<br \/>\n- Authorised for sale in Europe<br \/>\n- Languages: Multi-language<\/p>","protected":false},"featured_media":55719,"comment_status":"closed","ping_status":"closed","template":"","meta":[],"product_brand":[],"product_cat":[1934,1935],"product_tag":[],"class_list":{"0":"post-54997","1":"product","2":"type-product","3":"status-publish","4":"has-post-thumbnail","6":"product_cat-microsoft-project-visio","7":"product_cat-microsoft-visio","9":"first","10":"instock","11":"sale","12":"downloadable","13":"virtual","14":"taxable","15":"purchasable","16":"product-type-simple","17":"czr-hentry"},"yoast_head":"<!-- This site is optimized with the Yoast SEO plugin v27.3 - https:\/\/yoast.com\/product\/yoast-seo-wordpress\/ -->\n<title>Microsoft Visio 2024 Professionnel Windows - Alfa Descompte<\/title>\n<meta name=\"robots\" content=\"index, follow, max-snippet:-1, max-image-preview:large, max-video-preview:-1\" \/>\n<link rel=\"canonical\" href=\"https:\/\/alfadescompte.ad\/en\/product-2\/microsoft-visio-2024-pro\/\" \/>\n<meta property=\"og:locale\" content=\"en_GB\" \/>\n<meta property=\"og:type\" content=\"article\" \/>\n<meta property=\"og:title\" content=\"Microsoft Visio 2024 Professionnel Windows - Alfa Descompte\" \/>\n<meta property=\"og:description\" content=\"Achetez aujourd\u2019hui votre cl\u00e9 d\u2019activation originale et recevez par mail votre lien de t\u00e9l\u00e9chargement ultra rapide de Microsoft ainsi que sa cl\u00e9 unique d\u2019activation..  \u2013 Obtenir votre code d\u2019activation. \u2013 Cl\u00e9 100% authentique \u2013 Vente autoris\u00e9e en Europe \u2013 Langues: Multi-langue\" \/>\n<meta property=\"og:url\" content=\"https:\/\/alfadescompte.ad\/en\/product-2\/microsoft-visio-2024-pro\/\" \/>\n<meta property=\"og:site_name\" content=\"Alfa Descompte\" \/>\n<meta property=\"article:modified_time\" content=\"2026-03-03T16:21:41+00:00\" \/>\n<meta property=\"og:image\" content=\"https:\/\/alfadescompte.ad\/wp-content\/uploads\/2024\/12\/ChatGPT-Image-27-fevr.-2026-08_34_11.png\" \/>\n\t<meta property=\"og:image:width\" content=\"1024\" \/>\n\t<meta property=\"og:image:height\" content=\"1024\" \/>\n\t<meta property=\"og:image:type\" content=\"image\/png\" \/>\n<meta name=\"twitter:card\" content=\"summary_large_image\" \/>\n<meta name=\"twitter:label1\" content=\"Estimated reading time\" \/>\n\t<meta name=\"twitter:data1\" content=\"5 minutes\" \/>\n<script type=\"application\/ld+json\" class=\"yoast-schema-graph\">{\"@context\":\"https:\\\/\\\/schema.org\",\"@graph\":[{\"@type\":\"WebPage\",\"@id\":\"https:\\\/\\\/alfadescompte.ad\\\/produit\\\/microsoft-visio-2024-pro\\\/\",\"url\":\"https:\\\/\\\/alfadescompte.ad\\\/produit\\\/microsoft-visio-2024-pro\\\/\",\"name\":\"Microsoft Visio 2024 Professionnel Windows - Alfa Descompte\",\"isPartOf\":{\"@id\":\"https:\\\/\\\/alfadescompte.ad\\\/#website\"},\"primaryImageOfPage\":{\"@id\":\"https:\\\/\\\/alfadescompte.ad\\\/produit\\\/microsoft-visio-2024-pro\\\/#primaryimage\"},\"image\":{\"@id\":\"https:\\\/\\\/alfadescompte.ad\\\/produit\\\/microsoft-visio-2024-pro\\\/#primaryimage\"},\"thumbnailUrl\":\"https:\\\/\\\/alfadescompte.ad\\\/wp-content\\\/uploads\\\/2024\\\/12\\\/ChatGPT-Image-27-fevr.-2026-08_34_11.png\",\"datePublished\":\"2024-12-20T09:43:20+00:00\",\"dateModified\":\"2026-03-03T16:21:41+00:00\",\"breadcrumb\":{\"@id\":\"https:\\\/\\\/alfadescompte.ad\\\/produit\\\/microsoft-visio-2024-pro\\\/#breadcrumb\"},\"inLanguage\":\"en-GB\",\"potentialAction\":[{\"@type\":\"ReadAction\",\"target\":[\"https:\\\/\\\/alfadescompte.ad\\\/produit\\\/microsoft-visio-2024-pro\\\/\"]}]},{\"@type\":\"ImageObject\",\"inLanguage\":\"en-GB\",\"@id\":\"https:\\\/\\\/alfadescompte.ad\\\/produit\\\/microsoft-visio-2024-pro\\\/#primaryimage\",\"url\":\"https:\\\/\\\/alfadescompte.ad\\\/wp-content\\\/uploads\\\/2024\\\/12\\\/ChatGPT-Image-27-fevr.-2026-08_34_11.png\",\"contentUrl\":\"https:\\\/\\\/alfadescompte.ad\\\/wp-content\\\/uploads\\\/2024\\\/12\\\/ChatGPT-Image-27-fevr.-2026-08_34_11.png\",\"width\":1024,\"height\":1024},{\"@type\":\"BreadcrumbList\",\"@id\":\"https:\\\/\\\/alfadescompte.ad\\\/produit\\\/microsoft-visio-2024-pro\\\/#breadcrumb\",\"itemListElement\":[{\"@type\":\"ListItem\",\"position\":1,\"name\":\"Accueil\",\"item\":\"https:\\\/\\\/alfadescompte.ad\\\/fr\\\/\"},{\"@type\":\"ListItem\",\"position\":2,\"name\":\"Boutique\",\"item\":\"https:\\\/\\\/alfadescompte.ad\\\/en\\\/boutique\\\/\"},{\"@type\":\"ListItem\",\"position\":3,\"name\":\"Microsoft Visio 2024 Professionnel Windows\"}]},{\"@type\":\"WebSite\",\"@id\":\"https:\\\/\\\/alfadescompte.ad\\\/#website\",\"url\":\"https:\\\/\\\/alfadescompte.ad\\\/\",\"name\":\"Alfa Descompte\",\"description\":\"\",\"publisher\":{\"@id\":\"https:\\\/\\\/alfadescompte.ad\\\/#organization\"},\"potentialAction\":[{\"@type\":\"SearchAction\",\"target\":{\"@type\":\"EntryPoint\",\"urlTemplate\":\"https:\\\/\\\/alfadescompte.ad\\\/?s={search_term_string}\"},\"query-input\":{\"@type\":\"PropertyValueSpecification\",\"valueRequired\":true,\"valueName\":\"search_term_string\"}}],\"inLanguage\":\"en-GB\"},{\"@type\":\"Organization\",\"@id\":\"https:\\\/\\\/alfadescompte.ad\\\/#organization\",\"name\":\"Alfa Descompte\",\"url\":\"https:\\\/\\\/alfadescompte.ad\\\/\",\"logo\":{\"@type\":\"ImageObject\",\"inLanguage\":\"en-GB\",\"@id\":\"https:\\\/\\\/alfadescompte.ad\\\/#\\\/schema\\\/logo\\\/image\\\/\",\"url\":\"https:\\\/\\\/alfadescompte.ad\\\/wp-content\\\/uploads\\\/2022\\\/04\\\/cropped-logo-alfa-1-1.png\",\"contentUrl\":\"https:\\\/\\\/alfadescompte.ad\\\/wp-content\\\/uploads\\\/2022\\\/04\\\/cropped-logo-alfa-1-1.png\",\"width\":424,\"height\":128,\"caption\":\"Alfa Descompte\"},\"image\":{\"@id\":\"https:\\\/\\\/alfadescompte.ad\\\/#\\\/schema\\\/logo\\\/image\\\/\"}}]}<\/script>\n<!-- \/ Yoast SEO plugin. -->","yoast_head_json":{"title":"Microsoft Visio 2024 Professional Windows - Alfa Descompte","robots":{"index":"index","follow":"follow","max-snippet":"max-snippet:-1","max-image-preview":"max-image-preview:large","max-video-preview":"max-video-preview:-1"},"canonical":"https:\/\/alfadescompte.ad\/en\/product-2\/microsoft-visio-2024-pro\/","og_locale":"en_GB","og_type":"article","og_title":"Microsoft Visio 2024 Professionnel Windows - Alfa Descompte","og_description":"Achetez aujourd\u2019hui votre cl\u00e9 d\u2019activation originale et recevez par mail votre lien de t\u00e9l\u00e9chargement ultra rapide de Microsoft ainsi que sa cl\u00e9 unique d\u2019activation..  \u2013 Obtenir votre code d\u2019activation. \u2013 Cl\u00e9 100% authentique \u2013 Vente autoris\u00e9e en Europe \u2013 Langues: Multi-langue","og_url":"https:\/\/alfadescompte.ad\/en\/product-2\/microsoft-visio-2024-pro\/","og_site_name":"Alfa Descompte","article_modified_time":"2026-03-03T16:21:41+00:00","og_image":[{"width":1024,"height":1024,"url":"https:\/\/alfadescompte.ad\/wp-content\/uploads\/2024\/12\/ChatGPT-Image-27-fevr.-2026-08_34_11.png","type":"image\/png"}],"twitter_card":"summary_large_image","twitter_misc":{"Estimated reading time":"5 minutes"},"schema":{"@context":"https:\/\/schema.org","@graph":[{"@type":"WebPage","@id":"https:\/\/alfadescompte.ad\/produit\/microsoft-visio-2024-pro\/","url":"https:\/\/alfadescompte.ad\/produit\/microsoft-visio-2024-pro\/","name":"Microsoft Visio 2024 Professional Windows - Alfa Descompte","isPartOf":{"@id":"https:\/\/alfadescompte.ad\/#website"},"primaryImageOfPage":{"@id":"https:\/\/alfadescompte.ad\/produit\/microsoft-visio-2024-pro\/#primaryimage"},"image":{"@id":"https:\/\/alfadescompte.ad\/produit\/microsoft-visio-2024-pro\/#primaryimage"},"thumbnailUrl":"https:\/\/alfadescompte.ad\/wp-content\/uploads\/2024\/12\/ChatGPT-Image-27-fevr.-2026-08_34_11.png","datePublished":"2024-12-20T09:43:20+00:00","dateModified":"2026-03-03T16:21:41+00:00","breadcrumb":{"@id":"https:\/\/alfadescompte.ad\/produit\/microsoft-visio-2024-pro\/#breadcrumb"},"inLanguage":"en-GB","potentialAction":[{"@type":"ReadAction","target":["https:\/\/alfadescompte.ad\/produit\/microsoft-visio-2024-pro\/"]}]},{"@type":"ImageObject","inLanguage":"en-GB","@id":"https:\/\/alfadescompte.ad\/produit\/microsoft-visio-2024-pro\/#primaryimage","url":"https:\/\/alfadescompte.ad\/wp-content\/uploads\/2024\/12\/ChatGPT-Image-27-fevr.-2026-08_34_11.png","contentUrl":"https:\/\/alfadescompte.ad\/wp-content\/uploads\/2024\/12\/ChatGPT-Image-27-fevr.-2026-08_34_11.png","width":1024,"height":1024},{"@type":"BreadcrumbList","@id":"https:\/\/alfadescompte.ad\/produit\/microsoft-visio-2024-pro\/#breadcrumb","itemListElement":[{"@type":"ListItem","position":1,"name":"Accueil","item":"https:\/\/alfadescompte.ad\/fr\/"},{"@type":"ListItem","position":2,"name":"Boutique","item":"https:\/\/alfadescompte.ad\/en\/boutique\/"},{"@type":"ListItem","position":3,"name":"Microsoft Visio 2024 Professionnel Windows"}]},{"@type":"WebSite","@id":"https:\/\/alfadescompte.ad\/#website","url":"https:\/\/alfadescompte.ad\/","name":"Alfa Descompte","description":"","publisher":{"@id":"https:\/\/alfadescompte.ad\/#organization"},"potentialAction":[{"@type":"SearchAction","target":{"@type":"EntryPoint","urlTemplate":"https:\/\/alfadescompte.ad\/?s={search_term_string}"},"query-input":{"@type":"PropertyValueSpecification","valueRequired":true,"valueName":"search_term_string"}}],"inLanguage":"en-GB"},{"@type":"Organization","@id":"https:\/\/alfadescompte.ad\/#organization","name":"Alfa Descompte","url":"https:\/\/alfadescompte.ad\/","logo":{"@type":"ImageObject","inLanguage":"en-GB","@id":"https:\/\/alfadescompte.ad\/#\/schema\/logo\/image\/","url":"https:\/\/alfadescompte.ad\/wp-content\/uploads\/2022\/04\/cropped-logo-alfa-1-1.png","contentUrl":"https:\/\/alfadescompte.ad\/wp-content\/uploads\/2022\/04\/cropped-logo-alfa-1-1.png","width":424,"height":128,"caption":"Alfa Descompte"},"image":{"@id":"https:\/\/alfadescompte.ad\/#\/schema\/logo\/image\/"}}]}},"_links":{"self":[{"href":"https:\/\/alfadescompte.ad\/en\/wp-json\/wp\/v2\/product\/54997","targetHints":{"allow":["GET"]}}],"collection":[{"href":"https:\/\/alfadescompte.ad\/en\/wp-json\/wp\/v2\/product"}],"about":[{"href":"https:\/\/alfadescompte.ad\/en\/wp-json\/wp\/v2\/types\/product"}],"replies":[{"embeddable":true,"href":"https:\/\/alfadescompte.ad\/en\/wp-json\/wp\/v2\/comments?post=54997"}],"wp:featuredmedia":[{"embeddable":true,"href":"https:\/\/alfadescompte.ad\/en\/wp-json\/wp\/v2\/media\/55719"}],"wp:attachment":[{"href":"https:\/\/alfadescompte.ad\/en\/wp-json\/wp\/v2\/media?parent=54997"}],"wp:term":[{"taxonomy":"product_brand","embeddable":true,"href":"https:\/\/alfadescompte.ad\/en\/wp-json\/wp\/v2\/product_brand?post=54997"},{"taxonomy":"product_cat","embeddable":true,"href":"https:\/\/alfadescompte.ad\/en\/wp-json\/wp\/v2\/product_cat?post=54997"},{"taxonomy":"product_tag","embeddable":true,"href":"https:\/\/alfadescompte.ad\/en\/wp-json\/wp\/v2\/product_tag?post=54997"}],"curies":[{"name":"wp","href":"https:\/\/api.w.org\/{rel}","templated":true}]}}