{"id":25883,"date":"2022-04-12T11:04:28","date_gmt":"2022-04-12T11:04:28","guid":{"rendered":"http:\/\/alfadescompte.com\/?page_id=25883"},"modified":"2022-06-24T15:05:12","modified_gmt":"2022-06-24T15:05:12","slug":"anotaciones","status":"publish","type":"page","link":"https:\/\/alfadescompte.ad\/es\/anotaciones\/","title":{"rendered":"Informaci\u00f3n legal"},"content":{"rendered":"<p><\/p>\n\n\n\n<p style=\"text-align : justify\">ALFA DESCOMPTE ofrece una amplia gama de&nbsp;<strong>m\u00e1s de 25.000 productos en stock de las principales marcas. <\/strong>cuidadosamente seleccionados en el mundo del equipamiento del hogar. Su oferta, muy diversificada y constantemente enriquecida, incluye modelos y accesorios de las principales marcas de TV, Hifi, Foto, Multimedia, Inform\u00e1tica, etc., desde la \u00faltima innovaci\u00f3n hasta el modelo imprescindible... Y esto,&nbsp;<strong>\u00a1al mejor precio!<\/strong><\/p>\n\n\n\n<h5 class=\"wp-block-heading\"><strong>1 - Informaci\u00f3n sobre la empresa :<\/strong><\/h5>\n\n\n\n<p style=\"text-align : justify\"><strong>Este sitio web es propiedad de ALFA DESCOMPTE, SL con un capital de 3.000 euros, cuyo domicilio social est\u00e1 en Av: Av. Dr. Mitjavila, 18 AD500 Andorra la vella, inscrita en el Registro Mercantil de Andorra.<\/strong><\/p>\n\n\n\n<h5 class=\"wp-block-heading\"><strong>2 - Sitio editado por :<\/strong><\/h5>\n\n\n\n<p><strong>ALFA DESCOMPTE, SL<\/strong><br><\/p>\n\n\n\n<p><strong>Av. Dr. Mitjavila, 18<\/strong><br><strong>AD500 Andorra la vella<\/strong><\/p>\n\n\n\n<p><strong>Tel\u00e9fono: +376 759 436<\/strong><br><strong>De lunes a viernes: de 9 a 14 y de 16 a 19 horas<\/strong><\/p>\n\n\n\n<p><strong>Correo electr\u00f3nico: alfadescompte1@orange.fr<\/strong><\/p>\n\n\n\n<p><strong>Director de la publicaci\u00f3n: Fabrice de la BARRIERE, Director General de ALFA DESCOMPTE<\/strong><\/p>\n\n\n\n<h5 class=\"wp-block-heading\"><strong>3 - Sitio alojado en :<\/strong><\/h5>\n\n\n\n<p><strong>Anfitri\u00f3n: IONOS SARL<\/strong><\/p>\n\n\n\n<p><strong>1&amp;1 IONOS LTD.<\/strong><br>SARL con un capital de 100.000 euros<br>RCS Sarreguemines B 431 303 775<br>SIRET 431 303 775 000 16<br>C\u00f3digo APE: 6201Z<br>Identificaci\u00f3n intracomunitaria FR 13 431303775&nbsp;<\/p>\n\n\n\n<h5 class=\"wp-block-heading\"><strong>4 - Otros :<\/strong><\/h5>\n\n\n\n<p style=\"text-align : justify\">El contenido del cat\u00e1logo en <a href=\"https:\/\/alfadescompte.ad\/es\/\">www.alfadescompte.ad<\/a> se ha desarrollado cuidadosamente seg\u00fan la documentaci\u00f3n disponible durante su redacci\u00f3n.<br>Sujeto a errores tipogr\u00e1ficos, errores en las especificaciones y cambios t\u00e9cnicos sin previo aviso.<br>Sin embargo, no aceptamos ninguna responsabilidad por cualquier error.<br>Los precios se indican en euros, incluyendo el IGI.<br>En caso de visualizaci\u00f3n de un precio err\u00f3neo o manifiestamente irrisorio (precio bajo), sea cual sea el motivo (fallo inform\u00e1tico, error manual, error t\u00e9cnico, uso fraudulento del sistema de vales), el pedido del Cliente, aunque ya haya sido validado por ALFA DESCOMPTE, ser\u00e1 anulado, de lo cual ALFA DESCOMPTE informar\u00e1 al Cliente lo antes posible. El Cliente, si lo desea, tendr\u00e1 entonces la posibilidad de volver a realizar su pedido al precio corregido y exacto.<br>No aceptamos ninguna responsabilidad por el contenido de los enlaces externos.<br>S\u00f3lo sus respectivos operadores son responsables del contenido de las p\u00e1ginas enlazadas.<\/p>\n\n\n\n<p>Copyright ALFA DESCOMPTE<\/p>\n\n\n\n<p>El contenido de www.alfadescompte.ad est\u00e1 protegido por la ley de derechos de autor.<\/p>\n\n\n\n<p>Cualquier otra publicaci\u00f3n deber\u00e1 ser autorizada por escrito por ALFA DESCOMPTE.<\/p>","protected":false},"excerpt":{"rendered":"<p>ALFA DESCOMPTE propose un vaste choix de&nbsp;plus de 25 000 produits en stock des plus grandes marques. soigneusement s\u00e9lectionn\u00e9es dans l&rsquo;univers de l&rsquo;\u00e9quipement de la maison. Son offre tr\u00e8s diversifi\u00e9e, et sans cesse enrichie, propose les mod\u00e8les et accessoires des grandes marques de Tv, Hifi, Photo, Multim\u00e9dia, informatique, etc, de la derni\u00e8re innovation au mod\u00e8le [&hellip;]<\/p>\n","protected":false},"author":1,"featured_media":0,"parent":0,"menu_order":0,"comment_status":"closed","ping_status":"closed","template":"","meta":{"footnotes":""},"class_list":["post-25883","page","type-page","status-publish","czr-hentry"],"yoast_head":"<!-- This site is optimized with the Yoast SEO plugin v27.3 - https:\/\/yoast.com\/product\/yoast-seo-wordpress\/ -->\n<title>Mentions l\u00e9gales - Alfa Descompte<\/title>\n<meta name=\"robots\" content=\"index, follow, max-snippet:-1, max-image-preview:large, max-video-preview:-1\" \/>\n<link rel=\"canonical\" href=\"https:\/\/alfadescompte.ad\/es\/anotaciones\/\" \/>\n<meta property=\"og:locale\" content=\"es_ES\" \/>\n<meta property=\"og:type\" content=\"article\" \/>\n<meta property=\"og:title\" content=\"Mentions l\u00e9gales - Alfa Descompte\" \/>\n<meta property=\"og:description\" content=\"ALFA DESCOMPTE propose un vaste choix de&nbsp;plus de 25 000 produits en stock des plus grandes marques. soigneusement s\u00e9lectionn\u00e9es dans l&rsquo;univers de l&rsquo;\u00e9quipement de la maison. Son offre tr\u00e8s diversifi\u00e9e, et sans cesse enrichie, propose les mod\u00e8les et accessoires des grandes marques de Tv, Hifi, Photo, Multim\u00e9dia, informatique, etc, de la derni\u00e8re innovation au mod\u00e8le [&hellip;]\" \/>\n<meta property=\"og:url\" content=\"https:\/\/alfadescompte.ad\/es\/anotaciones\/\" \/>\n<meta property=\"og:site_name\" content=\"Alfa Descompte\" \/>\n<meta property=\"article:modified_time\" content=\"2022-06-24T15:05:12+00:00\" \/>\n<meta name=\"twitter:card\" content=\"summary_large_image\" \/>\n<meta name=\"twitter:label1\" content=\"Tiempo de lectura\" \/>\n\t<meta name=\"twitter:data1\" content=\"2 minutos\" \/>\n<script type=\"application\/ld+json\" class=\"yoast-schema-graph\">{\"@context\":\"https:\\\/\\\/schema.org\",\"@graph\":[{\"@type\":\"WebPage\",\"@id\":\"https:\\\/\\\/alfadescompte.ad\\\/fr\\\/mentions-legales\\\/\",\"url\":\"https:\\\/\\\/alfadescompte.ad\\\/fr\\\/mentions-legales\\\/\",\"name\":\"Mentions l\u00e9gales - Alfa Descompte\",\"isPartOf\":{\"@id\":\"https:\\\/\\\/alfadescompte.ad\\\/#website\"},\"datePublished\":\"2022-04-12T11:04:28+00:00\",\"dateModified\":\"2022-06-24T15:05:12+00:00\",\"breadcrumb\":{\"@id\":\"https:\\\/\\\/alfadescompte.ad\\\/fr\\\/mentions-legales\\\/#breadcrumb\"},\"inLanguage\":\"es\",\"potentialAction\":[{\"@type\":\"ReadAction\",\"target\":[\"https:\\\/\\\/alfadescompte.ad\\\/fr\\\/mentions-legales\\\/\"]}]},{\"@type\":\"BreadcrumbList\",\"@id\":\"https:\\\/\\\/alfadescompte.ad\\\/fr\\\/mentions-legales\\\/#breadcrumb\",\"itemListElement\":[{\"@type\":\"ListItem\",\"position\":1,\"name\":\"Accueil\",\"item\":\"https:\\\/\\\/alfadescompte.ad\\\/fr\\\/\"},{\"@type\":\"ListItem\",\"position\":2,\"name\":\"Mentions l\u00e9gales\"}]},{\"@type\":\"WebSite\",\"@id\":\"https:\\\/\\\/alfadescompte.ad\\\/#website\",\"url\":\"https:\\\/\\\/alfadescompte.ad\\\/\",\"name\":\"Alfa Descompte\",\"description\":\"\",\"publisher\":{\"@id\":\"https:\\\/\\\/alfadescompte.ad\\\/#organization\"},\"potentialAction\":[{\"@type\":\"SearchAction\",\"target\":{\"@type\":\"EntryPoint\",\"urlTemplate\":\"https:\\\/\\\/alfadescompte.ad\\\/?s={search_term_string}\"},\"query-input\":{\"@type\":\"PropertyValueSpecification\",\"valueRequired\":true,\"valueName\":\"search_term_string\"}}],\"inLanguage\":\"es\"},{\"@type\":\"Organization\",\"@id\":\"https:\\\/\\\/alfadescompte.ad\\\/#organization\",\"name\":\"Alfa Descompte\",\"url\":\"https:\\\/\\\/alfadescompte.ad\\\/\",\"logo\":{\"@type\":\"ImageObject\",\"inLanguage\":\"es\",\"@id\":\"https:\\\/\\\/alfadescompte.ad\\\/#\\\/schema\\\/logo\\\/image\\\/\",\"url\":\"https:\\\/\\\/alfadescompte.ad\\\/wp-content\\\/uploads\\\/2022\\\/04\\\/cropped-logo-alfa-1-1.png\",\"contentUrl\":\"https:\\\/\\\/alfadescompte.ad\\\/wp-content\\\/uploads\\\/2022\\\/04\\\/cropped-logo-alfa-1-1.png\",\"width\":424,\"height\":128,\"caption\":\"Alfa Descompte\"},\"image\":{\"@id\":\"https:\\\/\\\/alfadescompte.ad\\\/#\\\/schema\\\/logo\\\/image\\\/\"}}]}<\/script>\n<!-- \/ Yoast SEO plugin. -->","yoast_head_json":{"title":"Informaci\u00f3n legal - Alfa Descompte","robots":{"index":"index","follow":"follow","max-snippet":"max-snippet:-1","max-image-preview":"max-image-preview:large","max-video-preview":"max-video-preview:-1"},"canonical":"https:\/\/alfadescompte.ad\/es\/anotaciones\/","og_locale":"es_ES","og_type":"article","og_title":"Mentions l\u00e9gales - Alfa Descompte","og_description":"ALFA DESCOMPTE propose un vaste choix de&nbsp;plus de 25 000 produits en stock des plus grandes marques. soigneusement s\u00e9lectionn\u00e9es dans l&rsquo;univers de l&rsquo;\u00e9quipement de la maison. Son offre tr\u00e8s diversifi\u00e9e, et sans cesse enrichie, propose les mod\u00e8les et accessoires des grandes marques de Tv, Hifi, Photo, Multim\u00e9dia, informatique, etc, de la derni\u00e8re innovation au mod\u00e8le [&hellip;]","og_url":"https:\/\/alfadescompte.ad\/es\/anotaciones\/","og_site_name":"Alfa Descompte","article_modified_time":"2022-06-24T15:05:12+00:00","twitter_card":"summary_large_image","twitter_misc":{"Tiempo de lectura":"2 minutos"},"schema":{"@context":"https:\/\/schema.org","@graph":[{"@type":"WebPage","@id":"https:\/\/alfadescompte.ad\/fr\/mentions-legales\/","url":"https:\/\/alfadescompte.ad\/fr\/mentions-legales\/","name":"Informaci\u00f3n legal - Alfa Descompte","isPartOf":{"@id":"https:\/\/alfadescompte.ad\/#website"},"datePublished":"2022-04-12T11:04:28+00:00","dateModified":"2022-06-24T15:05:12+00:00","breadcrumb":{"@id":"https:\/\/alfadescompte.ad\/fr\/mentions-legales\/#breadcrumb"},"inLanguage":"es","potentialAction":[{"@type":"ReadAction","target":["https:\/\/alfadescompte.ad\/fr\/mentions-legales\/"]}]},{"@type":"BreadcrumbList","@id":"https:\/\/alfadescompte.ad\/fr\/mentions-legales\/#breadcrumb","itemListElement":[{"@type":"ListItem","position":1,"name":"Accueil","item":"https:\/\/alfadescompte.ad\/fr\/"},{"@type":"ListItem","position":2,"name":"Mentions l\u00e9gales"}]},{"@type":"WebSite","@id":"https:\/\/alfadescompte.ad\/#website","url":"https:\/\/alfadescompte.ad\/","name":"Alfa Descompte","description":"","publisher":{"@id":"https:\/\/alfadescompte.ad\/#organization"},"potentialAction":[{"@type":"SearchAction","target":{"@type":"EntryPoint","urlTemplate":"https:\/\/alfadescompte.ad\/?s={search_term_string}"},"query-input":{"@type":"PropertyValueSpecification","valueRequired":true,"valueName":"search_term_string"}}],"inLanguage":"es"},{"@type":"Organization","@id":"https:\/\/alfadescompte.ad\/#organization","name":"Alfa Descompte","url":"https:\/\/alfadescompte.ad\/","logo":{"@type":"ImageObject","inLanguage":"es","@id":"https:\/\/alfadescompte.ad\/#\/schema\/logo\/image\/","url":"https:\/\/alfadescompte.ad\/wp-content\/uploads\/2022\/04\/cropped-logo-alfa-1-1.png","contentUrl":"https:\/\/alfadescompte.ad\/wp-content\/uploads\/2022\/04\/cropped-logo-alfa-1-1.png","width":424,"height":128,"caption":"Alfa Descompte"},"image":{"@id":"https:\/\/alfadescompte.ad\/#\/schema\/logo\/image\/"}}]}},"_links":{"self":[{"href":"https:\/\/alfadescompte.ad\/es\/wp-json\/wp\/v2\/pages\/25883","targetHints":{"allow":["GET"]}}],"collection":[{"href":"https:\/\/alfadescompte.ad\/es\/wp-json\/wp\/v2\/pages"}],"about":[{"href":"https:\/\/alfadescompte.ad\/es\/wp-json\/wp\/v2\/types\/page"}],"author":[{"embeddable":true,"href":"https:\/\/alfadescompte.ad\/es\/wp-json\/wp\/v2\/users\/1"}],"replies":[{"embeddable":true,"href":"https:\/\/alfadescompte.ad\/es\/wp-json\/wp\/v2\/comments?post=25883"}],"version-history":[{"count":9,"href":"https:\/\/alfadescompte.ad\/es\/wp-json\/wp\/v2\/pages\/25883\/revisions"}],"predecessor-version":[{"id":37708,"href":"https:\/\/alfadescompte.ad\/es\/wp-json\/wp\/v2\/pages\/25883\/revisions\/37708"}],"wp:attachment":[{"href":"https:\/\/alfadescompte.ad\/es\/wp-json\/wp\/v2\/media?parent=25883"}],"curies":[{"name":"wp","href":"https:\/\/api.w.org\/{rel}","templated":true}]}}