{"id":25887,"date":"2022-04-12T11:05:13","date_gmt":"2022-04-12T11:05:13","guid":{"rendered":"http:\/\/alfadescompte.com\/?page_id=25887"},"modified":"2022-06-24T15:14:24","modified_gmt":"2022-06-24T15:14:24","slug":"entrega","status":"publish","type":"page","link":"https:\/\/alfadescompte.ad\/es\/entrega\/","title":{"rendered":"Entrega"},"content":{"rendered":"<h5 class=\"wp-block-heading\"><strong>Productos disponibles en la tienda: Recogida gratuita de su pedido en 1 hora<\/strong><\/h5>\n\n\n\n<p style=\"text-align : justify\">Simple, r\u00e1pido y gratuito ALFA DESCOMPTE le ofrece pedir en l\u00ednea muchos productos de alta tecnolog\u00eda y recoger su compra en la tienda 1 hora despu\u00e9s de la validaci\u00f3n del pedido.<\/p>\n\n\n\n<p>Aprovechar esto es muy sencillo:<br>- Seleccione la recogida en tienda cuando se ofrezca<br>- Finalice su pedido y valide su cesta<br>- Una vez que hayas recibido el aviso de disponibilidad, recoge tu compra en la tienda con tu DNI + n\u00famero de pedido<\/p>\n\n\n\n<h5 class=\"wp-block-heading\"><strong>ALFA DESCOMPTE<\/strong><\/h5>\n\n\n\n<p><strong>Av. Dr. Mitjavila, 18<\/strong><br><strong>AD500 Andorra la vella<\/strong><\/p>\n\n\n\n<p><strong>De lunes a viernes: de 9 a 14 y de 16 a 19 horas<\/strong><br><strong>Tel\u00e9fono: +376 759 436<\/strong><\/p>\n\n\n\n<p><strong>Correo electr\u00f3nico : <\/strong><a href=\"mailto:alfadescompte1@orange.fr\"><strong>alfadescompte1@orange.fr<\/strong><\/a><strong><\/strong><\/p>\n\n\n\n<h5 class=\"wp-block-heading\"><strong>Productos disponibles por encargo: Recogida gratuita de su pedido en un plazo de 3 a 5 d\u00edas<\/strong><\/h5>\n\n\n\n<ul class=\"wp-block-list\"><li style=\"text-align : justify\">Finalice su pedido y valide su cesta<\/li><li>Su pedido est\u00e1 procesado: se enviar\u00e1 en un plazo de 2 a 3 d\u00edas laborables a Andorra<\/li><li>Su pedido est\u00e1 en tr\u00e1nsito: est\u00e1 en camino y se entregar\u00e1 en un plazo de 3 a 5 d\u00edas laborables<\/li><li>Una vez que hayas recibido el aviso de disponibilidad, recoge tu compra en la tienda con tu DNI + n\u00famero de pedido<\/li><\/ul>\n\n\n\n<p>Las operaciones aduaneras y log\u00edsticas pueden tardar hasta tres d\u00edas m\u00e1s.<\/p>\n\n\n\n<h5 class=\"wp-block-heading\"><strong>Productos desmaterializados<\/strong><\/h5>\n\n\n\n<ul style=\"text-align : justify\"><li>Software de Microsoft<\/li><li>Finalice su pedido y valide su cesta<\/li><li>Su pedido est\u00e1 procesado: se entregar\u00e1 en unos segundos<\/li><li style=\"text-align : justify\">Su pedido se entrega: encontrar\u00e1 en su buz\u00f3n la clave de licencia original y todas las instrucciones para una instalaci\u00f3n r\u00e1pida y sencilla<\/li><li>Otros programas inform\u00e1ticos<\/li><li>Finalice su pedido y valide su cesta<\/li><li>Su pedido est\u00e1 procesado: se entregar\u00e1 en 24 horas<\/li><li style=\"text-align : justify\">Su pedido se entrega: encontrar\u00e1 en su buz\u00f3n la clave de licencia original y todas las instrucciones para una instalaci\u00f3n r\u00e1pida y sencilla<\/li><\/ul>","protected":false},"excerpt":{"rendered":"<p>Produits disponibles en boutique&nbsp;: Retrait gratuit de votre commande en 1 heure Simple, rapide et gratuit ALFA DESCOMPTE vous propose de commander en ligne de nombreux produits High Tech et de retirer votre achat en boutique 1h apr\u00e8s validation de la commande. Pour en profiter, c\u2019est tr\u00e8s simple\u00a0:&#8211; S\u00e9lectionnez le retrait magasin quand il est [&hellip;]<\/p>\n","protected":false},"author":1,"featured_media":0,"parent":0,"menu_order":0,"comment_status":"closed","ping_status":"closed","template":"","meta":{"footnotes":""},"class_list":["post-25887","page","type-page","status-publish","czr-hentry"],"yoast_head":"<!-- This site is optimized with the Yoast SEO plugin v27.4 - https:\/\/yoast.com\/product\/yoast-seo-wordpress\/ -->\n<title>Livraison - Alfa Descompte<\/title>\n<meta name=\"robots\" content=\"index, follow, max-snippet:-1, max-image-preview:large, max-video-preview:-1\" \/>\n<link rel=\"canonical\" href=\"https:\/\/alfadescompte.ad\/es\/entrega\/\" \/>\n<meta property=\"og:locale\" content=\"es_ES\" \/>\n<meta property=\"og:type\" content=\"article\" \/>\n<meta property=\"og:title\" content=\"Livraison - Alfa Descompte\" \/>\n<meta property=\"og:description\" content=\"Produits disponibles en boutique&nbsp;: Retrait gratuit de votre commande en 1 heure Simple, rapide et gratuit ALFA DESCOMPTE vous propose de commander en ligne de nombreux produits High Tech et de retirer votre achat en boutique 1h apr\u00e8s validation de la commande. Pour en profiter, c\u2019est tr\u00e8s simple\u00a0:&#8211; S\u00e9lectionnez le retrait magasin quand il est [&hellip;]\" \/>\n<meta property=\"og:url\" content=\"https:\/\/alfadescompte.ad\/es\/entrega\/\" \/>\n<meta property=\"og:site_name\" content=\"Alfa Descompte\" \/>\n<meta property=\"article:modified_time\" content=\"2022-06-24T15:14:24+00:00\" \/>\n<meta name=\"twitter:card\" content=\"summary_large_image\" \/>\n<meta name=\"twitter:label1\" content=\"Tiempo de lectura\" \/>\n\t<meta name=\"twitter:data1\" content=\"2 minutos\" \/>\n<script type=\"application\/ld+json\" class=\"yoast-schema-graph\">{\"@context\":\"https:\\\/\\\/schema.org\",\"@graph\":[{\"@type\":\"WebPage\",\"@id\":\"https:\\\/\\\/alfadescompte.ad\\\/livraison\\\/\",\"url\":\"https:\\\/\\\/alfadescompte.ad\\\/livraison\\\/\",\"name\":\"Livraison - Alfa Descompte\",\"isPartOf\":{\"@id\":\"https:\\\/\\\/alfadescompte.ad\\\/#website\"},\"datePublished\":\"2022-04-12T11:05:13+00:00\",\"dateModified\":\"2022-06-24T15:14:24+00:00\",\"breadcrumb\":{\"@id\":\"https:\\\/\\\/alfadescompte.ad\\\/livraison\\\/#breadcrumb\"},\"inLanguage\":\"es\",\"potentialAction\":[{\"@type\":\"ReadAction\",\"target\":[\"https:\\\/\\\/alfadescompte.ad\\\/livraison\\\/\"]}]},{\"@type\":\"BreadcrumbList\",\"@id\":\"https:\\\/\\\/alfadescompte.ad\\\/livraison\\\/#breadcrumb\",\"itemListElement\":[{\"@type\":\"ListItem\",\"position\":1,\"name\":\"Accueil\",\"item\":\"https:\\\/\\\/alfadescompte.ad\\\/fr\\\/\"},{\"@type\":\"ListItem\",\"position\":2,\"name\":\"Livraison\"}]},{\"@type\":\"WebSite\",\"@id\":\"https:\\\/\\\/alfadescompte.ad\\\/#website\",\"url\":\"https:\\\/\\\/alfadescompte.ad\\\/\",\"name\":\"Alfa Descompte\",\"description\":\"\",\"publisher\":{\"@id\":\"https:\\\/\\\/alfadescompte.ad\\\/#organization\"},\"potentialAction\":[{\"@type\":\"SearchAction\",\"target\":{\"@type\":\"EntryPoint\",\"urlTemplate\":\"https:\\\/\\\/alfadescompte.ad\\\/?s={search_term_string}\"},\"query-input\":{\"@type\":\"PropertyValueSpecification\",\"valueRequired\":true,\"valueName\":\"search_term_string\"}}],\"inLanguage\":\"es\"},{\"@type\":\"Organization\",\"@id\":\"https:\\\/\\\/alfadescompte.ad\\\/#organization\",\"name\":\"Alfa Descompte\",\"url\":\"https:\\\/\\\/alfadescompte.ad\\\/\",\"logo\":{\"@type\":\"ImageObject\",\"inLanguage\":\"es\",\"@id\":\"https:\\\/\\\/alfadescompte.ad\\\/#\\\/schema\\\/logo\\\/image\\\/\",\"url\":\"https:\\\/\\\/alfadescompte.ad\\\/wp-content\\\/uploads\\\/2022\\\/04\\\/cropped-logo-alfa-1-1.png\",\"contentUrl\":\"https:\\\/\\\/alfadescompte.ad\\\/wp-content\\\/uploads\\\/2022\\\/04\\\/cropped-logo-alfa-1-1.png\",\"width\":424,\"height\":128,\"caption\":\"Alfa Descompte\"},\"image\":{\"@id\":\"https:\\\/\\\/alfadescompte.ad\\\/#\\\/schema\\\/logo\\\/image\\\/\"}}]}<\/script>\n<!-- \/ Yoast SEO plugin. -->","yoast_head_json":{"title":"Entrega - Alfa Descompte","robots":{"index":"index","follow":"follow","max-snippet":"max-snippet:-1","max-image-preview":"max-image-preview:large","max-video-preview":"max-video-preview:-1"},"canonical":"https:\/\/alfadescompte.ad\/es\/entrega\/","og_locale":"es_ES","og_type":"article","og_title":"Livraison - Alfa Descompte","og_description":"Produits disponibles en boutique&nbsp;: Retrait gratuit de votre commande en 1 heure Simple, rapide et gratuit ALFA DESCOMPTE vous propose de commander en ligne de nombreux produits High Tech et de retirer votre achat en boutique 1h apr\u00e8s validation de la commande. Pour en profiter, c\u2019est tr\u00e8s simple\u00a0:&#8211; S\u00e9lectionnez le retrait magasin quand il est [&hellip;]","og_url":"https:\/\/alfadescompte.ad\/es\/entrega\/","og_site_name":"Alfa Descompte","article_modified_time":"2022-06-24T15:14:24+00:00","twitter_card":"summary_large_image","twitter_misc":{"Tiempo de lectura":"2 minutos"},"schema":{"@context":"https:\/\/schema.org","@graph":[{"@type":"WebPage","@id":"https:\/\/alfadescompte.ad\/livraison\/","url":"https:\/\/alfadescompte.ad\/livraison\/","name":"Entrega - Alfa Descompte","isPartOf":{"@id":"https:\/\/alfadescompte.ad\/#website"},"datePublished":"2022-04-12T11:05:13+00:00","dateModified":"2022-06-24T15:14:24+00:00","breadcrumb":{"@id":"https:\/\/alfadescompte.ad\/livraison\/#breadcrumb"},"inLanguage":"es","potentialAction":[{"@type":"ReadAction","target":["https:\/\/alfadescompte.ad\/livraison\/"]}]},{"@type":"BreadcrumbList","@id":"https:\/\/alfadescompte.ad\/livraison\/#breadcrumb","itemListElement":[{"@type":"ListItem","position":1,"name":"Accueil","item":"https:\/\/alfadescompte.ad\/fr\/"},{"@type":"ListItem","position":2,"name":"Livraison"}]},{"@type":"WebSite","@id":"https:\/\/alfadescompte.ad\/#website","url":"https:\/\/alfadescompte.ad\/","name":"Alfa Descompte","description":"","publisher":{"@id":"https:\/\/alfadescompte.ad\/#organization"},"potentialAction":[{"@type":"SearchAction","target":{"@type":"EntryPoint","urlTemplate":"https:\/\/alfadescompte.ad\/?s={search_term_string}"},"query-input":{"@type":"PropertyValueSpecification","valueRequired":true,"valueName":"search_term_string"}}],"inLanguage":"es"},{"@type":"Organization","@id":"https:\/\/alfadescompte.ad\/#organization","name":"Alfa Descompte","url":"https:\/\/alfadescompte.ad\/","logo":{"@type":"ImageObject","inLanguage":"es","@id":"https:\/\/alfadescompte.ad\/#\/schema\/logo\/image\/","url":"https:\/\/alfadescompte.ad\/wp-content\/uploads\/2022\/04\/cropped-logo-alfa-1-1.png","contentUrl":"https:\/\/alfadescompte.ad\/wp-content\/uploads\/2022\/04\/cropped-logo-alfa-1-1.png","width":424,"height":128,"caption":"Alfa Descompte"},"image":{"@id":"https:\/\/alfadescompte.ad\/#\/schema\/logo\/image\/"}}]}},"_links":{"self":[{"href":"https:\/\/alfadescompte.ad\/es\/wp-json\/wp\/v2\/pages\/25887","targetHints":{"allow":["GET"]}}],"collection":[{"href":"https:\/\/alfadescompte.ad\/es\/wp-json\/wp\/v2\/pages"}],"about":[{"href":"https:\/\/alfadescompte.ad\/es\/wp-json\/wp\/v2\/types\/page"}],"author":[{"embeddable":true,"href":"https:\/\/alfadescompte.ad\/es\/wp-json\/wp\/v2\/users\/1"}],"replies":[{"embeddable":true,"href":"https:\/\/alfadescompte.ad\/es\/wp-json\/wp\/v2\/comments?post=25887"}],"version-history":[{"count":10,"href":"https:\/\/alfadescompte.ad\/es\/wp-json\/wp\/v2\/pages\/25887\/revisions"}],"predecessor-version":[{"id":37722,"href":"https:\/\/alfadescompte.ad\/es\/wp-json\/wp\/v2\/pages\/25887\/revisions\/37722"}],"wp:attachment":[{"href":"https:\/\/alfadescompte.ad\/es\/wp-json\/wp\/v2\/media?parent=25887"}],"curies":[{"name":"wp","href":"https:\/\/api.w.org\/{rel}","templated":true}]}}