{"id":25889,"date":"2022-04-12T11:05:22","date_gmt":"2022-04-12T11:05:22","guid":{"rendered":"http:\/\/alfadescompte.com\/?page_id=25889"},"modified":"2022-06-24T15:51:02","modified_gmt":"2022-06-24T15:51:02","slug":"retour","status":"publish","type":"page","link":"https:\/\/alfadescompte.ad\/es\/retour\/","title":{"rendered":"Volver"},"content":{"rendered":"<p><strong>\u00bfHa recibido un producto equivocado?<\/strong><br>Nuestras disculpas. Por favor, inf\u00f3rmenos para que podamos rectificar esto inmediatamente.<br><\/p>\n\n\n\n<p style=\"text-align : justify\"><strong>\u00bfQuiere devolver su pedido?<\/strong><br>Lamentamos que no est\u00e9 satisfecho con su pedido. Tienes 14 d\u00edas para devolver el producto. A continuaci\u00f3n, se le reembolsar\u00e1 el importe total de su pedido mediante el m\u00e9todo de pago utilizado en el momento de realizarlo. El art\u00edculo debe ser devuelto en su estado original.<br>Para una mejor manipulaci\u00f3n, indique la palabra \"C\" en la casilla.\u00a0<strong>volver al remitente<\/strong>\u00a0\" en el sobre y no olvides a\u00f1adir tu&nbsp;<strong>n\u00famero de pedido<\/strong>. Puede enviar la declaraci\u00f3n a la direcci\u00f3n que figura a continuaci\u00f3n:<\/p>\n\n\n\n<h5 class=\"wp-block-heading\"><strong>ALFA DESCOMPTE<br><\/strong>Avinguda Dr. Mitjavila<br>AD500 Andorra La Vella<\/h5>\n\n\n\n<p style=\"text-align : justify\"><strong>\u00bfQu\u00e9 sucede una vez que ha presentado su declaraci\u00f3n?<\/strong><br>Una vez que hayamos recibido el producto y procesado su devoluci\u00f3n, le reembolsaremos el importe debido en un plazo de cinco d\u00edas laborables a partir de su recepci\u00f3n.<\/p>\n\n\n\n<p style=\"text-align : justify\"><strong>Excepciones<\/strong><br>El derecho de desistimiento no se aplicar\u00e1 a los contratos referidos a :<br>- El suministro de contenidos digitales que no se facilitan en un soporte material cuando la ejecuci\u00f3n ha comenzado con el acuerdo previo y expreso del consumidor y el usuario, a sabiendas de que, en consecuencia, pierden su derecho de desistimiento. <br>- El suministro de productos precintados que no pueden devolverse por motivos de salud o higiene y que han sido desprecintados despu\u00e9s de la entrega (como productos de depilaci\u00f3n, planchas de pelo, cortapelos, productos de peluquer\u00eda, productos de cuidado dental, masajeadores, procesadores de alimentos, auriculares o gafas de realidad virtual).<br>- El suministro de grabaciones sonoras o de v\u00eddeo selladas o de programas de ordenador sellados que han sido desprecintados por el consumidor y el usuario despu\u00e9s de la entrega.<br>- El suministro de contenidos digitales que no se facilitan en un soporte material cuando la ejecuci\u00f3n ha comenzado con el acuerdo previo y expreso del consumidor y el usuario, a sabiendas de que, en consecuencia, pierden su derecho de desistimiento.<br><\/p>","protected":false},"excerpt":{"rendered":"<p>Vous avez re\u00e7u le mauvais produit ?Toutes nos excuses. Vous pouvez nous le signaler afin que nous puissions imm\u00e9diatement y rem\u00e9dier. Vous voulez retourner votre commande ?Nous sommes d\u00e9sol\u00e9s d&rsquo;apprendre que vous n&rsquo;\u00eates pas satisfait de votre commande. Vous disposez de 14 jours pour retourner votre produit. Le montant total de votre commande vous sera [&hellip;]<\/p>\n","protected":false},"author":1,"featured_media":0,"parent":0,"menu_order":0,"comment_status":"closed","ping_status":"closed","template":"","meta":{"footnotes":""},"class_list":["post-25889","page","type-page","status-publish","czr-hentry"],"yoast_head":"<!-- This site is optimized with the Yoast SEO plugin v27.4 - https:\/\/yoast.com\/product\/yoast-seo-wordpress\/ -->\n<title>Retour - Alfa Descompte<\/title>\n<meta name=\"robots\" content=\"index, follow, max-snippet:-1, max-image-preview:large, max-video-preview:-1\" \/>\n<link rel=\"canonical\" href=\"https:\/\/alfadescompte.ad\/es\/retour\/\" \/>\n<meta property=\"og:locale\" content=\"es_ES\" \/>\n<meta property=\"og:type\" content=\"article\" \/>\n<meta property=\"og:title\" content=\"Retour - Alfa Descompte\" \/>\n<meta property=\"og:description\" content=\"Vous avez re\u00e7u le mauvais produit ?Toutes nos excuses. Vous pouvez nous le signaler afin que nous puissions imm\u00e9diatement y rem\u00e9dier. Vous voulez retourner votre commande ?Nous sommes d\u00e9sol\u00e9s d&rsquo;apprendre que vous n&rsquo;\u00eates pas satisfait de votre commande. Vous disposez de 14 jours pour retourner votre produit. Le montant total de votre commande vous sera [&hellip;]\" \/>\n<meta property=\"og:url\" content=\"https:\/\/alfadescompte.ad\/es\/retour\/\" \/>\n<meta property=\"og:site_name\" content=\"Alfa Descompte\" \/>\n<meta property=\"article:modified_time\" content=\"2022-06-24T15:51:02+00:00\" \/>\n<meta name=\"twitter:card\" content=\"summary_large_image\" \/>\n<meta name=\"twitter:label1\" content=\"Tiempo de lectura\" \/>\n\t<meta name=\"twitter:data1\" content=\"2 minutos\" \/>\n<script type=\"application\/ld+json\" class=\"yoast-schema-graph\">{\"@context\":\"https:\\\/\\\/schema.org\",\"@graph\":[{\"@type\":\"WebPage\",\"@id\":\"https:\\\/\\\/alfadescompte.ad\\\/retour\\\/\",\"url\":\"https:\\\/\\\/alfadescompte.ad\\\/retour\\\/\",\"name\":\"Retour - Alfa Descompte\",\"isPartOf\":{\"@id\":\"https:\\\/\\\/alfadescompte.ad\\\/#website\"},\"datePublished\":\"2022-04-12T11:05:22+00:00\",\"dateModified\":\"2022-06-24T15:51:02+00:00\",\"breadcrumb\":{\"@id\":\"https:\\\/\\\/alfadescompte.ad\\\/retour\\\/#breadcrumb\"},\"inLanguage\":\"es\",\"potentialAction\":[{\"@type\":\"ReadAction\",\"target\":[\"https:\\\/\\\/alfadescompte.ad\\\/retour\\\/\"]}]},{\"@type\":\"BreadcrumbList\",\"@id\":\"https:\\\/\\\/alfadescompte.ad\\\/retour\\\/#breadcrumb\",\"itemListElement\":[{\"@type\":\"ListItem\",\"position\":1,\"name\":\"Accueil\",\"item\":\"https:\\\/\\\/alfadescompte.ad\\\/fr\\\/\"},{\"@type\":\"ListItem\",\"position\":2,\"name\":\"Retour\"}]},{\"@type\":\"WebSite\",\"@id\":\"https:\\\/\\\/alfadescompte.ad\\\/#website\",\"url\":\"https:\\\/\\\/alfadescompte.ad\\\/\",\"name\":\"Alfa Descompte\",\"description\":\"\",\"publisher\":{\"@id\":\"https:\\\/\\\/alfadescompte.ad\\\/#organization\"},\"potentialAction\":[{\"@type\":\"SearchAction\",\"target\":{\"@type\":\"EntryPoint\",\"urlTemplate\":\"https:\\\/\\\/alfadescompte.ad\\\/?s={search_term_string}\"},\"query-input\":{\"@type\":\"PropertyValueSpecification\",\"valueRequired\":true,\"valueName\":\"search_term_string\"}}],\"inLanguage\":\"es\"},{\"@type\":\"Organization\",\"@id\":\"https:\\\/\\\/alfadescompte.ad\\\/#organization\",\"name\":\"Alfa Descompte\",\"url\":\"https:\\\/\\\/alfadescompte.ad\\\/\",\"logo\":{\"@type\":\"ImageObject\",\"inLanguage\":\"es\",\"@id\":\"https:\\\/\\\/alfadescompte.ad\\\/#\\\/schema\\\/logo\\\/image\\\/\",\"url\":\"https:\\\/\\\/alfadescompte.ad\\\/wp-content\\\/uploads\\\/2022\\\/04\\\/cropped-logo-alfa-1-1.png\",\"contentUrl\":\"https:\\\/\\\/alfadescompte.ad\\\/wp-content\\\/uploads\\\/2022\\\/04\\\/cropped-logo-alfa-1-1.png\",\"width\":424,\"height\":128,\"caption\":\"Alfa Descompte\"},\"image\":{\"@id\":\"https:\\\/\\\/alfadescompte.ad\\\/#\\\/schema\\\/logo\\\/image\\\/\"}}]}<\/script>\n<!-- \/ Yoast SEO plugin. -->","yoast_head_json":{"title":"Volver - Alfa Descompte","robots":{"index":"index","follow":"follow","max-snippet":"max-snippet:-1","max-image-preview":"max-image-preview:large","max-video-preview":"max-video-preview:-1"},"canonical":"https:\/\/alfadescompte.ad\/es\/retour\/","og_locale":"es_ES","og_type":"article","og_title":"Retour - Alfa Descompte","og_description":"Vous avez re\u00e7u le mauvais produit ?Toutes nos excuses. Vous pouvez nous le signaler afin que nous puissions imm\u00e9diatement y rem\u00e9dier. Vous voulez retourner votre commande ?Nous sommes d\u00e9sol\u00e9s d&rsquo;apprendre que vous n&rsquo;\u00eates pas satisfait de votre commande. Vous disposez de 14 jours pour retourner votre produit. Le montant total de votre commande vous sera [&hellip;]","og_url":"https:\/\/alfadescompte.ad\/es\/retour\/","og_site_name":"Alfa Descompte","article_modified_time":"2022-06-24T15:51:02+00:00","twitter_card":"summary_large_image","twitter_misc":{"Tiempo de lectura":"2 minutos"},"schema":{"@context":"https:\/\/schema.org","@graph":[{"@type":"WebPage","@id":"https:\/\/alfadescompte.ad\/retour\/","url":"https:\/\/alfadescompte.ad\/retour\/","name":"Volver - Alfa Descompte","isPartOf":{"@id":"https:\/\/alfadescompte.ad\/#website"},"datePublished":"2022-04-12T11:05:22+00:00","dateModified":"2022-06-24T15:51:02+00:00","breadcrumb":{"@id":"https:\/\/alfadescompte.ad\/retour\/#breadcrumb"},"inLanguage":"es","potentialAction":[{"@type":"ReadAction","target":["https:\/\/alfadescompte.ad\/retour\/"]}]},{"@type":"BreadcrumbList","@id":"https:\/\/alfadescompte.ad\/retour\/#breadcrumb","itemListElement":[{"@type":"ListItem","position":1,"name":"Accueil","item":"https:\/\/alfadescompte.ad\/fr\/"},{"@type":"ListItem","position":2,"name":"Retour"}]},{"@type":"WebSite","@id":"https:\/\/alfadescompte.ad\/#website","url":"https:\/\/alfadescompte.ad\/","name":"Alfa Descompte","description":"","publisher":{"@id":"https:\/\/alfadescompte.ad\/#organization"},"potentialAction":[{"@type":"SearchAction","target":{"@type":"EntryPoint","urlTemplate":"https:\/\/alfadescompte.ad\/?s={search_term_string}"},"query-input":{"@type":"PropertyValueSpecification","valueRequired":true,"valueName":"search_term_string"}}],"inLanguage":"es"},{"@type":"Organization","@id":"https:\/\/alfadescompte.ad\/#organization","name":"Alfa Descompte","url":"https:\/\/alfadescompte.ad\/","logo":{"@type":"ImageObject","inLanguage":"es","@id":"https:\/\/alfadescompte.ad\/#\/schema\/logo\/image\/","url":"https:\/\/alfadescompte.ad\/wp-content\/uploads\/2022\/04\/cropped-logo-alfa-1-1.png","contentUrl":"https:\/\/alfadescompte.ad\/wp-content\/uploads\/2022\/04\/cropped-logo-alfa-1-1.png","width":424,"height":128,"caption":"Alfa Descompte"},"image":{"@id":"https:\/\/alfadescompte.ad\/#\/schema\/logo\/image\/"}}]}},"_links":{"self":[{"href":"https:\/\/alfadescompte.ad\/es\/wp-json\/wp\/v2\/pages\/25889","targetHints":{"allow":["GET"]}}],"collection":[{"href":"https:\/\/alfadescompte.ad\/es\/wp-json\/wp\/v2\/pages"}],"about":[{"href":"https:\/\/alfadescompte.ad\/es\/wp-json\/wp\/v2\/types\/page"}],"author":[{"embeddable":true,"href":"https:\/\/alfadescompte.ad\/es\/wp-json\/wp\/v2\/users\/1"}],"replies":[{"embeddable":true,"href":"https:\/\/alfadescompte.ad\/es\/wp-json\/wp\/v2\/comments?post=25889"}],"version-history":[{"count":15,"href":"https:\/\/alfadescompte.ad\/es\/wp-json\/wp\/v2\/pages\/25889\/revisions"}],"predecessor-version":[{"id":37736,"href":"https:\/\/alfadescompte.ad\/es\/wp-json\/wp\/v2\/pages\/25889\/revisions\/37736"}],"wp:attachment":[{"href":"https:\/\/alfadescompte.ad\/es\/wp-json\/wp\/v2\/media?parent=25889"}],"curies":[{"name":"wp","href":"https:\/\/api.w.org\/{rel}","templated":true}]}}