{"id":37605,"date":"2022-06-24T08:00:07","date_gmt":"2022-06-24T08:00:07","guid":{"rendered":"http:\/\/alfadescompte.com\/?page_id=37605"},"modified":"2022-06-24T13:46:48","modified_gmt":"2022-06-24T13:46:48","slug":"pago-seguridad","status":"publish","type":"page","link":"https:\/\/alfadescompte.ad\/es\/pago-seguridad\/","title":{"rendered":"Pago seguro"},"content":{"rendered":"<p style=\"text-align : justify\">En alfadescompte.ad puede pagar su pedido en l\u00ednea inmediatamente. Es importante que pueda pagar de forma f\u00e1cil y segura.<\/p>\n\n\n\n<h5 class=\"wp-block-heading\"><strong>Tarjeta de cr\u00e9dito (Mastercard, VISA, American Express, V PAY, Maestro)<\/strong><\/h5>\n\n\n\n<p style=\"text-align : justify\">Puede pagar con MasterCard, VISA, American Express, V PAY o Maestro. La informaci\u00f3n se introduce a trav\u00e9s de una conexi\u00f3n segura para que no corra ning\u00fan riesgo. El pago con tarjeta de cr\u00e9dito se procesa casi inmediatamente para que podamos procesar y enviar su pedido de inmediato. Los pagos con tarjeta de cr\u00e9dito y bancaria son procesados por nuestro socio MoraBanc. Introduzca su n\u00famero de tarjeta y otros datos en el sitio web de MoraBanc y el pago se procesar\u00e1 inmediatamente. Una vez completado el pedido con \u00e9xito, volver\u00e1 a nuestro sitio web. Nunca conocemos los datos de la tarjeta de nuestros clientes. Esta informaci\u00f3n se introduce de forma segura, se utiliza para el pago y no se almacena. No cobramos un suplemento por los pagos con tarjeta de cr\u00e9dito.<\/p>","protected":false},"excerpt":{"rendered":"<p>Chez alfadescompte.ad, vous pouvez payer imm\u00e9diatement votre commande en ligne. Il est important que vous puissiez payer facilement et en toute s\u00e9curit\u00e9. Carte de cr\u00e9dit (Mastercard, VISA, American Express, V PAY, Maestro) Vous pouvez payer avec une carte de cr\u00e9dit ou carte bancaire MasterCard, VISA, American Express, V PAY ou Maestro. Les informations sont saisies [&hellip;]<\/p>\n","protected":false},"author":2,"featured_media":0,"parent":0,"menu_order":0,"comment_status":"closed","ping_status":"closed","template":"","meta":{"footnotes":""},"class_list":["post-37605","page","type-page","status-publish","czr-hentry"],"yoast_head":"<!-- This site is optimized with the Yoast SEO plugin v27.4 - https:\/\/yoast.com\/product\/yoast-seo-wordpress\/ -->\n<title>Paiement s\u00e9curis\u00e9 - Alfa Descompte<\/title>\n<meta name=\"robots\" content=\"index, follow, max-snippet:-1, max-image-preview:large, max-video-preview:-1\" \/>\n<link rel=\"canonical\" href=\"https:\/\/alfadescompte.ad\/es\/pago-seguridad\/\" \/>\n<meta property=\"og:locale\" content=\"es_ES\" \/>\n<meta property=\"og:type\" content=\"article\" \/>\n<meta property=\"og:title\" content=\"Paiement s\u00e9curis\u00e9 - Alfa Descompte\" \/>\n<meta property=\"og:description\" content=\"Chez alfadescompte.ad, vous pouvez payer imm\u00e9diatement votre commande en ligne. Il est important que vous puissiez payer facilement et en toute s\u00e9curit\u00e9. Carte de cr\u00e9dit (Mastercard, VISA, American Express, V PAY, Maestro) Vous pouvez payer avec une carte de cr\u00e9dit ou carte bancaire MasterCard, VISA, American Express, V PAY ou Maestro. Les informations sont saisies [&hellip;]\" \/>\n<meta property=\"og:url\" content=\"https:\/\/alfadescompte.ad\/es\/pago-seguridad\/\" \/>\n<meta property=\"og:site_name\" content=\"Alfa Descompte\" \/>\n<meta property=\"article:modified_time\" content=\"2022-06-24T13:46:48+00:00\" \/>\n<meta name=\"twitter:card\" content=\"summary_large_image\" \/>\n<meta name=\"twitter:label1\" content=\"Tiempo de lectura\" \/>\n\t<meta name=\"twitter:data1\" content=\"1 minuto\" \/>\n<script type=\"application\/ld+json\" class=\"yoast-schema-graph\">{\"@context\":\"https:\\\/\\\/schema.org\",\"@graph\":[{\"@type\":\"WebPage\",\"@id\":\"https:\\\/\\\/alfadescompte.ad\\\/paiement-securise\\\/\",\"url\":\"https:\\\/\\\/alfadescompte.ad\\\/paiement-securise\\\/\",\"name\":\"Paiement s\u00e9curis\u00e9 - Alfa Descompte\",\"isPartOf\":{\"@id\":\"https:\\\/\\\/alfadescompte.ad\\\/#website\"},\"datePublished\":\"2022-06-24T08:00:07+00:00\",\"dateModified\":\"2022-06-24T13:46:48+00:00\",\"breadcrumb\":{\"@id\":\"https:\\\/\\\/alfadescompte.ad\\\/paiement-securise\\\/#breadcrumb\"},\"inLanguage\":\"es\",\"potentialAction\":[{\"@type\":\"ReadAction\",\"target\":[\"https:\\\/\\\/alfadescompte.ad\\\/paiement-securise\\\/\"]}]},{\"@type\":\"BreadcrumbList\",\"@id\":\"https:\\\/\\\/alfadescompte.ad\\\/paiement-securise\\\/#breadcrumb\",\"itemListElement\":[{\"@type\":\"ListItem\",\"position\":1,\"name\":\"Accueil\",\"item\":\"https:\\\/\\\/alfadescompte.ad\\\/fr\\\/\"},{\"@type\":\"ListItem\",\"position\":2,\"name\":\"Paiement s\u00e9curis\u00e9\"}]},{\"@type\":\"WebSite\",\"@id\":\"https:\\\/\\\/alfadescompte.ad\\\/#website\",\"url\":\"https:\\\/\\\/alfadescompte.ad\\\/\",\"name\":\"Alfa Descompte\",\"description\":\"\",\"publisher\":{\"@id\":\"https:\\\/\\\/alfadescompte.ad\\\/#organization\"},\"potentialAction\":[{\"@type\":\"SearchAction\",\"target\":{\"@type\":\"EntryPoint\",\"urlTemplate\":\"https:\\\/\\\/alfadescompte.ad\\\/?s={search_term_string}\"},\"query-input\":{\"@type\":\"PropertyValueSpecification\",\"valueRequired\":true,\"valueName\":\"search_term_string\"}}],\"inLanguage\":\"es\"},{\"@type\":\"Organization\",\"@id\":\"https:\\\/\\\/alfadescompte.ad\\\/#organization\",\"name\":\"Alfa Descompte\",\"url\":\"https:\\\/\\\/alfadescompte.ad\\\/\",\"logo\":{\"@type\":\"ImageObject\",\"inLanguage\":\"es\",\"@id\":\"https:\\\/\\\/alfadescompte.ad\\\/#\\\/schema\\\/logo\\\/image\\\/\",\"url\":\"https:\\\/\\\/alfadescompte.ad\\\/wp-content\\\/uploads\\\/2022\\\/04\\\/cropped-logo-alfa-1-1.png\",\"contentUrl\":\"https:\\\/\\\/alfadescompte.ad\\\/wp-content\\\/uploads\\\/2022\\\/04\\\/cropped-logo-alfa-1-1.png\",\"width\":424,\"height\":128,\"caption\":\"Alfa Descompte\"},\"image\":{\"@id\":\"https:\\\/\\\/alfadescompte.ad\\\/#\\\/schema\\\/logo\\\/image\\\/\"}}]}<\/script>\n<!-- \/ Yoast SEO plugin. -->","yoast_head_json":{"title":"Pago seguro - Alfa Descompte","robots":{"index":"index","follow":"follow","max-snippet":"max-snippet:-1","max-image-preview":"max-image-preview:large","max-video-preview":"max-video-preview:-1"},"canonical":"https:\/\/alfadescompte.ad\/es\/pago-seguridad\/","og_locale":"es_ES","og_type":"article","og_title":"Paiement s\u00e9curis\u00e9 - Alfa Descompte","og_description":"Chez alfadescompte.ad, vous pouvez payer imm\u00e9diatement votre commande en ligne. Il est important que vous puissiez payer facilement et en toute s\u00e9curit\u00e9. Carte de cr\u00e9dit (Mastercard, VISA, American Express, V PAY, Maestro) Vous pouvez payer avec une carte de cr\u00e9dit ou carte bancaire MasterCard, VISA, American Express, V PAY ou Maestro. Les informations sont saisies [&hellip;]","og_url":"https:\/\/alfadescompte.ad\/es\/pago-seguridad\/","og_site_name":"Alfa Descompte","article_modified_time":"2022-06-24T13:46:48+00:00","twitter_card":"summary_large_image","twitter_misc":{"Tiempo de lectura":"1 minuto"},"schema":{"@context":"https:\/\/schema.org","@graph":[{"@type":"WebPage","@id":"https:\/\/alfadescompte.ad\/paiement-securise\/","url":"https:\/\/alfadescompte.ad\/paiement-securise\/","name":"Pago seguro - Alfa Descompte","isPartOf":{"@id":"https:\/\/alfadescompte.ad\/#website"},"datePublished":"2022-06-24T08:00:07+00:00","dateModified":"2022-06-24T13:46:48+00:00","breadcrumb":{"@id":"https:\/\/alfadescompte.ad\/paiement-securise\/#breadcrumb"},"inLanguage":"es","potentialAction":[{"@type":"ReadAction","target":["https:\/\/alfadescompte.ad\/paiement-securise\/"]}]},{"@type":"BreadcrumbList","@id":"https:\/\/alfadescompte.ad\/paiement-securise\/#breadcrumb","itemListElement":[{"@type":"ListItem","position":1,"name":"Accueil","item":"https:\/\/alfadescompte.ad\/fr\/"},{"@type":"ListItem","position":2,"name":"Paiement s\u00e9curis\u00e9"}]},{"@type":"WebSite","@id":"https:\/\/alfadescompte.ad\/#website","url":"https:\/\/alfadescompte.ad\/","name":"Alfa Descompte","description":"","publisher":{"@id":"https:\/\/alfadescompte.ad\/#organization"},"potentialAction":[{"@type":"SearchAction","target":{"@type":"EntryPoint","urlTemplate":"https:\/\/alfadescompte.ad\/?s={search_term_string}"},"query-input":{"@type":"PropertyValueSpecification","valueRequired":true,"valueName":"search_term_string"}}],"inLanguage":"es"},{"@type":"Organization","@id":"https:\/\/alfadescompte.ad\/#organization","name":"Alfa Descompte","url":"https:\/\/alfadescompte.ad\/","logo":{"@type":"ImageObject","inLanguage":"es","@id":"https:\/\/alfadescompte.ad\/#\/schema\/logo\/image\/","url":"https:\/\/alfadescompte.ad\/wp-content\/uploads\/2022\/04\/cropped-logo-alfa-1-1.png","contentUrl":"https:\/\/alfadescompte.ad\/wp-content\/uploads\/2022\/04\/cropped-logo-alfa-1-1.png","width":424,"height":128,"caption":"Alfa Descompte"},"image":{"@id":"https:\/\/alfadescompte.ad\/#\/schema\/logo\/image\/"}}]}},"_links":{"self":[{"href":"https:\/\/alfadescompte.ad\/es\/wp-json\/wp\/v2\/pages\/37605","targetHints":{"allow":["GET"]}}],"collection":[{"href":"https:\/\/alfadescompte.ad\/es\/wp-json\/wp\/v2\/pages"}],"about":[{"href":"https:\/\/alfadescompte.ad\/es\/wp-json\/wp\/v2\/types\/page"}],"author":[{"embeddable":true,"href":"https:\/\/alfadescompte.ad\/es\/wp-json\/wp\/v2\/users\/2"}],"replies":[{"embeddable":true,"href":"https:\/\/alfadescompte.ad\/es\/wp-json\/wp\/v2\/comments?post=37605"}],"version-history":[{"count":4,"href":"https:\/\/alfadescompte.ad\/es\/wp-json\/wp\/v2\/pages\/37605\/revisions"}],"predecessor-version":[{"id":37666,"href":"https:\/\/alfadescompte.ad\/es\/wp-json\/wp\/v2\/pages\/37605\/revisions\/37666"}],"wp:attachment":[{"href":"https:\/\/alfadescompte.ad\/es\/wp-json\/wp\/v2\/media?parent=37605"}],"curies":[{"name":"wp","href":"https:\/\/api.w.org\/{rel}","templated":true}]}}