{"id":322,"date":"2022-04-06T07:48:20","date_gmt":"2022-04-06T05:48:20","guid":{"rendered":"http:\/\/alfadescompte.com\/?post_type=product&#038;p=322"},"modified":"2026-03-02T18:43:05","modified_gmt":"2026-03-02T17:43:05","slug":"bitdefender-2021-internet-security","status":"publish","type":"product","link":"https:\/\/alfadescompte.ad\/es\/producto-2\/bitdefender-2021-internet-security\/","title":{"rendered":"Bitdefender Internet Security 2026 - 1 PC - 1 a\u00f1o de suscripci\u00f3n"},"content":{"rendered":"<h3>Seguridad en Internet para Windows<\/h3>\n<p><strong>Bitdefender Internet Security\u00a0<\/strong>est\u00e1 dise\u00f1ado espec\u00edficamente para proteger su PC con Windows de las amenazas de Internet.<\/p>\n<p>Reconocido como el\u00a0<strong>la mejor soluci\u00f3n del mercado<\/strong>beneficiarse de un antivirus y un\u00a0<strong>detecci\u00f3n de amenazas en internet\u00a0<\/strong>con un cortafuegos inteligente, protecci\u00f3n para la c\u00e1mara web o el micr\u00f3fono y una VPN incluida (200 MB\/d\u00eda\/dispositivo) para una mayor seguridad\u00a0<strong>confidencialidad total<\/strong>.<\/p>\n<p>Extremadamente\u00a0<strong>f\u00e1cil de instalar y utilizar<\/strong>,\u00a0<strong>Bitdefender Internet Security<\/strong>\u00a0le permite beneficiarse de tecnolog\u00edas innovadoras capaces de prevenir, detectar y bloquear las ciberamenazas m\u00e1s recientes, en cualquier parte del mundo.<\/p>\n<p>REQUISITOS DEL SISTEMA<\/p>\n<ul class=\"minuteprodpfort\">\n<li>Sistema operativo<br \/>\nMicrosoft Windows 7(SP1), Microsoft Windows 8, Microsoft Windows 10, Microsoft Windows 11<\/li>\n<li>Requisitos m\u00ednimos del sistema<br \/>\nProcesador: Dual Core 1,6 GHz, Memoria (RAM): 1 GB, Espacio disponible en el disco duro: 1,5 GB de espacio libre<\/li>\n<li>Configuraci\u00f3n recomendada del sistema<br \/>\nProcesador: Intel CORE 2 Duo (2 GHz) o procesador equivalente, Memoria (RAM): 2 GB, Espacio disponible en el disco duro: 2 GB de espacio libre<\/li>\n<li>Requisitos del software<br \/>\nMicrosoft Edge<\/li>\n<li>Se integra con<br \/>\nGoogle Chrome versi\u00f3n 56 o superior<br \/>\nMozilla Firefox versi\u00f3n 52 o superior<\/li>\n<\/ul>","protected":false},"excerpt":{"rendered":"<ul>\n<li class=\"point-fort\">N\u00ba 1 en pruebas comparativas independientes<\/li>\n<li class=\"point-fort\">L\u00edder y precursor de las tecnolog\u00edas proactivas<\/li>\n<li class=\"point-fort\">Modo de piloto autom\u00e1tico para una transparencia absoluta<\/li>\n<li class=\"point-fort\">Muy bajo consumo de recursos<\/li>\n<li class=\"point-fort\">Interfaz muy intuitiva<\/li>\n<li class=\"point-fort\">Completa suite de seguridad para toda la familia<\/li>\n<li class=\"point-fort\">Editor europeo<\/li>\n<li class=\"point-fort\">+500 millones de usuarios en todo el mundo<\/li>\n<\/ul>\n<p>Comprar y descargar <strong>Bitdefender Internet Security<\/strong><\/p>\n<p>Tras realizar su pedido, recibir\u00e1 :<\/p>\n<ul>\n<li>El c\u00f3digo de activaci\u00f3n para <strong>Bitdefender Internet Security<\/strong><strong>\u00a02022-2023<\/strong><\/li>\n<li>El enlace de descarga de <strong>Bitdefender Internet Security<\/strong><strong>\u00a02022-2023<\/strong><\/li>\n<li>Gu\u00edas de instalaci\u00f3n y activaci\u00f3n<\/li>\n<\/ul>\n<p>Nuestro servicio de atenci\u00f3n al cliente est\u00e1 disponible los 7 d\u00edas de la semana<\/p>","protected":false},"featured_media":51922,"comment_status":"open","ping_status":"closed","template":"","meta":[],"product_brand":[],"product_cat":[1412,189,20],"product_tag":[],"class_list":{"0":"post-322","1":"product","2":"type-product","3":"status-publish","4":"has-post-thumbnail","6":"product_cat-internet-security","7":"product_cat-bitdefender-products","8":"product_cat-securite","10":"first","11":"instock","12":"sale","13":"downloadable","14":"virtual","15":"purchasable","16":"product-type-simple","17":"czr-hentry"},"yoast_head":"<!-- This site is optimized with the Yoast SEO plugin v27.3 - https:\/\/yoast.com\/product\/yoast-seo-wordpress\/ -->\n<title>Bitdefender Internet Security 2026 - 1 PC - Abonnement 1 an - Alfa Descompte<\/title>\n<meta name=\"robots\" content=\"index, follow, max-snippet:-1, max-image-preview:large, max-video-preview:-1\" \/>\n<link rel=\"canonical\" href=\"https:\/\/alfadescompte.ad\/es\/producto-2\/bitdefender-2021-internet-security\/\" \/>\n<meta property=\"og:locale\" content=\"es_ES\" \/>\n<meta property=\"og:type\" content=\"article\" \/>\n<meta property=\"og:title\" content=\"Bitdefender Internet Security 2026 - 1 PC - Abonnement 1 an - Alfa Descompte\" \/>\n<meta property=\"og:description\" content=\"N\u00b01 des tests comparatifs ind\u00e9pendants  Leader et pr\u00e9curseur des technologies proactives  Mode Autopilot pour une transparence absolue  Tr\u00e8s faible prise de ressources  Interface tr\u00e8s intuitive  Suite s\u00e9curit\u00e9 tr\u00e8s compl\u00e8te pour toute la famille  \u00c9diteur europ\u00e9en  +500 millions d&#039;utilisateurs dans le monde  Acheter et T\u00e9l\u00e9charger Bitdefender Internet Security  Apr\u00e8s avoir pass\u00e9 votre commande, vous recevrez :   Le code de la cl\u00e9 d&#039;activation de Bitdefender Internet Security\u00a02022-2023  Le lien de t\u00e9l\u00e9chargement pour Bitdefender Internet Security\u00a02022-2023  Les guides d\u2019installation et d\u2019activation  Notre service client\u00e8le est disponible 7\/7 jours\" \/>\n<meta property=\"og:url\" content=\"https:\/\/alfadescompte.ad\/es\/producto-2\/bitdefender-2021-internet-security\/\" \/>\n<meta property=\"og:site_name\" content=\"Alfa Descompte\" \/>\n<meta property=\"article:modified_time\" content=\"2026-03-02T17:43:05+00:00\" \/>\n<meta property=\"og:image\" content=\"https:\/\/alfadescompte.ad\/wp-content\/uploads\/2022\/09\/Erika-31.png\" \/>\n\t<meta property=\"og:image:width\" content=\"800\" \/>\n\t<meta property=\"og:image:height\" content=\"800\" \/>\n\t<meta property=\"og:image:type\" content=\"image\/png\" \/>\n<meta name=\"twitter:card\" content=\"summary_large_image\" \/>\n<meta name=\"twitter:label1\" content=\"Tiempo de lectura\" \/>\n\t<meta name=\"twitter:data1\" content=\"2 minutos\" \/>\n<script type=\"application\/ld+json\" class=\"yoast-schema-graph\">{\"@context\":\"https:\\\/\\\/schema.org\",\"@graph\":[{\"@type\":\"WebPage\",\"@id\":\"https:\\\/\\\/alfadescompte.ad\\\/produit\\\/bitdefender-2021-internet-security\\\/\",\"url\":\"https:\\\/\\\/alfadescompte.ad\\\/produit\\\/bitdefender-2021-internet-security\\\/\",\"name\":\"Bitdefender Internet Security 2026 - 1 PC - Abonnement 1 an - Alfa Descompte\",\"isPartOf\":{\"@id\":\"https:\\\/\\\/alfadescompte.ad\\\/#website\"},\"primaryImageOfPage\":{\"@id\":\"https:\\\/\\\/alfadescompte.ad\\\/produit\\\/bitdefender-2021-internet-security\\\/#primaryimage\"},\"image\":{\"@id\":\"https:\\\/\\\/alfadescompte.ad\\\/produit\\\/bitdefender-2021-internet-security\\\/#primaryimage\"},\"thumbnailUrl\":\"https:\\\/\\\/alfadescompte.ad\\\/wp-content\\\/uploads\\\/2022\\\/09\\\/Erika-31.png\",\"datePublished\":\"2022-04-06T05:48:20+00:00\",\"dateModified\":\"2026-03-02T17:43:05+00:00\",\"breadcrumb\":{\"@id\":\"https:\\\/\\\/alfadescompte.ad\\\/produit\\\/bitdefender-2021-internet-security\\\/#breadcrumb\"},\"inLanguage\":\"es\",\"potentialAction\":[{\"@type\":\"ReadAction\",\"target\":[\"https:\\\/\\\/alfadescompte.ad\\\/produit\\\/bitdefender-2021-internet-security\\\/\"]}]},{\"@type\":\"ImageObject\",\"inLanguage\":\"es\",\"@id\":\"https:\\\/\\\/alfadescompte.ad\\\/produit\\\/bitdefender-2021-internet-security\\\/#primaryimage\",\"url\":\"https:\\\/\\\/alfadescompte.ad\\\/wp-content\\\/uploads\\\/2022\\\/09\\\/Erika-31.png\",\"contentUrl\":\"https:\\\/\\\/alfadescompte.ad\\\/wp-content\\\/uploads\\\/2022\\\/09\\\/Erika-31.png\",\"width\":800,\"height\":800},{\"@type\":\"BreadcrumbList\",\"@id\":\"https:\\\/\\\/alfadescompte.ad\\\/produit\\\/bitdefender-2021-internet-security\\\/#breadcrumb\",\"itemListElement\":[{\"@type\":\"ListItem\",\"position\":1,\"name\":\"Accueil\",\"item\":\"https:\\\/\\\/alfadescompte.ad\\\/fr\\\/\"},{\"@type\":\"ListItem\",\"position\":2,\"name\":\"Boutique\",\"item\":\"https:\\\/\\\/alfadescompte.ad\\\/en\\\/boutique\\\/\"},{\"@type\":\"ListItem\",\"position\":3,\"name\":\"Bitdefender Internet Security 2026 &#8211; 1 PC &#8211; Abonnement 1 an\"}]},{\"@type\":\"WebSite\",\"@id\":\"https:\\\/\\\/alfadescompte.ad\\\/#website\",\"url\":\"https:\\\/\\\/alfadescompte.ad\\\/\",\"name\":\"Alfa Descompte\",\"description\":\"\",\"publisher\":{\"@id\":\"https:\\\/\\\/alfadescompte.ad\\\/#organization\"},\"potentialAction\":[{\"@type\":\"SearchAction\",\"target\":{\"@type\":\"EntryPoint\",\"urlTemplate\":\"https:\\\/\\\/alfadescompte.ad\\\/?s={search_term_string}\"},\"query-input\":{\"@type\":\"PropertyValueSpecification\",\"valueRequired\":true,\"valueName\":\"search_term_string\"}}],\"inLanguage\":\"es\"},{\"@type\":\"Organization\",\"@id\":\"https:\\\/\\\/alfadescompte.ad\\\/#organization\",\"name\":\"Alfa Descompte\",\"url\":\"https:\\\/\\\/alfadescompte.ad\\\/\",\"logo\":{\"@type\":\"ImageObject\",\"inLanguage\":\"es\",\"@id\":\"https:\\\/\\\/alfadescompte.ad\\\/#\\\/schema\\\/logo\\\/image\\\/\",\"url\":\"https:\\\/\\\/alfadescompte.ad\\\/wp-content\\\/uploads\\\/2022\\\/04\\\/cropped-logo-alfa-1-1.png\",\"contentUrl\":\"https:\\\/\\\/alfadescompte.ad\\\/wp-content\\\/uploads\\\/2022\\\/04\\\/cropped-logo-alfa-1-1.png\",\"width\":424,\"height\":128,\"caption\":\"Alfa Descompte\"},\"image\":{\"@id\":\"https:\\\/\\\/alfadescompte.ad\\\/#\\\/schema\\\/logo\\\/image\\\/\"}}]}<\/script>\n<!-- \/ Yoast SEO plugin. -->","yoast_head_json":{"title":"Bitdefender Internet Security 2026 - 1 PC - 1 a\u00f1o de suscripci\u00f3n - Alfa Descompte","robots":{"index":"index","follow":"follow","max-snippet":"max-snippet:-1","max-image-preview":"max-image-preview:large","max-video-preview":"max-video-preview:-1"},"canonical":"https:\/\/alfadescompte.ad\/es\/producto-2\/bitdefender-2021-internet-security\/","og_locale":"es_ES","og_type":"article","og_title":"Bitdefender Internet Security 2026 - 1 PC - Abonnement 1 an - Alfa Descompte","og_description":"N\u00b01 des tests comparatifs ind\u00e9pendants  Leader et pr\u00e9curseur des technologies proactives  Mode Autopilot pour une transparence absolue  Tr\u00e8s faible prise de ressources  Interface tr\u00e8s intuitive  Suite s\u00e9curit\u00e9 tr\u00e8s compl\u00e8te pour toute la famille  \u00c9diteur europ\u00e9en  +500 millions d'utilisateurs dans le monde  Acheter et T\u00e9l\u00e9charger Bitdefender Internet Security  Apr\u00e8s avoir pass\u00e9 votre commande, vous recevrez :   Le code de la cl\u00e9 d'activation de Bitdefender Internet Security\u00a02022-2023  Le lien de t\u00e9l\u00e9chargement pour Bitdefender Internet Security\u00a02022-2023  Les guides d\u2019installation et d\u2019activation  Notre service client\u00e8le est disponible 7\/7 jours","og_url":"https:\/\/alfadescompte.ad\/es\/producto-2\/bitdefender-2021-internet-security\/","og_site_name":"Alfa Descompte","article_modified_time":"2026-03-02T17:43:05+00:00","og_image":[{"width":800,"height":800,"url":"https:\/\/alfadescompte.ad\/wp-content\/uploads\/2022\/09\/Erika-31.png","type":"image\/png"}],"twitter_card":"summary_large_image","twitter_misc":{"Tiempo de lectura":"2 minutos"},"schema":{"@context":"https:\/\/schema.org","@graph":[{"@type":"WebPage","@id":"https:\/\/alfadescompte.ad\/produit\/bitdefender-2021-internet-security\/","url":"https:\/\/alfadescompte.ad\/produit\/bitdefender-2021-internet-security\/","name":"Bitdefender Internet Security 2026 - 1 PC - 1 a\u00f1o de suscripci\u00f3n - Alfa Descompte","isPartOf":{"@id":"https:\/\/alfadescompte.ad\/#website"},"primaryImageOfPage":{"@id":"https:\/\/alfadescompte.ad\/produit\/bitdefender-2021-internet-security\/#primaryimage"},"image":{"@id":"https:\/\/alfadescompte.ad\/produit\/bitdefender-2021-internet-security\/#primaryimage"},"thumbnailUrl":"https:\/\/alfadescompte.ad\/wp-content\/uploads\/2022\/09\/Erika-31.png","datePublished":"2022-04-06T05:48:20+00:00","dateModified":"2026-03-02T17:43:05+00:00","breadcrumb":{"@id":"https:\/\/alfadescompte.ad\/produit\/bitdefender-2021-internet-security\/#breadcrumb"},"inLanguage":"es","potentialAction":[{"@type":"ReadAction","target":["https:\/\/alfadescompte.ad\/produit\/bitdefender-2021-internet-security\/"]}]},{"@type":"ImageObject","inLanguage":"es","@id":"https:\/\/alfadescompte.ad\/produit\/bitdefender-2021-internet-security\/#primaryimage","url":"https:\/\/alfadescompte.ad\/wp-content\/uploads\/2022\/09\/Erika-31.png","contentUrl":"https:\/\/alfadescompte.ad\/wp-content\/uploads\/2022\/09\/Erika-31.png","width":800,"height":800},{"@type":"BreadcrumbList","@id":"https:\/\/alfadescompte.ad\/produit\/bitdefender-2021-internet-security\/#breadcrumb","itemListElement":[{"@type":"ListItem","position":1,"name":"Accueil","item":"https:\/\/alfadescompte.ad\/fr\/"},{"@type":"ListItem","position":2,"name":"Boutique","item":"https:\/\/alfadescompte.ad\/en\/boutique\/"},{"@type":"ListItem","position":3,"name":"Bitdefender Internet Security 2026 &#8211; 1 PC &#8211; Abonnement 1 an"}]},{"@type":"WebSite","@id":"https:\/\/alfadescompte.ad\/#website","url":"https:\/\/alfadescompte.ad\/","name":"Alfa Descompte","description":"","publisher":{"@id":"https:\/\/alfadescompte.ad\/#organization"},"potentialAction":[{"@type":"SearchAction","target":{"@type":"EntryPoint","urlTemplate":"https:\/\/alfadescompte.ad\/?s={search_term_string}"},"query-input":{"@type":"PropertyValueSpecification","valueRequired":true,"valueName":"search_term_string"}}],"inLanguage":"es"},{"@type":"Organization","@id":"https:\/\/alfadescompte.ad\/#organization","name":"Alfa Descompte","url":"https:\/\/alfadescompte.ad\/","logo":{"@type":"ImageObject","inLanguage":"es","@id":"https:\/\/alfadescompte.ad\/#\/schema\/logo\/image\/","url":"https:\/\/alfadescompte.ad\/wp-content\/uploads\/2022\/04\/cropped-logo-alfa-1-1.png","contentUrl":"https:\/\/alfadescompte.ad\/wp-content\/uploads\/2022\/04\/cropped-logo-alfa-1-1.png","width":424,"height":128,"caption":"Alfa Descompte"},"image":{"@id":"https:\/\/alfadescompte.ad\/#\/schema\/logo\/image\/"}}]}},"_links":{"self":[{"href":"https:\/\/alfadescompte.ad\/es\/wp-json\/wp\/v2\/product\/322","targetHints":{"allow":["GET"]}}],"collection":[{"href":"https:\/\/alfadescompte.ad\/es\/wp-json\/wp\/v2\/product"}],"about":[{"href":"https:\/\/alfadescompte.ad\/es\/wp-json\/wp\/v2\/types\/product"}],"replies":[{"embeddable":true,"href":"https:\/\/alfadescompte.ad\/es\/wp-json\/wp\/v2\/comments?post=322"}],"wp:featuredmedia":[{"embeddable":true,"href":"https:\/\/alfadescompte.ad\/es\/wp-json\/wp\/v2\/media\/51922"}],"wp:attachment":[{"href":"https:\/\/alfadescompte.ad\/es\/wp-json\/wp\/v2\/media?parent=322"}],"wp:term":[{"taxonomy":"product_brand","embeddable":true,"href":"https:\/\/alfadescompte.ad\/es\/wp-json\/wp\/v2\/product_brand?post=322"},{"taxonomy":"product_cat","embeddable":true,"href":"https:\/\/alfadescompte.ad\/es\/wp-json\/wp\/v2\/product_cat?post=322"},{"taxonomy":"product_tag","embeddable":true,"href":"https:\/\/alfadescompte.ad\/es\/wp-json\/wp\/v2\/product_tag?post=322"}],"curies":[{"name":"wp","href":"https:\/\/api.w.org\/{rel}","templated":true}]}}