{"id":324,"date":"2022-04-06T07:49:26","date_gmt":"2022-04-06T05:49:26","guid":{"rendered":"http:\/\/alfadescompte.com\/?post_type=product&#038;p=324"},"modified":"2026-03-02T18:43:00","modified_gmt":"2026-03-02T17:43:00","slug":"bitdefender-2021-total-security","status":"publish","type":"product","link":"https:\/\/alfadescompte.ad\/es\/producto-2\/bitdefender-2021-total-security\/","title":{"rendered":"Bitdefender Total Security 2026 - 3 dispositivos - 1 a\u00f1o de suscripci\u00f3n"},"content":{"rendered":"<h3>Seguridad total para todos sus dispositivos.<\/h3>\n<p><strong>Bitdefender Total security\u00a0<\/strong>es el antivirus m\u00e1s avanzado de la marca. Con un enfoque en la privacidad, obtienes el m\u00e1s alto nivel de protecci\u00f3n y muchas herramientas para proteger eficazmente todos tus dispositivos y datos.<\/p>\n<p>Estar a salvo<strong>\u00a0contra todas las amenazas<\/strong>\u00a0como virus, ransomware, phishing, intentos de intrusi\u00f3n, acceso a su c\u00e1mara web,\u00a0<strong>sin ralentizar el sistema<\/strong>\u00a0y sus aplicaciones mientras se beneficia de los controles parentales avanzados, un<strong>\u00a0VPN gratuita<\/strong>\u00a0y una limitada\u00a0<strong>muy f\u00e1cil de usar<\/strong>.<\/p>\n<p>Con\u00a0<strong>Bitdefender Total Security<\/strong>Puede beneficiarse de una marca reconocida para obtener la m\u00e1xima seguridad y confidencialidad.<\/p>\n<p>REQUISITOS DEL SISTEMA<\/p>\n<ul class=\"minuteprodpfort\">\n<li>Sistema operativo Windows<br \/>\nMicrosoft Windows 7(SP1), Microsoft Windows 8, Microsoft Windows 10, Microsoft Windows 11<\/li>\n<li>Sistema operativo Mac<br \/>\nMac OS X Yosemite (10.10) y superior<\/li>\n<li>Requisitos m\u00ednimos del sistema<br \/>\nProcesador: Dual Core 1,6 GHz, Memoria (RAM): 1 GB, Espacio disponible en el disco duro: 1,5 GB de espacio libre<\/li>\n<li>Configuraci\u00f3n recomendada del sistema<br \/>\nProcesador: Intel CORE 2 Duo (1,66 GHz) o procesador equivalente, Memoria (RAM): 2 GB, Espacio disponible en el disco duro: 2,5 GB de espacio libre<\/li>\n<li>Requisitos del software<br \/>\nInternet Explorer versi\u00f3n 10 o superior<\/li>\n<li>Se integra con<br \/>\nGoogle Chrome versi\u00f3n 56 o superior<br \/>\nMozilla Firefox versi\u00f3n 52 o superior<br \/>\nMicrosoft Edge<\/li>\n<\/ul>","protected":false},"excerpt":{"rendered":"<p><img decoding=\"async\" src=\"https:\/\/www.minutesoft.com\/img\/cms\/reassurance\/logo-partner-bitdefender.png\" \/><\/p>\n<p>Comprar y descargar <strong>Bitdefender Total Security<\/strong><\/p>\n<p>Despu\u00e9s de hacer su pedido y dentro de<strong>\u00a024 horas<\/strong>Usted recibir\u00e1 :<\/p>\n<ul>\n<li>El c\u00f3digo de activaci\u00f3n para <strong>Bitdefender Total Security<\/strong><strong>\u00a02022-2023<\/strong><\/li>\n<li>El enlace de descarga de <strong>Bitdefender Total Security<\/strong><strong>\u00a02022-2023<\/strong><\/li>\n<li>Gu\u00edas de instalaci\u00f3n y activaci\u00f3n<\/li>\n<\/ul>\n<p>Nuestro servicio de atenci\u00f3n al cliente est\u00e1 disponible los 7 d\u00edas de la semana<\/p>","protected":false},"featured_media":51926,"comment_status":"open","ping_status":"closed","template":"","meta":[],"product_brand":[],"product_cat":[189,1413,20],"product_tag":[],"class_list":{"0":"post-324","1":"product","2":"type-product","3":"status-publish","4":"has-post-thumbnail","6":"product_cat-bitdefender-products","7":"product_cat-bitdefender-total-security","8":"product_cat-securite","10":"first","11":"instock","12":"sale","13":"downloadable","14":"virtual","15":"purchasable","16":"product-type-simple","17":"czr-hentry"},"yoast_head":"<!-- This site is optimized with the Yoast SEO plugin v27.4 - https:\/\/yoast.com\/product\/yoast-seo-wordpress\/ -->\n<title>Bitdefender Total Security 2026 - 3 appareils - Abonnement 1 an - Alfa Descompte<\/title>\n<meta name=\"robots\" content=\"index, follow, max-snippet:-1, max-image-preview:large, max-video-preview:-1\" \/>\n<link rel=\"canonical\" href=\"https:\/\/alfadescompte.ad\/es\/producto-2\/bitdefender-2021-total-security\/\" \/>\n<meta property=\"og:locale\" content=\"es_ES\" \/>\n<meta property=\"og:type\" content=\"article\" \/>\n<meta property=\"og:title\" content=\"Bitdefender Total Security 2026 - 3 appareils - Abonnement 1 an - Alfa Descompte\" \/>\n<meta property=\"og:description\" content=\"Acheter et T\u00e9l\u00e9charger Bitdefender Total Security  Apr\u00e8s avoir pass\u00e9 votre commande et dans les\u00a024 heures, vous recevrez :   Le code de la cl\u00e9 d&#039;activation de Bitdefender Total Security\u00a02022-2023  Le lien de t\u00e9l\u00e9chargement pour Bitdefender Total Security\u00a02022-2023  Les guides d\u2019installation et d\u2019activation  Notre service client\u00e8le est disponible 7\/7 jours\" \/>\n<meta property=\"og:url\" content=\"https:\/\/alfadescompte.ad\/es\/producto-2\/bitdefender-2021-total-security\/\" \/>\n<meta property=\"og:site_name\" content=\"Alfa Descompte\" \/>\n<meta property=\"article:modified_time\" content=\"2026-03-02T17:43:00+00:00\" \/>\n<meta property=\"og:image\" content=\"https:\/\/alfadescompte.ad\/wp-content\/uploads\/2022\/09\/Erika-33.png\" \/>\n\t<meta property=\"og:image:width\" content=\"800\" \/>\n\t<meta property=\"og:image:height\" content=\"800\" \/>\n\t<meta property=\"og:image:type\" content=\"image\/png\" \/>\n<meta name=\"twitter:card\" content=\"summary_large_image\" \/>\n<meta name=\"twitter:label1\" content=\"Tiempo de lectura\" \/>\n\t<meta name=\"twitter:data1\" content=\"2 minutos\" \/>\n<script type=\"application\/ld+json\" class=\"yoast-schema-graph\">{\"@context\":\"https:\\\/\\\/schema.org\",\"@graph\":[{\"@type\":\"WebPage\",\"@id\":\"https:\\\/\\\/alfadescompte.ad\\\/produit\\\/bitdefender-2021-total-security\\\/\",\"url\":\"https:\\\/\\\/alfadescompte.ad\\\/produit\\\/bitdefender-2021-total-security\\\/\",\"name\":\"Bitdefender Total Security 2026 - 3 appareils - Abonnement 1 an - Alfa Descompte\",\"isPartOf\":{\"@id\":\"https:\\\/\\\/alfadescompte.ad\\\/#website\"},\"primaryImageOfPage\":{\"@id\":\"https:\\\/\\\/alfadescompte.ad\\\/produit\\\/bitdefender-2021-total-security\\\/#primaryimage\"},\"image\":{\"@id\":\"https:\\\/\\\/alfadescompte.ad\\\/produit\\\/bitdefender-2021-total-security\\\/#primaryimage\"},\"thumbnailUrl\":\"https:\\\/\\\/alfadescompte.ad\\\/wp-content\\\/uploads\\\/2022\\\/09\\\/Erika-33.png\",\"datePublished\":\"2022-04-06T05:49:26+00:00\",\"dateModified\":\"2026-03-02T17:43:00+00:00\",\"breadcrumb\":{\"@id\":\"https:\\\/\\\/alfadescompte.ad\\\/produit\\\/bitdefender-2021-total-security\\\/#breadcrumb\"},\"inLanguage\":\"es\",\"potentialAction\":[{\"@type\":\"ReadAction\",\"target\":[\"https:\\\/\\\/alfadescompte.ad\\\/produit\\\/bitdefender-2021-total-security\\\/\"]}]},{\"@type\":\"ImageObject\",\"inLanguage\":\"es\",\"@id\":\"https:\\\/\\\/alfadescompte.ad\\\/produit\\\/bitdefender-2021-total-security\\\/#primaryimage\",\"url\":\"https:\\\/\\\/alfadescompte.ad\\\/wp-content\\\/uploads\\\/2022\\\/09\\\/Erika-33.png\",\"contentUrl\":\"https:\\\/\\\/alfadescompte.ad\\\/wp-content\\\/uploads\\\/2022\\\/09\\\/Erika-33.png\",\"width\":800,\"height\":800},{\"@type\":\"BreadcrumbList\",\"@id\":\"https:\\\/\\\/alfadescompte.ad\\\/produit\\\/bitdefender-2021-total-security\\\/#breadcrumb\",\"itemListElement\":[{\"@type\":\"ListItem\",\"position\":1,\"name\":\"Accueil\",\"item\":\"https:\\\/\\\/alfadescompte.ad\\\/fr\\\/\"},{\"@type\":\"ListItem\",\"position\":2,\"name\":\"Boutique\",\"item\":\"https:\\\/\\\/alfadescompte.ad\\\/en\\\/boutique\\\/\"},{\"@type\":\"ListItem\",\"position\":3,\"name\":\"Bitdefender Total Security 2026 &#8211; 3 appareils &#8211; Abonnement 1 an\"}]},{\"@type\":\"WebSite\",\"@id\":\"https:\\\/\\\/alfadescompte.ad\\\/#website\",\"url\":\"https:\\\/\\\/alfadescompte.ad\\\/\",\"name\":\"Alfa Descompte\",\"description\":\"\",\"publisher\":{\"@id\":\"https:\\\/\\\/alfadescompte.ad\\\/#organization\"},\"potentialAction\":[{\"@type\":\"SearchAction\",\"target\":{\"@type\":\"EntryPoint\",\"urlTemplate\":\"https:\\\/\\\/alfadescompte.ad\\\/?s={search_term_string}\"},\"query-input\":{\"@type\":\"PropertyValueSpecification\",\"valueRequired\":true,\"valueName\":\"search_term_string\"}}],\"inLanguage\":\"es\"},{\"@type\":\"Organization\",\"@id\":\"https:\\\/\\\/alfadescompte.ad\\\/#organization\",\"name\":\"Alfa Descompte\",\"url\":\"https:\\\/\\\/alfadescompte.ad\\\/\",\"logo\":{\"@type\":\"ImageObject\",\"inLanguage\":\"es\",\"@id\":\"https:\\\/\\\/alfadescompte.ad\\\/#\\\/schema\\\/logo\\\/image\\\/\",\"url\":\"https:\\\/\\\/alfadescompte.ad\\\/wp-content\\\/uploads\\\/2022\\\/04\\\/cropped-logo-alfa-1-1.png\",\"contentUrl\":\"https:\\\/\\\/alfadescompte.ad\\\/wp-content\\\/uploads\\\/2022\\\/04\\\/cropped-logo-alfa-1-1.png\",\"width\":424,\"height\":128,\"caption\":\"Alfa Descompte\"},\"image\":{\"@id\":\"https:\\\/\\\/alfadescompte.ad\\\/#\\\/schema\\\/logo\\\/image\\\/\"}}]}<\/script>\n<!-- \/ Yoast SEO plugin. -->","yoast_head_json":{"title":"Bitdefender Total Security 2026 - 3 dispositivos - 1 a\u00f1o de suscripci\u00f3n - Alfa Descompte","robots":{"index":"index","follow":"follow","max-snippet":"max-snippet:-1","max-image-preview":"max-image-preview:large","max-video-preview":"max-video-preview:-1"},"canonical":"https:\/\/alfadescompte.ad\/es\/producto-2\/bitdefender-2021-total-security\/","og_locale":"es_ES","og_type":"article","og_title":"Bitdefender Total Security 2026 - 3 appareils - Abonnement 1 an - Alfa Descompte","og_description":"Acheter et T\u00e9l\u00e9charger Bitdefender Total Security  Apr\u00e8s avoir pass\u00e9 votre commande et dans les\u00a024 heures, vous recevrez :   Le code de la cl\u00e9 d'activation de Bitdefender Total Security\u00a02022-2023  Le lien de t\u00e9l\u00e9chargement pour Bitdefender Total Security\u00a02022-2023  Les guides d\u2019installation et d\u2019activation  Notre service client\u00e8le est disponible 7\/7 jours","og_url":"https:\/\/alfadescompte.ad\/es\/producto-2\/bitdefender-2021-total-security\/","og_site_name":"Alfa Descompte","article_modified_time":"2026-03-02T17:43:00+00:00","og_image":[{"width":800,"height":800,"url":"https:\/\/alfadescompte.ad\/wp-content\/uploads\/2022\/09\/Erika-33.png","type":"image\/png"}],"twitter_card":"summary_large_image","twitter_misc":{"Tiempo de lectura":"2 minutos"},"schema":{"@context":"https:\/\/schema.org","@graph":[{"@type":"WebPage","@id":"https:\/\/alfadescompte.ad\/produit\/bitdefender-2021-total-security\/","url":"https:\/\/alfadescompte.ad\/produit\/bitdefender-2021-total-security\/","name":"Bitdefender Total Security 2026 - 3 dispositivos - 1 a\u00f1o de suscripci\u00f3n - Alfa Descompte","isPartOf":{"@id":"https:\/\/alfadescompte.ad\/#website"},"primaryImageOfPage":{"@id":"https:\/\/alfadescompte.ad\/produit\/bitdefender-2021-total-security\/#primaryimage"},"image":{"@id":"https:\/\/alfadescompte.ad\/produit\/bitdefender-2021-total-security\/#primaryimage"},"thumbnailUrl":"https:\/\/alfadescompte.ad\/wp-content\/uploads\/2022\/09\/Erika-33.png","datePublished":"2022-04-06T05:49:26+00:00","dateModified":"2026-03-02T17:43:00+00:00","breadcrumb":{"@id":"https:\/\/alfadescompte.ad\/produit\/bitdefender-2021-total-security\/#breadcrumb"},"inLanguage":"es","potentialAction":[{"@type":"ReadAction","target":["https:\/\/alfadescompte.ad\/produit\/bitdefender-2021-total-security\/"]}]},{"@type":"ImageObject","inLanguage":"es","@id":"https:\/\/alfadescompte.ad\/produit\/bitdefender-2021-total-security\/#primaryimage","url":"https:\/\/alfadescompte.ad\/wp-content\/uploads\/2022\/09\/Erika-33.png","contentUrl":"https:\/\/alfadescompte.ad\/wp-content\/uploads\/2022\/09\/Erika-33.png","width":800,"height":800},{"@type":"BreadcrumbList","@id":"https:\/\/alfadescompte.ad\/produit\/bitdefender-2021-total-security\/#breadcrumb","itemListElement":[{"@type":"ListItem","position":1,"name":"Accueil","item":"https:\/\/alfadescompte.ad\/fr\/"},{"@type":"ListItem","position":2,"name":"Boutique","item":"https:\/\/alfadescompte.ad\/en\/boutique\/"},{"@type":"ListItem","position":3,"name":"Bitdefender Total Security 2026 &#8211; 3 appareils &#8211; Abonnement 1 an"}]},{"@type":"WebSite","@id":"https:\/\/alfadescompte.ad\/#website","url":"https:\/\/alfadescompte.ad\/","name":"Alfa Descompte","description":"","publisher":{"@id":"https:\/\/alfadescompte.ad\/#organization"},"potentialAction":[{"@type":"SearchAction","target":{"@type":"EntryPoint","urlTemplate":"https:\/\/alfadescompte.ad\/?s={search_term_string}"},"query-input":{"@type":"PropertyValueSpecification","valueRequired":true,"valueName":"search_term_string"}}],"inLanguage":"es"},{"@type":"Organization","@id":"https:\/\/alfadescompte.ad\/#organization","name":"Alfa Descompte","url":"https:\/\/alfadescompte.ad\/","logo":{"@type":"ImageObject","inLanguage":"es","@id":"https:\/\/alfadescompte.ad\/#\/schema\/logo\/image\/","url":"https:\/\/alfadescompte.ad\/wp-content\/uploads\/2022\/04\/cropped-logo-alfa-1-1.png","contentUrl":"https:\/\/alfadescompte.ad\/wp-content\/uploads\/2022\/04\/cropped-logo-alfa-1-1.png","width":424,"height":128,"caption":"Alfa Descompte"},"image":{"@id":"https:\/\/alfadescompte.ad\/#\/schema\/logo\/image\/"}}]}},"_links":{"self":[{"href":"https:\/\/alfadescompte.ad\/es\/wp-json\/wp\/v2\/product\/324","targetHints":{"allow":["GET"]}}],"collection":[{"href":"https:\/\/alfadescompte.ad\/es\/wp-json\/wp\/v2\/product"}],"about":[{"href":"https:\/\/alfadescompte.ad\/es\/wp-json\/wp\/v2\/types\/product"}],"replies":[{"embeddable":true,"href":"https:\/\/alfadescompte.ad\/es\/wp-json\/wp\/v2\/comments?post=324"}],"wp:featuredmedia":[{"embeddable":true,"href":"https:\/\/alfadescompte.ad\/es\/wp-json\/wp\/v2\/media\/51926"}],"wp:attachment":[{"href":"https:\/\/alfadescompte.ad\/es\/wp-json\/wp\/v2\/media?parent=324"}],"wp:term":[{"taxonomy":"product_brand","embeddable":true,"href":"https:\/\/alfadescompte.ad\/es\/wp-json\/wp\/v2\/product_brand?post=324"},{"taxonomy":"product_cat","embeddable":true,"href":"https:\/\/alfadescompte.ad\/es\/wp-json\/wp\/v2\/product_cat?post=324"},{"taxonomy":"product_tag","embeddable":true,"href":"https:\/\/alfadescompte.ad\/es\/wp-json\/wp\/v2\/product_tag?post=324"}],"curies":[{"name":"wp","href":"https:\/\/api.w.org\/{rel}","templated":true}]}}