{"id":3371,"date":"2022-04-08T09:05:06","date_gmt":"2022-04-08T07:05:06","guid":{"rendered":"http:\/\/alfadescompte.com\/?post_type=product&#038;p=3371"},"modified":"2026-03-04T08:59:44","modified_gmt":"2026-03-04T07:59:44","slug":"kaspersky-internet-security-pc-mac-android-ios-5-postes-1-an-copie","status":"publish","type":"product","link":"https:\/\/alfadescompte.ad\/es\/producto-2\/kaspersky-internet-security-pc-mac-android-ios-5-postes-1-an-copie\/","title":{"rendered":"Kaspersky Internet Security 2026 - 5 dispositivos - 1 a\u00f1o de suscripci\u00f3n"},"content":{"rendered":"<h3><strong>Kaspersky Internet Security 2026<\/strong><\/h3>\n<h3>La seguridad en Internet m\u00e1s probada<\/h3>\n<p><strong>Kaspersky Internet Security<\/strong>\u00a0es el equilibrio perfecto entre la protecci\u00f3n esencial contra los virus, el ransomware, los peligros digitales y la\u00a0<strong>protecci\u00f3n de su intimidad<\/strong>\u00a0en Internet.<\/p>\n<p>Asegure sus pagos en l\u00ednea,\u00a0<strong>proteja su identidad<\/strong>\u00a0en las redes sociales, contra las agencias de publicidad, evitar los ataques al navegar por la web, bloquear los archivos infectados al descargar o transmitir v\u00eddeo, y bloquear el acceso no autorizado a su c\u00e1mara web, el micr\u00f3fono de los hackers.<\/p>\n<p>Proteja su privacidad en las redes con el\u00a0<strong>VPN incluida<\/strong>\u00a0preservando su sistema mediante una perfecta optimizaci\u00f3n del rendimiento.<\/p>\n<p>Con\u00a0<strong>Kaspersky Internet Security<\/strong>\u00a0usted obtiene el mejor compromiso de las suites Kaspersky a un bajo precio.<\/p>\n<p>REQUISITOS M\u00cdNIMOS DEL SISTEMA<\/p>\n<p><strong>General<\/strong><\/p>\n<ul>\n<li>Se requiere conexi\u00f3n a Internet para la activaci\u00f3n y las actualizaciones de todos los dispositivos<\/li>\n<li>La protecci\u00f3n de la c\u00e1mara web s\u00f3lo funciona en ordenadores (PC y Mac)<\/li>\n<\/ul>\n<p><strong>Windows<\/strong><\/p>\n<ul>\n<li>Procesador: 1 GHz o superior<\/li>\n<li>Memoria (RAM): 1 GB (32 bits) o 2 GB (64 bits)<\/li>\n<li>1500 MB de espacio disponible en el disco duro<\/li>\n<li>Microsoft\u00ae Internet Explorer\u00ae 10 o superior<\/li>\n<li>Microsoft .NET Framework 4 o superior<\/li>\n<li>Microsoft Windows 11, 10, 8 y 8.1, 7<\/li>\n<\/ul>\n<p><strong>Mac<\/strong><\/p>\n<ul>\n<li>1620 MB de espacio disponible en el disco duro<\/li>\n<li>Memoria (RAM): 2 GB<\/li>\n<li>OS X 10.12 o superior<\/li>\n<\/ul>\n<p><strong>Android<\/strong><\/p>\n<ul>\n<li>Android\u2122 4.4 o superior<\/li>\n<\/ul>\n<p><strong>iPhone y iPad<\/strong><\/p>\n<ul>\n<li>iOS\u00ae 11.0 o superior<\/li>\n<\/ul>","protected":false},"excerpt":{"rendered":"<p>Compre hoy mismo su clave de activaci\u00f3n original y reciba por correo electr\u00f3nico su enlace de descarga ultrarr\u00e1pida y su clave de activaci\u00f3n exclusiva.<\/p>\n<p>- Obtenga su c\u00f3digo de activaci\u00f3n.<br \/>\n- Llave original 100%<br \/>\n- Autorizado para la venta en Europa<br \/>\n- Idiomas: multiling\u00fce<\/p>","protected":false},"featured_media":55811,"comment_status":"open","ping_status":"closed","template":"","meta":[],"product_brand":[],"product_cat":[191,1490,20],"product_tag":[],"class_list":{"0":"post-3371","1":"product","2":"type-product","3":"status-publish","4":"has-post-thumbnail","6":"product_cat-kaspersky","7":"product_cat-internet-security-kaspersky","8":"product_cat-securite","10":"first","11":"instock","12":"sale","13":"downloadable","14":"virtual","15":"purchasable","16":"product-type-simple","17":"czr-hentry"},"yoast_head":"<!-- This site is optimized with the Yoast SEO plugin v27.3 - https:\/\/yoast.com\/product\/yoast-seo-wordpress\/ -->\n<title>Kaspersky Internet Security 2026 - 5 appareils - Abonnement 1 an - Alfa Descompte<\/title>\n<meta name=\"robots\" content=\"index, follow, max-snippet:-1, max-image-preview:large, max-video-preview:-1\" \/>\n<link rel=\"canonical\" href=\"https:\/\/alfadescompte.ad\/es\/producto-2\/kaspersky-internet-security-pc-mac-android-ios-5-postes-1-an-copie\/\" \/>\n<meta property=\"og:locale\" content=\"es_ES\" \/>\n<meta property=\"og:type\" content=\"article\" \/>\n<meta property=\"og:title\" content=\"Kaspersky Internet Security 2026 - 5 appareils - Abonnement 1 an - Alfa Descompte\" \/>\n<meta property=\"og:description\" content=\"Achetez aujourd\u2019hui votre cl\u00e9 d&#039;activation originale et recevez par mail votre lien de t\u00e9l\u00e9chargement ultra rapide ainsi que sa cl\u00e9 unique d\u2019activation..  - Obtenir votre code d&#039;activation. - Cl\u00e9 100% authentique - Vente autoris\u00e9e en Europe - Langues: Multi-langue\" \/>\n<meta property=\"og:url\" content=\"https:\/\/alfadescompte.ad\/es\/producto-2\/kaspersky-internet-security-pc-mac-android-ios-5-postes-1-an-copie\/\" \/>\n<meta property=\"og:site_name\" content=\"Alfa Descompte\" \/>\n<meta property=\"article:modified_time\" content=\"2026-03-04T07:59:44+00:00\" \/>\n<meta property=\"og:image\" content=\"https:\/\/alfadescompte.ad\/wp-content\/uploads\/2022\/04\/ChatGPT-Image-4-mars-2026-08_59_23.png\" \/>\n\t<meta property=\"og:image:width\" content=\"1024\" \/>\n\t<meta property=\"og:image:height\" content=\"1024\" \/>\n\t<meta property=\"og:image:type\" content=\"image\/png\" \/>\n<meta name=\"twitter:card\" content=\"summary_large_image\" \/>\n<meta name=\"twitter:label1\" content=\"Tiempo de lectura\" \/>\n\t<meta name=\"twitter:data1\" content=\"2 minutos\" \/>\n<script type=\"application\/ld+json\" class=\"yoast-schema-graph\">{\"@context\":\"https:\\\/\\\/schema.org\",\"@graph\":[{\"@type\":\"WebPage\",\"@id\":\"https:\\\/\\\/alfadescompte.ad\\\/produit\\\/kaspersky-internet-security-pc-mac-android-ios-5-postes-1-an-copie\\\/\",\"url\":\"https:\\\/\\\/alfadescompte.ad\\\/produit\\\/kaspersky-internet-security-pc-mac-android-ios-5-postes-1-an-copie\\\/\",\"name\":\"Kaspersky Internet Security 2026 - 5 appareils - Abonnement 1 an - Alfa Descompte\",\"isPartOf\":{\"@id\":\"https:\\\/\\\/alfadescompte.ad\\\/#website\"},\"primaryImageOfPage\":{\"@id\":\"https:\\\/\\\/alfadescompte.ad\\\/produit\\\/kaspersky-internet-security-pc-mac-android-ios-5-postes-1-an-copie\\\/#primaryimage\"},\"image\":{\"@id\":\"https:\\\/\\\/alfadescompte.ad\\\/produit\\\/kaspersky-internet-security-pc-mac-android-ios-5-postes-1-an-copie\\\/#primaryimage\"},\"thumbnailUrl\":\"https:\\\/\\\/alfadescompte.ad\\\/wp-content\\\/uploads\\\/2022\\\/04\\\/ChatGPT-Image-4-mars-2026-08_59_23.png\",\"datePublished\":\"2022-04-08T07:05:06+00:00\",\"dateModified\":\"2026-03-04T07:59:44+00:00\",\"breadcrumb\":{\"@id\":\"https:\\\/\\\/alfadescompte.ad\\\/produit\\\/kaspersky-internet-security-pc-mac-android-ios-5-postes-1-an-copie\\\/#breadcrumb\"},\"inLanguage\":\"es\",\"potentialAction\":[{\"@type\":\"ReadAction\",\"target\":[\"https:\\\/\\\/alfadescompte.ad\\\/produit\\\/kaspersky-internet-security-pc-mac-android-ios-5-postes-1-an-copie\\\/\"]}]},{\"@type\":\"ImageObject\",\"inLanguage\":\"es\",\"@id\":\"https:\\\/\\\/alfadescompte.ad\\\/produit\\\/kaspersky-internet-security-pc-mac-android-ios-5-postes-1-an-copie\\\/#primaryimage\",\"url\":\"https:\\\/\\\/alfadescompte.ad\\\/wp-content\\\/uploads\\\/2022\\\/04\\\/ChatGPT-Image-4-mars-2026-08_59_23.png\",\"contentUrl\":\"https:\\\/\\\/alfadescompte.ad\\\/wp-content\\\/uploads\\\/2022\\\/04\\\/ChatGPT-Image-4-mars-2026-08_59_23.png\",\"width\":1024,\"height\":1024},{\"@type\":\"BreadcrumbList\",\"@id\":\"https:\\\/\\\/alfadescompte.ad\\\/produit\\\/kaspersky-internet-security-pc-mac-android-ios-5-postes-1-an-copie\\\/#breadcrumb\",\"itemListElement\":[{\"@type\":\"ListItem\",\"position\":1,\"name\":\"Accueil\",\"item\":\"https:\\\/\\\/alfadescompte.ad\\\/fr\\\/\"},{\"@type\":\"ListItem\",\"position\":2,\"name\":\"Boutique\",\"item\":\"https:\\\/\\\/alfadescompte.ad\\\/en\\\/boutique\\\/\"},{\"@type\":\"ListItem\",\"position\":3,\"name\":\"Kaspersky Internet Security 2026 &#8211; 5 appareils &#8211; Abonnement 1 an\"}]},{\"@type\":\"WebSite\",\"@id\":\"https:\\\/\\\/alfadescompte.ad\\\/#website\",\"url\":\"https:\\\/\\\/alfadescompte.ad\\\/\",\"name\":\"Alfa Descompte\",\"description\":\"\",\"publisher\":{\"@id\":\"https:\\\/\\\/alfadescompte.ad\\\/#organization\"},\"potentialAction\":[{\"@type\":\"SearchAction\",\"target\":{\"@type\":\"EntryPoint\",\"urlTemplate\":\"https:\\\/\\\/alfadescompte.ad\\\/?s={search_term_string}\"},\"query-input\":{\"@type\":\"PropertyValueSpecification\",\"valueRequired\":true,\"valueName\":\"search_term_string\"}}],\"inLanguage\":\"es\"},{\"@type\":\"Organization\",\"@id\":\"https:\\\/\\\/alfadescompte.ad\\\/#organization\",\"name\":\"Alfa Descompte\",\"url\":\"https:\\\/\\\/alfadescompte.ad\\\/\",\"logo\":{\"@type\":\"ImageObject\",\"inLanguage\":\"es\",\"@id\":\"https:\\\/\\\/alfadescompte.ad\\\/#\\\/schema\\\/logo\\\/image\\\/\",\"url\":\"https:\\\/\\\/alfadescompte.ad\\\/wp-content\\\/uploads\\\/2022\\\/04\\\/cropped-logo-alfa-1-1.png\",\"contentUrl\":\"https:\\\/\\\/alfadescompte.ad\\\/wp-content\\\/uploads\\\/2022\\\/04\\\/cropped-logo-alfa-1-1.png\",\"width\":424,\"height\":128,\"caption\":\"Alfa Descompte\"},\"image\":{\"@id\":\"https:\\\/\\\/alfadescompte.ad\\\/#\\\/schema\\\/logo\\\/image\\\/\"}}]}<\/script>\n<!-- \/ Yoast SEO plugin. -->","yoast_head_json":{"title":"Kaspersky Internet Security 2026 - 5 dispositivos - 1 a\u00f1o de suscripci\u00f3n - Alfa Descompte","robots":{"index":"index","follow":"follow","max-snippet":"max-snippet:-1","max-image-preview":"max-image-preview:large","max-video-preview":"max-video-preview:-1"},"canonical":"https:\/\/alfadescompte.ad\/es\/producto-2\/kaspersky-internet-security-pc-mac-android-ios-5-postes-1-an-copie\/","og_locale":"es_ES","og_type":"article","og_title":"Kaspersky Internet Security 2026 - 5 appareils - Abonnement 1 an - Alfa Descompte","og_description":"Achetez aujourd\u2019hui votre cl\u00e9 d'activation originale et recevez par mail votre lien de t\u00e9l\u00e9chargement ultra rapide ainsi que sa cl\u00e9 unique d\u2019activation..  - Obtenir votre code d'activation. - Cl\u00e9 100% authentique - Vente autoris\u00e9e en Europe - Langues: Multi-langue","og_url":"https:\/\/alfadescompte.ad\/es\/producto-2\/kaspersky-internet-security-pc-mac-android-ios-5-postes-1-an-copie\/","og_site_name":"Alfa Descompte","article_modified_time":"2026-03-04T07:59:44+00:00","og_image":[{"width":1024,"height":1024,"url":"https:\/\/alfadescompte.ad\/wp-content\/uploads\/2022\/04\/ChatGPT-Image-4-mars-2026-08_59_23.png","type":"image\/png"}],"twitter_card":"summary_large_image","twitter_misc":{"Tiempo de lectura":"2 minutos"},"schema":{"@context":"https:\/\/schema.org","@graph":[{"@type":"WebPage","@id":"https:\/\/alfadescompte.ad\/produit\/kaspersky-internet-security-pc-mac-android-ios-5-postes-1-an-copie\/","url":"https:\/\/alfadescompte.ad\/produit\/kaspersky-internet-security-pc-mac-android-ios-5-postes-1-an-copie\/","name":"Kaspersky Internet Security 2026 - 5 dispositivos - 1 a\u00f1o de suscripci\u00f3n - Alfa Descompte","isPartOf":{"@id":"https:\/\/alfadescompte.ad\/#website"},"primaryImageOfPage":{"@id":"https:\/\/alfadescompte.ad\/produit\/kaspersky-internet-security-pc-mac-android-ios-5-postes-1-an-copie\/#primaryimage"},"image":{"@id":"https:\/\/alfadescompte.ad\/produit\/kaspersky-internet-security-pc-mac-android-ios-5-postes-1-an-copie\/#primaryimage"},"thumbnailUrl":"https:\/\/alfadescompte.ad\/wp-content\/uploads\/2022\/04\/ChatGPT-Image-4-mars-2026-08_59_23.png","datePublished":"2022-04-08T07:05:06+00:00","dateModified":"2026-03-04T07:59:44+00:00","breadcrumb":{"@id":"https:\/\/alfadescompte.ad\/produit\/kaspersky-internet-security-pc-mac-android-ios-5-postes-1-an-copie\/#breadcrumb"},"inLanguage":"es","potentialAction":[{"@type":"ReadAction","target":["https:\/\/alfadescompte.ad\/produit\/kaspersky-internet-security-pc-mac-android-ios-5-postes-1-an-copie\/"]}]},{"@type":"ImageObject","inLanguage":"es","@id":"https:\/\/alfadescompte.ad\/produit\/kaspersky-internet-security-pc-mac-android-ios-5-postes-1-an-copie\/#primaryimage","url":"https:\/\/alfadescompte.ad\/wp-content\/uploads\/2022\/04\/ChatGPT-Image-4-mars-2026-08_59_23.png","contentUrl":"https:\/\/alfadescompte.ad\/wp-content\/uploads\/2022\/04\/ChatGPT-Image-4-mars-2026-08_59_23.png","width":1024,"height":1024},{"@type":"BreadcrumbList","@id":"https:\/\/alfadescompte.ad\/produit\/kaspersky-internet-security-pc-mac-android-ios-5-postes-1-an-copie\/#breadcrumb","itemListElement":[{"@type":"ListItem","position":1,"name":"Accueil","item":"https:\/\/alfadescompte.ad\/fr\/"},{"@type":"ListItem","position":2,"name":"Boutique","item":"https:\/\/alfadescompte.ad\/en\/boutique\/"},{"@type":"ListItem","position":3,"name":"Kaspersky Internet Security 2026 &#8211; 5 appareils &#8211; Abonnement 1 an"}]},{"@type":"WebSite","@id":"https:\/\/alfadescompte.ad\/#website","url":"https:\/\/alfadescompte.ad\/","name":"Alfa Descompte","description":"","publisher":{"@id":"https:\/\/alfadescompte.ad\/#organization"},"potentialAction":[{"@type":"SearchAction","target":{"@type":"EntryPoint","urlTemplate":"https:\/\/alfadescompte.ad\/?s={search_term_string}"},"query-input":{"@type":"PropertyValueSpecification","valueRequired":true,"valueName":"search_term_string"}}],"inLanguage":"es"},{"@type":"Organization","@id":"https:\/\/alfadescompte.ad\/#organization","name":"Alfa Descompte","url":"https:\/\/alfadescompte.ad\/","logo":{"@type":"ImageObject","inLanguage":"es","@id":"https:\/\/alfadescompte.ad\/#\/schema\/logo\/image\/","url":"https:\/\/alfadescompte.ad\/wp-content\/uploads\/2022\/04\/cropped-logo-alfa-1-1.png","contentUrl":"https:\/\/alfadescompte.ad\/wp-content\/uploads\/2022\/04\/cropped-logo-alfa-1-1.png","width":424,"height":128,"caption":"Alfa Descompte"},"image":{"@id":"https:\/\/alfadescompte.ad\/#\/schema\/logo\/image\/"}}]}},"_links":{"self":[{"href":"https:\/\/alfadescompte.ad\/es\/wp-json\/wp\/v2\/product\/3371","targetHints":{"allow":["GET"]}}],"collection":[{"href":"https:\/\/alfadescompte.ad\/es\/wp-json\/wp\/v2\/product"}],"about":[{"href":"https:\/\/alfadescompte.ad\/es\/wp-json\/wp\/v2\/types\/product"}],"replies":[{"embeddable":true,"href":"https:\/\/alfadescompte.ad\/es\/wp-json\/wp\/v2\/comments?post=3371"}],"wp:featuredmedia":[{"embeddable":true,"href":"https:\/\/alfadescompte.ad\/es\/wp-json\/wp\/v2\/media\/55811"}],"wp:attachment":[{"href":"https:\/\/alfadescompte.ad\/es\/wp-json\/wp\/v2\/media?parent=3371"}],"wp:term":[{"taxonomy":"product_brand","embeddable":true,"href":"https:\/\/alfadescompte.ad\/es\/wp-json\/wp\/v2\/product_brand?post=3371"},{"taxonomy":"product_cat","embeddable":true,"href":"https:\/\/alfadescompte.ad\/es\/wp-json\/wp\/v2\/product_cat?post=3371"},{"taxonomy":"product_tag","embeddable":true,"href":"https:\/\/alfadescompte.ad\/es\/wp-json\/wp\/v2\/product_tag?post=3371"}],"curies":[{"name":"wp","href":"https:\/\/api.w.org\/{rel}","templated":true}]}}