{"id":354,"date":"2022-04-06T09:31:28","date_gmt":"2022-04-06T07:31:28","guid":{"rendered":"http:\/\/alfadescompte.com\/?post_type=product&#038;p=354"},"modified":"2026-02-28T07:44:48","modified_gmt":"2026-02-28T06:44:48","slug":"mcafee-total-protection","status":"publish","type":"product","link":"https:\/\/alfadescompte.ad\/es\/producto-2\/mcafee-total-protection\/","title":{"rendered":"McAfee Total Protection 2026 - 1 dispositivo - 1 a\u00f1o de suscripci\u00f3n"},"content":{"rendered":"<div class=\"fancybox-wrap fancybox-desktop fancybox-type-ajax fancybox-opened\">\n<div class=\"fancybox-skin\">\n<div class=\"fancybox-outer\">\n<div class=\"fancybox-inner\">\n<div id=\"popup-fiche\">\n<div class=\"wrapper-fiche\">\n<div class=\"content-fiche\">\n<div class=\"description\">\n<h3><strong>McAfee Total Protection 2026<\/strong><\/h3>\n<p>Protecci\u00f3n todo en uno para disfrutar de su vida en l\u00ednea con tranquilidad<\/p>\n<p>McAfee\u00ae Total Protection protege su privacidad e identidad, en cualquier momento y lugar, con una \u00fanica y sencilla soluci\u00f3n.<\/p>\n<ul>\n<li>Consiga un antivirus galardonado: McAfee le protege de las \u00faltimas amenazas.<\/li>\n<li>Navega de forma discreta y segura: escapa de las miradas indiscretas con una VPN segura.<\/li>\n<li>Compruebe su nivel de seguridad en l\u00ednea: determine su puntuaci\u00f3n de protecci\u00f3n personal, identifique las vulnerabilidades y reciba consejos para solucionarlas.<\/li>\n<li>Realice operaciones bancarias, compre y navegue con tranquilidad: las advertencias le avisan de los sitios peligrosos antes de que acceda a ellos.<\/li>\n<li>Proteja su identidad: la protecci\u00f3n de identidad guiada incluye la supervisi\u00f3n de la Dark Web para hasta 10 direcciones de correo electr\u00f3nico.<\/li>\n<\/ul>\n<p><strong>Antivirus premiado<\/strong><\/p>\n<p>Con m\u00e1s de 1.300 millones de c\u00f3digos maliciosos en la lista y millones m\u00e1s a\u00f1adidos cada mes (fuente: AV-test.org), es esencial contar con la mejor protecci\u00f3n disponible para mantenerse al d\u00eda con la naturaleza cambiante y la complejidad de las amenazas. McAfee Total Protection utiliza diversas estrategias, como la detecci\u00f3n de comportamientos y el aprendizaje autom\u00e1tico, para detectar, aislar y eliminar todo el malware conocido (virus, troyanos, spyware, ransomware, etc.) e incluso las amenazas digitales de d\u00eda cero (amenazas previamente desconocidas) para garantizar su seguridad en l\u00ednea.<\/p>\n<p><strong>Cortafuegos de intrusi\u00f3n<\/strong><\/p>\n<p>McAfee Total Protection incluye un firewall avanzado para proteger sus redes dom\u00e9sticas, incluidas las inal\u00e1mbricas. Permite filtrar y revisar la informaci\u00f3n que le llega a trav\u00e9s de su conexi\u00f3n a Internet. Esta primera l\u00ednea de defensa evita que el malware o los atacantes accedan a su red y a su informaci\u00f3n antes de que puedan causar cualquier da\u00f1o potencial.<\/p>\n<p><strong>Protecci\u00f3n web \/ antiphishing<\/strong><\/p>\n<p>Es probable que ya haya recibido un mensaje de texto de felicitaci\u00f3n sobre un concurso en el que nunca particip\u00f3, o un correo electr\u00f3nico de su banco, proveedor de Internet o de energ\u00eda sobre una factura supuestamente impagada. Este tipo de mensajes son ejemplos de phishing, una t\u00e1ctica de estafa utilizada por los ciberdelincuentes para enga\u00f1arle y hacerle realizar una transacci\u00f3n que parece leg\u00edtima pero que en realidad est\u00e1 dise\u00f1ada para obtener sus credenciales o la informaci\u00f3n de su tarjeta de cr\u00e9dito en un sitio falso. La protecci\u00f3n integrada en McAfee Total Protection le mantendr\u00e1 alejado de los sitios web maliciosos con claras advertencias que identifican los sitios web, los enlaces y las descargas de archivos de riesgo.<\/p>\n<p><strong>VPN ilimitada<\/strong><\/p>\n<p>El m\u00f3dulo Safe Connect integrado en McAfee Total Protection es una VPN ilimitada que se activa autom\u00e1ticamente en redes no seguras (Wifi en un lugar p\u00fablico, por ejemplo). Ofrece una encriptaci\u00f3n igual a la del sistema bancario para proteger sus datos con la misma tecnolog\u00eda que utilizan los bancos. Proporciona una navegaci\u00f3n an\u00f3nima para que puedas utilizar Internet con confianza y estar protegido de los anunciantes y las miradas indiscretas. Sus actividades en l\u00ednea siguen siendo completamente privadas.<\/p>\n<p><strong>Vigilancia contra el robo de identidad*.<\/strong><\/p>\n<p>La forma m\u00e1s com\u00fan de robo de identidad es el robo de identidad financiera, que se refiere a cualquier tipo de robo en el que alguien utiliza la informaci\u00f3n de otra persona con fines financieros (fraude para crear una nueva cuenta, toma de cuenta, robo de identidad con fines comerciales, etc.). McAfee Total Protection ofrece una supervisi\u00f3n permanente de sus direcciones de correo electr\u00f3nico, cuentas bancarias y m\u00e1s de 60 tipos de informaci\u00f3n personal.<\/p>\n<p><strong>Destrucci\u00f3n de archivos<\/strong><\/p>\n<p>La trituradora de archivos incorporada de McAfee Total Protection completa la protecci\u00f3n de la identidad y la privacidad de los datos eliminando permanentemente los archivos importantes de su ordenador: una soluci\u00f3n ideal para los documentos fiscales, la informaci\u00f3n financiera y otros archivos personales sensibles. De esta manera, sus archivos no pueden ser recuperados por un software especializado, a diferencia de un borrado tradicional o incluso un formateo de disco.<\/p>\n<p><strong>Gestor de contrase\u00f1as<\/strong><\/p>\n<p>Un n\u00famero cada vez mayor de sitios web y servicios en l\u00ednea requieren credenciales de inicio de sesi\u00f3n y contrase\u00f1as, lo que a menudo lleva a utilizar contrase\u00f1as demasiado sencillas de recordar y, lo que es peor, a utilizar la misma contrase\u00f1a en todas partes, lo que facilita a los piratas inform\u00e1ticos el acceso a toda su informaci\u00f3n en cuesti\u00f3n de minutos. El gestor de contrase\u00f1as integrado de McAfee Total Protection le permite almacenar y gestionar de forma segura todas sus contrase\u00f1as en l\u00ednea en una \u00fanica ubicaci\u00f3n. Esto le permite tener contrase\u00f1as complejas y \u00fanicas para cada sitio y servicio en l\u00ednea, mientras que s\u00f3lo tiene que recordar una: el gestor de contrase\u00f1as, que rellena autom\u00e1ticamente los datos de acceso necesarios.<\/p>\n<p><strong>Optimizaci\u00f3n del rendimiento<\/strong><\/p>\n<p>Olv\u00eddese de los d\u00edas en los que el software antivirus ralentizaba los ordenadores, afortunadamente esos d\u00edas han pasado. Las herramientas automatizadas que ayudan a que su ordenador funcione con mayor rapidez y eficacia para que usted pueda centrarse en lo que realmente importa est\u00e1n ahora integradas en McAfee Total Protection. Esto incluye la optimizaci\u00f3n del rendimiento de tu PC, la eliminaci\u00f3n de cookies y archivos temporales, e incluso la pausa de los v\u00eddeos de reproducci\u00f3n autom\u00e1tica no deseados para que puedas disfrutar de una experiencia m\u00e1s fluida en tu PC, ahorrar ancho de banda y mejorar la duraci\u00f3n de la bater\u00eda.<\/p>\n<p><strong>Control parental (s\u00f3lo en la versi\u00f3n de 10 dispositivos)<\/strong><\/p>\n<p>Ya sea en casa, en la escuela o fuera de ella, los ni\u00f1os est\u00e1n expuestos a muchas cosas y riesgos en Internet. Por eso es importante utilizar un software de control parental para ayudar a mantenerlos a salvo, incluso cuando no puedas estar cerca de ellos. Safe Family Parental Controls, integrado en McAfee Total Protection, es una herramienta que permite gestionar el uso de Internet por parte de sus hijos mediante funciones como el filtrado de sitios web y contenidos, la gesti\u00f3n del tiempo de pantalla, el bloqueo de aplicaciones y la geolocalizaci\u00f3n, entre otras.<\/p>\n<p><strong>Asesoramiento personalizado<\/strong><\/p>\n<p>Conocer su nivel de seguridad es un primer paso esencial para una vida online m\u00e1s segura.<\/p>\n<p>La puntuaci\u00f3n de protecci\u00f3n incorporada en McAfee Total Protection comprueba su seguridad en l\u00ednea y proporciona instrucciones sencillas para configurar r\u00e1pidamente su protecci\u00f3n y cerrar las brechas de su seguridad en l\u00ednea en todos sus dispositivos.<\/p>\n<p><strong>Facilidad de uso<\/strong><\/p>\n<p>No es necesario ser un experto en inform\u00e1tica, y mucho menos en ciberseguridad. McAfee Total Protection le permite conectar todos sus ordenadores y smartphones y gestionarlos f\u00e1cilmente desde un \u00fanico panel. El asesoramiento personalizado tambi\u00e9n le ayudar\u00e1 a configurar la soluci\u00f3n de la mejor manera posible, adaptada a sus necesidades y usos.<\/p>\n<p><strong>Asistencia t\u00e9cnica<\/strong><\/p>\n<p>Al comprar McAfee Total Protection, obtendr\u00e1 un equipo de seguridad especializado que le ayudar\u00e1 cuando lo necesite. Los expertos en seguridad de McAfee est\u00e1n a su lado las 24 horas del d\u00eda para garantizar su tranquilidad en cualquier situaci\u00f3n que se le presente.<\/p>\n<p>*Las funciones de VPN ilimitada de Safe Connect y de control de identidad est\u00e1n condicionadas a la activaci\u00f3n de la renovaci\u00f3n autom\u00e1tica al crear la cuenta en el sitio web de McAfee. Si no desea activar la renovaci\u00f3n autom\u00e1tica, el ancho de banda de la VPN se limitar\u00e1 a 500 MB\/mes y la supervisi\u00f3n de la identidad a 1 direcci\u00f3n de correo electr\u00f3nico.<\/p>\n<\/div>\n<\/div>\n<\/div>\n<\/div>\n<\/div>\n<\/div>\n<div class=\"fancybox-item fancybox-close\" title=\"Cerrar\"><\/div>\n<\/div>\n<\/div>","protected":false},"excerpt":{"rendered":"<p>Compre hoy mismo su clave de activaci\u00f3n original y reciba por correo electr\u00f3nico su enlace de descarga ultrarr\u00e1pida y su clave de activaci\u00f3n exclusiva.<\/p>\n<p>- Obtenga su c\u00f3digo de activaci\u00f3n.<br \/>\n- Llave original 100%<br \/>\n- Autorizado para la venta en Europa<br \/>\n- Idiomas: multiling\u00fce<\/p>","protected":false},"featured_media":55747,"comment_status":"open","ping_status":"closed","template":"","meta":[],"product_brand":[],"product_cat":[192,1433,20],"product_tag":[],"class_list":{"0":"post-354","1":"product","2":"type-product","3":"status-publish","4":"has-post-thumbnail","6":"product_cat-mcafee","7":"product_cat-mcafee-total-protection","8":"product_cat-securite","10":"first","11":"instock","12":"sale","13":"downloadable","14":"virtual","15":"purchasable","16":"product-type-simple","17":"czr-hentry"},"yoast_head":"<!-- This site is optimized with the Yoast SEO plugin v27.3 - https:\/\/yoast.com\/product\/yoast-seo-wordpress\/ -->\n<title>McAfee Total Protection 2026 - 1 appareil - Abonnement 1 an - Alfa Descompte<\/title>\n<meta name=\"robots\" content=\"index, follow, max-snippet:-1, max-image-preview:large, max-video-preview:-1\" \/>\n<link rel=\"canonical\" href=\"https:\/\/alfadescompte.ad\/es\/producto-2\/mcafee-total-protection\/\" \/>\n<meta property=\"og:locale\" content=\"es_ES\" \/>\n<meta property=\"og:type\" content=\"article\" \/>\n<meta property=\"og:title\" content=\"McAfee Total Protection 2026 - 1 appareil - Abonnement 1 an - Alfa Descompte\" \/>\n<meta property=\"og:description\" content=\"Achetez aujourd\u2019hui votre cl\u00e9 d&#039;activation originale et recevez par mail votre lien de t\u00e9l\u00e9chargement ultra rapide ainsi que sa cl\u00e9 unique d\u2019activation..  - Obtenir votre code d&#039;activation. - Cl\u00e9 100% authentique - Vente autoris\u00e9e en Europe - Langues: Multi-langue\" \/>\n<meta property=\"og:url\" content=\"https:\/\/alfadescompte.ad\/es\/producto-2\/mcafee-total-protection\/\" \/>\n<meta property=\"og:site_name\" content=\"Alfa Descompte\" \/>\n<meta property=\"article:modified_time\" content=\"2026-02-28T06:44:48+00:00\" \/>\n<meta property=\"og:image\" content=\"https:\/\/alfadescompte.ad\/wp-content\/uploads\/2022\/10\/ChatGPT-Image-28-fevr.-2026-07_41_53.png\" \/>\n\t<meta property=\"og:image:width\" content=\"1024\" \/>\n\t<meta property=\"og:image:height\" content=\"1024\" \/>\n\t<meta property=\"og:image:type\" content=\"image\/png\" \/>\n<meta name=\"twitter:card\" content=\"summary_large_image\" \/>\n<meta name=\"twitter:label1\" content=\"Tiempo de lectura\" \/>\n\t<meta name=\"twitter:data1\" content=\"7 minutos\" \/>\n<script type=\"application\/ld+json\" class=\"yoast-schema-graph\">{\"@context\":\"https:\\\/\\\/schema.org\",\"@graph\":[{\"@type\":\"WebPage\",\"@id\":\"https:\\\/\\\/alfadescompte.ad\\\/produit\\\/mcafee-total-protection\\\/\",\"url\":\"https:\\\/\\\/alfadescompte.ad\\\/produit\\\/mcafee-total-protection\\\/\",\"name\":\"McAfee Total Protection 2026 - 1 appareil - Abonnement 1 an - Alfa Descompte\",\"isPartOf\":{\"@id\":\"https:\\\/\\\/alfadescompte.ad\\\/#website\"},\"primaryImageOfPage\":{\"@id\":\"https:\\\/\\\/alfadescompte.ad\\\/produit\\\/mcafee-total-protection\\\/#primaryimage\"},\"image\":{\"@id\":\"https:\\\/\\\/alfadescompte.ad\\\/produit\\\/mcafee-total-protection\\\/#primaryimage\"},\"thumbnailUrl\":\"https:\\\/\\\/alfadescompte.ad\\\/wp-content\\\/uploads\\\/2022\\\/10\\\/ChatGPT-Image-28-fevr.-2026-07_41_53.png\",\"datePublished\":\"2022-04-06T07:31:28+00:00\",\"dateModified\":\"2026-02-28T06:44:48+00:00\",\"breadcrumb\":{\"@id\":\"https:\\\/\\\/alfadescompte.ad\\\/produit\\\/mcafee-total-protection\\\/#breadcrumb\"},\"inLanguage\":\"es\",\"potentialAction\":[{\"@type\":\"ReadAction\",\"target\":[\"https:\\\/\\\/alfadescompte.ad\\\/produit\\\/mcafee-total-protection\\\/\"]}]},{\"@type\":\"ImageObject\",\"inLanguage\":\"es\",\"@id\":\"https:\\\/\\\/alfadescompte.ad\\\/produit\\\/mcafee-total-protection\\\/#primaryimage\",\"url\":\"https:\\\/\\\/alfadescompte.ad\\\/wp-content\\\/uploads\\\/2022\\\/10\\\/ChatGPT-Image-28-fevr.-2026-07_41_53.png\",\"contentUrl\":\"https:\\\/\\\/alfadescompte.ad\\\/wp-content\\\/uploads\\\/2022\\\/10\\\/ChatGPT-Image-28-fevr.-2026-07_41_53.png\",\"width\":1024,\"height\":1024},{\"@type\":\"BreadcrumbList\",\"@id\":\"https:\\\/\\\/alfadescompte.ad\\\/produit\\\/mcafee-total-protection\\\/#breadcrumb\",\"itemListElement\":[{\"@type\":\"ListItem\",\"position\":1,\"name\":\"Accueil\",\"item\":\"https:\\\/\\\/alfadescompte.ad\\\/fr\\\/\"},{\"@type\":\"ListItem\",\"position\":2,\"name\":\"Boutique\",\"item\":\"https:\\\/\\\/alfadescompte.ad\\\/en\\\/boutique\\\/\"},{\"@type\":\"ListItem\",\"position\":3,\"name\":\"McAfee Total Protection 2026 &#8211; 1 appareil &#8211; Abonnement 1 an\"}]},{\"@type\":\"WebSite\",\"@id\":\"https:\\\/\\\/alfadescompte.ad\\\/#website\",\"url\":\"https:\\\/\\\/alfadescompte.ad\\\/\",\"name\":\"Alfa Descompte\",\"description\":\"\",\"publisher\":{\"@id\":\"https:\\\/\\\/alfadescompte.ad\\\/#organization\"},\"potentialAction\":[{\"@type\":\"SearchAction\",\"target\":{\"@type\":\"EntryPoint\",\"urlTemplate\":\"https:\\\/\\\/alfadescompte.ad\\\/?s={search_term_string}\"},\"query-input\":{\"@type\":\"PropertyValueSpecification\",\"valueRequired\":true,\"valueName\":\"search_term_string\"}}],\"inLanguage\":\"es\"},{\"@type\":\"Organization\",\"@id\":\"https:\\\/\\\/alfadescompte.ad\\\/#organization\",\"name\":\"Alfa Descompte\",\"url\":\"https:\\\/\\\/alfadescompte.ad\\\/\",\"logo\":{\"@type\":\"ImageObject\",\"inLanguage\":\"es\",\"@id\":\"https:\\\/\\\/alfadescompte.ad\\\/#\\\/schema\\\/logo\\\/image\\\/\",\"url\":\"https:\\\/\\\/alfadescompte.ad\\\/wp-content\\\/uploads\\\/2022\\\/04\\\/cropped-logo-alfa-1-1.png\",\"contentUrl\":\"https:\\\/\\\/alfadescompte.ad\\\/wp-content\\\/uploads\\\/2022\\\/04\\\/cropped-logo-alfa-1-1.png\",\"width\":424,\"height\":128,\"caption\":\"Alfa Descompte\"},\"image\":{\"@id\":\"https:\\\/\\\/alfadescompte.ad\\\/#\\\/schema\\\/logo\\\/image\\\/\"}}]}<\/script>\n<!-- \/ Yoast SEO plugin. -->","yoast_head_json":{"title":"McAfee Total Protection 2026 - 1 dispositivo - 1 a\u00f1o de suscripci\u00f3n - Alfa Descompte","robots":{"index":"index","follow":"follow","max-snippet":"max-snippet:-1","max-image-preview":"max-image-preview:large","max-video-preview":"max-video-preview:-1"},"canonical":"https:\/\/alfadescompte.ad\/es\/producto-2\/mcafee-total-protection\/","og_locale":"es_ES","og_type":"article","og_title":"McAfee Total Protection 2026 - 1 appareil - Abonnement 1 an - Alfa Descompte","og_description":"Achetez aujourd\u2019hui votre cl\u00e9 d'activation originale et recevez par mail votre lien de t\u00e9l\u00e9chargement ultra rapide ainsi que sa cl\u00e9 unique d\u2019activation..  - Obtenir votre code d'activation. - Cl\u00e9 100% authentique - Vente autoris\u00e9e en Europe - Langues: Multi-langue","og_url":"https:\/\/alfadescompte.ad\/es\/producto-2\/mcafee-total-protection\/","og_site_name":"Alfa Descompte","article_modified_time":"2026-02-28T06:44:48+00:00","og_image":[{"width":1024,"height":1024,"url":"https:\/\/alfadescompte.ad\/wp-content\/uploads\/2022\/10\/ChatGPT-Image-28-fevr.-2026-07_41_53.png","type":"image\/png"}],"twitter_card":"summary_large_image","twitter_misc":{"Tiempo de lectura":"7 minutos"},"schema":{"@context":"https:\/\/schema.org","@graph":[{"@type":"WebPage","@id":"https:\/\/alfadescompte.ad\/produit\/mcafee-total-protection\/","url":"https:\/\/alfadescompte.ad\/produit\/mcafee-total-protection\/","name":"McAfee Total Protection 2026 - 1 dispositivo - 1 a\u00f1o de suscripci\u00f3n - Alfa Descompte","isPartOf":{"@id":"https:\/\/alfadescompte.ad\/#website"},"primaryImageOfPage":{"@id":"https:\/\/alfadescompte.ad\/produit\/mcafee-total-protection\/#primaryimage"},"image":{"@id":"https:\/\/alfadescompte.ad\/produit\/mcafee-total-protection\/#primaryimage"},"thumbnailUrl":"https:\/\/alfadescompte.ad\/wp-content\/uploads\/2022\/10\/ChatGPT-Image-28-fevr.-2026-07_41_53.png","datePublished":"2022-04-06T07:31:28+00:00","dateModified":"2026-02-28T06:44:48+00:00","breadcrumb":{"@id":"https:\/\/alfadescompte.ad\/produit\/mcafee-total-protection\/#breadcrumb"},"inLanguage":"es","potentialAction":[{"@type":"ReadAction","target":["https:\/\/alfadescompte.ad\/produit\/mcafee-total-protection\/"]}]},{"@type":"ImageObject","inLanguage":"es","@id":"https:\/\/alfadescompte.ad\/produit\/mcafee-total-protection\/#primaryimage","url":"https:\/\/alfadescompte.ad\/wp-content\/uploads\/2022\/10\/ChatGPT-Image-28-fevr.-2026-07_41_53.png","contentUrl":"https:\/\/alfadescompte.ad\/wp-content\/uploads\/2022\/10\/ChatGPT-Image-28-fevr.-2026-07_41_53.png","width":1024,"height":1024},{"@type":"BreadcrumbList","@id":"https:\/\/alfadescompte.ad\/produit\/mcafee-total-protection\/#breadcrumb","itemListElement":[{"@type":"ListItem","position":1,"name":"Accueil","item":"https:\/\/alfadescompte.ad\/fr\/"},{"@type":"ListItem","position":2,"name":"Boutique","item":"https:\/\/alfadescompte.ad\/en\/boutique\/"},{"@type":"ListItem","position":3,"name":"McAfee Total Protection 2026 &#8211; 1 appareil &#8211; Abonnement 1 an"}]},{"@type":"WebSite","@id":"https:\/\/alfadescompte.ad\/#website","url":"https:\/\/alfadescompte.ad\/","name":"Alfa Descompte","description":"","publisher":{"@id":"https:\/\/alfadescompte.ad\/#organization"},"potentialAction":[{"@type":"SearchAction","target":{"@type":"EntryPoint","urlTemplate":"https:\/\/alfadescompte.ad\/?s={search_term_string}"},"query-input":{"@type":"PropertyValueSpecification","valueRequired":true,"valueName":"search_term_string"}}],"inLanguage":"es"},{"@type":"Organization","@id":"https:\/\/alfadescompte.ad\/#organization","name":"Alfa Descompte","url":"https:\/\/alfadescompte.ad\/","logo":{"@type":"ImageObject","inLanguage":"es","@id":"https:\/\/alfadescompte.ad\/#\/schema\/logo\/image\/","url":"https:\/\/alfadescompte.ad\/wp-content\/uploads\/2022\/04\/cropped-logo-alfa-1-1.png","contentUrl":"https:\/\/alfadescompte.ad\/wp-content\/uploads\/2022\/04\/cropped-logo-alfa-1-1.png","width":424,"height":128,"caption":"Alfa Descompte"},"image":{"@id":"https:\/\/alfadescompte.ad\/#\/schema\/logo\/image\/"}}]}},"_links":{"self":[{"href":"https:\/\/alfadescompte.ad\/es\/wp-json\/wp\/v2\/product\/354","targetHints":{"allow":["GET"]}}],"collection":[{"href":"https:\/\/alfadescompte.ad\/es\/wp-json\/wp\/v2\/product"}],"about":[{"href":"https:\/\/alfadescompte.ad\/es\/wp-json\/wp\/v2\/types\/product"}],"replies":[{"embeddable":true,"href":"https:\/\/alfadescompte.ad\/es\/wp-json\/wp\/v2\/comments?post=354"}],"wp:featuredmedia":[{"embeddable":true,"href":"https:\/\/alfadescompte.ad\/es\/wp-json\/wp\/v2\/media\/55747"}],"wp:attachment":[{"href":"https:\/\/alfadescompte.ad\/es\/wp-json\/wp\/v2\/media?parent=354"}],"wp:term":[{"taxonomy":"product_brand","embeddable":true,"href":"https:\/\/alfadescompte.ad\/es\/wp-json\/wp\/v2\/product_brand?post=354"},{"taxonomy":"product_cat","embeddable":true,"href":"https:\/\/alfadescompte.ad\/es\/wp-json\/wp\/v2\/product_cat?post=354"},{"taxonomy":"product_tag","embeddable":true,"href":"https:\/\/alfadescompte.ad\/es\/wp-json\/wp\/v2\/product_tag?post=354"}],"curies":[{"name":"wp","href":"https:\/\/api.w.org\/{rel}","templated":true}]}}