{"id":404,"date":"2022-04-06T12:53:45","date_gmt":"2022-04-06T10:53:45","guid":{"rendered":"http:\/\/alfadescompte.com\/?post_type=product&#038;p=404"},"modified":"2026-03-02T18:42:22","modified_gmt":"2026-03-02T17:42:22","slug":"avg-tuneup-pc-10-postes-2-ans","status":"publish","type":"product","link":"https:\/\/alfadescompte.ad\/es\/producto-2\/avg-tuneup-pc-10-postes-2-ans\/","title":{"rendered":"AVG TuneUp 2026 - 10 dispositivos - 2 a\u00f1os de suscripci\u00f3n"},"content":{"rendered":"<div class=\"fancybox-wrap fancybox-desktop fancybox-type-ajax fancybox-opened\">\n<div class=\"fancybox-skin\">\n<div class=\"fancybox-outer\">\n<div class=\"fancybox-inner\">\n<div id=\"popup-fiche\">\n<div class=\"wrapper-fiche\">\n<div class=\"content-fiche\">\n<div class=\"description\">\n<p>Prolongue la vida de su equipo u optimice el rendimiento de su nuevo equipo con AVG TuneUp. Viene con un nuevo y redise\u00f1ado Modo de reposo para optimizar el rendimiento de tu PC, as\u00ed como programas de limpieza de disco y navegador que liberan espacio de almacenamiento.<\/p>\n<h2>EL NUEVO Y MEJORADO<\/h2>\n<h3>CORRIGE Y MANTIENE AUTOM\u00c1TICAMENTE SU PC<\/h3>\n<p>El mantenimiento autom\u00e1tico mejorado de AVG cuida de su PC cada semana por usted, para que pueda disfrutar de un mejor rendimiento con facilidad, 24 horas al d\u00eda, 7 d\u00edas a la semana.<\/p>\n<ul>\n<li>Limpia autom\u00e1ticamente el registro: Si desea que su sistema operativo Windows funcione como deber\u00eda y evitar fallos y aver\u00edas, deje que AVG TuneUp identifique los problemas y los solucione autom\u00e1ticamente.<\/li>\n<li>Cuida tu PC con el mantenimiento autom\u00e1tico: El mantenimiento autom\u00e1tico elimina los rastros del navegador, las cookies de rastreo, los archivos en cach\u00e9 y los archivos residuales de programas para liberar m\u00e1s espacio en el disco.<\/li>\n<\/ul>\n<h3>ACELERA Y OPTIMIZA TU PC<\/h3>\n<p>Si su equipo tarda demasiado en iniciarse, los programas funcionan con lentitud, los juegos van a saltos y la navegaci\u00f3n web es lent\u00edsima, AVG TuneUp es la soluci\u00f3n. As\u00ed es como funciona:<\/p>\n<ul>\n<li>Optimiza tu PC con el modo de suspensi\u00f3n: Los programas instalados ralentizan tu PC al saturar la memoria y el procesador. La tecnolog\u00eda del Modo de reposo, completamente redise\u00f1ada, pone estos programas en reposo y los activa cuando los necesitas, no antes.<\/li>\n<\/ul>\n<h3>ELIMINAR BLOATWARE Y PROGRAMAS NO DESEADOS<\/h3>\n<p>Tanto si se trata de programas antiguos que no utilizas, barras de herramientas o versiones de prueba, como de software preinstalado en tu PC, todo ello ocupa espacio y puede causar problemas en tu PC.<\/p>\n<ul>\n<li>Busca y elimina el software no deseado con el desinstalador de software: El desinstalador de software detecta el bloatware y te ayuda a eliminarlo, as\u00ed como los programas que ya no utilizas e incluso has olvidado.<\/li>\n<\/ul>\n<h3>LIBERA ESPACIO DE ALMACENAMIENTO Y LIMPIA M\u00c1S DE 200 APLICACIONES<\/h3>\n<p>Tu PC empieza a acumular archivos y programas no deseados desde el primer d\u00eda de uso: archivos no deseados de Windows, archivos no deseados de la web y archivos residuales de tus programas. Todo esto ocupa espacio y puede causar problemas con el tiempo. Hay dos soluciones posibles:<\/p>\n<ul>\n<li>Limpia a fondo tu disco duro con el Liberador de espacio en disco: desde archivos de instalaci\u00f3n hasta cach\u00e9, desde copias de seguridad antiguas hasta archivos temporales del sistema. Sol\u00edan ser \u00fatiles, pero ahora s\u00f3lo ralentizan su PC, por lo que AVG TuneUp los limpia y libera espacio para lo que es realmente importante.<\/li>\n<li>Navega m\u00e1s ligero y r\u00e1pido con Browser Cleaner: Datos temporales y residuos de navegaci\u00f3n online ? Se ha ido. AVG TuneUp elimina los archivos que Internet Explorer, Chrome, Firefox, etc. no pueden eliminar por s\u00ed solos. \u00bfEl resultado? Un navegador m\u00e1s ligero, m\u00e1s r\u00e1pido y menos propenso a los errores.<\/li>\n<\/ul>\n<h3>ACTUALICE TODOS SUS PROGRAMAS CON UN SOLO CLIC<\/h3>\n<p>Evite problemas de seguridad, errores y molestos instaladores: la actualizaci\u00f3n de software de AVG TuneUp comprueba el software instalado, como Java, VLC y Skype, y lo actualiza f\u00e1cilmente a las versiones m\u00e1s recientes.<\/p>\n<ul>\n<li>Actualizaciones de software sin complicaciones: las actualizaciones de software funcionan autom\u00e1ticamente y admiten actualizaciones para m\u00e1s de 50 aplicaciones populares (y la lista sigue creciendo).<\/li>\n<\/ul>\n<\/div>\n<\/div>\n<\/div>\n<\/div>\n<\/div>\n<\/div>\n<div class=\"fancybox-item fancybox-close\" title=\"Cerrar\"><\/div>\n<\/div>\n<\/div>","protected":false},"excerpt":{"rendered":"<ul>\n<li class=\"point-fort\">Benef\u00edciese de un mantenimiento totalmente autom\u00e1tico<\/li>\n<li class=\"point-fort\">Optimice su PC con Windows<\/li>\n<li class=\"point-fort\">Desinstala el software que no necesites<\/li>\n<li class=\"point-fort\">Eliminar archivos no deseados para liberar espacio<\/li>\n<li class=\"point-fort\">Actualice sus programas autom\u00e1ticamente<\/li>\n<\/ul>\n<p>Comprar y descargar <strong>AVG TuneUp 2022-2023<\/strong><\/p>\n<p>Tras realizar su pedido, recibir\u00e1 :<\/p>\n<ul>\n<li>Un correo electr\u00f3nico con la clave de activaci\u00f3n de la licencia<strong> AVG TuneUp 2022-2023<\/strong><\/li>\n<li>El enlace de descarga de <strong>AVG TuneUp 2022-2023<\/strong><\/li>\n<li>Gu\u00edas de instalaci\u00f3n y activaci\u00f3n<\/li>\n<\/ul>\n<p>Nuestro servicio de atenci\u00f3n al cliente est\u00e1 disponible los 7 d\u00edas de la semana<\/p>","protected":false},"featured_media":51905,"comment_status":"open","ping_status":"closed","template":"","meta":[],"product_brand":[],"product_cat":[188,1508,20],"product_tag":[],"class_list":{"0":"post-404","1":"product","2":"type-product","3":"status-publish","4":"has-post-thumbnail","6":"product_cat-avg","7":"product_cat-avg-tuneup","8":"product_cat-securite","10":"first","11":"instock","12":"sale","13":"downloadable","14":"virtual","15":"purchasable","16":"product-type-simple","17":"czr-hentry"},"yoast_head":"<!-- This site is optimized with the Yoast SEO plugin v27.5 - https:\/\/yoast.com\/product\/yoast-seo-wordpress\/ -->\n<title>AVG TuneUp 2026 - 10 appareils - Abonnement 2 ans - Alfa Descompte<\/title>\n<meta name=\"robots\" content=\"index, follow, max-snippet:-1, max-image-preview:large, max-video-preview:-1\" \/>\n<link rel=\"canonical\" href=\"https:\/\/alfadescompte.ad\/es\/producto-2\/avg-tuneup-pc-10-postes-2-ans\/\" \/>\n<meta property=\"og:locale\" content=\"es_ES\" \/>\n<meta property=\"og:type\" content=\"article\" \/>\n<meta property=\"og:title\" content=\"AVG TuneUp 2026 - 10 appareils - Abonnement 2 ans - Alfa Descompte\" \/>\n<meta property=\"og:description\" content=\"B\u00e9n\u00e9ficiez de la maintenance automatique compl\u00e8te  Optimisez votre PC sous Windows  D\u00e9sinstallez les logiciels dont vous n&#039;avez pas besoin  Supprimez les fichiers ind\u00e9sirables pour lib\u00e9rer de l&#039;espace  Mettez vos programmes \u00e0 jour automatiquement  Acheter et T\u00e9l\u00e9charger AVG TuneUp 2022-2023  Apr\u00e8s avoir pass\u00e9 votre commande, vous recevrez :   Un email contenant la cl\u00e9 d&#039;activation de licence AVG TuneUp 2022-2023  Le lien de t\u00e9l\u00e9chargement pour AVG TuneUp 2022-2023  Les guides d\u2019installation et d\u2019activation  Notre service client\u00e8le est disponible 7\/7 jours\" \/>\n<meta property=\"og:url\" content=\"https:\/\/alfadescompte.ad\/es\/producto-2\/avg-tuneup-pc-10-postes-2-ans\/\" \/>\n<meta property=\"og:site_name\" content=\"Alfa Descompte\" \/>\n<meta property=\"article:modified_time\" content=\"2026-03-02T17:42:22+00:00\" \/>\n<meta property=\"og:image\" content=\"https:\/\/alfadescompte.ad\/wp-content\/uploads\/2022\/04\/Erika-25.png\" \/>\n\t<meta property=\"og:image:width\" content=\"800\" \/>\n\t<meta property=\"og:image:height\" content=\"800\" \/>\n\t<meta property=\"og:image:type\" content=\"image\/png\" \/>\n<meta name=\"twitter:card\" content=\"summary_large_image\" \/>\n<meta name=\"twitter:label1\" content=\"Tiempo de lectura\" \/>\n\t<meta name=\"twitter:data1\" content=\"4 minutos\" \/>\n<script type=\"application\/ld+json\" class=\"yoast-schema-graph\">{\"@context\":\"https:\\\/\\\/schema.org\",\"@graph\":[{\"@type\":\"WebPage\",\"@id\":\"https:\\\/\\\/alfadescompte.ad\\\/produit\\\/avg-tuneup-pc-10-postes-2-ans\\\/\",\"url\":\"https:\\\/\\\/alfadescompte.ad\\\/produit\\\/avg-tuneup-pc-10-postes-2-ans\\\/\",\"name\":\"AVG TuneUp 2026 - 10 appareils - Abonnement 2 ans - Alfa Descompte\",\"isPartOf\":{\"@id\":\"https:\\\/\\\/alfadescompte.ad\\\/#website\"},\"primaryImageOfPage\":{\"@id\":\"https:\\\/\\\/alfadescompte.ad\\\/produit\\\/avg-tuneup-pc-10-postes-2-ans\\\/#primaryimage\"},\"image\":{\"@id\":\"https:\\\/\\\/alfadescompte.ad\\\/produit\\\/avg-tuneup-pc-10-postes-2-ans\\\/#primaryimage\"},\"thumbnailUrl\":\"https:\\\/\\\/alfadescompte.ad\\\/wp-content\\\/uploads\\\/2022\\\/04\\\/Erika-25.png\",\"datePublished\":\"2022-04-06T10:53:45+00:00\",\"dateModified\":\"2026-03-02T17:42:22+00:00\",\"breadcrumb\":{\"@id\":\"https:\\\/\\\/alfadescompte.ad\\\/produit\\\/avg-tuneup-pc-10-postes-2-ans\\\/#breadcrumb\"},\"inLanguage\":\"es\",\"potentialAction\":[{\"@type\":\"ReadAction\",\"target\":[\"https:\\\/\\\/alfadescompte.ad\\\/produit\\\/avg-tuneup-pc-10-postes-2-ans\\\/\"]}]},{\"@type\":\"ImageObject\",\"inLanguage\":\"es\",\"@id\":\"https:\\\/\\\/alfadescompte.ad\\\/produit\\\/avg-tuneup-pc-10-postes-2-ans\\\/#primaryimage\",\"url\":\"https:\\\/\\\/alfadescompte.ad\\\/wp-content\\\/uploads\\\/2022\\\/04\\\/Erika-25.png\",\"contentUrl\":\"https:\\\/\\\/alfadescompte.ad\\\/wp-content\\\/uploads\\\/2022\\\/04\\\/Erika-25.png\",\"width\":800,\"height\":800},{\"@type\":\"BreadcrumbList\",\"@id\":\"https:\\\/\\\/alfadescompte.ad\\\/produit\\\/avg-tuneup-pc-10-postes-2-ans\\\/#breadcrumb\",\"itemListElement\":[{\"@type\":\"ListItem\",\"position\":1,\"name\":\"Accueil\",\"item\":\"https:\\\/\\\/alfadescompte.ad\\\/fr\\\/\"},{\"@type\":\"ListItem\",\"position\":2,\"name\":\"Boutique\",\"item\":\"https:\\\/\\\/alfadescompte.ad\\\/en\\\/boutique\\\/\"},{\"@type\":\"ListItem\",\"position\":3,\"name\":\"AVG TuneUp 2026 &#8211; 10 appareils &#8211; Abonnement 2 ans\"}]},{\"@type\":\"WebSite\",\"@id\":\"https:\\\/\\\/alfadescompte.ad\\\/#website\",\"url\":\"https:\\\/\\\/alfadescompte.ad\\\/\",\"name\":\"Alfa Descompte\",\"description\":\"\",\"publisher\":{\"@id\":\"https:\\\/\\\/alfadescompte.ad\\\/#organization\"},\"potentialAction\":[{\"@type\":\"SearchAction\",\"target\":{\"@type\":\"EntryPoint\",\"urlTemplate\":\"https:\\\/\\\/alfadescompte.ad\\\/?s={search_term_string}\"},\"query-input\":{\"@type\":\"PropertyValueSpecification\",\"valueRequired\":true,\"valueName\":\"search_term_string\"}}],\"inLanguage\":\"es\"},{\"@type\":\"Organization\",\"@id\":\"https:\\\/\\\/alfadescompte.ad\\\/#organization\",\"name\":\"Alfa Descompte\",\"url\":\"https:\\\/\\\/alfadescompte.ad\\\/\",\"logo\":{\"@type\":\"ImageObject\",\"inLanguage\":\"es\",\"@id\":\"https:\\\/\\\/alfadescompte.ad\\\/#\\\/schema\\\/logo\\\/image\\\/\",\"url\":\"https:\\\/\\\/alfadescompte.ad\\\/wp-content\\\/uploads\\\/2022\\\/04\\\/cropped-logo-alfa-1-1.png\",\"contentUrl\":\"https:\\\/\\\/alfadescompte.ad\\\/wp-content\\\/uploads\\\/2022\\\/04\\\/cropped-logo-alfa-1-1.png\",\"width\":424,\"height\":128,\"caption\":\"Alfa Descompte\"},\"image\":{\"@id\":\"https:\\\/\\\/alfadescompte.ad\\\/#\\\/schema\\\/logo\\\/image\\\/\"}}]}<\/script>\n<!-- \/ Yoast SEO plugin. -->","yoast_head_json":{"title":"AVG TuneUp 2026 - 10 dispositivos - 2 a\u00f1os de suscripci\u00f3n - Alfa Descompte","robots":{"index":"index","follow":"follow","max-snippet":"max-snippet:-1","max-image-preview":"max-image-preview:large","max-video-preview":"max-video-preview:-1"},"canonical":"https:\/\/alfadescompte.ad\/es\/producto-2\/avg-tuneup-pc-10-postes-2-ans\/","og_locale":"es_ES","og_type":"article","og_title":"AVG TuneUp 2026 - 10 appareils - Abonnement 2 ans - Alfa Descompte","og_description":"B\u00e9n\u00e9ficiez de la maintenance automatique compl\u00e8te  Optimisez votre PC sous Windows  D\u00e9sinstallez les logiciels dont vous n'avez pas besoin  Supprimez les fichiers ind\u00e9sirables pour lib\u00e9rer de l'espace  Mettez vos programmes \u00e0 jour automatiquement  Acheter et T\u00e9l\u00e9charger AVG TuneUp 2022-2023  Apr\u00e8s avoir pass\u00e9 votre commande, vous recevrez :   Un email contenant la cl\u00e9 d'activation de licence AVG TuneUp 2022-2023  Le lien de t\u00e9l\u00e9chargement pour AVG TuneUp 2022-2023  Les guides d\u2019installation et d\u2019activation  Notre service client\u00e8le est disponible 7\/7 jours","og_url":"https:\/\/alfadescompte.ad\/es\/producto-2\/avg-tuneup-pc-10-postes-2-ans\/","og_site_name":"Alfa Descompte","article_modified_time":"2026-03-02T17:42:22+00:00","og_image":[{"width":800,"height":800,"url":"https:\/\/alfadescompte.ad\/wp-content\/uploads\/2022\/04\/Erika-25.png","type":"image\/png"}],"twitter_card":"summary_large_image","twitter_misc":{"Tiempo de lectura":"4 minutos"},"schema":{"@context":"https:\/\/schema.org","@graph":[{"@type":"WebPage","@id":"https:\/\/alfadescompte.ad\/produit\/avg-tuneup-pc-10-postes-2-ans\/","url":"https:\/\/alfadescompte.ad\/produit\/avg-tuneup-pc-10-postes-2-ans\/","name":"AVG TuneUp 2026 - 10 dispositivos - 2 a\u00f1os de suscripci\u00f3n - Alfa Descompte","isPartOf":{"@id":"https:\/\/alfadescompte.ad\/#website"},"primaryImageOfPage":{"@id":"https:\/\/alfadescompte.ad\/produit\/avg-tuneup-pc-10-postes-2-ans\/#primaryimage"},"image":{"@id":"https:\/\/alfadescompte.ad\/produit\/avg-tuneup-pc-10-postes-2-ans\/#primaryimage"},"thumbnailUrl":"https:\/\/alfadescompte.ad\/wp-content\/uploads\/2022\/04\/Erika-25.png","datePublished":"2022-04-06T10:53:45+00:00","dateModified":"2026-03-02T17:42:22+00:00","breadcrumb":{"@id":"https:\/\/alfadescompte.ad\/produit\/avg-tuneup-pc-10-postes-2-ans\/#breadcrumb"},"inLanguage":"es","potentialAction":[{"@type":"ReadAction","target":["https:\/\/alfadescompte.ad\/produit\/avg-tuneup-pc-10-postes-2-ans\/"]}]},{"@type":"ImageObject","inLanguage":"es","@id":"https:\/\/alfadescompte.ad\/produit\/avg-tuneup-pc-10-postes-2-ans\/#primaryimage","url":"https:\/\/alfadescompte.ad\/wp-content\/uploads\/2022\/04\/Erika-25.png","contentUrl":"https:\/\/alfadescompte.ad\/wp-content\/uploads\/2022\/04\/Erika-25.png","width":800,"height":800},{"@type":"BreadcrumbList","@id":"https:\/\/alfadescompte.ad\/produit\/avg-tuneup-pc-10-postes-2-ans\/#breadcrumb","itemListElement":[{"@type":"ListItem","position":1,"name":"Accueil","item":"https:\/\/alfadescompte.ad\/fr\/"},{"@type":"ListItem","position":2,"name":"Boutique","item":"https:\/\/alfadescompte.ad\/en\/boutique\/"},{"@type":"ListItem","position":3,"name":"AVG TuneUp 2026 &#8211; 10 appareils &#8211; Abonnement 2 ans"}]},{"@type":"WebSite","@id":"https:\/\/alfadescompte.ad\/#website","url":"https:\/\/alfadescompte.ad\/","name":"Alfa Descompte","description":"","publisher":{"@id":"https:\/\/alfadescompte.ad\/#organization"},"potentialAction":[{"@type":"SearchAction","target":{"@type":"EntryPoint","urlTemplate":"https:\/\/alfadescompte.ad\/?s={search_term_string}"},"query-input":{"@type":"PropertyValueSpecification","valueRequired":true,"valueName":"search_term_string"}}],"inLanguage":"es"},{"@type":"Organization","@id":"https:\/\/alfadescompte.ad\/#organization","name":"Alfa Descompte","url":"https:\/\/alfadescompte.ad\/","logo":{"@type":"ImageObject","inLanguage":"es","@id":"https:\/\/alfadescompte.ad\/#\/schema\/logo\/image\/","url":"https:\/\/alfadescompte.ad\/wp-content\/uploads\/2022\/04\/cropped-logo-alfa-1-1.png","contentUrl":"https:\/\/alfadescompte.ad\/wp-content\/uploads\/2022\/04\/cropped-logo-alfa-1-1.png","width":424,"height":128,"caption":"Alfa Descompte"},"image":{"@id":"https:\/\/alfadescompte.ad\/#\/schema\/logo\/image\/"}}]}},"_links":{"self":[{"href":"https:\/\/alfadescompte.ad\/es\/wp-json\/wp\/v2\/product\/404","targetHints":{"allow":["GET"]}}],"collection":[{"href":"https:\/\/alfadescompte.ad\/es\/wp-json\/wp\/v2\/product"}],"about":[{"href":"https:\/\/alfadescompte.ad\/es\/wp-json\/wp\/v2\/types\/product"}],"replies":[{"embeddable":true,"href":"https:\/\/alfadescompte.ad\/es\/wp-json\/wp\/v2\/comments?post=404"}],"wp:featuredmedia":[{"embeddable":true,"href":"https:\/\/alfadescompte.ad\/es\/wp-json\/wp\/v2\/media\/51905"}],"wp:attachment":[{"href":"https:\/\/alfadescompte.ad\/es\/wp-json\/wp\/v2\/media?parent=404"}],"wp:term":[{"taxonomy":"product_brand","embeddable":true,"href":"https:\/\/alfadescompte.ad\/es\/wp-json\/wp\/v2\/product_brand?post=404"},{"taxonomy":"product_cat","embeddable":true,"href":"https:\/\/alfadescompte.ad\/es\/wp-json\/wp\/v2\/product_cat?post=404"},{"taxonomy":"product_tag","embeddable":true,"href":"https:\/\/alfadescompte.ad\/es\/wp-json\/wp\/v2\/product_tag?post=404"}],"curies":[{"name":"wp","href":"https:\/\/api.w.org\/{rel}","templated":true}]}}