{"id":41544,"date":"2022-07-30T08:10:56","date_gmt":"2022-07-30T06:10:56","guid":{"rendered":"https:\/\/alfadescompte.ad\/?post_type=product&#038;p=41544"},"modified":"2026-03-03T16:28:35","modified_gmt":"2026-03-03T15:28:35","slug":"kaspersky-antivirus-pc-1-postes-2-ans","status":"publish","type":"product","link":"https:\/\/alfadescompte.ad\/es\/producto-2\/kaspersky-antivirus-pc-1-postes-2-ans\/","title":{"rendered":"Kaspersky Anti-Virus 2026 - 1 PC - 2 a\u00f1os de suscripci\u00f3n"},"content":{"rendered":"<h3><strong>Antivirus Kaspersky 2026<\/strong><\/h3>\n<h3>Su protecci\u00f3n antivirus esencial<\/h3>\n<p>Con\u00a0<strong>Antivirus Kaspersky<\/strong>Con la ayuda de Internet, tiene una protecci\u00f3n esencial contra todas las amenazas que pueden da\u00f1ar su\u00a0<strong>PC con Windows<\/strong>.<\/p>\n<p>Tenga la seguridad de un\u00a0<strong>protecci\u00f3n en tiempo real<\/strong>\u00a0contra virus, malware, ransomware, cryptolockers, hackers, sitios web fraudulentos con su herramienta anti-phishing mientras mantiene el m\u00e1ximo rendimiento sin afectar a su sistema.<\/p>\n<p>Con\u00a0<strong>Antivirus Kaspersky<\/strong>Nunca habr\u00e1 estado tan bien protegido por una marca de renombre desde hace m\u00e1s de 20 a\u00f1os.<\/p>\n<p>REQUISITOS M\u00cdNIMOS DEL SISTEMA<\/p>\n<p><strong>General<\/strong><\/p>\n<ul>\n<li>Se requiere conexi\u00f3n a Internet para la activaci\u00f3n y las actualizaciones de todos los dispositivos<\/li>\n<li>La protecci\u00f3n de la c\u00e1mara web s\u00f3lo funciona en ordenadores (PC y Mac)<\/li>\n<\/ul>\n<p><strong>Windows<\/strong><\/p>\n<ul>\n<li>Procesador: 1 GHz o superior<\/li>\n<li>Memoria (RAM): 1 GB (32 bits) o 2 GB (64 bits)<\/li>\n<li>1500 MB de espacio disponible en el disco duro<\/li>\n<li>Microsoft\u00ae Internet Explorer\u00ae 10 o superior<\/li>\n<li>Microsoft .NET Framework 4 o superior<\/li>\n<li>Microsoft Windows 10 y 11 todas las versiones, Windows 8 y 8.1, Windows 7<\/li>\n<\/ul>","protected":false},"excerpt":{"rendered":"<p>Compre hoy mismo su clave de activaci\u00f3n original y reciba por correo electr\u00f3nico su enlace de descarga ultrarr\u00e1pida y su clave de activaci\u00f3n exclusiva.<\/p>\n<p>- Obtenga su c\u00f3digo de activaci\u00f3n.<br \/>\n- Llave original 100%<br \/>\n- Autorizado para la venta en Europa<br \/>\n- Idiomas: multiling\u00fce<\/p>","protected":false},"featured_media":55808,"comment_status":"open","ping_status":"closed","template":"","meta":[],"product_brand":[],"product_cat":[191,1476,20],"product_tag":[],"class_list":{"0":"post-41544","1":"product","2":"type-product","3":"status-publish","4":"has-post-thumbnail","6":"product_cat-kaspersky","7":"product_cat-kaspersky-anti-virus","8":"product_cat-securite","10":"first","11":"instock","12":"sale","13":"downloadable","14":"virtual","15":"purchasable","16":"product-type-simple","17":"czr-hentry"},"yoast_head":"<!-- This site is optimized with the Yoast SEO plugin v27.3 - https:\/\/yoast.com\/product\/yoast-seo-wordpress\/ -->\n<title>Kaspersky Anti-Virus 2026 - 1 PC - Abonnement 2 ans - Alfa Descompte<\/title>\n<meta name=\"robots\" content=\"index, follow, max-snippet:-1, max-image-preview:large, max-video-preview:-1\" \/>\n<link rel=\"canonical\" href=\"https:\/\/alfadescompte.ad\/es\/producto-2\/kaspersky-antivirus-pc-1-postes-2-ans\/\" \/>\n<meta property=\"og:locale\" content=\"es_ES\" \/>\n<meta property=\"og:type\" content=\"article\" \/>\n<meta property=\"og:title\" content=\"Kaspersky Anti-Virus 2026 - 1 PC - Abonnement 2 ans - Alfa Descompte\" \/>\n<meta property=\"og:description\" content=\"Achetez aujourd\u2019hui votre cl\u00e9 d&#039;activation originale et recevez par mail votre lien de t\u00e9l\u00e9chargement ultra rapide ainsi que sa cl\u00e9 unique d\u2019activation..  - Obtenir votre code d&#039;activation. - Cl\u00e9 100% authentique - Vente autoris\u00e9e en Europe - Langues: Multi-langue\" \/>\n<meta property=\"og:url\" content=\"https:\/\/alfadescompte.ad\/es\/producto-2\/kaspersky-antivirus-pc-1-postes-2-ans\/\" \/>\n<meta property=\"og:site_name\" content=\"Alfa Descompte\" \/>\n<meta property=\"article:modified_time\" content=\"2026-03-03T15:28:35+00:00\" \/>\n<meta property=\"og:image\" content=\"https:\/\/alfadescompte.ad\/wp-content\/uploads\/2022\/04\/ChatGPT-Image-3-mars-2026-16_27_31.png\" \/>\n\t<meta property=\"og:image:width\" content=\"1024\" \/>\n\t<meta property=\"og:image:height\" content=\"1024\" \/>\n\t<meta property=\"og:image:type\" content=\"image\/png\" \/>\n<meta name=\"twitter:card\" content=\"summary_large_image\" \/>\n<meta name=\"twitter:label1\" content=\"Tiempo de lectura\" \/>\n\t<meta name=\"twitter:data1\" content=\"2 minutos\" \/>\n<script type=\"application\/ld+json\" class=\"yoast-schema-graph\">{\"@context\":\"https:\\\/\\\/schema.org\",\"@graph\":[{\"@type\":\"WebPage\",\"@id\":\"https:\\\/\\\/alfadescompte.ad\\\/produit\\\/kaspersky-antivirus-pc-1-postes-2-ans\\\/\",\"url\":\"https:\\\/\\\/alfadescompte.ad\\\/produit\\\/kaspersky-antivirus-pc-1-postes-2-ans\\\/\",\"name\":\"Kaspersky Anti-Virus 2026 - 1 PC - Abonnement 2 ans - Alfa Descompte\",\"isPartOf\":{\"@id\":\"https:\\\/\\\/alfadescompte.ad\\\/#website\"},\"primaryImageOfPage\":{\"@id\":\"https:\\\/\\\/alfadescompte.ad\\\/produit\\\/kaspersky-antivirus-pc-1-postes-2-ans\\\/#primaryimage\"},\"image\":{\"@id\":\"https:\\\/\\\/alfadescompte.ad\\\/produit\\\/kaspersky-antivirus-pc-1-postes-2-ans\\\/#primaryimage\"},\"thumbnailUrl\":\"https:\\\/\\\/alfadescompte.ad\\\/wp-content\\\/uploads\\\/2022\\\/04\\\/ChatGPT-Image-3-mars-2026-16_27_31.png\",\"datePublished\":\"2022-07-30T06:10:56+00:00\",\"dateModified\":\"2026-03-03T15:28:35+00:00\",\"breadcrumb\":{\"@id\":\"https:\\\/\\\/alfadescompte.ad\\\/produit\\\/kaspersky-antivirus-pc-1-postes-2-ans\\\/#breadcrumb\"},\"inLanguage\":\"es\",\"potentialAction\":[{\"@type\":\"ReadAction\",\"target\":[\"https:\\\/\\\/alfadescompte.ad\\\/produit\\\/kaspersky-antivirus-pc-1-postes-2-ans\\\/\"]}]},{\"@type\":\"ImageObject\",\"inLanguage\":\"es\",\"@id\":\"https:\\\/\\\/alfadescompte.ad\\\/produit\\\/kaspersky-antivirus-pc-1-postes-2-ans\\\/#primaryimage\",\"url\":\"https:\\\/\\\/alfadescompte.ad\\\/wp-content\\\/uploads\\\/2022\\\/04\\\/ChatGPT-Image-3-mars-2026-16_27_31.png\",\"contentUrl\":\"https:\\\/\\\/alfadescompte.ad\\\/wp-content\\\/uploads\\\/2022\\\/04\\\/ChatGPT-Image-3-mars-2026-16_27_31.png\",\"width\":1024,\"height\":1024},{\"@type\":\"BreadcrumbList\",\"@id\":\"https:\\\/\\\/alfadescompte.ad\\\/produit\\\/kaspersky-antivirus-pc-1-postes-2-ans\\\/#breadcrumb\",\"itemListElement\":[{\"@type\":\"ListItem\",\"position\":1,\"name\":\"Accueil\",\"item\":\"https:\\\/\\\/alfadescompte.ad\\\/fr\\\/\"},{\"@type\":\"ListItem\",\"position\":2,\"name\":\"Boutique\",\"item\":\"https:\\\/\\\/alfadescompte.ad\\\/en\\\/boutique\\\/\"},{\"@type\":\"ListItem\",\"position\":3,\"name\":\"Kaspersky Anti-Virus 2026 &#8211; 1 PC &#8211; Abonnement 2 ans\"}]},{\"@type\":\"WebSite\",\"@id\":\"https:\\\/\\\/alfadescompte.ad\\\/#website\",\"url\":\"https:\\\/\\\/alfadescompte.ad\\\/\",\"name\":\"Alfa Descompte\",\"description\":\"\",\"publisher\":{\"@id\":\"https:\\\/\\\/alfadescompte.ad\\\/#organization\"},\"potentialAction\":[{\"@type\":\"SearchAction\",\"target\":{\"@type\":\"EntryPoint\",\"urlTemplate\":\"https:\\\/\\\/alfadescompte.ad\\\/?s={search_term_string}\"},\"query-input\":{\"@type\":\"PropertyValueSpecification\",\"valueRequired\":true,\"valueName\":\"search_term_string\"}}],\"inLanguage\":\"es\"},{\"@type\":\"Organization\",\"@id\":\"https:\\\/\\\/alfadescompte.ad\\\/#organization\",\"name\":\"Alfa Descompte\",\"url\":\"https:\\\/\\\/alfadescompte.ad\\\/\",\"logo\":{\"@type\":\"ImageObject\",\"inLanguage\":\"es\",\"@id\":\"https:\\\/\\\/alfadescompte.ad\\\/#\\\/schema\\\/logo\\\/image\\\/\",\"url\":\"https:\\\/\\\/alfadescompte.ad\\\/wp-content\\\/uploads\\\/2022\\\/04\\\/cropped-logo-alfa-1-1.png\",\"contentUrl\":\"https:\\\/\\\/alfadescompte.ad\\\/wp-content\\\/uploads\\\/2022\\\/04\\\/cropped-logo-alfa-1-1.png\",\"width\":424,\"height\":128,\"caption\":\"Alfa Descompte\"},\"image\":{\"@id\":\"https:\\\/\\\/alfadescompte.ad\\\/#\\\/schema\\\/logo\\\/image\\\/\"}}]}<\/script>\n<!-- \/ Yoast SEO plugin. -->","yoast_head_json":{"title":"Kaspersky Anti-Virus 2026 - 1 PC - 2 a\u00f1o de suscripci\u00f3n - Alfa Descompte","robots":{"index":"index","follow":"follow","max-snippet":"max-snippet:-1","max-image-preview":"max-image-preview:large","max-video-preview":"max-video-preview:-1"},"canonical":"https:\/\/alfadescompte.ad\/es\/producto-2\/kaspersky-antivirus-pc-1-postes-2-ans\/","og_locale":"es_ES","og_type":"article","og_title":"Kaspersky Anti-Virus 2026 - 1 PC - Abonnement 2 ans - Alfa Descompte","og_description":"Achetez aujourd\u2019hui votre cl\u00e9 d'activation originale et recevez par mail votre lien de t\u00e9l\u00e9chargement ultra rapide ainsi que sa cl\u00e9 unique d\u2019activation..  - Obtenir votre code d'activation. - Cl\u00e9 100% authentique - Vente autoris\u00e9e en Europe - Langues: Multi-langue","og_url":"https:\/\/alfadescompte.ad\/es\/producto-2\/kaspersky-antivirus-pc-1-postes-2-ans\/","og_site_name":"Alfa Descompte","article_modified_time":"2026-03-03T15:28:35+00:00","og_image":[{"width":1024,"height":1024,"url":"https:\/\/alfadescompte.ad\/wp-content\/uploads\/2022\/04\/ChatGPT-Image-3-mars-2026-16_27_31.png","type":"image\/png"}],"twitter_card":"summary_large_image","twitter_misc":{"Tiempo de lectura":"2 minutos"},"schema":{"@context":"https:\/\/schema.org","@graph":[{"@type":"WebPage","@id":"https:\/\/alfadescompte.ad\/produit\/kaspersky-antivirus-pc-1-postes-2-ans\/","url":"https:\/\/alfadescompte.ad\/produit\/kaspersky-antivirus-pc-1-postes-2-ans\/","name":"Kaspersky Anti-Virus 2026 - 1 PC - 2 a\u00f1o de suscripci\u00f3n - Alfa Descompte","isPartOf":{"@id":"https:\/\/alfadescompte.ad\/#website"},"primaryImageOfPage":{"@id":"https:\/\/alfadescompte.ad\/produit\/kaspersky-antivirus-pc-1-postes-2-ans\/#primaryimage"},"image":{"@id":"https:\/\/alfadescompte.ad\/produit\/kaspersky-antivirus-pc-1-postes-2-ans\/#primaryimage"},"thumbnailUrl":"https:\/\/alfadescompte.ad\/wp-content\/uploads\/2022\/04\/ChatGPT-Image-3-mars-2026-16_27_31.png","datePublished":"2022-07-30T06:10:56+00:00","dateModified":"2026-03-03T15:28:35+00:00","breadcrumb":{"@id":"https:\/\/alfadescompte.ad\/produit\/kaspersky-antivirus-pc-1-postes-2-ans\/#breadcrumb"},"inLanguage":"es","potentialAction":[{"@type":"ReadAction","target":["https:\/\/alfadescompte.ad\/produit\/kaspersky-antivirus-pc-1-postes-2-ans\/"]}]},{"@type":"ImageObject","inLanguage":"es","@id":"https:\/\/alfadescompte.ad\/produit\/kaspersky-antivirus-pc-1-postes-2-ans\/#primaryimage","url":"https:\/\/alfadescompte.ad\/wp-content\/uploads\/2022\/04\/ChatGPT-Image-3-mars-2026-16_27_31.png","contentUrl":"https:\/\/alfadescompte.ad\/wp-content\/uploads\/2022\/04\/ChatGPT-Image-3-mars-2026-16_27_31.png","width":1024,"height":1024},{"@type":"BreadcrumbList","@id":"https:\/\/alfadescompte.ad\/produit\/kaspersky-antivirus-pc-1-postes-2-ans\/#breadcrumb","itemListElement":[{"@type":"ListItem","position":1,"name":"Accueil","item":"https:\/\/alfadescompte.ad\/fr\/"},{"@type":"ListItem","position":2,"name":"Boutique","item":"https:\/\/alfadescompte.ad\/en\/boutique\/"},{"@type":"ListItem","position":3,"name":"Kaspersky Anti-Virus 2026 &#8211; 1 PC &#8211; Abonnement 2 ans"}]},{"@type":"WebSite","@id":"https:\/\/alfadescompte.ad\/#website","url":"https:\/\/alfadescompte.ad\/","name":"Alfa Descompte","description":"","publisher":{"@id":"https:\/\/alfadescompte.ad\/#organization"},"potentialAction":[{"@type":"SearchAction","target":{"@type":"EntryPoint","urlTemplate":"https:\/\/alfadescompte.ad\/?s={search_term_string}"},"query-input":{"@type":"PropertyValueSpecification","valueRequired":true,"valueName":"search_term_string"}}],"inLanguage":"es"},{"@type":"Organization","@id":"https:\/\/alfadescompte.ad\/#organization","name":"Alfa Descompte","url":"https:\/\/alfadescompte.ad\/","logo":{"@type":"ImageObject","inLanguage":"es","@id":"https:\/\/alfadescompte.ad\/#\/schema\/logo\/image\/","url":"https:\/\/alfadescompte.ad\/wp-content\/uploads\/2022\/04\/cropped-logo-alfa-1-1.png","contentUrl":"https:\/\/alfadescompte.ad\/wp-content\/uploads\/2022\/04\/cropped-logo-alfa-1-1.png","width":424,"height":128,"caption":"Alfa Descompte"},"image":{"@id":"https:\/\/alfadescompte.ad\/#\/schema\/logo\/image\/"}}]}},"_links":{"self":[{"href":"https:\/\/alfadescompte.ad\/es\/wp-json\/wp\/v2\/product\/41544","targetHints":{"allow":["GET"]}}],"collection":[{"href":"https:\/\/alfadescompte.ad\/es\/wp-json\/wp\/v2\/product"}],"about":[{"href":"https:\/\/alfadescompte.ad\/es\/wp-json\/wp\/v2\/types\/product"}],"replies":[{"embeddable":true,"href":"https:\/\/alfadescompte.ad\/es\/wp-json\/wp\/v2\/comments?post=41544"}],"wp:featuredmedia":[{"embeddable":true,"href":"https:\/\/alfadescompte.ad\/es\/wp-json\/wp\/v2\/media\/55808"}],"wp:attachment":[{"href":"https:\/\/alfadescompte.ad\/es\/wp-json\/wp\/v2\/media?parent=41544"}],"wp:term":[{"taxonomy":"product_brand","embeddable":true,"href":"https:\/\/alfadescompte.ad\/es\/wp-json\/wp\/v2\/product_brand?post=41544"},{"taxonomy":"product_cat","embeddable":true,"href":"https:\/\/alfadescompte.ad\/es\/wp-json\/wp\/v2\/product_cat?post=41544"},{"taxonomy":"product_tag","embeddable":true,"href":"https:\/\/alfadescompte.ad\/es\/wp-json\/wp\/v2\/product_tag?post=41544"}],"curies":[{"name":"wp","href":"https:\/\/api.w.org\/{rel}","templated":true}]}}