{"id":427,"date":"2022-04-06T13:48:58","date_gmt":"2022-04-06T11:48:58","guid":{"rendered":"http:\/\/alfadescompte.com\/?post_type=product&#038;p=427"},"modified":"2026-02-28T08:14:24","modified_gmt":"2026-02-28T07:14:24","slug":"norton-360-standard-10-gb-cloud-storage","status":"publish","type":"product","link":"https:\/\/alfadescompte.ad\/es\/producto-2\/norton-360-standard-10-gb-cloud-storage\/","title":{"rendered":"Norton 360 Standard 2026 - 1 dispositivo - 1 a\u00f1o de suscripci\u00f3n"},"content":{"rendered":"<div class=\"fancybox-wrap fancybox-desktop fancybox-type-ajax fancybox-opened\">\n<div class=\"fancybox-skin\">\n<div class=\"fancybox-outer\">\n<div class=\"fancybox-inner\">\n<div id=\"popup-fiche\">\n<div class=\"wrapper-fiche\">\n<div class=\"content-fiche\">\n<div class=\"description\">\n<h3><strong>Norton 360 Standard 2026 - 1 dispositivo - 1 a\u00f1o de suscripci\u00f3n<\/strong><\/h3>\n<p>Las innovadoras tecnolog\u00edas de seguridad de Norton se basan en la inteligencia artificial y el aprendizaje autom\u00e1tico, as\u00ed como en la mayor red de inteligencia sobre ciberamenazas del mundo. Estas tecnolog\u00edas tambi\u00e9n incluyen m\u00faltiples capas de defensas para proteger sus dispositivos de virus, malware, spyware y ransomware.<\/p>\n<p>Las amenazas actuales son complejas, y las tecnolog\u00edas de seguridad avanzadas y los equipos de respuesta de Norton vigilan las 24 horas del d\u00eda en todo el mundo para frustrar a los ciberdelincuentes y detener los \u00faltimos ataques antes de que lleguen a su dispositivo y para proteger su informaci\u00f3n personal y financiera cuando se conecta.<\/p>\n<p>Norton tiene varios niveles de protecci\u00f3n para defenderse de los ataques de ransomware. El uso de la copia de seguridad autom\u00e1tica en la nube es una medida preventiva adicional para garantizar la seguridad de sus archivos.<\/p>\n<p>La funci\u00f3n Norton Smart Firewall supervisa el tr\u00e1fico de red enviado y recibido en su equipo cuando est\u00e1 conectado a Internet y bloquea el tr\u00e1fico sospechoso. Esto ayuda a proteger tus archivos y datos personales en tu dispositivo de ataques maliciosos y miradas indiscretas.<\/p>\n<h3>NOVEDADES DE NORTON 360<\/h3>\n<p>Norton 360 proporciona protecci\u00f3n en tiempo real para su PC, Mac, smartphone o tableta contra ransomware, virus, spyware, malware y otras amenazas online.<\/p>\n<ul>\n<li><strong>Protecci\u00f3n contra amenazas en tiempo real :<\/strong>\u00a0La seguridad avanzada de varias capas ayuda a proteger tus dispositivos contra las amenazas existentes y emergentes y a salvaguardar tu informaci\u00f3n privada y financiera cuando te conectas a Internet.<\/li>\n<li><strong>Cortafuegos inteligente :<\/strong>\u00a0supervisa las comunicaciones entre su ordenador y otros ordenadores y bloquea el tr\u00e1fico no autorizado, ayudando a proteger sus archivos personales e informaci\u00f3n financiera.<\/li>\n<li><strong>VPN segura :<\/strong>\u00a0Navegue de forma an\u00f3nima y segura con Norton 360 VPN. Con un solo clic, Secure VPN le ofrece la posibilidad de asegurar su conexi\u00f3n cada vez que se conecte, incluso con Wi-Fi p\u00fablico. Su informaci\u00f3n personal est\u00e1 encriptada, lo que impide que los ciberdelincuentes intercepten su conexi\u00f3n y accedan a su valiosa informaci\u00f3n personal.<\/li>\n<li><strong>Gestor de contrase\u00f1as :<\/strong>\u00a0Cree, almacene y gestione f\u00e1cilmente sus complejas contrase\u00f1as, la informaci\u00f3n de su tarjeta de cr\u00e9dito y otras credenciales en l\u00ednea de forma segura.<\/li>\n<li><strong>Copia de seguridad en l\u00ednea de 10 GB :<\/strong>\u00a0Copias de seguridad autom\u00e1ticas y seguras en la nube para PC: para almacenar y proteger los archivos y documentos importantes frente a fallos del disco duro, dispositivos robados e incluso ransomware.<\/li>\n<li><strong>SafeCam :<\/strong>\u00a0ser alertado si los ciberdelincuentes intentan utilizar su c\u00e1mara web y puede bloquear espec\u00edficamente el acceso no autorizado a su c\u00e1mara web.<\/li>\n<\/ul>\n<p>SUSCRIPCI\u00d3N CON RENOVACI\u00d3N AUTOM\u00c1TICA :<\/p>\n<p>La protecci\u00f3n no se interrumpe, ya que esta suscripci\u00f3n se renueva autom\u00e1ticamente cada a\u00f1o. Si no desea que se le renueve, puede cancelar la renovaci\u00f3n autom\u00e1tica en su cuenta de Norton EN CUALQUIER MOMENTO.<\/p>\n<p>Es necesario registrar un m\u00e9todo de pago (tarjeta de cr\u00e9dito o PayPal) en su cuenta de Norton para activar y utilizar la protecci\u00f3n. No se le cobrar\u00e1 hasta que se complete la suscripci\u00f3n inicial de prepago.<\/p>\n<p>La tarifa est\u00e1 sujeta a cambios, pero Norton siempre le enviar\u00e1 una notificaci\u00f3n por correo electr\u00f3nico antes de cualquier cobro.<\/p>\n<p>Requisitos del sistema<\/p>\n<ul>\n<li>-Procesador: 1 Gigahercio (GHz) o superior.<\/li>\n<li>Memoria RAM: 1 Gigabyte (GB) (32 bits) o 2 GB (64 bits)<\/li>\n<li>Espacio disponible en disco: 16 GB<\/li>\n<li>Tarjeta gr\u00e1fica: dispositivo gr\u00e1fico Microsoft DirectX 9 con controlador WDDM.<\/li>\n<\/ul>\n<\/div>\n<\/div>\n<\/div>\n<\/div>\n<\/div>\n<\/div>\n<div class=\"fancybox-item fancybox-close\" title=\"Cerrar\"><\/div>\n<\/div>\n<\/div>","protected":false},"excerpt":{"rendered":"<p>Compre hoy mismo su clave de activaci\u00f3n original y reciba por correo electr\u00f3nico su enlace de descarga ultrarr\u00e1pida y su clave de activaci\u00f3n exclusiva.<\/p>\n<p>- Obtenga su c\u00f3digo de activaci\u00f3n en 15 minutos.<br \/>\n- Llave original 100%<br \/>\n- Autorizado para la venta en Europa<br \/>\n- Idiomas: multiling\u00fce<\/p>","protected":false},"featured_media":55749,"comment_status":"open","ping_status":"closed","template":"","meta":[],"product_brand":[],"product_cat":[1260,193,1553,16,20],"product_tag":[],"class_list":{"0":"post-427","1":"product","2":"type-product","3":"status-publish","4":"has-post-thumbnail","6":"product_cat-logiciels-offres-speciales","7":"product_cat-norton","8":"product_cat-norton-360-standard","9":"product_cat-offres-speciales","10":"product_cat-securite","12":"first","13":"instock","14":"sale","15":"downloadable","16":"virtual","17":"purchasable","18":"product-type-simple","19":"czr-hentry"},"yoast_head":"<!-- This site is optimized with the Yoast SEO plugin v27.3 - https:\/\/yoast.com\/product\/yoast-seo-wordpress\/ -->\n<title>Norton 360 Standard 2026 - 1 appareil - Abonnement 1 an - Alfa Descompte<\/title>\n<meta name=\"robots\" content=\"index, follow, max-snippet:-1, max-image-preview:large, max-video-preview:-1\" \/>\n<link rel=\"canonical\" href=\"https:\/\/alfadescompte.ad\/es\/producto-2\/norton-360-standard-10-gb-cloud-storage\/\" \/>\n<meta property=\"og:locale\" content=\"es_ES\" \/>\n<meta property=\"og:type\" content=\"article\" \/>\n<meta property=\"og:title\" content=\"Norton 360 Standard 2026 - 1 appareil - Abonnement 1 an - Alfa Descompte\" \/>\n<meta property=\"og:description\" content=\"Achetez aujourd\u2019hui votre cl\u00e9 d&#039;activation originale et recevez par mail votre lien de t\u00e9l\u00e9chargement ultra rapide ainsi que sa cl\u00e9 unique d\u2019activation..  - Obtenir votre code d&#039;activation en 15 minutes. - Cl\u00e9 100% authentique - Vente autoris\u00e9e en Europe - Langues: Multi-langue\" \/>\n<meta property=\"og:url\" content=\"https:\/\/alfadescompte.ad\/es\/producto-2\/norton-360-standard-10-gb-cloud-storage\/\" \/>\n<meta property=\"og:site_name\" content=\"Alfa Descompte\" \/>\n<meta property=\"article:modified_time\" content=\"2026-02-28T07:14:24+00:00\" \/>\n<meta property=\"og:image\" content=\"https:\/\/alfadescompte.ad\/wp-content\/uploads\/2022\/04\/ChatGPT-Image-28-fevr.-2026-08_02_14.png\" \/>\n\t<meta property=\"og:image:width\" content=\"1024\" \/>\n\t<meta property=\"og:image:height\" content=\"1024\" \/>\n\t<meta property=\"og:image:type\" content=\"image\/png\" \/>\n<meta name=\"twitter:card\" content=\"summary_large_image\" \/>\n<meta name=\"twitter:label1\" content=\"Tiempo de lectura\" \/>\n\t<meta name=\"twitter:data1\" content=\"4 minutos\" \/>\n<script type=\"application\/ld+json\" class=\"yoast-schema-graph\">{\"@context\":\"https:\\\/\\\/schema.org\",\"@graph\":[{\"@type\":\"WebPage\",\"@id\":\"https:\\\/\\\/alfadescompte.ad\\\/produit\\\/norton-360-standard-10-gb-cloud-storage\\\/\",\"url\":\"https:\\\/\\\/alfadescompte.ad\\\/produit\\\/norton-360-standard-10-gb-cloud-storage\\\/\",\"name\":\"Norton 360 Standard 2026 - 1 appareil - Abonnement 1 an - Alfa Descompte\",\"isPartOf\":{\"@id\":\"https:\\\/\\\/alfadescompte.ad\\\/#website\"},\"primaryImageOfPage\":{\"@id\":\"https:\\\/\\\/alfadescompte.ad\\\/produit\\\/norton-360-standard-10-gb-cloud-storage\\\/#primaryimage\"},\"image\":{\"@id\":\"https:\\\/\\\/alfadescompte.ad\\\/produit\\\/norton-360-standard-10-gb-cloud-storage\\\/#primaryimage\"},\"thumbnailUrl\":\"https:\\\/\\\/alfadescompte.ad\\\/wp-content\\\/uploads\\\/2022\\\/04\\\/ChatGPT-Image-28-fevr.-2026-08_02_14.png\",\"datePublished\":\"2022-04-06T11:48:58+00:00\",\"dateModified\":\"2026-02-28T07:14:24+00:00\",\"breadcrumb\":{\"@id\":\"https:\\\/\\\/alfadescompte.ad\\\/produit\\\/norton-360-standard-10-gb-cloud-storage\\\/#breadcrumb\"},\"inLanguage\":\"es\",\"potentialAction\":[{\"@type\":\"ReadAction\",\"target\":[\"https:\\\/\\\/alfadescompte.ad\\\/produit\\\/norton-360-standard-10-gb-cloud-storage\\\/\"]}]},{\"@type\":\"ImageObject\",\"inLanguage\":\"es\",\"@id\":\"https:\\\/\\\/alfadescompte.ad\\\/produit\\\/norton-360-standard-10-gb-cloud-storage\\\/#primaryimage\",\"url\":\"https:\\\/\\\/alfadescompte.ad\\\/wp-content\\\/uploads\\\/2022\\\/04\\\/ChatGPT-Image-28-fevr.-2026-08_02_14.png\",\"contentUrl\":\"https:\\\/\\\/alfadescompte.ad\\\/wp-content\\\/uploads\\\/2022\\\/04\\\/ChatGPT-Image-28-fevr.-2026-08_02_14.png\",\"width\":1024,\"height\":1024},{\"@type\":\"BreadcrumbList\",\"@id\":\"https:\\\/\\\/alfadescompte.ad\\\/produit\\\/norton-360-standard-10-gb-cloud-storage\\\/#breadcrumb\",\"itemListElement\":[{\"@type\":\"ListItem\",\"position\":1,\"name\":\"Accueil\",\"item\":\"https:\\\/\\\/alfadescompte.ad\\\/fr\\\/\"},{\"@type\":\"ListItem\",\"position\":2,\"name\":\"Boutique\",\"item\":\"https:\\\/\\\/alfadescompte.ad\\\/en\\\/boutique\\\/\"},{\"@type\":\"ListItem\",\"position\":3,\"name\":\"Norton 360 Standard 2026 &#8211; 1 appareil &#8211; Abonnement 1 an\"}]},{\"@type\":\"WebSite\",\"@id\":\"https:\\\/\\\/alfadescompte.ad\\\/#website\",\"url\":\"https:\\\/\\\/alfadescompte.ad\\\/\",\"name\":\"Alfa Descompte\",\"description\":\"\",\"publisher\":{\"@id\":\"https:\\\/\\\/alfadescompte.ad\\\/#organization\"},\"potentialAction\":[{\"@type\":\"SearchAction\",\"target\":{\"@type\":\"EntryPoint\",\"urlTemplate\":\"https:\\\/\\\/alfadescompte.ad\\\/?s={search_term_string}\"},\"query-input\":{\"@type\":\"PropertyValueSpecification\",\"valueRequired\":true,\"valueName\":\"search_term_string\"}}],\"inLanguage\":\"es\"},{\"@type\":\"Organization\",\"@id\":\"https:\\\/\\\/alfadescompte.ad\\\/#organization\",\"name\":\"Alfa Descompte\",\"url\":\"https:\\\/\\\/alfadescompte.ad\\\/\",\"logo\":{\"@type\":\"ImageObject\",\"inLanguage\":\"es\",\"@id\":\"https:\\\/\\\/alfadescompte.ad\\\/#\\\/schema\\\/logo\\\/image\\\/\",\"url\":\"https:\\\/\\\/alfadescompte.ad\\\/wp-content\\\/uploads\\\/2022\\\/04\\\/cropped-logo-alfa-1-1.png\",\"contentUrl\":\"https:\\\/\\\/alfadescompte.ad\\\/wp-content\\\/uploads\\\/2022\\\/04\\\/cropped-logo-alfa-1-1.png\",\"width\":424,\"height\":128,\"caption\":\"Alfa Descompte\"},\"image\":{\"@id\":\"https:\\\/\\\/alfadescompte.ad\\\/#\\\/schema\\\/logo\\\/image\\\/\"}}]}<\/script>\n<!-- \/ Yoast SEO plugin. -->","yoast_head_json":{"title":"Norton 360 Standard 2026 - 1 equipo - 1 a\u00f1o de suscripci\u00f3n - Alfa Descompte","robots":{"index":"index","follow":"follow","max-snippet":"max-snippet:-1","max-image-preview":"max-image-preview:large","max-video-preview":"max-video-preview:-1"},"canonical":"https:\/\/alfadescompte.ad\/es\/producto-2\/norton-360-standard-10-gb-cloud-storage\/","og_locale":"es_ES","og_type":"article","og_title":"Norton 360 Standard 2026 - 1 appareil - Abonnement 1 an - Alfa Descompte","og_description":"Achetez aujourd\u2019hui votre cl\u00e9 d'activation originale et recevez par mail votre lien de t\u00e9l\u00e9chargement ultra rapide ainsi que sa cl\u00e9 unique d\u2019activation..  - Obtenir votre code d'activation en 15 minutes. - Cl\u00e9 100% authentique - Vente autoris\u00e9e en Europe - Langues: Multi-langue","og_url":"https:\/\/alfadescompte.ad\/es\/producto-2\/norton-360-standard-10-gb-cloud-storage\/","og_site_name":"Alfa Descompte","article_modified_time":"2026-02-28T07:14:24+00:00","og_image":[{"width":1024,"height":1024,"url":"https:\/\/alfadescompte.ad\/wp-content\/uploads\/2022\/04\/ChatGPT-Image-28-fevr.-2026-08_02_14.png","type":"image\/png"}],"twitter_card":"summary_large_image","twitter_misc":{"Tiempo de lectura":"4 minutos"},"schema":{"@context":"https:\/\/schema.org","@graph":[{"@type":"WebPage","@id":"https:\/\/alfadescompte.ad\/produit\/norton-360-standard-10-gb-cloud-storage\/","url":"https:\/\/alfadescompte.ad\/produit\/norton-360-standard-10-gb-cloud-storage\/","name":"Norton 360 Standard 2026 - 1 equipo - 1 a\u00f1o de suscripci\u00f3n - Alfa Descompte","isPartOf":{"@id":"https:\/\/alfadescompte.ad\/#website"},"primaryImageOfPage":{"@id":"https:\/\/alfadescompte.ad\/produit\/norton-360-standard-10-gb-cloud-storage\/#primaryimage"},"image":{"@id":"https:\/\/alfadescompte.ad\/produit\/norton-360-standard-10-gb-cloud-storage\/#primaryimage"},"thumbnailUrl":"https:\/\/alfadescompte.ad\/wp-content\/uploads\/2022\/04\/ChatGPT-Image-28-fevr.-2026-08_02_14.png","datePublished":"2022-04-06T11:48:58+00:00","dateModified":"2026-02-28T07:14:24+00:00","breadcrumb":{"@id":"https:\/\/alfadescompte.ad\/produit\/norton-360-standard-10-gb-cloud-storage\/#breadcrumb"},"inLanguage":"es","potentialAction":[{"@type":"ReadAction","target":["https:\/\/alfadescompte.ad\/produit\/norton-360-standard-10-gb-cloud-storage\/"]}]},{"@type":"ImageObject","inLanguage":"es","@id":"https:\/\/alfadescompte.ad\/produit\/norton-360-standard-10-gb-cloud-storage\/#primaryimage","url":"https:\/\/alfadescompte.ad\/wp-content\/uploads\/2022\/04\/ChatGPT-Image-28-fevr.-2026-08_02_14.png","contentUrl":"https:\/\/alfadescompte.ad\/wp-content\/uploads\/2022\/04\/ChatGPT-Image-28-fevr.-2026-08_02_14.png","width":1024,"height":1024},{"@type":"BreadcrumbList","@id":"https:\/\/alfadescompte.ad\/produit\/norton-360-standard-10-gb-cloud-storage\/#breadcrumb","itemListElement":[{"@type":"ListItem","position":1,"name":"Accueil","item":"https:\/\/alfadescompte.ad\/fr\/"},{"@type":"ListItem","position":2,"name":"Boutique","item":"https:\/\/alfadescompte.ad\/en\/boutique\/"},{"@type":"ListItem","position":3,"name":"Norton 360 Standard 2026 &#8211; 1 appareil &#8211; Abonnement 1 an"}]},{"@type":"WebSite","@id":"https:\/\/alfadescompte.ad\/#website","url":"https:\/\/alfadescompte.ad\/","name":"Alfa Descompte","description":"","publisher":{"@id":"https:\/\/alfadescompte.ad\/#organization"},"potentialAction":[{"@type":"SearchAction","target":{"@type":"EntryPoint","urlTemplate":"https:\/\/alfadescompte.ad\/?s={search_term_string}"},"query-input":{"@type":"PropertyValueSpecification","valueRequired":true,"valueName":"search_term_string"}}],"inLanguage":"es"},{"@type":"Organization","@id":"https:\/\/alfadescompte.ad\/#organization","name":"Alfa Descompte","url":"https:\/\/alfadescompte.ad\/","logo":{"@type":"ImageObject","inLanguage":"es","@id":"https:\/\/alfadescompte.ad\/#\/schema\/logo\/image\/","url":"https:\/\/alfadescompte.ad\/wp-content\/uploads\/2022\/04\/cropped-logo-alfa-1-1.png","contentUrl":"https:\/\/alfadescompte.ad\/wp-content\/uploads\/2022\/04\/cropped-logo-alfa-1-1.png","width":424,"height":128,"caption":"Alfa Descompte"},"image":{"@id":"https:\/\/alfadescompte.ad\/#\/schema\/logo\/image\/"}}]}},"_links":{"self":[{"href":"https:\/\/alfadescompte.ad\/es\/wp-json\/wp\/v2\/product\/427","targetHints":{"allow":["GET"]}}],"collection":[{"href":"https:\/\/alfadescompte.ad\/es\/wp-json\/wp\/v2\/product"}],"about":[{"href":"https:\/\/alfadescompte.ad\/es\/wp-json\/wp\/v2\/types\/product"}],"replies":[{"embeddable":true,"href":"https:\/\/alfadescompte.ad\/es\/wp-json\/wp\/v2\/comments?post=427"}],"wp:featuredmedia":[{"embeddable":true,"href":"https:\/\/alfadescompte.ad\/es\/wp-json\/wp\/v2\/media\/55749"}],"wp:attachment":[{"href":"https:\/\/alfadescompte.ad\/es\/wp-json\/wp\/v2\/media?parent=427"}],"wp:term":[{"taxonomy":"product_brand","embeddable":true,"href":"https:\/\/alfadescompte.ad\/es\/wp-json\/wp\/v2\/product_brand?post=427"},{"taxonomy":"product_cat","embeddable":true,"href":"https:\/\/alfadescompte.ad\/es\/wp-json\/wp\/v2\/product_cat?post=427"},{"taxonomy":"product_tag","embeddable":true,"href":"https:\/\/alfadescompte.ad\/es\/wp-json\/wp\/v2\/product_tag?post=427"}],"curies":[{"name":"wp","href":"https:\/\/api.w.org\/{rel}","templated":true}]}}