{"id":4533,"date":"2022-04-08T13:21:58","date_gmt":"2022-04-08T13:21:58","guid":{"rendered":"http:\/\/alfadescompte.com\/?post_type=product&#038;p=4533"},"modified":"2026-03-03T17:07:56","modified_gmt":"2026-03-03T16:07:56","slug":"office-famille-et-petite-entreprise-2021-mac-1-poste","status":"publish","type":"product","link":"https:\/\/alfadescompte.ad\/es\/producto-2\/office-famille-et-petite-entreprise-2021-mac-1-poste\/","title":{"rendered":"Microsoft OFFICE 2019 Home y Office (MAC)"},"content":{"rendered":"<h3>Office 2019 Mac Hogar y peque\u00f1a oficina<\/h3>\n<h3>Descubre Microsoft Office Hogar y Peque\u00f1o Office 2019 para Mac<\/h3>\n<p>Ideal para peque\u00f1as empresas y familias que necesitan las aplicaciones m\u00e1s populares de Microsoft Office, Microsoft Office Hogar y Peque\u00f1a Empresa 2019 proporciona lo esencial para los usuarios de Mac. Con Microsoft Office 2019 Hogar y Peque\u00f1a Empresa, recibir\u00e1s las herramientas m\u00e1s importantes de Microsoft para mantenerte organizado y productivo en tu negocio. A lo largo de este art\u00edculo, revelaremos las caracter\u00edsticas clave de MS Office Hogar y Peque\u00f1a Empresa 2019 para Mac.<\/p>\n<h3>Caracter\u00edsticas principales<\/h3>\n<p>- Una impresionante gama de funciones de edici\u00f3n, como herramientas de anotaci\u00f3n, marcas de agua, adici\u00f3n y eliminaci\u00f3n de p\u00e1ginas, etc.<\/p>\n<p>- Potente conversor para convertir herramientas desde y hacia una amplia gama de formatos de archivo, incluidos PDF, Word, Excel, etc.<\/p>\n<p>- Creador y rellenador de formularios para la creaci\u00f3n y edici\u00f3n de archivos ;<\/p>\n<p>- Funciones de firma que permiten a los usuarios crear firmas digitales y proteger archivos mediante firmas;<\/p>\n<p>- Funciones de seguridad de archivos, como protecci\u00f3n por contrase\u00f1a y funciones de edici\u00f3n de texto;<\/p>\n<h3>\u00bfQu\u00e9 incluye el pack?<\/h3>\n<p>Con un aspecto m\u00e1s moderno y funciones que ahorran tiempo, la edici\u00f3n 2019 de Office Hogar y Peque\u00f1a Empresa para mac mejora la colaboraci\u00f3n y, gracias a la posibilidad de guardar tus documentos en la nube con OneDrive, puedes acceder a ellos desde cualquier lugar. El paquete ofim\u00e1tico Office 2019 para mac incluye:<\/p>\n<p>-\u00a0<b>Palabra<\/b><br \/>\nLleva tu escritura al siguiente nivel. Microsoft Word es la herramienta perfecta para blogueros, escritores, estudiantes o periodistas que trabajan en documentos profesionales. Utiliza plantillas personalizadas y funciones adicionales para llevar tu escritura al siguiente nivel.<\/p>\n<p>-\u00a0<b>Excel<\/b><br \/>\nGracias a Excel, ahora puede crear hojas de c\u00e1lculo profesionales para sus informes financieros utilizando plantillas personalizadas y f\u00f3rmulas y c\u00e1lculos m\u00e1s modernos.<\/p>\n<p>-\u00a0<b>PowerPoint<\/b><br \/>\nPowerPoint para Mac te permite crear presentaciones m\u00e1s pulidas para que destaques entre la multitud. Utilice animaciones y plantillas predefinidas para mejorar sus presentaciones. Perfecto para estudiantes y empresarios.<\/p>\n<p>-\u00a0<b>OneNote<\/b><br \/>\nAhora puede insertar notas individuales, im\u00e1genes u otros contenidos encontrados en Internet para compartirlos con compa\u00f1eros o familiares, al tiempo que los almacena en un lugar seguro y de f\u00e1cil acceso. OneNote es la herramienta ideal para entornos de colaboraci\u00f3n.<\/p>\n<p>-\u00a0<b>Outlook<\/b><br \/>\nLa herramienta perfecta para todas sus necesidades de correo electr\u00f3nico. Outlook es el servicio de correo electr\u00f3nico f\u00e1cil de usar de Microsoft. La aplicaci\u00f3n de escritorio para Mac ofrece m\u00e1s funciones que el servicio Outlook en l\u00ednea.<\/p>\n<p>Requisitos del sistema<\/p>\n<ul class=\"minuteprodpfort\">\n<li>MAC :<br \/>\nOffice para Mac es compatible con las tres versiones m\u00e1s recientes de macOS. A medida que las nuevas versiones principales de macOS est\u00e9n disponibles de forma generalizada, Microsoft dejar\u00e1 de dar soporte a la versi\u00f3n m\u00e1s antigua, asegurando el soporte para la \u00faltima y las dos versiones anteriores de macOS. La funcionalidad y la disponibilidad de las caracter\u00edsticas del producto pueden variar en los sistemas m\u00e1s antiguos. Para obtener la mejor experiencia, utilice la \u00faltima versi\u00f3n de cualquiera de los sistemas operativos especificados anteriormente.<\/li>\n<li>Modelos compatibles:<br \/>\nMacBook de 12 pulgadas, MacBook Air con pantalla Retina de 13 pulgadas, MacBook Air de 13 pulgadas, MacBook Air de 11 pulgadas, MacBook Pro de 13 pulgadas - Thunderbolt 3 (USB-C), MacBook Pro de 13 pulgadas, MacBook Pro de 15 pulgadas - Thunderbolt 3 (USB-C), MacBook Pro de 15 pulgadas, iMac de 21,5 pulgadas - Thunderbolt 3 (USB-C), iMac de 21,5 pulgadas - Thunderbolt 2, iMac de 27 pulgadas - Thunderbolt 3 (USB-C), iMac de 27 pulgadas - Thunderbolt 2 iMac Pro, Mac Pro, Mac mini - Thunderbolt 3 (USB-C), Mac mini<\/li>\n<li>Espacio libre en disco :<br \/>\n3GB<\/li>\n<li>Requisitos adicionales del sistema<br \/>\nRequiere una conexi\u00f3n a Internet.<\/li>\n<\/ul>","protected":false},"excerpt":{"rendered":"<p>Compre hoy mismo su clave de activaci\u00f3n original y reciba por correo electr\u00f3nico su enlace de descarga ultrarr\u00e1pida de Microsoft y su clave de activaci\u00f3n exclusiva.<\/p>\n<p>- Obtenga su c\u00f3digo de activaci\u00f3n.<br \/>\n- Llave original 100%<br \/>\n- Autorizado para la venta en Europa<br \/>\n- Idiomas: multiling\u00fce<\/p>","protected":false},"featured_media":55713,"comment_status":"open","ping_status":"closed","template":"","meta":[],"product_brand":[],"product_cat":[1260,177,179,180,16],"product_tag":[],"class_list":{"0":"post-4533","1":"product","2":"type-product","3":"status-publish","4":"has-post-thumbnail","6":"product_cat-logiciels-offres-speciales","7":"product_cat-microsoft-office","8":"product_cat-microsoft-office-2019","9":"product_cat-office-mac","10":"product_cat-offres-speciales","12":"first","13":"instock","14":"sale","15":"downloadable","16":"virtual","17":"purchasable","18":"product-type-simple","19":"czr-hentry"},"yoast_head":"<!-- This site is optimized with the Yoast SEO plugin v27.4 - https:\/\/yoast.com\/product\/yoast-seo-wordpress\/ -->\n<title>Microsoft OFFICE 2019 Famille et Entreprise (MAC) - Alfa Descompte<\/title>\n<meta name=\"robots\" content=\"index, follow, max-snippet:-1, max-image-preview:large, max-video-preview:-1\" \/>\n<link rel=\"canonical\" href=\"https:\/\/alfadescompte.ad\/es\/producto-2\/office-famille-et-petite-entreprise-2021-mac-1-poste\/\" \/>\n<meta property=\"og:locale\" content=\"es_ES\" \/>\n<meta property=\"og:type\" content=\"article\" \/>\n<meta property=\"og:title\" content=\"Microsoft OFFICE 2019 Famille et Entreprise (MAC) - Alfa Descompte\" \/>\n<meta property=\"og:description\" content=\"Achetez aujourd\u2019hui votre cl\u00e9 d&#039;activation originale et recevez par mail votre lien de t\u00e9l\u00e9chargement ultra rapide de Microsoft ainsi que sa cl\u00e9 unique d\u2019activation..  - Obtenir votre code d&#039;activation. - Cl\u00e9 100% authentique - Vente autoris\u00e9e en Europe - Langues: Multi-langue\" \/>\n<meta property=\"og:url\" content=\"https:\/\/alfadescompte.ad\/es\/producto-2\/office-famille-et-petite-entreprise-2021-mac-1-poste\/\" \/>\n<meta property=\"og:site_name\" content=\"Alfa Descompte\" \/>\n<meta property=\"article:modified_time\" content=\"2026-03-03T16:07:56+00:00\" \/>\n<meta property=\"og:image\" content=\"https:\/\/alfadescompte.ad\/wp-content\/uploads\/2022\/04\/ChatGPT-Image-27-fevr.-2026-07_59_05.png\" \/>\n\t<meta property=\"og:image:width\" content=\"1024\" \/>\n\t<meta property=\"og:image:height\" content=\"1024\" \/>\n\t<meta property=\"og:image:type\" content=\"image\/png\" \/>\n<meta name=\"twitter:card\" content=\"summary_large_image\" \/>\n<meta name=\"twitter:label1\" content=\"Tiempo de lectura\" \/>\n\t<meta name=\"twitter:data1\" content=\"4 minutos\" \/>\n<script type=\"application\/ld+json\" class=\"yoast-schema-graph\">{\"@context\":\"https:\\\/\\\/schema.org\",\"@graph\":[{\"@type\":\"WebPage\",\"@id\":\"https:\\\/\\\/alfadescompte.ad\\\/produit\\\/office-famille-et-petite-entreprise-2021-mac-1-poste\\\/\",\"url\":\"https:\\\/\\\/alfadescompte.ad\\\/produit\\\/office-famille-et-petite-entreprise-2021-mac-1-poste\\\/\",\"name\":\"Microsoft OFFICE 2019 Famille et Entreprise (MAC) - Alfa Descompte\",\"isPartOf\":{\"@id\":\"https:\\\/\\\/alfadescompte.ad\\\/#website\"},\"primaryImageOfPage\":{\"@id\":\"https:\\\/\\\/alfadescompte.ad\\\/produit\\\/office-famille-et-petite-entreprise-2021-mac-1-poste\\\/#primaryimage\"},\"image\":{\"@id\":\"https:\\\/\\\/alfadescompte.ad\\\/produit\\\/office-famille-et-petite-entreprise-2021-mac-1-poste\\\/#primaryimage\"},\"thumbnailUrl\":\"https:\\\/\\\/alfadescompte.ad\\\/wp-content\\\/uploads\\\/2022\\\/04\\\/ChatGPT-Image-27-fevr.-2026-07_59_05.png\",\"datePublished\":\"2022-04-08T13:21:58+00:00\",\"dateModified\":\"2026-03-03T16:07:56+00:00\",\"breadcrumb\":{\"@id\":\"https:\\\/\\\/alfadescompte.ad\\\/produit\\\/office-famille-et-petite-entreprise-2021-mac-1-poste\\\/#breadcrumb\"},\"inLanguage\":\"es\",\"potentialAction\":[{\"@type\":\"ReadAction\",\"target\":[\"https:\\\/\\\/alfadescompte.ad\\\/produit\\\/office-famille-et-petite-entreprise-2021-mac-1-poste\\\/\"]}]},{\"@type\":\"ImageObject\",\"inLanguage\":\"es\",\"@id\":\"https:\\\/\\\/alfadescompte.ad\\\/produit\\\/office-famille-et-petite-entreprise-2021-mac-1-poste\\\/#primaryimage\",\"url\":\"https:\\\/\\\/alfadescompte.ad\\\/wp-content\\\/uploads\\\/2022\\\/04\\\/ChatGPT-Image-27-fevr.-2026-07_59_05.png\",\"contentUrl\":\"https:\\\/\\\/alfadescompte.ad\\\/wp-content\\\/uploads\\\/2022\\\/04\\\/ChatGPT-Image-27-fevr.-2026-07_59_05.png\",\"width\":1024,\"height\":1024},{\"@type\":\"BreadcrumbList\",\"@id\":\"https:\\\/\\\/alfadescompte.ad\\\/produit\\\/office-famille-et-petite-entreprise-2021-mac-1-poste\\\/#breadcrumb\",\"itemListElement\":[{\"@type\":\"ListItem\",\"position\":1,\"name\":\"Accueil\",\"item\":\"https:\\\/\\\/alfadescompte.ad\\\/fr\\\/\"},{\"@type\":\"ListItem\",\"position\":2,\"name\":\"Boutique\",\"item\":\"https:\\\/\\\/alfadescompte.ad\\\/en\\\/boutique\\\/\"},{\"@type\":\"ListItem\",\"position\":3,\"name\":\"Microsoft OFFICE 2019 Famille et Entreprise (MAC)\"}]},{\"@type\":\"WebSite\",\"@id\":\"https:\\\/\\\/alfadescompte.ad\\\/#website\",\"url\":\"https:\\\/\\\/alfadescompte.ad\\\/\",\"name\":\"Alfa Descompte\",\"description\":\"\",\"publisher\":{\"@id\":\"https:\\\/\\\/alfadescompte.ad\\\/#organization\"},\"potentialAction\":[{\"@type\":\"SearchAction\",\"target\":{\"@type\":\"EntryPoint\",\"urlTemplate\":\"https:\\\/\\\/alfadescompte.ad\\\/?s={search_term_string}\"},\"query-input\":{\"@type\":\"PropertyValueSpecification\",\"valueRequired\":true,\"valueName\":\"search_term_string\"}}],\"inLanguage\":\"es\"},{\"@type\":\"Organization\",\"@id\":\"https:\\\/\\\/alfadescompte.ad\\\/#organization\",\"name\":\"Alfa Descompte\",\"url\":\"https:\\\/\\\/alfadescompte.ad\\\/\",\"logo\":{\"@type\":\"ImageObject\",\"inLanguage\":\"es\",\"@id\":\"https:\\\/\\\/alfadescompte.ad\\\/#\\\/schema\\\/logo\\\/image\\\/\",\"url\":\"https:\\\/\\\/alfadescompte.ad\\\/wp-content\\\/uploads\\\/2022\\\/04\\\/cropped-logo-alfa-1-1.png\",\"contentUrl\":\"https:\\\/\\\/alfadescompte.ad\\\/wp-content\\\/uploads\\\/2022\\\/04\\\/cropped-logo-alfa-1-1.png\",\"width\":424,\"height\":128,\"caption\":\"Alfa Descompte\"},\"image\":{\"@id\":\"https:\\\/\\\/alfadescompte.ad\\\/#\\\/schema\\\/logo\\\/image\\\/\"}}]}<\/script>\n<!-- \/ Yoast SEO plugin. -->","yoast_head_json":{"title":"Microsoft OFFICE 2019 Home y Office (MAC) - Alfa Descompte","robots":{"index":"index","follow":"follow","max-snippet":"max-snippet:-1","max-image-preview":"max-image-preview:large","max-video-preview":"max-video-preview:-1"},"canonical":"https:\/\/alfadescompte.ad\/es\/producto-2\/office-famille-et-petite-entreprise-2021-mac-1-poste\/","og_locale":"es_ES","og_type":"article","og_title":"Microsoft OFFICE 2019 Famille et Entreprise (MAC) - Alfa Descompte","og_description":"Achetez aujourd\u2019hui votre cl\u00e9 d'activation originale et recevez par mail votre lien de t\u00e9l\u00e9chargement ultra rapide de Microsoft ainsi que sa cl\u00e9 unique d\u2019activation..  - Obtenir votre code d'activation. - Cl\u00e9 100% authentique - Vente autoris\u00e9e en Europe - Langues: Multi-langue","og_url":"https:\/\/alfadescompte.ad\/es\/producto-2\/office-famille-et-petite-entreprise-2021-mac-1-poste\/","og_site_name":"Alfa Descompte","article_modified_time":"2026-03-03T16:07:56+00:00","og_image":[{"width":1024,"height":1024,"url":"https:\/\/alfadescompte.ad\/wp-content\/uploads\/2022\/04\/ChatGPT-Image-27-fevr.-2026-07_59_05.png","type":"image\/png"}],"twitter_card":"summary_large_image","twitter_misc":{"Tiempo de lectura":"4 minutos"},"schema":{"@context":"https:\/\/schema.org","@graph":[{"@type":"WebPage","@id":"https:\/\/alfadescompte.ad\/produit\/office-famille-et-petite-entreprise-2021-mac-1-poste\/","url":"https:\/\/alfadescompte.ad\/produit\/office-famille-et-petite-entreprise-2021-mac-1-poste\/","name":"Microsoft OFFICE 2019 Home y Office (MAC) - Alfa Descompte","isPartOf":{"@id":"https:\/\/alfadescompte.ad\/#website"},"primaryImageOfPage":{"@id":"https:\/\/alfadescompte.ad\/produit\/office-famille-et-petite-entreprise-2021-mac-1-poste\/#primaryimage"},"image":{"@id":"https:\/\/alfadescompte.ad\/produit\/office-famille-et-petite-entreprise-2021-mac-1-poste\/#primaryimage"},"thumbnailUrl":"https:\/\/alfadescompte.ad\/wp-content\/uploads\/2022\/04\/ChatGPT-Image-27-fevr.-2026-07_59_05.png","datePublished":"2022-04-08T13:21:58+00:00","dateModified":"2026-03-03T16:07:56+00:00","breadcrumb":{"@id":"https:\/\/alfadescompte.ad\/produit\/office-famille-et-petite-entreprise-2021-mac-1-poste\/#breadcrumb"},"inLanguage":"es","potentialAction":[{"@type":"ReadAction","target":["https:\/\/alfadescompte.ad\/produit\/office-famille-et-petite-entreprise-2021-mac-1-poste\/"]}]},{"@type":"ImageObject","inLanguage":"es","@id":"https:\/\/alfadescompte.ad\/produit\/office-famille-et-petite-entreprise-2021-mac-1-poste\/#primaryimage","url":"https:\/\/alfadescompte.ad\/wp-content\/uploads\/2022\/04\/ChatGPT-Image-27-fevr.-2026-07_59_05.png","contentUrl":"https:\/\/alfadescompte.ad\/wp-content\/uploads\/2022\/04\/ChatGPT-Image-27-fevr.-2026-07_59_05.png","width":1024,"height":1024},{"@type":"BreadcrumbList","@id":"https:\/\/alfadescompte.ad\/produit\/office-famille-et-petite-entreprise-2021-mac-1-poste\/#breadcrumb","itemListElement":[{"@type":"ListItem","position":1,"name":"Accueil","item":"https:\/\/alfadescompte.ad\/fr\/"},{"@type":"ListItem","position":2,"name":"Boutique","item":"https:\/\/alfadescompte.ad\/en\/boutique\/"},{"@type":"ListItem","position":3,"name":"Microsoft OFFICE 2019 Famille et Entreprise (MAC)"}]},{"@type":"WebSite","@id":"https:\/\/alfadescompte.ad\/#website","url":"https:\/\/alfadescompte.ad\/","name":"Alfa Descompte","description":"","publisher":{"@id":"https:\/\/alfadescompte.ad\/#organization"},"potentialAction":[{"@type":"SearchAction","target":{"@type":"EntryPoint","urlTemplate":"https:\/\/alfadescompte.ad\/?s={search_term_string}"},"query-input":{"@type":"PropertyValueSpecification","valueRequired":true,"valueName":"search_term_string"}}],"inLanguage":"es"},{"@type":"Organization","@id":"https:\/\/alfadescompte.ad\/#organization","name":"Alfa Descompte","url":"https:\/\/alfadescompte.ad\/","logo":{"@type":"ImageObject","inLanguage":"es","@id":"https:\/\/alfadescompte.ad\/#\/schema\/logo\/image\/","url":"https:\/\/alfadescompte.ad\/wp-content\/uploads\/2022\/04\/cropped-logo-alfa-1-1.png","contentUrl":"https:\/\/alfadescompte.ad\/wp-content\/uploads\/2022\/04\/cropped-logo-alfa-1-1.png","width":424,"height":128,"caption":"Alfa Descompte"},"image":{"@id":"https:\/\/alfadescompte.ad\/#\/schema\/logo\/image\/"}}]}},"_links":{"self":[{"href":"https:\/\/alfadescompte.ad\/es\/wp-json\/wp\/v2\/product\/4533","targetHints":{"allow":["GET"]}}],"collection":[{"href":"https:\/\/alfadescompte.ad\/es\/wp-json\/wp\/v2\/product"}],"about":[{"href":"https:\/\/alfadescompte.ad\/es\/wp-json\/wp\/v2\/types\/product"}],"replies":[{"embeddable":true,"href":"https:\/\/alfadescompte.ad\/es\/wp-json\/wp\/v2\/comments?post=4533"}],"wp:featuredmedia":[{"embeddable":true,"href":"https:\/\/alfadescompte.ad\/es\/wp-json\/wp\/v2\/media\/55713"}],"wp:attachment":[{"href":"https:\/\/alfadescompte.ad\/es\/wp-json\/wp\/v2\/media?parent=4533"}],"wp:term":[{"taxonomy":"product_brand","embeddable":true,"href":"https:\/\/alfadescompte.ad\/es\/wp-json\/wp\/v2\/product_brand?post=4533"},{"taxonomy":"product_cat","embeddable":true,"href":"https:\/\/alfadescompte.ad\/es\/wp-json\/wp\/v2\/product_cat?post=4533"},{"taxonomy":"product_tag","embeddable":true,"href":"https:\/\/alfadescompte.ad\/es\/wp-json\/wp\/v2\/product_tag?post=4533"}],"curies":[{"name":"wp","href":"https:\/\/api.w.org\/{rel}","templated":true}]}}