{"id":4540,"date":"2022-04-08T13:57:21","date_gmt":"2022-04-08T11:57:21","guid":{"rendered":"http:\/\/alfadescompte.com\/?post_type=product&#038;p=4540"},"modified":"2026-03-19T05:14:46","modified_gmt":"2026-03-19T04:14:46","slug":"office-professionnel-plus-2021-pc-1-poste","status":"publish","type":"product","link":"https:\/\/alfadescompte.ad\/es\/producto-2\/office-professionnel-plus-2021-pc-1-poste\/","title":{"rendered":"Microsoft Office Professional Plus 2021 (PC)"},"content":{"rendered":"<h3>Office Professional Plus 2021<\/h3>\n<p>Con una clave Office 2021 Pro Plus, active y utilice de por vida las aplicaciones de este paquete Office profesional para empresas. Aproveche las funciones mejoradas para mejorar su rendimiento en el trabajo y la productividad de su peque\u00f1a empresa. Compre una clave de activaci\u00f3n aut\u00e9ntica para activar el software Office 2021 Pro Plus en su estaci\u00f3n de trabajo.<\/p>\n<p>MS OFFICE 2021: nuevas funciones para activar<br \/>\nOffice 2021 Professional Plus difiere de MS Office Family and Student 2021. Es una suite de software y aplicaciones ofim\u00e1ticas dise\u00f1ada para profesionales. Sucesor de Office 2019, es una versi\u00f3n mejorada de las dos versiones anteriores: Office 2016 y 2019. El software original introduce nuevas tablas din\u00e1micas, nuevas funciones, mayor compatibilidad con diferentes modos y mejoras de rendimiento. Con la clave de activaci\u00f3n de Office 2021 Pro Plus, tambi\u00e9n puede activar nuevas funciones de cocreaci\u00f3n, herramientas de entintado, tipos de datos, funciones, herramientas de traducci\u00f3n o edici\u00f3n, as\u00ed como gr\u00e1ficos animados y funciones m\u00e1s f\u00e1ciles de usar para optimizar su productividad. Las suites de Microsoft office 2021 y las claves de licencia de office 2021 son compatibles con Windows 10 y 11.<\/p>\n<p>Nuevas funciones para Excel<br \/>\nEl software Microsoft Office 2021 incluye nuevas funciones para Word, Excel y Powerpoint. La clave de activaci\u00f3n de Office 2021 le permitir\u00e1 activar las siguientes nuevas caracter\u00edsticas para Excel en Windows y MacOs:<\/p>\n<p>\u25cf XLOOKUP una herramienta que facilita la b\u00fasqueda en una hoja l\u00ednea por l\u00ednea.<br \/>\n\u25cf Una herramienta para trabajar con tablas din\u00e1micas: c\u00e1lculos m\u00e1s r\u00e1pidos, nuevas funciones Array, Filter, Sort, Sort by, Unique, etc.<br \/>\n\u25cf LET, otra funci\u00f3n que se puede utilizar para dar un nombre al resultado de un c\u00e1lculo.<br \/>\n\u25cf XMATCH: una funci\u00f3n para buscar un elemento contenido en una matriz y devolverlo a otro elemento de la misma matriz.<\/p>\n<p>Powerpoint: funciones avanzadas<br \/>\nPowerpoint tambi\u00e9n se ha actualizado en esta versi\u00f3n MS Office 2021. Necesitar\u00e1 encontrar la clave de activaci\u00f3n de Office 2021 para activar la funci\u00f3n de correcci\u00f3n de l\u00edneas de tinta. Esto le permitir\u00e1 reproducir la escritura a mano en una diapositiva. En Windows, puedes grabar una diapositiva incluyendo entradas manuscritas, v\u00eddeos o punteros l\u00e1ser. En MacOs, puede grabar una diapositiva con im\u00e1genes GIF.<\/p>\n<p>Actualizaciones para aplicaciones profesionales<br \/>\nEntre las novedades m\u00e1s importantes de la suite microsoft office 2021 Pro Plus se encuentran las actualizaciones de las aplicaciones para uso profesional: Access y Outlook, que no est\u00e1n disponibles en office family y student 2021.<\/p>\n<p>Access incluye una serie de herramientas que le ayudar\u00e1n a gestionar sus tablas con mayor eficacia: nuevos tipos de datos de fecha, hora y registro para mejorar su trabajo. La aplicaci\u00f3n tambi\u00e9n incluye herramientas de gesti\u00f3n de bases de datos.<\/p>\n<p>Outlook incluye ahora una herramienta de traducci\u00f3n que puedes activar con la clave del paquete Office 2021. Esta herramienta traducir\u00e1 tus correos electr\u00f3nicos a 70 idiomas. Adem\u00e1s, la aplicaci\u00f3n de correo electr\u00f3nico ahora incluye una funci\u00f3n que le permite anotar un correo electr\u00f3nico o una imagen contenida en un correo electr\u00f3nico. Por \u00faltimo, Outlook 2021 en Pro Plus tambi\u00e9n incluye una barra de b\u00fasqueda para encontrar un correo electr\u00f3nico en la bandeja de entrada.<\/p>\n<p>Office 2021 Professional Plus tambi\u00e9n incluye Visio. Una vez activado, Visio muestra nuevas plantillas y formas para crear diagramas Azzure, formas de Amazon Web Services y contenido de distancia social.<\/p>\n<p>Hasta aqu\u00ed las nuevas funciones b\u00e1sicas incluidas en este paquete Office 2021. Al activar el paquete de software con una clave de Office 2021, podr\u00e1s descubrir funciones nuevas o actualizadas sobre la marcha.<\/p>\n<p>Requisitos del sistema<\/p>\n<ul>\n<li>Procesador: 1,6 GHz, procesador de 2 n\u00facleos.<\/li>\n<li>Sistema operativo: Windows 11 o Windows 10<\/li>\n<li>Memoria RAM: 4 GB (64 bits), 2 GB (32 bits) RAM<\/li>\n<li>Espacio disponible en disco: 4 GB de espacio disponible en disco.<\/li>\n<li>Pantalla: resoluci\u00f3n 1024 x 768<\/li>\n<li>Tarjeta gr\u00e1fica: tarjeta gr\u00e1fica DirectX 10 para aceleraci\u00f3n de v\u00eddeo por hardware.<\/li>\n<\/ul>","protected":false},"excerpt":{"rendered":"<p>Compre hoy mismo su clave de activaci\u00f3n original y reciba por correo electr\u00f3nico su enlace de descarga ultrarr\u00e1pida de Microsoft y su clave de activaci\u00f3n exclusiva.<\/p>\n<p>- Obtenga su c\u00f3digo de activaci\u00f3n.<br \/>\n- Llave original 100%<br \/>\n- Autorizado para la venta en Europa<br \/>\n- Idiomas: multiling\u00fce<\/p>","protected":false},"featured_media":55708,"comment_status":"open","ping_status":"closed","template":"","meta":[],"product_brand":[],"product_cat":[1260,177,178,16],"product_tag":[],"class_list":{"0":"post-4540","1":"product","2":"type-product","3":"status-publish","4":"has-post-thumbnail","6":"product_cat-logiciels-offres-speciales","7":"product_cat-microsoft-office","8":"product_cat-office-2021","9":"product_cat-offres-speciales","11":"first","12":"instock","13":"sale","14":"downloadable","15":"virtual","16":"purchasable","17":"product-type-simple","18":"czr-hentry"},"yoast_head":"<!-- This site is optimized with the Yoast SEO plugin v27.4 - https:\/\/yoast.com\/product\/yoast-seo-wordpress\/ -->\n<title>Microsoft Office Professionnel Plus 2021 (PC) - Alfa Descompte<\/title>\n<meta name=\"robots\" content=\"index, follow, max-snippet:-1, max-image-preview:large, max-video-preview:-1\" \/>\n<link rel=\"canonical\" href=\"https:\/\/alfadescompte.ad\/es\/producto-2\/office-professionnel-plus-2021-pc-1-poste\/\" \/>\n<meta property=\"og:locale\" content=\"es_ES\" \/>\n<meta property=\"og:type\" content=\"article\" \/>\n<meta property=\"og:title\" content=\"Microsoft Office Professionnel Plus 2021 (PC) - Alfa Descompte\" \/>\n<meta property=\"og:description\" content=\"Achetez aujourd\u2019hui votre cl\u00e9 d&#039;activation originale et recevez par mail votre lien de t\u00e9l\u00e9chargement ultra rapide de Microsoft ainsi que sa cl\u00e9 unique d\u2019activation..  - Obtenir votre code d&#039;activation. - Cl\u00e9 100% authentique - Vente autoris\u00e9e en Europe - Langues: Multi-langue\" \/>\n<meta property=\"og:url\" content=\"https:\/\/alfadescompte.ad\/es\/producto-2\/office-professionnel-plus-2021-pc-1-poste\/\" \/>\n<meta property=\"og:site_name\" content=\"Alfa Descompte\" \/>\n<meta property=\"article:modified_time\" content=\"2026-03-19T04:14:46+00:00\" \/>\n<meta property=\"og:image\" content=\"https:\/\/alfadescompte.ad\/wp-content\/uploads\/2024\/08\/ChatGPT-Image-27-fevr.-2026-07_49_05.png\" \/>\n\t<meta property=\"og:image:width\" content=\"1024\" \/>\n\t<meta property=\"og:image:height\" content=\"1024\" \/>\n\t<meta property=\"og:image:type\" content=\"image\/png\" \/>\n<meta name=\"twitter:card\" content=\"summary_large_image\" \/>\n<meta name=\"twitter:label1\" content=\"Tiempo de lectura\" \/>\n\t<meta name=\"twitter:data1\" content=\"4 minutos\" \/>\n<script type=\"application\/ld+json\" class=\"yoast-schema-graph\">{\"@context\":\"https:\\\/\\\/schema.org\",\"@graph\":[{\"@type\":\"WebPage\",\"@id\":\"https:\\\/\\\/alfadescompte.ad\\\/produit\\\/office-professionnel-plus-2021-pc-1-poste\\\/\",\"url\":\"https:\\\/\\\/alfadescompte.ad\\\/produit\\\/office-professionnel-plus-2021-pc-1-poste\\\/\",\"name\":\"Microsoft Office Professionnel Plus 2021 (PC) - Alfa Descompte\",\"isPartOf\":{\"@id\":\"https:\\\/\\\/alfadescompte.ad\\\/#website\"},\"primaryImageOfPage\":{\"@id\":\"https:\\\/\\\/alfadescompte.ad\\\/produit\\\/office-professionnel-plus-2021-pc-1-poste\\\/#primaryimage\"},\"image\":{\"@id\":\"https:\\\/\\\/alfadescompte.ad\\\/produit\\\/office-professionnel-plus-2021-pc-1-poste\\\/#primaryimage\"},\"thumbnailUrl\":\"https:\\\/\\\/alfadescompte.ad\\\/wp-content\\\/uploads\\\/2024\\\/08\\\/ChatGPT-Image-27-fevr.-2026-07_49_05.png\",\"datePublished\":\"2022-04-08T11:57:21+00:00\",\"dateModified\":\"2026-03-19T04:14:46+00:00\",\"breadcrumb\":{\"@id\":\"https:\\\/\\\/alfadescompte.ad\\\/produit\\\/office-professionnel-plus-2021-pc-1-poste\\\/#breadcrumb\"},\"inLanguage\":\"es\",\"potentialAction\":[{\"@type\":\"ReadAction\",\"target\":[\"https:\\\/\\\/alfadescompte.ad\\\/produit\\\/office-professionnel-plus-2021-pc-1-poste\\\/\"]}]},{\"@type\":\"ImageObject\",\"inLanguage\":\"es\",\"@id\":\"https:\\\/\\\/alfadescompte.ad\\\/produit\\\/office-professionnel-plus-2021-pc-1-poste\\\/#primaryimage\",\"url\":\"https:\\\/\\\/alfadescompte.ad\\\/wp-content\\\/uploads\\\/2024\\\/08\\\/ChatGPT-Image-27-fevr.-2026-07_49_05.png\",\"contentUrl\":\"https:\\\/\\\/alfadescompte.ad\\\/wp-content\\\/uploads\\\/2024\\\/08\\\/ChatGPT-Image-27-fevr.-2026-07_49_05.png\",\"width\":1024,\"height\":1024},{\"@type\":\"BreadcrumbList\",\"@id\":\"https:\\\/\\\/alfadescompte.ad\\\/produit\\\/office-professionnel-plus-2021-pc-1-poste\\\/#breadcrumb\",\"itemListElement\":[{\"@type\":\"ListItem\",\"position\":1,\"name\":\"Accueil\",\"item\":\"https:\\\/\\\/alfadescompte.ad\\\/fr\\\/\"},{\"@type\":\"ListItem\",\"position\":2,\"name\":\"Boutique\",\"item\":\"https:\\\/\\\/alfadescompte.ad\\\/en\\\/boutique\\\/\"},{\"@type\":\"ListItem\",\"position\":3,\"name\":\"Microsoft Office Professionnel Plus 2021 (PC)\"}]},{\"@type\":\"WebSite\",\"@id\":\"https:\\\/\\\/alfadescompte.ad\\\/#website\",\"url\":\"https:\\\/\\\/alfadescompte.ad\\\/\",\"name\":\"Alfa Descompte\",\"description\":\"\",\"publisher\":{\"@id\":\"https:\\\/\\\/alfadescompte.ad\\\/#organization\"},\"potentialAction\":[{\"@type\":\"SearchAction\",\"target\":{\"@type\":\"EntryPoint\",\"urlTemplate\":\"https:\\\/\\\/alfadescompte.ad\\\/?s={search_term_string}\"},\"query-input\":{\"@type\":\"PropertyValueSpecification\",\"valueRequired\":true,\"valueName\":\"search_term_string\"}}],\"inLanguage\":\"es\"},{\"@type\":\"Organization\",\"@id\":\"https:\\\/\\\/alfadescompte.ad\\\/#organization\",\"name\":\"Alfa Descompte\",\"url\":\"https:\\\/\\\/alfadescompte.ad\\\/\",\"logo\":{\"@type\":\"ImageObject\",\"inLanguage\":\"es\",\"@id\":\"https:\\\/\\\/alfadescompte.ad\\\/#\\\/schema\\\/logo\\\/image\\\/\",\"url\":\"https:\\\/\\\/alfadescompte.ad\\\/wp-content\\\/uploads\\\/2022\\\/04\\\/cropped-logo-alfa-1-1.png\",\"contentUrl\":\"https:\\\/\\\/alfadescompte.ad\\\/wp-content\\\/uploads\\\/2022\\\/04\\\/cropped-logo-alfa-1-1.png\",\"width\":424,\"height\":128,\"caption\":\"Alfa Descompte\"},\"image\":{\"@id\":\"https:\\\/\\\/alfadescompte.ad\\\/#\\\/schema\\\/logo\\\/image\\\/\"}}]}<\/script>\n<!-- \/ Yoast SEO plugin. -->","yoast_head_json":{"title":"Microsoft Office Professional Plus 2021 (PC) - Alfa Descompte","robots":{"index":"index","follow":"follow","max-snippet":"max-snippet:-1","max-image-preview":"max-image-preview:large","max-video-preview":"max-video-preview:-1"},"canonical":"https:\/\/alfadescompte.ad\/es\/producto-2\/office-professionnel-plus-2021-pc-1-poste\/","og_locale":"es_ES","og_type":"article","og_title":"Microsoft Office Professionnel Plus 2021 (PC) - Alfa Descompte","og_description":"Achetez aujourd\u2019hui votre cl\u00e9 d'activation originale et recevez par mail votre lien de t\u00e9l\u00e9chargement ultra rapide de Microsoft ainsi que sa cl\u00e9 unique d\u2019activation..  - Obtenir votre code d'activation. - Cl\u00e9 100% authentique - Vente autoris\u00e9e en Europe - Langues: Multi-langue","og_url":"https:\/\/alfadescompte.ad\/es\/producto-2\/office-professionnel-plus-2021-pc-1-poste\/","og_site_name":"Alfa Descompte","article_modified_time":"2026-03-19T04:14:46+00:00","og_image":[{"width":1024,"height":1024,"url":"https:\/\/alfadescompte.ad\/wp-content\/uploads\/2024\/08\/ChatGPT-Image-27-fevr.-2026-07_49_05.png","type":"image\/png"}],"twitter_card":"summary_large_image","twitter_misc":{"Tiempo de lectura":"4 minutos"},"schema":{"@context":"https:\/\/schema.org","@graph":[{"@type":"WebPage","@id":"https:\/\/alfadescompte.ad\/produit\/office-professionnel-plus-2021-pc-1-poste\/","url":"https:\/\/alfadescompte.ad\/produit\/office-professionnel-plus-2021-pc-1-poste\/","name":"Microsoft Office Professional Plus 2021 (PC) - Alfa Descompte","isPartOf":{"@id":"https:\/\/alfadescompte.ad\/#website"},"primaryImageOfPage":{"@id":"https:\/\/alfadescompte.ad\/produit\/office-professionnel-plus-2021-pc-1-poste\/#primaryimage"},"image":{"@id":"https:\/\/alfadescompte.ad\/produit\/office-professionnel-plus-2021-pc-1-poste\/#primaryimage"},"thumbnailUrl":"https:\/\/alfadescompte.ad\/wp-content\/uploads\/2024\/08\/ChatGPT-Image-27-fevr.-2026-07_49_05.png","datePublished":"2022-04-08T11:57:21+00:00","dateModified":"2026-03-19T04:14:46+00:00","breadcrumb":{"@id":"https:\/\/alfadescompte.ad\/produit\/office-professionnel-plus-2021-pc-1-poste\/#breadcrumb"},"inLanguage":"es","potentialAction":[{"@type":"ReadAction","target":["https:\/\/alfadescompte.ad\/produit\/office-professionnel-plus-2021-pc-1-poste\/"]}]},{"@type":"ImageObject","inLanguage":"es","@id":"https:\/\/alfadescompte.ad\/produit\/office-professionnel-plus-2021-pc-1-poste\/#primaryimage","url":"https:\/\/alfadescompte.ad\/wp-content\/uploads\/2024\/08\/ChatGPT-Image-27-fevr.-2026-07_49_05.png","contentUrl":"https:\/\/alfadescompte.ad\/wp-content\/uploads\/2024\/08\/ChatGPT-Image-27-fevr.-2026-07_49_05.png","width":1024,"height":1024},{"@type":"BreadcrumbList","@id":"https:\/\/alfadescompte.ad\/produit\/office-professionnel-plus-2021-pc-1-poste\/#breadcrumb","itemListElement":[{"@type":"ListItem","position":1,"name":"Accueil","item":"https:\/\/alfadescompte.ad\/fr\/"},{"@type":"ListItem","position":2,"name":"Boutique","item":"https:\/\/alfadescompte.ad\/en\/boutique\/"},{"@type":"ListItem","position":3,"name":"Microsoft Office Professionnel Plus 2021 (PC)"}]},{"@type":"WebSite","@id":"https:\/\/alfadescompte.ad\/#website","url":"https:\/\/alfadescompte.ad\/","name":"Alfa Descompte","description":"","publisher":{"@id":"https:\/\/alfadescompte.ad\/#organization"},"potentialAction":[{"@type":"SearchAction","target":{"@type":"EntryPoint","urlTemplate":"https:\/\/alfadescompte.ad\/?s={search_term_string}"},"query-input":{"@type":"PropertyValueSpecification","valueRequired":true,"valueName":"search_term_string"}}],"inLanguage":"es"},{"@type":"Organization","@id":"https:\/\/alfadescompte.ad\/#organization","name":"Alfa Descompte","url":"https:\/\/alfadescompte.ad\/","logo":{"@type":"ImageObject","inLanguage":"es","@id":"https:\/\/alfadescompte.ad\/#\/schema\/logo\/image\/","url":"https:\/\/alfadescompte.ad\/wp-content\/uploads\/2022\/04\/cropped-logo-alfa-1-1.png","contentUrl":"https:\/\/alfadescompte.ad\/wp-content\/uploads\/2022\/04\/cropped-logo-alfa-1-1.png","width":424,"height":128,"caption":"Alfa Descompte"},"image":{"@id":"https:\/\/alfadescompte.ad\/#\/schema\/logo\/image\/"}}]}},"_links":{"self":[{"href":"https:\/\/alfadescompte.ad\/es\/wp-json\/wp\/v2\/product\/4540","targetHints":{"allow":["GET"]}}],"collection":[{"href":"https:\/\/alfadescompte.ad\/es\/wp-json\/wp\/v2\/product"}],"about":[{"href":"https:\/\/alfadescompte.ad\/es\/wp-json\/wp\/v2\/types\/product"}],"replies":[{"embeddable":true,"href":"https:\/\/alfadescompte.ad\/es\/wp-json\/wp\/v2\/comments?post=4540"}],"wp:featuredmedia":[{"embeddable":true,"href":"https:\/\/alfadescompte.ad\/es\/wp-json\/wp\/v2\/media\/55708"}],"wp:attachment":[{"href":"https:\/\/alfadescompte.ad\/es\/wp-json\/wp\/v2\/media?parent=4540"}],"wp:term":[{"taxonomy":"product_brand","embeddable":true,"href":"https:\/\/alfadescompte.ad\/es\/wp-json\/wp\/v2\/product_brand?post=4540"},{"taxonomy":"product_cat","embeddable":true,"href":"https:\/\/alfadescompte.ad\/es\/wp-json\/wp\/v2\/product_cat?post=4540"},{"taxonomy":"product_tag","embeddable":true,"href":"https:\/\/alfadescompte.ad\/es\/wp-json\/wp\/v2\/product_tag?post=4540"}],"curies":[{"name":"wp","href":"https:\/\/api.w.org\/{rel}","templated":true}]}}