{"id":4545,"date":"2022-04-08T14:10:44","date_gmt":"2022-04-08T14:10:44","guid":{"rendered":"http:\/\/alfadescompte.com\/?post_type=product&#038;p=4545"},"modified":"2026-02-27T07:55:48","modified_gmt":"2026-02-27T06:55:48","slug":"office-professionnel-plus-2019-pc-1-poste","status":"publish","type":"product","link":"https:\/\/alfadescompte.ad\/es\/producto-2\/office-professionnel-plus-2019-pc-1-poste\/","title":{"rendered":"Microsoft Office Professional Plus 2019 (PC)"},"content":{"rendered":"<h3>Office Professional Plus 2019<\/h3>\n<h3>Caracter\u00edsticas de Office 2019 Professional Plus<\/h3>\n<p>Con Office 2019 Professional Plus, dispondr\u00e1s de todas las funciones que necesitas para trabajar de forma r\u00e1pida y eficaz:<\/p>\n<p>Word: crea y edita documentos profesionales, con funciones avanzadas de dise\u00f1o de p\u00e1gina y redacci\u00f3n.<br \/>\nExcel: cree tablas, gr\u00e1ficos y an\u00e1lisis de datos con funciones avanzadas de c\u00e1lculo y visualizaci\u00f3n.<br \/>\nPowerPoint: crea presentaciones profesionales con funciones avanzadas de dise\u00f1o y animaci\u00f3n.<br \/>\nAccess: gesti\u00f3n de bases de datos con funciones avanzadas de consulta y formulario.<br \/>\nOutlook: gestiona tu correo electr\u00f3nico, calendario y contactos con funciones avanzadas de gesti\u00f3n de tareas y notas.<br \/>\nEditorial: creaci\u00f3n de soportes de comunicaci\u00f3n profesionales como volantes, folletos y tarjetas de visita.<br \/>\nOneNote: toma de notas en colaboraci\u00f3n con la posibilidad de sincronizar tus notas en varios dispositivos.<br \/>\nEl paquete ofim\u00e1tico m\u00e1s completo de Microsoft<br \/>\nOffice 2019 Professional Plus es la suite ofim\u00e1tica m\u00e1s completa de Microsoft. Incluye Word, Excel, PowerPoint, Access, Outlook, Publisher y OneNote. Esta versi\u00f3n ofrece funciones mejoradas de edici\u00f3n, colaboraci\u00f3n y seguridad. Es compatible con Windows 10 y se puede instalar en un solo dispositivo. Compra tu clave de licencia para Office 2019 Professional Plus en nuestra web de comercio electr\u00f3nico y aprov\u00e9chate de la suite ofim\u00e1tica m\u00e1s potente.<\/p>\n<p>Requisitos del sistema<\/p>\n<ul class=\"minuteprodpfort\">\n<li>PC :<br \/>\n1,6 gigahercios (GHz) o m\u00e1s r\u00e1pido, 2 n\u00facleos, 4 GB de RAM; 2 GB de RAM (32 bits), pantalla con resoluci\u00f3n de 1280 x 768<\/li>\n<li>Pantalla :<br \/>\n1024 x 768 en 16 bits<\/li>\n<li>Espacio libre en disco :<br \/>\n3GB<\/li>\n<li>Sistemas operativos compatibles :<br \/>\n<strong>PC<\/strong> : Windows 10\/11 y Windows Server 2019<\/li>\n<li>Requisitos adicionales del sistema<br \/>\nRequiere una conexi\u00f3n a Internet.<br \/>\nSe requiere una cuenta de Microsoft para obtener la licencia.<\/li>\n<\/ul>","protected":false},"excerpt":{"rendered":"<p>Compre hoy mismo su clave de activaci\u00f3n original y reciba por correo electr\u00f3nico su enlace de descarga ultrarr\u00e1pida de Microsoft y su clave de activaci\u00f3n exclusiva.<\/p>\n<p>- Obtenga su c\u00f3digo de activaci\u00f3n.<br \/>\n- Llave original 100%<br \/>\n- Autorizado para la venta en Europa<br \/>\n- Idiomas: multiling\u00fce<\/p>","protected":false},"featured_media":55712,"comment_status":"open","ping_status":"closed","template":"","meta":[],"product_brand":[],"product_cat":[1260,177,179,16],"product_tag":[],"class_list":{"0":"post-4545","1":"product","2":"type-product","3":"status-publish","4":"has-post-thumbnail","6":"product_cat-logiciels-offres-speciales","7":"product_cat-microsoft-office","8":"product_cat-microsoft-office-2019","9":"product_cat-offres-speciales","11":"first","12":"instock","13":"sale","14":"downloadable","15":"virtual","16":"purchasable","17":"product-type-simple","18":"czr-hentry"},"yoast_head":"<!-- This site is optimized with the Yoast SEO plugin v27.4 - https:\/\/yoast.com\/product\/yoast-seo-wordpress\/ -->\n<title>Microsoft Office Professionnel Plus 2019 (PC) - Alfa Descompte<\/title>\n<meta name=\"robots\" content=\"index, follow, max-snippet:-1, max-image-preview:large, max-video-preview:-1\" \/>\n<link rel=\"canonical\" href=\"https:\/\/alfadescompte.ad\/es\/producto-2\/office-professionnel-plus-2019-pc-1-poste\/\" \/>\n<meta property=\"og:locale\" content=\"es_ES\" \/>\n<meta property=\"og:type\" content=\"article\" \/>\n<meta property=\"og:title\" content=\"Microsoft Office Professionnel Plus 2019 (PC) - Alfa Descompte\" \/>\n<meta property=\"og:description\" content=\"Achetez aujourd\u2019hui votre cl\u00e9 d&#039;activation originale et recevez par mail votre lien de t\u00e9l\u00e9chargement ultra rapide de Microsoft ainsi que sa cl\u00e9 unique d\u2019activation..  - Obtenir votre code d&#039;activation. - Cl\u00e9 100% authentique - Vente autoris\u00e9e en Europe - Langues: Multi-langue\" \/>\n<meta property=\"og:url\" content=\"https:\/\/alfadescompte.ad\/es\/producto-2\/office-professionnel-plus-2019-pc-1-poste\/\" \/>\n<meta property=\"og:site_name\" content=\"Alfa Descompte\" \/>\n<meta property=\"article:modified_time\" content=\"2026-02-27T06:55:48+00:00\" \/>\n<meta property=\"og:image\" content=\"https:\/\/alfadescompte.ad\/wp-content\/uploads\/2022\/04\/ChatGPT-Image-27-fevr.-2026-07_55_35.png\" \/>\n\t<meta property=\"og:image:width\" content=\"1024\" \/>\n\t<meta property=\"og:image:height\" content=\"1024\" \/>\n\t<meta property=\"og:image:type\" content=\"image\/png\" \/>\n<meta name=\"twitter:card\" content=\"summary_large_image\" \/>\n<meta name=\"twitter:label1\" content=\"Tiempo de lectura\" \/>\n\t<meta name=\"twitter:data1\" content=\"2 minutos\" \/>\n<script type=\"application\/ld+json\" class=\"yoast-schema-graph\">{\"@context\":\"https:\\\/\\\/schema.org\",\"@graph\":[{\"@type\":\"WebPage\",\"@id\":\"https:\\\/\\\/alfadescompte.ad\\\/produit\\\/office-professionnel-plus-2019-pc-1-poste\\\/\",\"url\":\"https:\\\/\\\/alfadescompte.ad\\\/produit\\\/office-professionnel-plus-2019-pc-1-poste\\\/\",\"name\":\"Microsoft Office Professionnel Plus 2019 (PC) - Alfa Descompte\",\"isPartOf\":{\"@id\":\"https:\\\/\\\/alfadescompte.ad\\\/#website\"},\"primaryImageOfPage\":{\"@id\":\"https:\\\/\\\/alfadescompte.ad\\\/produit\\\/office-professionnel-plus-2019-pc-1-poste\\\/#primaryimage\"},\"image\":{\"@id\":\"https:\\\/\\\/alfadescompte.ad\\\/produit\\\/office-professionnel-plus-2019-pc-1-poste\\\/#primaryimage\"},\"thumbnailUrl\":\"https:\\\/\\\/alfadescompte.ad\\\/wp-content\\\/uploads\\\/2022\\\/04\\\/ChatGPT-Image-27-fevr.-2026-07_55_35.png\",\"datePublished\":\"2022-04-08T14:10:44+00:00\",\"dateModified\":\"2026-02-27T06:55:48+00:00\",\"breadcrumb\":{\"@id\":\"https:\\\/\\\/alfadescompte.ad\\\/produit\\\/office-professionnel-plus-2019-pc-1-poste\\\/#breadcrumb\"},\"inLanguage\":\"es\",\"potentialAction\":[{\"@type\":\"ReadAction\",\"target\":[\"https:\\\/\\\/alfadescompte.ad\\\/produit\\\/office-professionnel-plus-2019-pc-1-poste\\\/\"]}]},{\"@type\":\"ImageObject\",\"inLanguage\":\"es\",\"@id\":\"https:\\\/\\\/alfadescompte.ad\\\/produit\\\/office-professionnel-plus-2019-pc-1-poste\\\/#primaryimage\",\"url\":\"https:\\\/\\\/alfadescompte.ad\\\/wp-content\\\/uploads\\\/2022\\\/04\\\/ChatGPT-Image-27-fevr.-2026-07_55_35.png\",\"contentUrl\":\"https:\\\/\\\/alfadescompte.ad\\\/wp-content\\\/uploads\\\/2022\\\/04\\\/ChatGPT-Image-27-fevr.-2026-07_55_35.png\",\"width\":1024,\"height\":1024},{\"@type\":\"BreadcrumbList\",\"@id\":\"https:\\\/\\\/alfadescompte.ad\\\/produit\\\/office-professionnel-plus-2019-pc-1-poste\\\/#breadcrumb\",\"itemListElement\":[{\"@type\":\"ListItem\",\"position\":1,\"name\":\"Accueil\",\"item\":\"https:\\\/\\\/alfadescompte.ad\\\/fr\\\/\"},{\"@type\":\"ListItem\",\"position\":2,\"name\":\"Boutique\",\"item\":\"https:\\\/\\\/alfadescompte.ad\\\/en\\\/boutique\\\/\"},{\"@type\":\"ListItem\",\"position\":3,\"name\":\"Microsoft Office Professionnel Plus 2019 (PC)\"}]},{\"@type\":\"WebSite\",\"@id\":\"https:\\\/\\\/alfadescompte.ad\\\/#website\",\"url\":\"https:\\\/\\\/alfadescompte.ad\\\/\",\"name\":\"Alfa Descompte\",\"description\":\"\",\"publisher\":{\"@id\":\"https:\\\/\\\/alfadescompte.ad\\\/#organization\"},\"potentialAction\":[{\"@type\":\"SearchAction\",\"target\":{\"@type\":\"EntryPoint\",\"urlTemplate\":\"https:\\\/\\\/alfadescompte.ad\\\/?s={search_term_string}\"},\"query-input\":{\"@type\":\"PropertyValueSpecification\",\"valueRequired\":true,\"valueName\":\"search_term_string\"}}],\"inLanguage\":\"es\"},{\"@type\":\"Organization\",\"@id\":\"https:\\\/\\\/alfadescompte.ad\\\/#organization\",\"name\":\"Alfa Descompte\",\"url\":\"https:\\\/\\\/alfadescompte.ad\\\/\",\"logo\":{\"@type\":\"ImageObject\",\"inLanguage\":\"es\",\"@id\":\"https:\\\/\\\/alfadescompte.ad\\\/#\\\/schema\\\/logo\\\/image\\\/\",\"url\":\"https:\\\/\\\/alfadescompte.ad\\\/wp-content\\\/uploads\\\/2022\\\/04\\\/cropped-logo-alfa-1-1.png\",\"contentUrl\":\"https:\\\/\\\/alfadescompte.ad\\\/wp-content\\\/uploads\\\/2022\\\/04\\\/cropped-logo-alfa-1-1.png\",\"width\":424,\"height\":128,\"caption\":\"Alfa Descompte\"},\"image\":{\"@id\":\"https:\\\/\\\/alfadescompte.ad\\\/#\\\/schema\\\/logo\\\/image\\\/\"}}]}<\/script>\n<!-- \/ Yoast SEO plugin. -->","yoast_head_json":{"title":"Microsoft Office Professional Plus 2019 (PC) - Alfa Descompte","robots":{"index":"index","follow":"follow","max-snippet":"max-snippet:-1","max-image-preview":"max-image-preview:large","max-video-preview":"max-video-preview:-1"},"canonical":"https:\/\/alfadescompte.ad\/es\/producto-2\/office-professionnel-plus-2019-pc-1-poste\/","og_locale":"es_ES","og_type":"article","og_title":"Microsoft Office Professionnel Plus 2019 (PC) - Alfa Descompte","og_description":"Achetez aujourd\u2019hui votre cl\u00e9 d'activation originale et recevez par mail votre lien de t\u00e9l\u00e9chargement ultra rapide de Microsoft ainsi que sa cl\u00e9 unique d\u2019activation..  - Obtenir votre code d'activation. - Cl\u00e9 100% authentique - Vente autoris\u00e9e en Europe - Langues: Multi-langue","og_url":"https:\/\/alfadescompte.ad\/es\/producto-2\/office-professionnel-plus-2019-pc-1-poste\/","og_site_name":"Alfa Descompte","article_modified_time":"2026-02-27T06:55:48+00:00","og_image":[{"width":1024,"height":1024,"url":"https:\/\/alfadescompte.ad\/wp-content\/uploads\/2022\/04\/ChatGPT-Image-27-fevr.-2026-07_55_35.png","type":"image\/png"}],"twitter_card":"summary_large_image","twitter_misc":{"Tiempo de lectura":"2 minutos"},"schema":{"@context":"https:\/\/schema.org","@graph":[{"@type":"WebPage","@id":"https:\/\/alfadescompte.ad\/produit\/office-professionnel-plus-2019-pc-1-poste\/","url":"https:\/\/alfadescompte.ad\/produit\/office-professionnel-plus-2019-pc-1-poste\/","name":"Microsoft Office Professional Plus 2019 (PC) - Alfa Descompte","isPartOf":{"@id":"https:\/\/alfadescompte.ad\/#website"},"primaryImageOfPage":{"@id":"https:\/\/alfadescompte.ad\/produit\/office-professionnel-plus-2019-pc-1-poste\/#primaryimage"},"image":{"@id":"https:\/\/alfadescompte.ad\/produit\/office-professionnel-plus-2019-pc-1-poste\/#primaryimage"},"thumbnailUrl":"https:\/\/alfadescompte.ad\/wp-content\/uploads\/2022\/04\/ChatGPT-Image-27-fevr.-2026-07_55_35.png","datePublished":"2022-04-08T14:10:44+00:00","dateModified":"2026-02-27T06:55:48+00:00","breadcrumb":{"@id":"https:\/\/alfadescompte.ad\/produit\/office-professionnel-plus-2019-pc-1-poste\/#breadcrumb"},"inLanguage":"es","potentialAction":[{"@type":"ReadAction","target":["https:\/\/alfadescompte.ad\/produit\/office-professionnel-plus-2019-pc-1-poste\/"]}]},{"@type":"ImageObject","inLanguage":"es","@id":"https:\/\/alfadescompte.ad\/produit\/office-professionnel-plus-2019-pc-1-poste\/#primaryimage","url":"https:\/\/alfadescompte.ad\/wp-content\/uploads\/2022\/04\/ChatGPT-Image-27-fevr.-2026-07_55_35.png","contentUrl":"https:\/\/alfadescompte.ad\/wp-content\/uploads\/2022\/04\/ChatGPT-Image-27-fevr.-2026-07_55_35.png","width":1024,"height":1024},{"@type":"BreadcrumbList","@id":"https:\/\/alfadescompte.ad\/produit\/office-professionnel-plus-2019-pc-1-poste\/#breadcrumb","itemListElement":[{"@type":"ListItem","position":1,"name":"Accueil","item":"https:\/\/alfadescompte.ad\/fr\/"},{"@type":"ListItem","position":2,"name":"Boutique","item":"https:\/\/alfadescompte.ad\/en\/boutique\/"},{"@type":"ListItem","position":3,"name":"Microsoft Office Professionnel Plus 2019 (PC)"}]},{"@type":"WebSite","@id":"https:\/\/alfadescompte.ad\/#website","url":"https:\/\/alfadescompte.ad\/","name":"Alfa Descompte","description":"","publisher":{"@id":"https:\/\/alfadescompte.ad\/#organization"},"potentialAction":[{"@type":"SearchAction","target":{"@type":"EntryPoint","urlTemplate":"https:\/\/alfadescompte.ad\/?s={search_term_string}"},"query-input":{"@type":"PropertyValueSpecification","valueRequired":true,"valueName":"search_term_string"}}],"inLanguage":"es"},{"@type":"Organization","@id":"https:\/\/alfadescompte.ad\/#organization","name":"Alfa Descompte","url":"https:\/\/alfadescompte.ad\/","logo":{"@type":"ImageObject","inLanguage":"es","@id":"https:\/\/alfadescompte.ad\/#\/schema\/logo\/image\/","url":"https:\/\/alfadescompte.ad\/wp-content\/uploads\/2022\/04\/cropped-logo-alfa-1-1.png","contentUrl":"https:\/\/alfadescompte.ad\/wp-content\/uploads\/2022\/04\/cropped-logo-alfa-1-1.png","width":424,"height":128,"caption":"Alfa Descompte"},"image":{"@id":"https:\/\/alfadescompte.ad\/#\/schema\/logo\/image\/"}}]}},"_links":{"self":[{"href":"https:\/\/alfadescompte.ad\/es\/wp-json\/wp\/v2\/product\/4545","targetHints":{"allow":["GET"]}}],"collection":[{"href":"https:\/\/alfadescompte.ad\/es\/wp-json\/wp\/v2\/product"}],"about":[{"href":"https:\/\/alfadescompte.ad\/es\/wp-json\/wp\/v2\/types\/product"}],"replies":[{"embeddable":true,"href":"https:\/\/alfadescompte.ad\/es\/wp-json\/wp\/v2\/comments?post=4545"}],"wp:featuredmedia":[{"embeddable":true,"href":"https:\/\/alfadescompte.ad\/es\/wp-json\/wp\/v2\/media\/55712"}],"wp:attachment":[{"href":"https:\/\/alfadescompte.ad\/es\/wp-json\/wp\/v2\/media?parent=4545"}],"wp:term":[{"taxonomy":"product_brand","embeddable":true,"href":"https:\/\/alfadescompte.ad\/es\/wp-json\/wp\/v2\/product_brand?post=4545"},{"taxonomy":"product_cat","embeddable":true,"href":"https:\/\/alfadescompte.ad\/es\/wp-json\/wp\/v2\/product_cat?post=4545"},{"taxonomy":"product_tag","embeddable":true,"href":"https:\/\/alfadescompte.ad\/es\/wp-json\/wp\/v2\/product_tag?post=4545"}],"curies":[{"name":"wp","href":"https:\/\/api.w.org\/{rel}","templated":true}]}}