{"id":4548,"date":"2022-04-08T14:20:41","date_gmt":"2022-04-08T14:20:41","guid":{"rendered":"http:\/\/alfadescompte.com\/?post_type=product&#038;p=4548"},"modified":"2026-04-01T19:10:32","modified_gmt":"2026-04-01T17:10:32","slug":"office-famille-et-petite-entreprise-2021-mac-1-poste-2","status":"publish","type":"product","link":"https:\/\/alfadescompte.ad\/es\/producto-2\/office-famille-et-petite-entreprise-2021-mac-1-poste-2\/","title":{"rendered":"Office Hogar y Peque\u00f1a Oficina 2021 (Mac)"},"content":{"rendered":"<h3>Microsoft Office 2021 Hogar y Peque\u00f1a Oficina<\/h3>\n<p>Office 2021 es la nueva edici\u00f3n del legendario paquete ofim\u00e1tico de Microsoft para PC. Disponible a partir del 5 de octubre de 2021, esta \u00faltima versi\u00f3n de Ms-office ofrece una amplia gama de funciones tanto en plataformas PC como Windows. Permite a los usuarios de Office acceder a las \u00faltimas versiones de Word, Exceller, PowerPoint y otras aplicaciones por un precio \u00fanico y atractivo.<br \/>\nOpta por el Pack Office Familia y Peque\u00f1a Empresa para un uso \u00f3ptimo. Podr\u00e1s disfrutar de todas las aplicaciones ofim\u00e1ticas con tu familia y amigos. Adem\u00e1s, Microsoft te da acceso al servidor OneDrive para un almacenamiento de datos ilimitado.<\/p>\n<h3>Nuevas funciones en 2021 Familia y Peque\u00f1a empresa<\/h3>\n<p>Con Microsoft Office 2021 Home y Small Office, se beneficiar\u00e1 de las mejores prestaciones de las aplicaciones Word, Excel y PowerPoint de acceso totalmente gratuito. Con la licencia 1, Microsoft Office 2021, podr\u00e1 instalar todas las versiones m\u00e1s recientes de Word, Excel, PowerPoint y OneNote en su PC\/Windows.<\/p>\n<p>Tambi\u00e9n ofrece una serie de nuevas funciones, la m\u00e1s importante de las cuales es el nuevo campo de b\u00fasqueda inteligente. Est\u00e1 dise\u00f1ado para encontrar m\u00e1s f\u00e1cilmente todos tus documentos y partes concretas del texto, especialmente en la herramienta Word.<\/p>\n<p>Tambi\u00e9n PowerPoint ha experimentado algunos cambios extraordinarios. Esta versi\u00f3n le ofrece herramientas para crear presentaciones de diapositivas originales e impresionantes. Adem\u00e1s, puedes guardar todas tus producciones en formato de v\u00eddeo con una calidad gr\u00e1fica impecable.<\/p>\n<h3>Ventajas de Microsoft Office 2021 para la familia y la peque\u00f1a empresa<\/h3>\n<p>Las innovaciones de Microsoft en el paquete Office son sencillamente fabulosas. Adem\u00e1s de permitirte adquirir varios paquetes de software adicionales, esta versi\u00f3n te da la opci\u00f3n de utilizarlos en 5 dispositivos diferentes con la misma clave de activaci\u00f3n. Esto la convierte en la herramienta ideal para las peque\u00f1as empresas.<\/p>\n<h3>Aplicaciones disponibles en Office 2021 Family y Small Office<\/h3>\n<p>B\u00e1sicamente, todas las oficinas cuentan con tres programas cl\u00e1sicos: Word, Excel y PowerPoint. A diferencia de las versiones anteriores, Microsoft Office 2021 Family y Small Business tambi\u00e9n incluye..:<br \/>\n- Onedrive para almacenar datos en l\u00ednea, con una oferta de 1 TB ;<br \/>\n- Onenote para tomar notas;<br \/>\n- Skype para llamadas telef\u00f3nicas y mensajer\u00eda instant\u00e1nea ;<br \/>\n- Access para la gesti\u00f3n de bases de datos ;<br \/>\n- Editor para la producci\u00f3n de documentos de comunicaci\u00f3n...<br \/>\nMicrosoft Office 2021 Familia y Peque\u00f1a Empresa tambi\u00e9n incluye Microsoft Outlook en su paquete de software. Se trata de una herramienta muy beneficiosa para las empresas, ya que permite programar tareas y compartirlas con otros usuarios.<\/p>\n<p>Requisitos del sistema<\/p>\n<ul class=\"minuteprodpfort\">\n<li>MAC :<br \/>\nOffice para Mac es compatible con las tres versiones m\u00e1s recientes de macOS. A medida que las nuevas versiones principales de macOS est\u00e9n disponibles de forma generalizada, Microsoft dejar\u00e1 de dar soporte a la versi\u00f3n m\u00e1s antigua, asegurando el soporte para la \u00faltima y las dos versiones anteriores de macOS. La funcionalidad y la disponibilidad de las caracter\u00edsticas del producto pueden variar en los sistemas m\u00e1s antiguos. Para obtener la mejor experiencia, utilice la \u00faltima versi\u00f3n de cualquiera de los sistemas operativos especificados anteriormente.<\/li>\n<li>Modelos compatibles:<br \/>\nMacBook de 12 pulgadas, MacBook Air con pantalla Retina de 13 pulgadas, MacBook Air de 13 pulgadas, MacBook Air de 11 pulgadas, MacBook Pro de 13 pulgadas - Thunderbolt 3 (USB-C), MacBook Pro de 13 pulgadas, MacBook Pro de 15 pulgadas - Thunderbolt 3 (USB-C), MacBook Pro de 15 pulgadas, iMac de 21,5 pulgadas - Thunderbolt 3 (USB-C), iMac de 21,5 pulgadas - Thunderbolt 2, iMac de 27 pulgadas - Thunderbolt 3 (USB-C), iMac de 27 pulgadas - Thunderbolt 2 iMac Pro, Mac Pro, Mac mini - Thunderbolt 3 (USB-C), Mac mini<\/li>\n<li>Espacio libre en disco :<br \/>\n3GB<\/li>\n<li>Requisitos adicionales del sistema<br \/>\nRequiere una conexi\u00f3n a Internet.<\/li>\n<\/ul>\n<p>&nbsp;<\/p>\n<p>&nbsp;<\/p>","protected":false},"excerpt":{"rendered":"<p>Compre hoy mismo su clave de activaci\u00f3n original y reciba por correo electr\u00f3nico su enlace de descarga ultrarr\u00e1pida de Microsoft y su clave de activaci\u00f3n exclusiva.<\/p>\n<p>- Obtenga su c\u00f3digo de activaci\u00f3n.<br \/>\n- Llave original 100%<br \/>\n- Autorizado para la venta en Europa<br \/>\n- Idiomas: multiling\u00fce<\/p>","protected":false},"featured_media":55711,"comment_status":"open","ping_status":"closed","template":"","meta":[],"product_brand":[],"product_cat":[1260,177,178,180,16],"product_tag":[],"class_list":{"0":"post-4548","1":"product","2":"type-product","3":"status-publish","4":"has-post-thumbnail","6":"product_cat-logiciels-offres-speciales","7":"product_cat-microsoft-office","8":"product_cat-office-2021","9":"product_cat-office-mac","10":"product_cat-offres-speciales","12":"first","13":"instock","14":"sale","15":"downloadable","16":"virtual","17":"purchasable","18":"product-type-simple","19":"czr-hentry"},"yoast_head":"<!-- This site is optimized with the Yoast SEO plugin v27.4 - https:\/\/yoast.com\/product\/yoast-seo-wordpress\/ -->\n<title>Office Famille et Petite Entreprise 2021 (Mac) - Alfa Descompte<\/title>\n<meta name=\"robots\" content=\"index, follow, max-snippet:-1, max-image-preview:large, max-video-preview:-1\" \/>\n<link rel=\"canonical\" href=\"https:\/\/alfadescompte.ad\/es\/producto-2\/office-famille-et-petite-entreprise-2021-mac-1-poste-2\/\" \/>\n<meta property=\"og:locale\" content=\"es_ES\" \/>\n<meta property=\"og:type\" content=\"article\" \/>\n<meta property=\"og:title\" content=\"Office Famille et Petite Entreprise 2021 (Mac) - Alfa Descompte\" \/>\n<meta property=\"og:description\" content=\"Achetez aujourd\u2019hui votre cl\u00e9 d&#039;activation originale et recevez par mail votre lien de t\u00e9l\u00e9chargement ultra rapide de Microsoft ainsi que sa cl\u00e9 unique d\u2019activation..  - Obtenir votre code d&#039;activation. - Cl\u00e9 100% authentique - Vente autoris\u00e9e en Europe - Langues: Multi-langue\" \/>\n<meta property=\"og:url\" content=\"https:\/\/alfadescompte.ad\/es\/producto-2\/office-famille-et-petite-entreprise-2021-mac-1-poste-2\/\" \/>\n<meta property=\"og:site_name\" content=\"Alfa Descompte\" \/>\n<meta property=\"article:modified_time\" content=\"2026-04-01T17:10:32+00:00\" \/>\n<meta property=\"og:image\" content=\"https:\/\/alfadescompte.ad\/wp-content\/uploads\/2022\/04\/ChatGPT-Image-27-fevr.-2026-07_54_03.png\" \/>\n\t<meta property=\"og:image:width\" content=\"1024\" \/>\n\t<meta property=\"og:image:height\" content=\"1024\" \/>\n\t<meta property=\"og:image:type\" content=\"image\/png\" \/>\n<meta name=\"twitter:card\" content=\"summary_large_image\" \/>\n<meta name=\"twitter:label1\" content=\"Tiempo de lectura\" \/>\n\t<meta name=\"twitter:data1\" content=\"4 minutos\" \/>\n<script type=\"application\/ld+json\" class=\"yoast-schema-graph\">{\"@context\":\"https:\\\/\\\/schema.org\",\"@graph\":[{\"@type\":\"WebPage\",\"@id\":\"https:\\\/\\\/alfadescompte.ad\\\/produit\\\/office-famille-et-petite-entreprise-2021-mac-1-poste-2\\\/\",\"url\":\"https:\\\/\\\/alfadescompte.ad\\\/produit\\\/office-famille-et-petite-entreprise-2021-mac-1-poste-2\\\/\",\"name\":\"Office Famille et Petite Entreprise 2021 (Mac) - Alfa Descompte\",\"isPartOf\":{\"@id\":\"https:\\\/\\\/alfadescompte.ad\\\/#website\"},\"primaryImageOfPage\":{\"@id\":\"https:\\\/\\\/alfadescompte.ad\\\/produit\\\/office-famille-et-petite-entreprise-2021-mac-1-poste-2\\\/#primaryimage\"},\"image\":{\"@id\":\"https:\\\/\\\/alfadescompte.ad\\\/produit\\\/office-famille-et-petite-entreprise-2021-mac-1-poste-2\\\/#primaryimage\"},\"thumbnailUrl\":\"https:\\\/\\\/alfadescompte.ad\\\/wp-content\\\/uploads\\\/2022\\\/04\\\/ChatGPT-Image-27-fevr.-2026-07_54_03.png\",\"datePublished\":\"2022-04-08T14:20:41+00:00\",\"dateModified\":\"2026-04-01T17:10:32+00:00\",\"breadcrumb\":{\"@id\":\"https:\\\/\\\/alfadescompte.ad\\\/produit\\\/office-famille-et-petite-entreprise-2021-mac-1-poste-2\\\/#breadcrumb\"},\"inLanguage\":\"es\",\"potentialAction\":[{\"@type\":\"ReadAction\",\"target\":[\"https:\\\/\\\/alfadescompte.ad\\\/produit\\\/office-famille-et-petite-entreprise-2021-mac-1-poste-2\\\/\"]}]},{\"@type\":\"ImageObject\",\"inLanguage\":\"es\",\"@id\":\"https:\\\/\\\/alfadescompte.ad\\\/produit\\\/office-famille-et-petite-entreprise-2021-mac-1-poste-2\\\/#primaryimage\",\"url\":\"https:\\\/\\\/alfadescompte.ad\\\/wp-content\\\/uploads\\\/2022\\\/04\\\/ChatGPT-Image-27-fevr.-2026-07_54_03.png\",\"contentUrl\":\"https:\\\/\\\/alfadescompte.ad\\\/wp-content\\\/uploads\\\/2022\\\/04\\\/ChatGPT-Image-27-fevr.-2026-07_54_03.png\",\"width\":1024,\"height\":1024},{\"@type\":\"BreadcrumbList\",\"@id\":\"https:\\\/\\\/alfadescompte.ad\\\/produit\\\/office-famille-et-petite-entreprise-2021-mac-1-poste-2\\\/#breadcrumb\",\"itemListElement\":[{\"@type\":\"ListItem\",\"position\":1,\"name\":\"Accueil\",\"item\":\"https:\\\/\\\/alfadescompte.ad\\\/fr\\\/\"},{\"@type\":\"ListItem\",\"position\":2,\"name\":\"Boutique\",\"item\":\"https:\\\/\\\/alfadescompte.ad\\\/en\\\/boutique\\\/\"},{\"@type\":\"ListItem\",\"position\":3,\"name\":\"Office Famille et Petite Entreprise 2021 (Mac)\"}]},{\"@type\":\"WebSite\",\"@id\":\"https:\\\/\\\/alfadescompte.ad\\\/#website\",\"url\":\"https:\\\/\\\/alfadescompte.ad\\\/\",\"name\":\"Alfa Descompte\",\"description\":\"\",\"publisher\":{\"@id\":\"https:\\\/\\\/alfadescompte.ad\\\/#organization\"},\"potentialAction\":[{\"@type\":\"SearchAction\",\"target\":{\"@type\":\"EntryPoint\",\"urlTemplate\":\"https:\\\/\\\/alfadescompte.ad\\\/?s={search_term_string}\"},\"query-input\":{\"@type\":\"PropertyValueSpecification\",\"valueRequired\":true,\"valueName\":\"search_term_string\"}}],\"inLanguage\":\"es\"},{\"@type\":\"Organization\",\"@id\":\"https:\\\/\\\/alfadescompte.ad\\\/#organization\",\"name\":\"Alfa Descompte\",\"url\":\"https:\\\/\\\/alfadescompte.ad\\\/\",\"logo\":{\"@type\":\"ImageObject\",\"inLanguage\":\"es\",\"@id\":\"https:\\\/\\\/alfadescompte.ad\\\/#\\\/schema\\\/logo\\\/image\\\/\",\"url\":\"https:\\\/\\\/alfadescompte.ad\\\/wp-content\\\/uploads\\\/2022\\\/04\\\/cropped-logo-alfa-1-1.png\",\"contentUrl\":\"https:\\\/\\\/alfadescompte.ad\\\/wp-content\\\/uploads\\\/2022\\\/04\\\/cropped-logo-alfa-1-1.png\",\"width\":424,\"height\":128,\"caption\":\"Alfa Descompte\"},\"image\":{\"@id\":\"https:\\\/\\\/alfadescompte.ad\\\/#\\\/schema\\\/logo\\\/image\\\/\"}}]}<\/script>\n<!-- \/ Yoast SEO plugin. -->","yoast_head_json":{"title":"Office Hogar y Peque\u00f1a Oficina 2021 (Mac) - Alfa Descompte","robots":{"index":"index","follow":"follow","max-snippet":"max-snippet:-1","max-image-preview":"max-image-preview:large","max-video-preview":"max-video-preview:-1"},"canonical":"https:\/\/alfadescompte.ad\/es\/producto-2\/office-famille-et-petite-entreprise-2021-mac-1-poste-2\/","og_locale":"es_ES","og_type":"article","og_title":"Office Famille et Petite Entreprise 2021 (Mac) - Alfa Descompte","og_description":"Achetez aujourd\u2019hui votre cl\u00e9 d'activation originale et recevez par mail votre lien de t\u00e9l\u00e9chargement ultra rapide de Microsoft ainsi que sa cl\u00e9 unique d\u2019activation..  - Obtenir votre code d'activation. - Cl\u00e9 100% authentique - Vente autoris\u00e9e en Europe - Langues: Multi-langue","og_url":"https:\/\/alfadescompte.ad\/es\/producto-2\/office-famille-et-petite-entreprise-2021-mac-1-poste-2\/","og_site_name":"Alfa Descompte","article_modified_time":"2026-04-01T17:10:32+00:00","og_image":[{"width":1024,"height":1024,"url":"https:\/\/alfadescompte.ad\/wp-content\/uploads\/2022\/04\/ChatGPT-Image-27-fevr.-2026-07_54_03.png","type":"image\/png"}],"twitter_card":"summary_large_image","twitter_misc":{"Tiempo de lectura":"4 minutos"},"schema":{"@context":"https:\/\/schema.org","@graph":[{"@type":"WebPage","@id":"https:\/\/alfadescompte.ad\/produit\/office-famille-et-petite-entreprise-2021-mac-1-poste-2\/","url":"https:\/\/alfadescompte.ad\/produit\/office-famille-et-petite-entreprise-2021-mac-1-poste-2\/","name":"Office Hogar y Peque\u00f1a Oficina 2021 (Mac) - Alfa Descompte","isPartOf":{"@id":"https:\/\/alfadescompte.ad\/#website"},"primaryImageOfPage":{"@id":"https:\/\/alfadescompte.ad\/produit\/office-famille-et-petite-entreprise-2021-mac-1-poste-2\/#primaryimage"},"image":{"@id":"https:\/\/alfadescompte.ad\/produit\/office-famille-et-petite-entreprise-2021-mac-1-poste-2\/#primaryimage"},"thumbnailUrl":"https:\/\/alfadescompte.ad\/wp-content\/uploads\/2022\/04\/ChatGPT-Image-27-fevr.-2026-07_54_03.png","datePublished":"2022-04-08T14:20:41+00:00","dateModified":"2026-04-01T17:10:32+00:00","breadcrumb":{"@id":"https:\/\/alfadescompte.ad\/produit\/office-famille-et-petite-entreprise-2021-mac-1-poste-2\/#breadcrumb"},"inLanguage":"es","potentialAction":[{"@type":"ReadAction","target":["https:\/\/alfadescompte.ad\/produit\/office-famille-et-petite-entreprise-2021-mac-1-poste-2\/"]}]},{"@type":"ImageObject","inLanguage":"es","@id":"https:\/\/alfadescompte.ad\/produit\/office-famille-et-petite-entreprise-2021-mac-1-poste-2\/#primaryimage","url":"https:\/\/alfadescompte.ad\/wp-content\/uploads\/2022\/04\/ChatGPT-Image-27-fevr.-2026-07_54_03.png","contentUrl":"https:\/\/alfadescompte.ad\/wp-content\/uploads\/2022\/04\/ChatGPT-Image-27-fevr.-2026-07_54_03.png","width":1024,"height":1024},{"@type":"BreadcrumbList","@id":"https:\/\/alfadescompte.ad\/produit\/office-famille-et-petite-entreprise-2021-mac-1-poste-2\/#breadcrumb","itemListElement":[{"@type":"ListItem","position":1,"name":"Accueil","item":"https:\/\/alfadescompte.ad\/fr\/"},{"@type":"ListItem","position":2,"name":"Boutique","item":"https:\/\/alfadescompte.ad\/en\/boutique\/"},{"@type":"ListItem","position":3,"name":"Office Famille et Petite Entreprise 2021 (Mac)"}]},{"@type":"WebSite","@id":"https:\/\/alfadescompte.ad\/#website","url":"https:\/\/alfadescompte.ad\/","name":"Alfa Descompte","description":"","publisher":{"@id":"https:\/\/alfadescompte.ad\/#organization"},"potentialAction":[{"@type":"SearchAction","target":{"@type":"EntryPoint","urlTemplate":"https:\/\/alfadescompte.ad\/?s={search_term_string}"},"query-input":{"@type":"PropertyValueSpecification","valueRequired":true,"valueName":"search_term_string"}}],"inLanguage":"es"},{"@type":"Organization","@id":"https:\/\/alfadescompte.ad\/#organization","name":"Alfa Descompte","url":"https:\/\/alfadescompte.ad\/","logo":{"@type":"ImageObject","inLanguage":"es","@id":"https:\/\/alfadescompte.ad\/#\/schema\/logo\/image\/","url":"https:\/\/alfadescompte.ad\/wp-content\/uploads\/2022\/04\/cropped-logo-alfa-1-1.png","contentUrl":"https:\/\/alfadescompte.ad\/wp-content\/uploads\/2022\/04\/cropped-logo-alfa-1-1.png","width":424,"height":128,"caption":"Alfa Descompte"},"image":{"@id":"https:\/\/alfadescompte.ad\/#\/schema\/logo\/image\/"}}]}},"_links":{"self":[{"href":"https:\/\/alfadescompte.ad\/es\/wp-json\/wp\/v2\/product\/4548","targetHints":{"allow":["GET"]}}],"collection":[{"href":"https:\/\/alfadescompte.ad\/es\/wp-json\/wp\/v2\/product"}],"about":[{"href":"https:\/\/alfadescompte.ad\/es\/wp-json\/wp\/v2\/types\/product"}],"replies":[{"embeddable":true,"href":"https:\/\/alfadescompte.ad\/es\/wp-json\/wp\/v2\/comments?post=4548"}],"wp:featuredmedia":[{"embeddable":true,"href":"https:\/\/alfadescompte.ad\/es\/wp-json\/wp\/v2\/media\/55711"}],"wp:attachment":[{"href":"https:\/\/alfadescompte.ad\/es\/wp-json\/wp\/v2\/media?parent=4548"}],"wp:term":[{"taxonomy":"product_brand","embeddable":true,"href":"https:\/\/alfadescompte.ad\/es\/wp-json\/wp\/v2\/product_brand?post=4548"},{"taxonomy":"product_cat","embeddable":true,"href":"https:\/\/alfadescompte.ad\/es\/wp-json\/wp\/v2\/product_cat?post=4548"},{"taxonomy":"product_tag","embeddable":true,"href":"https:\/\/alfadescompte.ad\/es\/wp-json\/wp\/v2\/product_tag?post=4548"}],"curies":[{"name":"wp","href":"https:\/\/api.w.org\/{rel}","templated":true}]}}