{"id":4550,"date":"2022-04-08T14:28:22","date_gmt":"2022-04-08T14:28:22","guid":{"rendered":"http:\/\/alfadescompte.com\/?post_type=product&#038;p=4550"},"modified":"2026-02-27T07:52:50","modified_gmt":"2026-02-27T06:52:50","slug":"oficina-familia-y-estudiante-2021-pc-mac-1-posicion","status":"publish","type":"product","link":"https:\/\/alfadescompte.ad\/es\/producto-2\/oficina-familia-y-estudiante-2021-pc-mac-1-posicion\/","title":{"rendered":"Microsoft Office Hogar y Estudiantes 2021 (PC\/Mac)"},"content":{"rendered":"<h3>Oficina 2021 para familias y estudiantes<\/h3>\n<h3>M\u00e1s funciones con Office 2021 Hogar y Estudiantes<\/h3>\n<p>Disponible para todos los usuarios de Microsoft a partir del 5 de octubre de 2021, Office 2021 Hogar y Estudiantes es una de las \u00faltimas innovaciones tecnol\u00f3gicas del gigante inform\u00e1tico. Versi\u00f3n mejorada de su predecesor, Office 2019 Hogar y Estudiantes, este paquete de software est\u00e1 repleto de multitud de funciones para que tu trabajo vaya mucho m\u00e1s r\u00e1pido. Qu\u00e9 mejoras son espec\u00edficas de esta versi\u00f3n de Office? \u00bfC\u00f3mo puedo obtener todas las actualizaciones?<\/p>\n<h3>\u00bfPor qu\u00e9 es tan competente la Oficina 2021 de Familia y Estudiantes?<\/h3>\n<p>La nueva versi\u00f3n (2021) de Office Hogar y Estudiantes te da acceso a un mundo completamente nuevo. Un mundo ofim\u00e1tico mucho m\u00e1s atractivo y avanzado que sus predecesores. Esto se debe a las muchas nuevas funciones que se han a\u00f1adido para garantizar que seas m\u00e1s productivo y, por supuesto, m\u00e1s eficaz.<\/p>\n<p>Naturalmente, las primeras actualizaciones afectan a: Word, Excel, Outlook (cliente de correo electr\u00f3nico con una nueva actualizaci\u00f3n para la traducci\u00f3n de idiomas), PowerPoint y OneNote. PowerPoint y OneNote.<\/p>\n<p>Pero adem\u00e1s de las novedades descritas, hay otras mejoras notables una vez activada la clave de licencia. Estas son muy innovadoras y tienen en cuenta :<br \/>\n- La adici\u00f3n de nuevas funciones como LET, XMATCH, la matriz invertida y las f\u00f3rmulas de tabla din\u00e1mica para la hoja de c\u00e1lculo Microsoft Excel;<br \/>\n- la integraci\u00f3n de un nuevo campo de b\u00fasqueda inteligente para encontrar sus documentos m\u00e1s f\u00e1cilmente;<br \/>\n- la introducci\u00f3n de una nueva herramienta de dibujo a mano alzada y la actualizaci\u00f3n de la ventana de dibujo de Microsoft Word ;<br \/>\n- perfeccionar los comandos de navegaci\u00f3n de diapositivas en Microsoft PowerPoint, el programa de presentaciones.<\/p>\n<h3>\u00bfD\u00f3nde est\u00e1n los verdaderos cambios de Microsoft Office Hogar y Estudiantes?<\/h3>\n<p>A la vista de las diversas caracter\u00edsticas enumeradas anteriormente, ya podemos hablar de una actualizaci\u00f3n o avance para Microsoft Office 2021 Hogar y Estudiantes. Pero hay otras aportaciones que tambi\u00e9n dan fe de este avance.<\/p>\n<p>Con este nuevo software, se beneficiar\u00e1 de un aspecto visual totalmente desarrollado con una interfaz muy atractiva que se adapta al nuevo sistema operativo: Windows 11. Esto significa esquinas de ventana redondeadas, una nueva gama de colores y una interfaz de cinta actualizada y m\u00e1s ergon\u00f3mica.<\/p>\n<p>Requisitos del sistema<\/p>\n<ul class=\"minuteprodpfort\">\n<li>PC: 1,6 gigahercios (GHz) o m\u00e1s r\u00e1pido, 2 n\u00facleos, 4 GB de RAM; 2 GB de RAM (32 bits), pantalla con resoluci\u00f3n de 1280 x 768<\/li>\n<li>Pantalla: 1024 x 576 en 16 bits<\/li>\n<li>Espacio libre en disco: 3GB<\/li>\n<li>Sistemas operativos compatibles : <strong>PC<\/strong> : Windows 10 y Windows 11<\/li>\n<li>Requisitos adicionales del sistema<br \/>\nRequiere una conexi\u00f3n a Internet.<\/li>\n<\/ul>\n<ul class=\"minuteprodpfort\">\n<li>MAC :<br \/>\nOffice para Mac es compatible con las tres versiones m\u00e1s recientes de macOS. A medida que las nuevas versiones principales de macOS est\u00e9n disponibles de forma generalizada, Microsoft dejar\u00e1 de dar soporte a la versi\u00f3n m\u00e1s antigua, asegurando el soporte para la \u00faltima y las dos versiones anteriores de macOS. La funcionalidad y la disponibilidad de las caracter\u00edsticas del producto pueden variar en los sistemas m\u00e1s antiguos. Para obtener la mejor experiencia, utilice la \u00faltima versi\u00f3n de cualquiera de los sistemas operativos especificados anteriormente.<\/li>\n<li>Modelos compatibles:<br \/>\nMacBook de 12 pulgadas, MacBook Air con pantalla Retina de 13 pulgadas, MacBook Air de 13 pulgadas, MacBook Air de 11 pulgadas, MacBook Pro de 13 pulgadas - Thunderbolt 3 (USB-C), MacBook Pro de 13 pulgadas, MacBook Pro de 15 pulgadas - Thunderbolt 3 (USB-C), MacBook Pro de 15 pulgadas, iMac de 21,5 pulgadas - Thunderbolt 3 (USB-C), iMac de 21,5 pulgadas - Thunderbolt 2, iMac de 27 pulgadas - Thunderbolt 3 (USB-C), iMac de 27 pulgadas - Thunderbolt 2 iMac Pro, Mac Pro, Mac mini - Thunderbolt 3 (USB-C), Mac mini<\/li>\n<li>Espacio libre en disco :<br \/>\n3GB<\/li>\n<li>Requisitos adicionales del sistema<br \/>\nRequiere una conexi\u00f3n a Internet.<\/li>\n<\/ul>","protected":false},"excerpt":{"rendered":"<p>Compre hoy mismo su clave de activaci\u00f3n original y reciba por correo electr\u00f3nico su enlace de descarga ultrarr\u00e1pida de Microsoft y su clave de activaci\u00f3n exclusiva.<\/p>\n<p>- Obtenga su c\u00f3digo de activaci\u00f3n.<br \/>\n- Llave original 100%<br \/>\n- Autorizado para la venta en Europa<br \/>\n- Idiomas: multiling\u00fce<\/p>","protected":false},"featured_media":55710,"comment_status":"open","ping_status":"closed","template":"","meta":[],"product_brand":[],"product_cat":[1260,177,178,180,16,20],"product_tag":[],"class_list":{"0":"post-4550","1":"product","2":"type-product","3":"status-publish","4":"has-post-thumbnail","6":"product_cat-logiciels-offres-speciales","7":"product_cat-microsoft-office","8":"product_cat-office-2021","9":"product_cat-office-mac","10":"product_cat-offres-speciales","11":"product_cat-securite","13":"first","14":"instock","15":"sale","16":"downloadable","17":"virtual","18":"purchasable","19":"product-type-simple","20":"czr-hentry"},"yoast_head":"<!-- This site is optimized with the Yoast SEO plugin v27.3 - https:\/\/yoast.com\/product\/yoast-seo-wordpress\/ -->\n<title>Microsoft Office Famille et Etudiant 2021 (PC\/Mac) - Alfa Descompte<\/title>\n<meta name=\"robots\" content=\"index, follow, max-snippet:-1, max-image-preview:large, max-video-preview:-1\" \/>\n<link rel=\"canonical\" href=\"https:\/\/alfadescompte.ad\/es\/producto-2\/oficina-familia-y-estudiante-2021-pc-mac-1-posicion\/\" \/>\n<meta property=\"og:locale\" content=\"es_ES\" \/>\n<meta property=\"og:type\" content=\"article\" \/>\n<meta property=\"og:title\" content=\"Microsoft Office Famille et Etudiant 2021 (PC\/Mac) - Alfa Descompte\" \/>\n<meta property=\"og:description\" content=\"Achetez aujourd\u2019hui votre cl\u00e9 d&#039;activation originale et recevez par mail votre lien de t\u00e9l\u00e9chargement ultra rapide de Microsoft ainsi que sa cl\u00e9 unique d\u2019activation..  - Obtenir votre code d&#039;activation. - Cl\u00e9 100% authentique - Vente autoris\u00e9e en Europe - Langues: Multi-langue\" \/>\n<meta property=\"og:url\" content=\"https:\/\/alfadescompte.ad\/es\/producto-2\/oficina-familia-y-estudiante-2021-pc-mac-1-posicion\/\" \/>\n<meta property=\"og:site_name\" content=\"Alfa Descompte\" \/>\n<meta property=\"article:modified_time\" content=\"2026-02-27T06:52:50+00:00\" \/>\n<meta property=\"og:image\" content=\"https:\/\/alfadescompte.ad\/wp-content\/uploads\/2022\/04\/ChatGPT-Image-27-fevr.-2026-07_52_35.png\" \/>\n\t<meta property=\"og:image:width\" content=\"1024\" \/>\n\t<meta property=\"og:image:height\" content=\"1024\" \/>\n\t<meta property=\"og:image:type\" content=\"image\/png\" \/>\n<meta name=\"twitter:card\" content=\"summary_large_image\" \/>\n<meta name=\"twitter:label1\" content=\"Tiempo de lectura\" \/>\n\t<meta name=\"twitter:data1\" content=\"4 minutos\" \/>\n<script type=\"application\/ld+json\" class=\"yoast-schema-graph\">{\"@context\":\"https:\\\/\\\/schema.org\",\"@graph\":[{\"@type\":\"WebPage\",\"@id\":\"https:\\\/\\\/alfadescompte.ad\\\/produit\\\/office-famille-et-etudiant-2021-pc-mac-1-poste\\\/\",\"url\":\"https:\\\/\\\/alfadescompte.ad\\\/produit\\\/office-famille-et-etudiant-2021-pc-mac-1-poste\\\/\",\"name\":\"Microsoft Office Famille et Etudiant 2021 (PC\\\/Mac) - Alfa Descompte\",\"isPartOf\":{\"@id\":\"https:\\\/\\\/alfadescompte.ad\\\/#website\"},\"primaryImageOfPage\":{\"@id\":\"https:\\\/\\\/alfadescompte.ad\\\/produit\\\/office-famille-et-etudiant-2021-pc-mac-1-poste\\\/#primaryimage\"},\"image\":{\"@id\":\"https:\\\/\\\/alfadescompte.ad\\\/produit\\\/office-famille-et-etudiant-2021-pc-mac-1-poste\\\/#primaryimage\"},\"thumbnailUrl\":\"https:\\\/\\\/alfadescompte.ad\\\/wp-content\\\/uploads\\\/2022\\\/04\\\/ChatGPT-Image-27-fevr.-2026-07_52_35.png\",\"datePublished\":\"2022-04-08T14:28:22+00:00\",\"dateModified\":\"2026-02-27T06:52:50+00:00\",\"breadcrumb\":{\"@id\":\"https:\\\/\\\/alfadescompte.ad\\\/produit\\\/office-famille-et-etudiant-2021-pc-mac-1-poste\\\/#breadcrumb\"},\"inLanguage\":\"es\",\"potentialAction\":[{\"@type\":\"ReadAction\",\"target\":[\"https:\\\/\\\/alfadescompte.ad\\\/produit\\\/office-famille-et-etudiant-2021-pc-mac-1-poste\\\/\"]}]},{\"@type\":\"ImageObject\",\"inLanguage\":\"es\",\"@id\":\"https:\\\/\\\/alfadescompte.ad\\\/produit\\\/office-famille-et-etudiant-2021-pc-mac-1-poste\\\/#primaryimage\",\"url\":\"https:\\\/\\\/alfadescompte.ad\\\/wp-content\\\/uploads\\\/2022\\\/04\\\/ChatGPT-Image-27-fevr.-2026-07_52_35.png\",\"contentUrl\":\"https:\\\/\\\/alfadescompte.ad\\\/wp-content\\\/uploads\\\/2022\\\/04\\\/ChatGPT-Image-27-fevr.-2026-07_52_35.png\",\"width\":1024,\"height\":1024},{\"@type\":\"BreadcrumbList\",\"@id\":\"https:\\\/\\\/alfadescompte.ad\\\/produit\\\/office-famille-et-etudiant-2021-pc-mac-1-poste\\\/#breadcrumb\",\"itemListElement\":[{\"@type\":\"ListItem\",\"position\":1,\"name\":\"Accueil\",\"item\":\"https:\\\/\\\/alfadescompte.ad\\\/fr\\\/\"},{\"@type\":\"ListItem\",\"position\":2,\"name\":\"Boutique\",\"item\":\"https:\\\/\\\/alfadescompte.ad\\\/en\\\/boutique\\\/\"},{\"@type\":\"ListItem\",\"position\":3,\"name\":\"Microsoft Office Famille et Etudiant 2021 (PC\\\/Mac)\"}]},{\"@type\":\"WebSite\",\"@id\":\"https:\\\/\\\/alfadescompte.ad\\\/#website\",\"url\":\"https:\\\/\\\/alfadescompte.ad\\\/\",\"name\":\"Alfa Descompte\",\"description\":\"\",\"publisher\":{\"@id\":\"https:\\\/\\\/alfadescompte.ad\\\/#organization\"},\"potentialAction\":[{\"@type\":\"SearchAction\",\"target\":{\"@type\":\"EntryPoint\",\"urlTemplate\":\"https:\\\/\\\/alfadescompte.ad\\\/?s={search_term_string}\"},\"query-input\":{\"@type\":\"PropertyValueSpecification\",\"valueRequired\":true,\"valueName\":\"search_term_string\"}}],\"inLanguage\":\"es\"},{\"@type\":\"Organization\",\"@id\":\"https:\\\/\\\/alfadescompte.ad\\\/#organization\",\"name\":\"Alfa Descompte\",\"url\":\"https:\\\/\\\/alfadescompte.ad\\\/\",\"logo\":{\"@type\":\"ImageObject\",\"inLanguage\":\"es\",\"@id\":\"https:\\\/\\\/alfadescompte.ad\\\/#\\\/schema\\\/logo\\\/image\\\/\",\"url\":\"https:\\\/\\\/alfadescompte.ad\\\/wp-content\\\/uploads\\\/2022\\\/04\\\/cropped-logo-alfa-1-1.png\",\"contentUrl\":\"https:\\\/\\\/alfadescompte.ad\\\/wp-content\\\/uploads\\\/2022\\\/04\\\/cropped-logo-alfa-1-1.png\",\"width\":424,\"height\":128,\"caption\":\"Alfa Descompte\"},\"image\":{\"@id\":\"https:\\\/\\\/alfadescompte.ad\\\/#\\\/schema\\\/logo\\\/image\\\/\"}}]}<\/script>\n<!-- \/ Yoast SEO plugin. -->","yoast_head_json":{"title":"Microsoft Office Hogar y Estudiantes 2021 (PC\/Mac) - Alfa Descompte","robots":{"index":"index","follow":"follow","max-snippet":"max-snippet:-1","max-image-preview":"max-image-preview:large","max-video-preview":"max-video-preview:-1"},"canonical":"https:\/\/alfadescompte.ad\/es\/producto-2\/oficina-familia-y-estudiante-2021-pc-mac-1-posicion\/","og_locale":"es_ES","og_type":"article","og_title":"Microsoft Office Famille et Etudiant 2021 (PC\/Mac) - Alfa Descompte","og_description":"Achetez aujourd\u2019hui votre cl\u00e9 d'activation originale et recevez par mail votre lien de t\u00e9l\u00e9chargement ultra rapide de Microsoft ainsi que sa cl\u00e9 unique d\u2019activation..  - Obtenir votre code d'activation. - Cl\u00e9 100% authentique - Vente autoris\u00e9e en Europe - Langues: Multi-langue","og_url":"https:\/\/alfadescompte.ad\/es\/producto-2\/oficina-familia-y-estudiante-2021-pc-mac-1-posicion\/","og_site_name":"Alfa Descompte","article_modified_time":"2026-02-27T06:52:50+00:00","og_image":[{"width":1024,"height":1024,"url":"https:\/\/alfadescompte.ad\/wp-content\/uploads\/2022\/04\/ChatGPT-Image-27-fevr.-2026-07_52_35.png","type":"image\/png"}],"twitter_card":"summary_large_image","twitter_misc":{"Tiempo de lectura":"4 minutos"},"schema":{"@context":"https:\/\/schema.org","@graph":[{"@type":"WebPage","@id":"https:\/\/alfadescompte.ad\/produit\/office-famille-et-etudiant-2021-pc-mac-1-poste\/","url":"https:\/\/alfadescompte.ad\/produit\/office-famille-et-etudiant-2021-pc-mac-1-poste\/","name":"Microsoft Office Hogar y Estudiantes 2021 (PC\/Mac) - Alfa Descompte","isPartOf":{"@id":"https:\/\/alfadescompte.ad\/#website"},"primaryImageOfPage":{"@id":"https:\/\/alfadescompte.ad\/produit\/office-famille-et-etudiant-2021-pc-mac-1-poste\/#primaryimage"},"image":{"@id":"https:\/\/alfadescompte.ad\/produit\/office-famille-et-etudiant-2021-pc-mac-1-poste\/#primaryimage"},"thumbnailUrl":"https:\/\/alfadescompte.ad\/wp-content\/uploads\/2022\/04\/ChatGPT-Image-27-fevr.-2026-07_52_35.png","datePublished":"2022-04-08T14:28:22+00:00","dateModified":"2026-02-27T06:52:50+00:00","breadcrumb":{"@id":"https:\/\/alfadescompte.ad\/produit\/office-famille-et-etudiant-2021-pc-mac-1-poste\/#breadcrumb"},"inLanguage":"es","potentialAction":[{"@type":"ReadAction","target":["https:\/\/alfadescompte.ad\/produit\/office-famille-et-etudiant-2021-pc-mac-1-poste\/"]}]},{"@type":"ImageObject","inLanguage":"es","@id":"https:\/\/alfadescompte.ad\/produit\/office-famille-et-etudiant-2021-pc-mac-1-poste\/#primaryimage","url":"https:\/\/alfadescompte.ad\/wp-content\/uploads\/2022\/04\/ChatGPT-Image-27-fevr.-2026-07_52_35.png","contentUrl":"https:\/\/alfadescompte.ad\/wp-content\/uploads\/2022\/04\/ChatGPT-Image-27-fevr.-2026-07_52_35.png","width":1024,"height":1024},{"@type":"BreadcrumbList","@id":"https:\/\/alfadescompte.ad\/produit\/office-famille-et-etudiant-2021-pc-mac-1-poste\/#breadcrumb","itemListElement":[{"@type":"ListItem","position":1,"name":"Accueil","item":"https:\/\/alfadescompte.ad\/fr\/"},{"@type":"ListItem","position":2,"name":"Boutique","item":"https:\/\/alfadescompte.ad\/en\/boutique\/"},{"@type":"ListItem","position":3,"name":"Microsoft Office Famille et Etudiant 2021 (PC\/Mac)"}]},{"@type":"WebSite","@id":"https:\/\/alfadescompte.ad\/#website","url":"https:\/\/alfadescompte.ad\/","name":"Alfa Descompte","description":"","publisher":{"@id":"https:\/\/alfadescompte.ad\/#organization"},"potentialAction":[{"@type":"SearchAction","target":{"@type":"EntryPoint","urlTemplate":"https:\/\/alfadescompte.ad\/?s={search_term_string}"},"query-input":{"@type":"PropertyValueSpecification","valueRequired":true,"valueName":"search_term_string"}}],"inLanguage":"es"},{"@type":"Organization","@id":"https:\/\/alfadescompte.ad\/#organization","name":"Alfa Descompte","url":"https:\/\/alfadescompte.ad\/","logo":{"@type":"ImageObject","inLanguage":"es","@id":"https:\/\/alfadescompte.ad\/#\/schema\/logo\/image\/","url":"https:\/\/alfadescompte.ad\/wp-content\/uploads\/2022\/04\/cropped-logo-alfa-1-1.png","contentUrl":"https:\/\/alfadescompte.ad\/wp-content\/uploads\/2022\/04\/cropped-logo-alfa-1-1.png","width":424,"height":128,"caption":"Alfa Descompte"},"image":{"@id":"https:\/\/alfadescompte.ad\/#\/schema\/logo\/image\/"}}]}},"_links":{"self":[{"href":"https:\/\/alfadescompte.ad\/es\/wp-json\/wp\/v2\/product\/4550","targetHints":{"allow":["GET"]}}],"collection":[{"href":"https:\/\/alfadescompte.ad\/es\/wp-json\/wp\/v2\/product"}],"about":[{"href":"https:\/\/alfadescompte.ad\/es\/wp-json\/wp\/v2\/types\/product"}],"replies":[{"embeddable":true,"href":"https:\/\/alfadescompte.ad\/es\/wp-json\/wp\/v2\/comments?post=4550"}],"wp:featuredmedia":[{"embeddable":true,"href":"https:\/\/alfadescompte.ad\/es\/wp-json\/wp\/v2\/media\/55710"}],"wp:attachment":[{"href":"https:\/\/alfadescompte.ad\/es\/wp-json\/wp\/v2\/media?parent=4550"}],"wp:term":[{"taxonomy":"product_brand","embeddable":true,"href":"https:\/\/alfadescompte.ad\/es\/wp-json\/wp\/v2\/product_brand?post=4550"},{"taxonomy":"product_cat","embeddable":true,"href":"https:\/\/alfadescompte.ad\/es\/wp-json\/wp\/v2\/product_cat?post=4550"},{"taxonomy":"product_tag","embeddable":true,"href":"https:\/\/alfadescompte.ad\/es\/wp-json\/wp\/v2\/product_tag?post=4550"}],"curies":[{"name":"wp","href":"https:\/\/api.w.org\/{rel}","templated":true}]}}