{"id":48094,"date":"2022-08-20T10:46:36","date_gmt":"2022-08-20T10:46:36","guid":{"rendered":"https:\/\/alfadescompte.ad\/?post_type=product&#038;p=48094"},"modified":"2026-02-27T07:51:31","modified_gmt":"2026-02-27T06:51:31","slug":"office-famille-et-petite-entreprise-2021-pc-mac-1-poste-2","status":"publish","type":"product","link":"https:\/\/alfadescompte.ad\/es\/producto-2\/office-famille-et-petite-entreprise-2021-pc-mac-1-poste-2\/","title":{"rendered":"Office Hogar y Peque\u00f1a Oficina 2021 (PC\/Mac)"},"content":{"rendered":"<h3>Microsoft Office 2021 Hogar y Peque\u00f1a Oficina<\/h3>\n<p>Office 2021 es la nueva edici\u00f3n del legendario paquete ofim\u00e1tico de Microsoft para PC. Disponible a partir del 5 de octubre de 2021, esta \u00faltima versi\u00f3n de Ms-office ofrece una amplia gama de funciones tanto en plataformas PC como Windows. Permite a los usuarios de Office acceder a las \u00faltimas versiones de Word, Exceller, PowerPoint y otras aplicaciones por un precio \u00fanico y atractivo.<br \/>\nOpta por el Pack Office Familia y Peque\u00f1a Empresa para un uso \u00f3ptimo. Podr\u00e1s disfrutar de todas las aplicaciones ofim\u00e1ticas con tu familia y amigos. Adem\u00e1s, Microsoft te da acceso al servidor OneDrive para un almacenamiento de datos ilimitado.<\/p>\n<h3>Nuevas funciones en 2021 Familia y Peque\u00f1a empresa<\/h3>\n<p>Con Microsoft Office 2021 Home y Small Office, se beneficiar\u00e1 de las mejores prestaciones de las aplicaciones Word, Excel y PowerPoint de acceso totalmente gratuito. Con la licencia 1, Microsoft Office 2021, podr\u00e1 instalar todas las versiones m\u00e1s recientes de Word, Excel, PowerPoint y OneNote en su PC\/Windows.<\/p>\n<p>Tambi\u00e9n ofrece una serie de nuevas funciones, la m\u00e1s importante de las cuales es el nuevo campo de b\u00fasqueda inteligente. Est\u00e1 dise\u00f1ado para encontrar m\u00e1s f\u00e1cilmente todos tus documentos y partes concretas del texto, especialmente en la herramienta Word.<\/p>\n<p>Tambi\u00e9n PowerPoint ha experimentado algunos cambios extraordinarios. Esta versi\u00f3n le ofrece herramientas para crear presentaciones de diapositivas originales e impresionantes. Adem\u00e1s, puedes guardar todas tus producciones en formato de v\u00eddeo con una calidad gr\u00e1fica impecable.<\/p>\n<h3>Ventajas de Microsoft Office 2021 para la familia y la peque\u00f1a empresa<\/h3>\n<p>Las innovaciones de Microsoft en el paquete Office son sencillamente fabulosas. Adem\u00e1s de permitirte adquirir varios paquetes de software adicionales, esta versi\u00f3n te da la opci\u00f3n de utilizarlos en 5 dispositivos diferentes con la misma clave de activaci\u00f3n. Esto la convierte en la herramienta ideal para las peque\u00f1as empresas.<\/p>\n<h3>Aplicaciones disponibles en Office 2021 Family y Small Office<\/h3>\n<p>B\u00e1sicamente, todas las oficinas cuentan con tres programas cl\u00e1sicos: Word, Excel y PowerPoint. A diferencia de las versiones anteriores, Microsoft Office 2021 Family y Small Business tambi\u00e9n incluye..:<br \/>\n- Onedrive para almacenar datos en l\u00ednea, con una oferta de 1 TB ;<br \/>\n- Onenote para tomar notas;<br \/>\n- Skype para llamadas telef\u00f3nicas y mensajer\u00eda instant\u00e1nea ;<br \/>\n- Access para la gesti\u00f3n de bases de datos ;<br \/>\n- Editor para la producci\u00f3n de documentos de comunicaci\u00f3n...<br \/>\nMicrosoft Office 2021 Familia y Peque\u00f1a Empresa tambi\u00e9n incluye Microsoft Outlook en su paquete de software. Se trata de una herramienta muy beneficiosa para las empresas, ya que permite programar tareas y compartirlas con otros usuarios.<\/p>\n<p>Requisitos del sistema<\/p>\n<ul class=\"plateforme\">\n<li>Plataforma: Windows 11, 10 - macOS 10.15 y posteriores<\/li>\n<\/ul>\n<p>Configuraci\u00f3n de Windows<\/p>\n<ul>\n<li>Procesador: 1,6 GHz, 2 n\u00facleos<\/li>\n<li>Memoria RAM: 4 GB<\/li>\n<li>Espacio en disco: 4 GB<\/li>\n<li>Resoluci\u00f3n de 1280 x 768 o superior<\/li>\n<\/ul>\n<p>Configuraci\u00f3n del Mac<\/p>\n<ul>\n<li>Procesador: Intel<\/li>\n<li>Memoria RAM: 4 GB<\/li>\n<li>Espacio en disco: 10 GB<\/li>\n<\/ul>\n<p>Office Home y Small Business est\u00e1n sujetos a zonas geogr\u00e1ficas de elegibilidad, incluyendo s\u00f3lo Europa Occidental y Central (incluyendo la Uni\u00f3n Europea). Reuni\u00f3n, Polinesia Francesa, Nueva Caledonia y Mayotte no podr\u00e1n activar el Office comprado desde Europa.<\/p>","protected":false},"excerpt":{"rendered":"<p>Compre hoy mismo su clave de activaci\u00f3n original y reciba por correo electr\u00f3nico su enlace de descarga ultrarr\u00e1pida de Microsoft y su clave de activaci\u00f3n exclusiva.<\/p>\n<p>- Obtenga su c\u00f3digo de activaci\u00f3n.<br \/>\n- Llave original 100%<br \/>\n- Autorizado para la venta en Europa<br \/>\n- Idiomas: multiling\u00fce<\/p>","protected":false},"featured_media":55709,"comment_status":"open","ping_status":"closed","template":"","meta":[],"product_brand":[],"product_cat":[1260,177,1442,178,180,16],"product_tag":[],"class_list":{"0":"post-48094","1":"product","2":"type-product","3":"status-publish","4":"has-post-thumbnail","6":"product_cat-logiciels-offres-speciales","7":"product_cat-microsoft-office","8":"product_cat-microsoft","9":"product_cat-office-2021","10":"product_cat-office-mac","11":"product_cat-offres-speciales","13":"first","14":"instock","15":"sale","16":"downloadable","17":"virtual","18":"purchasable","19":"product-type-simple","20":"czr-hentry"},"yoast_head":"<!-- This site is optimized with the Yoast SEO plugin v27.5 - https:\/\/yoast.com\/product\/yoast-seo-wordpress\/ -->\n<title>Office Famille et Petite Entreprise 2021 (PC\/Mac) - Alfa Descompte<\/title>\n<meta name=\"description\" content=\"Office Famille et Petite Entreprise 2021 est la suite id\u00e9ale pour les familles et les TPE qui souhaitent utiliser Outlook et qui n&#039;ont qu&#039;un seul PC \u00e0 \u00e9quiper.\" \/>\n<meta name=\"robots\" content=\"index, follow, max-snippet:-1, max-image-preview:large, max-video-preview:-1\" \/>\n<link rel=\"canonical\" href=\"https:\/\/alfadescompte.ad\/es\/producto-2\/office-famille-et-petite-entreprise-2021-pc-mac-1-poste-2\/\" \/>\n<meta property=\"og:locale\" content=\"es_ES\" \/>\n<meta property=\"og:type\" content=\"article\" \/>\n<meta property=\"og:title\" content=\"Office Famille et Petite Entreprise 2021 (PC\/Mac) - Alfa Descompte\" \/>\n<meta property=\"og:description\" content=\"Office Famille et Petite Entreprise 2021 est la suite id\u00e9ale pour les familles et les TPE qui souhaitent utiliser Outlook et qui n&#039;ont qu&#039;un seul PC \u00e0 \u00e9quiper.\" \/>\n<meta property=\"og:url\" content=\"https:\/\/alfadescompte.ad\/es\/producto-2\/office-famille-et-petite-entreprise-2021-pc-mac-1-poste-2\/\" \/>\n<meta property=\"og:site_name\" content=\"Alfa Descompte\" \/>\n<meta property=\"article:modified_time\" content=\"2026-02-27T06:51:31+00:00\" \/>\n<meta property=\"og:image\" content=\"https:\/\/alfadescompte.ad\/wp-content\/uploads\/2022\/08\/ChatGPT-Image-27-fevr.-2026-07_51_18.png\" \/>\n\t<meta property=\"og:image:width\" content=\"1024\" \/>\n\t<meta property=\"og:image:height\" content=\"1024\" \/>\n\t<meta property=\"og:image:type\" content=\"image\/png\" \/>\n<meta name=\"twitter:card\" content=\"summary_large_image\" \/>\n<meta name=\"twitter:label1\" content=\"Tiempo de lectura\" \/>\n\t<meta name=\"twitter:data1\" content=\"3 minutos\" \/>\n<script type=\"application\/ld+json\" class=\"yoast-schema-graph\">{\"@context\":\"https:\\\/\\\/schema.org\",\"@graph\":[{\"@type\":\"WebPage\",\"@id\":\"https:\\\/\\\/alfadescompte.ad\\\/produit\\\/office-famille-et-petite-entreprise-2021-pc-mac-1-poste-2\\\/\",\"url\":\"https:\\\/\\\/alfadescompte.ad\\\/produit\\\/office-famille-et-petite-entreprise-2021-pc-mac-1-poste-2\\\/\",\"name\":\"Office Famille et Petite Entreprise 2021 (PC\\\/Mac) - Alfa Descompte\",\"isPartOf\":{\"@id\":\"https:\\\/\\\/alfadescompte.ad\\\/#website\"},\"primaryImageOfPage\":{\"@id\":\"https:\\\/\\\/alfadescompte.ad\\\/produit\\\/office-famille-et-petite-entreprise-2021-pc-mac-1-poste-2\\\/#primaryimage\"},\"image\":{\"@id\":\"https:\\\/\\\/alfadescompte.ad\\\/produit\\\/office-famille-et-petite-entreprise-2021-pc-mac-1-poste-2\\\/#primaryimage\"},\"thumbnailUrl\":\"https:\\\/\\\/alfadescompte.ad\\\/wp-content\\\/uploads\\\/2022\\\/08\\\/ChatGPT-Image-27-fevr.-2026-07_51_18.png\",\"datePublished\":\"2022-08-20T10:46:36+00:00\",\"dateModified\":\"2026-02-27T06:51:31+00:00\",\"description\":\"Office Famille et Petite Entreprise 2021 est la suite id\u00e9ale pour les familles et les TPE qui souhaitent utiliser Outlook et qui n'ont qu'un seul PC \u00e0 \u00e9quiper.\",\"breadcrumb\":{\"@id\":\"https:\\\/\\\/alfadescompte.ad\\\/produit\\\/office-famille-et-petite-entreprise-2021-pc-mac-1-poste-2\\\/#breadcrumb\"},\"inLanguage\":\"es\",\"potentialAction\":[{\"@type\":\"ReadAction\",\"target\":[\"https:\\\/\\\/alfadescompte.ad\\\/produit\\\/office-famille-et-petite-entreprise-2021-pc-mac-1-poste-2\\\/\"]}]},{\"@type\":\"ImageObject\",\"inLanguage\":\"es\",\"@id\":\"https:\\\/\\\/alfadescompte.ad\\\/produit\\\/office-famille-et-petite-entreprise-2021-pc-mac-1-poste-2\\\/#primaryimage\",\"url\":\"https:\\\/\\\/alfadescompte.ad\\\/wp-content\\\/uploads\\\/2022\\\/08\\\/ChatGPT-Image-27-fevr.-2026-07_51_18.png\",\"contentUrl\":\"https:\\\/\\\/alfadescompte.ad\\\/wp-content\\\/uploads\\\/2022\\\/08\\\/ChatGPT-Image-27-fevr.-2026-07_51_18.png\",\"width\":1024,\"height\":1024},{\"@type\":\"BreadcrumbList\",\"@id\":\"https:\\\/\\\/alfadescompte.ad\\\/produit\\\/office-famille-et-petite-entreprise-2021-pc-mac-1-poste-2\\\/#breadcrumb\",\"itemListElement\":[{\"@type\":\"ListItem\",\"position\":1,\"name\":\"Accueil\",\"item\":\"https:\\\/\\\/alfadescompte.ad\\\/fr\\\/\"},{\"@type\":\"ListItem\",\"position\":2,\"name\":\"Boutique\",\"item\":\"https:\\\/\\\/alfadescompte.ad\\\/en\\\/boutique\\\/\"},{\"@type\":\"ListItem\",\"position\":3,\"name\":\"Office Famille et Petite Entreprise 2021 (PC\\\/Mac)\"}]},{\"@type\":\"WebSite\",\"@id\":\"https:\\\/\\\/alfadescompte.ad\\\/#website\",\"url\":\"https:\\\/\\\/alfadescompte.ad\\\/\",\"name\":\"Alfa Descompte\",\"description\":\"\",\"publisher\":{\"@id\":\"https:\\\/\\\/alfadescompte.ad\\\/#organization\"},\"potentialAction\":[{\"@type\":\"SearchAction\",\"target\":{\"@type\":\"EntryPoint\",\"urlTemplate\":\"https:\\\/\\\/alfadescompte.ad\\\/?s={search_term_string}\"},\"query-input\":{\"@type\":\"PropertyValueSpecification\",\"valueRequired\":true,\"valueName\":\"search_term_string\"}}],\"inLanguage\":\"es\"},{\"@type\":\"Organization\",\"@id\":\"https:\\\/\\\/alfadescompte.ad\\\/#organization\",\"name\":\"Alfa Descompte\",\"url\":\"https:\\\/\\\/alfadescompte.ad\\\/\",\"logo\":{\"@type\":\"ImageObject\",\"inLanguage\":\"es\",\"@id\":\"https:\\\/\\\/alfadescompte.ad\\\/#\\\/schema\\\/logo\\\/image\\\/\",\"url\":\"https:\\\/\\\/alfadescompte.ad\\\/wp-content\\\/uploads\\\/2022\\\/04\\\/cropped-logo-alfa-1-1.png\",\"contentUrl\":\"https:\\\/\\\/alfadescompte.ad\\\/wp-content\\\/uploads\\\/2022\\\/04\\\/cropped-logo-alfa-1-1.png\",\"width\":424,\"height\":128,\"caption\":\"Alfa Descompte\"},\"image\":{\"@id\":\"https:\\\/\\\/alfadescompte.ad\\\/#\\\/schema\\\/logo\\\/image\\\/\"}}]}<\/script>\n<!-- \/ Yoast SEO plugin. -->","yoast_head_json":{"title":"Office Hogar y Peque\u00f1a Oficina 2021 (PC\/Mac) - Alfa Descompte","description":"Office Hogar y Peque\u00f1a Empresa 2021 es la suite ideal para las familias y las peque\u00f1as empresas que quieren utilizar Outlook y s\u00f3lo tienen un PC para equipar.","robots":{"index":"index","follow":"follow","max-snippet":"max-snippet:-1","max-image-preview":"max-image-preview:large","max-video-preview":"max-video-preview:-1"},"canonical":"https:\/\/alfadescompte.ad\/es\/producto-2\/office-famille-et-petite-entreprise-2021-pc-mac-1-poste-2\/","og_locale":"es_ES","og_type":"article","og_title":"Office Famille et Petite Entreprise 2021 (PC\/Mac) - Alfa Descompte","og_description":"Office Famille et Petite Entreprise 2021 est la suite id\u00e9ale pour les familles et les TPE qui souhaitent utiliser Outlook et qui n'ont qu'un seul PC \u00e0 \u00e9quiper.","og_url":"https:\/\/alfadescompte.ad\/es\/producto-2\/office-famille-et-petite-entreprise-2021-pc-mac-1-poste-2\/","og_site_name":"Alfa Descompte","article_modified_time":"2026-02-27T06:51:31+00:00","og_image":[{"width":1024,"height":1024,"url":"https:\/\/alfadescompte.ad\/wp-content\/uploads\/2022\/08\/ChatGPT-Image-27-fevr.-2026-07_51_18.png","type":"image\/png"}],"twitter_card":"summary_large_image","twitter_misc":{"Tiempo de lectura":"3 minutos"},"schema":{"@context":"https:\/\/schema.org","@graph":[{"@type":"WebPage","@id":"https:\/\/alfadescompte.ad\/produit\/office-famille-et-petite-entreprise-2021-pc-mac-1-poste-2\/","url":"https:\/\/alfadescompte.ad\/produit\/office-famille-et-petite-entreprise-2021-pc-mac-1-poste-2\/","name":"Office Hogar y Peque\u00f1a Oficina 2021 (PC\/Mac) - Alfa Descompte","isPartOf":{"@id":"https:\/\/alfadescompte.ad\/#website"},"primaryImageOfPage":{"@id":"https:\/\/alfadescompte.ad\/produit\/office-famille-et-petite-entreprise-2021-pc-mac-1-poste-2\/#primaryimage"},"image":{"@id":"https:\/\/alfadescompte.ad\/produit\/office-famille-et-petite-entreprise-2021-pc-mac-1-poste-2\/#primaryimage"},"thumbnailUrl":"https:\/\/alfadescompte.ad\/wp-content\/uploads\/2022\/08\/ChatGPT-Image-27-fevr.-2026-07_51_18.png","datePublished":"2022-08-20T10:46:36+00:00","dateModified":"2026-02-27T06:51:31+00:00","description":"Office Hogar y Peque\u00f1a Empresa 2021 es la suite ideal para las familias y las peque\u00f1as empresas que quieren utilizar Outlook y s\u00f3lo tienen un PC para equipar.","breadcrumb":{"@id":"https:\/\/alfadescompte.ad\/produit\/office-famille-et-petite-entreprise-2021-pc-mac-1-poste-2\/#breadcrumb"},"inLanguage":"es","potentialAction":[{"@type":"ReadAction","target":["https:\/\/alfadescompte.ad\/produit\/office-famille-et-petite-entreprise-2021-pc-mac-1-poste-2\/"]}]},{"@type":"ImageObject","inLanguage":"es","@id":"https:\/\/alfadescompte.ad\/produit\/office-famille-et-petite-entreprise-2021-pc-mac-1-poste-2\/#primaryimage","url":"https:\/\/alfadescompte.ad\/wp-content\/uploads\/2022\/08\/ChatGPT-Image-27-fevr.-2026-07_51_18.png","contentUrl":"https:\/\/alfadescompte.ad\/wp-content\/uploads\/2022\/08\/ChatGPT-Image-27-fevr.-2026-07_51_18.png","width":1024,"height":1024},{"@type":"BreadcrumbList","@id":"https:\/\/alfadescompte.ad\/produit\/office-famille-et-petite-entreprise-2021-pc-mac-1-poste-2\/#breadcrumb","itemListElement":[{"@type":"ListItem","position":1,"name":"Accueil","item":"https:\/\/alfadescompte.ad\/fr\/"},{"@type":"ListItem","position":2,"name":"Boutique","item":"https:\/\/alfadescompte.ad\/en\/boutique\/"},{"@type":"ListItem","position":3,"name":"Office Famille et Petite Entreprise 2021 (PC\/Mac)"}]},{"@type":"WebSite","@id":"https:\/\/alfadescompte.ad\/#website","url":"https:\/\/alfadescompte.ad\/","name":"Alfa Descompte","description":"","publisher":{"@id":"https:\/\/alfadescompte.ad\/#organization"},"potentialAction":[{"@type":"SearchAction","target":{"@type":"EntryPoint","urlTemplate":"https:\/\/alfadescompte.ad\/?s={search_term_string}"},"query-input":{"@type":"PropertyValueSpecification","valueRequired":true,"valueName":"search_term_string"}}],"inLanguage":"es"},{"@type":"Organization","@id":"https:\/\/alfadescompte.ad\/#organization","name":"Alfa Descompte","url":"https:\/\/alfadescompte.ad\/","logo":{"@type":"ImageObject","inLanguage":"es","@id":"https:\/\/alfadescompte.ad\/#\/schema\/logo\/image\/","url":"https:\/\/alfadescompte.ad\/wp-content\/uploads\/2022\/04\/cropped-logo-alfa-1-1.png","contentUrl":"https:\/\/alfadescompte.ad\/wp-content\/uploads\/2022\/04\/cropped-logo-alfa-1-1.png","width":424,"height":128,"caption":"Alfa Descompte"},"image":{"@id":"https:\/\/alfadescompte.ad\/#\/schema\/logo\/image\/"}}]}},"_links":{"self":[{"href":"https:\/\/alfadescompte.ad\/es\/wp-json\/wp\/v2\/product\/48094","targetHints":{"allow":["GET"]}}],"collection":[{"href":"https:\/\/alfadescompte.ad\/es\/wp-json\/wp\/v2\/product"}],"about":[{"href":"https:\/\/alfadescompte.ad\/es\/wp-json\/wp\/v2\/types\/product"}],"replies":[{"embeddable":true,"href":"https:\/\/alfadescompte.ad\/es\/wp-json\/wp\/v2\/comments?post=48094"}],"wp:featuredmedia":[{"embeddable":true,"href":"https:\/\/alfadescompte.ad\/es\/wp-json\/wp\/v2\/media\/55709"}],"wp:attachment":[{"href":"https:\/\/alfadescompte.ad\/es\/wp-json\/wp\/v2\/media?parent=48094"}],"wp:term":[{"taxonomy":"product_brand","embeddable":true,"href":"https:\/\/alfadescompte.ad\/es\/wp-json\/wp\/v2\/product_brand?post=48094"},{"taxonomy":"product_cat","embeddable":true,"href":"https:\/\/alfadescompte.ad\/es\/wp-json\/wp\/v2\/product_cat?post=48094"},{"taxonomy":"product_tag","embeddable":true,"href":"https:\/\/alfadescompte.ad\/es\/wp-json\/wp\/v2\/product_tag?post=48094"}],"curies":[{"name":"wp","href":"https:\/\/api.w.org\/{rel}","templated":true}]}}