{"id":50371,"date":"2022-09-28T14:47:48","date_gmt":"2022-09-28T12:47:48","guid":{"rendered":"https:\/\/alfadescompte.ad\/?post_type=product&#038;p=50371"},"modified":"2026-03-02T18:00:36","modified_gmt":"2026-03-02T17:00:36","slug":"bitdefender-antivirus-plus-mac-1-poste-2-ans","status":"publish","type":"product","link":"https:\/\/alfadescompte.ad\/es\/producto-2\/bitdefender-antivirus-plus-mac-1-poste-2-ans\/","title":{"rendered":"Bitdefender Antivirus para Mac 2026 - 1 estaci\u00f3n de trabajo - 2 a\u00f1os de suscripci\u00f3n"},"content":{"rendered":"<h3>Protecci\u00f3n absoluta dise\u00f1ada para Mac<\/h3>\n<p><strong>Bitdefender Antivirus Para Mac\u00a0<\/strong>ofrece el m\u00e1ximo nivel de protecci\u00f3n sin ralentizar su Mac. R\u00e1pido y discreto, detecta proactivamente todas las amenazas. Todos tus archivos personales est\u00e1n a salvo gracias a la protecci\u00f3n multinivel contra el ransomware.<\/p>\n<p>Bitdefender tambi\u00e9n protege su navegaci\u00f3n por Internet y elimina el adware y otros programas no deseados de su Mac.<\/p>\n<p>Bitdefender Antivirus para Mac 2020 tambi\u00e9n es extremadamente\u00a0<strong>f\u00e1cil de instalar y utilizar sin necesidad de ajustes<\/strong>\u00a0\u00a1de usted!<\/p>\n<p>REQUISITOS DEL SISTEMA<\/p>\n<ul class=\"minuteprodpfort\">\n<li>Sistema operativo<br \/>\nOS X Yosemite (10.10 o posterior), OS X El Capitan (10.11), macOS Sierra (10.12), macOS 10.13 High Sierra<\/li>\n<li>Requisitos m\u00ednimos del sistema<br \/>\nMemoria (RAM): 1 GB, Espacio disponible en el disco duro: 400 MB de espacio libre, Se requiere conexi\u00f3n a Internet para registrar y actualizar Bitdefender Antivirus for Mac.<\/li>\n<li><strong>Se integra con<br \/>\nTrafficLight est\u00e1 disponible para Safari, Firefox y Google Chrome<\/strong><\/li>\n<\/ul>","protected":false},"excerpt":{"rendered":"<ul>\n<li class=\"point-fort\">Proteja sus datos<\/li>\n<li class=\"point-fort\">Proteja su identidad<\/li>\n<li class=\"point-fort\">Bloquea las estafas<\/li>\n<li class=\"point-fort\">Evita el acceso a tus datos<\/li>\n<li class=\"point-fort\">An\u00e1lisis ultrarr\u00e1pido<\/li>\n<\/ul>\n<p>Comprar y descargar\u00a0<strong>Bitdefender Antivirus Plus 2022-2023<\/strong><\/p>\n<p>Tras realizar su pedido, recibir\u00e1 :<\/p>\n<ul>\n<li>Un correo electr\u00f3nico con la clave de activaci\u00f3n de la licencia<strong> Bitdefender Antivirus Plus 2022-2023<\/strong><\/li>\n<li>El enlace de descarga de\u00a0<strong>Bitdefender Antivirus Plus 2022-2023<\/strong><\/li>\n<li>Gu\u00edas de instalaci\u00f3n y activaci\u00f3n<\/li>\n<li>soporte t\u00e9cnico disponible los 7 d\u00edas de la semana<\/li>\n<\/ul>","protected":false},"featured_media":51919,"comment_status":"open","ping_status":"closed","template":"","meta":[],"product_brand":[],"product_cat":[1415,189,20],"product_tag":[],"class_list":{"0":"post-50371","1":"product","2":"type-product","3":"status-publish","4":"has-post-thumbnail","6":"product_cat-bitdefender-antivirus-pour-mac","7":"product_cat-bitdefender-products","8":"product_cat-securite","10":"first","11":"instock","12":"sale","13":"downloadable","14":"virtual","15":"purchasable","16":"product-type-simple","17":"czr-hentry"},"yoast_head":"<!-- This site is optimized with the Yoast SEO plugin v27.4 - https:\/\/yoast.com\/product\/yoast-seo-wordpress\/ -->\n<title>Bitdefender Antivirus pour Mac 2026 - 1 poste - Abonnement 2 ans - Alfa Descompte<\/title>\n<meta name=\"robots\" content=\"index, follow, max-snippet:-1, max-image-preview:large, max-video-preview:-1\" \/>\n<link rel=\"canonical\" href=\"https:\/\/alfadescompte.ad\/es\/producto-2\/bitdefender-antivirus-plus-mac-1-poste-2-ans\/\" \/>\n<meta property=\"og:locale\" content=\"es_ES\" \/>\n<meta property=\"og:type\" content=\"article\" \/>\n<meta property=\"og:title\" content=\"Bitdefender Antivirus pour Mac 2026 - 1 poste - Abonnement 2 ans - Alfa Descompte\" \/>\n<meta property=\"og:description\" content=\"Prot\u00e8ge vos donn\u00e9es  Prot\u00e8ge votre identit\u00e9  Bloque les escroqueries  Emp\u00eache l&#039;acc\u00e8s \u00e0 vos donn\u00e9es  Analyse ultra-rapidement  Acheter et T\u00e9l\u00e9charger\u00a0Bitdefender Antivirus Plus 2022-2023  Apr\u00e8s avoir pass\u00e9 votre commande, vous recevrez :   Un email contenant la cl\u00e9 d&#039;activation de licence Bitdefender Antivirus Plus 2022-2023  Le lien de t\u00e9l\u00e9chargement pour\u00a0Bitdefender Antivirus Plus 2022-2023  Les guides d\u2019installation et d\u2019activation  assistance technique disponibles 7j\/7\" \/>\n<meta property=\"og:url\" content=\"https:\/\/alfadescompte.ad\/es\/producto-2\/bitdefender-antivirus-plus-mac-1-poste-2-ans\/\" \/>\n<meta property=\"og:site_name\" content=\"Alfa Descompte\" \/>\n<meta property=\"article:modified_time\" content=\"2026-03-02T17:00:36+00:00\" \/>\n<meta property=\"og:image\" content=\"https:\/\/alfadescompte.ad\/wp-content\/uploads\/2022\/09\/Erika-29.png\" \/>\n\t<meta property=\"og:image:width\" content=\"800\" \/>\n\t<meta property=\"og:image:height\" content=\"800\" \/>\n\t<meta property=\"og:image:type\" content=\"image\/png\" \/>\n<meta name=\"twitter:card\" content=\"summary_large_image\" \/>\n<meta name=\"twitter:label1\" content=\"Tiempo de lectura\" \/>\n\t<meta name=\"twitter:data1\" content=\"1 minuto\" \/>\n<script type=\"application\/ld+json\" class=\"yoast-schema-graph\">{\"@context\":\"https:\\\/\\\/schema.org\",\"@graph\":[{\"@type\":\"WebPage\",\"@id\":\"https:\\\/\\\/alfadescompte.ad\\\/produit\\\/bitdefender-antivirus-plus-mac-1-poste-2-ans\\\/\",\"url\":\"https:\\\/\\\/alfadescompte.ad\\\/produit\\\/bitdefender-antivirus-plus-mac-1-poste-2-ans\\\/\",\"name\":\"Bitdefender Antivirus pour Mac 2026 - 1 poste - Abonnement 2 ans - Alfa Descompte\",\"isPartOf\":{\"@id\":\"https:\\\/\\\/alfadescompte.ad\\\/#website\"},\"primaryImageOfPage\":{\"@id\":\"https:\\\/\\\/alfadescompte.ad\\\/produit\\\/bitdefender-antivirus-plus-mac-1-poste-2-ans\\\/#primaryimage\"},\"image\":{\"@id\":\"https:\\\/\\\/alfadescompte.ad\\\/produit\\\/bitdefender-antivirus-plus-mac-1-poste-2-ans\\\/#primaryimage\"},\"thumbnailUrl\":\"https:\\\/\\\/alfadescompte.ad\\\/wp-content\\\/uploads\\\/2022\\\/09\\\/Erika-29.png\",\"datePublished\":\"2022-09-28T12:47:48+00:00\",\"dateModified\":\"2026-03-02T17:00:36+00:00\",\"breadcrumb\":{\"@id\":\"https:\\\/\\\/alfadescompte.ad\\\/produit\\\/bitdefender-antivirus-plus-mac-1-poste-2-ans\\\/#breadcrumb\"},\"inLanguage\":\"es\",\"potentialAction\":[{\"@type\":\"ReadAction\",\"target\":[\"https:\\\/\\\/alfadescompte.ad\\\/produit\\\/bitdefender-antivirus-plus-mac-1-poste-2-ans\\\/\"]}]},{\"@type\":\"ImageObject\",\"inLanguage\":\"es\",\"@id\":\"https:\\\/\\\/alfadescompte.ad\\\/produit\\\/bitdefender-antivirus-plus-mac-1-poste-2-ans\\\/#primaryimage\",\"url\":\"https:\\\/\\\/alfadescompte.ad\\\/wp-content\\\/uploads\\\/2022\\\/09\\\/Erika-29.png\",\"contentUrl\":\"https:\\\/\\\/alfadescompte.ad\\\/wp-content\\\/uploads\\\/2022\\\/09\\\/Erika-29.png\",\"width\":800,\"height\":800},{\"@type\":\"BreadcrumbList\",\"@id\":\"https:\\\/\\\/alfadescompte.ad\\\/produit\\\/bitdefender-antivirus-plus-mac-1-poste-2-ans\\\/#breadcrumb\",\"itemListElement\":[{\"@type\":\"ListItem\",\"position\":1,\"name\":\"Accueil\",\"item\":\"https:\\\/\\\/alfadescompte.ad\\\/fr\\\/\"},{\"@type\":\"ListItem\",\"position\":2,\"name\":\"Boutique\",\"item\":\"https:\\\/\\\/alfadescompte.ad\\\/en\\\/boutique\\\/\"},{\"@type\":\"ListItem\",\"position\":3,\"name\":\"Bitdefender Antivirus pour Mac 2026 &#8211; 1 poste &#8211; Abonnement 2 ans\"}]},{\"@type\":\"WebSite\",\"@id\":\"https:\\\/\\\/alfadescompte.ad\\\/#website\",\"url\":\"https:\\\/\\\/alfadescompte.ad\\\/\",\"name\":\"Alfa Descompte\",\"description\":\"\",\"publisher\":{\"@id\":\"https:\\\/\\\/alfadescompte.ad\\\/#organization\"},\"potentialAction\":[{\"@type\":\"SearchAction\",\"target\":{\"@type\":\"EntryPoint\",\"urlTemplate\":\"https:\\\/\\\/alfadescompte.ad\\\/?s={search_term_string}\"},\"query-input\":{\"@type\":\"PropertyValueSpecification\",\"valueRequired\":true,\"valueName\":\"search_term_string\"}}],\"inLanguage\":\"es\"},{\"@type\":\"Organization\",\"@id\":\"https:\\\/\\\/alfadescompte.ad\\\/#organization\",\"name\":\"Alfa Descompte\",\"url\":\"https:\\\/\\\/alfadescompte.ad\\\/\",\"logo\":{\"@type\":\"ImageObject\",\"inLanguage\":\"es\",\"@id\":\"https:\\\/\\\/alfadescompte.ad\\\/#\\\/schema\\\/logo\\\/image\\\/\",\"url\":\"https:\\\/\\\/alfadescompte.ad\\\/wp-content\\\/uploads\\\/2022\\\/04\\\/cropped-logo-alfa-1-1.png\",\"contentUrl\":\"https:\\\/\\\/alfadescompte.ad\\\/wp-content\\\/uploads\\\/2022\\\/04\\\/cropped-logo-alfa-1-1.png\",\"width\":424,\"height\":128,\"caption\":\"Alfa Descompte\"},\"image\":{\"@id\":\"https:\\\/\\\/alfadescompte.ad\\\/#\\\/schema\\\/logo\\\/image\\\/\"}}]}<\/script>\n<!-- \/ Yoast SEO plugin. -->","yoast_head_json":{"title":"Bitdefender Antivirus para Mac 2026 - 1 estaci\u00f3n de trabajo - 2 a\u00f1os de suscripci\u00f3n - Alfa Descompte","robots":{"index":"index","follow":"follow","max-snippet":"max-snippet:-1","max-image-preview":"max-image-preview:large","max-video-preview":"max-video-preview:-1"},"canonical":"https:\/\/alfadescompte.ad\/es\/producto-2\/bitdefender-antivirus-plus-mac-1-poste-2-ans\/","og_locale":"es_ES","og_type":"article","og_title":"Bitdefender Antivirus pour Mac 2026 - 1 poste - Abonnement 2 ans - Alfa Descompte","og_description":"Prot\u00e8ge vos donn\u00e9es  Prot\u00e8ge votre identit\u00e9  Bloque les escroqueries  Emp\u00eache l'acc\u00e8s \u00e0 vos donn\u00e9es  Analyse ultra-rapidement  Acheter et T\u00e9l\u00e9charger\u00a0Bitdefender Antivirus Plus 2022-2023  Apr\u00e8s avoir pass\u00e9 votre commande, vous recevrez :   Un email contenant la cl\u00e9 d'activation de licence Bitdefender Antivirus Plus 2022-2023  Le lien de t\u00e9l\u00e9chargement pour\u00a0Bitdefender Antivirus Plus 2022-2023  Les guides d\u2019installation et d\u2019activation  assistance technique disponibles 7j\/7","og_url":"https:\/\/alfadescompte.ad\/es\/producto-2\/bitdefender-antivirus-plus-mac-1-poste-2-ans\/","og_site_name":"Alfa Descompte","article_modified_time":"2026-03-02T17:00:36+00:00","og_image":[{"width":800,"height":800,"url":"https:\/\/alfadescompte.ad\/wp-content\/uploads\/2022\/09\/Erika-29.png","type":"image\/png"}],"twitter_card":"summary_large_image","twitter_misc":{"Tiempo de lectura":"1 minuto"},"schema":{"@context":"https:\/\/schema.org","@graph":[{"@type":"WebPage","@id":"https:\/\/alfadescompte.ad\/produit\/bitdefender-antivirus-plus-mac-1-poste-2-ans\/","url":"https:\/\/alfadescompte.ad\/produit\/bitdefender-antivirus-plus-mac-1-poste-2-ans\/","name":"Bitdefender Antivirus para Mac 2026 - 1 estaci\u00f3n de trabajo - 2 a\u00f1os de suscripci\u00f3n - Alfa Descompte","isPartOf":{"@id":"https:\/\/alfadescompte.ad\/#website"},"primaryImageOfPage":{"@id":"https:\/\/alfadescompte.ad\/produit\/bitdefender-antivirus-plus-mac-1-poste-2-ans\/#primaryimage"},"image":{"@id":"https:\/\/alfadescompte.ad\/produit\/bitdefender-antivirus-plus-mac-1-poste-2-ans\/#primaryimage"},"thumbnailUrl":"https:\/\/alfadescompte.ad\/wp-content\/uploads\/2022\/09\/Erika-29.png","datePublished":"2022-09-28T12:47:48+00:00","dateModified":"2026-03-02T17:00:36+00:00","breadcrumb":{"@id":"https:\/\/alfadescompte.ad\/produit\/bitdefender-antivirus-plus-mac-1-poste-2-ans\/#breadcrumb"},"inLanguage":"es","potentialAction":[{"@type":"ReadAction","target":["https:\/\/alfadescompte.ad\/produit\/bitdefender-antivirus-plus-mac-1-poste-2-ans\/"]}]},{"@type":"ImageObject","inLanguage":"es","@id":"https:\/\/alfadescompte.ad\/produit\/bitdefender-antivirus-plus-mac-1-poste-2-ans\/#primaryimage","url":"https:\/\/alfadescompte.ad\/wp-content\/uploads\/2022\/09\/Erika-29.png","contentUrl":"https:\/\/alfadescompte.ad\/wp-content\/uploads\/2022\/09\/Erika-29.png","width":800,"height":800},{"@type":"BreadcrumbList","@id":"https:\/\/alfadescompte.ad\/produit\/bitdefender-antivirus-plus-mac-1-poste-2-ans\/#breadcrumb","itemListElement":[{"@type":"ListItem","position":1,"name":"Accueil","item":"https:\/\/alfadescompte.ad\/fr\/"},{"@type":"ListItem","position":2,"name":"Boutique","item":"https:\/\/alfadescompte.ad\/en\/boutique\/"},{"@type":"ListItem","position":3,"name":"Bitdefender Antivirus pour Mac 2026 &#8211; 1 poste &#8211; Abonnement 2 ans"}]},{"@type":"WebSite","@id":"https:\/\/alfadescompte.ad\/#website","url":"https:\/\/alfadescompte.ad\/","name":"Alfa Descompte","description":"","publisher":{"@id":"https:\/\/alfadescompte.ad\/#organization"},"potentialAction":[{"@type":"SearchAction","target":{"@type":"EntryPoint","urlTemplate":"https:\/\/alfadescompte.ad\/?s={search_term_string}"},"query-input":{"@type":"PropertyValueSpecification","valueRequired":true,"valueName":"search_term_string"}}],"inLanguage":"es"},{"@type":"Organization","@id":"https:\/\/alfadescompte.ad\/#organization","name":"Alfa Descompte","url":"https:\/\/alfadescompte.ad\/","logo":{"@type":"ImageObject","inLanguage":"es","@id":"https:\/\/alfadescompte.ad\/#\/schema\/logo\/image\/","url":"https:\/\/alfadescompte.ad\/wp-content\/uploads\/2022\/04\/cropped-logo-alfa-1-1.png","contentUrl":"https:\/\/alfadescompte.ad\/wp-content\/uploads\/2022\/04\/cropped-logo-alfa-1-1.png","width":424,"height":128,"caption":"Alfa Descompte"},"image":{"@id":"https:\/\/alfadescompte.ad\/#\/schema\/logo\/image\/"}}]}},"_links":{"self":[{"href":"https:\/\/alfadescompte.ad\/es\/wp-json\/wp\/v2\/product\/50371","targetHints":{"allow":["GET"]}}],"collection":[{"href":"https:\/\/alfadescompte.ad\/es\/wp-json\/wp\/v2\/product"}],"about":[{"href":"https:\/\/alfadescompte.ad\/es\/wp-json\/wp\/v2\/types\/product"}],"replies":[{"embeddable":true,"href":"https:\/\/alfadescompte.ad\/es\/wp-json\/wp\/v2\/comments?post=50371"}],"wp:featuredmedia":[{"embeddable":true,"href":"https:\/\/alfadescompte.ad\/es\/wp-json\/wp\/v2\/media\/51919"}],"wp:attachment":[{"href":"https:\/\/alfadescompte.ad\/es\/wp-json\/wp\/v2\/media?parent=50371"}],"wp:term":[{"taxonomy":"product_brand","embeddable":true,"href":"https:\/\/alfadescompte.ad\/es\/wp-json\/wp\/v2\/product_brand?post=50371"},{"taxonomy":"product_cat","embeddable":true,"href":"https:\/\/alfadescompte.ad\/es\/wp-json\/wp\/v2\/product_cat?post=50371"},{"taxonomy":"product_tag","embeddable":true,"href":"https:\/\/alfadescompte.ad\/es\/wp-json\/wp\/v2\/product_tag?post=50371"}],"curies":[{"name":"wp","href":"https:\/\/api.w.org\/{rel}","templated":true}]}}