{"id":50382,"date":"2022-09-28T16:01:52","date_gmt":"2022-09-28T14:01:52","guid":{"rendered":"https:\/\/alfadescompte.ad\/?post_type=product&#038;p=50382"},"modified":"2026-03-03T10:57:22","modified_gmt":"2026-03-03T09:57:22","slug":"bitdefender-mobile-security-pour-android-1-poste-1-an","status":"publish","type":"product","link":"https:\/\/alfadescompte.ad\/es\/producto-2\/bitdefender-mobile-security-pour-android-1-poste-1-an\/","title":{"rendered":"Bitdefender Mobile Security for Android 2026 - 1 dispositivo - 1 a\u00f1o de suscripci\u00f3n"},"content":{"rendered":"<div id=\"product-item-desc-full\">\n<div class=\"tabsContent\">\n<div id=\"page_0\" class=\"page\">\n<p>Bitdefender Mobile Security for Android ofrece tecnolog\u00edas inteligentes de antivirus y seguridad web para smartphones y tabletas basados en Android. Utilizando tecnolog\u00edas de an\u00e1lisis en la nube, Bitdefender detecta las amenazas m\u00e1s recientes, sin apenas agotar la bater\u00eda de su smartphone o tableta Android. Bitdefender Mobile Security for Android tambi\u00e9n proporciona informaci\u00f3n sobre los permisos solicitados por las aplicaciones (acceso a Internet, facturaci\u00f3n de servicios, acceso a datos personales) y le ayuda a tomar las decisiones de seguridad adecuadas para su smartphone o tableta.<\/p>\n<h2>An\u00e1lisis en la instalaci\u00f3n<\/h2>\n<p>Bitdefender Mobile Security garantiza la protecci\u00f3n de su smartphone o tableta contra las aplicaciones maliciosas, analiz\u00e1ndolas autom\u00e1ticamente tras su instalaci\u00f3n. Esto le mantiene informado y protegido cuando utiliza una nueva aplicaci\u00f3n.<\/p>\n<h2>An\u00e1lisis a la carta<\/h2>\n<p>Se puede ejecutar un an\u00e1lisis a petici\u00f3n en cualquier momento para asegurarse de que las aplicaciones ya instaladas en el dispositivo son saludables y leg\u00edtimas.<\/p>\n<h2>Auditor\u00eda de aplicaciones<\/h2>\n<p>Los permisos suelen ser confusos. Algunos acceden a tus datos personales cuando no lo necesitan, o se conectan a Internet cuando no deben. Algunos pueden incluso cobrarle por determinados servicios. La auditor\u00eda de aplicaciones le ayuda a comprobar que sus aplicaciones no se comportan de forma inadecuada.<\/p>\n<h2>Diario<\/h2>\n<p>El registro le permite vigilar las acciones realizadas por Bitdefender Mobile Security.<\/p>\n<h2>Antirrobo<\/h2>\n<p>Puedes utilizar la funci\u00f3n de localizaci\u00f3n para encontrar tu tel\u00e9fono. La versi\u00f3n Premium le ofrece una funcionalidad ampliada.<\/p>\n<h2>Antirrobo avanzado<\/h2>\n<p>\u00bfHa perdido o le han robado el tel\u00e9fono? Vaya a su cuenta de MyBitdefender desde cualquier dispositivo. Bloquea tu tel\u00e9fono a distancia. Haz que reproduzca un sonido. Env\u00edale un mensaje. O borrar sus datos para que su informaci\u00f3n sensible no acabe en manos equivocadas.<\/p>\n<h2>Seguridad en la web<\/h2>\n<p>Bitdefender Mobile Security le protege de los sitios maliciosos y de los que intentan robar informaci\u00f3n personal, bloqueando los sitios maliciosos antes de que acceda a ellos.<\/p>\n<\/div>\n<\/div>\n<\/div>\n<h2 class=\"item-title\">CONFIGURACI\u00d3N<\/h2>\n<div class=\"content\">\n<div id=\"product-item-configuration\">\n<ul class=\"plateforme\">\n<li>Plataforma: Android 5.0 y posterior<\/li>\n<\/ul>\n<p>Configuraci\u00f3n e informaci\u00f3n :<\/p>\n<ul>\n<li>Compatible con Android 4.0.3 y superior<\/li>\n<li>Necesitas tener una cuenta v\u00e1lida de Google Play<\/li>\n<li>Algunas funciones requieren una conexi\u00f3n a Internet<\/li>\n<li>Pueden aplicarse cargos adicionales por transferencia de datos dependiendo de su paquete u operador.<\/li>\n<\/ul>\n<\/div>\n<\/div>","protected":false},"excerpt":{"rendered":"<ul>\n<li class=\"point-fort\">Antimalware<\/li>\n<li class=\"point-fort\">Auditor\u00eda de seguridad<\/li>\n<li class=\"point-fort\">Antirrobo<\/li>\n<\/ul>\n<p>Comprar y descargar <strong>Bitdefender Mobile Security<\/strong><\/p>\n<p>Despu\u00e9s de hacer su pedido y dentro de<strong>\u00a024 horas<\/strong>Usted recibir\u00e1 :<\/p>\n<ul>\n<li>El c\u00f3digo de activaci\u00f3n para <strong>Bitdefender Mobile Security<\/strong><strong>\u00a02022-2023<\/strong><\/li>\n<li>El enlace de descarga de <strong>Bitdefender Mobile Security<\/strong><strong>\u00a02022-2023<\/strong><\/li>\n<li>Gu\u00edas de instalaci\u00f3n y activaci\u00f3n<\/li>\n<\/ul>\n<p>Nuestro servicio de atenci\u00f3n al cliente est\u00e1 disponible los 7 d\u00edas de la semana<\/p>","protected":false},"featured_media":55806,"comment_status":"open","ping_status":"closed","template":"","meta":[],"product_brand":[],"product_cat":[1414,189,20],"product_tag":[],"class_list":{"0":"post-50382","1":"product","2":"type-product","3":"status-publish","4":"has-post-thumbnail","6":"product_cat-bitdefender-mobile-security","7":"product_cat-bitdefender-products","8":"product_cat-securite","10":"first","11":"instock","12":"downloadable","13":"virtual","14":"purchasable","15":"product-type-simple","16":"czr-hentry"},"yoast_head":"<!-- This site is optimized with the Yoast SEO plugin v27.3 - https:\/\/yoast.com\/product\/yoast-seo-wordpress\/ -->\n<title>Bitdefender Mobile Security pour Android 2026 - 1 appareil - Abonnement 1 an - Alfa Descompte<\/title>\n<meta name=\"robots\" content=\"index, follow, max-snippet:-1, max-image-preview:large, max-video-preview:-1\" \/>\n<link rel=\"canonical\" href=\"https:\/\/alfadescompte.ad\/es\/producto-2\/bitdefender-mobile-security-pour-android-1-poste-1-an\/\" \/>\n<meta property=\"og:locale\" content=\"es_ES\" \/>\n<meta property=\"og:type\" content=\"article\" \/>\n<meta property=\"og:title\" content=\"Bitdefender Mobile Security pour Android 2026 - 1 appareil - Abonnement 1 an - Alfa Descompte\" \/>\n<meta property=\"og:description\" content=\"Antimalware  Audit de s\u00e9curit\u00e9  Antivol  Acheter et T\u00e9l\u00e9charger Bitdefender Mobile Security  Apr\u00e8s avoir pass\u00e9 votre commande et dans les\u00a024 heures, vous recevrez :   Le code de la cl\u00e9 d&#039;activation de Bitdefender Mobile Security\u00a02022-2023  Le lien de t\u00e9l\u00e9chargement pour Bitdefender Mobile Security\u00a02022-2023  Les guides d\u2019installation et d\u2019activation  Notre service client\u00e8le est disponible 7\/7 jours\" \/>\n<meta property=\"og:url\" content=\"https:\/\/alfadescompte.ad\/es\/producto-2\/bitdefender-mobile-security-pour-android-1-poste-1-an\/\" \/>\n<meta property=\"og:site_name\" content=\"Alfa Descompte\" \/>\n<meta property=\"article:modified_time\" content=\"2026-03-03T09:57:22+00:00\" \/>\n<meta property=\"og:image\" content=\"https:\/\/alfadescompte.ad\/wp-content\/uploads\/2022\/09\/ChatGPT-Image-3-mars-2026-10_56_59.png\" \/>\n\t<meta property=\"og:image:width\" content=\"1024\" \/>\n\t<meta property=\"og:image:height\" content=\"1024\" \/>\n\t<meta property=\"og:image:type\" content=\"image\/png\" \/>\n<meta name=\"twitter:card\" content=\"summary_large_image\" \/>\n<meta name=\"twitter:label1\" content=\"Tiempo de lectura\" \/>\n\t<meta name=\"twitter:data1\" content=\"2 minutos\" \/>\n<script type=\"application\/ld+json\" class=\"yoast-schema-graph\">{\"@context\":\"https:\\\/\\\/schema.org\",\"@graph\":[{\"@type\":\"WebPage\",\"@id\":\"https:\\\/\\\/alfadescompte.ad\\\/produit\\\/bitdefender-mobile-security-pour-android-1-poste-1-an\\\/\",\"url\":\"https:\\\/\\\/alfadescompte.ad\\\/produit\\\/bitdefender-mobile-security-pour-android-1-poste-1-an\\\/\",\"name\":\"Bitdefender Mobile Security pour Android 2026 - 1 appareil - Abonnement 1 an - Alfa Descompte\",\"isPartOf\":{\"@id\":\"https:\\\/\\\/alfadescompte.ad\\\/#website\"},\"primaryImageOfPage\":{\"@id\":\"https:\\\/\\\/alfadescompte.ad\\\/produit\\\/bitdefender-mobile-security-pour-android-1-poste-1-an\\\/#primaryimage\"},\"image\":{\"@id\":\"https:\\\/\\\/alfadescompte.ad\\\/produit\\\/bitdefender-mobile-security-pour-android-1-poste-1-an\\\/#primaryimage\"},\"thumbnailUrl\":\"https:\\\/\\\/alfadescompte.ad\\\/wp-content\\\/uploads\\\/2022\\\/09\\\/ChatGPT-Image-3-mars-2026-10_56_59.png\",\"datePublished\":\"2022-09-28T14:01:52+00:00\",\"dateModified\":\"2026-03-03T09:57:22+00:00\",\"breadcrumb\":{\"@id\":\"https:\\\/\\\/alfadescompte.ad\\\/produit\\\/bitdefender-mobile-security-pour-android-1-poste-1-an\\\/#breadcrumb\"},\"inLanguage\":\"es\",\"potentialAction\":[{\"@type\":\"ReadAction\",\"target\":[\"https:\\\/\\\/alfadescompte.ad\\\/produit\\\/bitdefender-mobile-security-pour-android-1-poste-1-an\\\/\"]}]},{\"@type\":\"ImageObject\",\"inLanguage\":\"es\",\"@id\":\"https:\\\/\\\/alfadescompte.ad\\\/produit\\\/bitdefender-mobile-security-pour-android-1-poste-1-an\\\/#primaryimage\",\"url\":\"https:\\\/\\\/alfadescompte.ad\\\/wp-content\\\/uploads\\\/2022\\\/09\\\/ChatGPT-Image-3-mars-2026-10_56_59.png\",\"contentUrl\":\"https:\\\/\\\/alfadescompte.ad\\\/wp-content\\\/uploads\\\/2022\\\/09\\\/ChatGPT-Image-3-mars-2026-10_56_59.png\",\"width\":1024,\"height\":1024},{\"@type\":\"BreadcrumbList\",\"@id\":\"https:\\\/\\\/alfadescompte.ad\\\/produit\\\/bitdefender-mobile-security-pour-android-1-poste-1-an\\\/#breadcrumb\",\"itemListElement\":[{\"@type\":\"ListItem\",\"position\":1,\"name\":\"Accueil\",\"item\":\"https:\\\/\\\/alfadescompte.ad\\\/fr\\\/\"},{\"@type\":\"ListItem\",\"position\":2,\"name\":\"Boutique\",\"item\":\"https:\\\/\\\/alfadescompte.ad\\\/en\\\/boutique\\\/\"},{\"@type\":\"ListItem\",\"position\":3,\"name\":\"Bitdefender Mobile Security pour Android 2026 &#8211; 1 appareil &#8211; Abonnement 1 an\"}]},{\"@type\":\"WebSite\",\"@id\":\"https:\\\/\\\/alfadescompte.ad\\\/#website\",\"url\":\"https:\\\/\\\/alfadescompte.ad\\\/\",\"name\":\"Alfa Descompte\",\"description\":\"\",\"publisher\":{\"@id\":\"https:\\\/\\\/alfadescompte.ad\\\/#organization\"},\"potentialAction\":[{\"@type\":\"SearchAction\",\"target\":{\"@type\":\"EntryPoint\",\"urlTemplate\":\"https:\\\/\\\/alfadescompte.ad\\\/?s={search_term_string}\"},\"query-input\":{\"@type\":\"PropertyValueSpecification\",\"valueRequired\":true,\"valueName\":\"search_term_string\"}}],\"inLanguage\":\"es\"},{\"@type\":\"Organization\",\"@id\":\"https:\\\/\\\/alfadescompte.ad\\\/#organization\",\"name\":\"Alfa Descompte\",\"url\":\"https:\\\/\\\/alfadescompte.ad\\\/\",\"logo\":{\"@type\":\"ImageObject\",\"inLanguage\":\"es\",\"@id\":\"https:\\\/\\\/alfadescompte.ad\\\/#\\\/schema\\\/logo\\\/image\\\/\",\"url\":\"https:\\\/\\\/alfadescompte.ad\\\/wp-content\\\/uploads\\\/2022\\\/04\\\/cropped-logo-alfa-1-1.png\",\"contentUrl\":\"https:\\\/\\\/alfadescompte.ad\\\/wp-content\\\/uploads\\\/2022\\\/04\\\/cropped-logo-alfa-1-1.png\",\"width\":424,\"height\":128,\"caption\":\"Alfa Descompte\"},\"image\":{\"@id\":\"https:\\\/\\\/alfadescompte.ad\\\/#\\\/schema\\\/logo\\\/image\\\/\"}}]}<\/script>\n<!-- \/ Yoast SEO plugin. -->","yoast_head_json":{"title":"Bitdefender Mobile Security for Android 2026 - 1 dispositivo - 1 a\u00f1o de suscripci\u00f3n - Alfa Descompte","robots":{"index":"index","follow":"follow","max-snippet":"max-snippet:-1","max-image-preview":"max-image-preview:large","max-video-preview":"max-video-preview:-1"},"canonical":"https:\/\/alfadescompte.ad\/es\/producto-2\/bitdefender-mobile-security-pour-android-1-poste-1-an\/","og_locale":"es_ES","og_type":"article","og_title":"Bitdefender Mobile Security pour Android 2026 - 1 appareil - Abonnement 1 an - Alfa Descompte","og_description":"Antimalware  Audit de s\u00e9curit\u00e9  Antivol  Acheter et T\u00e9l\u00e9charger Bitdefender Mobile Security  Apr\u00e8s avoir pass\u00e9 votre commande et dans les\u00a024 heures, vous recevrez :   Le code de la cl\u00e9 d'activation de Bitdefender Mobile Security\u00a02022-2023  Le lien de t\u00e9l\u00e9chargement pour Bitdefender Mobile Security\u00a02022-2023  Les guides d\u2019installation et d\u2019activation  Notre service client\u00e8le est disponible 7\/7 jours","og_url":"https:\/\/alfadescompte.ad\/es\/producto-2\/bitdefender-mobile-security-pour-android-1-poste-1-an\/","og_site_name":"Alfa Descompte","article_modified_time":"2026-03-03T09:57:22+00:00","og_image":[{"width":1024,"height":1024,"url":"https:\/\/alfadescompte.ad\/wp-content\/uploads\/2022\/09\/ChatGPT-Image-3-mars-2026-10_56_59.png","type":"image\/png"}],"twitter_card":"summary_large_image","twitter_misc":{"Tiempo de lectura":"2 minutos"},"schema":{"@context":"https:\/\/schema.org","@graph":[{"@type":"WebPage","@id":"https:\/\/alfadescompte.ad\/produit\/bitdefender-mobile-security-pour-android-1-poste-1-an\/","url":"https:\/\/alfadescompte.ad\/produit\/bitdefender-mobile-security-pour-android-1-poste-1-an\/","name":"Bitdefender Mobile Security for Android 2026 - 1 dispositivo - 1 a\u00f1o de suscripci\u00f3n - Alfa Descompte","isPartOf":{"@id":"https:\/\/alfadescompte.ad\/#website"},"primaryImageOfPage":{"@id":"https:\/\/alfadescompte.ad\/produit\/bitdefender-mobile-security-pour-android-1-poste-1-an\/#primaryimage"},"image":{"@id":"https:\/\/alfadescompte.ad\/produit\/bitdefender-mobile-security-pour-android-1-poste-1-an\/#primaryimage"},"thumbnailUrl":"https:\/\/alfadescompte.ad\/wp-content\/uploads\/2022\/09\/ChatGPT-Image-3-mars-2026-10_56_59.png","datePublished":"2022-09-28T14:01:52+00:00","dateModified":"2026-03-03T09:57:22+00:00","breadcrumb":{"@id":"https:\/\/alfadescompte.ad\/produit\/bitdefender-mobile-security-pour-android-1-poste-1-an\/#breadcrumb"},"inLanguage":"es","potentialAction":[{"@type":"ReadAction","target":["https:\/\/alfadescompte.ad\/produit\/bitdefender-mobile-security-pour-android-1-poste-1-an\/"]}]},{"@type":"ImageObject","inLanguage":"es","@id":"https:\/\/alfadescompte.ad\/produit\/bitdefender-mobile-security-pour-android-1-poste-1-an\/#primaryimage","url":"https:\/\/alfadescompte.ad\/wp-content\/uploads\/2022\/09\/ChatGPT-Image-3-mars-2026-10_56_59.png","contentUrl":"https:\/\/alfadescompte.ad\/wp-content\/uploads\/2022\/09\/ChatGPT-Image-3-mars-2026-10_56_59.png","width":1024,"height":1024},{"@type":"BreadcrumbList","@id":"https:\/\/alfadescompte.ad\/produit\/bitdefender-mobile-security-pour-android-1-poste-1-an\/#breadcrumb","itemListElement":[{"@type":"ListItem","position":1,"name":"Accueil","item":"https:\/\/alfadescompte.ad\/fr\/"},{"@type":"ListItem","position":2,"name":"Boutique","item":"https:\/\/alfadescompte.ad\/en\/boutique\/"},{"@type":"ListItem","position":3,"name":"Bitdefender Mobile Security pour Android 2026 &#8211; 1 appareil &#8211; Abonnement 1 an"}]},{"@type":"WebSite","@id":"https:\/\/alfadescompte.ad\/#website","url":"https:\/\/alfadescompte.ad\/","name":"Alfa Descompte","description":"","publisher":{"@id":"https:\/\/alfadescompte.ad\/#organization"},"potentialAction":[{"@type":"SearchAction","target":{"@type":"EntryPoint","urlTemplate":"https:\/\/alfadescompte.ad\/?s={search_term_string}"},"query-input":{"@type":"PropertyValueSpecification","valueRequired":true,"valueName":"search_term_string"}}],"inLanguage":"es"},{"@type":"Organization","@id":"https:\/\/alfadescompte.ad\/#organization","name":"Alfa Descompte","url":"https:\/\/alfadescompte.ad\/","logo":{"@type":"ImageObject","inLanguage":"es","@id":"https:\/\/alfadescompte.ad\/#\/schema\/logo\/image\/","url":"https:\/\/alfadescompte.ad\/wp-content\/uploads\/2022\/04\/cropped-logo-alfa-1-1.png","contentUrl":"https:\/\/alfadescompte.ad\/wp-content\/uploads\/2022\/04\/cropped-logo-alfa-1-1.png","width":424,"height":128,"caption":"Alfa Descompte"},"image":{"@id":"https:\/\/alfadescompte.ad\/#\/schema\/logo\/image\/"}}]}},"_links":{"self":[{"href":"https:\/\/alfadescompte.ad\/es\/wp-json\/wp\/v2\/product\/50382","targetHints":{"allow":["GET"]}}],"collection":[{"href":"https:\/\/alfadescompte.ad\/es\/wp-json\/wp\/v2\/product"}],"about":[{"href":"https:\/\/alfadescompte.ad\/es\/wp-json\/wp\/v2\/types\/product"}],"replies":[{"embeddable":true,"href":"https:\/\/alfadescompte.ad\/es\/wp-json\/wp\/v2\/comments?post=50382"}],"wp:featuredmedia":[{"embeddable":true,"href":"https:\/\/alfadescompte.ad\/es\/wp-json\/wp\/v2\/media\/55806"}],"wp:attachment":[{"href":"https:\/\/alfadescompte.ad\/es\/wp-json\/wp\/v2\/media?parent=50382"}],"wp:term":[{"taxonomy":"product_brand","embeddable":true,"href":"https:\/\/alfadescompte.ad\/es\/wp-json\/wp\/v2\/product_brand?post=50382"},{"taxonomy":"product_cat","embeddable":true,"href":"https:\/\/alfadescompte.ad\/es\/wp-json\/wp\/v2\/product_cat?post=50382"},{"taxonomy":"product_tag","embeddable":true,"href":"https:\/\/alfadescompte.ad\/es\/wp-json\/wp\/v2\/product_tag?post=50382"}],"curies":[{"name":"wp","href":"https:\/\/api.w.org\/{rel}","templated":true}]}}