{"id":50397,"date":"2022-09-28T17:10:20","date_gmt":"2022-09-28T15:10:20","guid":{"rendered":"https:\/\/alfadescompte.ad\/?post_type=product&#038;p=50397"},"modified":"2026-03-02T17:59:10","modified_gmt":"2026-03-02T16:59:10","slug":"bitdefender-total-security-vpn-premium-10-postes-1-an","status":"publish","type":"product","link":"https:\/\/alfadescompte.ad\/es\/producto-2\/bitdefender-total-security-vpn-premium-10-postes-1-an\/","title":{"rendered":"Bitdefender Total Security &amp; VPN Premium 2026 - 10 estaciones de trabajo - 1 a\u00f1o"},"content":{"rendered":"<div id=\"product-item-desc-full\">\n<div class=\"tabsContent\">\n<div id=\"page_0\" class=\"page\">\n<p>Bitdefender Total Security &amp; VPN Premium protege todos sus dispositivos en Windows, macOS, iOS y Android. Las galardonadas tecnolog\u00edas de Bitdefender le ofrecen el m\u00e1ximo nivel de protecci\u00f3n frente a todo tipo de amenazas online, incluido el ransomware, sin ralentizar en ning\u00fan momento sus dispositivos.<\/p>\n<p>Tambi\u00e9n incluye VPN Premium, compatible con todos tus dispositivos, para una navegaci\u00f3n segura e ilimitada por Internet. Preserva tu anonimato y tus datos, incluso en redes Wi-Fi p\u00fablicas.<\/p>\n<h2>Caracter\u00edsticas<\/h2>\n<h3>Antivirus inteligente<\/h3>\n<p>Protege tus dispositivos y datos de virus y ransomware.<\/p>\n<h3>Protecci\u00f3n en Internet<\/h3>\n<p>Bloquea el fraude, el phishing y otras amenazas.<\/p>\n<h3>Protecci\u00f3n de la c\u00e1mara web y el micr\u00f3fono<\/h3>\n<p>Asegura el acceso a la c\u00e1mara desde tu ordenador.<\/p>\n<h3>Control parental<\/h3>\n<p>Supervisa la actividad en l\u00ednea de tus hijos y sus dispositivos.<\/p>\n<h3>Cortafuegos<\/h3>\n<p>Bloquea los intentos de intrusi\u00f3n y filtra el tr\u00e1fico de su red.<\/p>\n<h3>Optimizaci\u00f3n del PC<\/h3>\n<p>Mejora el rendimiento con un clic.<\/p>\n<h3>Antirrobo<\/h3>\n<p>Protege tus dispositivos y datos en caso de robo o p\u00e9rdida.<\/p>\n<h3>Protecci\u00f3n multidispositivo<\/h3>\n<p>Tambi\u00e9n protege tus dispositivos macOS, iOS y Android.<\/p>\n<h3>VPN ilimitada<\/h3>\n<p>Asegura tus conexiones en todos tus dispositivos.<\/p>\n<h3>Anonimato total<\/h3>\n<p>Preserva tu anonimato y privacidad en la red.<\/p>\n<h3>Acceso a contenidos geobloqueados<\/h3>\n<p>Eludir las prohibiciones geogr\u00e1ficas.<\/p>\n<\/div>\n<\/div>\n<\/div>\n<h2 class=\"item-title\">CONFIGURACI\u00d3N<\/h2>\n<div class=\"content\">\n<div id=\"product-item-configuration\">\n<ul class=\"plateforme\">\n<li>Plataforma: Windows 11, 10, 8.1, 7 (SP1) - macOS Sierra (10.12) o posterior - Android 5.0 o posterior - iOS 12 o posterior<\/li>\n<\/ul>\n<p>Requisitos del sistema para PC<\/p>\n<ul>\n<li>Windows 10, Windows 8 y 8.1, Windows 7 (SP1)<\/li>\n<li>Procesador: Intel CORE 2 Duo (2 GHz) o procesador equivalente<\/li>\n<li>Memoria (RAM): 2 GB<\/li>\n<li>Espacio disponible en disco: 2,5 GB<\/li>\n<\/ul>\n<p>Requisitos del sistema para Android<\/p>\n<ul>\n<li>Android 5.0 o superior<\/li>\n<\/ul>\n<p>Requisitos del sistema para Mac<\/p>\n<ul>\n<li>Mac OS X 10.10 o superior<\/li>\n<li>Procesador Intel<\/li>\n<li>Memoria (RAM): 1 GB<\/li>\n<\/ul>\n<\/div>\n<\/div>","protected":false},"excerpt":{"rendered":"<p><img decoding=\"async\" src=\"https:\/\/www.minutesoft.com\/img\/cms\/reassurance\/logo-partner-bitdefender.png\" \/><\/p>\n<p>Comprar y descargar Total Security &amp; VPN Premium<\/p>\n<p>Despu\u00e9s de hacer su pedido y dentro de<strong>\u00a024 horas<\/strong>Usted recibir\u00e1 :<\/p>\n<ul>\n<li>C\u00f3digo clave de activaci\u00f3n de Total Security &amp; VPN Premium<strong>\u00a02022-2023<\/strong><\/li>\n<li>El enlace de descarga de Total Security &amp; VPN Premium<strong>\u00a02022-2023<\/strong><\/li>\n<li>Gu\u00edas de instalaci\u00f3n y activaci\u00f3n<\/li>\n<\/ul>\n<p>Nuestro servicio de atenci\u00f3n al cliente est\u00e1 disponible los 7 d\u00edas de la semana<\/p>","protected":false},"featured_media":51920,"comment_status":"open","ping_status":"closed","template":"","meta":[],"product_brand":[],"product_cat":[189,1411,20],"product_tag":[],"class_list":{"0":"post-50397","1":"product","2":"type-product","3":"status-publish","4":"has-post-thumbnail","6":"product_cat-bitdefender-products","7":"product_cat-total-security-vpn-premium","8":"product_cat-securite","10":"first","11":"instock","12":"sale","13":"downloadable","14":"virtual","15":"purchasable","16":"product-type-simple","17":"czr-hentry"},"yoast_head":"<!-- This site is optimized with the Yoast SEO plugin v27.4 - https:\/\/yoast.com\/product\/yoast-seo-wordpress\/ -->\n<title>Bitdefender Total Security &amp; VPN Premium 2026 - 10 postes - 1 an - Alfa Descompte<\/title>\n<meta name=\"robots\" content=\"index, follow, max-snippet:-1, max-image-preview:large, max-video-preview:-1\" \/>\n<link rel=\"canonical\" href=\"https:\/\/alfadescompte.ad\/es\/producto-2\/bitdefender-total-security-vpn-premium-10-postes-1-an\/\" \/>\n<meta property=\"og:locale\" content=\"es_ES\" \/>\n<meta property=\"og:type\" content=\"article\" \/>\n<meta property=\"og:title\" content=\"Bitdefender Total Security &amp; VPN Premium 2026 - 10 postes - 1 an - Alfa Descompte\" \/>\n<meta property=\"og:description\" content=\"Acheter et T\u00e9l\u00e9charger Total Security &amp; VPN Premium  Apr\u00e8s avoir pass\u00e9 votre commande et dans les\u00a024 heures, vous recevrez :   Le code de la cl\u00e9 d&#039;activation de Total Security &amp; VPN Premium\u00a02022-2023  Le lien de t\u00e9l\u00e9chargement pour Total Security &amp; VPN Premium\u00a02022-2023  Les guides d\u2019installation et d\u2019activation  Notre service client\u00e8le est disponible 7\/7 jours\" \/>\n<meta property=\"og:url\" content=\"https:\/\/alfadescompte.ad\/es\/producto-2\/bitdefender-total-security-vpn-premium-10-postes-1-an\/\" \/>\n<meta property=\"og:site_name\" content=\"Alfa Descompte\" \/>\n<meta property=\"article:modified_time\" content=\"2026-03-02T16:59:10+00:00\" \/>\n<meta property=\"og:image\" content=\"https:\/\/alfadescompte.ad\/wp-content\/uploads\/2022\/09\/Erika-30.png\" \/>\n\t<meta property=\"og:image:width\" content=\"800\" \/>\n\t<meta property=\"og:image:height\" content=\"800\" \/>\n\t<meta property=\"og:image:type\" content=\"image\/png\" \/>\n<meta name=\"twitter:card\" content=\"summary_large_image\" \/>\n<meta name=\"twitter:label1\" content=\"Tiempo de lectura\" \/>\n\t<meta name=\"twitter:data1\" content=\"2 minutos\" \/>\n<script type=\"application\/ld+json\" class=\"yoast-schema-graph\">{\"@context\":\"https:\\\/\\\/schema.org\",\"@graph\":[{\"@type\":\"WebPage\",\"@id\":\"https:\\\/\\\/alfadescompte.ad\\\/produit\\\/bitdefender-total-security-vpn-premium-10-postes-1-an\\\/\",\"url\":\"https:\\\/\\\/alfadescompte.ad\\\/produit\\\/bitdefender-total-security-vpn-premium-10-postes-1-an\\\/\",\"name\":\"Bitdefender Total Security & VPN Premium 2026 - 10 postes - 1 an - Alfa Descompte\",\"isPartOf\":{\"@id\":\"https:\\\/\\\/alfadescompte.ad\\\/#website\"},\"primaryImageOfPage\":{\"@id\":\"https:\\\/\\\/alfadescompte.ad\\\/produit\\\/bitdefender-total-security-vpn-premium-10-postes-1-an\\\/#primaryimage\"},\"image\":{\"@id\":\"https:\\\/\\\/alfadescompte.ad\\\/produit\\\/bitdefender-total-security-vpn-premium-10-postes-1-an\\\/#primaryimage\"},\"thumbnailUrl\":\"https:\\\/\\\/alfadescompte.ad\\\/wp-content\\\/uploads\\\/2022\\\/09\\\/Erika-30.png\",\"datePublished\":\"2022-09-28T15:10:20+00:00\",\"dateModified\":\"2026-03-02T16:59:10+00:00\",\"breadcrumb\":{\"@id\":\"https:\\\/\\\/alfadescompte.ad\\\/produit\\\/bitdefender-total-security-vpn-premium-10-postes-1-an\\\/#breadcrumb\"},\"inLanguage\":\"es\",\"potentialAction\":[{\"@type\":\"ReadAction\",\"target\":[\"https:\\\/\\\/alfadescompte.ad\\\/produit\\\/bitdefender-total-security-vpn-premium-10-postes-1-an\\\/\"]}]},{\"@type\":\"ImageObject\",\"inLanguage\":\"es\",\"@id\":\"https:\\\/\\\/alfadescompte.ad\\\/produit\\\/bitdefender-total-security-vpn-premium-10-postes-1-an\\\/#primaryimage\",\"url\":\"https:\\\/\\\/alfadescompte.ad\\\/wp-content\\\/uploads\\\/2022\\\/09\\\/Erika-30.png\",\"contentUrl\":\"https:\\\/\\\/alfadescompte.ad\\\/wp-content\\\/uploads\\\/2022\\\/09\\\/Erika-30.png\",\"width\":800,\"height\":800},{\"@type\":\"BreadcrumbList\",\"@id\":\"https:\\\/\\\/alfadescompte.ad\\\/produit\\\/bitdefender-total-security-vpn-premium-10-postes-1-an\\\/#breadcrumb\",\"itemListElement\":[{\"@type\":\"ListItem\",\"position\":1,\"name\":\"Accueil\",\"item\":\"https:\\\/\\\/alfadescompte.ad\\\/fr\\\/\"},{\"@type\":\"ListItem\",\"position\":2,\"name\":\"Boutique\",\"item\":\"https:\\\/\\\/alfadescompte.ad\\\/en\\\/boutique\\\/\"},{\"@type\":\"ListItem\",\"position\":3,\"name\":\"Bitdefender Total Security &#038; VPN Premium 2026 &#8211; 10 postes &#8211; 1 an\"}]},{\"@type\":\"WebSite\",\"@id\":\"https:\\\/\\\/alfadescompte.ad\\\/#website\",\"url\":\"https:\\\/\\\/alfadescompte.ad\\\/\",\"name\":\"Alfa Descompte\",\"description\":\"\",\"publisher\":{\"@id\":\"https:\\\/\\\/alfadescompte.ad\\\/#organization\"},\"potentialAction\":[{\"@type\":\"SearchAction\",\"target\":{\"@type\":\"EntryPoint\",\"urlTemplate\":\"https:\\\/\\\/alfadescompte.ad\\\/?s={search_term_string}\"},\"query-input\":{\"@type\":\"PropertyValueSpecification\",\"valueRequired\":true,\"valueName\":\"search_term_string\"}}],\"inLanguage\":\"es\"},{\"@type\":\"Organization\",\"@id\":\"https:\\\/\\\/alfadescompte.ad\\\/#organization\",\"name\":\"Alfa Descompte\",\"url\":\"https:\\\/\\\/alfadescompte.ad\\\/\",\"logo\":{\"@type\":\"ImageObject\",\"inLanguage\":\"es\",\"@id\":\"https:\\\/\\\/alfadescompte.ad\\\/#\\\/schema\\\/logo\\\/image\\\/\",\"url\":\"https:\\\/\\\/alfadescompte.ad\\\/wp-content\\\/uploads\\\/2022\\\/04\\\/cropped-logo-alfa-1-1.png\",\"contentUrl\":\"https:\\\/\\\/alfadescompte.ad\\\/wp-content\\\/uploads\\\/2022\\\/04\\\/cropped-logo-alfa-1-1.png\",\"width\":424,\"height\":128,\"caption\":\"Alfa Descompte\"},\"image\":{\"@id\":\"https:\\\/\\\/alfadescompte.ad\\\/#\\\/schema\\\/logo\\\/image\\\/\"}}]}<\/script>\n<!-- \/ Yoast SEO plugin. -->","yoast_head_json":{"title":"Bitdefender Total Security &amp; VPN Premium 2026 - 10 estaciones de trabajo - 1 a\u00f1o - Alfa Descompte","robots":{"index":"index","follow":"follow","max-snippet":"max-snippet:-1","max-image-preview":"max-image-preview:large","max-video-preview":"max-video-preview:-1"},"canonical":"https:\/\/alfadescompte.ad\/es\/producto-2\/bitdefender-total-security-vpn-premium-10-postes-1-an\/","og_locale":"es_ES","og_type":"article","og_title":"Bitdefender Total Security & VPN Premium 2026 - 10 postes - 1 an - Alfa Descompte","og_description":"Acheter et T\u00e9l\u00e9charger Total Security &amp; VPN Premium  Apr\u00e8s avoir pass\u00e9 votre commande et dans les\u00a024 heures, vous recevrez :   Le code de la cl\u00e9 d'activation de Total Security &amp; VPN Premium\u00a02022-2023  Le lien de t\u00e9l\u00e9chargement pour Total Security &amp; VPN Premium\u00a02022-2023  Les guides d\u2019installation et d\u2019activation  Notre service client\u00e8le est disponible 7\/7 jours","og_url":"https:\/\/alfadescompte.ad\/es\/producto-2\/bitdefender-total-security-vpn-premium-10-postes-1-an\/","og_site_name":"Alfa Descompte","article_modified_time":"2026-03-02T16:59:10+00:00","og_image":[{"width":800,"height":800,"url":"https:\/\/alfadescompte.ad\/wp-content\/uploads\/2022\/09\/Erika-30.png","type":"image\/png"}],"twitter_card":"summary_large_image","twitter_misc":{"Tiempo de lectura":"2 minutos"},"schema":{"@context":"https:\/\/schema.org","@graph":[{"@type":"WebPage","@id":"https:\/\/alfadescompte.ad\/produit\/bitdefender-total-security-vpn-premium-10-postes-1-an\/","url":"https:\/\/alfadescompte.ad\/produit\/bitdefender-total-security-vpn-premium-10-postes-1-an\/","name":"Bitdefender Total Security &amp; VPN Premium 2026 - 10 estaciones de trabajo - 1 a\u00f1o - Alfa Descompte","isPartOf":{"@id":"https:\/\/alfadescompte.ad\/#website"},"primaryImageOfPage":{"@id":"https:\/\/alfadescompte.ad\/produit\/bitdefender-total-security-vpn-premium-10-postes-1-an\/#primaryimage"},"image":{"@id":"https:\/\/alfadescompte.ad\/produit\/bitdefender-total-security-vpn-premium-10-postes-1-an\/#primaryimage"},"thumbnailUrl":"https:\/\/alfadescompte.ad\/wp-content\/uploads\/2022\/09\/Erika-30.png","datePublished":"2022-09-28T15:10:20+00:00","dateModified":"2026-03-02T16:59:10+00:00","breadcrumb":{"@id":"https:\/\/alfadescompte.ad\/produit\/bitdefender-total-security-vpn-premium-10-postes-1-an\/#breadcrumb"},"inLanguage":"es","potentialAction":[{"@type":"ReadAction","target":["https:\/\/alfadescompte.ad\/produit\/bitdefender-total-security-vpn-premium-10-postes-1-an\/"]}]},{"@type":"ImageObject","inLanguage":"es","@id":"https:\/\/alfadescompte.ad\/produit\/bitdefender-total-security-vpn-premium-10-postes-1-an\/#primaryimage","url":"https:\/\/alfadescompte.ad\/wp-content\/uploads\/2022\/09\/Erika-30.png","contentUrl":"https:\/\/alfadescompte.ad\/wp-content\/uploads\/2022\/09\/Erika-30.png","width":800,"height":800},{"@type":"BreadcrumbList","@id":"https:\/\/alfadescompte.ad\/produit\/bitdefender-total-security-vpn-premium-10-postes-1-an\/#breadcrumb","itemListElement":[{"@type":"ListItem","position":1,"name":"Accueil","item":"https:\/\/alfadescompte.ad\/fr\/"},{"@type":"ListItem","position":2,"name":"Boutique","item":"https:\/\/alfadescompte.ad\/en\/boutique\/"},{"@type":"ListItem","position":3,"name":"Bitdefender Total Security &#038; VPN Premium 2026 &#8211; 10 postes &#8211; 1 an"}]},{"@type":"WebSite","@id":"https:\/\/alfadescompte.ad\/#website","url":"https:\/\/alfadescompte.ad\/","name":"Alfa Descompte","description":"","publisher":{"@id":"https:\/\/alfadescompte.ad\/#organization"},"potentialAction":[{"@type":"SearchAction","target":{"@type":"EntryPoint","urlTemplate":"https:\/\/alfadescompte.ad\/?s={search_term_string}"},"query-input":{"@type":"PropertyValueSpecification","valueRequired":true,"valueName":"search_term_string"}}],"inLanguage":"es"},{"@type":"Organization","@id":"https:\/\/alfadescompte.ad\/#organization","name":"Alfa Descompte","url":"https:\/\/alfadescompte.ad\/","logo":{"@type":"ImageObject","inLanguage":"es","@id":"https:\/\/alfadescompte.ad\/#\/schema\/logo\/image\/","url":"https:\/\/alfadescompte.ad\/wp-content\/uploads\/2022\/04\/cropped-logo-alfa-1-1.png","contentUrl":"https:\/\/alfadescompte.ad\/wp-content\/uploads\/2022\/04\/cropped-logo-alfa-1-1.png","width":424,"height":128,"caption":"Alfa Descompte"},"image":{"@id":"https:\/\/alfadescompte.ad\/#\/schema\/logo\/image\/"}}]}},"_links":{"self":[{"href":"https:\/\/alfadescompte.ad\/es\/wp-json\/wp\/v2\/product\/50397","targetHints":{"allow":["GET"]}}],"collection":[{"href":"https:\/\/alfadescompte.ad\/es\/wp-json\/wp\/v2\/product"}],"about":[{"href":"https:\/\/alfadescompte.ad\/es\/wp-json\/wp\/v2\/types\/product"}],"replies":[{"embeddable":true,"href":"https:\/\/alfadescompte.ad\/es\/wp-json\/wp\/v2\/comments?post=50397"}],"wp:featuredmedia":[{"embeddable":true,"href":"https:\/\/alfadescompte.ad\/es\/wp-json\/wp\/v2\/media\/51920"}],"wp:attachment":[{"href":"https:\/\/alfadescompte.ad\/es\/wp-json\/wp\/v2\/media?parent=50397"}],"wp:term":[{"taxonomy":"product_brand","embeddable":true,"href":"https:\/\/alfadescompte.ad\/es\/wp-json\/wp\/v2\/product_brand?post=50397"},{"taxonomy":"product_cat","embeddable":true,"href":"https:\/\/alfadescompte.ad\/es\/wp-json\/wp\/v2\/product_cat?post=50397"},{"taxonomy":"product_tag","embeddable":true,"href":"https:\/\/alfadescompte.ad\/es\/wp-json\/wp\/v2\/product_tag?post=50397"}],"curies":[{"name":"wp","href":"https:\/\/api.w.org\/{rel}","templated":true}]}}