{"id":50399,"date":"2022-09-29T08:23:34","date_gmt":"2022-09-29T06:23:34","guid":{"rendered":"https:\/\/alfadescompte.ad\/?post_type=product&#038;p=50399"},"modified":"2026-03-02T17:58:55","modified_gmt":"2026-03-02T16:58:55","slug":"bitdefender-vpn-premium-10-postes-1-an","status":"publish","type":"product","link":"https:\/\/alfadescompte.ad\/es\/producto-2\/bitdefender-vpn-premium-10-postes-1-an\/","title":{"rendered":"Bitdefender VPN Premium 2026 - 10 estaciones de trabajo - 1 a\u00f1o"},"content":{"rendered":"<div id=\"product-item-desc-full\">\n<div class=\"tabsContent\">\n<div id=\"page_0\" class=\"page\">\n<div id=\"product-item-desc-full\">\n<div class=\"tabsContent\">\n<div id=\"page_0\" class=\"page\">\n<p>Bitdefender Premium VPN es un servicio que le proporciona un completo anonimato en l\u00ednea cifrando todo el tr\u00e1fico hacia y desde su PC, Mac o dispositivos m\u00f3viles.<\/p>\n<h3>Mantenga su anonimato en Internet<\/h3>\n<p>La navegaci\u00f3n privada no es suficiente para mantener el anonimato. Con Bitdefender Premium VPN, su IP real desaparece por completo para que sea imposible rastrear sus actividades en l\u00ednea hasta usted. Estamos orgullosos de proteger su derecho a la privacidad y no guardamos ning\u00fan archivo de registro de su navegaci\u00f3n.<\/p>\n<h3>Acceda a contenidos de todo el mundo<\/h3>\n<p>Los gobiernos, las universidades e incluso algunos proveedores de Internet practican la censura en l\u00ednea bloqueando el acceso a determinados sitios o aplicaciones. Puede liberarse de estas restricciones regionales y explorar Internet en su totalidad con Bitdefender Premium VPN.<\/p>\n<h3>Compre en l\u00ednea al mejor precio<\/h3>\n<p>Muchos portales de viajes y compa\u00f1\u00edas a\u00e9reas utilizan precios din\u00e1micos para ajustar sus ofertas, lo que puede ir en detrimento de usted. El uso de Bitdefender Premium VPN tambi\u00e9n le permite conectarse a trav\u00e9s de diferentes pa\u00edses para encontrar la mejor oferta.<\/p>\n<h3>Asegura tu conexi\u00f3n en las redes p\u00fablicas<\/h3>\n<p>Las redes Wi-Fi p\u00fablicas, como las de los aeropuertos, los bares, los restaurantes y los centros comerciales, son los principales objetivos de los ciberdelincuentes. Active su VPN con un solo clic para asegurar su tr\u00e1fico con un cifrado de grado militar, haciendo imposible el acceso no deseado.<\/p>\n<h3>Desbloquear los servicios de streaming<\/h3>\n<p>Con Bitdefender Premium VPN, obtenga la mejor experiencia salt\u00e1ndose las limitaciones o restricciones de ancho de banda para disfrutar de sus v\u00eddeos o pel\u00edculas favoritas tranquilamente, sin tener que responder ante nadie.<\/p>\n<h3>Prot\u00e9jase contra los ataques y los hackers<\/h3>\n<p>Bitdefender Premium VPN le protege de los piratas inform\u00e1ticos y puede ser especialmente \u00fatil cuando est\u00e1 jugando en l\u00ednea y su oponente est\u00e1 tratando de obtener una ventaja sobre usted mediante m\u00e9todos poco ortodoxos, como los ataques DDoS para ralentizarle.<\/p>\n<\/div>\n<\/div>\n<\/div>\n<h2 class=\"item-title\">CONFIGURACI\u00d3N<\/h2>\n<div class=\"content\">\n<div id=\"product-item-configuration\">\n<ul class=\"plateforme\">\n<li>Plataforma: Windows 11, 10, 8 \/ macOS 10.12 o superior \/ iOS 12 o superior \/ Android 4.1 o superior<\/li>\n<\/ul>\n<p>Requisitos del sistema para Windows<\/p>\n<ul>\n<li>Procesador: 800 MHz<\/li>\n<li>Memoria RAM: 1 GB<\/li>\n<li>Espacio disponible en el disco: 500 MB<\/li>\n<\/ul>\n<\/div>\n<\/div>\n<\/div>\n<\/div>\n<\/div>","protected":false},"excerpt":{"rendered":"<p><img decoding=\"async\" src=\"https:\/\/www.minutesoft.com\/img\/cms\/reassurance\/logo-partner-bitdefender.png\" \/><\/p>\n<p>Comprar y descargar VPN Premium<\/p>\n<p>Despu\u00e9s de hacer su pedido y dentro de<strong>\u00a024 horas<\/strong>Usted recibir\u00e1 :<\/p>\n<ul>\n<li>C\u00f3digo de activaci\u00f3n de VPN Premium<strong>\u00a02022-2023<\/strong><\/li>\n<li>El enlace de descarga de Total VPN Premium<strong>\u00a02022-2023<\/strong><\/li>\n<li>Gu\u00edas de instalaci\u00f3n y activaci\u00f3n<\/li>\n<\/ul>\n<p>Nuestro servicio de atenci\u00f3n al cliente est\u00e1 disponible los 7 d\u00edas de la semana<\/p>","protected":false},"featured_media":51928,"comment_status":"open","ping_status":"closed","template":"","meta":[],"product_brand":[],"product_cat":[189,1411,1417,20],"product_tag":[],"class_list":{"0":"post-50399","1":"product","2":"type-product","3":"status-publish","4":"has-post-thumbnail","6":"product_cat-bitdefender-products","7":"product_cat-total-security-vpn-premium","8":"product_cat-bitdefender-vpn-premium","9":"product_cat-securite","11":"first","12":"instock","13":"sale","14":"downloadable","15":"virtual","16":"purchasable","17":"product-type-simple","18":"czr-hentry"},"yoast_head":"<!-- This site is optimized with the Yoast SEO plugin v27.4 - https:\/\/yoast.com\/product\/yoast-seo-wordpress\/ -->\n<title>Bitdefender VPN Premium 2026 - 10 postes - 1 an - Alfa Descompte<\/title>\n<meta name=\"robots\" content=\"index, follow, max-snippet:-1, max-image-preview:large, max-video-preview:-1\" \/>\n<link rel=\"canonical\" href=\"https:\/\/alfadescompte.ad\/es\/producto-2\/bitdefender-vpn-premium-10-postes-1-an\/\" \/>\n<meta property=\"og:locale\" content=\"es_ES\" \/>\n<meta property=\"og:type\" content=\"article\" \/>\n<meta property=\"og:title\" content=\"Bitdefender VPN Premium 2026 - 10 postes - 1 an - Alfa Descompte\" \/>\n<meta property=\"og:description\" content=\"Acheter et T\u00e9l\u00e9charger VPN Premium  Apr\u00e8s avoir pass\u00e9 votre commande et dans les\u00a024 heures, vous recevrez :   Le code de la cl\u00e9 d&#039;activation de VPN Premium\u00a02022-2023  Le lien de t\u00e9l\u00e9chargement pour Total VPN Premium\u00a02022-2023  Les guides d\u2019installation et d\u2019activation  Notre service client\u00e8le est disponible 7\/7 jours\" \/>\n<meta property=\"og:url\" content=\"https:\/\/alfadescompte.ad\/es\/producto-2\/bitdefender-vpn-premium-10-postes-1-an\/\" \/>\n<meta property=\"og:site_name\" content=\"Alfa Descompte\" \/>\n<meta property=\"article:modified_time\" content=\"2026-03-02T16:58:55+00:00\" \/>\n<meta property=\"og:image\" content=\"https:\/\/alfadescompte.ad\/wp-content\/uploads\/2022\/09\/Erika-34.png\" \/>\n\t<meta property=\"og:image:width\" content=\"800\" \/>\n\t<meta property=\"og:image:height\" content=\"800\" \/>\n\t<meta property=\"og:image:type\" content=\"image\/png\" \/>\n<meta name=\"twitter:card\" content=\"summary_large_image\" \/>\n<meta name=\"twitter:label1\" content=\"Tiempo de lectura\" \/>\n\t<meta name=\"twitter:data1\" content=\"3 minutos\" \/>\n<script type=\"application\/ld+json\" class=\"yoast-schema-graph\">{\"@context\":\"https:\\\/\\\/schema.org\",\"@graph\":[{\"@type\":\"WebPage\",\"@id\":\"https:\\\/\\\/alfadescompte.ad\\\/produit\\\/bitdefender-vpn-premium-10-postes-1-an\\\/\",\"url\":\"https:\\\/\\\/alfadescompte.ad\\\/produit\\\/bitdefender-vpn-premium-10-postes-1-an\\\/\",\"name\":\"Bitdefender VPN Premium 2026 - 10 postes - 1 an - Alfa Descompte\",\"isPartOf\":{\"@id\":\"https:\\\/\\\/alfadescompte.ad\\\/#website\"},\"primaryImageOfPage\":{\"@id\":\"https:\\\/\\\/alfadescompte.ad\\\/produit\\\/bitdefender-vpn-premium-10-postes-1-an\\\/#primaryimage\"},\"image\":{\"@id\":\"https:\\\/\\\/alfadescompte.ad\\\/produit\\\/bitdefender-vpn-premium-10-postes-1-an\\\/#primaryimage\"},\"thumbnailUrl\":\"https:\\\/\\\/alfadescompte.ad\\\/wp-content\\\/uploads\\\/2022\\\/09\\\/Erika-34.png\",\"datePublished\":\"2022-09-29T06:23:34+00:00\",\"dateModified\":\"2026-03-02T16:58:55+00:00\",\"breadcrumb\":{\"@id\":\"https:\\\/\\\/alfadescompte.ad\\\/produit\\\/bitdefender-vpn-premium-10-postes-1-an\\\/#breadcrumb\"},\"inLanguage\":\"es\",\"potentialAction\":[{\"@type\":\"ReadAction\",\"target\":[\"https:\\\/\\\/alfadescompte.ad\\\/produit\\\/bitdefender-vpn-premium-10-postes-1-an\\\/\"]}]},{\"@type\":\"ImageObject\",\"inLanguage\":\"es\",\"@id\":\"https:\\\/\\\/alfadescompte.ad\\\/produit\\\/bitdefender-vpn-premium-10-postes-1-an\\\/#primaryimage\",\"url\":\"https:\\\/\\\/alfadescompte.ad\\\/wp-content\\\/uploads\\\/2022\\\/09\\\/Erika-34.png\",\"contentUrl\":\"https:\\\/\\\/alfadescompte.ad\\\/wp-content\\\/uploads\\\/2022\\\/09\\\/Erika-34.png\",\"width\":800,\"height\":800},{\"@type\":\"BreadcrumbList\",\"@id\":\"https:\\\/\\\/alfadescompte.ad\\\/produit\\\/bitdefender-vpn-premium-10-postes-1-an\\\/#breadcrumb\",\"itemListElement\":[{\"@type\":\"ListItem\",\"position\":1,\"name\":\"Accueil\",\"item\":\"https:\\\/\\\/alfadescompte.ad\\\/fr\\\/\"},{\"@type\":\"ListItem\",\"position\":2,\"name\":\"Boutique\",\"item\":\"https:\\\/\\\/alfadescompte.ad\\\/en\\\/boutique\\\/\"},{\"@type\":\"ListItem\",\"position\":3,\"name\":\"Bitdefender VPN Premium 2026 &#8211; 10 postes &#8211; 1 an\"}]},{\"@type\":\"WebSite\",\"@id\":\"https:\\\/\\\/alfadescompte.ad\\\/#website\",\"url\":\"https:\\\/\\\/alfadescompte.ad\\\/\",\"name\":\"Alfa Descompte\",\"description\":\"\",\"publisher\":{\"@id\":\"https:\\\/\\\/alfadescompte.ad\\\/#organization\"},\"potentialAction\":[{\"@type\":\"SearchAction\",\"target\":{\"@type\":\"EntryPoint\",\"urlTemplate\":\"https:\\\/\\\/alfadescompte.ad\\\/?s={search_term_string}\"},\"query-input\":{\"@type\":\"PropertyValueSpecification\",\"valueRequired\":true,\"valueName\":\"search_term_string\"}}],\"inLanguage\":\"es\"},{\"@type\":\"Organization\",\"@id\":\"https:\\\/\\\/alfadescompte.ad\\\/#organization\",\"name\":\"Alfa Descompte\",\"url\":\"https:\\\/\\\/alfadescompte.ad\\\/\",\"logo\":{\"@type\":\"ImageObject\",\"inLanguage\":\"es\",\"@id\":\"https:\\\/\\\/alfadescompte.ad\\\/#\\\/schema\\\/logo\\\/image\\\/\",\"url\":\"https:\\\/\\\/alfadescompte.ad\\\/wp-content\\\/uploads\\\/2022\\\/04\\\/cropped-logo-alfa-1-1.png\",\"contentUrl\":\"https:\\\/\\\/alfadescompte.ad\\\/wp-content\\\/uploads\\\/2022\\\/04\\\/cropped-logo-alfa-1-1.png\",\"width\":424,\"height\":128,\"caption\":\"Alfa Descompte\"},\"image\":{\"@id\":\"https:\\\/\\\/alfadescompte.ad\\\/#\\\/schema\\\/logo\\\/image\\\/\"}}]}<\/script>\n<!-- \/ Yoast SEO plugin. -->","yoast_head_json":{"title":"Bitdefender VPN Premium 2026 - 10 estaciones de trabajo - 1 a\u00f1o - Alfa Descompte","robots":{"index":"index","follow":"follow","max-snippet":"max-snippet:-1","max-image-preview":"max-image-preview:large","max-video-preview":"max-video-preview:-1"},"canonical":"https:\/\/alfadescompte.ad\/es\/producto-2\/bitdefender-vpn-premium-10-postes-1-an\/","og_locale":"es_ES","og_type":"article","og_title":"Bitdefender VPN Premium 2026 - 10 postes - 1 an - Alfa Descompte","og_description":"Acheter et T\u00e9l\u00e9charger VPN Premium  Apr\u00e8s avoir pass\u00e9 votre commande et dans les\u00a024 heures, vous recevrez :   Le code de la cl\u00e9 d'activation de VPN Premium\u00a02022-2023  Le lien de t\u00e9l\u00e9chargement pour Total VPN Premium\u00a02022-2023  Les guides d\u2019installation et d\u2019activation  Notre service client\u00e8le est disponible 7\/7 jours","og_url":"https:\/\/alfadescompte.ad\/es\/producto-2\/bitdefender-vpn-premium-10-postes-1-an\/","og_site_name":"Alfa Descompte","article_modified_time":"2026-03-02T16:58:55+00:00","og_image":[{"width":800,"height":800,"url":"https:\/\/alfadescompte.ad\/wp-content\/uploads\/2022\/09\/Erika-34.png","type":"image\/png"}],"twitter_card":"summary_large_image","twitter_misc":{"Tiempo de lectura":"3 minutos"},"schema":{"@context":"https:\/\/schema.org","@graph":[{"@type":"WebPage","@id":"https:\/\/alfadescompte.ad\/produit\/bitdefender-vpn-premium-10-postes-1-an\/","url":"https:\/\/alfadescompte.ad\/produit\/bitdefender-vpn-premium-10-postes-1-an\/","name":"Bitdefender VPN Premium 2026 - 10 estaciones de trabajo - 1 a\u00f1o - Alfa Descompte","isPartOf":{"@id":"https:\/\/alfadescompte.ad\/#website"},"primaryImageOfPage":{"@id":"https:\/\/alfadescompte.ad\/produit\/bitdefender-vpn-premium-10-postes-1-an\/#primaryimage"},"image":{"@id":"https:\/\/alfadescompte.ad\/produit\/bitdefender-vpn-premium-10-postes-1-an\/#primaryimage"},"thumbnailUrl":"https:\/\/alfadescompte.ad\/wp-content\/uploads\/2022\/09\/Erika-34.png","datePublished":"2022-09-29T06:23:34+00:00","dateModified":"2026-03-02T16:58:55+00:00","breadcrumb":{"@id":"https:\/\/alfadescompte.ad\/produit\/bitdefender-vpn-premium-10-postes-1-an\/#breadcrumb"},"inLanguage":"es","potentialAction":[{"@type":"ReadAction","target":["https:\/\/alfadescompte.ad\/produit\/bitdefender-vpn-premium-10-postes-1-an\/"]}]},{"@type":"ImageObject","inLanguage":"es","@id":"https:\/\/alfadescompte.ad\/produit\/bitdefender-vpn-premium-10-postes-1-an\/#primaryimage","url":"https:\/\/alfadescompte.ad\/wp-content\/uploads\/2022\/09\/Erika-34.png","contentUrl":"https:\/\/alfadescompte.ad\/wp-content\/uploads\/2022\/09\/Erika-34.png","width":800,"height":800},{"@type":"BreadcrumbList","@id":"https:\/\/alfadescompte.ad\/produit\/bitdefender-vpn-premium-10-postes-1-an\/#breadcrumb","itemListElement":[{"@type":"ListItem","position":1,"name":"Accueil","item":"https:\/\/alfadescompte.ad\/fr\/"},{"@type":"ListItem","position":2,"name":"Boutique","item":"https:\/\/alfadescompte.ad\/en\/boutique\/"},{"@type":"ListItem","position":3,"name":"Bitdefender VPN Premium 2026 &#8211; 10 postes &#8211; 1 an"}]},{"@type":"WebSite","@id":"https:\/\/alfadescompte.ad\/#website","url":"https:\/\/alfadescompte.ad\/","name":"Alfa Descompte","description":"","publisher":{"@id":"https:\/\/alfadescompte.ad\/#organization"},"potentialAction":[{"@type":"SearchAction","target":{"@type":"EntryPoint","urlTemplate":"https:\/\/alfadescompte.ad\/?s={search_term_string}"},"query-input":{"@type":"PropertyValueSpecification","valueRequired":true,"valueName":"search_term_string"}}],"inLanguage":"es"},{"@type":"Organization","@id":"https:\/\/alfadescompte.ad\/#organization","name":"Alfa Descompte","url":"https:\/\/alfadescompte.ad\/","logo":{"@type":"ImageObject","inLanguage":"es","@id":"https:\/\/alfadescompte.ad\/#\/schema\/logo\/image\/","url":"https:\/\/alfadescompte.ad\/wp-content\/uploads\/2022\/04\/cropped-logo-alfa-1-1.png","contentUrl":"https:\/\/alfadescompte.ad\/wp-content\/uploads\/2022\/04\/cropped-logo-alfa-1-1.png","width":424,"height":128,"caption":"Alfa Descompte"},"image":{"@id":"https:\/\/alfadescompte.ad\/#\/schema\/logo\/image\/"}}]}},"_links":{"self":[{"href":"https:\/\/alfadescompte.ad\/es\/wp-json\/wp\/v2\/product\/50399","targetHints":{"allow":["GET"]}}],"collection":[{"href":"https:\/\/alfadescompte.ad\/es\/wp-json\/wp\/v2\/product"}],"about":[{"href":"https:\/\/alfadescompte.ad\/es\/wp-json\/wp\/v2\/types\/product"}],"replies":[{"embeddable":true,"href":"https:\/\/alfadescompte.ad\/es\/wp-json\/wp\/v2\/comments?post=50399"}],"wp:featuredmedia":[{"embeddable":true,"href":"https:\/\/alfadescompte.ad\/es\/wp-json\/wp\/v2\/media\/51928"}],"wp:attachment":[{"href":"https:\/\/alfadescompte.ad\/es\/wp-json\/wp\/v2\/media?parent=50399"}],"wp:term":[{"taxonomy":"product_brand","embeddable":true,"href":"https:\/\/alfadescompte.ad\/es\/wp-json\/wp\/v2\/product_brand?post=50399"},{"taxonomy":"product_cat","embeddable":true,"href":"https:\/\/alfadescompte.ad\/es\/wp-json\/wp\/v2\/product_cat?post=50399"},{"taxonomy":"product_tag","embeddable":true,"href":"https:\/\/alfadescompte.ad\/es\/wp-json\/wp\/v2\/product_tag?post=50399"}],"curies":[{"name":"wp","href":"https:\/\/api.w.org\/{rel}","templated":true}]}}